{"id":51,"date":"2025-06-12T10:42:21","date_gmt":"2025-06-12T13:42:21","guid":{"rendered":"https:\/\/patagoniabooking.shop\/product\/winter-park-ski-principiantes\/"},"modified":"2026-04-10T10:26:01","modified_gmt":"2026-04-10T13:26:01","slug":"winter-park-ski-principiantes","status":"publish","type":"product","link":"https:\/\/patagoniabooking.com\/pt\/product\/iniciantes-em-esqui-em-winter-park\/","title":{"rendered":"Winter Park - Iniciantes no esqui"},"content":{"rendered":"<h2 class=\"ai-optimize-23\">Sinta a magia do inverno no Winter Park<\/h2>\n<p class=\"ai-optimize-24 ai-optimize-introduction\">Mergulhe em uma experi\u00eancia \u00fanica no Winter Park, localizado no encantador Cerro Otto, em Bariloche. \u00c9 o lugar ideal se voc\u00ea quiser experimentar esquiar pela primeira vez, cercado por uma natureza imponente e com total seguran\u00e7a.<\/p>\n<h3 class=\"ai-optimize-25\">Momentos-chave de sua experi\u00eancia<\/h3>\n<ul>\n<li class=\"ai-optimize-26\"><strong>Local de encontro:<\/strong> Come\u00e7amos a experi\u00eancia bem no centro de Bariloche.<\/li>\n<li class=\"ai-optimize-27\"><strong>Entrada para o complexo:<\/strong> O passeio inclui acesso ao telef\u00e9rico.<\/li>\n<li class=\"ai-optimize-28\"><strong>Hor\u00e1rios dispon\u00edveis:<\/strong> Escolha entre 9:30, 12:00 ou 14:00 para come\u00e7ar seu dia.<\/li>\n<li class=\"ai-optimize-29\"><strong>Kit de esqui completo:<\/strong> Inclu\u00edmos o aluguel de esquis, para que voc\u00ea s\u00f3 tenha que se preocupar em aproveitar a neve.<\/li>\n<li class=\"ai-optimize-30\"><strong>Aulas em grupo opcionais:<\/strong> Se voc\u00ea est\u00e1 apenas come\u00e7ando, nossos instrutores o acompanham passo a passo em um ambiente atencioso.<\/li>\n<li class=\"ai-optimize-31\"><strong>Extens\u00e3o da Promenade:<\/strong> Voc\u00ea pode optar por uma op\u00e7\u00e3o de tempo integral ou meio per\u00edodo, dependendo de sua prefer\u00eancia.<\/li>\n<li class=\"ai-optimize-32\"><strong>Idade sugerida:<\/strong> A partir dos 5 anos de idade, eles podem participar e receber seus acompanhantes com total tranquilidade.<\/li>\n<\/ul>\n<h3 class=\"ai-optimize-33\">O que \u00e9 oferecido e informa\u00e7\u00f5es relevantes<\/h3>\n<ul>\n<li class=\"ai-optimize-34\"><strong>Ele inclui:<\/strong> Aluguel de esquis, entrada no telef\u00e9rico e possibilidade de participar de aulas em grupo.<\/li>\n<li class=\"ai-optimize-35\"><strong>N\u00e3o inclu\u00eddo:<\/strong> Roupas e alimentos para neve, essenciais para seu bem-estar durante o passeio.<\/li>\n<\/ul>\n<h3 class=\"ai-optimize-36\">Validade dessa oportunidade \u00fanica<\/h3>\n<p class=\"ai-optimize-37\">Esta oferta especial se aplica de 15 de junho a 20 de agosto de 2026. Aproveite essa oportunidade para descobrir o esqui e transformar sua escapada em Bariloche em uma lembran\u00e7a inesquec\u00edvel com quem voc\u00ea mais ama.<\/p>\n<h3 class=\"ai-optimize-38\">Perguntas frequentes (FAQ)<\/h3>\n<ul>\n<li class=\"ai-optimize-39\"><strong>Quais s\u00e3o os hor\u00e1rios de partida?<\/strong>Voc\u00ea pode participar dos passeios das 9h30, 12h e 14h que partem do centro de Bariloche.<\/li>\n<li class=\"ai-optimize-40\"><strong>A partir de que idade voc\u00ea pode participar?<\/strong>A proposta \u00e9 adequada para crian\u00e7as a partir de 5 anos, e quem as acompanha tamb\u00e9m tem seu lugar.<\/li>\n<li class=\"ai-optimize-41\"><strong>Voc\u00eas incluem aulas de esqui?<\/strong>As aulas em grupo s\u00e3o opcionais; ideais se voc\u00ea quiser come\u00e7ar e se sentir confiante para aprender.<\/li>\n<li class=\"ai-optimize-42\"><strong>O que eu preciso levar?<\/strong>\u00c9 recomend\u00e1vel que voc\u00ea traga roupas quentes para neve e considere alimentos, pois esses itens n\u00e3o est\u00e3o inclu\u00eddos na experi\u00eancia.<\/li>\n<\/ul>\n<p class=\"ai-optimize-43\"><strong>Aviso importante<\/strong>Este passeio j\u00e1 est\u00e1 dispon\u00edvel para pr\u00e9-reserva. As sa\u00eddas operam de 15 de junho a 20 de agosto, sujeitas ao calend\u00e1rio sazonal.<\/p>","protected":false},"excerpt":{"rendered":"<p class=\"ai-optimize-6\">Experimente a aventura do Winter Park no Cerro Otto. Comece a esquiar com equipamento inclu\u00eddo e a possibilidade de adicionar aulas, desfrutando de um ambiente natural e seguro, ideal para quem est\u00e1 come\u00e7ando ou para quem procura uma atividade em fam\u00edlia.<\/p>","protected":false},"featured_media":377771,"comment_status":"open","ping_status":"closed","template":"","meta":[],"product_brand":[],"product_cat":[26,28,30,31,33,37,42,45],"product_tag":[],"class_list":{"0":"post-51","1":"product","2":"type-product","3":"status-publish","4":"has-post-thumbnail","6":"product_cat-adultos","7":"product_cat-aventura","8":"product_cat-con-traslado","9":"product_cat-familia","10":"product_cat-invierno","11":"product_cat-ninos","12":"product_cat-sin-comida","13":"product_cat-terrestre","15":"first","16":"instock","17":"virtual","18":"sold-individually","19":"purchasable","20":"product-type-booking"},"booking_location":"","booking_location_type":"","booking_duration":1,"booking_duration_unit":"hour","booking_buffer":0,"booking_cost":0,"booking_resources":[],"exclude_global_add_ons":false,"addons":[{"name":"ADU: Adulto","type":"input_multiplier","position":0,"required":false,"title_format":"label","default":"","description_enable":false,"description":"","placeholder_enable":false,"placeholder":"","display":"select","restrictions_type":"any_text","adjust_price":true,"price":"271200","price_type":"quantity_based","restrictions":false,"min":"0","max":"0","options":[],"id":1775737755},{"name":"MEN512 | 5 a 12","type":"input_multiplier","position":1,"required":false,"title_format":"label","default":"","description_enable":false,"description":"","placeholder_enable":false,"placeholder":"","display":"select","restrictions_type":"any_text","adjust_price":true,"price":"271200","price_type":"quantity_based","restrictions":false,"min":"0","max":"0","options":[],"id":1775737756}],"yoast_head":"<!-- This site is optimized with the Yoast SEO Premium plugin v25.2 (Yoast SEO v25.2) - https:\/\/yoast.com\/wordpress\/plugins\/seo\/ -->\n<title>Winter Park - Ski principiantes - Patagonia Booking<\/title>\n<meta name=\"robots\" content=\"index, follow, max-snippet:-1, max-image-preview:large, max-video-preview:-1\" \/>\n<link rel=\"canonical\" href=\"https:\/\/patagoniabooking.com\/pt\/product\/iniciantes-em-esqui-em-winter-park\/\" \/>\n<meta property=\"og:locale\" content=\"pt_BR\" \/>\n<meta property=\"og:type\" content=\"article\" \/>\n<meta property=\"og:title\" content=\"Winter Park - Ski principiantes\" \/>\n<meta property=\"og:description\" content=\"Viv\u00ed la aventura de Winter Park en el cerro Otto. Iniciate en el esqu\u00ed con equipo incluido y la posibilidad de sumar clases, disfrutando de un entorno natural y seguro, ideal para quienes reci\u00e9n empiezan o buscan una actividad en familia.\" \/>\n<meta property=\"og:url\" content=\"https:\/\/patagoniabooking.com\/pt\/product\/iniciantes-em-esqui-em-winter-park\/\" \/>\n<meta property=\"og:site_name\" content=\"Patagonia Booking\" \/>\n<meta property=\"article:modified_time\" content=\"2026-04-10T13:26:01+00:00\" \/>\n<meta property=\"og:image\" content=\"https:\/\/patagoniabooking.com\/wp-content\/uploads\/sites\/2\/2025\/06\/4-C-GFHGF-copia.jpg\" \/>\n\t<meta property=\"og:image:width\" content=\"992\" \/>\n\t<meta property=\"og:image:height\" content=\"1323\" \/>\n\t<meta property=\"og:image:type\" content=\"image\/jpeg\" \/>\n<meta name=\"twitter:card\" content=\"summary_large_image\" \/>\n<meta name=\"twitter:label1\" content=\"Pre\u00e7o\" \/>\n\t<meta name=\"twitter:data1\" content=\"&#036;271,200.00\" \/>\n\t<meta name=\"twitter:label2\" content=\"Disponibilidade\" \/>\n\t<meta name=\"twitter:data2\" content=\"Em Estoque\" \/>\n<script type=\"application\/ld+json\" class=\"yoast-schema-graph\">{\"@context\":\"https:\/\/schema.org\",\"@graph\":[{\"@type\":\"WebPage\",\"@id\":\"https:\/\/patagoniabooking.com\/product\/winter-park-ski-principiantes\/\",\"url\":\"https:\/\/patagoniabooking.com\/product\/winter-park-ski-principiantes\/\",\"name\":\"Winter Park - Ski principiantes - Patagonia Booking\",\"isPartOf\":{\"@id\":\"https:\/\/patagoniabooking.com\/#website\"},\"primaryImageOfPage\":{\"@id\":\"https:\/\/patagoniabooking.com\/product\/winter-park-ski-principiantes\/#primaryimage\"},\"image\":{\"@id\":\"https:\/\/patagoniabooking.com\/product\/winter-park-ski-principiantes\/#primaryimage\"},\"thumbnailUrl\":\"https:\/\/patagoniabooking.com\/wp-content\/uploads\/sites\/2\/2025\/06\/4-C-GFHGF-copia.jpg\",\"datePublished\":\"2025-06-12T13:42:21+00:00\",\"dateModified\":\"2026-04-10T13:26:01+00:00\",\"breadcrumb\":{\"@id\":\"https:\/\/patagoniabooking.com\/product\/winter-park-ski-principiantes\/#breadcrumb\"},\"inLanguage\":\"pt-BR\",\"potentialAction\":[{\"@type\":\"ReadAction\",\"target\":[\"https:\/\/patagoniabooking.com\/product\/winter-park-ski-principiantes\/\"]}]},{\"@type\":\"ImageObject\",\"inLanguage\":\"pt-BR\",\"@id\":\"https:\/\/patagoniabooking.com\/product\/winter-park-ski-principiantes\/#primaryimage\",\"url\":\"https:\/\/patagoniabooking.com\/wp-content\/uploads\/sites\/2\/2025\/06\/4-C-GFHGF-copia.jpg\",\"contentUrl\":\"https:\/\/patagoniabooking.com\/wp-content\/uploads\/sites\/2\/2025\/06\/4-C-GFHGF-copia.jpg\",\"width\":992,\"height\":1323},{\"@type\":\"BreadcrumbList\",\"@id\":\"https:\/\/patagoniabooking.com\/product\/winter-park-ski-principiantes\/#breadcrumb\",\"itemListElement\":[{\"@type\":\"ListItem\",\"position\":1,\"name\":\"Inicio\",\"item\":\"https:\/\/patagoniabooking.com\/\"},{\"@type\":\"ListItem\",\"position\":2,\"name\":\"Lista de excursiones\",\"item\":\"https:\/\/patagoniabooking.com\/shop\/\"},{\"@type\":\"ListItem\",\"position\":3,\"name\":\"Winter Park &#8211; Ski principiantes\"}]},{\"@type\":\"WebSite\",\"@id\":\"https:\/\/patagoniabooking.com\/#website\",\"url\":\"https:\/\/patagoniabooking.com\/\",\"name\":\"Patagonia Booking\",\"description\":\"\",\"publisher\":{\"@id\":\"https:\/\/patagoniabooking.com\/#organization\"},\"potentialAction\":[{\"@type\":\"SearchAction\",\"target\":{\"@type\":\"EntryPoint\",\"urlTemplate\":\"https:\/\/patagoniabooking.com\/?s={search_term_string}\"},\"query-input\":{\"@type\":\"PropertyValueSpecification\",\"valueRequired\":true,\"valueName\":\"search_term_string\"}}],\"inLanguage\":\"pt-BR\"},{\"@type\":\"Organization\",\"@id\":\"https:\/\/patagoniabooking.com\/#organization\",\"name\":\"Patagonia Booking\",\"url\":\"https:\/\/patagoniabooking.com\/\",\"logo\":{\"@type\":\"ImageObject\",\"inLanguage\":\"pt-BR\",\"@id\":\"https:\/\/patagoniabooking.com\/#\/schema\/logo\/image\/\",\"url\":\"https:\/\/patagoniabooking.com\/wp-content\/uploads\/sites\/2\/2025\/06\/logo-patagonia-booking.png\",\"contentUrl\":\"https:\/\/patagoniabooking.com\/wp-content\/uploads\/sites\/2\/2025\/06\/logo-patagonia-booking.png\",\"width\":80,\"height\":80,\"caption\":\"Patagonia Booking\"},\"image\":{\"@id\":\"https:\/\/patagoniabooking.com\/#\/schema\/logo\/image\/\"}}]}<\/script>\n<meta property=\"product:price:amount\" content=\"271200.00\" \/>\n<meta property=\"product:price:currency\" content=\"ARS\" \/>\n<meta property=\"og:availability\" content=\"instock\" \/>\n<meta property=\"product:availability\" content=\"instock\" \/>\n<meta property=\"product:retailer_item_id\" content=\"ADV2025WIPAS782G\" \/>\n<meta property=\"product:condition\" content=\"new\" \/>\n<!-- \/ Yoast SEO Premium plugin. -->","yoast_head_json":{"title":"Winter Park - Iniciantes no esqui - Reservas na Patag\u00f4nia","robots":{"index":"index","follow":"follow","max-snippet":"max-snippet:-1","max-image-preview":"max-image-preview:large","max-video-preview":"max-video-preview:-1"},"canonical":"https:\/\/patagoniabooking.com\/pt\/product\/iniciantes-em-esqui-em-winter-park\/","og_locale":"pt_BR","og_type":"article","og_title":"Winter Park - Ski principiantes","og_description":"Viv\u00ed la aventura de Winter Park en el cerro Otto. Iniciate en el esqu\u00ed con equipo incluido y la posibilidad de sumar clases, disfrutando de un entorno natural y seguro, ideal para quienes reci\u00e9n empiezan o buscan una actividad en familia.","og_url":"https:\/\/patagoniabooking.com\/pt\/product\/iniciantes-em-esqui-em-winter-park\/","og_site_name":"Patagonia Booking","article_modified_time":"2026-04-10T13:26:01+00:00","og_image":[{"width":992,"height":1323,"url":"https:\/\/patagoniabooking.com\/wp-content\/uploads\/sites\/2\/2025\/06\/4-C-GFHGF-copia.jpg","type":"image\/jpeg"}],"twitter_card":"summary_large_image","twitter_misc":{"Pre\u00e7o":"&#36;271,200.00","Disponibilidade":"Em Estoque"},"schema":{"@context":"https:\/\/schema.org","@graph":[{"@type":"WebPage","@id":"https:\/\/patagoniabooking.com\/product\/winter-park-ski-principiantes\/","url":"https:\/\/patagoniabooking.com\/product\/winter-park-ski-principiantes\/","name":"Winter Park - Iniciantes no esqui - Reservas na Patag\u00f4nia","isPartOf":{"@id":"https:\/\/patagoniabooking.com\/#website"},"primaryImageOfPage":{"@id":"https:\/\/patagoniabooking.com\/product\/winter-park-ski-principiantes\/#primaryimage"},"image":{"@id":"https:\/\/patagoniabooking.com\/product\/winter-park-ski-principiantes\/#primaryimage"},"thumbnailUrl":"https:\/\/patagoniabooking.com\/wp-content\/uploads\/sites\/2\/2025\/06\/4-C-GFHGF-copia.jpg","datePublished":"2025-06-12T13:42:21+00:00","dateModified":"2026-04-10T13:26:01+00:00","breadcrumb":{"@id":"https:\/\/patagoniabooking.com\/product\/winter-park-ski-principiantes\/#breadcrumb"},"inLanguage":"pt-BR","potentialAction":[{"@type":"ReadAction","target":["https:\/\/patagoniabooking.com\/product\/winter-park-ski-principiantes\/"]}]},{"@type":"ImageObject","inLanguage":"pt-BR","@id":"https:\/\/patagoniabooking.com\/product\/winter-park-ski-principiantes\/#primaryimage","url":"https:\/\/patagoniabooking.com\/wp-content\/uploads\/sites\/2\/2025\/06\/4-C-GFHGF-copia.jpg","contentUrl":"https:\/\/patagoniabooking.com\/wp-content\/uploads\/sites\/2\/2025\/06\/4-C-GFHGF-copia.jpg","width":992,"height":1323},{"@type":"BreadcrumbList","@id":"https:\/\/patagoniabooking.com\/product\/winter-park-ski-principiantes\/#breadcrumb","itemListElement":[{"@type":"ListItem","position":1,"name":"Inicio","item":"https:\/\/patagoniabooking.com\/"},{"@type":"ListItem","position":2,"name":"Lista de excursiones","item":"https:\/\/patagoniabooking.com\/shop\/"},{"@type":"ListItem","position":3,"name":"Winter Park &#8211; Ski principiantes"}]},{"@type":"WebSite","@id":"https:\/\/patagoniabooking.com\/#website","url":"https:\/\/patagoniabooking.com\/","name":"Reservas para a Patag\u00f4nia","description":"","publisher":{"@id":"https:\/\/patagoniabooking.com\/#organization"},"potentialAction":[{"@type":"SearchAction","target":{"@type":"EntryPoint","urlTemplate":"https:\/\/patagoniabooking.com\/?s={search_term_string}"},"query-input":{"@type":"PropertyValueSpecification","valueRequired":true,"valueName":"search_term_string"}}],"inLanguage":"pt-BR"},{"@type":"Organization","@id":"https:\/\/patagoniabooking.com\/#organization","name":"Reservas para a Patag\u00f4nia","url":"https:\/\/patagoniabooking.com\/","logo":{"@type":"ImageObject","inLanguage":"pt-BR","@id":"https:\/\/patagoniabooking.com\/#\/schema\/logo\/image\/","url":"https:\/\/patagoniabooking.com\/wp-content\/uploads\/sites\/2\/2025\/06\/logo-patagonia-booking.png","contentUrl":"https:\/\/patagoniabooking.com\/wp-content\/uploads\/sites\/2\/2025\/06\/logo-patagonia-booking.png","width":80,"height":80,"caption":"Patagonia Booking"},"image":{"@id":"https:\/\/patagoniabooking.com\/#\/schema\/logo\/image\/"}}]},"product_price_amount":"271200.00","product_price_currency":"ARS","og_availability":"instock","product_availability":"instock","product_retailer_item_id":"ADV2025WIPAS782G","product_condition":"new"},"_links":{"self":[{"href":"https:\/\/patagoniabooking.com\/pt\/wp-json\/wp\/v2\/product\/51","targetHints":{"allow":["GET"]}}],"collection":[{"href":"https:\/\/patagoniabooking.com\/pt\/wp-json\/wp\/v2\/product"}],"about":[{"href":"https:\/\/patagoniabooking.com\/pt\/wp-json\/wp\/v2\/types\/product"}],"replies":[{"embeddable":true,"href":"https:\/\/patagoniabooking.com\/pt\/wp-json\/wp\/v2\/comments?post=51"}],"wp:featuredmedia":[{"embeddable":true,"href":"https:\/\/patagoniabooking.com\/pt\/wp-json\/wp\/v2\/media\/377771"}],"wp:attachment":[{"href":"https:\/\/patagoniabooking.com\/pt\/wp-json\/wp\/v2\/media?parent=51"}],"wp:term":[{"taxonomy":"product_brand","embeddable":true,"href":"https:\/\/patagoniabooking.com\/pt\/wp-json\/wp\/v2\/product_brand?post=51"},{"taxonomy":"product_cat","embeddable":true,"href":"https:\/\/patagoniabooking.com\/pt\/wp-json\/wp\/v2\/product_cat?post=51"},{"taxonomy":"product_tag","embeddable":true,"href":"https:\/\/patagoniabooking.com\/pt\/wp-json\/wp\/v2\/product_tag?post=51"}],"curies":[{"name":"wp","href":"https:\/\/api.w.org\/{rel}","templated":true}]}}