{"id":50,"date":"2025-06-12T10:41:14","date_gmt":"2025-06-12T13:41:14","guid":{"rendered":"https:\/\/patagoniabooking.shop\/product\/extremo-encantado-aventura-en-la-nieve-al-estilo-patagonico\/"},"modified":"2026-04-10T10:26:22","modified_gmt":"2026-04-10T13:26:22","slug":"extremo-encantado","status":"publish","type":"product","link":"https:\/\/patagoniabooking.com\/pt\/product\/fim-encantado\/","title":{"rendered":"Extremo Encantado: Aventura na neve ao estilo da Patag\u00f4nia"},"content":{"rendered":"<h3 class=\"ai-optimize-6\" data-start=\"414\" data-end=\"496\"><strong data-start=\"418\" data-end=\"496\">Experimente um tipo diferente de inverno: neve, emo\u00e7\u00e3o e sabores que o surpreender\u00e3o.<\/strong><\/h3>\n<p class=\"ai-optimize-7 ai-optimize-introduction\" data-start=\"498\" data-end=\"860\">O Extremo Encantado o convida a descobrir a Patag\u00f4nia nevada ao m\u00e1ximo, em uma proposta que combina aventura e prazer em cada momento. Suba no 4\u00d74 e sinta a adrenalina: a montanha o abra\u00e7a com sua magia. Entre jogos na neve, natureza e uma gastronomia incompar\u00e1vel, voc\u00ea levar\u00e1 lembran\u00e7as que ficar\u00e3o para sempre.<\/p>\n<p class=\"ai-optimize-8\" data-start=\"862\" data-end=\"1084\">Voc\u00ea pode participar de <strong data-start=\"873\" data-end=\"926\">10 de junho a 15 de agosto de 2025<\/strong>. Uma combina\u00e7\u00e3o de sonho de a\u00e7\u00e3o e relaxamento em um ref\u00fagio exclusivo em Cerro Lopez, ideal para desfrutar com seu parceiro, fam\u00edlia ou grupo de amigos.<\/p>\n<h3 class=\"ai-optimize-9\" data-start=\"1091\" data-end=\"1127\">Momentos que voc\u00ea vai querer repetir<\/h3>\n<p class=\"ai-optimize-10\" data-start=\"1129\" data-end=\"1286\"><strong data-start=\"1129\" data-end=\"1149\">Aventura em 4\u00d74:<\/strong> A rota j\u00e1 faz parte do plano. Subimos entre montanhas, florestas e cart\u00f5es postais brancos em nosso caminho para o Refugio Traves\u00eda: um para\u00edso nevado.<\/p>\n<p class=\"ai-optimize-11\" data-start=\"1288\" data-end=\"1418\"><strong data-start=\"1288\" data-end=\"1314\">Descida com culipatinas:<\/strong> Senti o riso descer pelas encostas. Divers\u00e3o garantida para jovens e adultos: imposs\u00edvel n\u00e3o se sentir tentado.<\/p>\n<p class=\"ai-optimize-12\" data-start=\"1420\" data-end=\"1539\"><strong data-start=\"1420\" data-end=\"1446\">Trekking com raquetes de neve:<\/strong> Caminhe tranquilamente pelas trilhas nevadas e experimente uma caminhada curta cheia de charme, paisagens e sil\u00eancio.<\/p>\n<p class=\"ai-optimize-13\" data-start=\"1541\" data-end=\"1719\"><strong data-start=\"1541\" data-end=\"1566\">Sabores da Patag\u00f4nia:<\/strong> Escolha o almo\u00e7o ou um lanche da tarde e descubra pratos t\u00edpicos: empanadas, fondue ou receitas locais. Tudo isso em um ref\u00fagio aconchegante com m\u00fasica ao vivo.<\/p>\n<h3 class=\"ai-optimize-14\" data-start=\"1726\" data-end=\"1745\">Quando e de que forma?<\/h3>\n<p class=\"ai-optimize-15\" data-start=\"1747\" data-end=\"1779\">Escolha o hor\u00e1rio que melhor lhe convier:<\/p>\n<ul data-start=\"1780\" data-end=\"1844\">\n<li class=\"ai-optimize-16\" data-start=\"1780\" data-end=\"1812\">\n<ul data-start=\"1780\" data-end=\"1844\">\n<li class=\"ai-optimize-17\" data-start=\"1780\" data-end=\"1812\">\n<p class=\"ai-optimize-18\" data-start=\"1782\" data-end=\"1812\">Turno da manh\u00e3: 09 \u00e0s 15 hs.<\/p>\n<\/li>\n<li class=\"ai-optimize-19\" data-start=\"1813\" data-end=\"1844\">\n<p class=\"ai-optimize-20\" data-start=\"1815\" data-end=\"1844\">Turno da tarde: 13 a 18 horas.<\/p>\n<\/li>\n<\/ul>\n<\/li>\n<\/ul>\n<p class=\"ai-optimize-21\" data-start=\"1846\" data-end=\"1980\">Partimos de pontos de encontro entre o centro de Bariloche e o km 8 da Av. Bustillo ou Av. Pioneros, muito f\u00e1cil de chegar de qualquer \u00e1rea!<\/p>\n<h3 class=\"ai-optimize-22\" data-start=\"1987\" data-end=\"2019\">Tudo o que seu dia inclui<\/h3>\n<ul data-start=\"2021\" data-end=\"2230\">\n<li class=\"ai-optimize-23\" data-start=\"2021\" data-end=\"2070\">\n<p class=\"ai-optimize-24\" data-start=\"2023\" data-end=\"2070\">Traslados de e para os pontos acordados.<\/p>\n<\/li>\n<li class=\"ai-optimize-25\" data-start=\"2071\" data-end=\"2098\">\n<p class=\"ai-optimize-26\" data-start=\"2073\" data-end=\"2098\">Escalada em 4\u00d74 com um guia.<\/p>\n<\/li>\n<li class=\"ai-optimize-27\" data-start=\"2099\" data-end=\"2130\">\n<p class=\"ai-optimize-28\" data-start=\"2101\" data-end=\"2130\">Trekking guiado com raquetes de neve.<\/p>\n<\/li>\n<li class=\"ai-optimize-29\" data-start=\"2131\" data-end=\"2151\">\n<p class=\"ai-optimize-30\" data-start=\"2133\" data-end=\"2151\">Descidas de Culipat\u00edn.<\/p>\n<\/li>\n<li class=\"ai-optimize-31\" data-start=\"2152\" data-end=\"2183\">\n<p class=\"ai-optimize-32\" data-start=\"2154\" data-end=\"2183\">Show de m\u00fasica ao vivo no abrigo.<\/p>\n<\/li>\n<li class=\"ai-optimize-33\" data-start=\"2184\" data-end=\"2230\">\n<p class=\"ai-optimize-34\" data-start=\"2186\" data-end=\"2230\">Almo\u00e7o ou lanche da tarde, dependendo do hor\u00e1rio reservado.<\/p>\n<\/li>\n<\/ul>\n<p class=\"ai-optimize-35\" data-start=\"2232\" data-end=\"2291\"><strong data-start=\"2232\" data-end=\"2247\">N\u00e3o inclu\u00eddo:<\/strong> roupas para neve e bebidas com os alimentos.<\/p>\n<h3 class=\"ai-optimize-36\" data-start=\"2298\" data-end=\"2322\">Perguntas frequentes<\/h3>\n<p class=\"ai-optimize-37\" data-start=\"2324\" data-end=\"2482\"><strong data-start=\"2324\" data-end=\"2359\">Quem pode viver isso?<\/strong><br data-start=\"2359\" data-end=\"2362\" \/>Ideal para todas as idades, a partir de 5 anos, independentemente do seu n\u00edvel de condicionamento f\u00edsico. Venha com seu grupo: todos se divertem muito.<\/p>\n<p class=\"ai-optimize-38\" data-start=\"2484\" data-end=\"2640\"><strong data-start=\"2484\" data-end=\"2510\">O que levar?<\/strong><br data-start=\"2510\" data-end=\"2513\" \/>Roupas quentes para neve, cal\u00e7ados \u00e0 prova d'\u00e1gua, chap\u00e9u, luvas e \u00f3culos de sol. Lembre-se de trazer suas pr\u00f3prias roupas t\u00e9cnicas.<\/p>\n<p class=\"ai-optimize-39\" data-start=\"2642\" data-end=\"2758\"><strong data-start=\"2642\" data-end=\"2677\">Voc\u00ea est\u00e1 me procurando no hotel?<\/strong><br data-start=\"2677\" data-end=\"2680\" \/>N\u00e3o, o traslado come\u00e7a nos pontos de encontro pr\u00f3ximos \u00e0 sua acomoda\u00e7\u00e3o.<\/p>\n<p class=\"ai-optimize-23\" data-start=\"2642\" data-end=\"2758\"><strong>Aviso importante<\/strong>Este passeio j\u00e1 est\u00e1 dispon\u00edvel para pr\u00e9-reserva. As sa\u00eddas operam de 15 de junho a 20 de agosto, sujeitas ao calend\u00e1rio sazonal.<\/p>","protected":false},"excerpt":{"rendered":"<p class=\"ai-optimize-6\"><strong>Fim Encantado<\/strong> convida voc\u00ea a experimentar um tipo diferente de aventura de inverno. Participe de passeios em ve\u00edculos 4\u00d74, tren\u00f3s e caminhadas acompanhados por guias, terminando com uma parada gastron\u00f4mica t\u00edpica. \u00c9 uma proposta \u00fanica para se conectar com uma paisagem natural excepcional.<\/p>","protected":false},"featured_media":377775,"comment_status":"open","ping_status":"closed","template":"","meta":[],"product_brand":[],"product_cat":[26,28,29,30,31,33,37,45],"product_tag":[],"class_list":{"0":"post-50","1":"product","2":"type-product","3":"status-publish","4":"has-post-thumbnail","6":"product_cat-adultos","7":"product_cat-aventura","8":"product_cat-con-comida","9":"product_cat-con-traslado","10":"product_cat-familia","11":"product_cat-invierno","12":"product_cat-ninos","13":"product_cat-terrestre","15":"first","16":"instock","17":"virtual","18":"sold-individually","19":"purchasable","20":"product-type-booking"},"booking_location":"","booking_location_type":"","booking_duration":1,"booking_duration_unit":"hour","booking_buffer":0,"booking_cost":0,"booking_resources":[],"exclude_global_add_ons":false,"addons":[{"name":"ADU: Adulto","type":"input_multiplier","position":0,"required":false,"title_format":"label","default":"","description_enable":false,"description":"","placeholder_enable":false,"placeholder":"","display":"select","restrictions_type":"any_text","adjust_price":true,"price":"239500","price_type":"quantity_based","restrictions":false,"min":"0","max":"0","options":[],"id":1775738199},{"name":"MEN412 | De 4 a 12","type":"input_multiplier","position":1,"required":false,"title_format":"label","default":"","description_enable":false,"description":"","placeholder_enable":false,"placeholder":"","display":"select","restrictions_type":"any_text","adjust_price":true,"price":"179500","price_type":"quantity_based","restrictions":false,"min":"0","max":"0","options":[],"id":1775738200},{"name":"INF04 | De 0 a 4","type":"input_multiplier","position":2,"required":false,"title_format":"label","default":"","description_enable":false,"description":"","placeholder_enable":false,"placeholder":"","display":"select","restrictions_type":"any_text","adjust_price":true,"price":"","price_type":"quantity_based","restrictions":false,"min":"0","max":"0","options":[],"id":1775738201}],"yoast_head":"<!-- This site is optimized with the Yoast SEO Premium plugin v25.2 (Yoast SEO v25.2) - https:\/\/yoast.com\/wordpress\/plugins\/seo\/ -->\n<title>Extremo Encantado: Aventura en la Nieve al Estilo Patag\u00f3nico - Patagonia Booking<\/title>\n<meta name=\"robots\" content=\"index, follow, max-snippet:-1, max-image-preview:large, max-video-preview:-1\" \/>\n<link rel=\"canonical\" href=\"https:\/\/patagoniabooking.com\/pt\/product\/fim-encantado\/\" \/>\n<meta property=\"og:locale\" content=\"pt_BR\" \/>\n<meta property=\"og:type\" content=\"article\" \/>\n<meta property=\"og:title\" content=\"Extremo Encantado: Aventura en la Nieve al Estilo Patag\u00f3nico\" \/>\n<meta property=\"og:description\" content=\"Extremo Encantado te invita a vivir una aventura de invierno diferente. Particip\u00e1 de recorridos 4\u00d74, bajadas en trineo y trekking acompa\u00f1ados por gu\u00edas, finalizando con una parada culinaria t\u00edpica. Es una propuesta \u00fanica para conectar con un paisaje natural excepcional.\" \/>\n<meta property=\"og:url\" content=\"https:\/\/patagoniabooking.com\/pt\/product\/fim-encantado\/\" \/>\n<meta property=\"og:site_name\" content=\"Patagonia Booking\" \/>\n<meta property=\"article:modified_time\" content=\"2026-04-10T13:26:22+00:00\" \/>\n<meta property=\"og:image\" content=\"https:\/\/patagoniabooking.com\/wp-content\/uploads\/sites\/2\/2025\/06\/4-C-Extremo_Encantado_7-pica-copia.jpg\" \/>\n\t<meta property=\"og:image:width\" content=\"992\" \/>\n\t<meta property=\"og:image:height\" content=\"1323\" \/>\n\t<meta property=\"og:image:type\" content=\"image\/jpeg\" \/>\n<meta name=\"twitter:card\" content=\"summary_large_image\" \/>\n<meta name=\"twitter:label1\" content=\"Pre\u00e7o\" \/>\n\t<meta name=\"twitter:data1\" content=\"&#036;239,500.00\" \/>\n\t<meta name=\"twitter:label2\" content=\"Disponibilidade\" \/>\n\t<meta name=\"twitter:data2\" content=\"Em Estoque\" \/>\n<script type=\"application\/ld+json\" class=\"yoast-schema-graph\">{\"@context\":\"https:\/\/schema.org\",\"@graph\":[{\"@type\":\"WebPage\",\"@id\":\"https:\/\/patagoniabooking.com\/product\/extremo-encantado\/\",\"url\":\"https:\/\/patagoniabooking.com\/product\/extremo-encantado\/\",\"name\":\"Extremo Encantado: Aventura en la Nieve al Estilo Patag\u00f3nico - Patagonia Booking\",\"isPartOf\":{\"@id\":\"https:\/\/patagoniabooking.com\/#website\"},\"primaryImageOfPage\":{\"@id\":\"https:\/\/patagoniabooking.com\/product\/extremo-encantado\/#primaryimage\"},\"image\":{\"@id\":\"https:\/\/patagoniabooking.com\/product\/extremo-encantado\/#primaryimage\"},\"thumbnailUrl\":\"https:\/\/patagoniabooking.com\/wp-content\/uploads\/sites\/2\/2025\/06\/4-C-Extremo_Encantado_7-pica-copia.jpg\",\"datePublished\":\"2025-06-12T13:41:14+00:00\",\"dateModified\":\"2026-04-10T13:26:22+00:00\",\"breadcrumb\":{\"@id\":\"https:\/\/patagoniabooking.com\/product\/extremo-encantado\/#breadcrumb\"},\"inLanguage\":\"pt-BR\",\"potentialAction\":[{\"@type\":\"ReadAction\",\"target\":[\"https:\/\/patagoniabooking.com\/product\/extremo-encantado\/\"]}]},{\"@type\":\"ImageObject\",\"inLanguage\":\"pt-BR\",\"@id\":\"https:\/\/patagoniabooking.com\/product\/extremo-encantado\/#primaryimage\",\"url\":\"https:\/\/patagoniabooking.com\/wp-content\/uploads\/sites\/2\/2025\/06\/4-C-Extremo_Encantado_7-pica-copia.jpg\",\"contentUrl\":\"https:\/\/patagoniabooking.com\/wp-content\/uploads\/sites\/2\/2025\/06\/4-C-Extremo_Encantado_7-pica-copia.jpg\",\"width\":992,\"height\":1323},{\"@type\":\"BreadcrumbList\",\"@id\":\"https:\/\/patagoniabooking.com\/product\/extremo-encantado\/#breadcrumb\",\"itemListElement\":[{\"@type\":\"ListItem\",\"position\":1,\"name\":\"Inicio\",\"item\":\"https:\/\/patagoniabooking.com\/\"},{\"@type\":\"ListItem\",\"position\":2,\"name\":\"Lista de excursiones\",\"item\":\"https:\/\/patagoniabooking.com\/shop\/\"},{\"@type\":\"ListItem\",\"position\":3,\"name\":\"Extremo Encantado: Aventura en la Nieve al Estilo Patag\u00f3nico\"}]},{\"@type\":\"WebSite\",\"@id\":\"https:\/\/patagoniabooking.com\/#website\",\"url\":\"https:\/\/patagoniabooking.com\/\",\"name\":\"Patagonia Booking\",\"description\":\"\",\"publisher\":{\"@id\":\"https:\/\/patagoniabooking.com\/#organization\"},\"potentialAction\":[{\"@type\":\"SearchAction\",\"target\":{\"@type\":\"EntryPoint\",\"urlTemplate\":\"https:\/\/patagoniabooking.com\/?s={search_term_string}\"},\"query-input\":{\"@type\":\"PropertyValueSpecification\",\"valueRequired\":true,\"valueName\":\"search_term_string\"}}],\"inLanguage\":\"pt-BR\"},{\"@type\":\"Organization\",\"@id\":\"https:\/\/patagoniabooking.com\/#organization\",\"name\":\"Patagonia Booking\",\"url\":\"https:\/\/patagoniabooking.com\/\",\"logo\":{\"@type\":\"ImageObject\",\"inLanguage\":\"pt-BR\",\"@id\":\"https:\/\/patagoniabooking.com\/#\/schema\/logo\/image\/\",\"url\":\"https:\/\/patagoniabooking.com\/wp-content\/uploads\/sites\/2\/2025\/06\/logo-patagonia-booking.png\",\"contentUrl\":\"https:\/\/patagoniabooking.com\/wp-content\/uploads\/sites\/2\/2025\/06\/logo-patagonia-booking.png\",\"width\":80,\"height\":80,\"caption\":\"Patagonia Booking\"},\"image\":{\"@id\":\"https:\/\/patagoniabooking.com\/#\/schema\/logo\/image\/\"}}]}<\/script>\n<meta property=\"product:price:amount\" content=\"239500.00\" \/>\n<meta property=\"product:price:currency\" content=\"ARS\" \/>\n<meta property=\"og:availability\" content=\"instock\" \/>\n<meta property=\"product:availability\" content=\"instock\" \/>\n<meta property=\"product:retailer_item_id\" content=\"ADV2025EXENCL99\" \/>\n<meta property=\"product:condition\" content=\"new\" \/>\n<!-- \/ Yoast SEO Premium plugin. -->","yoast_head_json":{"title":"Extremo Encantado: Aventura na neve ao estilo da Patag\u00f4nia - Patag\u00f4nia Booking","robots":{"index":"index","follow":"follow","max-snippet":"max-snippet:-1","max-image-preview":"max-image-preview:large","max-video-preview":"max-video-preview:-1"},"canonical":"https:\/\/patagoniabooking.com\/pt\/product\/fim-encantado\/","og_locale":"pt_BR","og_type":"article","og_title":"Extremo Encantado: Aventura en la Nieve al Estilo Patag\u00f3nico","og_description":"Extremo Encantado te invita a vivir una aventura de invierno diferente. Particip\u00e1 de recorridos 4\u00d74, bajadas en trineo y trekking acompa\u00f1ados por gu\u00edas, finalizando con una parada culinaria t\u00edpica. Es una propuesta \u00fanica para conectar con un paisaje natural excepcional.","og_url":"https:\/\/patagoniabooking.com\/pt\/product\/fim-encantado\/","og_site_name":"Patagonia Booking","article_modified_time":"2026-04-10T13:26:22+00:00","og_image":[{"width":992,"height":1323,"url":"https:\/\/patagoniabooking.com\/wp-content\/uploads\/sites\/2\/2025\/06\/4-C-Extremo_Encantado_7-pica-copia.jpg","type":"image\/jpeg"}],"twitter_card":"summary_large_image","twitter_misc":{"Pre\u00e7o":"&#36;239,500.00","Disponibilidade":"Em Estoque"},"schema":{"@context":"https:\/\/schema.org","@graph":[{"@type":"WebPage","@id":"https:\/\/patagoniabooking.com\/product\/extremo-encantado\/","url":"https:\/\/patagoniabooking.com\/product\/extremo-encantado\/","name":"Extremo Encantado: Aventura na neve ao estilo da Patag\u00f4nia - Patag\u00f4nia Booking","isPartOf":{"@id":"https:\/\/patagoniabooking.com\/#website"},"primaryImageOfPage":{"@id":"https:\/\/patagoniabooking.com\/product\/extremo-encantado\/#primaryimage"},"image":{"@id":"https:\/\/patagoniabooking.com\/product\/extremo-encantado\/#primaryimage"},"thumbnailUrl":"https:\/\/patagoniabooking.com\/wp-content\/uploads\/sites\/2\/2025\/06\/4-C-Extremo_Encantado_7-pica-copia.jpg","datePublished":"2025-06-12T13:41:14+00:00","dateModified":"2026-04-10T13:26:22+00:00","breadcrumb":{"@id":"https:\/\/patagoniabooking.com\/product\/extremo-encantado\/#breadcrumb"},"inLanguage":"pt-BR","potentialAction":[{"@type":"ReadAction","target":["https:\/\/patagoniabooking.com\/product\/extremo-encantado\/"]}]},{"@type":"ImageObject","inLanguage":"pt-BR","@id":"https:\/\/patagoniabooking.com\/product\/extremo-encantado\/#primaryimage","url":"https:\/\/patagoniabooking.com\/wp-content\/uploads\/sites\/2\/2025\/06\/4-C-Extremo_Encantado_7-pica-copia.jpg","contentUrl":"https:\/\/patagoniabooking.com\/wp-content\/uploads\/sites\/2\/2025\/06\/4-C-Extremo_Encantado_7-pica-copia.jpg","width":992,"height":1323},{"@type":"BreadcrumbList","@id":"https:\/\/patagoniabooking.com\/product\/extremo-encantado\/#breadcrumb","itemListElement":[{"@type":"ListItem","position":1,"name":"Inicio","item":"https:\/\/patagoniabooking.com\/"},{"@type":"ListItem","position":2,"name":"Lista de excursiones","item":"https:\/\/patagoniabooking.com\/shop\/"},{"@type":"ListItem","position":3,"name":"Extremo Encantado: Aventura en la Nieve al Estilo Patag\u00f3nico"}]},{"@type":"WebSite","@id":"https:\/\/patagoniabooking.com\/#website","url":"https:\/\/patagoniabooking.com\/","name":"Reservas para a Patag\u00f4nia","description":"","publisher":{"@id":"https:\/\/patagoniabooking.com\/#organization"},"potentialAction":[{"@type":"SearchAction","target":{"@type":"EntryPoint","urlTemplate":"https:\/\/patagoniabooking.com\/?s={search_term_string}"},"query-input":{"@type":"PropertyValueSpecification","valueRequired":true,"valueName":"search_term_string"}}],"inLanguage":"pt-BR"},{"@type":"Organization","@id":"https:\/\/patagoniabooking.com\/#organization","name":"Reservas para a Patag\u00f4nia","url":"https:\/\/patagoniabooking.com\/","logo":{"@type":"ImageObject","inLanguage":"pt-BR","@id":"https:\/\/patagoniabooking.com\/#\/schema\/logo\/image\/","url":"https:\/\/patagoniabooking.com\/wp-content\/uploads\/sites\/2\/2025\/06\/logo-patagonia-booking.png","contentUrl":"https:\/\/patagoniabooking.com\/wp-content\/uploads\/sites\/2\/2025\/06\/logo-patagonia-booking.png","width":80,"height":80,"caption":"Patagonia Booking"},"image":{"@id":"https:\/\/patagoniabooking.com\/#\/schema\/logo\/image\/"}}]},"product_price_amount":"239500.00","product_price_currency":"ARS","og_availability":"instock","product_availability":"instock","product_retailer_item_id":"ADV2025EXENCL99","product_condition":"new"},"_links":{"self":[{"href":"https:\/\/patagoniabooking.com\/pt\/wp-json\/wp\/v2\/product\/50","targetHints":{"allow":["GET"]}}],"collection":[{"href":"https:\/\/patagoniabooking.com\/pt\/wp-json\/wp\/v2\/product"}],"about":[{"href":"https:\/\/patagoniabooking.com\/pt\/wp-json\/wp\/v2\/types\/product"}],"replies":[{"embeddable":true,"href":"https:\/\/patagoniabooking.com\/pt\/wp-json\/wp\/v2\/comments?post=50"}],"wp:featuredmedia":[{"embeddable":true,"href":"https:\/\/patagoniabooking.com\/pt\/wp-json\/wp\/v2\/media\/377775"}],"wp:attachment":[{"href":"https:\/\/patagoniabooking.com\/pt\/wp-json\/wp\/v2\/media?parent=50"}],"wp:term":[{"taxonomy":"product_brand","embeddable":true,"href":"https:\/\/patagoniabooking.com\/pt\/wp-json\/wp\/v2\/product_brand?post=50"},{"taxonomy":"product_cat","embeddable":true,"href":"https:\/\/patagoniabooking.com\/pt\/wp-json\/wp\/v2\/product_cat?post=50"},{"taxonomy":"product_tag","embeddable":true,"href":"https:\/\/patagoniabooking.com\/pt\/wp-json\/wp\/v2\/product_tag?post=50"}],"curies":[{"name":"wp","href":"https:\/\/api.w.org\/{rel}","templated":true}]}}