{"id":49,"date":"2025-06-12T10:40:51","date_gmt":"2025-06-12T13:40:51","guid":{"rendered":"https:\/\/patagoniabooking.shop\/product\/winter-park-cena-show-y-ski-nocturno\/"},"modified":"2026-04-09T12:48:29","modified_gmt":"2026-04-09T15:48:29","slug":"noche-nordica","status":"publish","type":"product","link":"https:\/\/patagoniabooking.com\/pt\/product\/noite-nordica\/","title":{"rendered":"Winter Park - Jantar com show"},"content":{"rendered":"<h2 class=\"ai-optimize-6\" data-start=\"326\" data-end=\"367\">Sinta o encanto da noite patag\u00f4nica<\/h2>\n<p class=\"ai-optimize-7 ai-optimize-introduction\" data-start=\"369\" data-end=\"711\">Assim que a noite cai e as pistas brilham sob um manto de estrelas, o Winter Park em Cerro Otto se torna o cen\u00e1rio dos sonhos para descobrir a neve de uma perspectiva diferente. Venha e mergulhe em uma noite que combina esporte, natureza, sabores regionais e momentos inesquec\u00edveis em um ambiente seguro, acolhedor e surpreendente.<\/p>\n<h2 class=\"ai-optimize-8\" data-start=\"1153\" data-end=\"1207\">Uma noite cheia de emo\u00e7\u00e3o, sabor e alegria<\/h2>\n<p class=\"ai-optimize-9\" data-start=\"1209\" data-end=\"1449\">Comece a aventura com um traslado de pontos estrat\u00e9gicos de Bariloche at\u00e9 o Parque Invernal. Ao chegar, escolha entre deslizar pelas encostas iluminadas em esquis ou participar de um passeio guiado com raquetes de neve pela floresta nevada.<\/p>\n<p class=\"ai-optimize-10\" data-start=\"1451\" data-end=\"1731\">Em seguida, relaxe com uma refei\u00e7\u00e3o quente da regi\u00e3o: goulash ou ensopado caseiro, open bar e sobremesa. A noite \u00e9 coroada com um show ao vivo que espalha energia e divers\u00e3o, criando mem\u00f3rias inesquec\u00edveis para desfrutar com sua fam\u00edlia, seu parceiro ou seu grupo de amigos.<\/p>\n<h3 class=\"ai-optimize-11\" data-start=\"718\" data-end=\"753\">Detalhes da excurs\u00e3o<\/h3>\n<p class=\"ai-optimize-12\" data-start=\"755\" data-end=\"1146\"><strong data-start=\"755\" data-end=\"775\">Datas e hor\u00e1rios:<\/strong> Todos os dias das 18:30 \u00e0s 23:00<br data-start=\"806\" data-end=\"809\" \/><strong data-start=\"809\" data-end=\"821\">Ele inclui:<\/strong> Traslados de ida e volta, acesso a esqui ou raquetes de neve gratuitas, refei\u00e7\u00e3o patag\u00f4nica completa com bar aberto, entretenimento ao vivo.<br data-start=\"928\" data-end=\"931\" \/><strong data-start=\"931\" data-end=\"946\">N\u00e3o inclu\u00eddo:<\/strong> Roupas para neve<br data-start=\"960\" data-end=\"963\" \/><strong data-start=\"963\" data-end=\"973\">Localiza\u00e7\u00e3o:<\/strong> Winter Park - Cerro Otto<br data-start=\"998\" data-end=\"1001\" \/><strong data-start=\"1001\" data-end=\"1025\">Pontos de sa\u00edda:<\/strong> Do centro de Bariloche at\u00e9 a base do Cerro L\u00f3pez pela Avenida Bustillo \/ Avenida Pioneros. Consulte-nos se precisar de outro local.<\/p>\n<h3 class=\"ai-optimize-13\" data-start=\"1738\" data-end=\"1776\">Vantagens de viver a vida noturna de Winter Park<\/h3>\n<p class=\"ai-optimize-14\" data-start=\"1778\" data-end=\"2126\"><strong data-start=\"1778\" data-end=\"1812\">Night Thrill in the Snow (Emo\u00e7\u00e3o noturna na neve):<\/strong> Escolha entre esquiar livremente ou andar com raquetes de neve, em seu pr\u00f3prio ritmo.<br data-start=\"1871\" data-end=\"1874\" \/><strong data-start=\"1874\" data-end=\"1897\">Gastronomia local:<\/strong> Jantar patag\u00f4nico completo em um ambiente aconchegante.<br data-start=\"1945\" data-end=\"1948\" \/><strong data-start=\"1948\" data-end=\"1972\">Show ao vivo:<\/strong> M\u00fasica e dan\u00e7a para encerrar com alegria.<br data-start=\"2018\" data-end=\"2021\" \/><strong data-start=\"2021\" data-end=\"2051\">Acesso e tranquilidade:<\/strong> Ideal para todas as idades, n\u00e3o \u00e9 necess\u00e1rio ter experi\u00eancia anterior.<\/p>\n<h2 class=\"ai-optimize-15\" data-start=\"2133\" data-end=\"2164\">Perguntas frequentes (FAQs)<\/h2>\n<p class=\"ai-optimize-16\" data-start=\"2166\" data-end=\"2361\"><strong data-start=\"2166\" data-end=\"2198\">O que est\u00e1 inclu\u00eddo na proposta?<\/strong><br data-start=\"2198\" data-end=\"2201\" \/>O programa inclui traslado de ida e volta a partir de Bariloche, escolha entre esquiar sob as estrelas ou caminhada noturna com raquetes de neve, jantar com bebidas e sobremesa e um show ao vivo.<\/p>\n<p class=\"ai-optimize-17\" data-start=\"2363\" data-end=\"2496\"><strong data-start=\"2363\" data-end=\"2398\">Voc\u00ea precisa saber como esquiar?<\/strong><br data-start=\"2398\" data-end=\"2401\" \/>N\u00e3o. Voc\u00ea tem a alternativa de escolher a caminhada guiada com raquetes de neve, adequada para todos os n\u00edveis.<\/p>\n<p class=\"ai-optimize-18\" data-start=\"2498\" data-end=\"2666\"><strong data-start=\"2498\" data-end=\"2527\">A atividade \u00e9 para crian\u00e7as?<\/strong><br data-start=\"2527\" data-end=\"2530\" \/>Sim, ele foi projetado para que toda a fam\u00edlia possa se divertir. Crian\u00e7as de 0 a 3 anos de idade n\u00e3o pagam. H\u00e1 uma tarifa especial para crian\u00e7as de 4 a 12 anos de idade.<\/p>\n<p class=\"ai-optimize-19\" data-start=\"2668\" data-end=\"2812\"><strong data-start=\"2668\" data-end=\"2689\">O que levar?<\/strong><br data-start=\"2689\" data-end=\"2692\" \/>Agasalhos adequados para neve: jaqueta, cal\u00e7a imperme\u00e1vel, botas, luvas e chap\u00e9u. As roupas n\u00e3o est\u00e3o inclu\u00eddas.<\/p>\n<p class=\"ai-optimize-23\" data-start=\"2668\" data-end=\"2812\"><strong>Aviso importante<\/strong>Este passeio j\u00e1 est\u00e1 dispon\u00edvel para pr\u00e9-reserva. As sa\u00eddas operam de 15 de junho a 20 de agosto, sujeitas ao calend\u00e1rio sazonal.<\/p>","protected":false},"excerpt":{"rendered":"<p class=\"ai-optimize-6\">Passeie por uma floresta coberta de neve em quadriciclos e desfrute de um jantar gourmet em uma cabana de montanha exclusiva e aconchegante.<\/p>","protected":false},"featured_media":377777,"comment_status":"open","ping_status":"closed","template":"","meta":[],"product_brand":[],"product_cat":[26,28,29,30,31,33,37,45],"product_tag":[],"class_list":{"0":"post-49","1":"product","2":"type-product","3":"status-publish","4":"has-post-thumbnail","6":"product_cat-adultos","7":"product_cat-aventura","8":"product_cat-con-comida","9":"product_cat-con-traslado","10":"product_cat-familia","11":"product_cat-invierno","12":"product_cat-ninos","13":"product_cat-terrestre","15":"first","16":"instock","17":"virtual","18":"sold-individually","19":"purchasable","20":"product-type-booking"},"booking_location":"","booking_location_type":"","booking_duration":1,"booking_duration_unit":"hour","booking_buffer":0,"booking_cost":0,"booking_resources":[],"exclude_global_add_ons":false,"addons":[{"name":"ADU: Adulto","type":"input_multiplier","position":0,"required":false,"title_format":"label","default":"","description_enable":false,"description":"","placeholder_enable":false,"placeholder":"","display":"select","restrictions_type":"any_text","adjust_price":true,"price":"360000","price_type":"quantity_based","restrictions":false,"min":"0","max":"0","options":[],"id":1775738820},{"name":"MEN412 | De 4 a 12","type":"input_multiplier","position":1,"required":false,"title_format":"label","default":"","description_enable":false,"description":"","placeholder_enable":false,"placeholder":"","display":"select","restrictions_type":"any_text","adjust_price":true,"price":"331200","price_type":"quantity_based","restrictions":false,"min":"0","max":"0","options":[],"id":1775738821}],"yoast_head":"<!-- This site is optimized with the Yoast SEO Premium plugin v25.2 (Yoast SEO v25.2) - https:\/\/yoast.com\/wordpress\/plugins\/seo\/ -->\n<title>Winter Park - Cena Show - Patagonia Booking<\/title>\n<meta name=\"robots\" content=\"index, follow, max-snippet:-1, max-image-preview:large, max-video-preview:-1\" \/>\n<link rel=\"canonical\" href=\"https:\/\/patagoniabooking.com\/pt\/product\/noite-nordica\/\" \/>\n<meta property=\"og:locale\" content=\"pt_BR\" \/>\n<meta property=\"og:type\" content=\"article\" \/>\n<meta property=\"og:title\" content=\"Winter Park - Cena Show\" \/>\n<meta property=\"og:description\" content=\"Recorr\u00e9 un bosque cubierto de nieve a bordo de cuatriciclos y deleitate con una cena gourmet en un refugio de monta\u00f1a c\u00e1lido y exclusivo.\" \/>\n<meta property=\"og:url\" content=\"https:\/\/patagoniabooking.com\/pt\/product\/noite-nordica\/\" \/>\n<meta property=\"og:site_name\" content=\"Patagonia Booking\" \/>\n<meta property=\"article:modified_time\" content=\"2026-04-09T15:48:29+00:00\" \/>\n<meta property=\"og:image\" content=\"https:\/\/patagoniabooking.com\/wp-content\/uploads\/sites\/2\/2025\/06\/4-A-DFDSFFD-copia.jpg\" \/>\n\t<meta property=\"og:image:width\" content=\"992\" \/>\n\t<meta property=\"og:image:height\" content=\"1323\" \/>\n\t<meta property=\"og:image:type\" content=\"image\/jpeg\" \/>\n<meta name=\"twitter:card\" content=\"summary_large_image\" \/>\n<meta name=\"twitter:label1\" content=\"Pre\u00e7o\" \/>\n\t<meta name=\"twitter:data1\" content=\"&#036;360,000.00\" \/>\n\t<meta name=\"twitter:label2\" content=\"Disponibilidade\" \/>\n\t<meta name=\"twitter:data2\" content=\"Em Estoque\" \/>\n<script type=\"application\/ld+json\" class=\"yoast-schema-graph\">{\"@context\":\"https:\/\/schema.org\",\"@graph\":[{\"@type\":\"WebPage\",\"@id\":\"https:\/\/patagoniabooking.com\/product\/noche-nordica\/\",\"url\":\"https:\/\/patagoniabooking.com\/product\/noche-nordica\/\",\"name\":\"Winter Park - Cena Show - Patagonia Booking\",\"isPartOf\":{\"@id\":\"https:\/\/patagoniabooking.com\/#website\"},\"primaryImageOfPage\":{\"@id\":\"https:\/\/patagoniabooking.com\/product\/noche-nordica\/#primaryimage\"},\"image\":{\"@id\":\"https:\/\/patagoniabooking.com\/product\/noche-nordica\/#primaryimage\"},\"thumbnailUrl\":\"https:\/\/patagoniabooking.com\/wp-content\/uploads\/sites\/2\/2025\/06\/4-A-DFDSFFD-copia.jpg\",\"datePublished\":\"2025-06-12T13:40:51+00:00\",\"dateModified\":\"2026-04-09T15:48:29+00:00\",\"breadcrumb\":{\"@id\":\"https:\/\/patagoniabooking.com\/product\/noche-nordica\/#breadcrumb\"},\"inLanguage\":\"pt-BR\",\"potentialAction\":[{\"@type\":\"ReadAction\",\"target\":[\"https:\/\/patagoniabooking.com\/product\/noche-nordica\/\"]}]},{\"@type\":\"ImageObject\",\"inLanguage\":\"pt-BR\",\"@id\":\"https:\/\/patagoniabooking.com\/product\/noche-nordica\/#primaryimage\",\"url\":\"https:\/\/patagoniabooking.com\/wp-content\/uploads\/sites\/2\/2025\/06\/4-A-DFDSFFD-copia.jpg\",\"contentUrl\":\"https:\/\/patagoniabooking.com\/wp-content\/uploads\/sites\/2\/2025\/06\/4-A-DFDSFFD-copia.jpg\",\"width\":992,\"height\":1323},{\"@type\":\"BreadcrumbList\",\"@id\":\"https:\/\/patagoniabooking.com\/product\/noche-nordica\/#breadcrumb\",\"itemListElement\":[{\"@type\":\"ListItem\",\"position\":1,\"name\":\"Inicio\",\"item\":\"https:\/\/patagoniabooking.com\/\"},{\"@type\":\"ListItem\",\"position\":2,\"name\":\"Lista de excursiones\",\"item\":\"https:\/\/patagoniabooking.com\/shop\/\"},{\"@type\":\"ListItem\",\"position\":3,\"name\":\"Winter Park &#8211; Cena Show\"}]},{\"@type\":\"WebSite\",\"@id\":\"https:\/\/patagoniabooking.com\/#website\",\"url\":\"https:\/\/patagoniabooking.com\/\",\"name\":\"Patagonia Booking\",\"description\":\"\",\"publisher\":{\"@id\":\"https:\/\/patagoniabooking.com\/#organization\"},\"potentialAction\":[{\"@type\":\"SearchAction\",\"target\":{\"@type\":\"EntryPoint\",\"urlTemplate\":\"https:\/\/patagoniabooking.com\/?s={search_term_string}\"},\"query-input\":{\"@type\":\"PropertyValueSpecification\",\"valueRequired\":true,\"valueName\":\"search_term_string\"}}],\"inLanguage\":\"pt-BR\"},{\"@type\":\"Organization\",\"@id\":\"https:\/\/patagoniabooking.com\/#organization\",\"name\":\"Patagonia Booking\",\"url\":\"https:\/\/patagoniabooking.com\/\",\"logo\":{\"@type\":\"ImageObject\",\"inLanguage\":\"pt-BR\",\"@id\":\"https:\/\/patagoniabooking.com\/#\/schema\/logo\/image\/\",\"url\":\"https:\/\/patagoniabooking.com\/wp-content\/uploads\/sites\/2\/2025\/06\/logo-patagonia-booking.png\",\"contentUrl\":\"https:\/\/patagoniabooking.com\/wp-content\/uploads\/sites\/2\/2025\/06\/logo-patagonia-booking.png\",\"width\":80,\"height\":80,\"caption\":\"Patagonia Booking\"},\"image\":{\"@id\":\"https:\/\/patagoniabooking.com\/#\/schema\/logo\/image\/\"}}]}<\/script>\n<meta property=\"product:price:amount\" content=\"360000.00\" \/>\n<meta property=\"product:price:currency\" content=\"ARS\" \/>\n<meta property=\"og:availability\" content=\"instock\" \/>\n<meta property=\"product:availability\" content=\"instock\" \/>\n<meta property=\"product:retailer_item_id\" content=\"ADV2025NON\u00d281HY\" \/>\n<meta property=\"product:condition\" content=\"new\" \/>\n<!-- \/ Yoast SEO Premium plugin. -->","yoast_head_json":{"title":"Winter Park - Jantar Show - Reserva de Patag\u00f4nia","robots":{"index":"index","follow":"follow","max-snippet":"max-snippet:-1","max-image-preview":"max-image-preview:large","max-video-preview":"max-video-preview:-1"},"canonical":"https:\/\/patagoniabooking.com\/pt\/product\/noite-nordica\/","og_locale":"pt_BR","og_type":"article","og_title":"Winter Park - Cena Show","og_description":"Recorr\u00e9 un bosque cubierto de nieve a bordo de cuatriciclos y deleitate con una cena gourmet en un refugio de monta\u00f1a c\u00e1lido y exclusivo.","og_url":"https:\/\/patagoniabooking.com\/pt\/product\/noite-nordica\/","og_site_name":"Patagonia Booking","article_modified_time":"2026-04-09T15:48:29+00:00","og_image":[{"width":992,"height":1323,"url":"https:\/\/patagoniabooking.com\/wp-content\/uploads\/sites\/2\/2025\/06\/4-A-DFDSFFD-copia.jpg","type":"image\/jpeg"}],"twitter_card":"summary_large_image","twitter_misc":{"Pre\u00e7o":"&#36;360,000.00","Disponibilidade":"Em Estoque"},"schema":{"@context":"https:\/\/schema.org","@graph":[{"@type":"WebPage","@id":"https:\/\/patagoniabooking.com\/product\/noche-nordica\/","url":"https:\/\/patagoniabooking.com\/product\/noche-nordica\/","name":"Winter Park - Jantar Show - Reserva de Patag\u00f4nia","isPartOf":{"@id":"https:\/\/patagoniabooking.com\/#website"},"primaryImageOfPage":{"@id":"https:\/\/patagoniabooking.com\/product\/noche-nordica\/#primaryimage"},"image":{"@id":"https:\/\/patagoniabooking.com\/product\/noche-nordica\/#primaryimage"},"thumbnailUrl":"https:\/\/patagoniabooking.com\/wp-content\/uploads\/sites\/2\/2025\/06\/4-A-DFDSFFD-copia.jpg","datePublished":"2025-06-12T13:40:51+00:00","dateModified":"2026-04-09T15:48:29+00:00","breadcrumb":{"@id":"https:\/\/patagoniabooking.com\/product\/noche-nordica\/#breadcrumb"},"inLanguage":"pt-BR","potentialAction":[{"@type":"ReadAction","target":["https:\/\/patagoniabooking.com\/product\/noche-nordica\/"]}]},{"@type":"ImageObject","inLanguage":"pt-BR","@id":"https:\/\/patagoniabooking.com\/product\/noche-nordica\/#primaryimage","url":"https:\/\/patagoniabooking.com\/wp-content\/uploads\/sites\/2\/2025\/06\/4-A-DFDSFFD-copia.jpg","contentUrl":"https:\/\/patagoniabooking.com\/wp-content\/uploads\/sites\/2\/2025\/06\/4-A-DFDSFFD-copia.jpg","width":992,"height":1323},{"@type":"BreadcrumbList","@id":"https:\/\/patagoniabooking.com\/product\/noche-nordica\/#breadcrumb","itemListElement":[{"@type":"ListItem","position":1,"name":"Inicio","item":"https:\/\/patagoniabooking.com\/"},{"@type":"ListItem","position":2,"name":"Lista de excursiones","item":"https:\/\/patagoniabooking.com\/shop\/"},{"@type":"ListItem","position":3,"name":"Winter Park &#8211; Cena Show"}]},{"@type":"WebSite","@id":"https:\/\/patagoniabooking.com\/#website","url":"https:\/\/patagoniabooking.com\/","name":"Reservas para a Patag\u00f4nia","description":"","publisher":{"@id":"https:\/\/patagoniabooking.com\/#organization"},"potentialAction":[{"@type":"SearchAction","target":{"@type":"EntryPoint","urlTemplate":"https:\/\/patagoniabooking.com\/?s={search_term_string}"},"query-input":{"@type":"PropertyValueSpecification","valueRequired":true,"valueName":"search_term_string"}}],"inLanguage":"pt-BR"},{"@type":"Organization","@id":"https:\/\/patagoniabooking.com\/#organization","name":"Reservas para a Patag\u00f4nia","url":"https:\/\/patagoniabooking.com\/","logo":{"@type":"ImageObject","inLanguage":"pt-BR","@id":"https:\/\/patagoniabooking.com\/#\/schema\/logo\/image\/","url":"https:\/\/patagoniabooking.com\/wp-content\/uploads\/sites\/2\/2025\/06\/logo-patagonia-booking.png","contentUrl":"https:\/\/patagoniabooking.com\/wp-content\/uploads\/sites\/2\/2025\/06\/logo-patagonia-booking.png","width":80,"height":80,"caption":"Patagonia Booking"},"image":{"@id":"https:\/\/patagoniabooking.com\/#\/schema\/logo\/image\/"}}]},"product_price_amount":"360000.00","product_price_currency":"ARS","og_availability":"instock","product_availability":"instock","product_retailer_item_id":"ADV2025NON\u00d281HY","product_condition":"new"},"_links":{"self":[{"href":"https:\/\/patagoniabooking.com\/pt\/wp-json\/wp\/v2\/product\/49","targetHints":{"allow":["GET"]}}],"collection":[{"href":"https:\/\/patagoniabooking.com\/pt\/wp-json\/wp\/v2\/product"}],"about":[{"href":"https:\/\/patagoniabooking.com\/pt\/wp-json\/wp\/v2\/types\/product"}],"replies":[{"embeddable":true,"href":"https:\/\/patagoniabooking.com\/pt\/wp-json\/wp\/v2\/comments?post=49"}],"wp:featuredmedia":[{"embeddable":true,"href":"https:\/\/patagoniabooking.com\/pt\/wp-json\/wp\/v2\/media\/377777"}],"wp:attachment":[{"href":"https:\/\/patagoniabooking.com\/pt\/wp-json\/wp\/v2\/media?parent=49"}],"wp:term":[{"taxonomy":"product_brand","embeddable":true,"href":"https:\/\/patagoniabooking.com\/pt\/wp-json\/wp\/v2\/product_brand?post=49"},{"taxonomy":"product_cat","embeddable":true,"href":"https:\/\/patagoniabooking.com\/pt\/wp-json\/wp\/v2\/product_cat?post=49"},{"taxonomy":"product_tag","embeddable":true,"href":"https:\/\/patagoniabooking.com\/pt\/wp-json\/wp\/v2\/product_tag?post=49"}],"curies":[{"name":"wp","href":"https:\/\/api.w.org\/{rel}","templated":true}]}}