{"id":46,"date":"2025-06-12T10:39:45","date_gmt":"2025-06-12T13:39:45","guid":{"rendered":"https:\/\/patagoniabooking.shop\/product\/caminata-a-la-laguna-congelada-neumeyer-aventura-en-la-nieve-y-paisajes-invernales-unicos\/"},"modified":"2026-04-10T10:29:03","modified_gmt":"2026-04-10T13:29:03","slug":"caminata-a-la-laguna-congelada-neumeyer","status":"publish","type":"product","link":"https:\/\/patagoniabooking.com\/pt\/product\/caminhada-ate-a-lagoa-congelada-de-neumeyer\/","title":{"rendered":"Caminhada at\u00e9 a Neumeyer Frozen Lagoon: aventura na neve e cen\u00e1rio de inverno \u00fanico"},"content":{"rendered":"<h3 class=\"ai-optimize-23\" data-start=\"527\" data-end=\"633\"><strong data-start=\"531\" data-end=\"633\">Conhe\u00e7a a Patag\u00f4nia nevada: caminhadas na neve, lagos congelados e florestas antigas<\/strong><\/h3>\n<p class=\"ai-optimize-24 ai-optimize-introduction\" data-start=\"635\" data-end=\"957\">Nos meses mais cativantes do inverno, junte-se a n\u00f3s para uma experi\u00eancia diferente: um passeio com raquetes de neve at\u00e9 a lagoa congelada do Ref\u00fagio Neumeyer, um para\u00edso escondido entre as colinas e a floresta andina do Parque Nacional Nahuel Huapi. Ideal para aqueles que sonham em descobrir a natureza patag\u00f4nica em sua m\u00e1xima express\u00e3o invernal, longe da rotina.<\/p>\n<p class=\"ai-optimize-25\" data-start=\"959\" data-end=\"1354\">A escapada come\u00e7a em Bariloche, com traslados confort\u00e1veis de pontos estrat\u00e9gicos da Av. Bustillo e Pioneros at\u00e9 o km 8. Uma vez no ref\u00fagio, os guias locais o preparam para as trilhas brancas com raquetes de neve. A rota passa por \u00e1rvores de lengas, vistas panor\u00e2micas e cantos onde a neve \u00e9 a principal protagonista.<\/p>\n<p class=\"ai-optimize-26\" data-start=\"1356\" data-end=\"1719\">A estrada leva voc\u00ea at\u00e9 o <strong data-start=\"1382\" data-end=\"1402\">Lagoa congelada<\/strong>, Um lugar de paz total e cart\u00f5es postais intocados. L\u00e1 voc\u00ea desfrutar\u00e1 de uma x\u00edcara de ch\u00e1 quente com um doce regional, ideal para relaxar e se deixar levar pelo ambiente. No caminho de volta, um almo\u00e7o caseiro o aguarda no ref\u00fagio para recarregar as baterias, e h\u00e1 muita divers\u00e3o para crian\u00e7as e adultos.<\/p>\n<p class=\"ai-optimize-27\" data-start=\"1721\" data-end=\"2016\">Voc\u00ea pode escolher entre dois hor\u00e1rios: das 9:00 \u00e0s 16:00 horas ou das 11:00 \u00e0s 18:00 horas. O pacote inclui traslados dos pontos de encontro, guia profissional, caminhada com raquetes de neve, almo\u00e7o completo, ch\u00e1 com alfajor local e atividades divertidas. N\u00e3o inclui roupas de neve ou bebidas durante o almo\u00e7o.<\/p>\n<h3 class=\"ai-optimize-28\" data-start=\"2023\" data-end=\"2051\"><strong data-start=\"2027\" data-end=\"2051\">Perguntas frequentes<\/strong><\/h3>\n<p class=\"ai-optimize-29\" data-start=\"2053\" data-end=\"2260\"><strong data-start=\"2053\" data-end=\"2083\">O que vestir?<\/strong><br data-start=\"2083\" data-end=\"2086\" \/>Sugerimos que voc\u00ea use roupas t\u00e9rmicas, cal\u00e7ados \u00e0 prova d'\u00e1gua, luvas, chap\u00e9u e, se tiver, roupas para neve. Forneceremos o equipamento necess\u00e1rio para a pr\u00e1tica de snowshoeing.<\/p>\n<p class=\"ai-optimize-30\" data-start=\"2262\" data-end=\"2448\"><strong data-start=\"2262\" data-end=\"2291\">Posso escolher o hor\u00e1rio?<\/strong><br data-start=\"2291\" data-end=\"2294\" \/>Sim, h\u00e1 dois turnos dispon\u00edveis: um pela manh\u00e3 (9:00 \u00e0s 16:00) e outro \u00e0 tarde (11:00 \u00e0s 18:00). Escolha o que melhor se adapta ao seu plano no momento da reserva.<\/p>\n<p class=\"ai-optimize-31\" data-start=\"2450\" data-end=\"2571\"><strong data-start=\"2450\" data-end=\"2477\">O que est\u00e1 inclu\u00eddo no almo\u00e7o?<\/strong><br data-start=\"2477\" data-end=\"2480\" \/>O card\u00e1pio \u00e9 completo: entrada, prato principal e sobremesa. As bebidas s\u00e3o por sua conta.<\/p>\n<p class=\"ai-optimize-32\" data-start=\"2573\" data-end=\"2769\"><strong data-start=\"2573\" data-end=\"2605\">A atividade est\u00e1 suspensa devido ao mau tempo?<\/strong><br data-start=\"2605\" data-end=\"2608\" \/>A partida \u00e9 feita sob protocolos de seguran\u00e7a. Se o clima for extremo, n\u00f3s o avisaremos com anteced\u00eancia para reagendar ou adaptar a proposta.<\/p>\n<p class=\"ai-optimize-33\" data-start=\"2573\" data-end=\"2769\"><strong>Aviso importante<\/strong>Este passeio j\u00e1 est\u00e1 dispon\u00edvel para pr\u00e9-reserva. As sa\u00eddas operam de 15 de junho a 20 de agosto, sujeitas ao calend\u00e1rio sazonal.<\/p>","protected":false},"excerpt":{"rendered":"<p class=\"ai-optimize-6\">Conhe\u00e7a a Patag\u00f4nia de Bariloche direto para o ref\u00fagio Neumeyer e deixe-se surpreender. Desfrute de uma caminhada entre as \u00e1rvores cobertas de neve e contemple a lagoa congelada em todo o seu esplendor. Uma proposta pensada para aqueles que querem agregar emo\u00e7\u00e3o e conforto em meio \u00e0 natureza nativa.<\/p>","protected":false},"featured_media":377790,"comment_status":"open","ping_status":"closed","template":"","meta":[],"product_brand":[],"product_cat":[26,28,29,30,31,33,37,45],"product_tag":[],"class_list":{"0":"post-46","1":"product","2":"type-product","3":"status-publish","4":"has-post-thumbnail","6":"product_cat-adultos","7":"product_cat-aventura","8":"product_cat-con-comida","9":"product_cat-con-traslado","10":"product_cat-familia","11":"product_cat-invierno","12":"product_cat-ninos","13":"product_cat-terrestre","15":"first","16":"instock","17":"virtual","18":"sold-individually","19":"purchasable","20":"product-type-booking"},"booking_location":"","booking_location_type":"","booking_duration":1,"booking_duration_unit":"hour","booking_buffer":0,"booking_cost":0,"booking_resources":[],"exclude_global_add_ons":false,"addons":[{"name":"ADU: Adulto","type":"input_multiplier","position":0,"required":false,"title_format":"label","default":"","description_enable":false,"description":"","placeholder_enable":false,"placeholder":"","display":"select","restrictions_type":"any_text","adjust_price":true,"price":"264000","price_type":"quantity_based","restrictions":false,"min":"0","max":"0","options":[],"id":1775740553},{"name":"MEN412 | De 4 a 12","type":"input_multiplier","position":1,"required":false,"title_format":"label","default":"","description_enable":false,"description":"","placeholder_enable":false,"placeholder":"","display":"select","restrictions_type":"any_text","adjust_price":true,"price":"222000","price_type":"quantity_based","restrictions":false,"min":"0","max":"0","options":[],"id":1775740554},{"name":"INF04 | De 0 a 4","type":"input_multiplier","position":2,"required":false,"title_format":"label","default":"","description_enable":false,"description":"","placeholder_enable":false,"placeholder":"","display":"select","restrictions_type":"any_text","adjust_price":true,"price":"","price_type":"quantity_based","restrictions":false,"min":"0","max":"0","options":[],"id":1775740555}],"yoast_head":"<!-- This site is optimized with the Yoast SEO Premium plugin v25.2 (Yoast SEO v25.2) - https:\/\/yoast.com\/wordpress\/plugins\/seo\/ -->\n<title>Caminata a la Laguna Congelada Neumeyer: aventura en la nieve y paisajes invernales \u00fanicos - Patagonia Booking<\/title>\n<meta name=\"robots\" content=\"index, follow, max-snippet:-1, max-image-preview:large, max-video-preview:-1\" \/>\n<link rel=\"canonical\" href=\"https:\/\/patagoniabooking.com\/pt\/product\/caminhada-ate-a-lagoa-congelada-de-neumeyer\/\" \/>\n<meta property=\"og:locale\" content=\"pt_BR\" \/>\n<meta property=\"og:type\" content=\"article\" \/>\n<meta property=\"og:title\" content=\"Caminata a la Laguna Congelada Neumeyer: aventura en la nieve y paisajes invernales \u00fanicos\" \/>\n<meta property=\"og:description\" content=\"Viv\u00ed la Patagonia desde Bariloche directo al refugio Neumeyer y dejate sorprender. Disfrut\u00e1 de una traves\u00eda a pie entre \u00e1rboles cubiertos de nieve y contempl\u00e1 la laguna helada en todo su esplendor. Una propuesta pensada para quienes desean sumar emoci\u00f3n y comodidad en plena naturaleza aut\u00f3ctona.\" \/>\n<meta property=\"og:url\" content=\"https:\/\/patagoniabooking.com\/pt\/product\/caminhada-ate-a-lagoa-congelada-de-neumeyer\/\" \/>\n<meta property=\"og:site_name\" content=\"Patagonia Booking\" \/>\n<meta property=\"article:modified_time\" content=\"2026-04-10T13:29:03+00:00\" \/>\n<meta property=\"og:image\" content=\"https:\/\/patagoniabooking.com\/wp-content\/uploads\/sites\/2\/2025\/06\/4-A-refugio-neumeyer-copia-2.jpg\" \/>\n\t<meta property=\"og:image:width\" content=\"992\" \/>\n\t<meta property=\"og:image:height\" content=\"1323\" \/>\n\t<meta property=\"og:image:type\" content=\"image\/jpeg\" \/>\n<meta name=\"twitter:card\" content=\"summary_large_image\" \/>\n<meta name=\"twitter:label1\" content=\"Pre\u00e7o\" \/>\n\t<meta name=\"twitter:data1\" content=\"&#036;264,000.00\" \/>\n\t<meta name=\"twitter:label2\" content=\"Disponibilidade\" \/>\n\t<meta name=\"twitter:data2\" content=\"Em Estoque\" \/>\n<script type=\"application\/ld+json\" class=\"yoast-schema-graph\">{\"@context\":\"https:\/\/schema.org\",\"@graph\":[{\"@type\":\"WebPage\",\"@id\":\"https:\/\/patagoniabooking.com\/product\/caminata-a-la-laguna-congelada-neumeyer\/\",\"url\":\"https:\/\/patagoniabooking.com\/product\/caminata-a-la-laguna-congelada-neumeyer\/\",\"name\":\"Caminata a la Laguna Congelada Neumeyer: aventura en la nieve y paisajes invernales \u00fanicos - Patagonia Booking\",\"isPartOf\":{\"@id\":\"https:\/\/patagoniabooking.com\/#website\"},\"primaryImageOfPage\":{\"@id\":\"https:\/\/patagoniabooking.com\/product\/caminata-a-la-laguna-congelada-neumeyer\/#primaryimage\"},\"image\":{\"@id\":\"https:\/\/patagoniabooking.com\/product\/caminata-a-la-laguna-congelada-neumeyer\/#primaryimage\"},\"thumbnailUrl\":\"https:\/\/patagoniabooking.com\/wp-content\/uploads\/sites\/2\/2025\/06\/4-A-refugio-neumeyer-copia-2.jpg\",\"datePublished\":\"2025-06-12T13:39:45+00:00\",\"dateModified\":\"2026-04-10T13:29:03+00:00\",\"breadcrumb\":{\"@id\":\"https:\/\/patagoniabooking.com\/product\/caminata-a-la-laguna-congelada-neumeyer\/#breadcrumb\"},\"inLanguage\":\"pt-BR\",\"potentialAction\":[{\"@type\":\"ReadAction\",\"target\":[\"https:\/\/patagoniabooking.com\/product\/caminata-a-la-laguna-congelada-neumeyer\/\"]}]},{\"@type\":\"ImageObject\",\"inLanguage\":\"pt-BR\",\"@id\":\"https:\/\/patagoniabooking.com\/product\/caminata-a-la-laguna-congelada-neumeyer\/#primaryimage\",\"url\":\"https:\/\/patagoniabooking.com\/wp-content\/uploads\/sites\/2\/2025\/06\/4-A-refugio-neumeyer-copia-2.jpg\",\"contentUrl\":\"https:\/\/patagoniabooking.com\/wp-content\/uploads\/sites\/2\/2025\/06\/4-A-refugio-neumeyer-copia-2.jpg\",\"width\":992,\"height\":1323},{\"@type\":\"BreadcrumbList\",\"@id\":\"https:\/\/patagoniabooking.com\/product\/caminata-a-la-laguna-congelada-neumeyer\/#breadcrumb\",\"itemListElement\":[{\"@type\":\"ListItem\",\"position\":1,\"name\":\"Inicio\",\"item\":\"https:\/\/patagoniabooking.com\/\"},{\"@type\":\"ListItem\",\"position\":2,\"name\":\"Lista de excursiones\",\"item\":\"https:\/\/patagoniabooking.com\/shop\/\"},{\"@type\":\"ListItem\",\"position\":3,\"name\":\"Caminata a la Laguna Congelada Neumeyer: aventura en la nieve y paisajes invernales \u00fanicos\"}]},{\"@type\":\"WebSite\",\"@id\":\"https:\/\/patagoniabooking.com\/#website\",\"url\":\"https:\/\/patagoniabooking.com\/\",\"name\":\"Patagonia Booking\",\"description\":\"\",\"publisher\":{\"@id\":\"https:\/\/patagoniabooking.com\/#organization\"},\"potentialAction\":[{\"@type\":\"SearchAction\",\"target\":{\"@type\":\"EntryPoint\",\"urlTemplate\":\"https:\/\/patagoniabooking.com\/?s={search_term_string}\"},\"query-input\":{\"@type\":\"PropertyValueSpecification\",\"valueRequired\":true,\"valueName\":\"search_term_string\"}}],\"inLanguage\":\"pt-BR\"},{\"@type\":\"Organization\",\"@id\":\"https:\/\/patagoniabooking.com\/#organization\",\"name\":\"Patagonia Booking\",\"url\":\"https:\/\/patagoniabooking.com\/\",\"logo\":{\"@type\":\"ImageObject\",\"inLanguage\":\"pt-BR\",\"@id\":\"https:\/\/patagoniabooking.com\/#\/schema\/logo\/image\/\",\"url\":\"https:\/\/patagoniabooking.com\/wp-content\/uploads\/sites\/2\/2025\/06\/logo-patagonia-booking.png\",\"contentUrl\":\"https:\/\/patagoniabooking.com\/wp-content\/uploads\/sites\/2\/2025\/06\/logo-patagonia-booking.png\",\"width\":80,\"height\":80,\"caption\":\"Patagonia Booking\"},\"image\":{\"@id\":\"https:\/\/patagoniabooking.com\/#\/schema\/logo\/image\/\"}}]}<\/script>\n<meta property=\"product:price:amount\" content=\"264000.00\" \/>\n<meta property=\"product:price:currency\" content=\"ARS\" \/>\n<meta property=\"og:availability\" content=\"instock\" \/>\n<meta property=\"product:availability\" content=\"instock\" \/>\n<meta property=\"product:retailer_item_id\" content=\"ADV2025CAALALE5DM\" \/>\n<meta property=\"product:condition\" content=\"new\" \/>\n<!-- \/ Yoast SEO Premium plugin. -->","yoast_head_json":{"title":"Caminhada at\u00e9 a Lagoa Congelada Neumeyer: aventura na neve e paisagens invernais \u00fanicas - Patagonia Booking","robots":{"index":"index","follow":"follow","max-snippet":"max-snippet:-1","max-image-preview":"max-image-preview:large","max-video-preview":"max-video-preview:-1"},"canonical":"https:\/\/patagoniabooking.com\/pt\/product\/caminhada-ate-a-lagoa-congelada-de-neumeyer\/","og_locale":"pt_BR","og_type":"article","og_title":"Caminata a la Laguna Congelada Neumeyer: aventura en la nieve y paisajes invernales \u00fanicos","og_description":"Viv\u00ed la Patagonia desde Bariloche directo al refugio Neumeyer y dejate sorprender. Disfrut\u00e1 de una traves\u00eda a pie entre \u00e1rboles cubiertos de nieve y contempl\u00e1 la laguna helada en todo su esplendor. Una propuesta pensada para quienes desean sumar emoci\u00f3n y comodidad en plena naturaleza aut\u00f3ctona.","og_url":"https:\/\/patagoniabooking.com\/pt\/product\/caminhada-ate-a-lagoa-congelada-de-neumeyer\/","og_site_name":"Patagonia Booking","article_modified_time":"2026-04-10T13:29:03+00:00","og_image":[{"width":992,"height":1323,"url":"https:\/\/patagoniabooking.com\/wp-content\/uploads\/sites\/2\/2025\/06\/4-A-refugio-neumeyer-copia-2.jpg","type":"image\/jpeg"}],"twitter_card":"summary_large_image","twitter_misc":{"Pre\u00e7o":"&#36;264,000.00","Disponibilidade":"Em Estoque"},"schema":{"@context":"https:\/\/schema.org","@graph":[{"@type":"WebPage","@id":"https:\/\/patagoniabooking.com\/product\/caminata-a-la-laguna-congelada-neumeyer\/","url":"https:\/\/patagoniabooking.com\/product\/caminata-a-la-laguna-congelada-neumeyer\/","name":"Caminhada at\u00e9 a Lagoa Congelada Neumeyer: aventura na neve e paisagens invernais \u00fanicas - Patagonia Booking","isPartOf":{"@id":"https:\/\/patagoniabooking.com\/#website"},"primaryImageOfPage":{"@id":"https:\/\/patagoniabooking.com\/product\/caminata-a-la-laguna-congelada-neumeyer\/#primaryimage"},"image":{"@id":"https:\/\/patagoniabooking.com\/product\/caminata-a-la-laguna-congelada-neumeyer\/#primaryimage"},"thumbnailUrl":"https:\/\/patagoniabooking.com\/wp-content\/uploads\/sites\/2\/2025\/06\/4-A-refugio-neumeyer-copia-2.jpg","datePublished":"2025-06-12T13:39:45+00:00","dateModified":"2026-04-10T13:29:03+00:00","breadcrumb":{"@id":"https:\/\/patagoniabooking.com\/product\/caminata-a-la-laguna-congelada-neumeyer\/#breadcrumb"},"inLanguage":"pt-BR","potentialAction":[{"@type":"ReadAction","target":["https:\/\/patagoniabooking.com\/product\/caminata-a-la-laguna-congelada-neumeyer\/"]}]},{"@type":"ImageObject","inLanguage":"pt-BR","@id":"https:\/\/patagoniabooking.com\/product\/caminata-a-la-laguna-congelada-neumeyer\/#primaryimage","url":"https:\/\/patagoniabooking.com\/wp-content\/uploads\/sites\/2\/2025\/06\/4-A-refugio-neumeyer-copia-2.jpg","contentUrl":"https:\/\/patagoniabooking.com\/wp-content\/uploads\/sites\/2\/2025\/06\/4-A-refugio-neumeyer-copia-2.jpg","width":992,"height":1323},{"@type":"BreadcrumbList","@id":"https:\/\/patagoniabooking.com\/product\/caminata-a-la-laguna-congelada-neumeyer\/#breadcrumb","itemListElement":[{"@type":"ListItem","position":1,"name":"Inicio","item":"https:\/\/patagoniabooking.com\/"},{"@type":"ListItem","position":2,"name":"Lista de excursiones","item":"https:\/\/patagoniabooking.com\/shop\/"},{"@type":"ListItem","position":3,"name":"Caminata a la Laguna Congelada Neumeyer: aventura en la nieve y paisajes invernales \u00fanicos"}]},{"@type":"WebSite","@id":"https:\/\/patagoniabooking.com\/#website","url":"https:\/\/patagoniabooking.com\/","name":"Reservas para a Patag\u00f4nia","description":"","publisher":{"@id":"https:\/\/patagoniabooking.com\/#organization"},"potentialAction":[{"@type":"SearchAction","target":{"@type":"EntryPoint","urlTemplate":"https:\/\/patagoniabooking.com\/?s={search_term_string}"},"query-input":{"@type":"PropertyValueSpecification","valueRequired":true,"valueName":"search_term_string"}}],"inLanguage":"pt-BR"},{"@type":"Organization","@id":"https:\/\/patagoniabooking.com\/#organization","name":"Reservas para a Patag\u00f4nia","url":"https:\/\/patagoniabooking.com\/","logo":{"@type":"ImageObject","inLanguage":"pt-BR","@id":"https:\/\/patagoniabooking.com\/#\/schema\/logo\/image\/","url":"https:\/\/patagoniabooking.com\/wp-content\/uploads\/sites\/2\/2025\/06\/logo-patagonia-booking.png","contentUrl":"https:\/\/patagoniabooking.com\/wp-content\/uploads\/sites\/2\/2025\/06\/logo-patagonia-booking.png","width":80,"height":80,"caption":"Patagonia Booking"},"image":{"@id":"https:\/\/patagoniabooking.com\/#\/schema\/logo\/image\/"}}]},"product_price_amount":"264000.00","product_price_currency":"ARS","og_availability":"instock","product_availability":"instock","product_retailer_item_id":"ADV2025CAALALE5DM","product_condition":"new"},"_links":{"self":[{"href":"https:\/\/patagoniabooking.com\/pt\/wp-json\/wp\/v2\/product\/46","targetHints":{"allow":["GET"]}}],"collection":[{"href":"https:\/\/patagoniabooking.com\/pt\/wp-json\/wp\/v2\/product"}],"about":[{"href":"https:\/\/patagoniabooking.com\/pt\/wp-json\/wp\/v2\/types\/product"}],"replies":[{"embeddable":true,"href":"https:\/\/patagoniabooking.com\/pt\/wp-json\/wp\/v2\/comments?post=46"}],"wp:featuredmedia":[{"embeddable":true,"href":"https:\/\/patagoniabooking.com\/pt\/wp-json\/wp\/v2\/media\/377790"}],"wp:attachment":[{"href":"https:\/\/patagoniabooking.com\/pt\/wp-json\/wp\/v2\/media?parent=46"}],"wp:term":[{"taxonomy":"product_brand","embeddable":true,"href":"https:\/\/patagoniabooking.com\/pt\/wp-json\/wp\/v2\/product_brand?post=46"},{"taxonomy":"product_cat","embeddable":true,"href":"https:\/\/patagoniabooking.com\/pt\/wp-json\/wp\/v2\/product_cat?post=46"},{"taxonomy":"product_tag","embeddable":true,"href":"https:\/\/patagoniabooking.com\/pt\/wp-json\/wp\/v2\/product_tag?post=46"}],"curies":[{"name":"wp","href":"https:\/\/api.w.org\/{rel}","templated":true}]}}