{"id":45,"date":"2025-06-12T10:39:20","date_gmt":"2025-06-12T13:39:20","guid":{"rendered":"https:\/\/patagoniabooking.shop\/product\/vivi-tu-bautismo-de-ski-snow-en-la-nieve-en-el-cerro-catedral\/"},"modified":"2026-04-10T10:31:34","modified_gmt":"2026-04-10T13:31:34","slug":"clase-bautismo-ski-snow-cerro-catedral","status":"publish","type":"product","link":"https:\/\/patagoniabooking.com\/pt\/product\/aula-de-batismo-esqui-neve-esqui-cerro-catedral\/","title":{"rendered":"Experimente seu batismo de esqui\/snowboard na neve em Cerro Catedral"},"content":{"rendered":"<h3 class=\"ai-optimize-25\" data-start=\"406\" data-end=\"513\"><strong data-start=\"410\" data-end=\"513\">Experimente seu primeiro encontro com a neve: emo\u00e7\u00f5es de esqui ou snowboard no Cerro Catedral<\/strong><\/h3>\n<p class=\"ai-optimize-26 ai-optimize-introduction\" data-start=\"515\" data-end=\"808\">Voc\u00ea sempre sonhou em deslizar na neve? Esta \u00e9 a proposta ideal para voc\u00ea. Voltado para iniciantes, o <strong data-start=\"665\" data-end=\"701\">Aula de batismo no Cerro Catedral<\/strong> oferece acesso aut\u00eantico ao mundo dos esportes de inverno no maior resort de esqui da Am\u00e9rica do Sul.<\/p>\n<p class=\"ai-optimize-27\" data-start=\"810\" data-end=\"1150\">Do centro de Bariloche, n\u00f3s o levaremos at\u00e9 a base da montanha em um traslado confort\u00e1vel e seguro. Na chegada, voc\u00ea receber\u00e1 o equipamento completo e come\u00e7ar\u00e1 sua caminhada. <strong data-start=\"975\" data-end=\"1002\">Aula em grupo de 2 horas<\/strong> com instrutores profissionais. Aprenda o b\u00e1sico, ganhe confian\u00e7a em um ambiente protegido e aproveite o dia na neve, sem pressa.<\/p>\n<p class=\"ai-optimize-28\" data-start=\"1152\" data-end=\"1280\">Ap\u00f3s o t\u00e9rmino da instru\u00e7\u00e3o, voc\u00ea poder\u00e1 continuar praticando pelo resto do dia em pistas projetadas para iniciantes.<\/p>\n<p class=\"ai-optimize-29\" data-start=\"1282\" data-end=\"1422\">A proposta est\u00e1 dispon\u00edvel todos os dias de 15 de junho a 20 de agosto, entre 8:00 e 16:00 hs. Recomendado para crian\u00e7as com mais de 12 anos de idade.<\/p>\n<h3 class=\"ai-optimize-30\" data-start=\"1429\" data-end=\"1463\"><strong data-start=\"1433\" data-end=\"1463\">O que a atividade inclui?<\/strong><\/h3>\n<p class=\"ai-optimize-31\" data-start=\"1465\" data-end=\"1691\">O pacote inclui traslado de ida e volta dos pontos de encontro no centro de Bariloche e no km 8 da Av. Bustillo ou Pioneros, conjunto completo de esqui ou snowboard, aula intensiva em grupo e acesso \u00e0s pistas para iniciantes.<\/p>\n<p class=\"ai-optimize-32\" data-start=\"1693\" data-end=\"1785\">N\u00e3o inclui equipamento de neve, refei\u00e7\u00f5es, passes para telef\u00e9ricos ou outros meios de eleva\u00e7\u00e3o.<\/p>\n<h3 class=\"ai-optimize-33\" data-start=\"1792\" data-end=\"1820\"><strong data-start=\"1796\" data-end=\"1820\">Perguntas frequentes<\/strong><\/h3>\n<p class=\"ai-optimize-34\" data-start=\"1822\" data-end=\"1958\"><strong data-start=\"1822\" data-end=\"1865\">Voc\u00ea precisa saber esquiar ou praticar snowboard?<\/strong><br data-start=\"1865\" data-end=\"1868\" \/>Voc\u00ea n\u00e3o precisa fazer isso. Este curso foi criado para quem nunca esquiou ou praticou snowboard.<\/p>\n<p class=\"ai-optimize-35\" data-start=\"1960\" data-end=\"2063\"><strong data-start=\"1960\" data-end=\"2001\">A partir de que idade posso me associar?<\/strong><br data-start=\"2001\" data-end=\"2004\" \/>A proposta \u00e9 adequada para pessoas com 12 anos ou mais.<\/p>\n<p class=\"ai-optimize-36\" data-start=\"2065\" data-end=\"2218\"><strong data-start=\"2065\" data-end=\"2120\">Posso usar o equipamento o dia todo?<\/strong><br data-start=\"2120\" data-end=\"2123\" \/>Sim, o equipamento ainda est\u00e1 dispon\u00edvel ap\u00f3s a aula, para que voc\u00ea possa aproveitar ao m\u00e1ximo cada minuto.<\/p>\n<p class=\"ai-optimize-37\" data-start=\"2220\" data-end=\"2347\"><strong data-start=\"2220\" data-end=\"2267\">O passe de telef\u00e9rico est\u00e1 inclu\u00eddo no pre\u00e7o?<\/strong><br data-start=\"2267\" data-end=\"2270\" \/>N\u00e3o, o acesso aos elevadores \u00e9 pago separadamente e n\u00e3o faz parte do pacote.<\/p>\n<p class=\"ai-optimize-38\" data-start=\"2220\" data-end=\"2347\"><strong>Aviso importante<\/strong>Este passeio j\u00e1 est\u00e1 dispon\u00edvel para pr\u00e9-reserva. As sa\u00eddas operam de 15 de junho a 20 de agosto, sujeitas ao calend\u00e1rio sazonal.<\/p>","protected":false},"excerpt":{"rendered":"<p class=\"ai-optimize-6\">Viva a experi\u00eancia \u00fanica de se iniciar no esqui ou no snowboard no renomado Cerro Catedral. O servi\u00e7o inclui traslado, equipamento completo e uma aula personalizada saindo de Bariloche, combinando divers\u00e3o com conforto e aten\u00e7\u00e3o exclusiva.<\/p>","protected":false},"featured_media":377797,"comment_status":"open","ping_status":"closed","template":"","meta":[],"product_brand":[],"product_cat":[26,28,30,31,33,37,42,45],"product_tag":[],"class_list":{"0":"post-45","1":"product","2":"type-product","3":"status-publish","4":"has-post-thumbnail","6":"product_cat-adultos","7":"product_cat-aventura","8":"product_cat-con-traslado","9":"product_cat-familia","10":"product_cat-invierno","11":"product_cat-ninos","12":"product_cat-sin-comida","13":"product_cat-terrestre","15":"first","16":"instock","17":"virtual","18":"sold-individually","19":"purchasable","20":"product-type-booking"},"booking_location":"","booking_location_type":"","booking_duration":1,"booking_duration_unit":"hour","booking_buffer":0,"booking_cost":0,"booking_resources":[],"exclude_global_add_ons":false,"addons":[{"name":"ADU: Adulto","type":"input_multiplier","position":0,"required":false,"title_format":"label","default":"","description_enable":false,"description":"","placeholder_enable":false,"placeholder":"","display":"select","restrictions_type":"any_text","adjust_price":true,"price":"144000","price_type":"quantity_based","restrictions":false,"min":"0","max":"0","options":[],"id":1775740869}],"yoast_head":"<!-- This site is optimized with the Yoast SEO Premium plugin v25.2 (Yoast SEO v25.2) - https:\/\/yoast.com\/wordpress\/plugins\/seo\/ -->\n<title>Viv\u00ed tu Bautismo de ski \/ snow en la Nieve en el Cerro Catedral - Patagonia Booking<\/title>\n<meta name=\"robots\" content=\"index, follow, max-snippet:-1, max-image-preview:large, max-video-preview:-1\" \/>\n<link rel=\"canonical\" href=\"https:\/\/patagoniabooking.com\/pt\/product\/aula-de-batismo-esqui-neve-esqui-cerro-catedral\/\" \/>\n<meta property=\"og:locale\" content=\"pt_BR\" \/>\n<meta property=\"og:type\" content=\"article\" \/>\n<meta property=\"og:title\" content=\"Viv\u00ed tu Bautismo de ski \/ snow en la Nieve en el Cerro Catedral\" \/>\n<meta property=\"og:description\" content=\"Viv\u00ed la experiencia \u00fanica de iniciarte en ski o snowboard en el reconocido Cerro Catedral. El servicio contempla traslado, equipo completo y una clase personalizada saliendo desde Bariloche, combinando diversi\u00f3n con confort y atenci\u00f3n exclusiva.\" \/>\n<meta property=\"og:url\" content=\"https:\/\/patagoniabooking.com\/pt\/product\/aula-de-batismo-esqui-neve-esqui-cerro-catedral\/\" \/>\n<meta property=\"og:site_name\" content=\"Patagonia Booking\" \/>\n<meta property=\"article:modified_time\" content=\"2026-04-10T13:31:34+00:00\" \/>\n<meta property=\"og:image\" content=\"https:\/\/patagoniabooking.com\/wp-content\/uploads\/sites\/2\/2025\/06\/4-d-jhuih.jpg\" \/>\n\t<meta property=\"og:image:width\" content=\"992\" \/>\n\t<meta property=\"og:image:height\" content=\"1323\" \/>\n\t<meta property=\"og:image:type\" content=\"image\/jpeg\" \/>\n<meta name=\"twitter:card\" content=\"summary_large_image\" \/>\n<meta name=\"twitter:label1\" content=\"Pre\u00e7o\" \/>\n\t<meta name=\"twitter:data1\" content=\"&#036;144,000.00\" \/>\n\t<meta name=\"twitter:label2\" content=\"Disponibilidade\" \/>\n\t<meta name=\"twitter:data2\" content=\"Em Estoque\" \/>\n<script type=\"application\/ld+json\" class=\"yoast-schema-graph\">{\"@context\":\"https:\/\/schema.org\",\"@graph\":[{\"@type\":\"WebPage\",\"@id\":\"https:\/\/patagoniabooking.com\/product\/clase-bautismo-ski-snow-cerro-catedral\/\",\"url\":\"https:\/\/patagoniabooking.com\/product\/clase-bautismo-ski-snow-cerro-catedral\/\",\"name\":\"Viv\u00ed tu Bautismo de ski \/ snow en la Nieve en el Cerro Catedral - Patagonia Booking\",\"isPartOf\":{\"@id\":\"https:\/\/patagoniabooking.com\/#website\"},\"primaryImageOfPage\":{\"@id\":\"https:\/\/patagoniabooking.com\/product\/clase-bautismo-ski-snow-cerro-catedral\/#primaryimage\"},\"image\":{\"@id\":\"https:\/\/patagoniabooking.com\/product\/clase-bautismo-ski-snow-cerro-catedral\/#primaryimage\"},\"thumbnailUrl\":\"https:\/\/patagoniabooking.com\/wp-content\/uploads\/sites\/2\/2025\/06\/4-d-jhuih.jpg\",\"datePublished\":\"2025-06-12T13:39:20+00:00\",\"dateModified\":\"2026-04-10T13:31:34+00:00\",\"breadcrumb\":{\"@id\":\"https:\/\/patagoniabooking.com\/product\/clase-bautismo-ski-snow-cerro-catedral\/#breadcrumb\"},\"inLanguage\":\"pt-BR\",\"potentialAction\":[{\"@type\":\"ReadAction\",\"target\":[\"https:\/\/patagoniabooking.com\/product\/clase-bautismo-ski-snow-cerro-catedral\/\"]}]},{\"@type\":\"ImageObject\",\"inLanguage\":\"pt-BR\",\"@id\":\"https:\/\/patagoniabooking.com\/product\/clase-bautismo-ski-snow-cerro-catedral\/#primaryimage\",\"url\":\"https:\/\/patagoniabooking.com\/wp-content\/uploads\/sites\/2\/2025\/06\/4-d-jhuih.jpg\",\"contentUrl\":\"https:\/\/patagoniabooking.com\/wp-content\/uploads\/sites\/2\/2025\/06\/4-d-jhuih.jpg\",\"width\":992,\"height\":1323},{\"@type\":\"BreadcrumbList\",\"@id\":\"https:\/\/patagoniabooking.com\/product\/clase-bautismo-ski-snow-cerro-catedral\/#breadcrumb\",\"itemListElement\":[{\"@type\":\"ListItem\",\"position\":1,\"name\":\"Inicio\",\"item\":\"https:\/\/patagoniabooking.com\/\"},{\"@type\":\"ListItem\",\"position\":2,\"name\":\"Lista de excursiones\",\"item\":\"https:\/\/patagoniabooking.com\/shop\/\"},{\"@type\":\"ListItem\",\"position\":3,\"name\":\"Viv\u00ed tu Bautismo de ski \/ snow en la Nieve en el Cerro Catedral\"}]},{\"@type\":\"WebSite\",\"@id\":\"https:\/\/patagoniabooking.com\/#website\",\"url\":\"https:\/\/patagoniabooking.com\/\",\"name\":\"Patagonia Booking\",\"description\":\"\",\"publisher\":{\"@id\":\"https:\/\/patagoniabooking.com\/#organization\"},\"potentialAction\":[{\"@type\":\"SearchAction\",\"target\":{\"@type\":\"EntryPoint\",\"urlTemplate\":\"https:\/\/patagoniabooking.com\/?s={search_term_string}\"},\"query-input\":{\"@type\":\"PropertyValueSpecification\",\"valueRequired\":true,\"valueName\":\"search_term_string\"}}],\"inLanguage\":\"pt-BR\"},{\"@type\":\"Organization\",\"@id\":\"https:\/\/patagoniabooking.com\/#organization\",\"name\":\"Patagonia Booking\",\"url\":\"https:\/\/patagoniabooking.com\/\",\"logo\":{\"@type\":\"ImageObject\",\"inLanguage\":\"pt-BR\",\"@id\":\"https:\/\/patagoniabooking.com\/#\/schema\/logo\/image\/\",\"url\":\"https:\/\/patagoniabooking.com\/wp-content\/uploads\/sites\/2\/2025\/06\/logo-patagonia-booking.png\",\"contentUrl\":\"https:\/\/patagoniabooking.com\/wp-content\/uploads\/sites\/2\/2025\/06\/logo-patagonia-booking.png\",\"width\":80,\"height\":80,\"caption\":\"Patagonia Booking\"},\"image\":{\"@id\":\"https:\/\/patagoniabooking.com\/#\/schema\/logo\/image\/\"}}]}<\/script>\n<meta property=\"product:price:amount\" content=\"144000.00\" \/>\n<meta property=\"product:price:currency\" content=\"ARS\" \/>\n<meta property=\"og:availability\" content=\"instock\" \/>\n<meta property=\"product:availability\" content=\"instock\" \/>\n<meta property=\"product:retailer_item_id\" content=\"ADV2025CLBADEBK70\" \/>\n<meta property=\"product:condition\" content=\"new\" \/>\n<!-- \/ Yoast SEO Premium plugin. -->","yoast_head_json":{"title":"Experimente seu batismo de esqui \/ snowboard no Cerro Catedral - Patag\u00f4nia Booking","robots":{"index":"index","follow":"follow","max-snippet":"max-snippet:-1","max-image-preview":"max-image-preview:large","max-video-preview":"max-video-preview:-1"},"canonical":"https:\/\/patagoniabooking.com\/pt\/product\/aula-de-batismo-esqui-neve-esqui-cerro-catedral\/","og_locale":"pt_BR","og_type":"article","og_title":"Viv\u00ed tu Bautismo de ski \/ snow en la Nieve en el Cerro Catedral","og_description":"Viv\u00ed la experiencia \u00fanica de iniciarte en ski o snowboard en el reconocido Cerro Catedral. El servicio contempla traslado, equipo completo y una clase personalizada saliendo desde Bariloche, combinando diversi\u00f3n con confort y atenci\u00f3n exclusiva.","og_url":"https:\/\/patagoniabooking.com\/pt\/product\/aula-de-batismo-esqui-neve-esqui-cerro-catedral\/","og_site_name":"Patagonia Booking","article_modified_time":"2026-04-10T13:31:34+00:00","og_image":[{"width":992,"height":1323,"url":"https:\/\/patagoniabooking.com\/wp-content\/uploads\/sites\/2\/2025\/06\/4-d-jhuih.jpg","type":"image\/jpeg"}],"twitter_card":"summary_large_image","twitter_misc":{"Pre\u00e7o":"&#36;144,000.00","Disponibilidade":"Em Estoque"},"schema":{"@context":"https:\/\/schema.org","@graph":[{"@type":"WebPage","@id":"https:\/\/patagoniabooking.com\/product\/clase-bautismo-ski-snow-cerro-catedral\/","url":"https:\/\/patagoniabooking.com\/product\/clase-bautismo-ski-snow-cerro-catedral\/","name":"Experimente seu batismo de esqui \/ snowboard no Cerro Catedral - Patag\u00f4nia Booking","isPartOf":{"@id":"https:\/\/patagoniabooking.com\/#website"},"primaryImageOfPage":{"@id":"https:\/\/patagoniabooking.com\/product\/clase-bautismo-ski-snow-cerro-catedral\/#primaryimage"},"image":{"@id":"https:\/\/patagoniabooking.com\/product\/clase-bautismo-ski-snow-cerro-catedral\/#primaryimage"},"thumbnailUrl":"https:\/\/patagoniabooking.com\/wp-content\/uploads\/sites\/2\/2025\/06\/4-d-jhuih.jpg","datePublished":"2025-06-12T13:39:20+00:00","dateModified":"2026-04-10T13:31:34+00:00","breadcrumb":{"@id":"https:\/\/patagoniabooking.com\/product\/clase-bautismo-ski-snow-cerro-catedral\/#breadcrumb"},"inLanguage":"pt-BR","potentialAction":[{"@type":"ReadAction","target":["https:\/\/patagoniabooking.com\/product\/clase-bautismo-ski-snow-cerro-catedral\/"]}]},{"@type":"ImageObject","inLanguage":"pt-BR","@id":"https:\/\/patagoniabooking.com\/product\/clase-bautismo-ski-snow-cerro-catedral\/#primaryimage","url":"https:\/\/patagoniabooking.com\/wp-content\/uploads\/sites\/2\/2025\/06\/4-d-jhuih.jpg","contentUrl":"https:\/\/patagoniabooking.com\/wp-content\/uploads\/sites\/2\/2025\/06\/4-d-jhuih.jpg","width":992,"height":1323},{"@type":"BreadcrumbList","@id":"https:\/\/patagoniabooking.com\/product\/clase-bautismo-ski-snow-cerro-catedral\/#breadcrumb","itemListElement":[{"@type":"ListItem","position":1,"name":"Inicio","item":"https:\/\/patagoniabooking.com\/"},{"@type":"ListItem","position":2,"name":"Lista de excursiones","item":"https:\/\/patagoniabooking.com\/shop\/"},{"@type":"ListItem","position":3,"name":"Viv\u00ed tu Bautismo de ski \/ snow en la Nieve en el Cerro Catedral"}]},{"@type":"WebSite","@id":"https:\/\/patagoniabooking.com\/#website","url":"https:\/\/patagoniabooking.com\/","name":"Reservas para a Patag\u00f4nia","description":"","publisher":{"@id":"https:\/\/patagoniabooking.com\/#organization"},"potentialAction":[{"@type":"SearchAction","target":{"@type":"EntryPoint","urlTemplate":"https:\/\/patagoniabooking.com\/?s={search_term_string}"},"query-input":{"@type":"PropertyValueSpecification","valueRequired":true,"valueName":"search_term_string"}}],"inLanguage":"pt-BR"},{"@type":"Organization","@id":"https:\/\/patagoniabooking.com\/#organization","name":"Reservas para a Patag\u00f4nia","url":"https:\/\/patagoniabooking.com\/","logo":{"@type":"ImageObject","inLanguage":"pt-BR","@id":"https:\/\/patagoniabooking.com\/#\/schema\/logo\/image\/","url":"https:\/\/patagoniabooking.com\/wp-content\/uploads\/sites\/2\/2025\/06\/logo-patagonia-booking.png","contentUrl":"https:\/\/patagoniabooking.com\/wp-content\/uploads\/sites\/2\/2025\/06\/logo-patagonia-booking.png","width":80,"height":80,"caption":"Patagonia Booking"},"image":{"@id":"https:\/\/patagoniabooking.com\/#\/schema\/logo\/image\/"}}]},"product_price_amount":"144000.00","product_price_currency":"ARS","og_availability":"instock","product_availability":"instock","product_retailer_item_id":"ADV2025CLBADEBK70","product_condition":"new"},"_links":{"self":[{"href":"https:\/\/patagoniabooking.com\/pt\/wp-json\/wp\/v2\/product\/45","targetHints":{"allow":["GET"]}}],"collection":[{"href":"https:\/\/patagoniabooking.com\/pt\/wp-json\/wp\/v2\/product"}],"about":[{"href":"https:\/\/patagoniabooking.com\/pt\/wp-json\/wp\/v2\/types\/product"}],"replies":[{"embeddable":true,"href":"https:\/\/patagoniabooking.com\/pt\/wp-json\/wp\/v2\/comments?post=45"}],"wp:featuredmedia":[{"embeddable":true,"href":"https:\/\/patagoniabooking.com\/pt\/wp-json\/wp\/v2\/media\/377797"}],"wp:attachment":[{"href":"https:\/\/patagoniabooking.com\/pt\/wp-json\/wp\/v2\/media?parent=45"}],"wp:term":[{"taxonomy":"product_brand","embeddable":true,"href":"https:\/\/patagoniabooking.com\/pt\/wp-json\/wp\/v2\/product_brand?post=45"},{"taxonomy":"product_cat","embeddable":true,"href":"https:\/\/patagoniabooking.com\/pt\/wp-json\/wp\/v2\/product_cat?post=45"},{"taxonomy":"product_tag","embeddable":true,"href":"https:\/\/patagoniabooking.com\/pt\/wp-json\/wp\/v2\/product_tag?post=45"}],"curies":[{"name":"wp","href":"https:\/\/api.w.org\/{rel}","templated":true}]}}