{"id":44,"date":"2025-06-12T10:39:03","date_gmt":"2025-06-12T13:39:03","guid":{"rendered":"https:\/\/patagoniabooking.shop\/product\/puerto-blest-y-cascada-los-cantaros-lago-frias-sin-traslado\/"},"modified":"2026-04-08T16:32:42","modified_gmt":"2026-04-08T19:32:42","slug":"puerto-blest-cascada-los-cantaros-lago-frias-bariloche","status":"publish","type":"product","link":"https:\/\/patagoniabooking.com\/pt\/product\/puerto-blest-cachoeira-los-cantaros-lago-frias-bariloche\/","title":{"rendered":"Puerto Blest e Cachoeira \u201cLos Cantaros\u201d + Lago Frias sem traslado"},"content":{"rendered":"<h2 class=\"ai-optimize-22\">Experimente a tranquilidade \u00fanica de Puerto Blest e a Cascada de los C\u00e1ntaros (Cachoeira dos C\u00e2ntaros)<\/h2>\n<p class=\"ai-optimize-23 ai-optimize-introduction\">Sa\u00ed de <strong>Puerto Pa\u00f1uelo<\/strong>, localizado a apenas 25 km de <strong>San Carlos de Bariloche<\/strong>, e embarque em uma experi\u00eancia inesquec\u00edvel nas \u00e1guas do <strong>Lago Nahuel Huapi<\/strong>. Nessa caminhada, contemple o <strong>Ilhota Sentinela<\/strong>, um local que honra a mem\u00f3ria do grande <strong>Perito Moreno<\/strong>, e fa\u00e7a uma caminhada pelas trilhas e passarelas que o levam ao impressionante <strong>Cachoeira Los C\u00e1ntaros<\/strong>, cercado por imponentes paredes de granito.<\/p>\n<h3 class=\"ai-optimize-24\">Uma aventura para se reconectar com o ambiente natural<\/h3>\n<p class=\"ai-optimize-25\">Durante a travessia, aproveite as vistas panor\u00e2micas \u00fanicas do <strong>Cordilheira dos Andes<\/strong> e as ilhas que adornam esse cen\u00e1rio privilegiado. Chegando em <strong>Puerto Blest<\/strong>, abra\u00e7ar a calma de seu <strong>Ba\u00eda<\/strong> e descobriu os incr\u00edveis tons de verde do <strong>Lago Frias<\/strong>, O resultado do derretimento das geleiras do <strong>Serra do Tronador<\/strong>.<\/p>\n<h3 class=\"ai-optimize-26\">Vivi Outdoor Experiences<\/h3>\n<ul>\n<li class=\"ai-optimize-27\"><strong>Caminhadas acompanhadas<\/strong> atrav\u00e9s da misteriosa floresta tropical de Vald\u00edvia, um ref\u00fagio de incr\u00edvel biodiversidade.<\/li>\n<li class=\"ai-optimize-28\"><strong>Trilhas bem pensadas<\/strong> para todos os n\u00edveis, ideal para seu pr\u00f3prio caminho.<\/li>\n<\/ul>\n<h2 class=\"ai-optimize-29\">Op\u00e7\u00f5es e servi\u00e7os de navega\u00e7\u00e3o<\/h2>\n<p class=\"ai-optimize-30\">O retorno ao <strong>Puerto Pa\u00f1uelo<\/strong> \u00e9 feito navegando pelo <strong>Bra\u00e7o aben\u00e7oado<\/strong>, culminando com um p\u00f4r do sol em frente ao <strong>Serra do Tronador<\/strong>. Se estiver procurando por mais, adicione a extens\u00e3o \u00e0 pasta <strong>Lago Frias<\/strong> com uma conveniente transfer\u00eancia de \u00f4nibus de 3 km para <strong>Porto Alegre<\/strong>, Um barco moderno est\u00e1 \u00e0 sua espera para desfrutar desse lago espetacular.<\/p>\n<h3 class=\"ai-optimize-31\">Informa\u00e7\u00f5es importantes<\/h3>\n<ul>\n<li class=\"ai-optimize-32\"><strong>Dura\u00e7\u00e3o:<\/strong> das 8:30 \u00e0s 17:00 horas.<\/li>\n<li class=\"ai-optimize-33\"><strong>Ele inclui:<\/strong> Passeios de barco guiados, caminhadas na selva e navega\u00e7\u00e3o no Lago Frias.<\/li>\n<li class=\"ai-optimize-34\"><strong>N\u00e3o inclu\u00eddo:<\/strong> Transfer\u00eancia para <strong>Puerto Pa\u00f1uelo<\/strong>, refei\u00e7\u00f5es (h\u00e1 op\u00e7\u00f5es de paradores) e taxas de entrada nos Parques Nacionais.<\/li>\n<\/ul>\n<h2 class=\"ai-optimize-35\">Perguntas frequentes<\/h2>\n<ul>\n<li class=\"ai-optimize-36\"><strong>Onde posso pagar a taxa de entrada e de embarque no Parque Nacional?<\/strong><br \/>\nPago em <strong>Puerto Pa\u00f1uelo<\/strong>, As taxas de entrada devem ser pagas em dinheiro (pesos argentinos) no dia da excurs\u00e3o. N\u00e3o \u00e9 necess\u00e1rio pagamento para quem mora em <strong>San Carlos de Bariloche<\/strong>, pessoas com defici\u00eancia, crian\u00e7as com menos de 5 anos de idade e aposentados.<\/li>\n<li class=\"ai-optimize-37\"><strong>O desconto para aposentados se aplica somente a residentes argentinos?<\/strong><br \/>\nExatamente, o b\u00f4nus \u00e9 exclusivo para aposentados argentinos e requer a apresenta\u00e7\u00e3o do cart\u00e3o correspondente ao embarcar no navio.<\/li>\n<li class=\"ai-optimize-38\"><strong>Quantos quil\u00f4metros s\u00e3o as caminhadas?<\/strong><br \/>\nAs caminhadas em <strong>Puerto Blest<\/strong> t\u00eam n\u00edveis diferentes. Em dire\u00e7\u00e3o ao <strong>Cachoeira Los C\u00e1ntaros<\/strong> H\u00e1 cerca de 700 degraus, com pontos de vista panor\u00e2micos e \u00e1reas tranquilas para fazer uma pausa.<\/li>\n<\/ul>","protected":false},"excerpt":{"rendered":"<h2 class=\"ai-optimize-6\">Aventura em Puerto Blest e na cachoeira \u00abLos C\u00e1ntaros\u00bb<\/h2>\n<p class=\"ai-optimize-7 ai-optimize-introduction\">Comece sua jornada a partir de <strong>Puerto Pa\u00f1uelo<\/strong> vivendo uma experi\u00eancia \u00fanica no caminho para o <strong>Salto de los C\u00e1ntaros<\/strong>, cruzando as \u00e1guas calmas do <strong>Lago Nahuel Huapi<\/strong>. Descubra o misterioso <strong>Lago Frias<\/strong> e desfrutar de caminhadas pelas trilhas do <strong>Floresta Valdiviana<\/strong>, cercado pela imponente <strong>Cordilheira dos Andes<\/strong>.<\/p>","protected":false},"featured_media":377800,"comment_status":"open","ping_status":"closed","template":"","meta":[],"product_brand":[],"product_cat":[26,31,35,37,42,43,47],"product_tag":[],"class_list":{"0":"post-44","1":"product","2":"type-product","3":"status-publish","4":"has-post-thumbnail","6":"product_cat-adultos","7":"product_cat-familia","8":"product_cat-lacustre","9":"product_cat-ninos","10":"product_cat-sin-comida","11":"product_cat-sin-traslado","12":"product_cat-todo-el-ano","14":"first","15":"instock","16":"virtual","17":"sold-individually","18":"purchasable","19":"product-type-booking"},"booking_location":"","booking_location_type":"","booking_duration":60,"booking_duration_unit":"minute","booking_buffer":0,"booking_cost":0,"booking_resources":[],"exclude_global_add_ons":false,"addons":[{"name":"ADU: Adulto","type":"input_multiplier","position":0,"required":false,"title_format":"label","default":"","description_enable":false,"description":"","placeholder_enable":false,"placeholder":"","display":"select","restrictions_type":"any_text","adjust_price":true,"price":"190000","price_type":"quantity_based","restrictions":false,"min":"0","max":"0","options":[],"id":1773233364},{"name":"MEN512 | 5 a 12","type":"input_multiplier","position":1,"required":false,"title_format":"label","default":"","description_enable":false,"description":"","placeholder_enable":false,"placeholder":"","display":"select","restrictions_type":"any_text","adjust_price":true,"price":"97000","price_type":"quantity_based","restrictions":false,"min":"0","max":"0","options":[],"id":1773233365},{"name":"ADUJ : Aposentado","type":"input_multiplier","position":2,"required":false,"title_format":"label","default":"","description_enable":false,"description":"","placeholder_enable":false,"placeholder":"","display":"select","restrictions_type":"any_text","adjust_price":true,"price":"97000","price_type":"quantity_based","restrictions":false,"min":"0","max":"0","options":[],"id":1773233366}],"yoast_head":"<!-- This site is optimized with the Yoast SEO Premium plugin v25.2 (Yoast SEO v25.2) - https:\/\/yoast.com\/wordpress\/plugins\/seo\/ -->\n<title>Puerto Blest y Cascada Los C\u00e1ntaros: naturaleza y Lago Fr\u00edas - Patagonia Booking<\/title>\n<meta name=\"description\" content=\"Excursi\u00f3n en barco a Puerto Blest y la Cascada de los C\u00e1ntaros. Caminatas por la selva valdiviana y vistas al Lago Fr\u00edas en el Nahuel Huapi.\" \/>\n<meta name=\"robots\" content=\"index, follow, max-snippet:-1, max-image-preview:large, max-video-preview:-1\" \/>\n<link rel=\"canonical\" href=\"https:\/\/patagoniabooking.com\/pt\/product\/puerto-blest-cachoeira-los-cantaros-lago-frias-bariloche\/\" \/>\n<meta property=\"og:locale\" content=\"pt_BR\" \/>\n<meta property=\"og:type\" content=\"article\" \/>\n<meta property=\"og:title\" content=\"Puerto Blest y Cascada \u201cLos Cantaros\u201d + Lago Frias sin Traslado\" \/>\n<meta property=\"og:description\" content=\"Excursi\u00f3n en barco a Puerto Blest y la Cascada de los C\u00e1ntaros. Caminatas por la selva valdiviana y vistas al Lago Fr\u00edas en el Nahuel Huapi.\" \/>\n<meta property=\"og:url\" content=\"https:\/\/patagoniabooking.com\/pt\/product\/puerto-blest-cachoeira-los-cantaros-lago-frias-bariloche\/\" \/>\n<meta property=\"og:site_name\" content=\"Patagonia Booking\" \/>\n<meta property=\"article:modified_time\" content=\"2026-04-08T19:32:42+00:00\" \/>\n<meta property=\"og:image\" content=\"https:\/\/patagoniabooking.com\/wp-content\/uploads\/sites\/2\/2025\/06\/4-B-captionFHJ-copia.jpg\" \/>\n\t<meta property=\"og:image:width\" content=\"850\" \/>\n\t<meta property=\"og:image:height\" content=\"1134\" \/>\n\t<meta property=\"og:image:type\" content=\"image\/jpeg\" \/>\n<meta name=\"twitter:card\" content=\"summary_large_image\" \/>\n<meta name=\"twitter:label1\" content=\"Pre\u00e7o\" \/>\n\t<meta name=\"twitter:data1\" content=\"&#036;190,000.00\" \/>\n\t<meta name=\"twitter:label2\" content=\"Disponibilidade\" \/>\n\t<meta name=\"twitter:data2\" content=\"Em Estoque\" \/>\n<script type=\"application\/ld+json\" class=\"yoast-schema-graph\">{\"@context\":\"https:\/\/schema.org\",\"@graph\":[{\"@type\":\"WebPage\",\"@id\":\"https:\/\/patagoniabooking.com\/product\/puerto-blest-cascada-los-cantaros-lago-frias-bariloche\/\",\"url\":\"https:\/\/patagoniabooking.com\/product\/puerto-blest-cascada-los-cantaros-lago-frias-bariloche\/\",\"name\":\"Puerto Blest y Cascada Los C\u00e1ntaros: naturaleza y Lago Fr\u00edas - Patagonia Booking\",\"isPartOf\":{\"@id\":\"https:\/\/patagoniabooking.com\/#website\"},\"primaryImageOfPage\":{\"@id\":\"https:\/\/patagoniabooking.com\/product\/puerto-blest-cascada-los-cantaros-lago-frias-bariloche\/#primaryimage\"},\"image\":{\"@id\":\"https:\/\/patagoniabooking.com\/product\/puerto-blest-cascada-los-cantaros-lago-frias-bariloche\/#primaryimage\"},\"thumbnailUrl\":\"https:\/\/patagoniabooking.com\/wp-content\/uploads\/sites\/2\/2025\/06\/4-B-captionFHJ-copia.jpg\",\"datePublished\":\"2025-06-12T13:39:03+00:00\",\"dateModified\":\"2026-04-08T19:32:42+00:00\",\"description\":\"Excursi\u00f3n en barco a Puerto Blest y la Cascada de los C\u00e1ntaros. Caminatas por la selva valdiviana y vistas al Lago Fr\u00edas en el Nahuel Huapi.\",\"breadcrumb\":{\"@id\":\"https:\/\/patagoniabooking.com\/product\/puerto-blest-cascada-los-cantaros-lago-frias-bariloche\/#breadcrumb\"},\"inLanguage\":\"pt-BR\",\"potentialAction\":[{\"@type\":\"ReadAction\",\"target\":[\"https:\/\/patagoniabooking.com\/product\/puerto-blest-cascada-los-cantaros-lago-frias-bariloche\/\"]}]},{\"@type\":\"ImageObject\",\"inLanguage\":\"pt-BR\",\"@id\":\"https:\/\/patagoniabooking.com\/product\/puerto-blest-cascada-los-cantaros-lago-frias-bariloche\/#primaryimage\",\"url\":\"https:\/\/patagoniabooking.com\/wp-content\/uploads\/sites\/2\/2025\/06\/4-B-captionFHJ-copia.jpg\",\"contentUrl\":\"https:\/\/patagoniabooking.com\/wp-content\/uploads\/sites\/2\/2025\/06\/4-B-captionFHJ-copia.jpg\",\"width\":850,\"height\":1134},{\"@type\":\"BreadcrumbList\",\"@id\":\"https:\/\/patagoniabooking.com\/product\/puerto-blest-cascada-los-cantaros-lago-frias-bariloche\/#breadcrumb\",\"itemListElement\":[{\"@type\":\"ListItem\",\"position\":1,\"name\":\"Inicio\",\"item\":\"https:\/\/patagoniabooking.com\/\"},{\"@type\":\"ListItem\",\"position\":2,\"name\":\"Lista de excursiones\",\"item\":\"https:\/\/patagoniabooking.com\/shop\/\"},{\"@type\":\"ListItem\",\"position\":3,\"name\":\"Puerto Blest y Cascada \u201cLos Cantaros\u201d + Lago Frias sin Traslado\"}]},{\"@type\":\"WebSite\",\"@id\":\"https:\/\/patagoniabooking.com\/#website\",\"url\":\"https:\/\/patagoniabooking.com\/\",\"name\":\"Patagonia Booking\",\"description\":\"\",\"publisher\":{\"@id\":\"https:\/\/patagoniabooking.com\/#organization\"},\"potentialAction\":[{\"@type\":\"SearchAction\",\"target\":{\"@type\":\"EntryPoint\",\"urlTemplate\":\"https:\/\/patagoniabooking.com\/?s={search_term_string}\"},\"query-input\":{\"@type\":\"PropertyValueSpecification\",\"valueRequired\":true,\"valueName\":\"search_term_string\"}}],\"inLanguage\":\"pt-BR\"},{\"@type\":\"Organization\",\"@id\":\"https:\/\/patagoniabooking.com\/#organization\",\"name\":\"Patagonia Booking\",\"url\":\"https:\/\/patagoniabooking.com\/\",\"logo\":{\"@type\":\"ImageObject\",\"inLanguage\":\"pt-BR\",\"@id\":\"https:\/\/patagoniabooking.com\/#\/schema\/logo\/image\/\",\"url\":\"https:\/\/patagoniabooking.com\/wp-content\/uploads\/sites\/2\/2025\/06\/logo-patagonia-booking.png\",\"contentUrl\":\"https:\/\/patagoniabooking.com\/wp-content\/uploads\/sites\/2\/2025\/06\/logo-patagonia-booking.png\",\"width\":80,\"height\":80,\"caption\":\"Patagonia Booking\"},\"image\":{\"@id\":\"https:\/\/patagoniabooking.com\/#\/schema\/logo\/image\/\"}}]}<\/script>\n<meta property=\"product:price:amount\" content=\"190000.00\" \/>\n<meta property=\"product:price:currency\" content=\"ARS\" \/>\n<meta property=\"og:availability\" content=\"instock\" \/>\n<meta property=\"product:availability\" content=\"instock\" \/>\n<meta property=\"product:retailer_item_id\" content=\"ADV2025PUBLYC33V7\" \/>\n<meta property=\"product:condition\" content=\"new\" \/>\n<!-- \/ Yoast SEO Premium plugin. -->","yoast_head_json":{"title":"Puerto Blest e Cachoeira Los C\u00e1ntaros: natureza e Lago Fr\u00edas - Patag\u00f4nia Booking","description":"Passeio de barco at\u00e9 Puerto Blest e a Cascada de los C\u00e1ntaros. Caminhadas pela floresta tropical valdiviana e vistas do Lago Frias no Nahuel Huapi.","robots":{"index":"index","follow":"follow","max-snippet":"max-snippet:-1","max-image-preview":"max-image-preview:large","max-video-preview":"max-video-preview:-1"},"canonical":"https:\/\/patagoniabooking.com\/pt\/product\/puerto-blest-cachoeira-los-cantaros-lago-frias-bariloche\/","og_locale":"pt_BR","og_type":"article","og_title":"Puerto Blest y Cascada \u201cLos Cantaros\u201d + Lago Frias sin Traslado","og_description":"Excursi\u00f3n en barco a Puerto Blest y la Cascada de los C\u00e1ntaros. Caminatas por la selva valdiviana y vistas al Lago Fr\u00edas en el Nahuel Huapi.","og_url":"https:\/\/patagoniabooking.com\/pt\/product\/puerto-blest-cachoeira-los-cantaros-lago-frias-bariloche\/","og_site_name":"Patagonia Booking","article_modified_time":"2026-04-08T19:32:42+00:00","og_image":[{"width":850,"height":1134,"url":"https:\/\/patagoniabooking.com\/wp-content\/uploads\/sites\/2\/2025\/06\/4-B-captionFHJ-copia.jpg","type":"image\/jpeg"}],"twitter_card":"summary_large_image","twitter_misc":{"Pre\u00e7o":"&#36;190,000.00","Disponibilidade":"Em Estoque"},"schema":{"@context":"https:\/\/schema.org","@graph":[{"@type":"WebPage","@id":"https:\/\/patagoniabooking.com\/product\/puerto-blest-cascada-los-cantaros-lago-frias-bariloche\/","url":"https:\/\/patagoniabooking.com\/product\/puerto-blest-cascada-los-cantaros-lago-frias-bariloche\/","name":"Puerto Blest e Cachoeira Los C\u00e1ntaros: natureza e Lago Fr\u00edas - Patag\u00f4nia Booking","isPartOf":{"@id":"https:\/\/patagoniabooking.com\/#website"},"primaryImageOfPage":{"@id":"https:\/\/patagoniabooking.com\/product\/puerto-blest-cascada-los-cantaros-lago-frias-bariloche\/#primaryimage"},"image":{"@id":"https:\/\/patagoniabooking.com\/product\/puerto-blest-cascada-los-cantaros-lago-frias-bariloche\/#primaryimage"},"thumbnailUrl":"https:\/\/patagoniabooking.com\/wp-content\/uploads\/sites\/2\/2025\/06\/4-B-captionFHJ-copia.jpg","datePublished":"2025-06-12T13:39:03+00:00","dateModified":"2026-04-08T19:32:42+00:00","description":"Passeio de barco at\u00e9 Puerto Blest e a Cascada de los C\u00e1ntaros. Caminhadas pela floresta tropical valdiviana e vistas do Lago Frias no Nahuel Huapi.","breadcrumb":{"@id":"https:\/\/patagoniabooking.com\/product\/puerto-blest-cascada-los-cantaros-lago-frias-bariloche\/#breadcrumb"},"inLanguage":"pt-BR","potentialAction":[{"@type":"ReadAction","target":["https:\/\/patagoniabooking.com\/product\/puerto-blest-cascada-los-cantaros-lago-frias-bariloche\/"]}]},{"@type":"ImageObject","inLanguage":"pt-BR","@id":"https:\/\/patagoniabooking.com\/product\/puerto-blest-cascada-los-cantaros-lago-frias-bariloche\/#primaryimage","url":"https:\/\/patagoniabooking.com\/wp-content\/uploads\/sites\/2\/2025\/06\/4-B-captionFHJ-copia.jpg","contentUrl":"https:\/\/patagoniabooking.com\/wp-content\/uploads\/sites\/2\/2025\/06\/4-B-captionFHJ-copia.jpg","width":850,"height":1134},{"@type":"BreadcrumbList","@id":"https:\/\/patagoniabooking.com\/product\/puerto-blest-cascada-los-cantaros-lago-frias-bariloche\/#breadcrumb","itemListElement":[{"@type":"ListItem","position":1,"name":"Inicio","item":"https:\/\/patagoniabooking.com\/"},{"@type":"ListItem","position":2,"name":"Lista de excursiones","item":"https:\/\/patagoniabooking.com\/shop\/"},{"@type":"ListItem","position":3,"name":"Puerto Blest y Cascada \u201cLos Cantaros\u201d + Lago Frias sin Traslado"}]},{"@type":"WebSite","@id":"https:\/\/patagoniabooking.com\/#website","url":"https:\/\/patagoniabooking.com\/","name":"Reservas para a Patag\u00f4nia","description":"","publisher":{"@id":"https:\/\/patagoniabooking.com\/#organization"},"potentialAction":[{"@type":"SearchAction","target":{"@type":"EntryPoint","urlTemplate":"https:\/\/patagoniabooking.com\/?s={search_term_string}"},"query-input":{"@type":"PropertyValueSpecification","valueRequired":true,"valueName":"search_term_string"}}],"inLanguage":"pt-BR"},{"@type":"Organization","@id":"https:\/\/patagoniabooking.com\/#organization","name":"Reservas para a Patag\u00f4nia","url":"https:\/\/patagoniabooking.com\/","logo":{"@type":"ImageObject","inLanguage":"pt-BR","@id":"https:\/\/patagoniabooking.com\/#\/schema\/logo\/image\/","url":"https:\/\/patagoniabooking.com\/wp-content\/uploads\/sites\/2\/2025\/06\/logo-patagonia-booking.png","contentUrl":"https:\/\/patagoniabooking.com\/wp-content\/uploads\/sites\/2\/2025\/06\/logo-patagonia-booking.png","width":80,"height":80,"caption":"Patagonia Booking"},"image":{"@id":"https:\/\/patagoniabooking.com\/#\/schema\/logo\/image\/"}}]},"product_price_amount":"190000.00","product_price_currency":"ARS","og_availability":"instock","product_availability":"instock","product_retailer_item_id":"ADV2025PUBLYC33V7","product_condition":"new"},"_links":{"self":[{"href":"https:\/\/patagoniabooking.com\/pt\/wp-json\/wp\/v2\/product\/44","targetHints":{"allow":["GET"]}}],"collection":[{"href":"https:\/\/patagoniabooking.com\/pt\/wp-json\/wp\/v2\/product"}],"about":[{"href":"https:\/\/patagoniabooking.com\/pt\/wp-json\/wp\/v2\/types\/product"}],"replies":[{"embeddable":true,"href":"https:\/\/patagoniabooking.com\/pt\/wp-json\/wp\/v2\/comments?post=44"}],"wp:featuredmedia":[{"embeddable":true,"href":"https:\/\/patagoniabooking.com\/pt\/wp-json\/wp\/v2\/media\/377800"}],"wp:attachment":[{"href":"https:\/\/patagoniabooking.com\/pt\/wp-json\/wp\/v2\/media?parent=44"}],"wp:term":[{"taxonomy":"product_brand","embeddable":true,"href":"https:\/\/patagoniabooking.com\/pt\/wp-json\/wp\/v2\/product_brand?post=44"},{"taxonomy":"product_cat","embeddable":true,"href":"https:\/\/patagoniabooking.com\/pt\/wp-json\/wp\/v2\/product_cat?post=44"},{"taxonomy":"product_tag","embeddable":true,"href":"https:\/\/patagoniabooking.com\/pt\/wp-json\/wp\/v2\/product_tag?post=44"}],"curies":[{"name":"wp","href":"https:\/\/api.w.org\/{rel}","templated":true}]}}