{"id":42,"date":"2025-06-12T10:38:23","date_gmt":"2025-06-12T13:38:23","guid":{"rendered":"https:\/\/patagoniabooking.shop\/product\/navegacion-por-nahuel-huapi-isla-victoria-y-bosque-de-arrayanes-sin-traslado\/"},"modified":"2026-03-31T12:13:19","modified_gmt":"2026-03-31T15:13:19","slug":"isla-victoria-y-bosque-de-arrayanes-sin-traslado","status":"publish","type":"product","link":"https:\/\/patagoniabooking.com\/pt\/product\/victoria-island-e-arrayanes-forest-sem-realocacao\/","title":{"rendered":"Navega\u00e7\u00e3o Nahuel Huapi: Ilha Victoria e Floresta Arrayanes sem traslado"},"content":{"rendered":"<h3 class=\"ai-optimize-22\" data-start=\"304\" data-end=\"381\">Uma experi\u00eancia patag\u00f4nica \u00fanica, garantida pela Bariloche Excursiones<\/h3>\n<p class=\"ai-optimize-23 ai-optimize-introduction\" data-start=\"383\" data-end=\"761\">Atravesse o Nahuel Huapi e se surpreenda com dois dos lugares mais emblem\u00e1ticos do sul: a majestosa Ilha Victoria e o m\u00edtico Bosque de Arrayanes. Essa alternativa \u00e9 perfeita para quem j\u00e1 est\u00e1 em Bariloche e busca uma aproxima\u00e7\u00e3o direta a Puerto Pa\u00f1uelo, desfrutando da experi\u00eancia em seu pr\u00f3prio ritmo e sempre com a cordialidade de nossa equipe de especialistas.<\/p>\n<h3 class=\"ai-optimize-24\" data-start=\"763\" data-end=\"808\">Itiner\u00e1rio e destaques<\/h3>\n<p class=\"ai-optimize-25\" data-start=\"810\" data-end=\"1136\">O passeio come\u00e7a no <strong data-start=\"832\" data-end=\"850\">Puerto Pa\u00f1uelo<\/strong>, localizado no quil\u00f4metro 25 da Avenida Bustillo. Voc\u00ea embarca em um catamar\u00e3 panor\u00e2mico e come\u00e7a a travessia pelo Lago Nahuel Huapi. Primeira parada: o <strong data-start=\"1006\" data-end=\"1032\">Pen\u00ednsula de Quetrihu\u00e9<\/strong>, onde voc\u00ea caminhar\u00e1 por trilhas bem cuidadas na maior floresta de murtas do planeta.<\/p>\n<p class=\"ai-optimize-26\" data-start=\"1138\" data-end=\"1365\">A aventura continua em dire\u00e7\u00e3o \u00e0 <strong data-start=\"1166\" data-end=\"1183\">Ilha Victoria<\/strong>, um para\u00edso patag\u00f4nico com trilhas naturais que o aproximam do <strong data-start=\"1246\" data-end=\"1264\">Praia de El Toro<\/strong>, A \u00e1rea tem areia vulc\u00e2nica e vest\u00edgios culturais, como pinturas rupestres ancestrais.<\/p>\n<h3 class=\"ai-optimize-27\" data-start=\"1367\" data-end=\"1387\">Dados a serem levados em conta<\/h3>\n<ul data-start=\"1389\" data-end=\"1663\">\n<li class=\"ai-optimize-28\" data-start=\"1389\" data-end=\"1435\">\n<p class=\"ai-optimize-29\" data-start=\"1391\" data-end=\"1435\"><strong data-start=\"1391\" data-end=\"1412\">Dura\u00e7\u00e3o estimada<\/strong>: das 13:00 \u00e0s 18:30 hs.<\/p>\n<\/li>\n<li class=\"ai-optimize-30\" data-start=\"1436\" data-end=\"1521\">\n<p class=\"ai-optimize-31\" data-start=\"1438\" data-end=\"1521\"><strong data-start=\"1438\" data-end=\"1449\">Inclui<\/strong>Passeio de catamar\u00e3 e guia especializado durante todo o circuito.<\/p>\n<\/li>\n<li class=\"ai-optimize-32\" data-start=\"1522\" data-end=\"1663\">\n<p class=\"ai-optimize-33\" data-start=\"1524\" data-end=\"1663\"><strong data-start=\"1524\" data-end=\"1538\">N\u00e3o inclui<\/strong>Traslado para Puerto Pa\u00f1uelo, taxas de embarque e entrada no Parque Nacional, refei\u00e7\u00f5es (h\u00e1 alternativas no barco e na ilha).<\/p>\n<\/li>\n<\/ul>\n<h3 class=\"ai-optimize-34\" data-start=\"1665\" data-end=\"1694\">Como ir por conta pr\u00f3pria<\/h3>\n<p class=\"ai-optimize-35\" data-start=\"1696\" data-end=\"1943\">Puerto Pa\u00f1uelo fica a apenas 30 minutos do centro de Bariloche, no km 25 da Avenida Bustillo. \u00c9 poss\u00edvel chegar l\u00e1 de carro particular, t\u00e1xi ou \u00f4nibus. Ao fazer sua reserva, n\u00f3s lhe enviaremos os detalhes para tornar sua viagem f\u00e1cil e sem complica\u00e7\u00f5es.<\/p>\n<h3 class=\"ai-optimize-36\" data-start=\"1950\" data-end=\"1974\">Perguntas frequentes<\/h3>\n<p class=\"ai-optimize-37\" data-start=\"1976\" data-end=\"2212\"><strong data-start=\"1976\" data-end=\"2028\">Onde posso pagar as taxas do parque e de embarque?<\/strong><br data-start=\"2028\" data-end=\"2031\" \/>Eles s\u00e3o pagos em dinheiro no mesmo dia, quando voc\u00ea se apresenta em Puerto Pa\u00f1uelo. N\u00e3o se aplica a residentes de Bariloche, pessoas com defici\u00eancia, crian\u00e7as menores de 6 anos e aposentados nacionais.<\/p>\n<p class=\"ai-optimize-38\" data-start=\"2214\" data-end=\"2368\"><strong data-start=\"2214\" data-end=\"2260\">H\u00e1 algum benef\u00edcio para estrangeiros?<\/strong><br data-start=\"2260\" data-end=\"2263\" \/>N\u00e3o. Os descontos nas taxas s\u00f3 se aplicam a residentes argentinos com a documenta\u00e7\u00e3o correspondente.<\/p>\n<p class=\"ai-optimize-39\" data-start=\"2370\" data-end=\"2524\"><strong data-start=\"2370\" data-end=\"2402\">Qual navio \u00e9 usado?<\/strong><br data-start=\"2402\" data-end=\"2405\" \/>Geralmente \u00e9 navegado no estilo cl\u00e1ssico <strong data-start=\"2457\" data-end=\"2477\">Modesta Victoria<\/strong>, embora isso possa variar dependendo da disponibilidade no dia.<\/p>\n<p class=\"ai-optimize-40\" data-start=\"2526\" data-end=\"2689\"><strong data-start=\"2526\" data-end=\"2587\">Posso levar minha pr\u00f3pria comida ou h\u00e1 op\u00e7\u00f5es durante o passeio?<\/strong><br data-start=\"2587\" data-end=\"2590\" \/>Voc\u00ea pode levar seu pr\u00f3prio almo\u00e7o ou comprar alimentos e bebidas a bordo do catamar\u00e3 ou na Ilha Victoria.<\/p>","protected":false},"excerpt":{"rendered":"<p class=\"ai-optimize-6\">Vivi uma experi\u00eancia inesquec\u00edvel viajando pela <strong>Ilha Victoria<\/strong> e o <strong>Floresta Myrtle<\/strong>, localizado no cora\u00e7\u00e3o da deslumbrante Patag\u00f4nia. Aprecie a beleza da <strong>Lago Nahuel Huapi<\/strong> enquanto caminha por trilhas cercadas de vegeta\u00e7\u00e3o nativa e descobre vest\u00edgios de culturas antigas. Aproveite essa oportunidade \u00fanica em um ambiente natural singular.<\/p>","protected":false},"featured_media":377802,"comment_status":"open","ping_status":"closed","template":"","meta":[],"product_brand":[],"product_cat":[26,31,35,37,42,43,47],"product_tag":[],"class_list":{"0":"post-42","1":"product","2":"type-product","3":"status-publish","4":"has-post-thumbnail","6":"product_cat-adultos","7":"product_cat-familia","8":"product_cat-lacustre","9":"product_cat-ninos","10":"product_cat-sin-comida","11":"product_cat-sin-traslado","12":"product_cat-todo-el-ano","14":"first","15":"instock","16":"virtual","17":"sold-individually","18":"purchasable","19":"product-type-booking"},"booking_location":"","booking_location_type":"","booking_duration":60,"booking_duration_unit":"minute","booking_buffer":0,"booking_cost":0,"booking_resources":[],"exclude_global_add_ons":false,"addons":[{"name":"ADU: Adulto","type":"input_multiplier","position":0,"required":false,"title_format":"label","default":"","description_enable":false,"description":"","placeholder_enable":false,"placeholder":"","display":"select","restrictions_type":"any_text","adjust_price":true,"price":"136000","price_type":"quantity_based","restrictions":false,"min":"0","max":"0","options":[],"id":1773233738},{"name":"MEN518 | de 5 a 18","type":"input_multiplier","position":1,"required":false,"title_format":"label","default":"","description_enable":false,"description":"","placeholder_enable":false,"placeholder":"","display":"select","restrictions_type":"any_text","adjust_price":true,"price":"70000","price_type":"quantity_based","restrictions":false,"min":"0","max":"0","options":[],"id":1773233739},{"name":"ADUJ : Aposentado","type":"input_multiplier","position":2,"required":false,"title_format":"label","default":"","description_enable":false,"description":"","placeholder_enable":false,"placeholder":"","display":"select","restrictions_type":"any_text","adjust_price":true,"price":"70000","price_type":"quantity_based","restrictions":false,"min":"0","max":"0","options":[],"id":1773233740}],"yoast_head":"<!-- This site is optimized with the Yoast SEO Premium plugin v25.2 (Yoast SEO v25.2) - https:\/\/yoast.com\/wordpress\/plugins\/seo\/ -->\n<title>Isla Victoria y Bosque de Arrayanes - Patagonia Booking<\/title>\n<meta name=\"description\" content=\"Naveg\u00e1 el Nahuel Huapi hacia Isla Victoria y el Bosque de Arrayanes. Caminatas guiadas, paisajes \u00fanicos y naturaleza patag\u00f3nica sin traslado incluido.\" \/>\n<meta name=\"robots\" content=\"index, follow, max-snippet:-1, max-image-preview:large, max-video-preview:-1\" \/>\n<link rel=\"canonical\" href=\"https:\/\/patagoniabooking.com\/pt\/product\/victoria-island-e-arrayanes-forest-sem-realocacao\/\" \/>\n<meta property=\"og:locale\" content=\"pt_BR\" \/>\n<meta property=\"og:type\" content=\"article\" \/>\n<meta property=\"og:title\" content=\"Navegaci\u00f3n por Nahuel Huapi: Isla Victoria y Bosque de Arrayanes sin traslado\" \/>\n<meta property=\"og:description\" content=\"Naveg\u00e1 el Nahuel Huapi hacia Isla Victoria y el Bosque de Arrayanes. Caminatas guiadas, paisajes \u00fanicos y naturaleza patag\u00f3nica sin traslado incluido.\" \/>\n<meta property=\"og:url\" content=\"https:\/\/patagoniabooking.com\/pt\/product\/victoria-island-e-arrayanes-forest-sem-realocacao\/\" \/>\n<meta property=\"og:site_name\" content=\"Patagonia Booking\" \/>\n<meta property=\"article:modified_time\" content=\"2026-03-31T15:13:19+00:00\" \/>\n<meta property=\"og:image\" content=\"https:\/\/patagoniabooking.com\/wp-content\/uploads\/sites\/2\/2025\/06\/4-A-IMG_6106-copia.jpg\" \/>\n\t<meta property=\"og:image:width\" content=\"992\" \/>\n\t<meta property=\"og:image:height\" content=\"1323\" \/>\n\t<meta property=\"og:image:type\" content=\"image\/jpeg\" \/>\n<meta name=\"twitter:card\" content=\"summary_large_image\" \/>\n<meta name=\"twitter:label1\" content=\"Pre\u00e7o\" \/>\n\t<meta name=\"twitter:data1\" content=\"&#036;163,200.00\" \/>\n\t<meta name=\"twitter:label2\" content=\"Disponibilidade\" \/>\n\t<meta name=\"twitter:data2\" content=\"Em Estoque\" \/>\n<script type=\"application\/ld+json\" class=\"yoast-schema-graph\">{\"@context\":\"https:\/\/schema.org\",\"@graph\":[{\"@type\":\"WebPage\",\"@id\":\"https:\/\/patagoniabooking.com\/product\/isla-victoria-y-bosque-de-arrayanes-sin-traslado\/\",\"url\":\"https:\/\/patagoniabooking.com\/product\/isla-victoria-y-bosque-de-arrayanes-sin-traslado\/\",\"name\":\"Isla Victoria y Bosque de Arrayanes - Patagonia Booking\",\"isPartOf\":{\"@id\":\"https:\/\/patagoniabooking.com\/#website\"},\"primaryImageOfPage\":{\"@id\":\"https:\/\/patagoniabooking.com\/product\/isla-victoria-y-bosque-de-arrayanes-sin-traslado\/#primaryimage\"},\"image\":{\"@id\":\"https:\/\/patagoniabooking.com\/product\/isla-victoria-y-bosque-de-arrayanes-sin-traslado\/#primaryimage\"},\"thumbnailUrl\":\"https:\/\/patagoniabooking.com\/wp-content\/uploads\/sites\/2\/2025\/06\/4-A-IMG_6106-copia.jpg\",\"datePublished\":\"2025-06-12T13:38:23+00:00\",\"dateModified\":\"2026-03-31T15:13:19+00:00\",\"description\":\"Naveg\u00e1 el Nahuel Huapi hacia Isla Victoria y el Bosque de Arrayanes. Caminatas guiadas, paisajes \u00fanicos y naturaleza patag\u00f3nica sin traslado incluido.\",\"breadcrumb\":{\"@id\":\"https:\/\/patagoniabooking.com\/product\/isla-victoria-y-bosque-de-arrayanes-sin-traslado\/#breadcrumb\"},\"inLanguage\":\"pt-BR\",\"potentialAction\":[{\"@type\":\"ReadAction\",\"target\":[\"https:\/\/patagoniabooking.com\/product\/isla-victoria-y-bosque-de-arrayanes-sin-traslado\/\"]}]},{\"@type\":\"ImageObject\",\"inLanguage\":\"pt-BR\",\"@id\":\"https:\/\/patagoniabooking.com\/product\/isla-victoria-y-bosque-de-arrayanes-sin-traslado\/#primaryimage\",\"url\":\"https:\/\/patagoniabooking.com\/wp-content\/uploads\/sites\/2\/2025\/06\/4-A-IMG_6106-copia.jpg\",\"contentUrl\":\"https:\/\/patagoniabooking.com\/wp-content\/uploads\/sites\/2\/2025\/06\/4-A-IMG_6106-copia.jpg\",\"width\":992,\"height\":1323},{\"@type\":\"BreadcrumbList\",\"@id\":\"https:\/\/patagoniabooking.com\/product\/isla-victoria-y-bosque-de-arrayanes-sin-traslado\/#breadcrumb\",\"itemListElement\":[{\"@type\":\"ListItem\",\"position\":1,\"name\":\"Inicio\",\"item\":\"https:\/\/patagoniabooking.com\/\"},{\"@type\":\"ListItem\",\"position\":2,\"name\":\"Lista de excursiones\",\"item\":\"https:\/\/patagoniabooking.com\/shop\/\"},{\"@type\":\"ListItem\",\"position\":3,\"name\":\"Navegaci\u00f3n por Nahuel Huapi: Isla Victoria y Bosque de Arrayanes sin traslado\"}]},{\"@type\":\"WebSite\",\"@id\":\"https:\/\/patagoniabooking.com\/#website\",\"url\":\"https:\/\/patagoniabooking.com\/\",\"name\":\"Patagonia Booking\",\"description\":\"\",\"publisher\":{\"@id\":\"https:\/\/patagoniabooking.com\/#organization\"},\"potentialAction\":[{\"@type\":\"SearchAction\",\"target\":{\"@type\":\"EntryPoint\",\"urlTemplate\":\"https:\/\/patagoniabooking.com\/?s={search_term_string}\"},\"query-input\":{\"@type\":\"PropertyValueSpecification\",\"valueRequired\":true,\"valueName\":\"search_term_string\"}}],\"inLanguage\":\"pt-BR\"},{\"@type\":\"Organization\",\"@id\":\"https:\/\/patagoniabooking.com\/#organization\",\"name\":\"Patagonia Booking\",\"url\":\"https:\/\/patagoniabooking.com\/\",\"logo\":{\"@type\":\"ImageObject\",\"inLanguage\":\"pt-BR\",\"@id\":\"https:\/\/patagoniabooking.com\/#\/schema\/logo\/image\/\",\"url\":\"https:\/\/patagoniabooking.com\/wp-content\/uploads\/sites\/2\/2025\/06\/logo-patagonia-booking.png\",\"contentUrl\":\"https:\/\/patagoniabooking.com\/wp-content\/uploads\/sites\/2\/2025\/06\/logo-patagonia-booking.png\",\"width\":80,\"height\":80,\"caption\":\"Patagonia Booking\"},\"image\":{\"@id\":\"https:\/\/patagoniabooking.com\/#\/schema\/logo\/image\/\"}}]}<\/script>\n<meta property=\"product:price:amount\" content=\"163200.00\" \/>\n<meta property=\"product:price:currency\" content=\"ARS\" \/>\n<meta property=\"og:availability\" content=\"instock\" \/>\n<meta property=\"product:availability\" content=\"instock\" \/>\n<meta property=\"product:retailer_item_id\" content=\"ADV2025ISVIYB4A10\" \/>\n<meta property=\"product:condition\" content=\"new\" \/>\n<!-- \/ Yoast SEO Premium plugin. -->","yoast_head_json":{"title":"Ilha Victoria e Floresta de Arrayanes - Patag\u00f4nia Booking","description":"Navegue pelo Nahuel Huapi at\u00e9 a Ilha Victoria e a Floresta de Arrayanes. Caminhadas guiadas, paisagens \u00fanicas e natureza patag\u00f4nica sem traslado inclu\u00eddo.","robots":{"index":"index","follow":"follow","max-snippet":"max-snippet:-1","max-image-preview":"max-image-preview:large","max-video-preview":"max-video-preview:-1"},"canonical":"https:\/\/patagoniabooking.com\/pt\/product\/victoria-island-e-arrayanes-forest-sem-realocacao\/","og_locale":"pt_BR","og_type":"article","og_title":"Navegaci\u00f3n por Nahuel Huapi: Isla Victoria y Bosque de Arrayanes sin traslado","og_description":"Naveg\u00e1 el Nahuel Huapi hacia Isla Victoria y el Bosque de Arrayanes. Caminatas guiadas, paisajes \u00fanicos y naturaleza patag\u00f3nica sin traslado incluido.","og_url":"https:\/\/patagoniabooking.com\/pt\/product\/victoria-island-e-arrayanes-forest-sem-realocacao\/","og_site_name":"Patagonia Booking","article_modified_time":"2026-03-31T15:13:19+00:00","og_image":[{"width":992,"height":1323,"url":"https:\/\/patagoniabooking.com\/wp-content\/uploads\/sites\/2\/2025\/06\/4-A-IMG_6106-copia.jpg","type":"image\/jpeg"}],"twitter_card":"summary_large_image","twitter_misc":{"Pre\u00e7o":"&#36;163,200.00","Disponibilidade":"Em Estoque"},"schema":{"@context":"https:\/\/schema.org","@graph":[{"@type":"WebPage","@id":"https:\/\/patagoniabooking.com\/product\/isla-victoria-y-bosque-de-arrayanes-sin-traslado\/","url":"https:\/\/patagoniabooking.com\/product\/isla-victoria-y-bosque-de-arrayanes-sin-traslado\/","name":"Ilha Victoria e Floresta de Arrayanes - Patag\u00f4nia Booking","isPartOf":{"@id":"https:\/\/patagoniabooking.com\/#website"},"primaryImageOfPage":{"@id":"https:\/\/patagoniabooking.com\/product\/isla-victoria-y-bosque-de-arrayanes-sin-traslado\/#primaryimage"},"image":{"@id":"https:\/\/patagoniabooking.com\/product\/isla-victoria-y-bosque-de-arrayanes-sin-traslado\/#primaryimage"},"thumbnailUrl":"https:\/\/patagoniabooking.com\/wp-content\/uploads\/sites\/2\/2025\/06\/4-A-IMG_6106-copia.jpg","datePublished":"2025-06-12T13:38:23+00:00","dateModified":"2026-03-31T15:13:19+00:00","description":"Navegue pelo Nahuel Huapi at\u00e9 a Ilha Victoria e a Floresta de Arrayanes. Caminhadas guiadas, paisagens \u00fanicas e natureza patag\u00f4nica sem traslado inclu\u00eddo.","breadcrumb":{"@id":"https:\/\/patagoniabooking.com\/product\/isla-victoria-y-bosque-de-arrayanes-sin-traslado\/#breadcrumb"},"inLanguage":"pt-BR","potentialAction":[{"@type":"ReadAction","target":["https:\/\/patagoniabooking.com\/product\/isla-victoria-y-bosque-de-arrayanes-sin-traslado\/"]}]},{"@type":"ImageObject","inLanguage":"pt-BR","@id":"https:\/\/patagoniabooking.com\/product\/isla-victoria-y-bosque-de-arrayanes-sin-traslado\/#primaryimage","url":"https:\/\/patagoniabooking.com\/wp-content\/uploads\/sites\/2\/2025\/06\/4-A-IMG_6106-copia.jpg","contentUrl":"https:\/\/patagoniabooking.com\/wp-content\/uploads\/sites\/2\/2025\/06\/4-A-IMG_6106-copia.jpg","width":992,"height":1323},{"@type":"BreadcrumbList","@id":"https:\/\/patagoniabooking.com\/product\/isla-victoria-y-bosque-de-arrayanes-sin-traslado\/#breadcrumb","itemListElement":[{"@type":"ListItem","position":1,"name":"Inicio","item":"https:\/\/patagoniabooking.com\/"},{"@type":"ListItem","position":2,"name":"Lista de excursiones","item":"https:\/\/patagoniabooking.com\/shop\/"},{"@type":"ListItem","position":3,"name":"Navegaci\u00f3n por Nahuel Huapi: Isla Victoria y Bosque de Arrayanes sin traslado"}]},{"@type":"WebSite","@id":"https:\/\/patagoniabooking.com\/#website","url":"https:\/\/patagoniabooking.com\/","name":"Reservas para a Patag\u00f4nia","description":"","publisher":{"@id":"https:\/\/patagoniabooking.com\/#organization"},"potentialAction":[{"@type":"SearchAction","target":{"@type":"EntryPoint","urlTemplate":"https:\/\/patagoniabooking.com\/?s={search_term_string}"},"query-input":{"@type":"PropertyValueSpecification","valueRequired":true,"valueName":"search_term_string"}}],"inLanguage":"pt-BR"},{"@type":"Organization","@id":"https:\/\/patagoniabooking.com\/#organization","name":"Reservas para a Patag\u00f4nia","url":"https:\/\/patagoniabooking.com\/","logo":{"@type":"ImageObject","inLanguage":"pt-BR","@id":"https:\/\/patagoniabooking.com\/#\/schema\/logo\/image\/","url":"https:\/\/patagoniabooking.com\/wp-content\/uploads\/sites\/2\/2025\/06\/logo-patagonia-booking.png","contentUrl":"https:\/\/patagoniabooking.com\/wp-content\/uploads\/sites\/2\/2025\/06\/logo-patagonia-booking.png","width":80,"height":80,"caption":"Patagonia Booking"},"image":{"@id":"https:\/\/patagoniabooking.com\/#\/schema\/logo\/image\/"}}]},"product_price_amount":"163200.00","product_price_currency":"ARS","og_availability":"instock","product_availability":"instock","product_retailer_item_id":"ADV2025ISVIYB4A10","product_condition":"new"},"_links":{"self":[{"href":"https:\/\/patagoniabooking.com\/pt\/wp-json\/wp\/v2\/product\/42","targetHints":{"allow":["GET"]}}],"collection":[{"href":"https:\/\/patagoniabooking.com\/pt\/wp-json\/wp\/v2\/product"}],"about":[{"href":"https:\/\/patagoniabooking.com\/pt\/wp-json\/wp\/v2\/types\/product"}],"replies":[{"embeddable":true,"href":"https:\/\/patagoniabooking.com\/pt\/wp-json\/wp\/v2\/comments?post=42"}],"wp:featuredmedia":[{"embeddable":true,"href":"https:\/\/patagoniabooking.com\/pt\/wp-json\/wp\/v2\/media\/377802"}],"wp:attachment":[{"href":"https:\/\/patagoniabooking.com\/pt\/wp-json\/wp\/v2\/media?parent=42"}],"wp:term":[{"taxonomy":"product_brand","embeddable":true,"href":"https:\/\/patagoniabooking.com\/pt\/wp-json\/wp\/v2\/product_brand?post=42"},{"taxonomy":"product_cat","embeddable":true,"href":"https:\/\/patagoniabooking.com\/pt\/wp-json\/wp\/v2\/product_cat?post=42"},{"taxonomy":"product_tag","embeddable":true,"href":"https:\/\/patagoniabooking.com\/pt\/wp-json\/wp\/v2\/product_tag?post=42"}],"curies":[{"name":"wp","href":"https:\/\/api.w.org\/{rel}","templated":true}]}}