{"id":41,"date":"2025-06-12T10:38:04","date_gmt":"2025-06-12T13:38:04","guid":{"rendered":"https:\/\/patagoniabooking.shop\/product\/excursion-a-puerto-blest-y-lago-frias-con-traslado\/"},"modified":"2026-04-08T16:34:19","modified_gmt":"2026-04-08T19:34:19","slug":"puerto-blest-cascada-los-cantaros-lago-frias","status":"publish","type":"product","link":"https:\/\/patagoniabooking.com\/pt\/product\/puerto-blest-cachoeira-los-cantaros-lago-frias\/","title":{"rendered":"Excurs\u00e3o a Puerto Blest e Lago Frias com traslado"},"content":{"rendered":"<h2 class=\"ai-optimize-22\">Conhe\u00e7a a grandeza de Puerto Blest e a cachoeira \u201cLos C\u00e1ntaros\u201d.\u201d<\/h2>\n<p class=\"ai-optimize-23 ai-optimize-introduction\">Lance-se em uma experi\u00eancia inesquec\u00edvel com o inconfund\u00edvel <strong>Puerto Pa\u00f1uelo<\/strong>, O barco est\u00e1 localizado a apenas alguns minutos do centro de San Carlos de Bariloche. Desfrute de um relaxante passeio de barco de pouco mais de uma hora, onde voc\u00ea conhecer\u00e1 o famoso <strong>Ilhota Sentinela<\/strong>, o local de descanso eterno do extraordin\u00e1rio Perito Moreno.<\/p>\n<p class=\"ai-optimize-24\">Continuaremos a jornada at\u00e9 um conjunto de passarelas que proporcionam uma vista imbat\u00edvel do poderoso <strong>Cachoeira Los C\u00e1ntaros<\/strong>. Esse espet\u00e1culo natural, cercado por imponentes forma\u00e7\u00f5es de granito, esconde um lari\u00e7o milenar que testemunhou mais de 1.500 anos de hist\u00f3ria.<\/p>\n<h3 class=\"ai-optimize-25\">Navegando com vistas exclusivas do lago<\/h3>\n<p class=\"ai-optimize-26\">A bordo de um catamar\u00e3 de \u00faltima gera\u00e7\u00e3o, voc\u00ea desfrutar\u00e1 de <strong>paisagens deslumbrantes do lago Nahuel Huapi<\/strong> e os picos grandiosos da <strong>Cordilheira dos Andes<\/strong>. Conhe\u00e7a a magia de suas ilhas e as paisagens inesquec\u00edveis que s\u00f3 podem ser vistas nessa regi\u00e3o.<\/p>\n<h2 class=\"ai-optimize-27\">Mergulhe no Lago Frias: um segredo da Patag\u00f4nia<\/h2>\n<p class=\"ai-optimize-28\">Quando voc\u00ea chega a Puerto Blest, um lugar que atrai visitantes de todo o planeta, a maravilha do <strong>Lago Frias<\/strong>. Sua impressionante cor esverdeada se deve aos sedimentos glaciais arrastados da Serra do Tronador.<\/p>\n<p class=\"ai-optimize-29\">Se quiser estender essa incr\u00edvel viagem, um confort\u00e1vel traslado de \u00f4nibus de 3 km at\u00e9 <strong>Porto Alegre<\/strong>, Voc\u00ea pode embarcar em outro barco e se aproximar ainda mais da beleza de suas \u00e1guas especiais.<\/p>\n<h3 class=\"ai-optimize-30\">Muito o que fazer e aproveitar<\/h3>\n<ul>\n<li class=\"ai-optimize-31\">Caminhadas guiadas pela floresta tropical de Vald\u00edvia, um canto repleto de vida selvagem \u00fanica.<\/li>\n<li class=\"ai-optimize-32\">Passeios de barco no sereno Lago Frias e seu cen\u00e1rio cativante.<\/li>\n<\/ul>\n<h2 class=\"ai-optimize-33\">Tudo o que voc\u00ea precisa saber<\/h2>\n<ul>\n<li class=\"ai-optimize-34\"><strong>Hor\u00e1rios:<\/strong> Das 8:30 \u00e0s 17:30, aproximadamente.<\/li>\n<li class=\"ai-optimize-35\"><strong>Ele inclui:<\/strong> Traslado de ida e volta, navega\u00e7\u00e3o e guia de caminhada.<\/li>\n<li class=\"ai-optimize-36\"><strong>N\u00e3o inclu\u00eddo:<\/strong> Refei\u00e7\u00f5es (h\u00e1 op\u00e7\u00f5es em Paradores) e acesso aos Parques Nacionais.<\/li>\n<\/ul>\n<h2 class=\"ai-optimize-37\">Preocupa\u00e7\u00f5es comuns<\/h2>\n<ul>\n<li class=\"ai-optimize-38\"><strong>Onde posso pagar pelo acesso aos Parques Nacionais?<\/strong><br \/>\nEles devem ser pagos no dia da partida em Puerto Pa\u00f1uelo, somente em dinheiro e em pesos argentinos. H\u00e1 benef\u00edcios para residentes locais e crian\u00e7as com menos de cinco anos de idade.<\/li>\n<li class=\"ai-optimize-39\"><strong>H\u00e1 algum desconto para aposentados do exterior?<\/strong><br \/>\nN\u00e3o, os descontos se aplicam apenas aos aposentados argentinos, que devem apresentar sua carteira de identidade no momento do embarque.<\/li>\n<li class=\"ai-optimize-40\"><strong>\u00c9 poss\u00edvel levar sua pr\u00f3pria comida?<\/strong><br \/>\nSim, voc\u00ea pode levar sua pr\u00f3pria comida ou compr\u00e1-la no barco ou nas paradas ao longo da rota.<\/li>\n<li class=\"ai-optimize-41\"><strong>Que tipo de vaso \u00e9 usado?<\/strong><br \/>\nIsso quase sempre \u00e9 feito a bordo do ic\u00f4nico Modesta Victoria, embora possa ser alterado por motivos operacionais sem aviso pr\u00e9vio.<\/li>\n<li class=\"ai-optimize-42\"><strong>Ele pode ser adicionado a outras excurs\u00f5es?<\/strong><br \/>\nSim, especialmente se voc\u00ea for \u00e0 tarde. Combin\u00e1-lo com o Circuito Chico \u00e9 uma excelente op\u00e7\u00e3o para aproveitar ao m\u00e1ximo.<\/li>\n<\/ul>","protected":false},"excerpt":{"rendered":"<p class=\"ai-optimize-6\">Desfrute de uma experi\u00eancia \u00fanica em Puerto Blest e na cachoeira \u00abLos C\u00e1ntaros\u00bb. Sinta a adrenalina de uma navega\u00e7\u00e3o inesquec\u00edvel e maravilhe-se com as paisagens de tirar o f\u00f4lego do Lago Frias. Compre seu ingresso agora e conecte-se com um ambiente natural espetacular.<\/p>","protected":false},"featured_media":377809,"comment_status":"open","ping_status":"closed","template":"","meta":[],"product_brand":[],"product_cat":[26,30,31,34,35,37,42,47],"product_tag":[],"class_list":{"0":"post-41","1":"product","2":"type-product","3":"status-publish","4":"has-post-thumbnail","6":"product_cat-adultos","7":"product_cat-con-traslado","8":"product_cat-familia","9":"product_cat-jubilados","10":"product_cat-lacustre","11":"product_cat-ninos","12":"product_cat-sin-comida","13":"product_cat-todo-el-ano","15":"first","16":"instock","17":"virtual","18":"sold-individually","19":"purchasable","20":"product-type-booking"},"booking_location":"","booking_location_type":"","booking_duration":60,"booking_duration_unit":"minute","booking_buffer":0,"booking_cost":0,"booking_resources":[],"exclude_global_add_ons":false,"addons":[{"name":"ADU: Adulto","type":"input_multiplier","position":0,"required":true,"title_format":"label","default":"","description_enable":false,"description":"","placeholder_enable":false,"placeholder":"","display":"select","restrictions_type":"any_text","adjust_price":true,"price":"212000","price_type":"quantity_based","restrictions":false,"min":"0","max":"0","options":[],"id":1773233993},{"name":"MEN512 | 5 a 12","type":"input_multiplier","position":1,"required":false,"title_format":"label","default":"","description_enable":false,"description":"","placeholder_enable":false,"placeholder":"","display":"select","restrictions_type":"any_text","adjust_price":true,"price":"119000","price_type":"quantity_based","restrictions":false,"min":"0","max":"0","options":[],"id":1773233994},{"name":"ADUJ : Aposentado","type":"input_multiplier","position":2,"required":false,"title_format":"label","default":"","description_enable":false,"description":"","placeholder_enable":false,"placeholder":"","display":"select","restrictions_type":"any_text","adjust_price":true,"price":"119000","price_type":"quantity_based","restrictions":false,"min":"0","max":"0","options":[],"id":1773233995}],"yoast_head":"<!-- This site is optimized with the Yoast SEO Premium plugin v25.2 (Yoast SEO v25.2) - https:\/\/yoast.com\/wordpress\/plugins\/seo\/ -->\n<title>Excursi\u00f3n a Puerto Blest y Lago Fr\u00edas con traslado - Patagonia Booking<\/title>\n<meta name=\"description\" content=\"Naveg\u00e1 el Nahuel Huapi y descubr\u00ed Puerto Blest, la Cascada Los C\u00e1ntaros y el Lago Fr\u00edas. Excursi\u00f3n con traslado, gu\u00eda y paisajes \u00fanicos de la Patagonia.\" \/>\n<meta name=\"robots\" content=\"index, follow, max-snippet:-1, max-image-preview:large, max-video-preview:-1\" \/>\n<link rel=\"canonical\" href=\"https:\/\/patagoniabooking.com\/pt\/product\/puerto-blest-cachoeira-los-cantaros-lago-frias\/\" \/>\n<meta property=\"og:locale\" content=\"pt_BR\" \/>\n<meta property=\"og:type\" content=\"article\" \/>\n<meta property=\"og:title\" content=\"Excursi\u00f3n a Puerto Blest y Lago Fr\u00edas con traslado\" \/>\n<meta property=\"og:description\" content=\"Naveg\u00e1 el Nahuel Huapi y descubr\u00ed Puerto Blest, la Cascada Los C\u00e1ntaros y el Lago Fr\u00edas. Excursi\u00f3n con traslado, gu\u00eda y paisajes \u00fanicos de la Patagonia.\" \/>\n<meta property=\"og:url\" content=\"https:\/\/patagoniabooking.com\/pt\/product\/puerto-blest-cachoeira-los-cantaros-lago-frias\/\" \/>\n<meta property=\"og:site_name\" content=\"Patagonia Booking\" \/>\n<meta property=\"article:modified_time\" content=\"2026-04-08T19:34:19+00:00\" \/>\n<meta property=\"og:image\" content=\"https:\/\/patagoniabooking.com\/wp-content\/uploads\/sites\/2\/2025\/06\/4-D-20211209_125300-copia.jpg\" \/>\n\t<meta property=\"og:image:width\" content=\"992\" \/>\n\t<meta property=\"og:image:height\" content=\"1323\" \/>\n\t<meta property=\"og:image:type\" content=\"image\/jpeg\" \/>\n<meta name=\"twitter:card\" content=\"summary_large_image\" \/>\n<meta name=\"twitter:label1\" content=\"Pre\u00e7o\" \/>\n\t<meta name=\"twitter:data1\" content=\"&#036;212,000.00\" \/>\n\t<meta name=\"twitter:label2\" content=\"Disponibilidade\" \/>\n\t<meta name=\"twitter:data2\" content=\"Em Estoque\" \/>\n<script type=\"application\/ld+json\" class=\"yoast-schema-graph\">{\"@context\":\"https:\/\/schema.org\",\"@graph\":[{\"@type\":\"WebPage\",\"@id\":\"https:\/\/patagoniabooking.com\/product\/puerto-blest-cascada-los-cantaros-lago-frias\/\",\"url\":\"https:\/\/patagoniabooking.com\/product\/puerto-blest-cascada-los-cantaros-lago-frias\/\",\"name\":\"Excursi\u00f3n a Puerto Blest y Lago Fr\u00edas con traslado - Patagonia Booking\",\"isPartOf\":{\"@id\":\"https:\/\/patagoniabooking.com\/#website\"},\"primaryImageOfPage\":{\"@id\":\"https:\/\/patagoniabooking.com\/product\/puerto-blest-cascada-los-cantaros-lago-frias\/#primaryimage\"},\"image\":{\"@id\":\"https:\/\/patagoniabooking.com\/product\/puerto-blest-cascada-los-cantaros-lago-frias\/#primaryimage\"},\"thumbnailUrl\":\"https:\/\/patagoniabooking.com\/wp-content\/uploads\/sites\/2\/2025\/06\/4-D-20211209_125300-copia.jpg\",\"datePublished\":\"2025-06-12T13:38:04+00:00\",\"dateModified\":\"2026-04-08T19:34:19+00:00\",\"description\":\"Naveg\u00e1 el Nahuel Huapi y descubr\u00ed Puerto Blest, la Cascada Los C\u00e1ntaros y el Lago Fr\u00edas. Excursi\u00f3n con traslado, gu\u00eda y paisajes \u00fanicos de la Patagonia.\",\"breadcrumb\":{\"@id\":\"https:\/\/patagoniabooking.com\/product\/puerto-blest-cascada-los-cantaros-lago-frias\/#breadcrumb\"},\"inLanguage\":\"pt-BR\",\"potentialAction\":[{\"@type\":\"ReadAction\",\"target\":[\"https:\/\/patagoniabooking.com\/product\/puerto-blest-cascada-los-cantaros-lago-frias\/\"]}]},{\"@type\":\"ImageObject\",\"inLanguage\":\"pt-BR\",\"@id\":\"https:\/\/patagoniabooking.com\/product\/puerto-blest-cascada-los-cantaros-lago-frias\/#primaryimage\",\"url\":\"https:\/\/patagoniabooking.com\/wp-content\/uploads\/sites\/2\/2025\/06\/4-D-20211209_125300-copia.jpg\",\"contentUrl\":\"https:\/\/patagoniabooking.com\/wp-content\/uploads\/sites\/2\/2025\/06\/4-D-20211209_125300-copia.jpg\",\"width\":992,\"height\":1323},{\"@type\":\"BreadcrumbList\",\"@id\":\"https:\/\/patagoniabooking.com\/product\/puerto-blest-cascada-los-cantaros-lago-frias\/#breadcrumb\",\"itemListElement\":[{\"@type\":\"ListItem\",\"position\":1,\"name\":\"Inicio\",\"item\":\"https:\/\/patagoniabooking.com\/\"},{\"@type\":\"ListItem\",\"position\":2,\"name\":\"Lista de excursiones\",\"item\":\"https:\/\/patagoniabooking.com\/shop\/\"},{\"@type\":\"ListItem\",\"position\":3,\"name\":\"Excursi\u00f3n a Puerto Blest y Lago Fr\u00edas con traslado\"}]},{\"@type\":\"WebSite\",\"@id\":\"https:\/\/patagoniabooking.com\/#website\",\"url\":\"https:\/\/patagoniabooking.com\/\",\"name\":\"Patagonia Booking\",\"description\":\"\",\"publisher\":{\"@id\":\"https:\/\/patagoniabooking.com\/#organization\"},\"potentialAction\":[{\"@type\":\"SearchAction\",\"target\":{\"@type\":\"EntryPoint\",\"urlTemplate\":\"https:\/\/patagoniabooking.com\/?s={search_term_string}\"},\"query-input\":{\"@type\":\"PropertyValueSpecification\",\"valueRequired\":true,\"valueName\":\"search_term_string\"}}],\"inLanguage\":\"pt-BR\"},{\"@type\":\"Organization\",\"@id\":\"https:\/\/patagoniabooking.com\/#organization\",\"name\":\"Patagonia Booking\",\"url\":\"https:\/\/patagoniabooking.com\/\",\"logo\":{\"@type\":\"ImageObject\",\"inLanguage\":\"pt-BR\",\"@id\":\"https:\/\/patagoniabooking.com\/#\/schema\/logo\/image\/\",\"url\":\"https:\/\/patagoniabooking.com\/wp-content\/uploads\/sites\/2\/2025\/06\/logo-patagonia-booking.png\",\"contentUrl\":\"https:\/\/patagoniabooking.com\/wp-content\/uploads\/sites\/2\/2025\/06\/logo-patagonia-booking.png\",\"width\":80,\"height\":80,\"caption\":\"Patagonia Booking\"},\"image\":{\"@id\":\"https:\/\/patagoniabooking.com\/#\/schema\/logo\/image\/\"}}]}<\/script>\n<meta property=\"product:price:amount\" content=\"212000.00\" \/>\n<meta property=\"product:price:currency\" content=\"ARS\" \/>\n<meta property=\"og:availability\" content=\"instock\" \/>\n<meta property=\"product:availability\" content=\"instock\" \/>\n<meta property=\"product:retailer_item_id\" content=\"ADV2025PUBLYC9CR1\" \/>\n<meta property=\"product:condition\" content=\"new\" \/>\n<!-- \/ Yoast SEO Premium plugin. -->","yoast_head_json":{"title":"Excurs\u00e3o a Puerto Blest e Lago Frias com traslado - Patag\u00f4nia Booking","description":"Navegue pelo Nahuel Huapi e descubra Puerto Blest, a cachoeira Los C\u00e1ntaros e o lago Fr\u00edas. Excurs\u00e3o com traslado, guia e paisagens \u00fanicas da Patag\u00f4nia.","robots":{"index":"index","follow":"follow","max-snippet":"max-snippet:-1","max-image-preview":"max-image-preview:large","max-video-preview":"max-video-preview:-1"},"canonical":"https:\/\/patagoniabooking.com\/pt\/product\/puerto-blest-cachoeira-los-cantaros-lago-frias\/","og_locale":"pt_BR","og_type":"article","og_title":"Excursi\u00f3n a Puerto Blest y Lago Fr\u00edas con traslado","og_description":"Naveg\u00e1 el Nahuel Huapi y descubr\u00ed Puerto Blest, la Cascada Los C\u00e1ntaros y el Lago Fr\u00edas. Excursi\u00f3n con traslado, gu\u00eda y paisajes \u00fanicos de la Patagonia.","og_url":"https:\/\/patagoniabooking.com\/pt\/product\/puerto-blest-cachoeira-los-cantaros-lago-frias\/","og_site_name":"Patagonia Booking","article_modified_time":"2026-04-08T19:34:19+00:00","og_image":[{"width":992,"height":1323,"url":"https:\/\/patagoniabooking.com\/wp-content\/uploads\/sites\/2\/2025\/06\/4-D-20211209_125300-copia.jpg","type":"image\/jpeg"}],"twitter_card":"summary_large_image","twitter_misc":{"Pre\u00e7o":"&#36;212,000.00","Disponibilidade":"Em Estoque"},"schema":{"@context":"https:\/\/schema.org","@graph":[{"@type":"WebPage","@id":"https:\/\/patagoniabooking.com\/product\/puerto-blest-cascada-los-cantaros-lago-frias\/","url":"https:\/\/patagoniabooking.com\/product\/puerto-blest-cascada-los-cantaros-lago-frias\/","name":"Excurs\u00e3o a Puerto Blest e Lago Frias com traslado - Patag\u00f4nia Booking","isPartOf":{"@id":"https:\/\/patagoniabooking.com\/#website"},"primaryImageOfPage":{"@id":"https:\/\/patagoniabooking.com\/product\/puerto-blest-cascada-los-cantaros-lago-frias\/#primaryimage"},"image":{"@id":"https:\/\/patagoniabooking.com\/product\/puerto-blest-cascada-los-cantaros-lago-frias\/#primaryimage"},"thumbnailUrl":"https:\/\/patagoniabooking.com\/wp-content\/uploads\/sites\/2\/2025\/06\/4-D-20211209_125300-copia.jpg","datePublished":"2025-06-12T13:38:04+00:00","dateModified":"2026-04-08T19:34:19+00:00","description":"Navegue pelo Nahuel Huapi e descubra Puerto Blest, a cachoeira Los C\u00e1ntaros e o lago Fr\u00edas. Excurs\u00e3o com traslado, guia e paisagens \u00fanicas da Patag\u00f4nia.","breadcrumb":{"@id":"https:\/\/patagoniabooking.com\/product\/puerto-blest-cascada-los-cantaros-lago-frias\/#breadcrumb"},"inLanguage":"pt-BR","potentialAction":[{"@type":"ReadAction","target":["https:\/\/patagoniabooking.com\/product\/puerto-blest-cascada-los-cantaros-lago-frias\/"]}]},{"@type":"ImageObject","inLanguage":"pt-BR","@id":"https:\/\/patagoniabooking.com\/product\/puerto-blest-cascada-los-cantaros-lago-frias\/#primaryimage","url":"https:\/\/patagoniabooking.com\/wp-content\/uploads\/sites\/2\/2025\/06\/4-D-20211209_125300-copia.jpg","contentUrl":"https:\/\/patagoniabooking.com\/wp-content\/uploads\/sites\/2\/2025\/06\/4-D-20211209_125300-copia.jpg","width":992,"height":1323},{"@type":"BreadcrumbList","@id":"https:\/\/patagoniabooking.com\/product\/puerto-blest-cascada-los-cantaros-lago-frias\/#breadcrumb","itemListElement":[{"@type":"ListItem","position":1,"name":"Inicio","item":"https:\/\/patagoniabooking.com\/"},{"@type":"ListItem","position":2,"name":"Lista de excursiones","item":"https:\/\/patagoniabooking.com\/shop\/"},{"@type":"ListItem","position":3,"name":"Excursi\u00f3n a Puerto Blest y Lago Fr\u00edas con traslado"}]},{"@type":"WebSite","@id":"https:\/\/patagoniabooking.com\/#website","url":"https:\/\/patagoniabooking.com\/","name":"Reservas para a Patag\u00f4nia","description":"","publisher":{"@id":"https:\/\/patagoniabooking.com\/#organization"},"potentialAction":[{"@type":"SearchAction","target":{"@type":"EntryPoint","urlTemplate":"https:\/\/patagoniabooking.com\/?s={search_term_string}"},"query-input":{"@type":"PropertyValueSpecification","valueRequired":true,"valueName":"search_term_string"}}],"inLanguage":"pt-BR"},{"@type":"Organization","@id":"https:\/\/patagoniabooking.com\/#organization","name":"Reservas para a Patag\u00f4nia","url":"https:\/\/patagoniabooking.com\/","logo":{"@type":"ImageObject","inLanguage":"pt-BR","@id":"https:\/\/patagoniabooking.com\/#\/schema\/logo\/image\/","url":"https:\/\/patagoniabooking.com\/wp-content\/uploads\/sites\/2\/2025\/06\/logo-patagonia-booking.png","contentUrl":"https:\/\/patagoniabooking.com\/wp-content\/uploads\/sites\/2\/2025\/06\/logo-patagonia-booking.png","width":80,"height":80,"caption":"Patagonia Booking"},"image":{"@id":"https:\/\/patagoniabooking.com\/#\/schema\/logo\/image\/"}}]},"product_price_amount":"212000.00","product_price_currency":"ARS","og_availability":"instock","product_availability":"instock","product_retailer_item_id":"ADV2025PUBLYC9CR1","product_condition":"new"},"_links":{"self":[{"href":"https:\/\/patagoniabooking.com\/pt\/wp-json\/wp\/v2\/product\/41","targetHints":{"allow":["GET"]}}],"collection":[{"href":"https:\/\/patagoniabooking.com\/pt\/wp-json\/wp\/v2\/product"}],"about":[{"href":"https:\/\/patagoniabooking.com\/pt\/wp-json\/wp\/v2\/types\/product"}],"replies":[{"embeddable":true,"href":"https:\/\/patagoniabooking.com\/pt\/wp-json\/wp\/v2\/comments?post=41"}],"wp:featuredmedia":[{"embeddable":true,"href":"https:\/\/patagoniabooking.com\/pt\/wp-json\/wp\/v2\/media\/377809"}],"wp:attachment":[{"href":"https:\/\/patagoniabooking.com\/pt\/wp-json\/wp\/v2\/media?parent=41"}],"wp:term":[{"taxonomy":"product_brand","embeddable":true,"href":"https:\/\/patagoniabooking.com\/pt\/wp-json\/wp\/v2\/product_brand?post=41"},{"taxonomy":"product_cat","embeddable":true,"href":"https:\/\/patagoniabooking.com\/pt\/wp-json\/wp\/v2\/product_cat?post=41"},{"taxonomy":"product_tag","embeddable":true,"href":"https:\/\/patagoniabooking.com\/pt\/wp-json\/wp\/v2\/product_tag?post=41"}],"curies":[{"name":"wp","href":"https:\/\/api.w.org\/{rel}","templated":true}]}}