{"id":40,"date":"2025-06-12T10:37:45","date_gmt":"2025-06-12T13:37:45","guid":{"rendered":"https:\/\/patagoniabooking.shop\/product\/puerto-blest-y-cascada-los-cantaros-con-traslado\/"},"modified":"2026-03-31T12:13:19","modified_gmt":"2026-03-31T15:13:19","slug":"puerto-blest-cascada-los-cantaros-con-traslado-bariloche","status":"publish","type":"product","link":"https:\/\/patagoniabooking.com\/pt\/product\/puerto-blest-cachoeira-los-cantaros-com-traslado-bariloche\/","title":{"rendered":"Puerto Blest e Cachoeira \u201cLos Cantaros\u201d com traslado"},"content":{"rendered":"<h2 class=\"ai-optimize-21\">Conhe\u00e7a a grandeza de Puerto Blest e a cachoeira \u201cLos C\u00e1ntaros\u201d.\u201d<\/h2>\n<p class=\"ai-optimize-22 ai-optimize-introduction\">Venha experimentar um tipo diferente de aventura no cora\u00e7\u00e3o da Patag\u00f4nia argentina. Ao escolher seu traslado, voc\u00ea sair\u00e1 do centro de Bariloche em dire\u00e7\u00e3o ao emblem\u00e1tico Puerto Pa\u00f1uelo, localizado a apenas 25 km de dist\u00e2ncia. No caminho, voc\u00ea se surpreender\u00e1 com o esplendor da cordilheira e a calma cristalina dos lagos patag\u00f4nicos.<\/p>\n<h3 class=\"ai-optimize-23\">Uma experi\u00eancia que deixa sua marca<\/h3>\n<p class=\"ai-optimize-24\">Embarque em um confort\u00e1vel catamar\u00e3 e navegue por uma hora inesquec\u00edvel. Durante essa viagem, voc\u00ea encontrar\u00e1 a ilhota Centinela, o local hist\u00f3rico onde repousam os restos do famoso Perito Moreno. A travessia o levar\u00e1 diretamente \u00e0s passarelas que levam ao majestoso <strong>Cachoeira Los C\u00e1ntaros<\/strong>, Um espet\u00e1culo de granito e \u00e1gua esculpido por mil\u00eanios, um testemunho vivo da for\u00e7a da natureza.<\/p>\n<h3 class=\"ai-optimize-25\">Maravilhas de Puerto Blest<\/h3>\n<ul>\n<li class=\"ai-optimize-26\"><strong>Bah\u00eda So\u00f1ada:<\/strong> Aprecie as excepcionais vistas panor\u00e2micas da ba\u00eda e o verde intenso do Lago Frias, alimentado pelas geleiras do imponente Cerro Tronador.<\/li>\n<li class=\"ai-optimize-27\"><strong>Trilhas na floresta tropical de Vald\u00edvia:<\/strong> Ao caminhar por suas trilhas, voc\u00ea se conectar\u00e1 com a fauna e a flora extraordin\u00e1rias de um ambiente que n\u00e3o existe em nenhum outro lugar.<\/li>\n<\/ul>\n<h3 class=\"ai-optimize-28\">Uma mem\u00f3ria eterna<\/h3>\n<p class=\"ai-optimize-29\">A experi\u00eancia termina com o retorno pelo Brazo Blest, e o Cerro Tronador se despede banhado pela luz do p\u00f4r do sol, gerando uma imagem indel\u00e9vel que voc\u00ea vai querer contar sempre.<\/p>\n<h3 class=\"ai-optimize-30\">Informa\u00e7\u00f5es importantes<\/h3>\n<ul>\n<li class=\"ai-optimize-31\"><strong>Hor\u00e1rio:<\/strong> Das 8:30 \u00e0s 18:00 horas.<\/li>\n<li class=\"ai-optimize-32\"><strong>Ele inclui:<\/strong> Traslados de ida e volta, passeios guiados de catamar\u00e3 e caminhadas interpretativas na selva.<\/li>\n<li class=\"ai-optimize-33\"><strong>N\u00e3o inclu\u00eddo:<\/strong> Refei\u00e7\u00f5es (h\u00e1 propostas gastron\u00f4micas no circuito), taxas de acesso aos Parques Nacionais e taxas de embarque.<\/li>\n<\/ul>\n<h3 class=\"ai-optimize-34\">Perguntas frequentes<\/h3>\n<h4 class=\"ai-optimize-35\">Essa excurs\u00e3o \u00e9 destinada a todos?<\/h4>\n<p class=\"ai-optimize-36\">\u00c9 claro que ele pode ser apreciado por pessoas de qualquer idade, sem limita\u00e7\u00f5es.<\/p>\n<h4 class=\"ai-optimize-37\">Que roupas s\u00e3o recomendadas?<\/h4>\n<p class=\"ai-optimize-38\">Traga roupas confort\u00e1veis e cal\u00e7ados para caminhadas; adicione uma jaqueta caso o clima o surpreenda.<\/p>\n<h4 class=\"ai-optimize-39\">A cachoeira \u201cLos C\u00e1ntaros\u201d fica aberta o ano todo?<\/h4>\n<p class=\"ai-optimize-40\">Na maioria dos casos, sim, embora seja sempre melhor verificar a disponibilidade durante o inverno.<\/p>","protected":false},"excerpt":{"rendered":"<p class=\"ai-optimize-6\">Descubra Puerto Blest e a impressionante cachoeira \u00abLos C\u00e1ntaros\u00bb em uma viagem inesquec\u00edvel. Fa\u00e7a um passeio de catamar\u00e3 pelo Lago Nahuel Huapi e entre na imponente floresta tropical valdiviana. Essa experi\u00eancia lhe oferece vistas panor\u00e2micas \u00fanicas e momentos de profunda conex\u00e3o com o ambiente natural. Garanta seu lugar e conhe\u00e7a a Patag\u00f4nia como nunca antes.<\/p>","protected":false},"featured_media":377806,"comment_status":"open","ping_status":"closed","template":"","meta":[],"product_brand":[],"product_cat":[26,30,31,34,35,37,42,47],"product_tag":[],"class_list":{"0":"post-40","1":"product","2":"type-product","3":"status-publish","4":"has-post-thumbnail","6":"product_cat-adultos","7":"product_cat-con-traslado","8":"product_cat-familia","9":"product_cat-jubilados","10":"product_cat-lacustre","11":"product_cat-ninos","12":"product_cat-sin-comida","13":"product_cat-todo-el-ano","15":"first","16":"instock","17":"virtual","18":"sold-individually","19":"purchasable","20":"product-type-booking"},"booking_location":"","booking_location_type":"","booking_duration":60,"booking_duration_unit":"minute","booking_buffer":0,"booking_cost":0,"booking_resources":[],"exclude_global_add_ons":false,"addons":[{"name":"ADU: Adulto","type":"input_multiplier","position":0,"required":false,"title_format":"label","default":"","description_enable":false,"description":"","placeholder_enable":false,"placeholder":"","display":"select","restrictions_type":"any_text","adjust_price":true,"price":"158000","price_type":"quantity_based","restrictions":false,"min":"0","max":"0","options":[],"id":1773234438},{"name":"MEN518 | de 5 a 18","type":"input_multiplier","position":1,"required":false,"title_format":"label","default":"","description_enable":false,"description":"","placeholder_enable":false,"placeholder":"","display":"select","restrictions_type":"any_text","adjust_price":true,"price":"92000","price_type":"quantity_based","restrictions":false,"min":"0","max":"0","options":[],"id":1773234439},{"name":"ADUJ : Aposentado","type":"input_multiplier","position":2,"required":false,"title_format":"label","default":"","description_enable":false,"description":"","placeholder_enable":false,"placeholder":"","display":"select","restrictions_type":"any_text","adjust_price":true,"price":"92000","price_type":"quantity_based","restrictions":false,"min":"0","max":"0","options":[],"id":1773234440}],"yoast_head":"<!-- This site is optimized with the Yoast SEO Premium plugin v25.2 (Yoast SEO v25.2) - https:\/\/yoast.com\/wordpress\/plugins\/seo\/ -->\n<title>Puerto Blest y Cascada &quot;Los Cantaros&quot; con traslado - Patagonia Booking<\/title>\n<meta name=\"description\" content=\"Excursi\u00f3n con traslado a Puerto Blest y Cascada Los C\u00e1ntaros. Naveg\u00e1 el Nahuel Huapi, camin\u00e1 la selva valdiviana y descubr\u00ed el Lago Fr\u00edas en Bariloche.\" \/>\n<meta name=\"robots\" content=\"index, follow, max-snippet:-1, max-image-preview:large, max-video-preview:-1\" \/>\n<link rel=\"canonical\" href=\"https:\/\/patagoniabooking.com\/pt\/product\/puerto-blest-cachoeira-los-cantaros-com-traslado-bariloche\/\" \/>\n<meta property=\"og:locale\" content=\"pt_BR\" \/>\n<meta property=\"og:type\" content=\"article\" \/>\n<meta property=\"og:title\" content=\"Puerto Blest y Cascada &quot;Los Cantaros&quot; con traslado\" \/>\n<meta property=\"og:description\" content=\"Excursi\u00f3n con traslado a Puerto Blest y Cascada Los C\u00e1ntaros. Naveg\u00e1 el Nahuel Huapi, camin\u00e1 la selva valdiviana y descubr\u00ed el Lago Fr\u00edas en Bariloche.\" \/>\n<meta property=\"og:url\" content=\"https:\/\/patagoniabooking.com\/pt\/product\/puerto-blest-cachoeira-los-cantaros-com-traslado-bariloche\/\" \/>\n<meta property=\"og:site_name\" content=\"Patagonia Booking\" \/>\n<meta property=\"article:modified_time\" content=\"2026-03-31T15:13:19+00:00\" \/>\n<meta property=\"og:image\" content=\"https:\/\/patagoniabooking.com\/wp-content\/uploads\/sites\/2\/2025\/06\/4-A-WhatsApp-Image-2023-02-21-at-10.55-copia.jpg\" \/>\n\t<meta property=\"og:image:width\" content=\"992\" \/>\n\t<meta property=\"og:image:height\" content=\"1323\" \/>\n\t<meta property=\"og:image:type\" content=\"image\/jpeg\" \/>\n<meta name=\"twitter:card\" content=\"summary_large_image\" \/>\n<meta name=\"twitter:label1\" content=\"Pre\u00e7o\" \/>\n\t<meta name=\"twitter:data1\" content=\"&#036;158,000.00\" \/>\n\t<meta name=\"twitter:label2\" content=\"Disponibilidade\" \/>\n\t<meta name=\"twitter:data2\" content=\"Em Estoque\" \/>\n<script type=\"application\/ld+json\" class=\"yoast-schema-graph\">{\"@context\":\"https:\/\/schema.org\",\"@graph\":[{\"@type\":\"WebPage\",\"@id\":\"https:\/\/patagoniabooking.com\/product\/puerto-blest-cascada-los-cantaros-con-traslado-bariloche\/\",\"url\":\"https:\/\/patagoniabooking.com\/product\/puerto-blest-cascada-los-cantaros-con-traslado-bariloche\/\",\"name\":\"Puerto Blest y Cascada \\\"Los Cantaros\\\" con traslado - Patagonia Booking\",\"isPartOf\":{\"@id\":\"https:\/\/patagoniabooking.com\/#website\"},\"primaryImageOfPage\":{\"@id\":\"https:\/\/patagoniabooking.com\/product\/puerto-blest-cascada-los-cantaros-con-traslado-bariloche\/#primaryimage\"},\"image\":{\"@id\":\"https:\/\/patagoniabooking.com\/product\/puerto-blest-cascada-los-cantaros-con-traslado-bariloche\/#primaryimage\"},\"thumbnailUrl\":\"https:\/\/patagoniabooking.com\/wp-content\/uploads\/sites\/2\/2025\/06\/4-A-WhatsApp-Image-2023-02-21-at-10.55-copia.jpg\",\"datePublished\":\"2025-06-12T13:37:45+00:00\",\"dateModified\":\"2026-03-31T15:13:19+00:00\",\"description\":\"Excursi\u00f3n con traslado a Puerto Blest y Cascada Los C\u00e1ntaros. Naveg\u00e1 el Nahuel Huapi, camin\u00e1 la selva valdiviana y descubr\u00ed el Lago Fr\u00edas en Bariloche.\",\"breadcrumb\":{\"@id\":\"https:\/\/patagoniabooking.com\/product\/puerto-blest-cascada-los-cantaros-con-traslado-bariloche\/#breadcrumb\"},\"inLanguage\":\"pt-BR\",\"potentialAction\":[{\"@type\":\"ReadAction\",\"target\":[\"https:\/\/patagoniabooking.com\/product\/puerto-blest-cascada-los-cantaros-con-traslado-bariloche\/\"]}]},{\"@type\":\"ImageObject\",\"inLanguage\":\"pt-BR\",\"@id\":\"https:\/\/patagoniabooking.com\/product\/puerto-blest-cascada-los-cantaros-con-traslado-bariloche\/#primaryimage\",\"url\":\"https:\/\/patagoniabooking.com\/wp-content\/uploads\/sites\/2\/2025\/06\/4-A-WhatsApp-Image-2023-02-21-at-10.55-copia.jpg\",\"contentUrl\":\"https:\/\/patagoniabooking.com\/wp-content\/uploads\/sites\/2\/2025\/06\/4-A-WhatsApp-Image-2023-02-21-at-10.55-copia.jpg\",\"width\":992,\"height\":1323},{\"@type\":\"BreadcrumbList\",\"@id\":\"https:\/\/patagoniabooking.com\/product\/puerto-blest-cascada-los-cantaros-con-traslado-bariloche\/#breadcrumb\",\"itemListElement\":[{\"@type\":\"ListItem\",\"position\":1,\"name\":\"Inicio\",\"item\":\"https:\/\/patagoniabooking.com\/\"},{\"@type\":\"ListItem\",\"position\":2,\"name\":\"Lista de excursiones\",\"item\":\"https:\/\/patagoniabooking.com\/shop\/\"},{\"@type\":\"ListItem\",\"position\":3,\"name\":\"Puerto Blest y Cascada \u00abLos Cantaros\u00bb con traslado\"}]},{\"@type\":\"WebSite\",\"@id\":\"https:\/\/patagoniabooking.com\/#website\",\"url\":\"https:\/\/patagoniabooking.com\/\",\"name\":\"Patagonia Booking\",\"description\":\"\",\"publisher\":{\"@id\":\"https:\/\/patagoniabooking.com\/#organization\"},\"potentialAction\":[{\"@type\":\"SearchAction\",\"target\":{\"@type\":\"EntryPoint\",\"urlTemplate\":\"https:\/\/patagoniabooking.com\/?s={search_term_string}\"},\"query-input\":{\"@type\":\"PropertyValueSpecification\",\"valueRequired\":true,\"valueName\":\"search_term_string\"}}],\"inLanguage\":\"pt-BR\"},{\"@type\":\"Organization\",\"@id\":\"https:\/\/patagoniabooking.com\/#organization\",\"name\":\"Patagonia Booking\",\"url\":\"https:\/\/patagoniabooking.com\/\",\"logo\":{\"@type\":\"ImageObject\",\"inLanguage\":\"pt-BR\",\"@id\":\"https:\/\/patagoniabooking.com\/#\/schema\/logo\/image\/\",\"url\":\"https:\/\/patagoniabooking.com\/wp-content\/uploads\/sites\/2\/2025\/06\/logo-patagonia-booking.png\",\"contentUrl\":\"https:\/\/patagoniabooking.com\/wp-content\/uploads\/sites\/2\/2025\/06\/logo-patagonia-booking.png\",\"width\":80,\"height\":80,\"caption\":\"Patagonia Booking\"},\"image\":{\"@id\":\"https:\/\/patagoniabooking.com\/#\/schema\/logo\/image\/\"}}]}<\/script>\n<meta property=\"product:price:amount\" content=\"158000.00\" \/>\n<meta property=\"product:price:currency\" content=\"ARS\" \/>\n<meta property=\"og:availability\" content=\"instock\" \/>\n<meta property=\"product:availability\" content=\"instock\" \/>\n<meta property=\"product:retailer_item_id\" content=\"ADV2025PUBLYCO2Q8\" \/>\n<meta property=\"product:condition\" content=\"new\" \/>\n<!-- \/ Yoast SEO Premium plugin. -->","yoast_head_json":{"title":"Puerto Blest e cachoeira \"Los Cantaros\" com traslado - Patag\u00f4nia Booking","description":"Excurs\u00e3o com traslado a Puerto Blest e \u00e0 cachoeira Los C\u00e1ntaros. Navegue pelo Nahuel Huapi, caminhe pela floresta tropical valdiviana e descubra o Lago Frias em Bariloche.","robots":{"index":"index","follow":"follow","max-snippet":"max-snippet:-1","max-image-preview":"max-image-preview:large","max-video-preview":"max-video-preview:-1"},"canonical":"https:\/\/patagoniabooking.com\/pt\/product\/puerto-blest-cachoeira-los-cantaros-com-traslado-bariloche\/","og_locale":"pt_BR","og_type":"article","og_title":"Puerto Blest y Cascada \"Los Cantaros\" con traslado","og_description":"Excursi\u00f3n con traslado a Puerto Blest y Cascada Los C\u00e1ntaros. Naveg\u00e1 el Nahuel Huapi, camin\u00e1 la selva valdiviana y descubr\u00ed el Lago Fr\u00edas en Bariloche.","og_url":"https:\/\/patagoniabooking.com\/pt\/product\/puerto-blest-cachoeira-los-cantaros-com-traslado-bariloche\/","og_site_name":"Patagonia Booking","article_modified_time":"2026-03-31T15:13:19+00:00","og_image":[{"width":992,"height":1323,"url":"https:\/\/patagoniabooking.com\/wp-content\/uploads\/sites\/2\/2025\/06\/4-A-WhatsApp-Image-2023-02-21-at-10.55-copia.jpg","type":"image\/jpeg"}],"twitter_card":"summary_large_image","twitter_misc":{"Pre\u00e7o":"&#36;158,000.00","Disponibilidade":"Em Estoque"},"schema":{"@context":"https:\/\/schema.org","@graph":[{"@type":"WebPage","@id":"https:\/\/patagoniabooking.com\/product\/puerto-blest-cascada-los-cantaros-con-traslado-bariloche\/","url":"https:\/\/patagoniabooking.com\/product\/puerto-blest-cascada-los-cantaros-con-traslado-bariloche\/","name":"Puerto Blest e cachoeira \"Los Cantaros\" com traslado - Patag\u00f4nia Booking","isPartOf":{"@id":"https:\/\/patagoniabooking.com\/#website"},"primaryImageOfPage":{"@id":"https:\/\/patagoniabooking.com\/product\/puerto-blest-cascada-los-cantaros-con-traslado-bariloche\/#primaryimage"},"image":{"@id":"https:\/\/patagoniabooking.com\/product\/puerto-blest-cascada-los-cantaros-con-traslado-bariloche\/#primaryimage"},"thumbnailUrl":"https:\/\/patagoniabooking.com\/wp-content\/uploads\/sites\/2\/2025\/06\/4-A-WhatsApp-Image-2023-02-21-at-10.55-copia.jpg","datePublished":"2025-06-12T13:37:45+00:00","dateModified":"2026-03-31T15:13:19+00:00","description":"Excurs\u00e3o com traslado a Puerto Blest e \u00e0 cachoeira Los C\u00e1ntaros. Navegue pelo Nahuel Huapi, caminhe pela floresta tropical valdiviana e descubra o Lago Frias em Bariloche.","breadcrumb":{"@id":"https:\/\/patagoniabooking.com\/product\/puerto-blest-cascada-los-cantaros-con-traslado-bariloche\/#breadcrumb"},"inLanguage":"pt-BR","potentialAction":[{"@type":"ReadAction","target":["https:\/\/patagoniabooking.com\/product\/puerto-blest-cascada-los-cantaros-con-traslado-bariloche\/"]}]},{"@type":"ImageObject","inLanguage":"pt-BR","@id":"https:\/\/patagoniabooking.com\/product\/puerto-blest-cascada-los-cantaros-con-traslado-bariloche\/#primaryimage","url":"https:\/\/patagoniabooking.com\/wp-content\/uploads\/sites\/2\/2025\/06\/4-A-WhatsApp-Image-2023-02-21-at-10.55-copia.jpg","contentUrl":"https:\/\/patagoniabooking.com\/wp-content\/uploads\/sites\/2\/2025\/06\/4-A-WhatsApp-Image-2023-02-21-at-10.55-copia.jpg","width":992,"height":1323},{"@type":"BreadcrumbList","@id":"https:\/\/patagoniabooking.com\/product\/puerto-blest-cascada-los-cantaros-con-traslado-bariloche\/#breadcrumb","itemListElement":[{"@type":"ListItem","position":1,"name":"Inicio","item":"https:\/\/patagoniabooking.com\/"},{"@type":"ListItem","position":2,"name":"Lista de excursiones","item":"https:\/\/patagoniabooking.com\/shop\/"},{"@type":"ListItem","position":3,"name":"Puerto Blest y Cascada \u00abLos Cantaros\u00bb con traslado"}]},{"@type":"WebSite","@id":"https:\/\/patagoniabooking.com\/#website","url":"https:\/\/patagoniabooking.com\/","name":"Reservas para a Patag\u00f4nia","description":"","publisher":{"@id":"https:\/\/patagoniabooking.com\/#organization"},"potentialAction":[{"@type":"SearchAction","target":{"@type":"EntryPoint","urlTemplate":"https:\/\/patagoniabooking.com\/?s={search_term_string}"},"query-input":{"@type":"PropertyValueSpecification","valueRequired":true,"valueName":"search_term_string"}}],"inLanguage":"pt-BR"},{"@type":"Organization","@id":"https:\/\/patagoniabooking.com\/#organization","name":"Reservas para a Patag\u00f4nia","url":"https:\/\/patagoniabooking.com\/","logo":{"@type":"ImageObject","inLanguage":"pt-BR","@id":"https:\/\/patagoniabooking.com\/#\/schema\/logo\/image\/","url":"https:\/\/patagoniabooking.com\/wp-content\/uploads\/sites\/2\/2025\/06\/logo-patagonia-booking.png","contentUrl":"https:\/\/patagoniabooking.com\/wp-content\/uploads\/sites\/2\/2025\/06\/logo-patagonia-booking.png","width":80,"height":80,"caption":"Patagonia Booking"},"image":{"@id":"https:\/\/patagoniabooking.com\/#\/schema\/logo\/image\/"}}]},"product_price_amount":"158000.00","product_price_currency":"ARS","og_availability":"instock","product_availability":"instock","product_retailer_item_id":"ADV2025PUBLYCO2Q8","product_condition":"new"},"_links":{"self":[{"href":"https:\/\/patagoniabooking.com\/pt\/wp-json\/wp\/v2\/product\/40","targetHints":{"allow":["GET"]}}],"collection":[{"href":"https:\/\/patagoniabooking.com\/pt\/wp-json\/wp\/v2\/product"}],"about":[{"href":"https:\/\/patagoniabooking.com\/pt\/wp-json\/wp\/v2\/types\/product"}],"replies":[{"embeddable":true,"href":"https:\/\/patagoniabooking.com\/pt\/wp-json\/wp\/v2\/comments?post=40"}],"wp:featuredmedia":[{"embeddable":true,"href":"https:\/\/patagoniabooking.com\/pt\/wp-json\/wp\/v2\/media\/377806"}],"wp:attachment":[{"href":"https:\/\/patagoniabooking.com\/pt\/wp-json\/wp\/v2\/media?parent=40"}],"wp:term":[{"taxonomy":"product_brand","embeddable":true,"href":"https:\/\/patagoniabooking.com\/pt\/wp-json\/wp\/v2\/product_brand?post=40"},{"taxonomy":"product_cat","embeddable":true,"href":"https:\/\/patagoniabooking.com\/pt\/wp-json\/wp\/v2\/product_cat?post=40"},{"taxonomy":"product_tag","embeddable":true,"href":"https:\/\/patagoniabooking.com\/pt\/wp-json\/wp\/v2\/product_tag?post=40"}],"curies":[{"name":"wp","href":"https:\/\/api.w.org\/{rel}","templated":true}]}}