{"id":378419,"date":"2026-04-15T14:43:13","date_gmt":"2026-04-15T17:43:13","guid":{"rendered":"https:\/\/patagoniabooking.com\/?post_type=product&#038;p=378419"},"modified":"2026-04-15T14:43:14","modified_gmt":"2026-04-15T17:43:14","slug":"canopy-en-bariloche","status":"publish","type":"product","link":"https:\/\/patagoniabooking.com\/pt\/product\/copa-das-arvores-em-bariloche\/","title":{"rendered":"Canopy em Bariloche"},"content":{"rendered":"<h2 class=\"ai-optimize-51\">Experimente a emo\u00e7\u00e3o de voar entre as \u00e1rvores e descubra uma das experi\u00eancias de aventura mais divertidas de Bariloche.<\/h2>\n<p class=\"ai-optimize-96 ai-optimize-introduction\" data-start=\"424\" data-end=\"738\">A excurs\u00e3o de <strong data-start=\"440\" data-end=\"463\">Canopy em Bariloche<\/strong> \u00e9 uma atividade ideal para quem procura adrenalina, natureza e uma maneira diferente de apreciar a paisagem patag\u00f4nica. Voc\u00ea deslizar\u00e1 por tirolesas entre as copas das \u00e1rvores, atravessando a floresta e sentindo a incr\u00edvel sensa\u00e7\u00e3o de \u201cvoar\u201d sobre a natureza.<\/p>\n<p class=\"ai-optimize-97\" data-start=\"740\" data-end=\"886\">Uma proposta perfeita para compartilhar com a fam\u00edlia, amigos ou em casal, combinando divers\u00e3o, vistas panor\u00e2micas e aventura em um ambiente \u00fanico.<\/p>\n<h2 class=\"ai-optimize-98\" data-section-id=\"y5l0k3\" data-start=\"888\" data-end=\"923\">Do que se trata a experi\u00eancia?<\/h2>\n<p class=\"ai-optimize-99\" data-start=\"925\" data-end=\"1136\">A excurs\u00e3o Canopy Bariloche \u00e9 uma atividade de turismo de aventura em que os participantes deslizam por tirolesas entre as \u00e1rvores da floresta patag\u00f4nica, experimentando a sensa\u00e7\u00e3o de \u201cvoar\u201d sobre a montanha.<\/p>\n<p class=\"ai-optimize-100\" data-start=\"1138\" data-end=\"1422\">O circuito tem <strong data-start=\"1161\" data-end=\"1179\">12 plataformas<\/strong> e mais de <strong data-start=\"1189\" data-end=\"1213\">1600 metros de voo<\/strong>, Oferecemos um passeio din\u00e2mico, seguro e emocionante. Durante a atividade, voc\u00ea ter\u00e1 contato direto com a natureza e uma experi\u00eancia diferente, ideal para adicionar adrenalina \u00e0 sua viagem.<\/p>\n<h2 class=\"ai-optimize-101\" data-section-id=\"119gmzg\" data-start=\"1424\" data-end=\"1453\">Como a turn\u00ea come\u00e7a<\/h2>\n<p class=\"ai-optimize-102\" data-start=\"1455\" data-end=\"1622\">A experi\u00eancia come\u00e7a com o <strong data-start=\"1486\" data-end=\"1511\">transfer\u00eancia de retorno<\/strong>. Uma vez no local, a equipe fornece as indica\u00e7\u00f5es necess\u00e1rias para iniciar a atividade com seguran\u00e7a.<\/p>\n<p class=\"ai-optimize-103\" data-start=\"1624\" data-end=\"1771\">Em seguida, o <strong data-start=\"1644\" data-end=\"1695\">traslado em 4\u00d74 at\u00e9 o in\u00edcio da atividade<\/strong>, A partir da\u00ed, o passeio come\u00e7a ao longo das diferentes plataformas do dossel.<\/p>\n<h2 class=\"ai-optimize-104\" data-section-id=\"crg811\" data-start=\"1773\" data-end=\"1807\">Por que escolher essa experi\u00eancia<\/h2>\n<ul data-start=\"1809\" data-end=\"2145\">\n<li class=\"ai-optimize-105\" data-section-id=\"1o9uz9a\" data-start=\"1809\" data-end=\"1884\">\n<p class=\"ai-optimize-106\" data-start=\"1811\" data-end=\"1884\">Atividade ideal para quem procura aventura e natureza em Bariloche.<\/p>\n<\/li>\n<li class=\"ai-optimize-107\" data-section-id=\"1c64lu8\" data-start=\"1885\" data-end=\"1963\">\n<p class=\"ai-optimize-108\" data-start=\"1887\" data-end=\"1963\">Sensa\u00e7\u00e3o \u00fanica de deslizar entre as \u00e1rvores e \u201cvoar\u201d sobre a floresta.<\/p>\n<\/li>\n<li class=\"ai-optimize-109\" data-section-id=\"g7p70q\" data-start=\"1964\" data-end=\"2032\">\n<p class=\"ai-optimize-110\" data-start=\"1966\" data-end=\"2032\">Inclui traslado de ida e volta e traslado 4\u00d74 at\u00e9 o in\u00edcio.<\/p>\n<\/li>\n<li class=\"ai-optimize-111\" data-section-id=\"st1fr6\" data-start=\"2033\" data-end=\"2102\">\n<p class=\"ai-optimize-112\" data-start=\"2035\" data-end=\"2102\">Circuito de <strong data-start=\"2047\" data-end=\"2065\">12 plataformas<\/strong> e mais de <strong data-start=\"2075\" data-end=\"2099\">1600 metros de voo<\/strong>.<\/p>\n<\/li>\n<li class=\"ai-optimize-113\" data-section-id=\"1keus7b\" data-start=\"2103\" data-end=\"2145\">\n<p class=\"ai-optimize-114\" data-start=\"2105\" data-end=\"2145\">Adequado para crian\u00e7as a partir de <strong data-start=\"2132\" data-end=\"2142\">5 anos<\/strong>.<\/p>\n<\/li>\n<\/ul>\n<h2 class=\"ai-optimize-115\" data-section-id=\"561uyl\" data-start=\"2147\" data-end=\"2170\">Informa\u00e7\u00f5es pr\u00e1ticas<\/h2>\n<ul data-start=\"2172\" data-end=\"2446\">\n<li class=\"ai-optimize-116\" data-section-id=\"ofygur\" data-start=\"2172\" data-end=\"2225\">\n<p class=\"ai-optimize-117\" data-start=\"2174\" data-end=\"2225\"><strong data-start=\"2174\" data-end=\"2186\">Hor\u00e1rio:<\/strong> 11:00 \u00e0s 15:00 hs \/ 13:00 \u00e0s 17:00 hs.<\/p>\n<\/li>\n<li class=\"ai-optimize-118\" data-section-id=\"6muoqd\" data-start=\"2226\" data-end=\"2258\">\n<p class=\"ai-optimize-119\" data-start=\"2228\" data-end=\"2258\"><strong data-start=\"2228\" data-end=\"2240\">Sa\u00eddas:<\/strong> todos os dias.<\/p>\n<\/li>\n<li class=\"ai-optimize-120\" data-section-id=\"674lm2\" data-start=\"2259\" data-end=\"2287\">\n<p class=\"ai-optimize-121\" data-start=\"2261\" data-end=\"2287\"><strong data-start=\"2261\" data-end=\"2277\">Idade m\u00ednima:<\/strong> 5 anos.<\/p>\n<\/li>\n<li class=\"ai-optimize-122\" data-section-id=\"1fd9t90\" data-start=\"2288\" data-end=\"2418\">\n<p class=\"ai-optimize-123\" data-start=\"2290\" data-end=\"2418\"><strong data-start=\"2290\" data-end=\"2302\">Ele inclui:<\/strong> traslado de ida e volta, traslado 4\u00d74 at\u00e9 o in\u00edcio da atividade e 12 plataformas de mais de 1600 metros de voo.<\/p>\n<\/li>\n<li class=\"ai-optimize-124\" data-section-id=\"qda5l7\" data-start=\"2419\" data-end=\"2446\">\n<p class=\"ai-optimize-125\" data-start=\"2421\" data-end=\"2446\"><strong data-start=\"2421\" data-end=\"2436\">N\u00e3o inclu\u00eddo:<\/strong> almo\u00e7o.<\/p>\n<\/li>\n<\/ul>\n<h2 class=\"ai-optimize-126\" data-section-id=\"1nngifq\" data-start=\"2664\" data-end=\"2687\">Perguntas frequentes<\/h2>\n<p class=\"ai-optimize-127\" data-start=\"2689\" data-end=\"2839\"><strong data-start=\"2689\" data-end=\"2725\">\u00c9 necess\u00e1rio ter experi\u00eancia anterior?<\/strong><br data-start=\"2725\" data-end=\"2728\" \/>N\u00e3o, \u00e9 uma atividade ideal para quem quer viver uma experi\u00eancia de aventura de forma segura e acompanhada.<\/p>\n<p class=\"ai-optimize-128\" data-start=\"2841\" data-end=\"3018\"><strong data-start=\"2841\" data-end=\"2871\">O que est\u00e1 inclu\u00eddo no passeio?<\/strong><br data-start=\"2871\" data-end=\"2874\" \/>Inclui traslado de ida e volta, traslado 4\u00d74 at\u00e9 o in\u00edcio da atividade e o passeio por 12 plataformas com mais de 1.600 metros de voo.<\/p>\n<p class=\"ai-optimize-129\" data-start=\"3020\" data-end=\"3110\"><strong data-start=\"3020\" data-end=\"3075\">Qual \u00e9 a idade m\u00ednima para a atividade?<\/strong><br data-start=\"3075\" data-end=\"3078\" \/>A idade m\u00ednima \u00e9 <strong data-start=\"3099\" data-end=\"3109\">5 anos<\/strong>.<\/p>\n<p class=\"ai-optimize-130\" data-start=\"3112\" data-end=\"3155\"><strong data-start=\"3112\" data-end=\"3132\">O que n\u00e3o est\u00e1 inclu\u00eddo?<\/strong><br data-start=\"3132\" data-end=\"3135\" \/>O almo\u00e7o n\u00e3o est\u00e1 inclu\u00eddo.<\/p>\n<p class=\"ai-optimize-131\" data-start=\"3157\" data-end=\"3254\"><strong data-start=\"3157\" data-end=\"3200\">E quanto \u00e0s crian\u00e7as de 0 a 4 anos de idade?<\/strong><br data-start=\"3200\" data-end=\"3203\" \/>Eles s\u00e3o liberados, mas <strong data-start=\"3225\" data-end=\"3253\">n\u00e3o realizar a atividade<\/strong>.<\/p>","protected":false},"excerpt":{"rendered":"<p class=\"ai-optimize-135\" data-start=\"48\" data-end=\"329\">Experimente a adrenalina de voar entre as \u00e1rvores com esta experi\u00eancia de Canopy em Bariloche. Inclui traslado de ida e volta, subida em 4\u00d74 e um passeio em 12 plataformas com mais de 1.600 metros de voo.<\/p>","protected":false},"featured_media":378421,"comment_status":"open","ping_status":"closed","template":"","meta":[],"product_brand":[],"product_cat":[28,30,31,42,47],"product_tag":[],"class_list":{"0":"post-378419","1":"product","2":"type-product","3":"status-publish","4":"has-post-thumbnail","6":"product_cat-aventura","7":"product_cat-con-traslado","8":"product_cat-familia","9":"product_cat-sin-comida","10":"product_cat-todo-el-ano","12":"first","13":"instock","14":"virtual","15":"sold-individually","16":"purchasable","17":"product-type-booking"},"booking_location":"","booking_location_type":"","booking_duration":1,"booking_duration_unit":"hour","booking_buffer":0,"booking_cost":0,"booking_resources":[],"exclude_global_add_ons":false,"addons":[{"name":"ADU: Adulto","type":"input_multiplier","position":0,"required":false,"title_format":"label","default":"","description_enable":false,"description":"","placeholder_enable":false,"placeholder":"","display":"select","restrictions_type":"any_text","adjust_price":true,"price":"132000","price_type":"quantity_based","restrictions":false,"min":"0","max":"0","options":[],"id":1776264195},{"name":"MEN512 | 5 a 12","type":"input_multiplier","position":1,"required":false,"title_format":"label","default":"","description_enable":false,"description":"","placeholder_enable":false,"placeholder":"","display":"select","restrictions_type":"any_text","adjust_price":true,"price":"132000","price_type":"quantity_based","restrictions":false,"min":"0","max":"0","options":[],"id":1776264196}],"yoast_head":"<!-- This site is optimized with the Yoast SEO Premium plugin v25.2 (Yoast SEO v25.2) - https:\/\/yoast.com\/wordpress\/plugins\/seo\/ -->\n<title>Canopy en Bariloche - Patagonia Booking<\/title>\n<meta name=\"description\" content=\"Disfrut\u00e1 canopy en Bariloche con traslado ida y vuelta, 4x4 al inicio y 12 plataformas con m\u00e1s de 1600 metros de vuelo. Aventura para toda la familia.\" \/>\n<meta name=\"robots\" content=\"index, follow, max-snippet:-1, max-image-preview:large, max-video-preview:-1\" \/>\n<link rel=\"canonical\" href=\"https:\/\/patagoniabooking.com\/pt\/product\/copa-das-arvores-em-bariloche\/\" \/>\n<meta property=\"og:locale\" content=\"pt_BR\" \/>\n<meta property=\"og:type\" content=\"article\" \/>\n<meta property=\"og:title\" content=\"Canopy en Bariloche\" \/>\n<meta property=\"og:description\" content=\"Disfrut\u00e1 canopy en Bariloche con traslado ida y vuelta, 4x4 al inicio y 12 plataformas con m\u00e1s de 1600 metros de vuelo. Aventura para toda la familia.\" \/>\n<meta property=\"og:url\" content=\"https:\/\/patagoniabooking.com\/pt\/product\/copa-das-arvores-em-bariloche\/\" \/>\n<meta property=\"og:site_name\" content=\"Patagonia Booking\" \/>\n<meta property=\"article:modified_time\" content=\"2026-04-15T17:43:14+00:00\" \/>\n<meta property=\"og:image\" content=\"https:\/\/patagoniabooking.com\/wp-content\/uploads\/sites\/2\/2026\/04\/WhatsApp-Image-2026-03-13-at-13.30.35.jpeg\" \/>\n\t<meta property=\"og:image:width\" content=\"1000\" \/>\n\t<meta property=\"og:image:height\" content=\"1496\" \/>\n\t<meta property=\"og:image:type\" content=\"image\/jpeg\" \/>\n<meta name=\"twitter:card\" content=\"summary_large_image\" \/>\n<meta name=\"twitter:label1\" content=\"Pre\u00e7o\" \/>\n\t<meta name=\"twitter:data1\" content=\"&#036;132,000.00\" \/>\n\t<meta name=\"twitter:label2\" content=\"Disponibilidade\" \/>\n\t<meta name=\"twitter:data2\" content=\"Em Estoque\" \/>\n<script type=\"application\/ld+json\" class=\"yoast-schema-graph\">{\"@context\":\"https:\/\/schema.org\",\"@graph\":[{\"@type\":\"WebPage\",\"@id\":\"https:\/\/patagoniabooking.com\/product\/canopy-en-bariloche\/\",\"url\":\"https:\/\/patagoniabooking.com\/product\/canopy-en-bariloche\/\",\"name\":\"Canopy en Bariloche - Patagonia Booking\",\"isPartOf\":{\"@id\":\"https:\/\/patagoniabooking.com\/#website\"},\"primaryImageOfPage\":{\"@id\":\"https:\/\/patagoniabooking.com\/product\/canopy-en-bariloche\/#primaryimage\"},\"image\":{\"@id\":\"https:\/\/patagoniabooking.com\/product\/canopy-en-bariloche\/#primaryimage\"},\"thumbnailUrl\":\"https:\/\/patagoniabooking.com\/wp-content\/uploads\/sites\/2\/2026\/04\/WhatsApp-Image-2026-03-13-at-13.30.35.jpeg\",\"datePublished\":\"2026-04-15T17:43:13+00:00\",\"dateModified\":\"2026-04-15T17:43:14+00:00\",\"description\":\"Disfrut\u00e1 canopy en Bariloche con traslado ida y vuelta, 4x4 al inicio y 12 plataformas con m\u00e1s de 1600 metros de vuelo. Aventura para toda la familia.\",\"breadcrumb\":{\"@id\":\"https:\/\/patagoniabooking.com\/product\/canopy-en-bariloche\/#breadcrumb\"},\"inLanguage\":\"pt-BR\",\"potentialAction\":[{\"@type\":\"ReadAction\",\"target\":[\"https:\/\/patagoniabooking.com\/product\/canopy-en-bariloche\/\"]}]},{\"@type\":\"ImageObject\",\"inLanguage\":\"pt-BR\",\"@id\":\"https:\/\/patagoniabooking.com\/product\/canopy-en-bariloche\/#primaryimage\",\"url\":\"https:\/\/patagoniabooking.com\/wp-content\/uploads\/sites\/2\/2026\/04\/WhatsApp-Image-2026-03-13-at-13.30.35.jpeg\",\"contentUrl\":\"https:\/\/patagoniabooking.com\/wp-content\/uploads\/sites\/2\/2026\/04\/WhatsApp-Image-2026-03-13-at-13.30.35.jpeg\",\"width\":1000,\"height\":1496},{\"@type\":\"BreadcrumbList\",\"@id\":\"https:\/\/patagoniabooking.com\/product\/canopy-en-bariloche\/#breadcrumb\",\"itemListElement\":[{\"@type\":\"ListItem\",\"position\":1,\"name\":\"Inicio\",\"item\":\"https:\/\/patagoniabooking.com\/\"},{\"@type\":\"ListItem\",\"position\":2,\"name\":\"Lista de excursiones\",\"item\":\"https:\/\/patagoniabooking.com\/shop\/\"},{\"@type\":\"ListItem\",\"position\":3,\"name\":\"Canopy en Bariloche\"}]},{\"@type\":\"WebSite\",\"@id\":\"https:\/\/patagoniabooking.com\/#website\",\"url\":\"https:\/\/patagoniabooking.com\/\",\"name\":\"Patagonia Booking\",\"description\":\"\",\"publisher\":{\"@id\":\"https:\/\/patagoniabooking.com\/#organization\"},\"potentialAction\":[{\"@type\":\"SearchAction\",\"target\":{\"@type\":\"EntryPoint\",\"urlTemplate\":\"https:\/\/patagoniabooking.com\/?s={search_term_string}\"},\"query-input\":{\"@type\":\"PropertyValueSpecification\",\"valueRequired\":true,\"valueName\":\"search_term_string\"}}],\"inLanguage\":\"pt-BR\"},{\"@type\":\"Organization\",\"@id\":\"https:\/\/patagoniabooking.com\/#organization\",\"name\":\"Patagonia Booking\",\"url\":\"https:\/\/patagoniabooking.com\/\",\"logo\":{\"@type\":\"ImageObject\",\"inLanguage\":\"pt-BR\",\"@id\":\"https:\/\/patagoniabooking.com\/#\/schema\/logo\/image\/\",\"url\":\"https:\/\/patagoniabooking.com\/wp-content\/uploads\/sites\/2\/2025\/06\/logo-patagonia-booking.png\",\"contentUrl\":\"https:\/\/patagoniabooking.com\/wp-content\/uploads\/sites\/2\/2025\/06\/logo-patagonia-booking.png\",\"width\":80,\"height\":80,\"caption\":\"Patagonia Booking\"},\"image\":{\"@id\":\"https:\/\/patagoniabooking.com\/#\/schema\/logo\/image\/\"}}]}<\/script>\n<meta property=\"product:price:amount\" content=\"132000.00\" \/>\n<meta property=\"product:price:currency\" content=\"ARS\" \/>\n<meta property=\"og:availability\" content=\"instock\" \/>\n<meta property=\"product:availability\" content=\"instock\" \/>\n<meta property=\"product:retailer_item_id\" content=\"ADV2026CA7K9X\" \/>\n<meta property=\"product:condition\" content=\"new\" \/>\n<!-- \/ Yoast SEO Premium plugin. -->","yoast_head_json":{"title":"Canopy em Bariloche - Reservas para a Patag\u00f4nia","description":"Desfrute do canopy em Bariloche com traslado de ida e volta, 4x4 na largada e 12 plataformas com mais de 1600 metros de voo. Aventura para toda a fam\u00edlia.","robots":{"index":"index","follow":"follow","max-snippet":"max-snippet:-1","max-image-preview":"max-image-preview:large","max-video-preview":"max-video-preview:-1"},"canonical":"https:\/\/patagoniabooking.com\/pt\/product\/copa-das-arvores-em-bariloche\/","og_locale":"pt_BR","og_type":"article","og_title":"Canopy en Bariloche","og_description":"Disfrut\u00e1 canopy en Bariloche con traslado ida y vuelta, 4x4 al inicio y 12 plataformas con m\u00e1s de 1600 metros de vuelo. Aventura para toda la familia.","og_url":"https:\/\/patagoniabooking.com\/pt\/product\/copa-das-arvores-em-bariloche\/","og_site_name":"Patagonia Booking","article_modified_time":"2026-04-15T17:43:14+00:00","og_image":[{"width":1000,"height":1496,"url":"https:\/\/patagoniabooking.com\/wp-content\/uploads\/sites\/2\/2026\/04\/WhatsApp-Image-2026-03-13-at-13.30.35.jpeg","type":"image\/jpeg"}],"twitter_card":"summary_large_image","twitter_misc":{"Pre\u00e7o":"&#36;132,000.00","Disponibilidade":"Em Estoque"},"schema":{"@context":"https:\/\/schema.org","@graph":[{"@type":"WebPage","@id":"https:\/\/patagoniabooking.com\/product\/canopy-en-bariloche\/","url":"https:\/\/patagoniabooking.com\/product\/canopy-en-bariloche\/","name":"Canopy em Bariloche - Reservas para a Patag\u00f4nia","isPartOf":{"@id":"https:\/\/patagoniabooking.com\/#website"},"primaryImageOfPage":{"@id":"https:\/\/patagoniabooking.com\/product\/canopy-en-bariloche\/#primaryimage"},"image":{"@id":"https:\/\/patagoniabooking.com\/product\/canopy-en-bariloche\/#primaryimage"},"thumbnailUrl":"https:\/\/patagoniabooking.com\/wp-content\/uploads\/sites\/2\/2026\/04\/WhatsApp-Image-2026-03-13-at-13.30.35.jpeg","datePublished":"2026-04-15T17:43:13+00:00","dateModified":"2026-04-15T17:43:14+00:00","description":"Desfrute do canopy em Bariloche com traslado de ida e volta, 4x4 na largada e 12 plataformas com mais de 1600 metros de voo. Aventura para toda a fam\u00edlia.","breadcrumb":{"@id":"https:\/\/patagoniabooking.com\/product\/canopy-en-bariloche\/#breadcrumb"},"inLanguage":"pt-BR","potentialAction":[{"@type":"ReadAction","target":["https:\/\/patagoniabooking.com\/product\/canopy-en-bariloche\/"]}]},{"@type":"ImageObject","inLanguage":"pt-BR","@id":"https:\/\/patagoniabooking.com\/product\/canopy-en-bariloche\/#primaryimage","url":"https:\/\/patagoniabooking.com\/wp-content\/uploads\/sites\/2\/2026\/04\/WhatsApp-Image-2026-03-13-at-13.30.35.jpeg","contentUrl":"https:\/\/patagoniabooking.com\/wp-content\/uploads\/sites\/2\/2026\/04\/WhatsApp-Image-2026-03-13-at-13.30.35.jpeg","width":1000,"height":1496},{"@type":"BreadcrumbList","@id":"https:\/\/patagoniabooking.com\/product\/canopy-en-bariloche\/#breadcrumb","itemListElement":[{"@type":"ListItem","position":1,"name":"Inicio","item":"https:\/\/patagoniabooking.com\/"},{"@type":"ListItem","position":2,"name":"Lista de excursiones","item":"https:\/\/patagoniabooking.com\/shop\/"},{"@type":"ListItem","position":3,"name":"Canopy en Bariloche"}]},{"@type":"WebSite","@id":"https:\/\/patagoniabooking.com\/#website","url":"https:\/\/patagoniabooking.com\/","name":"Reservas para a Patag\u00f4nia","description":"","publisher":{"@id":"https:\/\/patagoniabooking.com\/#organization"},"potentialAction":[{"@type":"SearchAction","target":{"@type":"EntryPoint","urlTemplate":"https:\/\/patagoniabooking.com\/?s={search_term_string}"},"query-input":{"@type":"PropertyValueSpecification","valueRequired":true,"valueName":"search_term_string"}}],"inLanguage":"pt-BR"},{"@type":"Organization","@id":"https:\/\/patagoniabooking.com\/#organization","name":"Reservas para a Patag\u00f4nia","url":"https:\/\/patagoniabooking.com\/","logo":{"@type":"ImageObject","inLanguage":"pt-BR","@id":"https:\/\/patagoniabooking.com\/#\/schema\/logo\/image\/","url":"https:\/\/patagoniabooking.com\/wp-content\/uploads\/sites\/2\/2025\/06\/logo-patagonia-booking.png","contentUrl":"https:\/\/patagoniabooking.com\/wp-content\/uploads\/sites\/2\/2025\/06\/logo-patagonia-booking.png","width":80,"height":80,"caption":"Patagonia Booking"},"image":{"@id":"https:\/\/patagoniabooking.com\/#\/schema\/logo\/image\/"}}]},"product_price_amount":"132000.00","product_price_currency":"ARS","og_availability":"instock","product_availability":"instock","product_retailer_item_id":"ADV2026CA7K9X","product_condition":"new"},"_links":{"self":[{"href":"https:\/\/patagoniabooking.com\/pt\/wp-json\/wp\/v2\/product\/378419","targetHints":{"allow":["GET"]}}],"collection":[{"href":"https:\/\/patagoniabooking.com\/pt\/wp-json\/wp\/v2\/product"}],"about":[{"href":"https:\/\/patagoniabooking.com\/pt\/wp-json\/wp\/v2\/types\/product"}],"replies":[{"embeddable":true,"href":"https:\/\/patagoniabooking.com\/pt\/wp-json\/wp\/v2\/comments?post=378419"}],"wp:featuredmedia":[{"embeddable":true,"href":"https:\/\/patagoniabooking.com\/pt\/wp-json\/wp\/v2\/media\/378421"}],"wp:attachment":[{"href":"https:\/\/patagoniabooking.com\/pt\/wp-json\/wp\/v2\/media?parent=378419"}],"wp:term":[{"taxonomy":"product_brand","embeddable":true,"href":"https:\/\/patagoniabooking.com\/pt\/wp-json\/wp\/v2\/product_brand?post=378419"},{"taxonomy":"product_cat","embeddable":true,"href":"https:\/\/patagoniabooking.com\/pt\/wp-json\/wp\/v2\/product_cat?post=378419"},{"taxonomy":"product_tag","embeddable":true,"href":"https:\/\/patagoniabooking.com\/pt\/wp-json\/wp\/v2\/product_tag?post=378419"}],"curies":[{"name":"wp","href":"https:\/\/api.w.org\/{rel}","templated":true}]}}