{"id":378418,"date":"2026-04-14T10:49:08","date_gmt":"2026-04-14T13:49:08","guid":{"rendered":"https:\/\/patagoniabooking.com\/?post_type=product&#038;p=378418"},"modified":"2026-04-14T16:07:57","modified_gmt":"2026-04-14T19:07:57","slug":"culipatin-y-trineos-en-cerro-lopez","status":"publish","type":"product","link":"https:\/\/patagoniabooking.com\/pt\/product\/culipatina-e-treno-no-cerro-lopez\/","title":{"rendered":"Culipat\u00edn e tren\u00f3 em Cerro L\u00f3pez"},"content":{"rendered":"<h3 class=\"ai-optimize-26\"><b>Divers\u00e3o na neve para toda a fam\u00edlia<\/b><\/h3>\n<p class=\"ai-optimize-29 ai-optimize-introduction\"><span style=\"font-weight: 400;\">A experi\u00eancia come\u00e7a com o traslado de Bariloche at\u00e9 a base do Cerro L\u00f3pez, onde se inicia a subida em ve\u00edculos 4\u00d74 at\u00e9 a \u00e1rea de atividade. <\/span><span style=\"font-weight: 400;\">Uma vez na montanha, o foco \u00e9 a divers\u00e3o: tempo livre para andar de tren\u00f3 (culipat\u00edn) por encostas preparadas em um ambiente natural cercado por florestas nevadas. <\/span><span style=\"font-weight: 400;\">\u00c9 uma proposta ideal para desfrutar sem experi\u00eancia pr\u00e9via, combinando adrenalina leve, contato com a neve e momentos de divers\u00e3o para todas as idades. <\/span><span style=\"font-weight: 400;\">O dia se encerra com um momento de descanso no ref\u00fagio, onde s\u00e3o oferecidos chocolate quente e bolos fritos, o que acrescenta calor \u00e0 experi\u00eancia.<\/span><\/p>\n<p class=\"ai-optimize-33\"><b>Informa\u00e7\u00f5es pr\u00e1ticas<\/b><\/p>\n<p class=\"ai-optimize-34\"><b>Hor\u00e1rios:<\/b><b><br \/>\n<\/b><span style=\"font-weight: 400;\"> 11:00 \u00e0s 15:00 hs.<\/span><span style=\"font-weight: 400;\"><br \/>\n<\/span><span style=\"font-weight: 400;\"> 13:00 \u00e0s 17:00 hs.<\/span><\/p>\n<p class=\"ai-optimize-35\"><b>Dura\u00e7\u00e3o:<\/b><b><br \/>\n<\/b><span style=\"font-weight: 400;\"> Meio per\u00edodo.<\/span><\/p>\n<p class=\"ai-optimize-36\"><b>Ponto de encontro:<\/b><b><br \/>\n<\/b><span style=\"font-weight: 400;\"> Do centro de Bariloche at\u00e9 o km 8 da Av. Bustillo \/ Pioneros.<\/span><span style=\"font-weight: 400;\"><br \/>\n<\/span><span style=\"font-weight: 400;\"> Hospedagem em dire\u00e7\u00e3o a Colonia Suiza.<\/span><span style=\"font-weight: 400;\"><br \/>\n<\/span><span style=\"font-weight: 400;\"> (Outros pontos a serem consultados).<\/span><\/p>\n<p class=\"ai-optimize-37\"><b>Temporada:<\/b><b><br \/>\n<\/b><span style=\"font-weight: 400;\"> Inverno (maio a outubro).<\/span><\/p>\n<p class=\"ai-optimize-38\"><b>Ele inclui:<\/b><\/p>\n<ul>\n<li class=\"ai-optimize-39\" style=\"font-weight: 400;\" aria-level=\"1\"><span style=\"font-weight: 400;\">Traslado de ida e volta para o aeroporto.<\/span><\/li>\n<li class=\"ai-optimize-40\" style=\"font-weight: 400;\" aria-level=\"1\"><span style=\"font-weight: 400;\">Subida em ve\u00edculos 4\u00d74.<\/span><\/li>\n<li class=\"ai-optimize-41\" style=\"font-weight: 400;\" aria-level=\"1\"><span style=\"font-weight: 400;\">Uso gratuito de tren\u00f3s (culipat\u00edn).<\/span><\/li>\n<li class=\"ai-optimize-42\" style=\"font-weight: 400;\" aria-level=\"1\"><span style=\"font-weight: 400;\">Chocolate quente.<\/span><\/li>\n<li class=\"ai-optimize-43\" style=\"font-weight: 400;\" aria-level=\"1\"><span style=\"font-weight: 400;\">Bolos fritos.<\/span><\/li>\n<\/ul>\n<p class=\"ai-optimize-44\"><b>N\u00e3o inclu\u00eddo:<\/b><\/p>\n<ul>\n<li class=\"ai-optimize-45\" style=\"font-weight: 400;\" aria-level=\"1\"><span style=\"font-weight: 400;\">Almo\u00e7o.<\/span><\/li>\n<\/ul>\n<p class=\"ai-optimize-25\"><b>\u00a0Voc\u00ea quer saber mais?<\/b><\/p>\n<p class=\"ai-optimize-26\"><b>\u00c9 necess\u00e1rio ter experi\u00eancia?<\/b><b><br \/>\n<\/b><span style=\"font-weight: 400;\"> N\u00e3o, \u00e9 uma atividade simples, adequada para iniciantes.<\/span><\/p>\n<p class=\"ai-optimize-27\"><b>\u00c9 adequado para crian\u00e7as?<\/b><b><br \/>\n<\/b><span style=\"font-weight: 400;\"> Sim, \u00e9 ideal para fam\u00edlias com crian\u00e7as.<\/span><\/p>\n<p class=\"ai-optimize-28\"><b>Que roupas s\u00e3o recomendadas?<\/b><b><br \/>\n<\/b><span style=\"font-weight: 400;\"> Roupas para neve ou casaco imperme\u00e1vel, luvas e cal\u00e7ados adequados.<\/span><\/p>\n<p class=\"ai-optimize-29\"><b>Quanto tempo dura a atividade?<\/b><b><br \/>\n<\/b><span style=\"font-weight: 400;\"> H\u00e1 tempo livre para aproveitar os tren\u00f3s durante a excurs\u00e3o.<\/span><\/p>\n<p class=\"ai-optimize-48\"><strong>Aviso importante<\/strong>Este passeio j\u00e1 est\u00e1 dispon\u00edvel para pr\u00e9-reserva. As sa\u00eddas operam de 15 de junho a 20 de agosto, sujeitas ao calend\u00e1rio sazonal.<\/p>","protected":false},"excerpt":{"rendered":"<p class=\"ai-optimize-24\"><span style=\"font-weight: 400;\">Andar de tren\u00f3 no meio da montanha, desfrutando de uma experi\u00eancia simples, segura e divertida na neve da Patag\u00f4nia.<\/span><\/p>","protected":false},"featured_media":0,"comment_status":"open","ping_status":"closed","template":"","meta":[],"product_brand":[],"product_cat":[26,28,30,31,33,37,42,45],"product_tag":[],"class_list":{"0":"post-378418","1":"product","2":"type-product","3":"status-publish","5":"product_cat-adultos","6":"product_cat-aventura","7":"product_cat-con-traslado","8":"product_cat-familia","9":"product_cat-invierno","10":"product_cat-ninos","11":"product_cat-sin-comida","12":"product_cat-terrestre","14":"first","15":"instock","16":"virtual","17":"sold-individually","18":"purchasable","19":"product-type-booking"},"booking_location":"","booking_location_type":"","booking_duration":1,"booking_duration_unit":"hour","booking_buffer":0,"booking_cost":0,"booking_resources":[],"exclude_global_add_ons":false,"addons":[{"name":"ADU: Adulto","type":"input_multiplier","position":0,"required":false,"title_format":"label","default":"","description_enable":false,"description":"","placeholder_enable":false,"placeholder":"","display":"select","restrictions_type":"any_text","adjust_price":true,"price":"119500","price_type":"quantity_based","restrictions":false,"min":"0","max":"0","options":[],"id":1776163750},{"name":"MEN412 : de 4 a 12","type":"input_multiplier","position":1,"required":false,"title_format":"label","default":"","description_enable":false,"description":"","placeholder_enable":false,"placeholder":"","display":"select","restrictions_type":"any_text","adjust_price":true,"price":"109500","price_type":"quantity_based","restrictions":false,"min":"0","max":"0","options":[],"id":1776163751},{"name":"INF04 | De 0 a 4","type":"input_multiplier","position":2,"required":false,"title_format":"label","default":"","description_enable":false,"description":"","placeholder_enable":false,"placeholder":"","display":"select","restrictions_type":"any_text","adjust_price":true,"price":"","price_type":"quantity_based","restrictions":false,"min":"0","max":"0","options":[],"id":1776163752}],"yoast_head":"<!-- This site is optimized with the Yoast SEO Premium plugin v25.2 (Yoast SEO v25.2) - https:\/\/yoast.com\/wordpress\/plugins\/seo\/ -->\n<title>Culipat\u00edn y Trineos en Cerro L\u00f3pez - Patagonia Booking<\/title>\n<meta name=\"robots\" content=\"index, follow, max-snippet:-1, max-image-preview:large, max-video-preview:-1\" \/>\n<link rel=\"canonical\" href=\"https:\/\/patagoniabooking.com\/pt\/product\/culipatina-e-treno-no-cerro-lopez\/\" \/>\n<meta property=\"og:locale\" content=\"pt_BR\" \/>\n<meta property=\"og:type\" content=\"article\" \/>\n<meta property=\"og:title\" content=\"Culipat\u00edn y Trineos en Cerro L\u00f3pez\" \/>\n<meta property=\"og:description\" content=\"Deslizate en trineo en plena monta\u00f1a, disfrutando de una experiencia simple, segura y llena de diversi\u00f3n en la nieve patag\u00f3nica.\" \/>\n<meta property=\"og:url\" content=\"https:\/\/patagoniabooking.com\/pt\/product\/culipatina-e-treno-no-cerro-lopez\/\" \/>\n<meta property=\"og:site_name\" content=\"Patagonia Booking\" \/>\n<meta property=\"article:modified_time\" content=\"2026-04-14T19:07:57+00:00\" \/>\n<meta name=\"twitter:card\" content=\"summary_large_image\" \/>\n<meta name=\"twitter:label1\" content=\"Pre\u00e7o\" \/>\n\t<meta name=\"twitter:data1\" content=\"&#036;119,500.00\" \/>\n\t<meta name=\"twitter:label2\" content=\"Disponibilidade\" \/>\n\t<meta name=\"twitter:data2\" content=\"Em Estoque\" \/>\n<script type=\"application\/ld+json\" class=\"yoast-schema-graph\">{\"@context\":\"https:\/\/schema.org\",\"@graph\":[{\"@type\":\"WebPage\",\"@id\":\"https:\/\/patagoniabooking.com\/product\/culipatin-y-trineos-en-cerro-lopez\/\",\"url\":\"https:\/\/patagoniabooking.com\/product\/culipatin-y-trineos-en-cerro-lopez\/\",\"name\":\"Culipat\u00edn y Trineos en Cerro L\u00f3pez - Patagonia Booking\",\"isPartOf\":{\"@id\":\"https:\/\/patagoniabooking.com\/#website\"},\"datePublished\":\"2026-04-14T13:49:08+00:00\",\"dateModified\":\"2026-04-14T19:07:57+00:00\",\"breadcrumb\":{\"@id\":\"https:\/\/patagoniabooking.com\/product\/culipatin-y-trineos-en-cerro-lopez\/#breadcrumb\"},\"inLanguage\":\"pt-BR\",\"potentialAction\":[{\"@type\":\"ReadAction\",\"target\":[\"https:\/\/patagoniabooking.com\/product\/culipatin-y-trineos-en-cerro-lopez\/\"]}]},{\"@type\":\"BreadcrumbList\",\"@id\":\"https:\/\/patagoniabooking.com\/product\/culipatin-y-trineos-en-cerro-lopez\/#breadcrumb\",\"itemListElement\":[{\"@type\":\"ListItem\",\"position\":1,\"name\":\"Inicio\",\"item\":\"https:\/\/patagoniabooking.com\/\"},{\"@type\":\"ListItem\",\"position\":2,\"name\":\"Lista de excursiones\",\"item\":\"https:\/\/patagoniabooking.com\/shop\/\"},{\"@type\":\"ListItem\",\"position\":3,\"name\":\"Culipat\u00edn y Trineos en Cerro L\u00f3pez\"}]},{\"@type\":\"WebSite\",\"@id\":\"https:\/\/patagoniabooking.com\/#website\",\"url\":\"https:\/\/patagoniabooking.com\/\",\"name\":\"Patagonia Booking\",\"description\":\"\",\"publisher\":{\"@id\":\"https:\/\/patagoniabooking.com\/#organization\"},\"potentialAction\":[{\"@type\":\"SearchAction\",\"target\":{\"@type\":\"EntryPoint\",\"urlTemplate\":\"https:\/\/patagoniabooking.com\/?s={search_term_string}\"},\"query-input\":{\"@type\":\"PropertyValueSpecification\",\"valueRequired\":true,\"valueName\":\"search_term_string\"}}],\"inLanguage\":\"pt-BR\"},{\"@type\":\"Organization\",\"@id\":\"https:\/\/patagoniabooking.com\/#organization\",\"name\":\"Patagonia Booking\",\"url\":\"https:\/\/patagoniabooking.com\/\",\"logo\":{\"@type\":\"ImageObject\",\"inLanguage\":\"pt-BR\",\"@id\":\"https:\/\/patagoniabooking.com\/#\/schema\/logo\/image\/\",\"url\":\"https:\/\/patagoniabooking.com\/wp-content\/uploads\/sites\/2\/2025\/06\/logo-patagonia-booking.png\",\"contentUrl\":\"https:\/\/patagoniabooking.com\/wp-content\/uploads\/sites\/2\/2025\/06\/logo-patagonia-booking.png\",\"width\":80,\"height\":80,\"caption\":\"Patagonia Booking\"},\"image\":{\"@id\":\"https:\/\/patagoniabooking.com\/#\/schema\/logo\/image\/\"}}]}<\/script>\n<meta property=\"product:price:amount\" content=\"119500.00\" \/>\n<meta property=\"product:price:currency\" content=\"ARS\" \/>\n<meta property=\"og:availability\" content=\"instock\" \/>\n<meta property=\"product:availability\" content=\"instock\" \/>\n<meta property=\"product:retailer_item_id\" content=\"ADV2026CUTREN9X4M\" \/>\n<meta property=\"product:condition\" content=\"new\" \/>\n<!-- \/ Yoast SEO Premium plugin. -->","yoast_head_json":{"title":"Culipat\u00edn e tren\u00f3 em Cerro L\u00f3pez - Patag\u00f4nia Booking","robots":{"index":"index","follow":"follow","max-snippet":"max-snippet:-1","max-image-preview":"max-image-preview:large","max-video-preview":"max-video-preview:-1"},"canonical":"https:\/\/patagoniabooking.com\/pt\/product\/culipatina-e-treno-no-cerro-lopez\/","og_locale":"pt_BR","og_type":"article","og_title":"Culipat\u00edn y Trineos en Cerro L\u00f3pez","og_description":"Deslizate en trineo en plena monta\u00f1a, disfrutando de una experiencia simple, segura y llena de diversi\u00f3n en la nieve patag\u00f3nica.","og_url":"https:\/\/patagoniabooking.com\/pt\/product\/culipatina-e-treno-no-cerro-lopez\/","og_site_name":"Patagonia Booking","article_modified_time":"2026-04-14T19:07:57+00:00","twitter_card":"summary_large_image","twitter_misc":{"Pre\u00e7o":"&#36;119,500.00","Disponibilidade":"Em Estoque"},"schema":{"@context":"https:\/\/schema.org","@graph":[{"@type":"WebPage","@id":"https:\/\/patagoniabooking.com\/product\/culipatin-y-trineos-en-cerro-lopez\/","url":"https:\/\/patagoniabooking.com\/product\/culipatin-y-trineos-en-cerro-lopez\/","name":"Culipat\u00edn e tren\u00f3 em Cerro L\u00f3pez - Patag\u00f4nia Booking","isPartOf":{"@id":"https:\/\/patagoniabooking.com\/#website"},"datePublished":"2026-04-14T13:49:08+00:00","dateModified":"2026-04-14T19:07:57+00:00","breadcrumb":{"@id":"https:\/\/patagoniabooking.com\/product\/culipatin-y-trineos-en-cerro-lopez\/#breadcrumb"},"inLanguage":"pt-BR","potentialAction":[{"@type":"ReadAction","target":["https:\/\/patagoniabooking.com\/product\/culipatin-y-trineos-en-cerro-lopez\/"]}]},{"@type":"BreadcrumbList","@id":"https:\/\/patagoniabooking.com\/product\/culipatin-y-trineos-en-cerro-lopez\/#breadcrumb","itemListElement":[{"@type":"ListItem","position":1,"name":"Inicio","item":"https:\/\/patagoniabooking.com\/"},{"@type":"ListItem","position":2,"name":"Lista de excursiones","item":"https:\/\/patagoniabooking.com\/shop\/"},{"@type":"ListItem","position":3,"name":"Culipat\u00edn y Trineos en Cerro L\u00f3pez"}]},{"@type":"WebSite","@id":"https:\/\/patagoniabooking.com\/#website","url":"https:\/\/patagoniabooking.com\/","name":"Reservas para a Patag\u00f4nia","description":"","publisher":{"@id":"https:\/\/patagoniabooking.com\/#organization"},"potentialAction":[{"@type":"SearchAction","target":{"@type":"EntryPoint","urlTemplate":"https:\/\/patagoniabooking.com\/?s={search_term_string}"},"query-input":{"@type":"PropertyValueSpecification","valueRequired":true,"valueName":"search_term_string"}}],"inLanguage":"pt-BR"},{"@type":"Organization","@id":"https:\/\/patagoniabooking.com\/#organization","name":"Reservas para a Patag\u00f4nia","url":"https:\/\/patagoniabooking.com\/","logo":{"@type":"ImageObject","inLanguage":"pt-BR","@id":"https:\/\/patagoniabooking.com\/#\/schema\/logo\/image\/","url":"https:\/\/patagoniabooking.com\/wp-content\/uploads\/sites\/2\/2025\/06\/logo-patagonia-booking.png","contentUrl":"https:\/\/patagoniabooking.com\/wp-content\/uploads\/sites\/2\/2025\/06\/logo-patagonia-booking.png","width":80,"height":80,"caption":"Patagonia Booking"},"image":{"@id":"https:\/\/patagoniabooking.com\/#\/schema\/logo\/image\/"}}]},"product_price_amount":"119500.00","product_price_currency":"ARS","og_availability":"instock","product_availability":"instock","product_retailer_item_id":"ADV2026CUTREN9X4M","product_condition":"new"},"_links":{"self":[{"href":"https:\/\/patagoniabooking.com\/pt\/wp-json\/wp\/v2\/product\/378418","targetHints":{"allow":["GET"]}}],"collection":[{"href":"https:\/\/patagoniabooking.com\/pt\/wp-json\/wp\/v2\/product"}],"about":[{"href":"https:\/\/patagoniabooking.com\/pt\/wp-json\/wp\/v2\/types\/product"}],"replies":[{"embeddable":true,"href":"https:\/\/patagoniabooking.com\/pt\/wp-json\/wp\/v2\/comments?post=378418"}],"wp:attachment":[{"href":"https:\/\/patagoniabooking.com\/pt\/wp-json\/wp\/v2\/media?parent=378418"}],"wp:term":[{"taxonomy":"product_brand","embeddable":true,"href":"https:\/\/patagoniabooking.com\/pt\/wp-json\/wp\/v2\/product_brand?post=378418"},{"taxonomy":"product_cat","embeddable":true,"href":"https:\/\/patagoniabooking.com\/pt\/wp-json\/wp\/v2\/product_cat?post=378418"},{"taxonomy":"product_tag","embeddable":true,"href":"https:\/\/patagoniabooking.com\/pt\/wp-json\/wp\/v2\/product_tag?post=378418"}],"curies":[{"name":"wp","href":"https:\/\/api.w.org\/{rel}","templated":true}]}}