{"id":378417,"date":"2026-04-14T10:42:35","date_gmt":"2026-04-14T13:42:35","guid":{"rendered":"https:\/\/patagoniabooking.com\/?post_type=product&#038;p=378417"},"modified":"2026-04-14T16:08:17","modified_gmt":"2026-04-14T19:08:17","slug":"noche-encantada-cena-en-refugio-de-montana-con-ascenso-4x4","status":"publish","type":"product","link":"https:\/\/patagoniabooking.com\/pt\/product\/jantar-noturno-encantado-em-uma-cabana-na-montanha-com-subida-em-4x4\/","title":{"rendered":"Noite Encantada: Jantar na Cabana da Montanha com Subida 4\u00d74"},"content":{"rendered":"<h3 class=\"ai-optimize-23\"><b>Uma experi\u00eancia noturna \u00fanica nas montanhas da Patag\u00f4nia<\/b><\/h3>\n<p class=\"ai-optimize-25 ai-optimize-introduction\"><span style=\"font-weight: 400;\">A experi\u00eancia come\u00e7a ao p\u00f4r do sol, quando vamos para as montanhas a bordo de ve\u00edculos 4\u00d74, atravessando as florestas da Patag\u00f4nia em um ambiente completamente diferente do dia.<\/span><\/p>\n<p class=\"ai-optimize-26\"><span style=\"font-weight: 400;\">\u00c0 medida que o ve\u00edculo sobe, a paisagem se transforma e a cidade come\u00e7a a se iluminar ao longe, criando vistas panor\u00e2micas \u00fanicas sob o c\u00e9u estrelado.<\/span><\/p>\n<p class=\"ai-optimize-27\"><span style=\"font-weight: 400;\">Ao chegar ao ref\u00fagio na montanha, a atmosfera calorosa e acolhedora o convida a relaxar e desfrutar de uma proposta gastron\u00f4mica especial: um jantar t\u00edpico que combina sabores regionais em um ambiente exclusivo.<\/span><\/p>\n<p class=\"ai-optimize-28\"><span style=\"font-weight: 400;\">A noite continua com risadas, boa comida e natureza, tornando-a uma experi\u00eancia inesquec\u00edvel na Patag\u00f4nia.<\/span><\/p>\n<p class=\"ai-optimize-29\"><b>\u00a0Informa\u00e7\u00f5es pr\u00e1ticas<\/b><\/p>\n<p class=\"ai-optimize-30\"><b>Hor\u00e1rio:<\/b><b><br \/>\n<\/b><span style=\"font-weight: 400;\"> 18:30 a 23:30 hs aproximadamente.<\/span><\/p>\n<p class=\"ai-optimize-31\"><b>Dura\u00e7\u00e3o:<\/b><b><br \/>\n<\/b><span style=\"font-weight: 400;\"> Meio per\u00edodo \u00e0 noite.<\/span><\/p>\n<p class=\"ai-optimize-32\"><b>Ponto de encontro:<\/b><b><br \/>\n<\/b><span style=\"font-weight: 400;\"> Do centro de Bariloche at\u00e9 o km 8 da Av. Bustillo \/ Pioneros.<\/span><span style=\"font-weight: 400;\"><br \/>\n<\/span><span style=\"font-weight: 400;\"> Hospedagem em dire\u00e7\u00e3o a Colonia Suiza.<\/span><span style=\"font-weight: 400;\"><br \/>\n<\/span><span style=\"font-weight: 400;\"> (Outros pontos a serem consultados).<\/span><\/p>\n<p class=\"ai-optimize-33\"><b>\u00a0Ele inclui:<\/b><\/p>\n<ul>\n<li class=\"ai-optimize-34\" style=\"font-weight: 400;\" aria-level=\"1\"><span style=\"font-weight: 400;\">Traslado de ida e volta para o aeroporto.<\/span><\/li>\n<li class=\"ai-optimize-35\" style=\"font-weight: 400;\" aria-level=\"1\"><span style=\"font-weight: 400;\">Subida em ve\u00edculos 4\u00d74.<\/span><\/li>\n<li class=\"ai-optimize-36\" style=\"font-weight: 400;\" aria-level=\"1\"><span style=\"font-weight: 400;\">Jantar em uma cabana na montanha:<\/span><span style=\"font-weight: 400;\">Tortas de carne, fondue de queijo, strudel com creme.<\/span><\/li>\n<\/ul>\n<p class=\"ai-optimize-38\"><b>N\u00e3o inclu\u00eddo:<\/b><\/p>\n<ul>\n<li class=\"ai-optimize-39\" style=\"font-weight: 400;\" aria-level=\"1\"><span style=\"font-weight: 400;\">Bebidas.<\/span><\/li>\n<li class=\"ai-optimize-40\" style=\"font-weight: 400;\" aria-level=\"1\"><span style=\"font-weight: 400;\">Roupas para neve.<\/span><\/li>\n<\/ul>\n<h4 class=\"ai-optimize-41\"><b>Voc\u00ea quer saber mais?<\/b><\/h4>\n<p class=\"ai-optimize-42\"><b>Isso pode ser feito sem experi\u00eancia pr\u00e9via?<\/b><b><br \/>\n<\/b><span style=\"font-weight: 400;\"> Sim, \u00e9 uma excurs\u00e3o acess\u00edvel, n\u00e3o \u00e9 necess\u00e1rio nenhum esfor\u00e7o f\u00edsico.<\/span><\/p>\n<p class=\"ai-optimize-43\"><b>Que roupas s\u00e3o recomendadas?<\/b><b><br \/>\n<\/b><span style=\"font-weight: 400;\"> Roupas quentes e cal\u00e7ados confort\u00e1veis. No inverno, sugere-se o uso de roupas para neve.<\/span><\/p>\n<p class=\"ai-optimize-44\"><b>O jantar est\u00e1 inclu\u00eddo?<\/b><b><br \/>\n<\/b><span style=\"font-weight: 400;\"> Sim, ele inclui um menu completo em uma cabana na montanha.<\/span><\/p>\n<p class=\"ai-optimize-45\"><b>Ele est\u00e1 suspenso devido ao clima?<\/b><b><br \/>\n<\/b><span style=\"font-weight: 400;\"> A atividade funciona na maioria das condi\u00e7\u00f5es, mas pode ser reprogramada por motivos de seguran\u00e7a.<\/span><\/p>\n<p class=\"ai-optimize-50\"><strong>Aviso importante<\/strong>Este passeio j\u00e1 est\u00e1 dispon\u00edvel para pr\u00e9-reserva. As sa\u00eddas operam de 15 de junho a 20 de agosto, sujeitas ao calend\u00e1rio sazonal.<\/p>","protected":false},"excerpt":{"rendered":"<p class=\"ai-optimize-25\"><span style=\"font-weight: 400;\">Subida de 4\u00d74 sob as estrelas, vistas panor\u00e2micas inesquec\u00edveis e um jantar gourmet em um ref\u00fagio de montanha que combina aventura, natureza e gastronomia.<\/span><\/p>","protected":false},"featured_media":0,"comment_status":"open","ping_status":"closed","template":"","meta":[],"product_brand":[],"product_cat":[26,28,30,31,33,37,42,45],"product_tag":[],"class_list":{"0":"post-378417","1":"product","2":"type-product","3":"status-publish","5":"product_cat-adultos","6":"product_cat-aventura","7":"product_cat-con-traslado","8":"product_cat-familia","9":"product_cat-invierno","10":"product_cat-ninos","11":"product_cat-sin-comida","12":"product_cat-terrestre","14":"first","15":"instock","16":"virtual","17":"sold-individually","18":"purchasable","19":"product-type-booking"},"booking_location":"","booking_location_type":"","booking_duration":1,"booking_duration_unit":"hour","booking_buffer":0,"booking_cost":0,"booking_resources":[],"exclude_global_add_ons":false,"addons":[{"name":"ADU: Adulto","type":"input_multiplier","position":0,"required":false,"title_format":"label","default":"","description_enable":false,"description":"","placeholder_enable":false,"placeholder":"","display":"select","restrictions_type":"any_text","adjust_price":true,"price":"239500","price_type":"quantity_based","restrictions":false,"min":"0","max":"0","options":[],"id":1776163357},{"name":"MEN412 : de 4 a 12","type":"input_multiplier","position":1,"required":false,"title_format":"label","default":"","description_enable":false,"description":"","placeholder_enable":false,"placeholder":"","display":"select","restrictions_type":"any_text","adjust_price":true,"price":"179500","price_type":"quantity_based","restrictions":false,"min":"0","max":"0","options":[],"id":1776163358},{"name":"INF04 | De 0 a 4","type":"input_multiplier","position":2,"required":false,"title_format":"label","default":"","description_enable":false,"description":"","placeholder_enable":false,"placeholder":"","display":"select","restrictions_type":"any_text","adjust_price":true,"price":"","price_type":"quantity_based","restrictions":false,"min":"0","max":"0","options":[],"id":1776163359}],"yoast_head":"<!-- This site is optimized with the Yoast SEO Premium plugin v25.2 (Yoast SEO v25.2) - https:\/\/yoast.com\/wordpress\/plugins\/seo\/ -->\n<title>Noche Encantada: Cena en Refugio de Monta\u00f1a con Ascenso 4x4 - Patagonia Booking<\/title>\n<meta name=\"robots\" content=\"index, follow, max-snippet:-1, max-image-preview:large, max-video-preview:-1\" \/>\n<link rel=\"canonical\" href=\"https:\/\/patagoniabooking.com\/pt\/product\/jantar-noturno-encantado-em-uma-cabana-na-montanha-com-subida-em-4x4\/\" \/>\n<meta property=\"og:locale\" content=\"pt_BR\" \/>\n<meta property=\"og:type\" content=\"article\" \/>\n<meta property=\"og:title\" content=\"Noche Encantada: Cena en Refugio de Monta\u00f1a con Ascenso 4x4\" \/>\n<meta property=\"og:description\" content=\"Ascenso en 4x4 bajo las estrellas, vistas panor\u00e1micas inolvidables y una cena gourmet en refugio de monta\u00f1a que combina aventura, naturaleza y gastronom\u00eda.\" \/>\n<meta property=\"og:url\" content=\"https:\/\/patagoniabooking.com\/pt\/product\/jantar-noturno-encantado-em-uma-cabana-na-montanha-com-subida-em-4x4\/\" \/>\n<meta property=\"og:site_name\" content=\"Patagonia Booking\" \/>\n<meta property=\"article:modified_time\" content=\"2026-04-14T19:08:17+00:00\" \/>\n<meta name=\"twitter:card\" content=\"summary_large_image\" \/>\n<meta name=\"twitter:label1\" content=\"Pre\u00e7o\" \/>\n\t<meta name=\"twitter:data1\" content=\"&#036;239,500.00\" \/>\n\t<meta name=\"twitter:label2\" content=\"Disponibilidade\" \/>\n\t<meta name=\"twitter:data2\" content=\"Em Estoque\" \/>\n<script type=\"application\/ld+json\" class=\"yoast-schema-graph\">{\"@context\":\"https:\/\/schema.org\",\"@graph\":[{\"@type\":\"WebPage\",\"@id\":\"https:\/\/patagoniabooking.com\/product\/noche-encantada-cena-en-refugio-de-montana-con-ascenso-4x4\/\",\"url\":\"https:\/\/patagoniabooking.com\/product\/noche-encantada-cena-en-refugio-de-montana-con-ascenso-4x4\/\",\"name\":\"Noche Encantada: Cena en Refugio de Monta\u00f1a con Ascenso 4x4 - Patagonia Booking\",\"isPartOf\":{\"@id\":\"https:\/\/patagoniabooking.com\/#website\"},\"datePublished\":\"2026-04-14T13:42:35+00:00\",\"dateModified\":\"2026-04-14T19:08:17+00:00\",\"breadcrumb\":{\"@id\":\"https:\/\/patagoniabooking.com\/product\/noche-encantada-cena-en-refugio-de-montana-con-ascenso-4x4\/#breadcrumb\"},\"inLanguage\":\"pt-BR\",\"potentialAction\":[{\"@type\":\"ReadAction\",\"target\":[\"https:\/\/patagoniabooking.com\/product\/noche-encantada-cena-en-refugio-de-montana-con-ascenso-4x4\/\"]}]},{\"@type\":\"BreadcrumbList\",\"@id\":\"https:\/\/patagoniabooking.com\/product\/noche-encantada-cena-en-refugio-de-montana-con-ascenso-4x4\/#breadcrumb\",\"itemListElement\":[{\"@type\":\"ListItem\",\"position\":1,\"name\":\"Inicio\",\"item\":\"https:\/\/patagoniabooking.com\/\"},{\"@type\":\"ListItem\",\"position\":2,\"name\":\"Lista de excursiones\",\"item\":\"https:\/\/patagoniabooking.com\/shop\/\"},{\"@type\":\"ListItem\",\"position\":3,\"name\":\"Noche Encantada: Cena en Refugio de Monta\u00f1a con Ascenso 4&#215;4\"}]},{\"@type\":\"WebSite\",\"@id\":\"https:\/\/patagoniabooking.com\/#website\",\"url\":\"https:\/\/patagoniabooking.com\/\",\"name\":\"Patagonia Booking\",\"description\":\"\",\"publisher\":{\"@id\":\"https:\/\/patagoniabooking.com\/#organization\"},\"potentialAction\":[{\"@type\":\"SearchAction\",\"target\":{\"@type\":\"EntryPoint\",\"urlTemplate\":\"https:\/\/patagoniabooking.com\/?s={search_term_string}\"},\"query-input\":{\"@type\":\"PropertyValueSpecification\",\"valueRequired\":true,\"valueName\":\"search_term_string\"}}],\"inLanguage\":\"pt-BR\"},{\"@type\":\"Organization\",\"@id\":\"https:\/\/patagoniabooking.com\/#organization\",\"name\":\"Patagonia Booking\",\"url\":\"https:\/\/patagoniabooking.com\/\",\"logo\":{\"@type\":\"ImageObject\",\"inLanguage\":\"pt-BR\",\"@id\":\"https:\/\/patagoniabooking.com\/#\/schema\/logo\/image\/\",\"url\":\"https:\/\/patagoniabooking.com\/wp-content\/uploads\/sites\/2\/2025\/06\/logo-patagonia-booking.png\",\"contentUrl\":\"https:\/\/patagoniabooking.com\/wp-content\/uploads\/sites\/2\/2025\/06\/logo-patagonia-booking.png\",\"width\":80,\"height\":80,\"caption\":\"Patagonia Booking\"},\"image\":{\"@id\":\"https:\/\/patagoniabooking.com\/#\/schema\/logo\/image\/\"}}]}<\/script>\n<meta property=\"product:price:amount\" content=\"239500.00\" \/>\n<meta property=\"product:price:currency\" content=\"ARS\" \/>\n<meta property=\"og:availability\" content=\"instock\" \/>\n<meta property=\"product:availability\" content=\"instock\" \/>\n<meta property=\"product:retailer_item_id\" content=\"ADV2026NOEN7K2Q\" \/>\n<meta property=\"product:condition\" content=\"new\" \/>\n<!-- \/ Yoast SEO Premium plugin. -->","yoast_head_json":{"title":"Noite Encantada: Jantar em uma Cabana de Montanha com Escalada 4x4 - Patag\u00f4nia Booking","robots":{"index":"index","follow":"follow","max-snippet":"max-snippet:-1","max-image-preview":"max-image-preview:large","max-video-preview":"max-video-preview:-1"},"canonical":"https:\/\/patagoniabooking.com\/pt\/product\/jantar-noturno-encantado-em-uma-cabana-na-montanha-com-subida-em-4x4\/","og_locale":"pt_BR","og_type":"article","og_title":"Noche Encantada: Cena en Refugio de Monta\u00f1a con Ascenso 4x4","og_description":"Ascenso en 4x4 bajo las estrellas, vistas panor\u00e1micas inolvidables y una cena gourmet en refugio de monta\u00f1a que combina aventura, naturaleza y gastronom\u00eda.","og_url":"https:\/\/patagoniabooking.com\/pt\/product\/jantar-noturno-encantado-em-uma-cabana-na-montanha-com-subida-em-4x4\/","og_site_name":"Patagonia Booking","article_modified_time":"2026-04-14T19:08:17+00:00","twitter_card":"summary_large_image","twitter_misc":{"Pre\u00e7o":"&#36;239,500.00","Disponibilidade":"Em Estoque"},"schema":{"@context":"https:\/\/schema.org","@graph":[{"@type":"WebPage","@id":"https:\/\/patagoniabooking.com\/product\/noche-encantada-cena-en-refugio-de-montana-con-ascenso-4x4\/","url":"https:\/\/patagoniabooking.com\/product\/noche-encantada-cena-en-refugio-de-montana-con-ascenso-4x4\/","name":"Noite Encantada: Jantar em uma Cabana de Montanha com Escalada 4x4 - Patag\u00f4nia Booking","isPartOf":{"@id":"https:\/\/patagoniabooking.com\/#website"},"datePublished":"2026-04-14T13:42:35+00:00","dateModified":"2026-04-14T19:08:17+00:00","breadcrumb":{"@id":"https:\/\/patagoniabooking.com\/product\/noche-encantada-cena-en-refugio-de-montana-con-ascenso-4x4\/#breadcrumb"},"inLanguage":"pt-BR","potentialAction":[{"@type":"ReadAction","target":["https:\/\/patagoniabooking.com\/product\/noche-encantada-cena-en-refugio-de-montana-con-ascenso-4x4\/"]}]},{"@type":"BreadcrumbList","@id":"https:\/\/patagoniabooking.com\/product\/noche-encantada-cena-en-refugio-de-montana-con-ascenso-4x4\/#breadcrumb","itemListElement":[{"@type":"ListItem","position":1,"name":"Inicio","item":"https:\/\/patagoniabooking.com\/"},{"@type":"ListItem","position":2,"name":"Lista de excursiones","item":"https:\/\/patagoniabooking.com\/shop\/"},{"@type":"ListItem","position":3,"name":"Noche Encantada: Cena en Refugio de Monta\u00f1a con Ascenso 4&#215;4"}]},{"@type":"WebSite","@id":"https:\/\/patagoniabooking.com\/#website","url":"https:\/\/patagoniabooking.com\/","name":"Reservas para a Patag\u00f4nia","description":"","publisher":{"@id":"https:\/\/patagoniabooking.com\/#organization"},"potentialAction":[{"@type":"SearchAction","target":{"@type":"EntryPoint","urlTemplate":"https:\/\/patagoniabooking.com\/?s={search_term_string}"},"query-input":{"@type":"PropertyValueSpecification","valueRequired":true,"valueName":"search_term_string"}}],"inLanguage":"pt-BR"},{"@type":"Organization","@id":"https:\/\/patagoniabooking.com\/#organization","name":"Reservas para a Patag\u00f4nia","url":"https:\/\/patagoniabooking.com\/","logo":{"@type":"ImageObject","inLanguage":"pt-BR","@id":"https:\/\/patagoniabooking.com\/#\/schema\/logo\/image\/","url":"https:\/\/patagoniabooking.com\/wp-content\/uploads\/sites\/2\/2025\/06\/logo-patagonia-booking.png","contentUrl":"https:\/\/patagoniabooking.com\/wp-content\/uploads\/sites\/2\/2025\/06\/logo-patagonia-booking.png","width":80,"height":80,"caption":"Patagonia Booking"},"image":{"@id":"https:\/\/patagoniabooking.com\/#\/schema\/logo\/image\/"}}]},"product_price_amount":"239500.00","product_price_currency":"ARS","og_availability":"instock","product_availability":"instock","product_retailer_item_id":"ADV2026NOEN7K2Q","product_condition":"new"},"_links":{"self":[{"href":"https:\/\/patagoniabooking.com\/pt\/wp-json\/wp\/v2\/product\/378417","targetHints":{"allow":["GET"]}}],"collection":[{"href":"https:\/\/patagoniabooking.com\/pt\/wp-json\/wp\/v2\/product"}],"about":[{"href":"https:\/\/patagoniabooking.com\/pt\/wp-json\/wp\/v2\/types\/product"}],"replies":[{"embeddable":true,"href":"https:\/\/patagoniabooking.com\/pt\/wp-json\/wp\/v2\/comments?post=378417"}],"wp:attachment":[{"href":"https:\/\/patagoniabooking.com\/pt\/wp-json\/wp\/v2\/media?parent=378417"}],"wp:term":[{"taxonomy":"product_brand","embeddable":true,"href":"https:\/\/patagoniabooking.com\/pt\/wp-json\/wp\/v2\/product_brand?post=378417"},{"taxonomy":"product_cat","embeddable":true,"href":"https:\/\/patagoniabooking.com\/pt\/wp-json\/wp\/v2\/product_cat?post=378417"},{"taxonomy":"product_tag","embeddable":true,"href":"https:\/\/patagoniabooking.com\/pt\/wp-json\/wp\/v2\/product_tag?post=378417"}],"curies":[{"name":"wp","href":"https:\/\/api.w.org\/{rel}","templated":true}]}}