{"id":378215,"date":"2026-01-28T12:50:34","date_gmt":"2026-01-28T15:50:34","guid":{"rendered":"https:\/\/patagoniabooking.com\/?post_type=product&#038;p=378215"},"modified":"2026-04-08T16:32:42","modified_gmt":"2026-04-08T19:32:42","slug":"buceo-bautismo-en-bariloche","status":"publish","type":"product","link":"https:\/\/patagoniabooking.com\/pt\/product\/batismo-de-mergulho-em-bariloche\/","title":{"rendered":"Descubra o mergulho em Bariloche"},"content":{"rendered":"<h2 class=\"ai-optimize-23\" data-start=\"703\" data-end=\"823\"><strong data-start=\"709\" data-end=\"823\">Mergulhe nas \u00e1guas cristalinas do Lago Moreno e viva sua primeira experi\u00eancia de mergulho na Patag\u00f4nia.<\/strong><\/h2>\n<p class=\"ai-optimize-24 ai-optimize-introduction\" data-start=\"825\" data-end=\"1026\">Descubra o mundo subaqu\u00e1tico de Bariloche com nosso <em data-start=\"880\" data-end=\"896\">Batismo de mergulho<\/em>, Esta \u00e9 uma atividade especialmente projetada para aqueles que desejam dar seus primeiros passos no mergulho e desfrutar de um ambiente natural incompar\u00e1vel.<\/p>\n<p class=\"ai-optimize-25\" data-start=\"1028\" data-end=\"1259\">Acompanhado por instrutores certificados e com todo o equipamento t\u00e9cnico inclu\u00eddo, voc\u00ea experimentar\u00e1 a sensa\u00e7\u00e3o \u00fanica de flutuar entre os reflexos do sol debaixo d'\u00e1gua e as paisagens montanhosas que cercam o Lago Moreno.<\/p>\n<p class=\"ai-optimize-26\" data-start=\"1261\" data-end=\"1478\">Durante aproximadamente duas horas - incluindo 20 a 30 minutos de mergulho - voc\u00ea viver\u00e1 uma experi\u00eancia tranquila, fascinante e completamente diferente, ideal para acrescentar ao seu itiner\u00e1rio na Patag\u00f4nia argentina.<\/p>\n<h3 class=\"ai-optimize-27\" data-start=\"1485\" data-end=\"1527\"><strong data-start=\"1492\" data-end=\"1527\">Por que escolher essa experi\u00eancia<\/strong><\/h3>\n<ul data-start=\"1529\" data-end=\"1859\">\n<li class=\"ai-optimize-28\" data-start=\"1529\" data-end=\"1597\">\n<p class=\"ai-optimize-29\" data-start=\"1531\" data-end=\"1597\">Atividade introdut\u00f3ria de mergulho com acompanhamento profissional.<\/p>\n<\/li>\n<li class=\"ai-optimize-30\" data-start=\"1598\" data-end=\"1641\">\n<p class=\"ai-optimize-31\" data-start=\"1600\" data-end=\"1641\">Equipamento t\u00e9cnico completo inclu\u00eddo.<\/p>\n<\/li>\n<li class=\"ai-optimize-32\" data-start=\"1642\" data-end=\"1733\">\n<p class=\"ai-optimize-33\" data-start=\"1644\" data-end=\"1733\">Cen\u00e1rio natural excepcional: Lago Moreno, a poucos minutos do centro de Bariloche.<\/p>\n<\/li>\n<li class=\"ai-optimize-34\" data-start=\"1734\" data-end=\"1809\">\n<p class=\"ai-optimize-35\" data-start=\"1736\" data-end=\"1809\">Ideal para casais, fam\u00edlias e viajantes em busca de experi\u00eancias \u00fanicas.<\/p>\n<\/li>\n<li class=\"ai-optimize-36\" data-start=\"1810\" data-end=\"1859\">\n<p class=\"ai-optimize-37\" data-start=\"1812\" data-end=\"1859\">Reserva imediata e confirma\u00e7\u00e3o garantida.<\/p>\n<\/li>\n<\/ul>\n<h3 class=\"ai-optimize-38\" data-start=\"1866\" data-end=\"1901\"><strong data-start=\"1873\" data-end=\"1901\">Como ser\u00e1 sua experi\u00eancia<\/strong><\/h3>\n<p class=\"ai-optimize-39\" data-start=\"1903\" data-end=\"2167\">Seu dia come\u00e7a com o encontro no ponto combinado, do centro de Bariloche at\u00e9 o km 8 da Avenida Bustillo. L\u00e1 estar\u00e3o esperando por voc\u00ea os instrutores, que lhe apresentar\u00e3o o equipamento e explicar\u00e3o as etapas b\u00e1sicas para aproveitar ao m\u00e1ximo o mergulho.<\/p>\n<p class=\"ai-optimize-40\" data-start=\"2169\" data-end=\"2393\">Em seguida, voc\u00ea far\u00e1 uma breve pr\u00e1tica de superf\u00edcie para se familiarizar com o ambiente e o uso do equipamento.<br data-start=\"2275\" data-end=\"2278\" \/>Quando estiver pronto, voc\u00ea iniciar\u00e1 o mergulho no Lago Moreno, acompanhado por seu instrutor durante toda a viagem.<\/p>\n<p class=\"ai-optimize-41\" data-start=\"2395\" data-end=\"2589\">Durante 20 a 30 minutos, voc\u00ea descobrir\u00e1 uma paisagem subaqu\u00e1tica tranquila, com forma\u00e7\u00f5es naturais, troncos submersos e reflexos de luz que tornam essa experi\u00eancia realmente inesquec\u00edvel.<\/p>\n<p class=\"ai-optimize-42\" data-start=\"2591\" data-end=\"2705\">A atividade completa dura aproximadamente duas horas e inclui o traslado do ponto de encontro.<\/p>\n<h3 class=\"ai-optimize-43\" data-start=\"2712\" data-end=\"2743\"><strong data-start=\"2719\" data-end=\"2743\">Informa\u00e7\u00f5es pr\u00e1ticas<\/strong><\/h3>\n<ul data-start=\"2745\" data-end=\"3292\">\n<li class=\"ai-optimize-44\" data-start=\"2745\" data-end=\"2821\">\n<p class=\"ai-optimize-45\" data-start=\"2747\" data-end=\"2821\"><strong data-start=\"2747\" data-end=\"2760\">Hor\u00e1rios:<\/strong> 11:00 \u00e0s 15:00 \/ 13:00 \u00e0s 17:00 (segunda, quarta e domingo).<\/p>\n<\/li>\n<li class=\"ai-optimize-46\" data-start=\"2822\" data-end=\"2879\">\n<p class=\"ai-optimize-47\" data-start=\"2824\" data-end=\"2879\"><strong data-start=\"2824\" data-end=\"2837\">Dura\u00e7\u00e3o:<\/strong> Aproximadamente 2 horas (20 a 30 minutos de imers\u00e3o).<\/p>\n<\/li>\n<li class=\"ai-optimize-48\" data-start=\"2880\" data-end=\"2907\">\n<p class=\"ai-optimize-49\" data-start=\"2882\" data-end=\"2907\"><strong data-start=\"2882\" data-end=\"2898\">Idade m\u00ednima:<\/strong> 8 anos.<\/p>\n<\/li>\n<li class=\"ai-optimize-50\" data-start=\"2908\" data-end=\"2995\">\n<p class=\"ai-optimize-51\" data-start=\"2910\" data-end=\"2995\"><strong data-start=\"2910\" data-end=\"2933\">Ponto de encontro:<\/strong> do centro de Bariloche at\u00e9 o km 8 da Av. Bustillo.<\/p>\n<\/li>\n<li class=\"ai-optimize-52\" data-start=\"2996\" data-end=\"3080\">\n<p class=\"ai-optimize-53\" data-start=\"2998\" data-end=\"3080\"><strong data-start=\"2998\" data-end=\"3010\">Ele inclui:<\/strong> instrutores certificados, equipamento t\u00e9cnico completo e transporte.<\/p>\n<\/li>\n<li class=\"ai-optimize-54\" data-start=\"3081\" data-end=\"3119\">\n<p class=\"ai-optimize-55\" data-start=\"3083\" data-end=\"3119\"><strong data-start=\"3083\" data-end=\"3098\">N\u00e3o inclu\u00eddo:<\/strong> alimentos e bebidas.<\/p>\n<\/li>\n<li class=\"ai-optimize-56\" data-start=\"3120\" data-end=\"3207\">\n<p class=\"ai-optimize-57\" data-start=\"3122\" data-end=\"3207\"><strong data-start=\"3122\" data-end=\"3140\">Recomenda\u00e7\u00e3o:<\/strong> realizar a atividade pelo menos 12 horas antes do voo.<\/p>\n<\/li>\n<\/ul>\n<h3 class=\"ai-optimize-60\" data-start=\"3299\" data-end=\"3329\"><strong data-start=\"3305\" data-end=\"3329\">Perguntas frequentes<\/strong><\/h3>\n<p class=\"ai-optimize-61\" data-start=\"3331\" data-end=\"3441\"><strong data-start=\"3331\" data-end=\"3376\">Posso participar sem experi\u00eancia pr\u00e9via?<\/strong><br data-start=\"3376\" data-end=\"3379\" \/>Sim, ele foi projetado para mergulhadores de primeira viagem.<\/p>\n<p class=\"ai-optimize-62\" data-start=\"3443\" data-end=\"3563\"><strong data-start=\"3443\" data-end=\"3473\">\u00c9 necess\u00e1rio saber nadar?<\/strong><br data-start=\"3473\" data-end=\"3476\" \/>N\u00e3o, o instrutor o acompanha o tempo todo e o equipamento de flutua\u00e7\u00e3o apropriado \u00e9 usado.<\/p>\n<p class=\"ai-optimize-63\" data-start=\"3565\" data-end=\"3649\"><strong data-start=\"3565\" data-end=\"3586\">O que devo levar?<\/strong><br data-start=\"3586\" data-end=\"3589\" \/>Leggings ou roupas confort\u00e1veis \u00e0 prova d'\u00e1gua, toalha e casaco leve.<\/p>\n<p class=\"ai-optimize-64\" data-start=\"3769\" data-end=\"3855\"><strong data-start=\"3769\" data-end=\"3791\">Onde isso ocorre?<\/strong><br data-start=\"3791\" data-end=\"3794\" \/>No Lago Moreno, dentro do Parque Nacional Nahuel Huapi.<\/p>","protected":false},"excerpt":{"rendered":"<p class=\"ai-optimize-65\">Inicie-se no mergulho aut\u00f4nomo com esta experi\u00eancia \u00fanica no Lago Moreno. Instrutores certificados, equipamento completo e traslado inclu\u00eddos. Reserva imediata com a Patag\u00f4nia Booking.<\/p>","protected":false},"featured_media":378216,"comment_status":"open","ping_status":"closed","template":"","meta":[],"product_brand":[],"product_cat":[26,28,30,31,37,42,48],"product_tag":[],"class_list":{"0":"post-378215","1":"product","2":"type-product","3":"status-publish","4":"has-post-thumbnail","6":"product_cat-adultos","7":"product_cat-aventura","8":"product_cat-con-traslado","9":"product_cat-familia","10":"product_cat-ninos","11":"product_cat-sin-comida","12":"product_cat-verano","14":"first","15":"instock","16":"virtual","17":"sold-individually","18":"purchasable","19":"product-type-booking"},"booking_location":"","booking_location_type":"","booking_duration":1,"booking_duration_unit":"hour","booking_buffer":0,"booking_cost":0,"booking_resources":[],"exclude_global_add_ons":false,"addons":[{"name":"STD: Passageiros","type":"input_multiplier","position":0,"required":false,"title_format":"label","default":"","description_enable":false,"description":"","placeholder_enable":false,"placeholder":"","display":"select","restrictions_type":"any_text","adjust_price":true,"price":"132000","price_type":"quantity_based","restrictions":false,"min":"0","max":"0","options":[],"id":1773231509}],"yoast_head":"<!-- This site is optimized with the Yoast SEO Premium plugin v25.2 (Yoast SEO v25.2) - https:\/\/yoast.com\/wordpress\/plugins\/seo\/ -->\n<title>Buceo Bautismo en Bariloche - Patagonia Booking<\/title>\n<meta name=\"description\" content=\"Viv\u00ed el buceo bautismo en Bariloche con Patagonia Booking. Instructores certificados, equipo completo y la opci\u00f3n de traslado al Lago Moreno.\" \/>\n<meta name=\"robots\" content=\"index, follow, max-snippet:-1, max-image-preview:large, max-video-preview:-1\" \/>\n<link rel=\"canonical\" href=\"https:\/\/patagoniabooking.com\/pt\/product\/batismo-de-mergulho-em-bariloche\/\" \/>\n<meta property=\"og:locale\" content=\"pt_BR\" \/>\n<meta property=\"og:type\" content=\"article\" \/>\n<meta property=\"og:title\" content=\"Buceo Bautismo en Bariloche\" \/>\n<meta property=\"og:description\" content=\"Viv\u00ed el buceo bautismo en Bariloche con Patagonia Booking. Instructores certificados, equipo completo y la opci\u00f3n de traslado al Lago Moreno.\" \/>\n<meta property=\"og:url\" content=\"https:\/\/patagoniabooking.com\/pt\/product\/batismo-de-mergulho-em-bariloche\/\" \/>\n<meta property=\"og:site_name\" content=\"Patagonia Booking\" \/>\n<meta property=\"article:modified_time\" content=\"2026-04-08T19:32:42+00:00\" \/>\n<meta property=\"og:image\" content=\"https:\/\/patagoniabooking.com\/wp-content\/uploads\/sites\/2\/2026\/01\/tikiprincipal.jpeg\" \/>\n\t<meta property=\"og:image:width\" content=\"1120\" \/>\n\t<meta property=\"og:image:height\" content=\"1280\" \/>\n\t<meta property=\"og:image:type\" content=\"image\/jpeg\" \/>\n<meta name=\"twitter:card\" content=\"summary_large_image\" \/>\n<meta name=\"twitter:label1\" content=\"Pre\u00e7o\" \/>\n\t<meta name=\"twitter:data1\" content=\"&#036;132,000.00\" \/>\n\t<meta name=\"twitter:label2\" content=\"Disponibilidade\" \/>\n\t<meta name=\"twitter:data2\" content=\"Em Estoque\" \/>\n<script type=\"application\/ld+json\" class=\"yoast-schema-graph\">{\"@context\":\"https:\/\/schema.org\",\"@graph\":[{\"@type\":\"WebPage\",\"@id\":\"https:\/\/patagoniabooking.com\/product\/buceo-bautismo-en-bariloche\/\",\"url\":\"https:\/\/patagoniabooking.com\/product\/buceo-bautismo-en-bariloche\/\",\"name\":\"Buceo Bautismo en Bariloche - Patagonia Booking\",\"isPartOf\":{\"@id\":\"https:\/\/patagoniabooking.com\/#website\"},\"primaryImageOfPage\":{\"@id\":\"https:\/\/patagoniabooking.com\/product\/buceo-bautismo-en-bariloche\/#primaryimage\"},\"image\":{\"@id\":\"https:\/\/patagoniabooking.com\/product\/buceo-bautismo-en-bariloche\/#primaryimage\"},\"thumbnailUrl\":\"https:\/\/patagoniabooking.com\/wp-content\/uploads\/sites\/2\/2026\/01\/tikiprincipal.jpeg\",\"datePublished\":\"2026-01-28T15:50:34+00:00\",\"dateModified\":\"2026-04-08T19:32:42+00:00\",\"description\":\"Viv\u00ed el buceo bautismo en Bariloche con Patagonia Booking. Instructores certificados, equipo completo y la opci\u00f3n de traslado al Lago Moreno.\",\"breadcrumb\":{\"@id\":\"https:\/\/patagoniabooking.com\/product\/buceo-bautismo-en-bariloche\/#breadcrumb\"},\"inLanguage\":\"pt-BR\",\"potentialAction\":[{\"@type\":\"ReadAction\",\"target\":[\"https:\/\/patagoniabooking.com\/product\/buceo-bautismo-en-bariloche\/\"]}]},{\"@type\":\"ImageObject\",\"inLanguage\":\"pt-BR\",\"@id\":\"https:\/\/patagoniabooking.com\/product\/buceo-bautismo-en-bariloche\/#primaryimage\",\"url\":\"https:\/\/patagoniabooking.com\/wp-content\/uploads\/sites\/2\/2026\/01\/tikiprincipal.jpeg\",\"contentUrl\":\"https:\/\/patagoniabooking.com\/wp-content\/uploads\/sites\/2\/2026\/01\/tikiprincipal.jpeg\",\"width\":1120,\"height\":1280},{\"@type\":\"BreadcrumbList\",\"@id\":\"https:\/\/patagoniabooking.com\/product\/buceo-bautismo-en-bariloche\/#breadcrumb\",\"itemListElement\":[{\"@type\":\"ListItem\",\"position\":1,\"name\":\"Inicio\",\"item\":\"https:\/\/patagoniabooking.com\/\"},{\"@type\":\"ListItem\",\"position\":2,\"name\":\"Lista de excursiones\",\"item\":\"https:\/\/patagoniabooking.com\/shop\/\"},{\"@type\":\"ListItem\",\"position\":3,\"name\":\"Buceo Bautismo en Bariloche\"}]},{\"@type\":\"WebSite\",\"@id\":\"https:\/\/patagoniabooking.com\/#website\",\"url\":\"https:\/\/patagoniabooking.com\/\",\"name\":\"Patagonia Booking\",\"description\":\"\",\"publisher\":{\"@id\":\"https:\/\/patagoniabooking.com\/#organization\"},\"potentialAction\":[{\"@type\":\"SearchAction\",\"target\":{\"@type\":\"EntryPoint\",\"urlTemplate\":\"https:\/\/patagoniabooking.com\/?s={search_term_string}\"},\"query-input\":{\"@type\":\"PropertyValueSpecification\",\"valueRequired\":true,\"valueName\":\"search_term_string\"}}],\"inLanguage\":\"pt-BR\"},{\"@type\":\"Organization\",\"@id\":\"https:\/\/patagoniabooking.com\/#organization\",\"name\":\"Patagonia Booking\",\"url\":\"https:\/\/patagoniabooking.com\/\",\"logo\":{\"@type\":\"ImageObject\",\"inLanguage\":\"pt-BR\",\"@id\":\"https:\/\/patagoniabooking.com\/#\/schema\/logo\/image\/\",\"url\":\"https:\/\/patagoniabooking.com\/wp-content\/uploads\/sites\/2\/2025\/06\/logo-patagonia-booking.png\",\"contentUrl\":\"https:\/\/patagoniabooking.com\/wp-content\/uploads\/sites\/2\/2025\/06\/logo-patagonia-booking.png\",\"width\":80,\"height\":80,\"caption\":\"Patagonia Booking\"},\"image\":{\"@id\":\"https:\/\/patagoniabooking.com\/#\/schema\/logo\/image\/\"}}]}<\/script>\n<meta property=\"product:price:amount\" content=\"132000.00\" \/>\n<meta property=\"product:price:currency\" content=\"ARS\" \/>\n<meta property=\"og:availability\" content=\"instock\" \/>\n<meta property=\"product:availability\" content=\"instock\" \/>\n<meta property=\"product:retailer_item_id\" content=\"ADV2026BABU9T4K\" \/>\n<meta property=\"product:condition\" content=\"new\" \/>\n<!-- \/ Yoast SEO Premium plugin. -->","yoast_head_json":{"title":"Descubra o mergulho em Bariloche - Patag\u00f4nia Booking","description":"Experimente o mergulho aut\u00f4nomo em Bariloche com a Patag\u00f4nia Booking. Instrutores certificados, equipamento completo e a op\u00e7\u00e3o de traslado para o Lago Moreno.","robots":{"index":"index","follow":"follow","max-snippet":"max-snippet:-1","max-image-preview":"max-image-preview:large","max-video-preview":"max-video-preview:-1"},"canonical":"https:\/\/patagoniabooking.com\/pt\/product\/batismo-de-mergulho-em-bariloche\/","og_locale":"pt_BR","og_type":"article","og_title":"Buceo Bautismo en Bariloche","og_description":"Viv\u00ed el buceo bautismo en Bariloche con Patagonia Booking. Instructores certificados, equipo completo y la opci\u00f3n de traslado al Lago Moreno.","og_url":"https:\/\/patagoniabooking.com\/pt\/product\/batismo-de-mergulho-em-bariloche\/","og_site_name":"Patagonia Booking","article_modified_time":"2026-04-08T19:32:42+00:00","og_image":[{"width":1120,"height":1280,"url":"https:\/\/patagoniabooking.com\/wp-content\/uploads\/sites\/2\/2026\/01\/tikiprincipal.jpeg","type":"image\/jpeg"}],"twitter_card":"summary_large_image","twitter_misc":{"Pre\u00e7o":"&#36;132,000.00","Disponibilidade":"Em Estoque"},"schema":{"@context":"https:\/\/schema.org","@graph":[{"@type":"WebPage","@id":"https:\/\/patagoniabooking.com\/product\/buceo-bautismo-en-bariloche\/","url":"https:\/\/patagoniabooking.com\/product\/buceo-bautismo-en-bariloche\/","name":"Descubra o mergulho em Bariloche - Patag\u00f4nia Booking","isPartOf":{"@id":"https:\/\/patagoniabooking.com\/#website"},"primaryImageOfPage":{"@id":"https:\/\/patagoniabooking.com\/product\/buceo-bautismo-en-bariloche\/#primaryimage"},"image":{"@id":"https:\/\/patagoniabooking.com\/product\/buceo-bautismo-en-bariloche\/#primaryimage"},"thumbnailUrl":"https:\/\/patagoniabooking.com\/wp-content\/uploads\/sites\/2\/2026\/01\/tikiprincipal.jpeg","datePublished":"2026-01-28T15:50:34+00:00","dateModified":"2026-04-08T19:32:42+00:00","description":"Experimente o mergulho aut\u00f4nomo em Bariloche com a Patag\u00f4nia Booking. Instrutores certificados, equipamento completo e a op\u00e7\u00e3o de traslado para o Lago Moreno.","breadcrumb":{"@id":"https:\/\/patagoniabooking.com\/product\/buceo-bautismo-en-bariloche\/#breadcrumb"},"inLanguage":"pt-BR","potentialAction":[{"@type":"ReadAction","target":["https:\/\/patagoniabooking.com\/product\/buceo-bautismo-en-bariloche\/"]}]},{"@type":"ImageObject","inLanguage":"pt-BR","@id":"https:\/\/patagoniabooking.com\/product\/buceo-bautismo-en-bariloche\/#primaryimage","url":"https:\/\/patagoniabooking.com\/wp-content\/uploads\/sites\/2\/2026\/01\/tikiprincipal.jpeg","contentUrl":"https:\/\/patagoniabooking.com\/wp-content\/uploads\/sites\/2\/2026\/01\/tikiprincipal.jpeg","width":1120,"height":1280},{"@type":"BreadcrumbList","@id":"https:\/\/patagoniabooking.com\/product\/buceo-bautismo-en-bariloche\/#breadcrumb","itemListElement":[{"@type":"ListItem","position":1,"name":"Inicio","item":"https:\/\/patagoniabooking.com\/"},{"@type":"ListItem","position":2,"name":"Lista de excursiones","item":"https:\/\/patagoniabooking.com\/shop\/"},{"@type":"ListItem","position":3,"name":"Buceo Bautismo en Bariloche"}]},{"@type":"WebSite","@id":"https:\/\/patagoniabooking.com\/#website","url":"https:\/\/patagoniabooking.com\/","name":"Reservas para a Patag\u00f4nia","description":"","publisher":{"@id":"https:\/\/patagoniabooking.com\/#organization"},"potentialAction":[{"@type":"SearchAction","target":{"@type":"EntryPoint","urlTemplate":"https:\/\/patagoniabooking.com\/?s={search_term_string}"},"query-input":{"@type":"PropertyValueSpecification","valueRequired":true,"valueName":"search_term_string"}}],"inLanguage":"pt-BR"},{"@type":"Organization","@id":"https:\/\/patagoniabooking.com\/#organization","name":"Reservas para a Patag\u00f4nia","url":"https:\/\/patagoniabooking.com\/","logo":{"@type":"ImageObject","inLanguage":"pt-BR","@id":"https:\/\/patagoniabooking.com\/#\/schema\/logo\/image\/","url":"https:\/\/patagoniabooking.com\/wp-content\/uploads\/sites\/2\/2025\/06\/logo-patagonia-booking.png","contentUrl":"https:\/\/patagoniabooking.com\/wp-content\/uploads\/sites\/2\/2025\/06\/logo-patagonia-booking.png","width":80,"height":80,"caption":"Patagonia Booking"},"image":{"@id":"https:\/\/patagoniabooking.com\/#\/schema\/logo\/image\/"}}]},"product_price_amount":"132000.00","product_price_currency":"ARS","og_availability":"instock","product_availability":"instock","product_retailer_item_id":"ADV2026BABU9T4K","product_condition":"new"},"_links":{"self":[{"href":"https:\/\/patagoniabooking.com\/pt\/wp-json\/wp\/v2\/product\/378215","targetHints":{"allow":["GET"]}}],"collection":[{"href":"https:\/\/patagoniabooking.com\/pt\/wp-json\/wp\/v2\/product"}],"about":[{"href":"https:\/\/patagoniabooking.com\/pt\/wp-json\/wp\/v2\/types\/product"}],"replies":[{"embeddable":true,"href":"https:\/\/patagoniabooking.com\/pt\/wp-json\/wp\/v2\/comments?post=378215"}],"wp:featuredmedia":[{"embeddable":true,"href":"https:\/\/patagoniabooking.com\/pt\/wp-json\/wp\/v2\/media\/378216"}],"wp:attachment":[{"href":"https:\/\/patagoniabooking.com\/pt\/wp-json\/wp\/v2\/media?parent=378215"}],"wp:term":[{"taxonomy":"product_brand","embeddable":true,"href":"https:\/\/patagoniabooking.com\/pt\/wp-json\/wp\/v2\/product_brand?post=378215"},{"taxonomy":"product_cat","embeddable":true,"href":"https:\/\/patagoniabooking.com\/pt\/wp-json\/wp\/v2\/product_cat?post=378215"},{"taxonomy":"product_tag","embeddable":true,"href":"https:\/\/patagoniabooking.com\/pt\/wp-json\/wp\/v2\/product_tag?post=378215"}],"curies":[{"name":"wp","href":"https:\/\/api.w.org\/{rel}","templated":true}]}}