{"id":37,"date":"2025-06-12T10:36:31","date_gmt":"2025-06-12T13:36:31","guid":{"rendered":"https:\/\/patagoniabooking.shop\/product\/cabalgata-por-el-bosque-de-cohiues\/"},"modified":"2026-04-08T16:32:42","modified_gmt":"2026-04-08T19:32:42","slug":"cabalgata-cerro-lopez","status":"publish","type":"product","link":"https:\/\/patagoniabooking.com\/pt\/product\/cavalgadas-em-cerro-lopez\/","title":{"rendered":"Passeio a cavalo com vista para o Cerro Lopez - Experi\u00eancia equestre com vista para o Nahuel Huapi"},"content":{"rendered":"<h2 class=\"ai-optimize-26 ai-optimize-introduction\" data-start=\"7285\" data-end=\"7488\"><strong>Descubra a Patag\u00f4nia de um ponto de vista natural e contemplativo, caminhando por trilhas nas montanhas com vistas panor\u00e2micas do Cerro L\u00f3pez, do Lago Moreno e do Nahuel Huapi.<\/strong><\/h2>\n<p class=\"ai-optimize-24 ai-optimize-introduction\" data-start=\"734\" data-end=\"1142\">Descubra Bariloche de uma perspectiva diferente: a cavalo, em meio a florestas nativas, ar puro e mirantes naturais com vista para a <strong>Lago Moreno<\/strong> e o <strong>Nahuel Huapi.<\/strong><br data-start=\"896\" data-end=\"899\" \/>O passeio a cavalo no Cerro L\u00f3pez combina natureza, tranquilidade e a tradi\u00e7\u00e3o rural patag\u00f4nica, guiado por baqueanos locais especializados.<br data-start=\"1035\" data-end=\"1038\" \/>Uma proposta ideal para quem quer se desconectar da cidade e vivenciar a ess\u00eancia do sul da Argentina.<\/p>\n<p class=\"ai-optimize-25\" data-start=\"1149\" data-end=\"1177\"><strong data-start=\"1153\" data-end=\"1177\">Sobre a experi\u00eancia<\/strong><\/p>\n<p class=\"ai-optimize-26 ai-optimize-introduction\" data-start=\"1178\" data-end=\"1436\">A excurs\u00e3o come\u00e7a com um traslado do centro de Bariloche at\u00e9 o acampamento base, localizado aos p\u00e9s do Monte Everest. <strong>Cerro L\u00f3pez<\/strong>.<br data-start=\"1301\" data-end=\"1304\" \/>L\u00e1, os guias fazem uma breve introdu\u00e7\u00e3o t\u00e9cnica, designam os cavalos e acompanham todo o passeio com aten\u00e7\u00e3o personalizada.<\/p>\n<p class=\"ai-optimize-27\" data-start=\"1438\" data-end=\"1733\">O itiner\u00e1rio percorre trilhas cercadas por coihues e lengas, com vistas panor\u00e2micas que se abrem para os lagos do Circuito Chico.<br data-start=\"1577\" data-end=\"1580\" \/>No caminho de volta, o grupo desfruta da calma da paisagem rural e da possibilidade de saborear bolos fritos caseiros em um ambiente t\u00edpico de montanha.<\/p>\n<p class=\"ai-optimize-28\" data-start=\"1735\" data-end=\"1870\">Uma excurs\u00e3o segura e acess\u00edvel, perfeita para fam\u00edlias, casais e viajantes que buscam uma conex\u00e3o real com a natureza patag\u00f4nica.<\/p>\n<h3 class=\"ai-optimize-29\" data-start=\"1877\" data-end=\"1892\"><strong data-start=\"1881\" data-end=\"1892\">Inclui<\/strong><\/h3>\n<ul data-start=\"1893\" data-end=\"2034\">\n<li class=\"ai-optimize-30\" data-start=\"1893\" data-end=\"1936\">\n<p class=\"ai-optimize-31\" data-start=\"1895\" data-end=\"1936\">Passeios a cavalo guiados por baqueanos locais.<\/p>\n<\/li>\n<li class=\"ai-optimize-34\" data-start=\"1984\" data-end=\"2034\">\n<p class=\"ai-optimize-35\" data-start=\"1986\" data-end=\"2034\">Traslado de ida e volta ao centro de Bariloche.<\/p>\n<\/li>\n<\/ul>\n<h3 class=\"ai-optimize-36\" data-start=\"2041\" data-end=\"2059\"><strong data-start=\"2045\" data-end=\"2059\">N\u00e3o inclui<\/strong><\/h3>\n<ul data-start=\"2060\" data-end=\"2116\">\n<li class=\"ai-optimize-37\" data-start=\"2060\" data-end=\"2116\">\n<p class=\"ai-optimize-38\" data-start=\"2062\" data-end=\"2116\">Refei\u00e7\u00f5es e bebidas (opcional no Parador Rural).<\/p>\n<\/li>\n<\/ul>\n<h3 class=\"ai-optimize-39\" data-start=\"2123\" data-end=\"2150\"><strong data-start=\"2127\" data-end=\"2150\">Dura\u00e7\u00e3o e hor\u00e1rio<\/strong><\/h3>\n<p class=\"ai-optimize-40\" data-start=\"2151\" data-end=\"2282\">Dura\u00e7\u00e3o total: aproximadamente 5 horas (incluindo traslados).<br data-start=\"2211\" data-end=\"2214\" \/>Dias de partida: segunda, quarta e domingo.<br data-start=\"2257\" data-end=\"2260\" \/>Idade m\u00ednima: 5 anos de idade.<\/p>\n<h2 class=\"ai-optimize-41\" data-start=\"2289\" data-end=\"2316\"><strong data-start=\"2292\" data-end=\"2316\">Perguntas frequentes<\/strong><\/h2>\n<p class=\"ai-optimize-42\" data-start=\"2318\" data-end=\"2470\"><strong data-start=\"2318\" data-end=\"2378\">\u00c9 necess\u00e1rio ter experi\u00eancia pr\u00e9via em equita\u00e7\u00e3o?<\/strong><br data-start=\"2378\" data-end=\"2381\" \/>N\u00e3o. Os cavalos s\u00e3o mansos e o percurso \u00e9 adequado para iniciantes e fam\u00edlias.<\/p>\n<p class=\"ai-optimize-43\" data-start=\"2472\" data-end=\"2577\"><strong data-start=\"2472\" data-end=\"2493\">O que devo levar?<\/strong><br data-start=\"2493\" data-end=\"2496\" \/>Roupas confort\u00e1veis, cal\u00e7as compridas, sapatos fechados, casaco leve e protetor solar.<\/p>\n<p class=\"ai-optimize-45\" data-start=\"2702\" data-end=\"2812\"><strong data-start=\"2702\" data-end=\"2735\">Onde a turn\u00ea come\u00e7a?<\/strong><br data-start=\"2735\" data-end=\"2738\" \/>O principal ponto de encontro \u00e9 a Mitre 131, no centro de Bariloche.<\/p>\n<p class=\"ai-optimize-46\" data-start=\"2814\" data-end=\"2906\"><strong data-start=\"2814\" data-end=\"2848\">Ele est\u00e1 dispon\u00edvel para menores de idade?<\/strong><br data-start=\"2848\" data-end=\"2851\" \/>Sim, a partir de 5 anos de idade acompanhado por um adulto.<\/p>","protected":false},"excerpt":{"rendered":"<p class=\"ai-optimize-23\" data-start=\"7133\" data-end=\"7283\">Passeio guiado a cavalo com vista para o Cerro L\u00f3pez. Uma experi\u00eancia c\u00eanica, aut\u00eantica e confort\u00e1vel nas paisagens de Bariloche.<\/p>\n<p data-start=\"7285\" data-end=\"7488\">","protected":false},"featured_media":378137,"comment_status":"open","ping_status":"closed","template":"","meta":[],"product_brand":[],"product_cat":[26,28,30,31,37,42,47],"product_tag":[],"class_list":{"0":"post-37","1":"product","2":"type-product","3":"status-publish","4":"has-post-thumbnail","6":"product_cat-adultos","7":"product_cat-aventura","8":"product_cat-con-traslado","9":"product_cat-familia","10":"product_cat-ninos","11":"product_cat-sin-comida","12":"product_cat-todo-el-ano","14":"first","15":"instock","16":"virtual","17":"sold-individually","18":"purchasable","19":"product-type-booking"},"booking_location":"","booking_location_type":"","booking_duration":1,"booking_duration_unit":"hour","booking_buffer":0,"booking_cost":0,"booking_resources":[],"exclude_global_add_ons":false,"addons":[{"name":"STD: Passageiros","type":"input_multiplier","position":0,"required":false,"title_format":"label","default":"","description_enable":false,"description":"","placeholder_enable":false,"placeholder":"","display":"select","restrictions_type":"any_text","adjust_price":true,"price":"119400","price_type":"quantity_based","restrictions":false,"min":"0","max":"0","options":[],"id":1773235029},{"name":"EXTRA: acompanhante","type":"input_multiplier","position":1,"required":false,"title_format":"label","default":"","description_enable":false,"description":"","placeholder_enable":false,"placeholder":"","display":"select","restrictions_type":"any_text","adjust_price":true,"price":"65700","price_type":"quantity_based","restrictions":false,"min":"0","max":"0","options":[],"id":1773235030}],"yoast_head":"<!-- This site is optimized with the Yoast SEO Premium plugin v25.2 (Yoast SEO v25.2) - https:\/\/yoast.com\/wordpress\/plugins\/seo\/ -->\n<title>Reserv\u00e1 cabalgata al Cerro L\u00f3pez en Bariloche | Online - Patagonia Booking<\/title>\n<meta name=\"description\" content=\"Reserv\u00e1 tu cabalgata al Cerro L\u00f3pez en Bariloche. Bosques, miradores y vistas del Circuito Chico. Gu\u00eda experto, seguridad y cupos. Confirmaci\u00f3n inmediata.\" \/>\n<meta name=\"robots\" content=\"index, follow, max-snippet:-1, max-image-preview:large, max-video-preview:-1\" \/>\n<link rel=\"canonical\" href=\"https:\/\/patagoniabooking.com\/pt\/product\/cavalgadas-em-cerro-lopez\/\" \/>\n<meta property=\"og:locale\" content=\"pt_BR\" \/>\n<meta property=\"og:type\" content=\"article\" \/>\n<meta property=\"og:title\" content=\"Cabalgata con vista al Cerro L\u00f3pez \u2013 Experiencia ecuestre con vistas al Nahuel Huapi\" \/>\n<meta property=\"og:description\" content=\"Reserv\u00e1 tu cabalgata al Cerro L\u00f3pez en Bariloche. Bosques, miradores y vistas del Circuito Chico. Gu\u00eda experto, seguridad y cupos. Confirmaci\u00f3n inmediata.\" \/>\n<meta property=\"og:url\" content=\"https:\/\/patagoniabooking.com\/pt\/product\/cavalgadas-em-cerro-lopez\/\" \/>\n<meta property=\"og:site_name\" content=\"Patagonia Booking\" \/>\n<meta property=\"article:modified_time\" content=\"2026-04-08T19:32:42+00:00\" \/>\n<meta property=\"og:image\" content=\"https:\/\/patagoniabooking.com\/wp-content\/uploads\/sites\/2\/2025\/06\/4-D-9001-04Gr-copia.jpg\" \/>\n\t<meta property=\"og:image:width\" content=\"992\" \/>\n\t<meta property=\"og:image:height\" content=\"1323\" \/>\n\t<meta property=\"og:image:type\" content=\"image\/jpeg\" \/>\n<meta name=\"twitter:card\" content=\"summary_large_image\" \/>\n<meta name=\"twitter:label1\" content=\"Pre\u00e7o\" \/>\n\t<meta name=\"twitter:data1\" content=\"&#036;119,400.00\" \/>\n\t<meta name=\"twitter:label2\" content=\"Disponibilidade\" \/>\n\t<meta name=\"twitter:data2\" content=\"Em Estoque\" \/>\n<script type=\"application\/ld+json\" class=\"yoast-schema-graph\">{\"@context\":\"https:\/\/schema.org\",\"@graph\":[{\"@type\":\"WebPage\",\"@id\":\"https:\/\/patagoniabooking.com\/product\/cabalgata-cerro-lopez\/\",\"url\":\"https:\/\/patagoniabooking.com\/product\/cabalgata-cerro-lopez\/\",\"name\":\"Reserv\u00e1 cabalgata al Cerro L\u00f3pez en Bariloche | Online - Patagonia Booking\",\"isPartOf\":{\"@id\":\"https:\/\/patagoniabooking.com\/#website\"},\"primaryImageOfPage\":{\"@id\":\"https:\/\/patagoniabooking.com\/product\/cabalgata-cerro-lopez\/#primaryimage\"},\"image\":{\"@id\":\"https:\/\/patagoniabooking.com\/product\/cabalgata-cerro-lopez\/#primaryimage\"},\"thumbnailUrl\":\"https:\/\/patagoniabooking.com\/wp-content\/uploads\/sites\/2\/2025\/06\/Foto-Cabalgata-PB-2-1.png\",\"datePublished\":\"2025-06-12T13:36:31+00:00\",\"dateModified\":\"2026-04-08T19:32:42+00:00\",\"description\":\"Reserv\u00e1 tu cabalgata al Cerro L\u00f3pez en Bariloche. Bosques, miradores y vistas del Circuito Chico. Gu\u00eda experto, seguridad y cupos. Confirmaci\u00f3n inmediata.\",\"breadcrumb\":{\"@id\":\"https:\/\/patagoniabooking.com\/product\/cabalgata-cerro-lopez\/#breadcrumb\"},\"inLanguage\":\"pt-BR\",\"potentialAction\":[{\"@type\":\"ReadAction\",\"target\":[\"https:\/\/patagoniabooking.com\/product\/cabalgata-cerro-lopez\/\"]}]},{\"@type\":\"ImageObject\",\"inLanguage\":\"pt-BR\",\"@id\":\"https:\/\/patagoniabooking.com\/product\/cabalgata-cerro-lopez\/#primaryimage\",\"url\":\"https:\/\/patagoniabooking.com\/wp-content\/uploads\/sites\/2\/2025\/06\/Foto-Cabalgata-PB-2-1.png\",\"contentUrl\":\"https:\/\/patagoniabooking.com\/wp-content\/uploads\/sites\/2\/2025\/06\/Foto-Cabalgata-PB-2-1.png\",\"width\":850,\"height\":1133},{\"@type\":\"BreadcrumbList\",\"@id\":\"https:\/\/patagoniabooking.com\/product\/cabalgata-cerro-lopez\/#breadcrumb\",\"itemListElement\":[{\"@type\":\"ListItem\",\"position\":1,\"name\":\"Inicio\",\"item\":\"https:\/\/patagoniabooking.com\/\"},{\"@type\":\"ListItem\",\"position\":2,\"name\":\"Lista de excursiones\",\"item\":\"https:\/\/patagoniabooking.com\/shop\/\"},{\"@type\":\"ListItem\",\"position\":3,\"name\":\"Cabalgata con vista al Cerro L\u00f3pez \u2013 Experiencia ecuestre con vistas al Nahuel Huapi\"}]},{\"@type\":\"WebSite\",\"@id\":\"https:\/\/patagoniabooking.com\/#website\",\"url\":\"https:\/\/patagoniabooking.com\/\",\"name\":\"Patagonia Booking\",\"description\":\"\",\"publisher\":{\"@id\":\"https:\/\/patagoniabooking.com\/#organization\"},\"potentialAction\":[{\"@type\":\"SearchAction\",\"target\":{\"@type\":\"EntryPoint\",\"urlTemplate\":\"https:\/\/patagoniabooking.com\/?s={search_term_string}\"},\"query-input\":{\"@type\":\"PropertyValueSpecification\",\"valueRequired\":true,\"valueName\":\"search_term_string\"}}],\"inLanguage\":\"pt-BR\"},{\"@type\":\"Organization\",\"@id\":\"https:\/\/patagoniabooking.com\/#organization\",\"name\":\"Patagonia Booking\",\"url\":\"https:\/\/patagoniabooking.com\/\",\"logo\":{\"@type\":\"ImageObject\",\"inLanguage\":\"pt-BR\",\"@id\":\"https:\/\/patagoniabooking.com\/#\/schema\/logo\/image\/\",\"url\":\"https:\/\/patagoniabooking.com\/wp-content\/uploads\/sites\/2\/2025\/06\/logo-patagonia-booking.png\",\"contentUrl\":\"https:\/\/patagoniabooking.com\/wp-content\/uploads\/sites\/2\/2025\/06\/logo-patagonia-booking.png\",\"width\":80,\"height\":80,\"caption\":\"Patagonia Booking\"},\"image\":{\"@id\":\"https:\/\/patagoniabooking.com\/#\/schema\/logo\/image\/\"}}]}<\/script>\n<meta property=\"product:price:amount\" content=\"119400.00\" \/>\n<meta property=\"product:price:currency\" content=\"ARS\" \/>\n<meta property=\"og:availability\" content=\"instock\" \/>\n<meta property=\"product:availability\" content=\"instock\" \/>\n<meta property=\"product:retailer_item_id\" content=\"ADV2025CAPOELTVE7\" \/>\n<meta property=\"product:condition\" content=\"new\" \/>\n<!-- \/ Yoast SEO Premium plugin. -->","yoast_head_json":{"title":"Reserve um passeio a cavalo ao Cerro Lopez em Bariloche - Patagonia Booking","description":"Reserve sua cavalgada para o Cerro Lopez em Bariloche. Florestas, mirantes e vistas do Circuito Chico. Guia especializado, seguran\u00e7a e cotas. Confirma\u00e7\u00e3o imediata.","robots":{"index":"index","follow":"follow","max-snippet":"max-snippet:-1","max-image-preview":"max-image-preview:large","max-video-preview":"max-video-preview:-1"},"canonical":"https:\/\/patagoniabooking.com\/pt\/product\/cavalgadas-em-cerro-lopez\/","og_locale":"pt_BR","og_type":"article","og_title":"Cabalgata con vista al Cerro L\u00f3pez \u2013 Experiencia ecuestre con vistas al Nahuel Huapi","og_description":"Reserv\u00e1 tu cabalgata al Cerro L\u00f3pez en Bariloche. Bosques, miradores y vistas del Circuito Chico. Gu\u00eda experto, seguridad y cupos. Confirmaci\u00f3n inmediata.","og_url":"https:\/\/patagoniabooking.com\/pt\/product\/cavalgadas-em-cerro-lopez\/","og_site_name":"Patagonia Booking","article_modified_time":"2026-04-08T19:32:42+00:00","og_image":[{"width":992,"height":1323,"url":"https:\/\/patagoniabooking.com\/wp-content\/uploads\/sites\/2\/2025\/06\/4-D-9001-04Gr-copia.jpg","type":"image\/jpeg"}],"twitter_card":"summary_large_image","twitter_misc":{"Pre\u00e7o":"&#36;119,400.00","Disponibilidade":"Em Estoque"},"schema":{"@context":"https:\/\/schema.org","@graph":[{"@type":"WebPage","@id":"https:\/\/patagoniabooking.com\/product\/cabalgata-cerro-lopez\/","url":"https:\/\/patagoniabooking.com\/product\/cabalgata-cerro-lopez\/","name":"Reserve um passeio a cavalo ao Cerro Lopez em Bariloche - Patagonia Booking","isPartOf":{"@id":"https:\/\/patagoniabooking.com\/#website"},"primaryImageOfPage":{"@id":"https:\/\/patagoniabooking.com\/product\/cabalgata-cerro-lopez\/#primaryimage"},"image":{"@id":"https:\/\/patagoniabooking.com\/product\/cabalgata-cerro-lopez\/#primaryimage"},"thumbnailUrl":"https:\/\/patagoniabooking.com\/wp-content\/uploads\/sites\/2\/2025\/06\/Foto-Cabalgata-PB-2-1.png","datePublished":"2025-06-12T13:36:31+00:00","dateModified":"2026-04-08T19:32:42+00:00","description":"Reserve sua cavalgada para o Cerro Lopez em Bariloche. Florestas, mirantes e vistas do Circuito Chico. Guia especializado, seguran\u00e7a e cotas. Confirma\u00e7\u00e3o imediata.","breadcrumb":{"@id":"https:\/\/patagoniabooking.com\/product\/cabalgata-cerro-lopez\/#breadcrumb"},"inLanguage":"pt-BR","potentialAction":[{"@type":"ReadAction","target":["https:\/\/patagoniabooking.com\/product\/cabalgata-cerro-lopez\/"]}]},{"@type":"ImageObject","inLanguage":"pt-BR","@id":"https:\/\/patagoniabooking.com\/product\/cabalgata-cerro-lopez\/#primaryimage","url":"https:\/\/patagoniabooking.com\/wp-content\/uploads\/sites\/2\/2025\/06\/Foto-Cabalgata-PB-2-1.png","contentUrl":"https:\/\/patagoniabooking.com\/wp-content\/uploads\/sites\/2\/2025\/06\/Foto-Cabalgata-PB-2-1.png","width":850,"height":1133},{"@type":"BreadcrumbList","@id":"https:\/\/patagoniabooking.com\/product\/cabalgata-cerro-lopez\/#breadcrumb","itemListElement":[{"@type":"ListItem","position":1,"name":"Inicio","item":"https:\/\/patagoniabooking.com\/"},{"@type":"ListItem","position":2,"name":"Lista de excursiones","item":"https:\/\/patagoniabooking.com\/shop\/"},{"@type":"ListItem","position":3,"name":"Cabalgata con vista al Cerro L\u00f3pez \u2013 Experiencia ecuestre con vistas al Nahuel Huapi"}]},{"@type":"WebSite","@id":"https:\/\/patagoniabooking.com\/#website","url":"https:\/\/patagoniabooking.com\/","name":"Reservas para a Patag\u00f4nia","description":"","publisher":{"@id":"https:\/\/patagoniabooking.com\/#organization"},"potentialAction":[{"@type":"SearchAction","target":{"@type":"EntryPoint","urlTemplate":"https:\/\/patagoniabooking.com\/?s={search_term_string}"},"query-input":{"@type":"PropertyValueSpecification","valueRequired":true,"valueName":"search_term_string"}}],"inLanguage":"pt-BR"},{"@type":"Organization","@id":"https:\/\/patagoniabooking.com\/#organization","name":"Reservas para a Patag\u00f4nia","url":"https:\/\/patagoniabooking.com\/","logo":{"@type":"ImageObject","inLanguage":"pt-BR","@id":"https:\/\/patagoniabooking.com\/#\/schema\/logo\/image\/","url":"https:\/\/patagoniabooking.com\/wp-content\/uploads\/sites\/2\/2025\/06\/logo-patagonia-booking.png","contentUrl":"https:\/\/patagoniabooking.com\/wp-content\/uploads\/sites\/2\/2025\/06\/logo-patagonia-booking.png","width":80,"height":80,"caption":"Patagonia Booking"},"image":{"@id":"https:\/\/patagoniabooking.com\/#\/schema\/logo\/image\/"}}]},"product_price_amount":"119400.00","product_price_currency":"ARS","og_availability":"instock","product_availability":"instock","product_retailer_item_id":"ADV2025CAPOELTVE7","product_condition":"new"},"_links":{"self":[{"href":"https:\/\/patagoniabooking.com\/pt\/wp-json\/wp\/v2\/product\/37","targetHints":{"allow":["GET"]}}],"collection":[{"href":"https:\/\/patagoniabooking.com\/pt\/wp-json\/wp\/v2\/product"}],"about":[{"href":"https:\/\/patagoniabooking.com\/pt\/wp-json\/wp\/v2\/types\/product"}],"replies":[{"embeddable":true,"href":"https:\/\/patagoniabooking.com\/pt\/wp-json\/wp\/v2\/comments?post=37"}],"wp:featuredmedia":[{"embeddable":true,"href":"https:\/\/patagoniabooking.com\/pt\/wp-json\/wp\/v2\/media\/378137"}],"wp:attachment":[{"href":"https:\/\/patagoniabooking.com\/pt\/wp-json\/wp\/v2\/media?parent=37"}],"wp:term":[{"taxonomy":"product_brand","embeddable":true,"href":"https:\/\/patagoniabooking.com\/pt\/wp-json\/wp\/v2\/product_brand?post=37"},{"taxonomy":"product_cat","embeddable":true,"href":"https:\/\/patagoniabooking.com\/pt\/wp-json\/wp\/v2\/product_cat?post=37"},{"taxonomy":"product_tag","embeddable":true,"href":"https:\/\/patagoniabooking.com\/pt\/wp-json\/wp\/v2\/product_tag?post=37"}],"curies":[{"name":"wp","href":"https:\/\/api.w.org\/{rel}","templated":true}]}}