{"id":34,"date":"2025-06-12T10:35:39","date_gmt":"2025-06-12T13:35:39","guid":{"rendered":"https:\/\/patagoniabooking.shop\/product\/travesia-en-kayak-por-el-lago-gutierrez\/"},"modified":"2026-04-08T16:32:43","modified_gmt":"2026-04-08T19:32:43","slug":"tour-kayak-lago-moreno-bariloche","status":"publish","type":"product","link":"https:\/\/patagoniabooking.com\/pt\/product\/passeio-de-caiaque-no-lago-moreno-bariloche\/","title":{"rendered":"Caiaque no Lago Moreno"},"content":{"rendered":"<h2 class=\"ai-optimize-22 ai-optimize-introduction\" data-start=\"455\" data-end=\"527\"><strong data-start=\"455\" data-end=\"525\">Uma viagem inesquec\u00edvel para descobrir a Patag\u00f4nia por \u00e1gua<\/strong><\/h2>\n<p class=\"ai-optimize-23 ai-optimize-introduction\" data-start=\"529\" data-end=\"864\">Explore o Lago Moreno, um dos cen\u00e1rios naturais mais emblem\u00e1ticos de Bariloche, em uma experi\u00eancia guiada de caiaque que combina aventura, relaxamento e paisagens \u00fanicas.<br data-start=\"697\" data-end=\"700\" \/>Essa atividade, adequada para todos os n\u00edveis, permite que voc\u00ea aproveite a serenidade do ambiente patag\u00f4nico enquanto navega entre montanhas, florestas e \u00e1guas cristalinas.<\/p>\n<p class=\"ai-optimize-24\" data-start=\"866\" data-end=\"1073\">Com guias certificados e equipamentos de alta qualidade, a experi\u00eancia garante seguran\u00e7a, conforto e conex\u00e3o com a natureza. Ideal para quem deseja conhecer Bariloche de uma perspectiva diferente.<\/p>\n<h3 class=\"ai-optimize-25\" data-start=\"1080\" data-end=\"1097\"><strong data-start=\"1084\" data-end=\"1097\">Passeio<\/strong><\/h3>\n<p class=\"ai-optimize-26\" data-start=\"1099\" data-end=\"1378\">Hor\u00e1rio de funcionamento: 11:00 \u00e0s 15:00 aprox. \/ 13:00 \u00e0s 17:00 aprox.<br data-start=\"1152\" data-end=\"1155\" \/>Sa\u00edda do centro de Bariloche para a \u00e1rea do Circuito Chico.<br data-start=\"1224\" data-end=\"1227\" \/>A navega\u00e7\u00e3o \u00e9 feita nas \u00e1guas calmas do Lago Moreno, com intervalos para apreciar os arredores, tirar fotos e curtir a paisagem.<\/p>\n<h3 class=\"ai-optimize-27\" data-start=\"1385\" data-end=\"1411\"><strong data-start=\"1389\" data-end=\"1411\">Local da reuni\u00e3o<\/strong><\/h3>\n<p class=\"ai-optimize-28\" data-start=\"1413\" data-end=\"1592\">Hot\u00e9is e pontos de encontro localizados desde o centro de Bariloche at\u00e9 o km 18 da Av. Bustillo ou Av. Pioneros.<br data-start=\"1527\" data-end=\"1530\" \/>Para outros pontos de partida, informe-se no momento da reserva.<\/p>\n<h3 class=\"ai-optimize-29\" data-start=\"1599\" data-end=\"1614\"><strong data-start=\"1603\" data-end=\"1614\">Inclui<\/strong><\/h3>\n<ul data-start=\"1616\" data-end=\"1826\">\n<li class=\"ai-optimize-30\" data-start=\"1616\" data-end=\"1657\">\n<p class=\"ai-optimize-31\" data-start=\"1618\" data-end=\"1657\">Caiaque Sit On Top, confort\u00e1vel e est\u00e1vel.<\/p>\n<\/li>\n<li class=\"ai-optimize-32\" data-start=\"1658\" data-end=\"1740\">\n<p class=\"ai-optimize-33\" data-start=\"1660\" data-end=\"1740\">Equipamento de seguran\u00e7a completo: colete salva-vidas, remo e jaqueta imperme\u00e1vel.<\/p>\n<\/li>\n<li class=\"ai-optimize-34\" data-start=\"1741\" data-end=\"1775\">\n<p class=\"ai-optimize-35\" data-start=\"1743\" data-end=\"1775\">Guias profissionais bil\u00edngues.<\/p>\n<\/li>\n<li class=\"ai-optimize-36\" data-start=\"1776\" data-end=\"1826\">\n<p class=\"ai-optimize-37\" data-start=\"1778\" data-end=\"1826\">Traslados de e para o ponto de encontro.<\/p>\n<\/li>\n<\/ul>\n<h3 class=\"ai-optimize-38\" data-start=\"1833\" data-end=\"1851\"><strong data-start=\"1837\" data-end=\"1851\">N\u00e3o inclui<\/strong><\/h3>\n<ul data-start=\"1853\" data-end=\"1935\">\n<li class=\"ai-optimize-39\" data-start=\"1853\" data-end=\"1875\">\n<p class=\"ai-optimize-40\" data-start=\"1855\" data-end=\"1875\">Refei\u00e7\u00f5es ou bebidas.<\/p>\n<\/li>\n<li class=\"ai-optimize-41\" data-start=\"1876\" data-end=\"1935\">\n<p class=\"ai-optimize-42\" data-start=\"1878\" data-end=\"1935\">Roupas pessoais (recomenda-se levar um casaco e uma muda de roupa seca).<\/p>\n<\/li>\n<\/ul>\n<h3 class=\"ai-optimize-48\" data-start=\"2071\" data-end=\"2094\"><strong data-start=\"2075\" data-end=\"2094\">Recomenda\u00e7\u00f5es<\/strong><\/h3>\n<ul data-start=\"2096\" data-end=\"2290\">\n<li class=\"ai-optimize-49\" data-start=\"2096\" data-end=\"2142\">\n<p class=\"ai-optimize-50\" data-start=\"2098\" data-end=\"2142\">Roupas confort\u00e1veis e cal\u00e7ados fechados ou ajust\u00e1veis.<\/p>\n<\/li>\n<li class=\"ai-optimize-51\" data-start=\"2143\" data-end=\"2203\">\n<p class=\"ai-optimize-52\" data-start=\"2145\" data-end=\"2203\">Troca de roupas secas e agasalhos para depois da atividade.<\/p>\n<\/li>\n<li class=\"ai-optimize-53\" data-start=\"2204\" data-end=\"2262\">\n<p class=\"ai-optimize-54\" data-start=\"2206\" data-end=\"2262\">Protetor solar, bon\u00e9 e \u00f3culos de sol com fecho.<\/p>\n<\/li>\n<li class=\"ai-optimize-55\" data-start=\"2263\" data-end=\"2290\">\n<p class=\"ai-optimize-56\" data-start=\"2265\" data-end=\"2290\">Carteira de identidade.<\/p>\n<\/li>\n<\/ul>\n<p class=\"ai-optimize-57\" data-start=\"2292\" data-end=\"2406\">N\u00e3o \u00e9 necess\u00e1rio ter experi\u00eancia anterior. Atividade adequada para participantes a partir de 4 anos de idade acompanhados por um adulto.<\/p>\n<h3 class=\"ai-optimize-58\" data-start=\"2413\" data-end=\"2441\"><strong data-start=\"2417\" data-end=\"2441\">Perguntas frequentes<\/strong><\/h3>\n<p class=\"ai-optimize-59\" data-start=\"2443\" data-end=\"2561\"><strong data-start=\"2443\" data-end=\"2485\">Os caiaques s\u00e3o simples ou duplos?<\/strong><br data-start=\"2485\" data-end=\"2488\" \/>Geralmente s\u00e3o duplos, ideais para sua estabilidade e facilidade de uso.<\/p>\n<p class=\"ai-optimize-60\" data-start=\"2563\" data-end=\"2681\"><strong data-start=\"2563\" data-end=\"2599\">\u00c9 necess\u00e1rio ter experi\u00eancia anterior?<\/strong><br data-start=\"2599\" data-end=\"2602\" \/>N\u00e3o, os guias fornecem instru\u00e7\u00f5es e acompanhamento durante toda a atividade.<\/p>\n<p class=\"ai-optimize-61\" data-start=\"2683\" data-end=\"2801\"><strong data-start=\"2683\" data-end=\"2722\">A excurs\u00e3o \u00e9 realizada em caso de chuva?<\/strong><br data-start=\"2722\" data-end=\"2725\" \/>Sim, exceto em caso de tempestade ou condi\u00e7\u00f5es clim\u00e1ticas extremas.<\/p>\n<p class=\"ai-optimize-62\" data-start=\"2803\" data-end=\"2891\"><strong data-start=\"2803\" data-end=\"2841\">Essa atividade \u00e9 adequada para crian\u00e7as?<\/strong><br data-start=\"2841\" data-end=\"2844\" \/>Sim, eles podem participar a partir dos 4 anos de idade.<\/p>","protected":false},"excerpt":{"rendered":"<p class=\"ai-optimize-6\">Experimentei uma turn\u00ea em <strong>Passeio de caiaque no Lago Moreno<\/strong> com a Patag\u00f4nia Booking.<br data-start=\"3849\" data-end=\"3852\" \/>Uma experi\u00eancia segura e guiada para descobrir a beleza natural de Bariloche a partir da \u00e1gua.<\/p>","protected":false},"featured_media":377820,"comment_status":"open","ping_status":"closed","template":"","meta":[],"product_brand":[],"product_cat":[26,28,29,30,31,35,37,47],"product_tag":[],"class_list":{"0":"post-34","1":"product","2":"type-product","3":"status-publish","4":"has-post-thumbnail","6":"product_cat-adultos","7":"product_cat-aventura","8":"product_cat-con-comida","9":"product_cat-con-traslado","10":"product_cat-familia","11":"product_cat-lacustre","12":"product_cat-ninos","13":"product_cat-todo-el-ano","15":"first","16":"instock","17":"virtual","18":"sold-individually","19":"purchasable","20":"product-type-booking"},"booking_location":"","booking_location_type":"","booking_duration":1,"booking_duration_unit":"hour","booking_buffer":0,"booking_cost":0,"booking_resources":[],"exclude_global_add_ons":false,"addons":[{"name":"ADU: Adulto","type":"input_multiplier","position":0,"required":false,"title_format":"label","default":"","description_enable":false,"description":"","placeholder_enable":false,"placeholder":"","display":"select","restrictions_type":"any_text","adjust_price":true,"price":"107400","price_type":"quantity_based","restrictions":false,"min":"0","max":"0","options":[],"id":1773074737},{"name":"MEN512 | 5 a 12","type":"input_multiplier","position":1,"required":false,"title_format":"label","default":"","description_enable":false,"description":"","placeholder_enable":false,"placeholder":"","display":"select","restrictions_type":"any_text","adjust_price":true,"price":"107400","price_type":"quantity_based","restrictions":false,"min":"0","max":"0","options":[],"id":1773075048}],"yoast_head":"<!-- This site is optimized with the Yoast SEO Premium plugin v25.2 (Yoast SEO v25.2) - https:\/\/yoast.com\/wordpress\/plugins\/seo\/ -->\n<title>Kayak por el Lago Moreno en Bariloche | Patagonia Booking<\/title>\n<meta name=\"description\" content=\"Explor\u00e1 Bariloche con un tour en kayak por el Lago Moreno. Naturaleza, paisajes \u00fanicos y una experiencia segura e inolvidable en la Patagonia.\" \/>\n<meta name=\"robots\" content=\"index, follow, max-snippet:-1, max-image-preview:large, max-video-preview:-1\" \/>\n<link rel=\"canonical\" href=\"https:\/\/patagoniabooking.com\/pt\/product\/passeio-de-caiaque-no-lago-moreno-bariloche\/\" \/>\n<meta property=\"og:locale\" content=\"pt_BR\" \/>\n<meta property=\"og:type\" content=\"article\" \/>\n<meta property=\"og:title\" content=\"Kayak por el Lago Moreno\" \/>\n<meta property=\"og:description\" content=\"Explor\u00e1 Bariloche con un tour en kayak por el Lago Moreno. Naturaleza, paisajes \u00fanicos y una experiencia segura e inolvidable en la Patagonia.\" \/>\n<meta property=\"og:url\" content=\"https:\/\/patagoniabooking.com\/pt\/product\/passeio-de-caiaque-no-lago-moreno-bariloche\/\" \/>\n<meta property=\"og:site_name\" content=\"Patagonia Booking\" \/>\n<meta property=\"article:modified_time\" content=\"2026-04-08T19:32:43+00:00\" \/>\n<meta property=\"og:image\" content=\"https:\/\/patagoniabooking.com\/wp-content\/uploads\/sites\/2\/2025\/06\/4-D-IMG_5652-copia.jpg\" \/>\n\t<meta property=\"og:image:width\" content=\"992\" \/>\n\t<meta property=\"og:image:height\" content=\"1323\" \/>\n\t<meta property=\"og:image:type\" content=\"image\/jpeg\" \/>\n<meta name=\"twitter:card\" content=\"summary_large_image\" \/>\n<meta name=\"twitter:label1\" content=\"Pre\u00e7o\" \/>\n\t<meta name=\"twitter:data1\" content=\"&#036;107,400.00\" \/>\n\t<meta name=\"twitter:label2\" content=\"Disponibilidade\" \/>\n\t<meta name=\"twitter:data2\" content=\"Em Estoque\" \/>\n<script type=\"application\/ld+json\" class=\"yoast-schema-graph\">{\"@context\":\"https:\/\/schema.org\",\"@graph\":[{\"@type\":\"WebPage\",\"@id\":\"https:\/\/patagoniabooking.com\/product\/tour-kayak-lago-moreno-bariloche\/\",\"url\":\"https:\/\/patagoniabooking.com\/product\/tour-kayak-lago-moreno-bariloche\/\",\"name\":\"Kayak por el Lago Moreno en Bariloche | Patagonia Booking\",\"isPartOf\":{\"@id\":\"https:\/\/patagoniabooking.com\/#website\"},\"primaryImageOfPage\":{\"@id\":\"https:\/\/patagoniabooking.com\/product\/tour-kayak-lago-moreno-bariloche\/#primaryimage\"},\"image\":{\"@id\":\"https:\/\/patagoniabooking.com\/product\/tour-kayak-lago-moreno-bariloche\/#primaryimage\"},\"thumbnailUrl\":\"https:\/\/patagoniabooking.com\/wp-content\/uploads\/sites\/2\/2025\/06\/4-D-IMG_5652-copia.jpg\",\"datePublished\":\"2025-06-12T13:35:39+00:00\",\"dateModified\":\"2026-04-08T19:32:43+00:00\",\"description\":\"Explor\u00e1 Bariloche con un tour en kayak por el Lago Moreno. Naturaleza, paisajes \u00fanicos y una experiencia segura e inolvidable en la Patagonia.\",\"breadcrumb\":{\"@id\":\"https:\/\/patagoniabooking.com\/product\/tour-kayak-lago-moreno-bariloche\/#breadcrumb\"},\"inLanguage\":\"pt-BR\",\"potentialAction\":[{\"@type\":\"ReadAction\",\"target\":[\"https:\/\/patagoniabooking.com\/product\/tour-kayak-lago-moreno-bariloche\/\"]}]},{\"@type\":\"ImageObject\",\"inLanguage\":\"pt-BR\",\"@id\":\"https:\/\/patagoniabooking.com\/product\/tour-kayak-lago-moreno-bariloche\/#primaryimage\",\"url\":\"https:\/\/patagoniabooking.com\/wp-content\/uploads\/sites\/2\/2025\/06\/4-D-IMG_5652-copia.jpg\",\"contentUrl\":\"https:\/\/patagoniabooking.com\/wp-content\/uploads\/sites\/2\/2025\/06\/4-D-IMG_5652-copia.jpg\",\"width\":992,\"height\":1323},{\"@type\":\"BreadcrumbList\",\"@id\":\"https:\/\/patagoniabooking.com\/product\/tour-kayak-lago-moreno-bariloche\/#breadcrumb\",\"itemListElement\":[{\"@type\":\"ListItem\",\"position\":1,\"name\":\"Inicio\",\"item\":\"https:\/\/patagoniabooking.com\/\"},{\"@type\":\"ListItem\",\"position\":2,\"name\":\"Lista de excursiones\",\"item\":\"https:\/\/patagoniabooking.com\/shop\/\"},{\"@type\":\"ListItem\",\"position\":3,\"name\":\"Kayak por el Lago Moreno\"}]},{\"@type\":\"WebSite\",\"@id\":\"https:\/\/patagoniabooking.com\/#website\",\"url\":\"https:\/\/patagoniabooking.com\/\",\"name\":\"Patagonia Booking\",\"description\":\"\",\"publisher\":{\"@id\":\"https:\/\/patagoniabooking.com\/#organization\"},\"potentialAction\":[{\"@type\":\"SearchAction\",\"target\":{\"@type\":\"EntryPoint\",\"urlTemplate\":\"https:\/\/patagoniabooking.com\/?s={search_term_string}\"},\"query-input\":{\"@type\":\"PropertyValueSpecification\",\"valueRequired\":true,\"valueName\":\"search_term_string\"}}],\"inLanguage\":\"pt-BR\"},{\"@type\":\"Organization\",\"@id\":\"https:\/\/patagoniabooking.com\/#organization\",\"name\":\"Patagonia Booking\",\"url\":\"https:\/\/patagoniabooking.com\/\",\"logo\":{\"@type\":\"ImageObject\",\"inLanguage\":\"pt-BR\",\"@id\":\"https:\/\/patagoniabooking.com\/#\/schema\/logo\/image\/\",\"url\":\"https:\/\/patagoniabooking.com\/wp-content\/uploads\/sites\/2\/2025\/06\/logo-patagonia-booking.png\",\"contentUrl\":\"https:\/\/patagoniabooking.com\/wp-content\/uploads\/sites\/2\/2025\/06\/logo-patagonia-booking.png\",\"width\":80,\"height\":80,\"caption\":\"Patagonia Booking\"},\"image\":{\"@id\":\"https:\/\/patagoniabooking.com\/#\/schema\/logo\/image\/\"}}]}<\/script>\n<meta property=\"product:price:amount\" content=\"107400.00\" \/>\n<meta property=\"product:price:currency\" content=\"ARS\" \/>\n<meta property=\"og:availability\" content=\"instock\" \/>\n<meta property=\"product:availability\" content=\"instock\" \/>\n<meta property=\"product:retailer_item_id\" content=\"ADV2025TRENKAH9J5\" \/>\n<meta property=\"product:condition\" content=\"new\" \/>\n<!-- \/ Yoast SEO Premium plugin. -->","yoast_head_json":{"title":"Caiaque no Lago Moreno em Bariloche | Patag\u00f4nia Booking","description":"Explore Bariloche com um passeio de caiaque no Lago Moreno. Natureza, paisagens \u00fanicas e uma experi\u00eancia segura e inesquec\u00edvel na Patag\u00f4nia.","robots":{"index":"index","follow":"follow","max-snippet":"max-snippet:-1","max-image-preview":"max-image-preview:large","max-video-preview":"max-video-preview:-1"},"canonical":"https:\/\/patagoniabooking.com\/pt\/product\/passeio-de-caiaque-no-lago-moreno-bariloche\/","og_locale":"pt_BR","og_type":"article","og_title":"Kayak por el Lago Moreno","og_description":"Explor\u00e1 Bariloche con un tour en kayak por el Lago Moreno. Naturaleza, paisajes \u00fanicos y una experiencia segura e inolvidable en la Patagonia.","og_url":"https:\/\/patagoniabooking.com\/pt\/product\/passeio-de-caiaque-no-lago-moreno-bariloche\/","og_site_name":"Patagonia Booking","article_modified_time":"2026-04-08T19:32:43+00:00","og_image":[{"width":992,"height":1323,"url":"https:\/\/patagoniabooking.com\/wp-content\/uploads\/sites\/2\/2025\/06\/4-D-IMG_5652-copia.jpg","type":"image\/jpeg"}],"twitter_card":"summary_large_image","twitter_misc":{"Pre\u00e7o":"&#36;107,400.00","Disponibilidade":"Em Estoque"},"schema":{"@context":"https:\/\/schema.org","@graph":[{"@type":"WebPage","@id":"https:\/\/patagoniabooking.com\/product\/tour-kayak-lago-moreno-bariloche\/","url":"https:\/\/patagoniabooking.com\/product\/tour-kayak-lago-moreno-bariloche\/","name":"Caiaque no Lago Moreno em Bariloche | Patag\u00f4nia Booking","isPartOf":{"@id":"https:\/\/patagoniabooking.com\/#website"},"primaryImageOfPage":{"@id":"https:\/\/patagoniabooking.com\/product\/tour-kayak-lago-moreno-bariloche\/#primaryimage"},"image":{"@id":"https:\/\/patagoniabooking.com\/product\/tour-kayak-lago-moreno-bariloche\/#primaryimage"},"thumbnailUrl":"https:\/\/patagoniabooking.com\/wp-content\/uploads\/sites\/2\/2025\/06\/4-D-IMG_5652-copia.jpg","datePublished":"2025-06-12T13:35:39+00:00","dateModified":"2026-04-08T19:32:43+00:00","description":"Explore Bariloche com um passeio de caiaque no Lago Moreno. Natureza, paisagens \u00fanicas e uma experi\u00eancia segura e inesquec\u00edvel na Patag\u00f4nia.","breadcrumb":{"@id":"https:\/\/patagoniabooking.com\/product\/tour-kayak-lago-moreno-bariloche\/#breadcrumb"},"inLanguage":"pt-BR","potentialAction":[{"@type":"ReadAction","target":["https:\/\/patagoniabooking.com\/product\/tour-kayak-lago-moreno-bariloche\/"]}]},{"@type":"ImageObject","inLanguage":"pt-BR","@id":"https:\/\/patagoniabooking.com\/product\/tour-kayak-lago-moreno-bariloche\/#primaryimage","url":"https:\/\/patagoniabooking.com\/wp-content\/uploads\/sites\/2\/2025\/06\/4-D-IMG_5652-copia.jpg","contentUrl":"https:\/\/patagoniabooking.com\/wp-content\/uploads\/sites\/2\/2025\/06\/4-D-IMG_5652-copia.jpg","width":992,"height":1323},{"@type":"BreadcrumbList","@id":"https:\/\/patagoniabooking.com\/product\/tour-kayak-lago-moreno-bariloche\/#breadcrumb","itemListElement":[{"@type":"ListItem","position":1,"name":"Inicio","item":"https:\/\/patagoniabooking.com\/"},{"@type":"ListItem","position":2,"name":"Lista de excursiones","item":"https:\/\/patagoniabooking.com\/shop\/"},{"@type":"ListItem","position":3,"name":"Kayak por el Lago Moreno"}]},{"@type":"WebSite","@id":"https:\/\/patagoniabooking.com\/#website","url":"https:\/\/patagoniabooking.com\/","name":"Reservas para a Patag\u00f4nia","description":"","publisher":{"@id":"https:\/\/patagoniabooking.com\/#organization"},"potentialAction":[{"@type":"SearchAction","target":{"@type":"EntryPoint","urlTemplate":"https:\/\/patagoniabooking.com\/?s={search_term_string}"},"query-input":{"@type":"PropertyValueSpecification","valueRequired":true,"valueName":"search_term_string"}}],"inLanguage":"pt-BR"},{"@type":"Organization","@id":"https:\/\/patagoniabooking.com\/#organization","name":"Reservas para a Patag\u00f4nia","url":"https:\/\/patagoniabooking.com\/","logo":{"@type":"ImageObject","inLanguage":"pt-BR","@id":"https:\/\/patagoniabooking.com\/#\/schema\/logo\/image\/","url":"https:\/\/patagoniabooking.com\/wp-content\/uploads\/sites\/2\/2025\/06\/logo-patagonia-booking.png","contentUrl":"https:\/\/patagoniabooking.com\/wp-content\/uploads\/sites\/2\/2025\/06\/logo-patagonia-booking.png","width":80,"height":80,"caption":"Patagonia Booking"},"image":{"@id":"https:\/\/patagoniabooking.com\/#\/schema\/logo\/image\/"}}]},"product_price_amount":"107400.00","product_price_currency":"ARS","og_availability":"instock","product_availability":"instock","product_retailer_item_id":"ADV2025TRENKAH9J5","product_condition":"new"},"_links":{"self":[{"href":"https:\/\/patagoniabooking.com\/pt\/wp-json\/wp\/v2\/product\/34","targetHints":{"allow":["GET"]}}],"collection":[{"href":"https:\/\/patagoniabooking.com\/pt\/wp-json\/wp\/v2\/product"}],"about":[{"href":"https:\/\/patagoniabooking.com\/pt\/wp-json\/wp\/v2\/types\/product"}],"replies":[{"embeddable":true,"href":"https:\/\/patagoniabooking.com\/pt\/wp-json\/wp\/v2\/comments?post=34"}],"wp:featuredmedia":[{"embeddable":true,"href":"https:\/\/patagoniabooking.com\/pt\/wp-json\/wp\/v2\/media\/377820"}],"wp:attachment":[{"href":"https:\/\/patagoniabooking.com\/pt\/wp-json\/wp\/v2\/media?parent=34"}],"wp:term":[{"taxonomy":"product_brand","embeddable":true,"href":"https:\/\/patagoniabooking.com\/pt\/wp-json\/wp\/v2\/product_brand?post=34"},{"taxonomy":"product_cat","embeddable":true,"href":"https:\/\/patagoniabooking.com\/pt\/wp-json\/wp\/v2\/product_cat?post=34"},{"taxonomy":"product_tag","embeddable":true,"href":"https:\/\/patagoniabooking.com\/pt\/wp-json\/wp\/v2\/product_tag?post=34"}],"curies":[{"name":"wp","href":"https:\/\/api.w.org\/{rel}","templated":true}]}}