{"id":33,"date":"2025-06-12T10:35:10","date_gmt":"2025-06-12T13:35:10","guid":{"rendered":"https:\/\/patagoniabooking.shop\/product\/rafting-al-limite-con-chile-sin-traslado\/"},"modified":"2026-04-10T11:27:09","modified_gmt":"2026-04-10T14:27:09","slug":"reserva-tu-aventura-hasta-chile-rapidos-del-manso-sin-traslado","status":"publish","type":"product","link":"https:\/\/patagoniabooking.com\/pt\/product\/reserve-sua-aventura-no-chile-rapidos-del-manso-sem-traslado\/","title":{"rendered":"Reserve sua aventura no Chile - Corredeiras do Manso sem traslado"},"content":{"rendered":"<h2 class=\"ai-optimize-6\">Aventura fluvial na fronteira com o Chile<\/h2>\n<p class=\"ai-optimize-7 ai-optimize-introduction\">Venha e experimente um <strong>Dia vibrante de rafting<\/strong> que o far\u00e1 mergulhar na mais pura natureza. Essa travessia real\u00e7a o imponente Rio Manso, onde as vertiginosas corredeiras de classe <strong>3 y 4<\/strong> O carro de turismo da empresa, o carro de turismo da empresa e o carro de turismo da empresa, definem o ritmo, guiando-o at\u00e9 a fronteira com o Chile.<\/p>\n<h3 class=\"ai-optimize-8\">In\u00edcio da aventura<\/h3>\n<p class=\"ai-optimize-9\">O dia come\u00e7a em nosso ponto de encontro pr\u00e9-agendado. De l\u00e1, partimos para o parador. Tudo est\u00e1 inclu\u00eddo, sem custo adicional. Antes de zarpar, nossos guias especializados lhe dar\u00e3o o equipamento essencial - neoprene, capacete e colete salva-vidas - com foco total em sua tranquilidade e prote\u00e7\u00e3o.<\/p>\n<h3 class=\"ai-optimize-10\">Descida do rio Manso<\/h3>\n<ul>\n<li class=\"ai-optimize-11\"><strong>Rota:<\/strong> Mais de <strong>10 km<\/strong> remando pelo rio Manso, com uma dura\u00e7\u00e3o estimada de <strong>2 horas<\/strong>.<\/li>\n<li class=\"ai-optimize-12\"><strong>Adrenalina:<\/strong> Passe por corredeiras de n\u00edvel emocionante <strong>III\/IV<\/strong>.<\/li>\n<li class=\"ai-optimize-13\">Quando chegarmos \u00e0 fronteira com o Chile, organizaremos o retorno ao ponto de partida.<\/li>\n<\/ul>\n<h3 class=\"ai-optimize-14\">Op\u00e7\u00f5es de refei\u00e7\u00f5es<\/h3>\n<p class=\"ai-optimize-15\">No final da experi\u00eancia, voc\u00ea pode ficar para almo\u00e7ar no Parador. O almo\u00e7o \u00e9 opcional e n\u00e3o est\u00e1 inclu\u00eddo, mas h\u00e1 propostas de <strong>churrasco<\/strong>, <strong>massa<\/strong> ou saladas, que devem ser pagas separadamente.<\/p>\n<h3 class=\"ai-optimize-16\">Recomenda\u00e7\u00f5es para viver ao m\u00e1ximo<\/h3>\n<ul>\n<li class=\"ai-optimize-17\">Ideal para <strong>jovens e adultos<\/strong> de <strong>14 anos<\/strong> em diante.<\/li>\n<li class=\"ai-optimize-18\">Sugerimos que voc\u00ea traga <strong>toalha<\/strong> e roupas secas adicionais para depois do rafting.<\/li>\n<\/ul>\n<h3 class=\"ai-optimize-19\">Detalhes da vers\u00e3o sem transfer\u00eancia<\/h3>\n<p class=\"ai-optimize-20\">Se voc\u00ea preferir a modalidade sem traslado, a reuni\u00e3o ser\u00e1 diretamente em nosso Parador no <strong data-start=\"372\" data-end=\"389\">Base Villegas<\/strong>, no <strong data-start=\"400\" data-end=\"417\">Ruta 83, Km 1, San Carlos de Bariloche, R\u00edo Negro.<\/strong>.<br data-start=\"418\" data-end=\"421\" \/>\ud83d\udccdVer mapa: <a class=\"\" href=\"https:\/\/maps.app.goo.gl\/NqbsUN6VB5Fnt7hVA\" target=\"_new\" rel=\"noopener\" data-start=\"449\" data-end=\"535\">https:\/\/maps.app.goo.gl\/NqbsUN6VB5Fnt7hVA<\/a><\/p>\n<h3 class=\"ai-optimize-21\">Tudo o que voc\u00ea precisa saber<\/h3>\n<ul>\n<li class=\"ai-optimize-22\"><strong>Hor\u00e1rio:<\/strong> De <strong>9:00 a.m. \u00e0s 6:00 p.m.<\/strong> aproximadamente.<\/li>\n<li class=\"ai-optimize-23\"><strong>Ele inclui:<\/strong> Rafting e equipamentos fornecidos (neoprene, colete salva-vidas, jaqueta imperme\u00e1vel, sapatos de neoprene, remo e capacete).<\/li>\n<li class=\"ai-optimize-24\"><strong>N\u00e3o inclu\u00eddo:<\/strong> Traslado, pick-up na acomoda\u00e7\u00e3o, almo\u00e7o e caf\u00e9 da manh\u00e3.<\/li>\n<\/ul>\n<h2 class=\"ai-optimize-25\">Perguntas frequentes<\/h2>\n<ul>\n<li class=\"ai-optimize-26\"><strong>Qual \u00e9 a idade m\u00ednima exigida?<\/strong><br \/>\nA atividade \u00e9 adequada para crian\u00e7as com 14 anos ou mais.<\/li>\n<li class=\"ai-optimize-27\"><strong>Quais elementos est\u00e3o inclu\u00eddos no equipamento?<\/strong><br \/>\nFornecemos roupas de mergulho, coletes salva-vidas, capacetes, botas e remos.<\/li>\n<li class=\"ai-optimize-28\"><strong>O almo\u00e7o est\u00e1 inclu\u00eddo no pre\u00e7o?<\/strong><br \/>\nN\u00e3o, o almo\u00e7o \u00e9 adicional; voc\u00ea poder\u00e1 escolher entre v\u00e1rias op\u00e7\u00f5es por um custo extra.<\/li>\n<li class=\"ai-optimize-29\"><strong>Onde est\u00e1 localizado o ponto de encontro?<\/strong><br \/>\nSe voc\u00ea escolher a alternativa sem transfer\u00eancia, esperamos v\u00ea-lo no <strong data-start=\"372\" data-end=\"389\">Base Villegas<\/strong>, no <strong data-start=\"400\" data-end=\"417\">Ruta 83, Km 1, San Carlos de Bariloche, R\u00edo Negro.<br \/>\nConsulte o Google Maps: <a class=\"\" href=\"https:\/\/maps.app.goo.gl\/NqbsUN6VB5Fnt7hVA\" target=\"_new\" rel=\"noopener\" data-start=\"449\" data-end=\"535\">https:\/\/maps.app.goo.gl\/NqbsUN6VB5Fnt7hVA<\/a><br \/>\n<\/strong><\/li>\n<\/ul>\n<p class=\"ai-optimize-22\"><strong>Aviso importante<\/strong>Esse passeio est\u00e1 dispon\u00edvel no momento e tem sa\u00eddas at\u00e9 30 de abril, de acordo com o calend\u00e1rio operacional.<\/p>","protected":false},"excerpt":{"rendered":"<p class=\"ai-optimize-6\">Viva a experi\u00eancia de remar no Rio Manso sem se preocupar com traslados. Recomendado para maiores de 14 anos, esse programa combina a\u00e7\u00e3o, natureza e vistas incr\u00edveis.<\/p>","protected":false},"featured_media":377822,"comment_status":"open","ping_status":"closed","template":"","meta":[],"product_brand":[],"product_cat":[26,28,31,38,40,42,43,48],"product_tag":[],"class_list":{"0":"post-33","1":"product","2":"type-product","3":"status-publish","4":"has-post-thumbnail","6":"product_cat-adultos","7":"product_cat-aventura","8":"product_cat-familia","9":"product_cat-otono","10":"product_cat-primavera","11":"product_cat-sin-comida","12":"product_cat-sin-traslado","13":"product_cat-verano","15":"first","16":"instock","17":"virtual","18":"sold-individually","19":"purchasable","20":"product-type-booking"},"booking_location":"","booking_location_type":"","booking_duration":1,"booking_duration_unit":"hour","booking_buffer":0,"booking_cost":0,"booking_resources":[],"exclude_global_add_ons":false,"addons":[{"name":"ADU: Adulto","type":"input_multiplier","position":0,"required":false,"title_format":"label","default":"","description_enable":false,"description":"","placeholder_enable":false,"placeholder":"","display":"select","restrictions_type":"any_text","adjust_price":true,"price":"140400","price_type":"quantity_based","restrictions":false,"min":"0","max":"0","options":[],"id":1773236380},{"name":"EXTRA: acompanhante","type":"input_multiplier","position":1,"required":false,"title_format":"label","default":"","description_enable":false,"description":"","placeholder_enable":false,"placeholder":"","display":"select","restrictions_type":"any_text","adjust_price":true,"price":"70200","price_type":"quantity_based","restrictions":false,"min":"0","max":"0","options":[],"id":1773236381},{"name":"MEN1418 | de 14 a 18","type":"input_multiplier","position":2,"required":false,"title_format":"label","default":"","description_enable":false,"description":"","placeholder_enable":false,"placeholder":"","display":"select","restrictions_type":"any_text","adjust_price":true,"price":"140400","price_type":"quantity_based","restrictions":false,"min":"0","max":"0","options":[],"id":1773236382}],"yoast_head":"<!-- This site is optimized with the Yoast SEO Premium plugin v25.2 (Yoast SEO v25.2) - https:\/\/yoast.com\/wordpress\/plugins\/seo\/ -->\n<title>Reserva tu Aventura hasta Chile \u2013 R\u00e1pidos del Manso Sin Traslado - Patagonia Booking<\/title>\n<meta name=\"description\" content=\"Explor\u00e1 el R\u00edo Manso hasta la frontera con Chile. Presentate en Base Villegas, equipo incluido, gu\u00edas expertos y confirmaci\u00f3n inmediata.\" \/>\n<meta name=\"robots\" content=\"index, follow, max-snippet:-1, max-image-preview:large, max-video-preview:-1\" \/>\n<link rel=\"canonical\" href=\"https:\/\/patagoniabooking.com\/pt\/product\/reserve-sua-aventura-no-chile-rapidos-del-manso-sem-traslado\/\" \/>\n<meta property=\"og:locale\" content=\"pt_BR\" \/>\n<meta property=\"og:type\" content=\"article\" \/>\n<meta property=\"og:title\" content=\"Reserva tu Aventura hasta Chile \u2013 R\u00e1pidos del Manso Sin Traslado\" \/>\n<meta property=\"og:description\" content=\"Explor\u00e1 el R\u00edo Manso hasta la frontera con Chile. Presentate en Base Villegas, equipo incluido, gu\u00edas expertos y confirmaci\u00f3n inmediata.\" \/>\n<meta property=\"og:url\" content=\"https:\/\/patagoniabooking.com\/pt\/product\/reserve-sua-aventura-no-chile-rapidos-del-manso-sem-traslado\/\" \/>\n<meta property=\"og:site_name\" content=\"Patagonia Booking\" \/>\n<meta property=\"article:modified_time\" content=\"2026-04-10T14:27:09+00:00\" \/>\n<meta property=\"og:image\" content=\"https:\/\/patagoniabooking.com\/wp-content\/uploads\/sites\/2\/2025\/06\/4-A-copia.jpg\" \/>\n\t<meta property=\"og:image:width\" content=\"992\" \/>\n\t<meta property=\"og:image:height\" content=\"1323\" \/>\n\t<meta property=\"og:image:type\" content=\"image\/jpeg\" \/>\n<meta name=\"twitter:card\" content=\"summary_large_image\" \/>\n<meta name=\"twitter:label1\" content=\"Pre\u00e7o\" \/>\n\t<meta name=\"twitter:data1\" content=\"&#036;140,400.00\" \/>\n\t<meta name=\"twitter:label2\" content=\"Disponibilidade\" \/>\n\t<meta name=\"twitter:data2\" content=\"Em Estoque\" \/>\n<script type=\"application\/ld+json\" class=\"yoast-schema-graph\">{\"@context\":\"https:\/\/schema.org\",\"@graph\":[{\"@type\":\"WebPage\",\"@id\":\"https:\/\/patagoniabooking.com\/product\/reserva-tu-aventura-hasta-chile-rapidos-del-manso-sin-traslado\/\",\"url\":\"https:\/\/patagoniabooking.com\/product\/reserva-tu-aventura-hasta-chile-rapidos-del-manso-sin-traslado\/\",\"name\":\"Reserva tu Aventura hasta Chile \u2013 R\u00e1pidos del Manso Sin Traslado - Patagonia Booking\",\"isPartOf\":{\"@id\":\"https:\/\/patagoniabooking.com\/#website\"},\"primaryImageOfPage\":{\"@id\":\"https:\/\/patagoniabooking.com\/product\/reserva-tu-aventura-hasta-chile-rapidos-del-manso-sin-traslado\/#primaryimage\"},\"image\":{\"@id\":\"https:\/\/patagoniabooking.com\/product\/reserva-tu-aventura-hasta-chile-rapidos-del-manso-sin-traslado\/#primaryimage\"},\"thumbnailUrl\":\"https:\/\/patagoniabooking.com\/wp-content\/uploads\/sites\/2\/2025\/06\/4-A-copia.jpg\",\"datePublished\":\"2025-06-12T13:35:10+00:00\",\"dateModified\":\"2026-04-10T14:27:09+00:00\",\"description\":\"Explor\u00e1 el R\u00edo Manso hasta la frontera con Chile. Presentate en Base Villegas, equipo incluido, gu\u00edas expertos y confirmaci\u00f3n inmediata.\",\"breadcrumb\":{\"@id\":\"https:\/\/patagoniabooking.com\/product\/reserva-tu-aventura-hasta-chile-rapidos-del-manso-sin-traslado\/#breadcrumb\"},\"inLanguage\":\"pt-BR\",\"potentialAction\":[{\"@type\":\"ReadAction\",\"target\":[\"https:\/\/patagoniabooking.com\/product\/reserva-tu-aventura-hasta-chile-rapidos-del-manso-sin-traslado\/\"]}]},{\"@type\":\"ImageObject\",\"inLanguage\":\"pt-BR\",\"@id\":\"https:\/\/patagoniabooking.com\/product\/reserva-tu-aventura-hasta-chile-rapidos-del-manso-sin-traslado\/#primaryimage\",\"url\":\"https:\/\/patagoniabooking.com\/wp-content\/uploads\/sites\/2\/2025\/06\/4-A-copia.jpg\",\"contentUrl\":\"https:\/\/patagoniabooking.com\/wp-content\/uploads\/sites\/2\/2025\/06\/4-A-copia.jpg\",\"width\":992,\"height\":1323},{\"@type\":\"BreadcrumbList\",\"@id\":\"https:\/\/patagoniabooking.com\/product\/reserva-tu-aventura-hasta-chile-rapidos-del-manso-sin-traslado\/#breadcrumb\",\"itemListElement\":[{\"@type\":\"ListItem\",\"position\":1,\"name\":\"Inicio\",\"item\":\"https:\/\/patagoniabooking.com\/\"},{\"@type\":\"ListItem\",\"position\":2,\"name\":\"Lista de excursiones\",\"item\":\"https:\/\/patagoniabooking.com\/shop\/\"},{\"@type\":\"ListItem\",\"position\":3,\"name\":\"Reserva tu Aventura hasta Chile \u2013 R\u00e1pidos del Manso Sin Traslado\"}]},{\"@type\":\"WebSite\",\"@id\":\"https:\/\/patagoniabooking.com\/#website\",\"url\":\"https:\/\/patagoniabooking.com\/\",\"name\":\"Patagonia Booking\",\"description\":\"\",\"publisher\":{\"@id\":\"https:\/\/patagoniabooking.com\/#organization\"},\"potentialAction\":[{\"@type\":\"SearchAction\",\"target\":{\"@type\":\"EntryPoint\",\"urlTemplate\":\"https:\/\/patagoniabooking.com\/?s={search_term_string}\"},\"query-input\":{\"@type\":\"PropertyValueSpecification\",\"valueRequired\":true,\"valueName\":\"search_term_string\"}}],\"inLanguage\":\"pt-BR\"},{\"@type\":\"Organization\",\"@id\":\"https:\/\/patagoniabooking.com\/#organization\",\"name\":\"Patagonia Booking\",\"url\":\"https:\/\/patagoniabooking.com\/\",\"logo\":{\"@type\":\"ImageObject\",\"inLanguage\":\"pt-BR\",\"@id\":\"https:\/\/patagoniabooking.com\/#\/schema\/logo\/image\/\",\"url\":\"https:\/\/patagoniabooking.com\/wp-content\/uploads\/sites\/2\/2025\/06\/logo-patagonia-booking.png\",\"contentUrl\":\"https:\/\/patagoniabooking.com\/wp-content\/uploads\/sites\/2\/2025\/06\/logo-patagonia-booking.png\",\"width\":80,\"height\":80,\"caption\":\"Patagonia Booking\"},\"image\":{\"@id\":\"https:\/\/patagoniabooking.com\/#\/schema\/logo\/image\/\"}}]}<\/script>\n<meta property=\"product:price:amount\" content=\"140400.00\" \/>\n<meta property=\"product:price:currency\" content=\"ARS\" \/>\n<meta property=\"og:availability\" content=\"instock\" \/>\n<meta property=\"product:availability\" content=\"instock\" \/>\n<meta property=\"product:retailer_item_id\" content=\"ADV2025RAALL\u00cd530P\" \/>\n<meta property=\"product:condition\" content=\"new\" \/>\n<!-- \/ Yoast SEO Premium plugin. -->","yoast_head_json":{"title":"Reserve sua aventura no Chile - Corredeiras do Manso sem traslado - Patag\u00f4nia Booking","description":"Explore o Rio Manso at\u00e9 a fronteira com o Chile. Apresente-se na Base Villegas, com equipamentos inclu\u00eddos, guias especializados e confirma\u00e7\u00e3o imediata.","robots":{"index":"index","follow":"follow","max-snippet":"max-snippet:-1","max-image-preview":"max-image-preview:large","max-video-preview":"max-video-preview:-1"},"canonical":"https:\/\/patagoniabooking.com\/pt\/product\/reserve-sua-aventura-no-chile-rapidos-del-manso-sem-traslado\/","og_locale":"pt_BR","og_type":"article","og_title":"Reserva tu Aventura hasta Chile \u2013 R\u00e1pidos del Manso Sin Traslado","og_description":"Explor\u00e1 el R\u00edo Manso hasta la frontera con Chile. Presentate en Base Villegas, equipo incluido, gu\u00edas expertos y confirmaci\u00f3n inmediata.","og_url":"https:\/\/patagoniabooking.com\/pt\/product\/reserve-sua-aventura-no-chile-rapidos-del-manso-sem-traslado\/","og_site_name":"Patagonia Booking","article_modified_time":"2026-04-10T14:27:09+00:00","og_image":[{"width":992,"height":1323,"url":"https:\/\/patagoniabooking.com\/wp-content\/uploads\/sites\/2\/2025\/06\/4-A-copia.jpg","type":"image\/jpeg"}],"twitter_card":"summary_large_image","twitter_misc":{"Pre\u00e7o":"&#36;140,400.00","Disponibilidade":"Em Estoque"},"schema":{"@context":"https:\/\/schema.org","@graph":[{"@type":"WebPage","@id":"https:\/\/patagoniabooking.com\/product\/reserva-tu-aventura-hasta-chile-rapidos-del-manso-sin-traslado\/","url":"https:\/\/patagoniabooking.com\/product\/reserva-tu-aventura-hasta-chile-rapidos-del-manso-sin-traslado\/","name":"Reserve sua aventura no Chile - Corredeiras do Manso sem traslado - Patag\u00f4nia Booking","isPartOf":{"@id":"https:\/\/patagoniabooking.com\/#website"},"primaryImageOfPage":{"@id":"https:\/\/patagoniabooking.com\/product\/reserva-tu-aventura-hasta-chile-rapidos-del-manso-sin-traslado\/#primaryimage"},"image":{"@id":"https:\/\/patagoniabooking.com\/product\/reserva-tu-aventura-hasta-chile-rapidos-del-manso-sin-traslado\/#primaryimage"},"thumbnailUrl":"https:\/\/patagoniabooking.com\/wp-content\/uploads\/sites\/2\/2025\/06\/4-A-copia.jpg","datePublished":"2025-06-12T13:35:10+00:00","dateModified":"2026-04-10T14:27:09+00:00","description":"Explore o Rio Manso at\u00e9 a fronteira com o Chile. Apresente-se na Base Villegas, com equipamentos inclu\u00eddos, guias especializados e confirma\u00e7\u00e3o imediata.","breadcrumb":{"@id":"https:\/\/patagoniabooking.com\/product\/reserva-tu-aventura-hasta-chile-rapidos-del-manso-sin-traslado\/#breadcrumb"},"inLanguage":"pt-BR","potentialAction":[{"@type":"ReadAction","target":["https:\/\/patagoniabooking.com\/product\/reserva-tu-aventura-hasta-chile-rapidos-del-manso-sin-traslado\/"]}]},{"@type":"ImageObject","inLanguage":"pt-BR","@id":"https:\/\/patagoniabooking.com\/product\/reserva-tu-aventura-hasta-chile-rapidos-del-manso-sin-traslado\/#primaryimage","url":"https:\/\/patagoniabooking.com\/wp-content\/uploads\/sites\/2\/2025\/06\/4-A-copia.jpg","contentUrl":"https:\/\/patagoniabooking.com\/wp-content\/uploads\/sites\/2\/2025\/06\/4-A-copia.jpg","width":992,"height":1323},{"@type":"BreadcrumbList","@id":"https:\/\/patagoniabooking.com\/product\/reserva-tu-aventura-hasta-chile-rapidos-del-manso-sin-traslado\/#breadcrumb","itemListElement":[{"@type":"ListItem","position":1,"name":"Inicio","item":"https:\/\/patagoniabooking.com\/"},{"@type":"ListItem","position":2,"name":"Lista de excursiones","item":"https:\/\/patagoniabooking.com\/shop\/"},{"@type":"ListItem","position":3,"name":"Reserva tu Aventura hasta Chile \u2013 R\u00e1pidos del Manso Sin Traslado"}]},{"@type":"WebSite","@id":"https:\/\/patagoniabooking.com\/#website","url":"https:\/\/patagoniabooking.com\/","name":"Reservas para a Patag\u00f4nia","description":"","publisher":{"@id":"https:\/\/patagoniabooking.com\/#organization"},"potentialAction":[{"@type":"SearchAction","target":{"@type":"EntryPoint","urlTemplate":"https:\/\/patagoniabooking.com\/?s={search_term_string}"},"query-input":{"@type":"PropertyValueSpecification","valueRequired":true,"valueName":"search_term_string"}}],"inLanguage":"pt-BR"},{"@type":"Organization","@id":"https:\/\/patagoniabooking.com\/#organization","name":"Reservas para a Patag\u00f4nia","url":"https:\/\/patagoniabooking.com\/","logo":{"@type":"ImageObject","inLanguage":"pt-BR","@id":"https:\/\/patagoniabooking.com\/#\/schema\/logo\/image\/","url":"https:\/\/patagoniabooking.com\/wp-content\/uploads\/sites\/2\/2025\/06\/logo-patagonia-booking.png","contentUrl":"https:\/\/patagoniabooking.com\/wp-content\/uploads\/sites\/2\/2025\/06\/logo-patagonia-booking.png","width":80,"height":80,"caption":"Patagonia Booking"},"image":{"@id":"https:\/\/patagoniabooking.com\/#\/schema\/logo\/image\/"}}]},"product_price_amount":"140400.00","product_price_currency":"ARS","og_availability":"instock","product_availability":"instock","product_retailer_item_id":"ADV2025RAALL\u00cd530P","product_condition":"new"},"_links":{"self":[{"href":"https:\/\/patagoniabooking.com\/pt\/wp-json\/wp\/v2\/product\/33","targetHints":{"allow":["GET"]}}],"collection":[{"href":"https:\/\/patagoniabooking.com\/pt\/wp-json\/wp\/v2\/product"}],"about":[{"href":"https:\/\/patagoniabooking.com\/pt\/wp-json\/wp\/v2\/types\/product"}],"replies":[{"embeddable":true,"href":"https:\/\/patagoniabooking.com\/pt\/wp-json\/wp\/v2\/comments?post=33"}],"wp:featuredmedia":[{"embeddable":true,"href":"https:\/\/patagoniabooking.com\/pt\/wp-json\/wp\/v2\/media\/377822"}],"wp:attachment":[{"href":"https:\/\/patagoniabooking.com\/pt\/wp-json\/wp\/v2\/media?parent=33"}],"wp:term":[{"taxonomy":"product_brand","embeddable":true,"href":"https:\/\/patagoniabooking.com\/pt\/wp-json\/wp\/v2\/product_brand?post=33"},{"taxonomy":"product_cat","embeddable":true,"href":"https:\/\/patagoniabooking.com\/pt\/wp-json\/wp\/v2\/product_cat?post=33"},{"taxonomy":"product_tag","embeddable":true,"href":"https:\/\/patagoniabooking.com\/pt\/wp-json\/wp\/v2\/product_tag?post=33"}],"curies":[{"name":"wp","href":"https:\/\/api.w.org\/{rel}","templated":true}]}}