{"id":32,"date":"2025-06-12T10:34:50","date_gmt":"2025-06-12T13:34:50","guid":{"rendered":"https:\/\/patagoniabooking.shop\/product\/rafting-al-limite-con-chile-con-traslado\/"},"modified":"2026-04-10T11:26:42","modified_gmt":"2026-04-10T14:26:42","slug":"reserva-tu-aventura-hasta-chile-rapidos-del-manso-con-traslado","status":"publish","type":"product","link":"https:\/\/patagoniabooking.com\/pt\/product\/reserve-sua-aventura-no-chile-rapidos-del-manso-com-traslado\/","title":{"rendered":"Reserve sua aventura no Chile - Corredeiras do Manso com traslado"},"content":{"rendered":"<h2 class=\"ai-optimize-6\">Experimente o Rafting no Rio Manso: Adrenalina e paisagens de outro n\u00edvel.<\/h2>\n<p class=\"ai-optimize-7 ai-optimize-introduction\">Venha e sinta a <strong>intensidade real do rafting<\/strong> e descobri o impressionante Rio Manso, um cen\u00e1rio que combina <strong>natureza imponente<\/strong> e desafio em sua forma mais pura. Esse circuito de rafting, com corredeiras de grau 3 e 4, leva voc\u00ea at\u00e9 o <strong>linha de fronteira com o Chile<\/strong>, As vistas o deixar\u00e3o sem palavras, oferecendo-lhe um momento repleto de emo\u00e7\u00f5es e paisagens que o deixar\u00e3o sem palavras.<\/p>\n<h3 class=\"ai-optimize-8\">Plano de atividades<\/h3>\n<ul>\n<li class=\"ai-optimize-9\"><strong>Hor\u00e1rios de partida:<\/strong> O plano come\u00e7a pontualmente \u00e0s 8:00 a.m. no centro de San Carlos de Bariloche.<\/li>\n<li class=\"ai-optimize-11\"><strong>Todos os equipamentos est\u00e3o inclu\u00eddos:<\/strong> Voc\u00ea receber\u00e1 trajes de neoprene, capacetes e coletes salva-vidas, garantidos e ajustados por nossos consultores especializados.<\/li>\n<li class=\"ai-optimize-12\"><strong>Dura\u00e7\u00e3o da aventura:<\/strong> Desafie as corredeiras em um trecho de 11 km, uma experi\u00eancia que leva aproximadamente 2 horas para ser conclu\u00edda.<\/li>\n<li class=\"ai-optimize-13\"><strong>Almo\u00e7o opcional:<\/strong> No final da remada, voc\u00ea tem a op\u00e7\u00e3o de compartilhar um churrasco ou v\u00e1rias saladas, por um custo extra.<\/li>\n<li class=\"ai-optimize-14\"><strong>Seguran\u00e7a m\u00e1xima:<\/strong> Caiaqueiros profissionais o acompanham durante todo o percurso para que voc\u00ea possa ir com calma e seguran\u00e7a.<\/li>\n<\/ul>\n<h3 class=\"ai-optimize-15\">Informa\u00e7\u00f5es essenciais<\/h3>\n<ul>\n<li class=\"ai-optimize-16\"><strong>N\u00e3o se esque\u00e7a:<\/strong> Traga uma toalha e roupas secas para depois.<\/li>\n<li class=\"ai-optimize-17\"><strong>Idade m\u00ednima:<\/strong> Essa proposta \u00e9 ideal para maiores de 14 anos de idade.<\/li>\n<\/ul>\n<h3 class=\"ai-optimize-18\">Hor\u00e1rios<\/h3>\n<p class=\"ai-optimize-19\">O dia come\u00e7a \u00e0s 8:00 e termina por volta das 18:00, um dia inteiro de pura aventura!<\/p>\n<h3 class=\"ai-optimize-20\">Inclui<\/h3>\n<ul>\n<li class=\"ai-optimize-21\">Dia inteiro de rafting.<\/li>\n<li class=\"ai-optimize-22\">Caf\u00e9 da manh\u00e3 completo.<\/li>\n<li class=\"ai-optimize-23\">Todo o equipamento: roupa de mergulho, colete de seguran\u00e7a, jaqueta imperme\u00e1vel, botas de neoprene, remos e capacetes.<\/li>\n<\/ul>\n<h3 class=\"ai-optimize-24\">Perguntas frequentes<\/h3>\n<h4 class=\"ai-optimize-25\">Posso levar acompanhantes que n\u00e3o estejam praticando artesanato?<\/h4>\n<p class=\"ai-optimize-26\">\u00c9 claro que seus acompanhantes podem aproveitar os arredores pagando apenas a taxa 50%, sem necessidade de entrar na balsa.<\/p>\n<p class=\"ai-optimize-25\"><strong>Aviso importante<\/strong>Esse passeio est\u00e1 dispon\u00edvel no momento e tem sa\u00eddas at\u00e9 30 de abril, de acordo com o calend\u00e1rio operacional.<\/p>","protected":false},"excerpt":{"rendered":"<p class=\"ai-optimize-6\">Eu vivi uma <strong>experi\u00eancia \u00fanica de rafting<\/strong> na fronteira com o Chile. Voc\u00ea atravessar\u00e1 as emocionantes corredeiras do <strong>Rio Manso<\/strong> Enquanto compartilha com a natureza, voc\u00ea recebe todo o equipamento necess\u00e1rio e \u00e9 acompanhado por um grupo de caiaqueiros especializados para m\u00e1xima seguran\u00e7a. Ideal para aqueles que desejam estar em contato total com o ambiente natural.<\/p>","protected":false},"featured_media":377825,"comment_status":"open","ping_status":"closed","template":"","meta":[],"product_brand":[],"product_cat":[26,28,30,31,38,40,42,48],"product_tag":[],"class_list":{"0":"post-32","1":"product","2":"type-product","3":"status-publish","4":"has-post-thumbnail","6":"product_cat-adultos","7":"product_cat-aventura","8":"product_cat-con-traslado","9":"product_cat-familia","10":"product_cat-otono","11":"product_cat-primavera","12":"product_cat-sin-comida","13":"product_cat-verano","15":"first","16":"instock","17":"virtual","18":"sold-individually","19":"purchasable","20":"product-type-booking"},"booking_location":"","booking_location_type":"","booking_duration":1,"booking_duration_unit":"hour","booking_buffer":0,"booking_cost":0,"booking_resources":[],"exclude_global_add_ons":false,"addons":[{"name":"ADU: Adulto","type":"input_multiplier","position":0,"required":false,"title_format":"label","default":"","description_enable":false,"description":"","placeholder_enable":false,"placeholder":"","display":"select","restrictions_type":"any_text","adjust_price":true,"price":"155400","price_type":"quantity_based","restrictions":false,"min":"0","max":"0","options":[],"id":1773236614},{"name":"EXTRA: acompanhante","type":"input_multiplier","position":1,"required":false,"title_format":"label","default":"","description_enable":false,"description":"","placeholder_enable":false,"placeholder":"","display":"select","restrictions_type":"any_text","adjust_price":true,"price":"77700","price_type":"quantity_based","restrictions":false,"min":"0","max":"0","options":[],"id":1773236615},{"name":"MEN1418 | de 14 a 18","type":"input_multiplier","position":2,"required":false,"title_format":"label","default":"","description_enable":false,"description":"","placeholder_enable":false,"placeholder":"","display":"select","restrictions_type":"any_text","adjust_price":true,"price":"155400","price_type":"quantity_based","restrictions":false,"min":"0","max":"0","options":[],"id":1773236616}],"yoast_head":"<!-- This site is optimized with the Yoast SEO Premium plugin v25.2 (Yoast SEO v25.2) - https:\/\/yoast.com\/wordpress\/plugins\/seo\/ -->\n<title>Reserva tu Aventura hasta Chile \u2013 R\u00e1pidos del Manso con Traslado - Patagonia Booking<\/title>\n<meta name=\"description\" content=\"Reserva online y navega hasta la frontera con Chile. R\u00e1pidos grado III y IV, traslado desde Bariloche, equipo inclu\u00eddo y gu\u00edas certificados.\" \/>\n<meta name=\"robots\" content=\"index, follow, max-snippet:-1, max-image-preview:large, max-video-preview:-1\" \/>\n<link rel=\"canonical\" href=\"https:\/\/patagoniabooking.com\/pt\/product\/reserve-sua-aventura-no-chile-rapidos-del-manso-com-traslado\/\" \/>\n<meta property=\"og:locale\" content=\"pt_BR\" \/>\n<meta property=\"og:type\" content=\"article\" \/>\n<meta property=\"og:title\" content=\"Reserva tu Aventura hasta Chile \u2013 R\u00e1pidos del Manso con Traslado\" \/>\n<meta property=\"og:description\" content=\"Reserva online y navega hasta la frontera con Chile. R\u00e1pidos grado III y IV, traslado desde Bariloche, equipo inclu\u00eddo y gu\u00edas certificados.\" \/>\n<meta property=\"og:url\" content=\"https:\/\/patagoniabooking.com\/pt\/product\/reserve-sua-aventura-no-chile-rapidos-del-manso-com-traslado\/\" \/>\n<meta property=\"og:site_name\" content=\"Patagonia Booking\" \/>\n<meta property=\"article:modified_time\" content=\"2026-04-10T14:26:42+00:00\" \/>\n<meta property=\"og:image\" content=\"https:\/\/patagoniabooking.com\/wp-content\/uploads\/sites\/2\/2025\/06\/4-D-RaftingAlLimiteconChile_image7_1140_1601674682-copia.jpg\" \/>\n\t<meta property=\"og:image:width\" content=\"992\" \/>\n\t<meta property=\"og:image:height\" content=\"1323\" \/>\n\t<meta property=\"og:image:type\" content=\"image\/jpeg\" \/>\n<meta name=\"twitter:card\" content=\"summary_large_image\" \/>\n<meta name=\"twitter:label1\" content=\"Pre\u00e7o\" \/>\n\t<meta name=\"twitter:data1\" content=\"&#036;155,400.00\" \/>\n\t<meta name=\"twitter:label2\" content=\"Disponibilidade\" \/>\n\t<meta name=\"twitter:data2\" content=\"Em Estoque\" \/>\n<script type=\"application\/ld+json\" class=\"yoast-schema-graph\">{\"@context\":\"https:\/\/schema.org\",\"@graph\":[{\"@type\":\"WebPage\",\"@id\":\"https:\/\/patagoniabooking.com\/product\/reserva-tu-aventura-hasta-chile-rapidos-del-manso-con-traslado\/\",\"url\":\"https:\/\/patagoniabooking.com\/product\/reserva-tu-aventura-hasta-chile-rapidos-del-manso-con-traslado\/\",\"name\":\"Reserva tu Aventura hasta Chile \u2013 R\u00e1pidos del Manso con Traslado - Patagonia Booking\",\"isPartOf\":{\"@id\":\"https:\/\/patagoniabooking.com\/#website\"},\"primaryImageOfPage\":{\"@id\":\"https:\/\/patagoniabooking.com\/product\/reserva-tu-aventura-hasta-chile-rapidos-del-manso-con-traslado\/#primaryimage\"},\"image\":{\"@id\":\"https:\/\/patagoniabooking.com\/product\/reserva-tu-aventura-hasta-chile-rapidos-del-manso-con-traslado\/#primaryimage\"},\"thumbnailUrl\":\"https:\/\/patagoniabooking.com\/wp-content\/uploads\/sites\/2\/2025\/06\/4-D-RaftingAlLimiteconChile_image7_1140_1601674682-copia.jpg\",\"datePublished\":\"2025-06-12T13:34:50+00:00\",\"dateModified\":\"2026-04-10T14:26:42+00:00\",\"description\":\"Reserva online y navega hasta la frontera con Chile. R\u00e1pidos grado III y IV, traslado desde Bariloche, equipo inclu\u00eddo y gu\u00edas certificados.\",\"breadcrumb\":{\"@id\":\"https:\/\/patagoniabooking.com\/product\/reserva-tu-aventura-hasta-chile-rapidos-del-manso-con-traslado\/#breadcrumb\"},\"inLanguage\":\"pt-BR\",\"potentialAction\":[{\"@type\":\"ReadAction\",\"target\":[\"https:\/\/patagoniabooking.com\/product\/reserva-tu-aventura-hasta-chile-rapidos-del-manso-con-traslado\/\"]}]},{\"@type\":\"ImageObject\",\"inLanguage\":\"pt-BR\",\"@id\":\"https:\/\/patagoniabooking.com\/product\/reserva-tu-aventura-hasta-chile-rapidos-del-manso-con-traslado\/#primaryimage\",\"url\":\"https:\/\/patagoniabooking.com\/wp-content\/uploads\/sites\/2\/2025\/06\/4-D-RaftingAlLimiteconChile_image7_1140_1601674682-copia.jpg\",\"contentUrl\":\"https:\/\/patagoniabooking.com\/wp-content\/uploads\/sites\/2\/2025\/06\/4-D-RaftingAlLimiteconChile_image7_1140_1601674682-copia.jpg\",\"width\":992,\"height\":1323},{\"@type\":\"BreadcrumbList\",\"@id\":\"https:\/\/patagoniabooking.com\/product\/reserva-tu-aventura-hasta-chile-rapidos-del-manso-con-traslado\/#breadcrumb\",\"itemListElement\":[{\"@type\":\"ListItem\",\"position\":1,\"name\":\"Inicio\",\"item\":\"https:\/\/patagoniabooking.com\/\"},{\"@type\":\"ListItem\",\"position\":2,\"name\":\"Lista de excursiones\",\"item\":\"https:\/\/patagoniabooking.com\/shop\/\"},{\"@type\":\"ListItem\",\"position\":3,\"name\":\"Reserva tu Aventura hasta Chile \u2013 R\u00e1pidos del Manso con Traslado\"}]},{\"@type\":\"WebSite\",\"@id\":\"https:\/\/patagoniabooking.com\/#website\",\"url\":\"https:\/\/patagoniabooking.com\/\",\"name\":\"Patagonia Booking\",\"description\":\"\",\"publisher\":{\"@id\":\"https:\/\/patagoniabooking.com\/#organization\"},\"potentialAction\":[{\"@type\":\"SearchAction\",\"target\":{\"@type\":\"EntryPoint\",\"urlTemplate\":\"https:\/\/patagoniabooking.com\/?s={search_term_string}\"},\"query-input\":{\"@type\":\"PropertyValueSpecification\",\"valueRequired\":true,\"valueName\":\"search_term_string\"}}],\"inLanguage\":\"pt-BR\"},{\"@type\":\"Organization\",\"@id\":\"https:\/\/patagoniabooking.com\/#organization\",\"name\":\"Patagonia Booking\",\"url\":\"https:\/\/patagoniabooking.com\/\",\"logo\":{\"@type\":\"ImageObject\",\"inLanguage\":\"pt-BR\",\"@id\":\"https:\/\/patagoniabooking.com\/#\/schema\/logo\/image\/\",\"url\":\"https:\/\/patagoniabooking.com\/wp-content\/uploads\/sites\/2\/2025\/06\/logo-patagonia-booking.png\",\"contentUrl\":\"https:\/\/patagoniabooking.com\/wp-content\/uploads\/sites\/2\/2025\/06\/logo-patagonia-booking.png\",\"width\":80,\"height\":80,\"caption\":\"Patagonia Booking\"},\"image\":{\"@id\":\"https:\/\/patagoniabooking.com\/#\/schema\/logo\/image\/\"}}]}<\/script>\n<meta property=\"product:price:amount\" content=\"155400.00\" \/>\n<meta property=\"product:price:currency\" content=\"ARS\" \/>\n<meta property=\"og:availability\" content=\"instock\" \/>\n<meta property=\"product:availability\" content=\"instock\" \/>\n<meta property=\"product:retailer_item_id\" content=\"ADV2025RAALL\u00cd7HIR\" \/>\n<meta property=\"product:condition\" content=\"new\" \/>\n<!-- \/ Yoast SEO Premium plugin. -->","yoast_head_json":{"title":"Reserve sua aventura no Chile - Corredeiras do Manso com traslado - Patag\u00f4nia Booking","description":"Reserve on-line e navegue at\u00e9 a fronteira com o Chile. Corredeiras de grau III e IV, traslado de Bariloche, equipamento inclu\u00eddo e guias certificados.","robots":{"index":"index","follow":"follow","max-snippet":"max-snippet:-1","max-image-preview":"max-image-preview:large","max-video-preview":"max-video-preview:-1"},"canonical":"https:\/\/patagoniabooking.com\/pt\/product\/reserve-sua-aventura-no-chile-rapidos-del-manso-com-traslado\/","og_locale":"pt_BR","og_type":"article","og_title":"Reserva tu Aventura hasta Chile \u2013 R\u00e1pidos del Manso con Traslado","og_description":"Reserva online y navega hasta la frontera con Chile. R\u00e1pidos grado III y IV, traslado desde Bariloche, equipo inclu\u00eddo y gu\u00edas certificados.","og_url":"https:\/\/patagoniabooking.com\/pt\/product\/reserve-sua-aventura-no-chile-rapidos-del-manso-com-traslado\/","og_site_name":"Patagonia Booking","article_modified_time":"2026-04-10T14:26:42+00:00","og_image":[{"width":992,"height":1323,"url":"https:\/\/patagoniabooking.com\/wp-content\/uploads\/sites\/2\/2025\/06\/4-D-RaftingAlLimiteconChile_image7_1140_1601674682-copia.jpg","type":"image\/jpeg"}],"twitter_card":"summary_large_image","twitter_misc":{"Pre\u00e7o":"&#36;155,400.00","Disponibilidade":"Em Estoque"},"schema":{"@context":"https:\/\/schema.org","@graph":[{"@type":"WebPage","@id":"https:\/\/patagoniabooking.com\/product\/reserva-tu-aventura-hasta-chile-rapidos-del-manso-con-traslado\/","url":"https:\/\/patagoniabooking.com\/product\/reserva-tu-aventura-hasta-chile-rapidos-del-manso-con-traslado\/","name":"Reserve sua aventura no Chile - Corredeiras do Manso com traslado - Patag\u00f4nia Booking","isPartOf":{"@id":"https:\/\/patagoniabooking.com\/#website"},"primaryImageOfPage":{"@id":"https:\/\/patagoniabooking.com\/product\/reserva-tu-aventura-hasta-chile-rapidos-del-manso-con-traslado\/#primaryimage"},"image":{"@id":"https:\/\/patagoniabooking.com\/product\/reserva-tu-aventura-hasta-chile-rapidos-del-manso-con-traslado\/#primaryimage"},"thumbnailUrl":"https:\/\/patagoniabooking.com\/wp-content\/uploads\/sites\/2\/2025\/06\/4-D-RaftingAlLimiteconChile_image7_1140_1601674682-copia.jpg","datePublished":"2025-06-12T13:34:50+00:00","dateModified":"2026-04-10T14:26:42+00:00","description":"Reserve on-line e navegue at\u00e9 a fronteira com o Chile. Corredeiras de grau III e IV, traslado de Bariloche, equipamento inclu\u00eddo e guias certificados.","breadcrumb":{"@id":"https:\/\/patagoniabooking.com\/product\/reserva-tu-aventura-hasta-chile-rapidos-del-manso-con-traslado\/#breadcrumb"},"inLanguage":"pt-BR","potentialAction":[{"@type":"ReadAction","target":["https:\/\/patagoniabooking.com\/product\/reserva-tu-aventura-hasta-chile-rapidos-del-manso-con-traslado\/"]}]},{"@type":"ImageObject","inLanguage":"pt-BR","@id":"https:\/\/patagoniabooking.com\/product\/reserva-tu-aventura-hasta-chile-rapidos-del-manso-con-traslado\/#primaryimage","url":"https:\/\/patagoniabooking.com\/wp-content\/uploads\/sites\/2\/2025\/06\/4-D-RaftingAlLimiteconChile_image7_1140_1601674682-copia.jpg","contentUrl":"https:\/\/patagoniabooking.com\/wp-content\/uploads\/sites\/2\/2025\/06\/4-D-RaftingAlLimiteconChile_image7_1140_1601674682-copia.jpg","width":992,"height":1323},{"@type":"BreadcrumbList","@id":"https:\/\/patagoniabooking.com\/product\/reserva-tu-aventura-hasta-chile-rapidos-del-manso-con-traslado\/#breadcrumb","itemListElement":[{"@type":"ListItem","position":1,"name":"Inicio","item":"https:\/\/patagoniabooking.com\/"},{"@type":"ListItem","position":2,"name":"Lista de excursiones","item":"https:\/\/patagoniabooking.com\/shop\/"},{"@type":"ListItem","position":3,"name":"Reserva tu Aventura hasta Chile \u2013 R\u00e1pidos del Manso con Traslado"}]},{"@type":"WebSite","@id":"https:\/\/patagoniabooking.com\/#website","url":"https:\/\/patagoniabooking.com\/","name":"Reservas para a Patag\u00f4nia","description":"","publisher":{"@id":"https:\/\/patagoniabooking.com\/#organization"},"potentialAction":[{"@type":"SearchAction","target":{"@type":"EntryPoint","urlTemplate":"https:\/\/patagoniabooking.com\/?s={search_term_string}"},"query-input":{"@type":"PropertyValueSpecification","valueRequired":true,"valueName":"search_term_string"}}],"inLanguage":"pt-BR"},{"@type":"Organization","@id":"https:\/\/patagoniabooking.com\/#organization","name":"Reservas para a Patag\u00f4nia","url":"https:\/\/patagoniabooking.com\/","logo":{"@type":"ImageObject","inLanguage":"pt-BR","@id":"https:\/\/patagoniabooking.com\/#\/schema\/logo\/image\/","url":"https:\/\/patagoniabooking.com\/wp-content\/uploads\/sites\/2\/2025\/06\/logo-patagonia-booking.png","contentUrl":"https:\/\/patagoniabooking.com\/wp-content\/uploads\/sites\/2\/2025\/06\/logo-patagonia-booking.png","width":80,"height":80,"caption":"Patagonia Booking"},"image":{"@id":"https:\/\/patagoniabooking.com\/#\/schema\/logo\/image\/"}}]},"product_price_amount":"155400.00","product_price_currency":"ARS","og_availability":"instock","product_availability":"instock","product_retailer_item_id":"ADV2025RAALL\u00cd7HIR","product_condition":"new"},"_links":{"self":[{"href":"https:\/\/patagoniabooking.com\/pt\/wp-json\/wp\/v2\/product\/32","targetHints":{"allow":["GET"]}}],"collection":[{"href":"https:\/\/patagoniabooking.com\/pt\/wp-json\/wp\/v2\/product"}],"about":[{"href":"https:\/\/patagoniabooking.com\/pt\/wp-json\/wp\/v2\/types\/product"}],"replies":[{"embeddable":true,"href":"https:\/\/patagoniabooking.com\/pt\/wp-json\/wp\/v2\/comments?post=32"}],"wp:featuredmedia":[{"embeddable":true,"href":"https:\/\/patagoniabooking.com\/pt\/wp-json\/wp\/v2\/media\/377825"}],"wp:attachment":[{"href":"https:\/\/patagoniabooking.com\/pt\/wp-json\/wp\/v2\/media?parent=32"}],"wp:term":[{"taxonomy":"product_brand","embeddable":true,"href":"https:\/\/patagoniabooking.com\/pt\/wp-json\/wp\/v2\/product_brand?post=32"},{"taxonomy":"product_cat","embeddable":true,"href":"https:\/\/patagoniabooking.com\/pt\/wp-json\/wp\/v2\/product_cat?post=32"},{"taxonomy":"product_tag","embeddable":true,"href":"https:\/\/patagoniabooking.com\/pt\/wp-json\/wp\/v2\/product_tag?post=32"}],"curies":[{"name":"wp","href":"https:\/\/api.w.org\/{rel}","templated":true}]}}