{"id":31,"date":"2025-06-12T10:34:25","date_gmt":"2025-06-12T13:34:25","guid":{"rendered":"https:\/\/patagoniabooking.shop\/product\/rafting-light-en-el-rio-manso-sin-traslado\/"},"modified":"2026-04-10T11:26:21","modified_gmt":"2026-04-10T14:26:21","slug":"rafting-rio-manso-sin-traslado-bariloche","status":"publish","type":"product","link":"https:\/\/patagoniabooking.com\/pt\/product\/rafting-no-rio-manso-sem-traslado-bariloche\/","title":{"rendered":"Explore o rio Manso - Rafting f\u00e1cil com reserva on-line imediata - sem traslado"},"content":{"rendered":"<h2 class=\"ai-optimize-6\">Viva a aventura em fam\u00edlia no rio Manso<\/h2>\n<p class=\"ai-optimize-7 ai-optimize-introduction\">Junte-se a n\u00f3s para uma experi\u00eancia inesquec\u00edvel escolhendo nosso <strong>Rafting suave no rio Manso<\/strong>, projetado especialmente para ser compartilhado com a fam\u00edlia. Esse passeio de rafting foi criado para ser simples e confi\u00e1vel, ideal para crian\u00e7as a partir de 5 anos de idade. As corredeiras calmas, de n\u00edvel 1 e 2, garantem divers\u00e3o com total seguran\u00e7a, sendo uma \u00f3tima op\u00e7\u00e3o para quem \u00e9 iniciante no rafting ou para quem busca se conectar com a natureza e relaxar de verdade.<\/p>\n<h3 class=\"ai-optimize-8\">Dados de experi\u00eancia<\/h3>\n<ul>\n<li class=\"ai-optimize-9\"><strong>Dura\u00e7\u00e3o:<\/strong> Vivi 90 minutos de pura alegria e adrenalina.<\/li>\n<li class=\"ai-optimize-10\"><strong>Rota:<\/strong> Descubra 40 km de paisagens patag\u00f4nicas e \u00e1guas calmas que criam mem\u00f3rias \u00fanicas.<\/li>\n<li class=\"ai-optimize-11\"><strong>Equipamento inclu\u00eddo:<\/strong> Fornecemos a voc\u00ea todos os equipamentos de seguran\u00e7a, como roupas de mergulho, capacetes e coletes salva-vidas.<\/li>\n<\/ul>\n<h3 class=\"ai-optimize-12\">Ponto de partida<\/h3>\n<p class=\"ai-optimize-13\">Ao chegar ao ponto de encontro, nossa equipe de especialistas lhe dar\u00e1 as boas-vindas com as melhores vibra\u00e7\u00f5es. Em seguida, voc\u00ea ouvir\u00e1 uma palestra curta e simples sobre como se comportar na balsa. Tudo foi planejado para que voc\u00ea s\u00f3 precise se preocupar em se divertir, independentemente de ter ou n\u00e3o experi\u00eancia anterior.<\/p>\n<h3 class=\"ai-optimize-14\">Recomenda\u00e7\u00f5es<\/h3>\n<p class=\"ai-optimize-15\"><strong>N\u00e3o se esque\u00e7a de trazer:<\/strong><\/p>\n<ul>\n<li class=\"ai-optimize-16\">Uma toalha pr\u00f3pria.<\/li>\n<li class=\"ai-optimize-17\">Roupas para vestir quando terminar.<\/li>\n<li class=\"ai-optimize-18\">Cal\u00e7ados confort\u00e1veis e adequados para condi\u00e7\u00f5es \u00famidas.<\/li>\n<\/ul>\n<h3 class=\"ai-optimize-19\">Como chegar l\u00e1 por conta pr\u00f3pria<\/h3>\n<p class=\"ai-optimize-20\">Se voc\u00ea quiser chegar l\u00e1 por seus pr\u00f3prios meios, o ponto de encontro \u00e9 no <strong>Base Villegas<\/strong> no <strong>Rota 83 Km 1.<\/strong> O dia come\u00e7a \u00e0s 13:40 hs, de onde partimos em caravana em dire\u00e7\u00e3o ao acampamento pr\u00f3ximo ao rio Villegas.<\/p>\n<h3 class=\"ai-optimize-21\">O que est\u00e1 inclu\u00eddo e o que n\u00e3o est\u00e1<\/h3>\n<ul>\n<li class=\"ai-optimize-22\"><strong>Ele inclui:<\/strong> Todo o rafting com kit completo: roupa de mergulho, colete, jaqueta imperme\u00e1vel, botas de neoprene, remos e capacete.<\/li>\n<li class=\"ai-optimize-23\"><strong>N\u00e3o inclu\u00eddo:<\/strong> Traslados, sem refei\u00e7\u00f5es (caf\u00e9 da manh\u00e3, lanche da tarde ou almo\u00e7o).<\/li>\n<\/ul>\n<h2 class=\"ai-optimize-26\">Perguntas frequentes<\/h2>\n<h3 class=\"ai-optimize-27\">Qual \u00e9 a modalidade para aqueles que n\u00e3o contraem a realoca\u00e7\u00e3o?<\/h3>\n<p class=\"ai-optimize-28\" data-pm-slice=\"1 1 []\">Se preferir vir sem um traslado, basta ir diretamente \u00e0 nossa parada de rafting, no <strong>Base de Villegas Ruta 83 Km 1.<\/strong><\/p>\n<h3 class=\"ai-optimize-29\">\u00c9 poss\u00edvel adicionar um acompanhante que n\u00e3o participe do rafting?<\/h3>\n<p class=\"ai-optimize-30\">\u00c9 claro que voc\u00ea pode! Voc\u00ea pode trazer outra pessoa, por uma taxa de <strong>apenas metade do valor<\/strong> da atividade.<\/p>\n<p class=\"ai-optimize-23\"><strong>Aviso importante<\/strong>Esse passeio est\u00e1 dispon\u00edvel no momento e tem sa\u00eddas at\u00e9 30 de abril, de acordo com o calend\u00e1rio operacional.<\/p>","protected":false},"excerpt":{"rendered":"<h2 class=\"ai-optimize-6\">Experimente a aventura do rafting no rio Manso<\/h2>\n<p class=\"ai-optimize-7\">Passe um dia \u00fanico com nossa proposta de rafting suave no Rio Manso, perfeito para grupos familiares e crian\u00e7as a partir de 5 anos de idade. Sinta a calma e o esplendor do ambiente natural enquanto atravessa corredeiras de classe 1 e 2. Se preferir chegar por seus pr\u00f3prios meios, n\u00f3s o encontraremos na esta\u00e7\u00e3o YPF-ACA. N\u00e3o perca essa experi\u00eancia!<\/p>","protected":false},"featured_media":377826,"comment_status":"open","ping_status":"closed","template":"","meta":[],"product_brand":[],"product_cat":[26,28,31,37,40,42,43,48],"product_tag":[],"class_list":{"0":"post-31","1":"product","2":"type-product","3":"status-publish","4":"has-post-thumbnail","6":"product_cat-adultos","7":"product_cat-aventura","8":"product_cat-familia","9":"product_cat-ninos","10":"product_cat-primavera","11":"product_cat-sin-comida","12":"product_cat-sin-traslado","13":"product_cat-verano","15":"first","16":"instock","17":"virtual","18":"sold-individually","19":"purchasable","20":"product-type-booking"},"booking_location":"","booking_location_type":"","booking_duration":1,"booking_duration_unit":"hour","booking_buffer":0,"booking_cost":0,"booking_resources":[],"exclude_global_add_ons":false,"addons":[{"name":"ADU: Adulto","type":"input_multiplier","position":0,"required":false,"title_format":"label","default":"","description_enable":false,"description":"","placeholder_enable":false,"placeholder":"","display":"select","restrictions_type":"any_text","adjust_price":true,"price":"75000","price_type":"quantity_based","restrictions":false,"min":"0","max":"0","options":[],"id":1773079069},{"name":"EXTRA: acompanhante","type":"input_multiplier","position":1,"required":false,"title_format":"label","default":"","description_enable":false,"description":"","placeholder_enable":false,"placeholder":"","display":"select","restrictions_type":"any_text","adjust_price":true,"price":"37500","price_type":"quantity_based","restrictions":false,"min":"0","max":"0","options":[],"id":1773079070},{"name":"MEN512 | 5 a 12","type":"input_multiplier","position":2,"required":false,"title_format":"label","default":"","description_enable":false,"description":"","placeholder_enable":false,"placeholder":"","display":"select","restrictions_type":"any_text","adjust_price":true,"price":"75000","price_type":"quantity_based","restrictions":false,"min":"0","max":"0","options":[],"id":1773079071}],"yoast_head":"<!-- This site is optimized with the Yoast SEO Premium plugin v25.2 (Yoast SEO v25.2) - https:\/\/yoast.com\/wordpress\/plugins\/seo\/ -->\n<title>Rafting Familiar en el R\u00edo Manso | Aventura Asegurada - Patagonia Booking<\/title>\n<meta name=\"description\" content=\"Viv\u00ed el rafting familiar en el R\u00edo Manso sin traslado. R\u00e1pidos suaves, equipo completo y gu\u00edas expertos. Ideal para todas las edades. Reserva f\u00e1cil online.\" \/>\n<meta name=\"robots\" content=\"index, follow, max-snippet:-1, max-image-preview:large, max-video-preview:-1\" \/>\n<link rel=\"canonical\" href=\"https:\/\/patagoniabooking.com\/pt\/product\/rafting-no-rio-manso-sem-traslado-bariloche\/\" \/>\n<meta property=\"og:locale\" content=\"pt_BR\" \/>\n<meta property=\"og:type\" content=\"article\" \/>\n<meta property=\"og:title\" content=\"Explor\u00e1 el R\u00edo Manso \u2013 Rafting F\u00e1cil con Reserva Online Inmediata- Sin traslado\" \/>\n<meta property=\"og:description\" content=\"Viv\u00ed el rafting familiar en el R\u00edo Manso sin traslado. R\u00e1pidos suaves, equipo completo y gu\u00edas expertos. Ideal para todas las edades. Reserva f\u00e1cil online.\" \/>\n<meta property=\"og:url\" content=\"https:\/\/patagoniabooking.com\/pt\/product\/rafting-no-rio-manso-sem-traslado-bariloche\/\" \/>\n<meta property=\"og:site_name\" content=\"Patagonia Booking\" \/>\n<meta property=\"article:modified_time\" content=\"2026-04-10T14:26:21+00:00\" \/>\n<meta property=\"og:image\" content=\"https:\/\/patagoniabooking.com\/wp-content\/uploads\/sites\/2\/2025\/06\/4-A-Rafting-light-rio-Manso-11-copia.jpg\" \/>\n\t<meta property=\"og:image:width\" content=\"992\" \/>\n\t<meta property=\"og:image:height\" content=\"1323\" \/>\n\t<meta property=\"og:image:type\" content=\"image\/jpeg\" \/>\n<meta name=\"twitter:card\" content=\"summary_large_image\" \/>\n<meta name=\"twitter:label1\" content=\"Pre\u00e7o\" \/>\n\t<meta name=\"twitter:data1\" content=\"&#036;75,000.00\" \/>\n\t<meta name=\"twitter:label2\" content=\"Disponibilidade\" \/>\n\t<meta name=\"twitter:data2\" content=\"Em Estoque\" \/>\n<script type=\"application\/ld+json\" class=\"yoast-schema-graph\">{\"@context\":\"https:\/\/schema.org\",\"@graph\":[{\"@type\":\"WebPage\",\"@id\":\"https:\/\/patagoniabooking.com\/product\/rafting-rio-manso-sin-traslado-bariloche\/\",\"url\":\"https:\/\/patagoniabooking.com\/product\/rafting-rio-manso-sin-traslado-bariloche\/\",\"name\":\"Rafting Familiar en el R\u00edo Manso | Aventura Asegurada - Patagonia Booking\",\"isPartOf\":{\"@id\":\"https:\/\/patagoniabooking.com\/#website\"},\"primaryImageOfPage\":{\"@id\":\"https:\/\/patagoniabooking.com\/product\/rafting-rio-manso-sin-traslado-bariloche\/#primaryimage\"},\"image\":{\"@id\":\"https:\/\/patagoniabooking.com\/product\/rafting-rio-manso-sin-traslado-bariloche\/#primaryimage\"},\"thumbnailUrl\":\"https:\/\/patagoniabooking.com\/wp-content\/uploads\/sites\/2\/2025\/06\/4-A-Rafting-light-rio-Manso-11-copia.jpg\",\"datePublished\":\"2025-06-12T13:34:25+00:00\",\"dateModified\":\"2026-04-10T14:26:21+00:00\",\"description\":\"Viv\u00ed el rafting familiar en el R\u00edo Manso sin traslado. R\u00e1pidos suaves, equipo completo y gu\u00edas expertos. Ideal para todas las edades. Reserva f\u00e1cil online.\",\"breadcrumb\":{\"@id\":\"https:\/\/patagoniabooking.com\/product\/rafting-rio-manso-sin-traslado-bariloche\/#breadcrumb\"},\"inLanguage\":\"pt-BR\",\"potentialAction\":[{\"@type\":\"ReadAction\",\"target\":[\"https:\/\/patagoniabooking.com\/product\/rafting-rio-manso-sin-traslado-bariloche\/\"]}]},{\"@type\":\"ImageObject\",\"inLanguage\":\"pt-BR\",\"@id\":\"https:\/\/patagoniabooking.com\/product\/rafting-rio-manso-sin-traslado-bariloche\/#primaryimage\",\"url\":\"https:\/\/patagoniabooking.com\/wp-content\/uploads\/sites\/2\/2025\/06\/4-A-Rafting-light-rio-Manso-11-copia.jpg\",\"contentUrl\":\"https:\/\/patagoniabooking.com\/wp-content\/uploads\/sites\/2\/2025\/06\/4-A-Rafting-light-rio-Manso-11-copia.jpg\",\"width\":992,\"height\":1323},{\"@type\":\"BreadcrumbList\",\"@id\":\"https:\/\/patagoniabooking.com\/product\/rafting-rio-manso-sin-traslado-bariloche\/#breadcrumb\",\"itemListElement\":[{\"@type\":\"ListItem\",\"position\":1,\"name\":\"Inicio\",\"item\":\"https:\/\/patagoniabooking.com\/\"},{\"@type\":\"ListItem\",\"position\":2,\"name\":\"Lista de excursiones\",\"item\":\"https:\/\/patagoniabooking.com\/shop\/\"},{\"@type\":\"ListItem\",\"position\":3,\"name\":\"Explor\u00e1 el R\u00edo Manso \u2013 Rafting F\u00e1cil con Reserva Online Inmediata- Sin traslado\"}]},{\"@type\":\"WebSite\",\"@id\":\"https:\/\/patagoniabooking.com\/#website\",\"url\":\"https:\/\/patagoniabooking.com\/\",\"name\":\"Patagonia Booking\",\"description\":\"\",\"publisher\":{\"@id\":\"https:\/\/patagoniabooking.com\/#organization\"},\"potentialAction\":[{\"@type\":\"SearchAction\",\"target\":{\"@type\":\"EntryPoint\",\"urlTemplate\":\"https:\/\/patagoniabooking.com\/?s={search_term_string}\"},\"query-input\":{\"@type\":\"PropertyValueSpecification\",\"valueRequired\":true,\"valueName\":\"search_term_string\"}}],\"inLanguage\":\"pt-BR\"},{\"@type\":\"Organization\",\"@id\":\"https:\/\/patagoniabooking.com\/#organization\",\"name\":\"Patagonia Booking\",\"url\":\"https:\/\/patagoniabooking.com\/\",\"logo\":{\"@type\":\"ImageObject\",\"inLanguage\":\"pt-BR\",\"@id\":\"https:\/\/patagoniabooking.com\/#\/schema\/logo\/image\/\",\"url\":\"https:\/\/patagoniabooking.com\/wp-content\/uploads\/sites\/2\/2025\/06\/logo-patagonia-booking.png\",\"contentUrl\":\"https:\/\/patagoniabooking.com\/wp-content\/uploads\/sites\/2\/2025\/06\/logo-patagonia-booking.png\",\"width\":80,\"height\":80,\"caption\":\"Patagonia Booking\"},\"image\":{\"@id\":\"https:\/\/patagoniabooking.com\/#\/schema\/logo\/image\/\"}}]}<\/script>\n<meta property=\"product:price:amount\" content=\"75000.00\" \/>\n<meta property=\"product:price:currency\" content=\"ARS\" \/>\n<meta property=\"og:availability\" content=\"instock\" \/>\n<meta property=\"product:availability\" content=\"instock\" \/>\n<meta property=\"product:retailer_item_id\" content=\"ADV2025RALIENTUFA\" \/>\n<meta property=\"product:condition\" content=\"new\" \/>\n<!-- \/ Yoast SEO Premium plugin. -->","yoast_head_json":{"title":"Rafting em fam\u00edlia no rio Manso - Aventura garantida - Patag\u00f4nia Booking","description":"Experimente o rafting em fam\u00edlia no Rio Manso sem traslado. Corredeiras suaves, equipamento completo e guias especializados. Ideal para todas as idades. F\u00e1cil reserva on-line.","robots":{"index":"index","follow":"follow","max-snippet":"max-snippet:-1","max-image-preview":"max-image-preview:large","max-video-preview":"max-video-preview:-1"},"canonical":"https:\/\/patagoniabooking.com\/pt\/product\/rafting-no-rio-manso-sem-traslado-bariloche\/","og_locale":"pt_BR","og_type":"article","og_title":"Explor\u00e1 el R\u00edo Manso \u2013 Rafting F\u00e1cil con Reserva Online Inmediata- Sin traslado","og_description":"Viv\u00ed el rafting familiar en el R\u00edo Manso sin traslado. R\u00e1pidos suaves, equipo completo y gu\u00edas expertos. Ideal para todas las edades. Reserva f\u00e1cil online.","og_url":"https:\/\/patagoniabooking.com\/pt\/product\/rafting-no-rio-manso-sem-traslado-bariloche\/","og_site_name":"Patagonia Booking","article_modified_time":"2026-04-10T14:26:21+00:00","og_image":[{"width":992,"height":1323,"url":"https:\/\/patagoniabooking.com\/wp-content\/uploads\/sites\/2\/2025\/06\/4-A-Rafting-light-rio-Manso-11-copia.jpg","type":"image\/jpeg"}],"twitter_card":"summary_large_image","twitter_misc":{"Pre\u00e7o":"&#36;75,000.00","Disponibilidade":"Em Estoque"},"schema":{"@context":"https:\/\/schema.org","@graph":[{"@type":"WebPage","@id":"https:\/\/patagoniabooking.com\/product\/rafting-rio-manso-sin-traslado-bariloche\/","url":"https:\/\/patagoniabooking.com\/product\/rafting-rio-manso-sin-traslado-bariloche\/","name":"Rafting em fam\u00edlia no rio Manso - Aventura garantida - Patag\u00f4nia Booking","isPartOf":{"@id":"https:\/\/patagoniabooking.com\/#website"},"primaryImageOfPage":{"@id":"https:\/\/patagoniabooking.com\/product\/rafting-rio-manso-sin-traslado-bariloche\/#primaryimage"},"image":{"@id":"https:\/\/patagoniabooking.com\/product\/rafting-rio-manso-sin-traslado-bariloche\/#primaryimage"},"thumbnailUrl":"https:\/\/patagoniabooking.com\/wp-content\/uploads\/sites\/2\/2025\/06\/4-A-Rafting-light-rio-Manso-11-copia.jpg","datePublished":"2025-06-12T13:34:25+00:00","dateModified":"2026-04-10T14:26:21+00:00","description":"Experimente o rafting em fam\u00edlia no Rio Manso sem traslado. Corredeiras suaves, equipamento completo e guias especializados. Ideal para todas as idades. F\u00e1cil reserva on-line.","breadcrumb":{"@id":"https:\/\/patagoniabooking.com\/product\/rafting-rio-manso-sin-traslado-bariloche\/#breadcrumb"},"inLanguage":"pt-BR","potentialAction":[{"@type":"ReadAction","target":["https:\/\/patagoniabooking.com\/product\/rafting-rio-manso-sin-traslado-bariloche\/"]}]},{"@type":"ImageObject","inLanguage":"pt-BR","@id":"https:\/\/patagoniabooking.com\/product\/rafting-rio-manso-sin-traslado-bariloche\/#primaryimage","url":"https:\/\/patagoniabooking.com\/wp-content\/uploads\/sites\/2\/2025\/06\/4-A-Rafting-light-rio-Manso-11-copia.jpg","contentUrl":"https:\/\/patagoniabooking.com\/wp-content\/uploads\/sites\/2\/2025\/06\/4-A-Rafting-light-rio-Manso-11-copia.jpg","width":992,"height":1323},{"@type":"BreadcrumbList","@id":"https:\/\/patagoniabooking.com\/product\/rafting-rio-manso-sin-traslado-bariloche\/#breadcrumb","itemListElement":[{"@type":"ListItem","position":1,"name":"Inicio","item":"https:\/\/patagoniabooking.com\/"},{"@type":"ListItem","position":2,"name":"Lista de excursiones","item":"https:\/\/patagoniabooking.com\/shop\/"},{"@type":"ListItem","position":3,"name":"Explor\u00e1 el R\u00edo Manso \u2013 Rafting F\u00e1cil con Reserva Online Inmediata- Sin traslado"}]},{"@type":"WebSite","@id":"https:\/\/patagoniabooking.com\/#website","url":"https:\/\/patagoniabooking.com\/","name":"Reservas para a Patag\u00f4nia","description":"","publisher":{"@id":"https:\/\/patagoniabooking.com\/#organization"},"potentialAction":[{"@type":"SearchAction","target":{"@type":"EntryPoint","urlTemplate":"https:\/\/patagoniabooking.com\/?s={search_term_string}"},"query-input":{"@type":"PropertyValueSpecification","valueRequired":true,"valueName":"search_term_string"}}],"inLanguage":"pt-BR"},{"@type":"Organization","@id":"https:\/\/patagoniabooking.com\/#organization","name":"Reservas para a Patag\u00f4nia","url":"https:\/\/patagoniabooking.com\/","logo":{"@type":"ImageObject","inLanguage":"pt-BR","@id":"https:\/\/patagoniabooking.com\/#\/schema\/logo\/image\/","url":"https:\/\/patagoniabooking.com\/wp-content\/uploads\/sites\/2\/2025\/06\/logo-patagonia-booking.png","contentUrl":"https:\/\/patagoniabooking.com\/wp-content\/uploads\/sites\/2\/2025\/06\/logo-patagonia-booking.png","width":80,"height":80,"caption":"Patagonia Booking"},"image":{"@id":"https:\/\/patagoniabooking.com\/#\/schema\/logo\/image\/"}}]},"product_price_amount":"75000.00","product_price_currency":"ARS","og_availability":"instock","product_availability":"instock","product_retailer_item_id":"ADV2025RALIENTUFA","product_condition":"new"},"_links":{"self":[{"href":"https:\/\/patagoniabooking.com\/pt\/wp-json\/wp\/v2\/product\/31","targetHints":{"allow":["GET"]}}],"collection":[{"href":"https:\/\/patagoniabooking.com\/pt\/wp-json\/wp\/v2\/product"}],"about":[{"href":"https:\/\/patagoniabooking.com\/pt\/wp-json\/wp\/v2\/types\/product"}],"replies":[{"embeddable":true,"href":"https:\/\/patagoniabooking.com\/pt\/wp-json\/wp\/v2\/comments?post=31"}],"wp:featuredmedia":[{"embeddable":true,"href":"https:\/\/patagoniabooking.com\/pt\/wp-json\/wp\/v2\/media\/377826"}],"wp:attachment":[{"href":"https:\/\/patagoniabooking.com\/pt\/wp-json\/wp\/v2\/media?parent=31"}],"wp:term":[{"taxonomy":"product_brand","embeddable":true,"href":"https:\/\/patagoniabooking.com\/pt\/wp-json\/wp\/v2\/product_brand?post=31"},{"taxonomy":"product_cat","embeddable":true,"href":"https:\/\/patagoniabooking.com\/pt\/wp-json\/wp\/v2\/product_cat?post=31"},{"taxonomy":"product_tag","embeddable":true,"href":"https:\/\/patagoniabooking.com\/pt\/wp-json\/wp\/v2\/product_tag?post=31"}],"curies":[{"name":"wp","href":"https:\/\/api.w.org\/{rel}","templated":true}]}}