{"id":30,"date":"2025-06-12T10:34:04","date_gmt":"2025-06-12T13:34:04","guid":{"rendered":"https:\/\/patagoniabooking.shop\/product\/rafting-light-en-el-rio-manso-con-traslado\/"},"modified":"2026-03-31T12:13:20","modified_gmt":"2026-03-31T15:13:20","slug":"explora-el-rio-manso-rafting-facil-con-reserva-online-inmediata","status":"publish","type":"product","link":"https:\/\/patagoniabooking.com\/pt\/product\/explore-o-rafting-no-rio-manso-facilmente-com-reservas-on-line-instantaneas\/","title":{"rendered":"Explore o rio Manso - Rafting f\u00e1cil com reserva on-line imediata"},"content":{"rendered":"<h2 class=\"ai-optimize-6\">Sinta o poder do Manso com total tranquilidade<\/h2>\n<p class=\"ai-optimize-7 ai-optimize-introduction\">Eu vivi o <strong>aventura de rafting<\/strong> no espetacular <strong>Rio Manso<\/strong>, onde a emo\u00e7\u00e3o e o ambiente patag\u00f4nico est\u00e3o no seu melhor. Este <strong>modo de rafting suave<\/strong> foi projetado para grupos familiares e crian\u00e7as a partir de 5 anos de idade, garantindo uma maneira acess\u00edvel e cuidadosa de compartilhar a natureza. Visite <strong>6 quil\u00f4metros<\/strong> por \u00e1gua <strong>grau 1 e 2<\/strong>, ideal para iniciantes ou para aqueles que buscam uma flutua\u00e7\u00e3o relaxante em meio a paisagens \u00fanicas.<\/p>\n<h3 class=\"ai-optimize-8\">Experimente um passeio inesquec\u00edvel<\/h3>\n<p class=\"ai-optimize-9\">No ponto de encontro, o <strong>guias certificados<\/strong> estar\u00e3o prontos para acompanh\u00e1-lo a cada passo do caminho e transmitir sua paix\u00e3o por essa experi\u00eancia transformadora.<\/p>\n<ul>\n<li class=\"ai-optimize-10\"><strong>Todos os equipamentos est\u00e3o inclu\u00eddos:<\/strong> roupa de mergulho de neoprene, capacete, colete salva-vidas e elementos essenciais para sua seguran\u00e7a.<\/li>\n<li class=\"ai-optimize-11\"><strong>Palestra instrutiva:<\/strong> Antes de embarcar no bote, voc\u00ea receber\u00e1 uma breve explica\u00e7\u00e3o sobre como aproveitar o rafting sem preocupa\u00e7\u00f5es.<\/li>\n<\/ul>\n<p class=\"ai-optimize-12\">Durante a viagem, voc\u00ea se surpreender\u00e1 com vistas de tirar o f\u00f4lego e sentir\u00e1 o rio como nunca antes. A viagem dura <strong>uma hora e meia<\/strong> aproximadamente, imergindo em contato total com a natureza.<\/p>\n<h3 class=\"ai-optimize-13\">Ponto de sa\u00edda<\/h3>\n<p class=\"ai-optimize-14\" data-pm-slice=\"1 1 []\">Se voc\u00ea reservar um traslado, partiremos do centro de Bariloche ou do ponto de encontro que coordenamos juntos, dependendo de onde voc\u00ea estiver hospedado.<\/p>\n<h3 class=\"ai-optimize-15\">Relaxamento e boas vibra\u00e7\u00f5es<\/h3>\n<p class=\"ai-optimize-16\">No final do dia, voc\u00ea retornar\u00e1 ao parador, onde poder\u00e1 relaxar, conversar sobre o dia com o restante do grupo e recarregar as baterias para mais divers\u00e3o.<\/p>\n<h3 class=\"ai-optimize-17\">Dicas para sua experi\u00eancia<\/h3>\n<ul>\n<li class=\"ai-optimize-18\"><strong>\u00c9 pegar ou largar:<\/strong> toalha, roupas extras e cal\u00e7ados adequados \u00e0 prova d'\u00e1gua.<\/li>\n<li class=\"ai-optimize-19\"><strong>\u00c9 importante saber:<\/strong> voc\u00ea pode receber alguns respingos durante a excurs\u00e3o.<\/li>\n<\/ul>\n<p class=\"ai-optimize-20\">N\u00e3o fique de fora: venha e descubra a Patag\u00f4nia de um \u00e2ngulo diferente, reserve seu lugar e junte-se a n\u00f3s!<\/p>","protected":false},"excerpt":{"rendered":"<p class=\"ai-optimize-6\">Viva uma aventura \u00fanica com o soft rafting no Rio Manso. Ideal para iniciantes ou para quem quer compartilhar com a fam\u00edlia, essa proposta garante uma viagem segura e divertida ao longo de 6 quil\u00f4metros, onde \u00e9 poss\u00edvel desfrutar de vistas incr\u00edveis e momentos cheios de adrenalina.<\/p>","protected":false},"featured_media":377827,"comment_status":"open","ping_status":"closed","template":"","meta":[],"product_brand":[],"product_cat":[26,28,30,31,37,38,40,42,48],"product_tag":[],"class_list":{"0":"post-30","1":"product","2":"type-product","3":"status-publish","4":"has-post-thumbnail","6":"product_cat-adultos","7":"product_cat-aventura","8":"product_cat-con-traslado","9":"product_cat-familia","10":"product_cat-ninos","11":"product_cat-otono","12":"product_cat-primavera","13":"product_cat-sin-comida","14":"product_cat-verano","16":"first","17":"instock","18":"virtual","19":"sold-individually","20":"purchasable","21":"product-type-booking"},"booking_location":"","booking_location_type":"","booking_duration":1,"booking_duration_unit":"hour","booking_buffer":0,"booking_cost":0,"booking_resources":[],"exclude_global_add_ons":false,"addons":[{"name":"ADU: Adulto","type":"input_multiplier","position":0,"required":false,"title_format":"label","default":"","description_enable":false,"description":"","placeholder_enable":false,"placeholder":"","display":"select","restrictions_type":"any_text","adjust_price":true,"price":"90000","price_type":"quantity_based","restrictions":false,"min":"0","max":"0","options":[],"id":1773236862},{"name":"EXTRA: acompanhante","type":"input_multiplier","position":1,"required":false,"title_format":"label","default":"","description_enable":false,"description":"","placeholder_enable":false,"placeholder":"","display":"select","restrictions_type":"any_text","adjust_price":true,"price":"45000","price_type":"quantity_based","restrictions":false,"min":"0","max":"0","options":[],"id":1773236863},{"name":"MEN512 | 5 a 12","type":"input_multiplier","position":2,"required":false,"title_format":"label","default":"","description_enable":false,"description":"","placeholder_enable":false,"placeholder":"","display":"select","restrictions_type":"any_text","adjust_price":true,"price":"90000","price_type":"quantity_based","restrictions":false,"min":"0","max":"0","options":[],"id":1773236864}],"yoast_head":"<!-- This site is optimized with the Yoast SEO Premium plugin v25.2 (Yoast SEO v25.2) - https:\/\/yoast.com\/wordpress\/plugins\/seo\/ -->\n<title>Explor\u00e1 el R\u00edo Manso \u2013 Rafting F\u00e1cil con Reserva Online Inmediata - Patagonia Booking<\/title>\n<meta name=\"description\" content=\"Reserve su rafting en el R\u00edo Manso con Patagonia Booking. Actividad segura, confirmaci\u00f3n inmediata y gu\u00edas profesionales en Bariloche, Argentina.\" \/>\n<meta name=\"robots\" content=\"index, follow, max-snippet:-1, max-image-preview:large, max-video-preview:-1\" \/>\n<link rel=\"canonical\" href=\"https:\/\/patagoniabooking.com\/pt\/product\/explore-o-rafting-no-rio-manso-facilmente-com-reservas-on-line-instantaneas\/\" \/>\n<meta property=\"og:locale\" content=\"pt_BR\" \/>\n<meta property=\"og:type\" content=\"article\" \/>\n<meta property=\"og:title\" content=\"Explor\u00e1 el R\u00edo Manso \u2013 Rafting F\u00e1cil con Reserva Online Inmediata\" \/>\n<meta property=\"og:description\" content=\"Reserve su rafting en el R\u00edo Manso con Patagonia Booking. Actividad segura, confirmaci\u00f3n inmediata y gu\u00edas profesionales en Bariloche, Argentina.\" \/>\n<meta property=\"og:url\" content=\"https:\/\/patagoniabooking.com\/pt\/product\/explore-o-rafting-no-rio-manso-facilmente-com-reservas-on-line-instantaneas\/\" \/>\n<meta property=\"og:site_name\" content=\"Patagonia Booking\" \/>\n<meta property=\"article:modified_time\" content=\"2026-03-31T15:13:20+00:00\" \/>\n<meta property=\"og:image\" content=\"https:\/\/patagoniabooking.com\/wp-content\/uploads\/sites\/2\/2025\/06\/4-B-Rafting-light-rio-Manso-9-copia.jpg\" \/>\n\t<meta property=\"og:image:width\" content=\"992\" \/>\n\t<meta property=\"og:image:height\" content=\"1323\" \/>\n\t<meta property=\"og:image:type\" content=\"image\/jpeg\" \/>\n<meta name=\"twitter:card\" content=\"summary_large_image\" \/>\n<meta name=\"twitter:label1\" content=\"Pre\u00e7o\" \/>\n\t<meta name=\"twitter:data1\" content=\"&#036;90,000.00\" \/>\n\t<meta name=\"twitter:label2\" content=\"Disponibilidade\" \/>\n\t<meta name=\"twitter:data2\" content=\"Em Estoque\" \/>\n<script type=\"application\/ld+json\" class=\"yoast-schema-graph\">{\"@context\":\"https:\/\/schema.org\",\"@graph\":[{\"@type\":\"WebPage\",\"@id\":\"https:\/\/patagoniabooking.com\/product\/explora-el-rio-manso-rafting-facil-con-reserva-online-inmediata\/\",\"url\":\"https:\/\/patagoniabooking.com\/product\/explora-el-rio-manso-rafting-facil-con-reserva-online-inmediata\/\",\"name\":\"Explor\u00e1 el R\u00edo Manso \u2013 Rafting F\u00e1cil con Reserva Online Inmediata - Patagonia Booking\",\"isPartOf\":{\"@id\":\"https:\/\/patagoniabooking.com\/#website\"},\"primaryImageOfPage\":{\"@id\":\"https:\/\/patagoniabooking.com\/product\/explora-el-rio-manso-rafting-facil-con-reserva-online-inmediata\/#primaryimage\"},\"image\":{\"@id\":\"https:\/\/patagoniabooking.com\/product\/explora-el-rio-manso-rafting-facil-con-reserva-online-inmediata\/#primaryimage\"},\"thumbnailUrl\":\"https:\/\/patagoniabooking.com\/wp-content\/uploads\/sites\/2\/2025\/06\/4-B-Rafting-light-rio-Manso-9-copia.jpg\",\"datePublished\":\"2025-06-12T13:34:04+00:00\",\"dateModified\":\"2026-03-31T15:13:20+00:00\",\"description\":\"Reserve su rafting en el R\u00edo Manso con Patagonia Booking. Actividad segura, confirmaci\u00f3n inmediata y gu\u00edas profesionales en Bariloche, Argentina.\",\"breadcrumb\":{\"@id\":\"https:\/\/patagoniabooking.com\/product\/explora-el-rio-manso-rafting-facil-con-reserva-online-inmediata\/#breadcrumb\"},\"inLanguage\":\"pt-BR\",\"potentialAction\":[{\"@type\":\"ReadAction\",\"target\":[\"https:\/\/patagoniabooking.com\/product\/explora-el-rio-manso-rafting-facil-con-reserva-online-inmediata\/\"]}]},{\"@type\":\"ImageObject\",\"inLanguage\":\"pt-BR\",\"@id\":\"https:\/\/patagoniabooking.com\/product\/explora-el-rio-manso-rafting-facil-con-reserva-online-inmediata\/#primaryimage\",\"url\":\"https:\/\/patagoniabooking.com\/wp-content\/uploads\/sites\/2\/2025\/06\/4-B-Rafting-light-rio-Manso-9-copia.jpg\",\"contentUrl\":\"https:\/\/patagoniabooking.com\/wp-content\/uploads\/sites\/2\/2025\/06\/4-B-Rafting-light-rio-Manso-9-copia.jpg\",\"width\":992,\"height\":1323},{\"@type\":\"BreadcrumbList\",\"@id\":\"https:\/\/patagoniabooking.com\/product\/explora-el-rio-manso-rafting-facil-con-reserva-online-inmediata\/#breadcrumb\",\"itemListElement\":[{\"@type\":\"ListItem\",\"position\":1,\"name\":\"Inicio\",\"item\":\"https:\/\/patagoniabooking.com\/\"},{\"@type\":\"ListItem\",\"position\":2,\"name\":\"Lista de excursiones\",\"item\":\"https:\/\/patagoniabooking.com\/shop\/\"},{\"@type\":\"ListItem\",\"position\":3,\"name\":\"Explor\u00e1 el R\u00edo Manso \u2013 Rafting F\u00e1cil con Reserva Online Inmediata\"}]},{\"@type\":\"WebSite\",\"@id\":\"https:\/\/patagoniabooking.com\/#website\",\"url\":\"https:\/\/patagoniabooking.com\/\",\"name\":\"Patagonia Booking\",\"description\":\"\",\"publisher\":{\"@id\":\"https:\/\/patagoniabooking.com\/#organization\"},\"potentialAction\":[{\"@type\":\"SearchAction\",\"target\":{\"@type\":\"EntryPoint\",\"urlTemplate\":\"https:\/\/patagoniabooking.com\/?s={search_term_string}\"},\"query-input\":{\"@type\":\"PropertyValueSpecification\",\"valueRequired\":true,\"valueName\":\"search_term_string\"}}],\"inLanguage\":\"pt-BR\"},{\"@type\":\"Organization\",\"@id\":\"https:\/\/patagoniabooking.com\/#organization\",\"name\":\"Patagonia Booking\",\"url\":\"https:\/\/patagoniabooking.com\/\",\"logo\":{\"@type\":\"ImageObject\",\"inLanguage\":\"pt-BR\",\"@id\":\"https:\/\/patagoniabooking.com\/#\/schema\/logo\/image\/\",\"url\":\"https:\/\/patagoniabooking.com\/wp-content\/uploads\/sites\/2\/2025\/06\/logo-patagonia-booking.png\",\"contentUrl\":\"https:\/\/patagoniabooking.com\/wp-content\/uploads\/sites\/2\/2025\/06\/logo-patagonia-booking.png\",\"width\":80,\"height\":80,\"caption\":\"Patagonia Booking\"},\"image\":{\"@id\":\"https:\/\/patagoniabooking.com\/#\/schema\/logo\/image\/\"}}]}<\/script>\n<meta property=\"product:price:amount\" content=\"90000.00\" \/>\n<meta property=\"product:price:currency\" content=\"ARS\" \/>\n<meta property=\"og:availability\" content=\"instock\" \/>\n<meta property=\"product:availability\" content=\"instock\" \/>\n<meta property=\"product:retailer_item_id\" content=\"ADV2025RALIENP3DA\" \/>\n<meta property=\"product:condition\" content=\"new\" \/>\n<!-- \/ Yoast SEO Premium plugin. -->","yoast_head_json":{"title":"Explore o rio Manso - Rafting f\u00e1cil com reserva on-line imediata - Patagonia Booking","description":"Reserve sua viagem de rafting no Rio Manso com a Patag\u00f4nia Booking. Atividade segura, confirma\u00e7\u00e3o imediata e guias profissionais em Bariloche, Argentina.","robots":{"index":"index","follow":"follow","max-snippet":"max-snippet:-1","max-image-preview":"max-image-preview:large","max-video-preview":"max-video-preview:-1"},"canonical":"https:\/\/patagoniabooking.com\/pt\/product\/explore-o-rafting-no-rio-manso-facilmente-com-reservas-on-line-instantaneas\/","og_locale":"pt_BR","og_type":"article","og_title":"Explor\u00e1 el R\u00edo Manso \u2013 Rafting F\u00e1cil con Reserva Online Inmediata","og_description":"Reserve su rafting en el R\u00edo Manso con Patagonia Booking. Actividad segura, confirmaci\u00f3n inmediata y gu\u00edas profesionales en Bariloche, Argentina.","og_url":"https:\/\/patagoniabooking.com\/pt\/product\/explore-o-rafting-no-rio-manso-facilmente-com-reservas-on-line-instantaneas\/","og_site_name":"Patagonia Booking","article_modified_time":"2026-03-31T15:13:20+00:00","og_image":[{"width":992,"height":1323,"url":"https:\/\/patagoniabooking.com\/wp-content\/uploads\/sites\/2\/2025\/06\/4-B-Rafting-light-rio-Manso-9-copia.jpg","type":"image\/jpeg"}],"twitter_card":"summary_large_image","twitter_misc":{"Pre\u00e7o":"&#36;90,000.00","Disponibilidade":"Em Estoque"},"schema":{"@context":"https:\/\/schema.org","@graph":[{"@type":"WebPage","@id":"https:\/\/patagoniabooking.com\/product\/explora-el-rio-manso-rafting-facil-con-reserva-online-inmediata\/","url":"https:\/\/patagoniabooking.com\/product\/explora-el-rio-manso-rafting-facil-con-reserva-online-inmediata\/","name":"Explore o rio Manso - Rafting f\u00e1cil com reserva on-line imediata - Patagonia Booking","isPartOf":{"@id":"https:\/\/patagoniabooking.com\/#website"},"primaryImageOfPage":{"@id":"https:\/\/patagoniabooking.com\/product\/explora-el-rio-manso-rafting-facil-con-reserva-online-inmediata\/#primaryimage"},"image":{"@id":"https:\/\/patagoniabooking.com\/product\/explora-el-rio-manso-rafting-facil-con-reserva-online-inmediata\/#primaryimage"},"thumbnailUrl":"https:\/\/patagoniabooking.com\/wp-content\/uploads\/sites\/2\/2025\/06\/4-B-Rafting-light-rio-Manso-9-copia.jpg","datePublished":"2025-06-12T13:34:04+00:00","dateModified":"2026-03-31T15:13:20+00:00","description":"Reserve sua viagem de rafting no Rio Manso com a Patag\u00f4nia Booking. Atividade segura, confirma\u00e7\u00e3o imediata e guias profissionais em Bariloche, Argentina.","breadcrumb":{"@id":"https:\/\/patagoniabooking.com\/product\/explora-el-rio-manso-rafting-facil-con-reserva-online-inmediata\/#breadcrumb"},"inLanguage":"pt-BR","potentialAction":[{"@type":"ReadAction","target":["https:\/\/patagoniabooking.com\/product\/explora-el-rio-manso-rafting-facil-con-reserva-online-inmediata\/"]}]},{"@type":"ImageObject","inLanguage":"pt-BR","@id":"https:\/\/patagoniabooking.com\/product\/explora-el-rio-manso-rafting-facil-con-reserva-online-inmediata\/#primaryimage","url":"https:\/\/patagoniabooking.com\/wp-content\/uploads\/sites\/2\/2025\/06\/4-B-Rafting-light-rio-Manso-9-copia.jpg","contentUrl":"https:\/\/patagoniabooking.com\/wp-content\/uploads\/sites\/2\/2025\/06\/4-B-Rafting-light-rio-Manso-9-copia.jpg","width":992,"height":1323},{"@type":"BreadcrumbList","@id":"https:\/\/patagoniabooking.com\/product\/explora-el-rio-manso-rafting-facil-con-reserva-online-inmediata\/#breadcrumb","itemListElement":[{"@type":"ListItem","position":1,"name":"Inicio","item":"https:\/\/patagoniabooking.com\/"},{"@type":"ListItem","position":2,"name":"Lista de excursiones","item":"https:\/\/patagoniabooking.com\/shop\/"},{"@type":"ListItem","position":3,"name":"Explor\u00e1 el R\u00edo Manso \u2013 Rafting F\u00e1cil con Reserva Online Inmediata"}]},{"@type":"WebSite","@id":"https:\/\/patagoniabooking.com\/#website","url":"https:\/\/patagoniabooking.com\/","name":"Reservas para a Patag\u00f4nia","description":"","publisher":{"@id":"https:\/\/patagoniabooking.com\/#organization"},"potentialAction":[{"@type":"SearchAction","target":{"@type":"EntryPoint","urlTemplate":"https:\/\/patagoniabooking.com\/?s={search_term_string}"},"query-input":{"@type":"PropertyValueSpecification","valueRequired":true,"valueName":"search_term_string"}}],"inLanguage":"pt-BR"},{"@type":"Organization","@id":"https:\/\/patagoniabooking.com\/#organization","name":"Reservas para a Patag\u00f4nia","url":"https:\/\/patagoniabooking.com\/","logo":{"@type":"ImageObject","inLanguage":"pt-BR","@id":"https:\/\/patagoniabooking.com\/#\/schema\/logo\/image\/","url":"https:\/\/patagoniabooking.com\/wp-content\/uploads\/sites\/2\/2025\/06\/logo-patagonia-booking.png","contentUrl":"https:\/\/patagoniabooking.com\/wp-content\/uploads\/sites\/2\/2025\/06\/logo-patagonia-booking.png","width":80,"height":80,"caption":"Patagonia Booking"},"image":{"@id":"https:\/\/patagoniabooking.com\/#\/schema\/logo\/image\/"}}]},"product_price_amount":"90000.00","product_price_currency":"ARS","og_availability":"instock","product_availability":"instock","product_retailer_item_id":"ADV2025RALIENP3DA","product_condition":"new"},"_links":{"self":[{"href":"https:\/\/patagoniabooking.com\/pt\/wp-json\/wp\/v2\/product\/30","targetHints":{"allow":["GET"]}}],"collection":[{"href":"https:\/\/patagoniabooking.com\/pt\/wp-json\/wp\/v2\/product"}],"about":[{"href":"https:\/\/patagoniabooking.com\/pt\/wp-json\/wp\/v2\/types\/product"}],"replies":[{"embeddable":true,"href":"https:\/\/patagoniabooking.com\/pt\/wp-json\/wp\/v2\/comments?post=30"}],"wp:featuredmedia":[{"embeddable":true,"href":"https:\/\/patagoniabooking.com\/pt\/wp-json\/wp\/v2\/media\/377827"}],"wp:attachment":[{"href":"https:\/\/patagoniabooking.com\/pt\/wp-json\/wp\/v2\/media?parent=30"}],"wp:term":[{"taxonomy":"product_brand","embeddable":true,"href":"https:\/\/patagoniabooking.com\/pt\/wp-json\/wp\/v2\/product_brand?post=30"},{"taxonomy":"product_cat","embeddable":true,"href":"https:\/\/patagoniabooking.com\/pt\/wp-json\/wp\/v2\/product_cat?post=30"},{"taxonomy":"product_tag","embeddable":true,"href":"https:\/\/patagoniabooking.com\/pt\/wp-json\/wp\/v2\/product_tag?post=30"}],"curies":[{"name":"wp","href":"https:\/\/api.w.org\/{rel}","templated":true}]}}