{"id":28,"date":"2025-06-12T10:33:23","date_gmt":"2025-06-12T13:33:23","guid":{"rendered":"https:\/\/patagoniabooking.shop\/product\/san-martin-de-los-andes-por-ruta-de-los-7-lagos\/"},"modified":"2026-04-08T16:32:42","modified_gmt":"2026-04-08T19:32:42","slug":"ruta-de-los-7-lagos-bariloche-san-martin-de-los-andes","status":"publish","type":"product","link":"https:\/\/patagoniabooking.com\/pt\/product\/rota-dos-7-lagos-bariloche-san-martin-de-los-andes\/","title":{"rendered":"San Mart\u00edn de los Andes pela Rota dos 7 Lagos"},"content":{"rendered":"<h2 class=\"ai-optimize-22\">Experimente a inesquec\u00edvel viagem a San Mart\u00edn de los Andes<\/h2>\n<p class=\"ai-optimize-23 ai-optimize-introduction\">Deixe-se surpreender por uma experi\u00eancia \u00fanica, partindo de Bariloche e se aventurando at\u00e9 a encantadora San Martin de los Andes. Essa viagem pela <strong>Rota Nacional 40<\/strong> mergulha voc\u00ea em panoramas de sonho: come\u00e7ando pela deslumbrante <strong>Dina Huapi<\/strong>, do outro lado do rio <strong>Limay<\/strong>, e passear pela grandiosidade natural do <strong>Parque Nacional Nahuel Huapi<\/strong>.<\/p>\n<h3 class=\"ai-optimize-24\">Um espet\u00e1culo da natureza em cada curva<\/h3>\n<p class=\"ai-optimize-25\">Em cada trecho, voc\u00ea ficar\u00e1 fascinado com as vistas da <strong>lagos Espejo, Correntoso, Escondido, Villarino, Falkner, Mach\u00f4nico<\/strong> e o maravilhoso <strong>Lago L\u00e1car<\/strong>, no cora\u00e7\u00e3o da <strong>Parque Nacional Lan\u00edn<\/strong>. Cada parada ao longo do caminho deixa rastros, ideais para recarregar as baterias e guardar cart\u00f5es postais exclusivos.<\/p>\n<h3 class=\"ai-optimize-26\">Descubra a magia de San Mart\u00edn de los Andes<\/h3>\n<p class=\"ai-optimize-27\">Ao chegar a San Martin de los Andes, uma cidade encantadora cercada por colinas imponentes e \u00e1guas cristalinas espera por voc\u00ea. Caminhe por suas ruas de contos de fadas, explore as lojas de souvenirs de artesanato local e relaxe em um cafecito, com um <strong>vis\u00e3o dos sonhos<\/strong> em dire\u00e7\u00e3o ao Lago L\u00e1car.<\/p>\n<h3 class=\"ai-optimize-28\">Dados da rota<\/h3>\n<ul>\n<li class=\"ai-optimize-29\"><strong>Viagem:<\/strong> Passeio terrestre guiado, com visita \u00e0 Villa La Angostura e \u00e0 Rota dos 7 lagos.<\/li>\n<li class=\"ai-optimize-30\"><strong>Hor\u00e1rio:<\/strong> Das 8:00 \u00e0s 18:30, aproximadamente.<\/li>\n<li class=\"ai-optimize-31\"><strong>Ele inclui:<\/strong> Traslado e guia em espanhol (solicite um guia bil\u00edngue, custo extra).<\/li>\n<li class=\"ai-optimize-32\"><strong>N\u00e3o inclu\u00eddo:<\/strong> Refei\u00e7\u00f5es (voc\u00ea encontrar\u00e1 paradas gastron\u00f4micas ao longo do caminho).<\/li>\n<\/ul>\n<p class=\"ai-optimize-33\">Aproveite esta oportunidade exclusiva de se conectar com a Patag\u00f4nia mais aut\u00eantica.<\/p>\n<h2 class=\"ai-optimize-34\">Perguntas frequentes<\/h2>\n<ul>\n<li class=\"ai-optimize-35\"><strong>O que acontece se o tempo estiver ruim durante a excurs\u00e3o?<\/strong><br \/>\nA caminhada continua mesmo se chover ou nevar, pois esses s\u00e3o os climas cl\u00e1ssicos do sul da Argentina.<\/li>\n<li class=\"ai-optimize-36\"><strong>A proposta inclui a navega\u00e7\u00e3o nos lagos?<\/strong><br \/>\nN\u00e3o, essa \u00e9 uma experi\u00eancia terrestre em um micro-\u00f4nibus, com paradas estrat\u00e9gicas para tirar fotos e apreciar San Martin de los Andes e Villa La Angostura.<\/li>\n<li class=\"ai-optimize-37\"><strong>H\u00e1 paradas ao longo da viagem?<\/strong><br \/>\n\u00c9 claro que h\u00e1 pausas ao longo do caminho e uma parada principal em San Martin de los Andes, onde voc\u00ea almo\u00e7a e explora com mais tempo.<\/li>\n<li class=\"ai-optimize-38\"><strong>Posso terminar meu passeio em outro lugar?<\/strong><br \/>\nSim, h\u00e1 a op\u00e7\u00e3o de terminar em Villa La Angostura ou San Martin de los Andes; a bagagem o acompanha o tempo todo.<\/li>\n<li class=\"ai-optimize-39\"><strong>Posso voltar no dia seguinte?<\/strong><br \/>\nO passeio \u00e9 planejado para terminar no mesmo dia. Se quiser ficar, voc\u00ea s\u00f3 precisa reservar e comprar a viagem de volta separadamente.<\/li>\n<\/ul>","protected":false},"excerpt":{"rendered":"<h2 class=\"ai-optimize-6\">Uma experi\u00eancia da qual voc\u00ea se lembrar\u00e1 para sempre<\/h2>\n<p class=\"ai-optimize-7\">Permita-se ficar maravilhado com seus arredores enquanto viaja pela <strong>rota dos 7 lagos<\/strong> rumo a San Mart\u00edn de los Andes. Descubra paisagens deslumbrantes e explore uma cidade cativante emoldurada pela natureza. Reserve seu lugar e aproveite essa viagem incompar\u00e1vel!<\/p>","protected":false},"featured_media":377837,"comment_status":"open","ping_status":"closed","template":"","meta":[],"product_brand":[],"product_cat":[26,30,31,37,39,42,45,47],"product_tag":[],"class_list":{"0":"post-28","1":"product","2":"type-product","3":"status-publish","4":"has-post-thumbnail","6":"product_cat-adultos","7":"product_cat-con-traslado","8":"product_cat-familia","9":"product_cat-ninos","10":"product_cat-otros","11":"product_cat-sin-comida","12":"product_cat-terrestre","13":"product_cat-todo-el-ano","15":"first","16":"instock","17":"virtual","18":"sold-individually","19":"purchasable","20":"product-type-booking"},"booking_location":"","booking_location_type":"","booking_duration":1,"booking_duration_unit":"hour","booking_buffer":0,"booking_cost":0,"booking_resources":[],"exclude_global_add_ons":false,"addons":[{"name":"STD: Passageiros","type":"input_multiplier","position":0,"required":false,"title_format":"label","default":"","description_enable":false,"description":"","placeholder_enable":false,"placeholder":"","display":"select","restrictions_type":"any_text","adjust_price":true,"price":"71400","price_type":"flat_fee","restrictions":false,"min":"0","max":"0","options":[],"id":1773237111}],"yoast_head":"<!-- This site is optimized with the Yoast SEO Premium plugin v25.2 (Yoast SEO v25.2) - https:\/\/yoast.com\/wordpress\/plugins\/seo\/ -->\n<title>San Mart\u00edn de los Andes por Ruta de los 7 Lagos - Patagonia Booking<\/title>\n<meta name=\"description\" content=\"Recorr\u00e9 la Ruta de los 7 Lagos desde Bariloche hasta San Mart\u00edn de los Andes. Lagos, monta\u00f1as y paisajes \u00fanicos de la Patagonia en un tour guiado.\" \/>\n<meta name=\"robots\" content=\"index, follow, max-snippet:-1, max-image-preview:large, max-video-preview:-1\" \/>\n<link rel=\"canonical\" href=\"https:\/\/patagoniabooking.com\/pt\/product\/rota-dos-7-lagos-bariloche-san-martin-de-los-andes\/\" \/>\n<meta property=\"og:locale\" content=\"pt_BR\" \/>\n<meta property=\"og:type\" content=\"article\" \/>\n<meta property=\"og:title\" content=\"San Mart\u00edn de los Andes por Ruta de los 7 Lagos\" \/>\n<meta property=\"og:description\" content=\"Recorr\u00e9 la Ruta de los 7 Lagos desde Bariloche hasta San Mart\u00edn de los Andes. Lagos, monta\u00f1as y paisajes \u00fanicos de la Patagonia en un tour guiado.\" \/>\n<meta property=\"og:url\" content=\"https:\/\/patagoniabooking.com\/pt\/product\/rota-dos-7-lagos-bariloche-san-martin-de-los-andes\/\" \/>\n<meta property=\"og:site_name\" content=\"Patagonia Booking\" \/>\n<meta property=\"article:modified_time\" content=\"2026-04-08T19:32:42+00:00\" \/>\n<meta property=\"og:image\" content=\"https:\/\/patagoniabooking.com\/wp-content\/uploads\/sites\/2\/2025\/06\/4-D-GOPR1249-copia.jpg\" \/>\n\t<meta property=\"og:image:width\" content=\"992\" \/>\n\t<meta property=\"og:image:height\" content=\"1323\" \/>\n\t<meta property=\"og:image:type\" content=\"image\/jpeg\" \/>\n<meta name=\"twitter:card\" content=\"summary_large_image\" \/>\n<meta name=\"twitter:label1\" content=\"Pre\u00e7o\" \/>\n\t<meta name=\"twitter:data1\" content=\"&#036;71,400.00\" \/>\n\t<meta name=\"twitter:label2\" content=\"Disponibilidade\" \/>\n\t<meta name=\"twitter:data2\" content=\"Em Estoque\" \/>\n<script type=\"application\/ld+json\" class=\"yoast-schema-graph\">{\"@context\":\"https:\/\/schema.org\",\"@graph\":[{\"@type\":\"WebPage\",\"@id\":\"https:\/\/patagoniabooking.com\/product\/ruta-de-los-7-lagos-bariloche-san-martin-de-los-andes\/\",\"url\":\"https:\/\/patagoniabooking.com\/product\/ruta-de-los-7-lagos-bariloche-san-martin-de-los-andes\/\",\"name\":\"San Mart\u00edn de los Andes por Ruta de los 7 Lagos - Patagonia Booking\",\"isPartOf\":{\"@id\":\"https:\/\/patagoniabooking.com\/#website\"},\"primaryImageOfPage\":{\"@id\":\"https:\/\/patagoniabooking.com\/product\/ruta-de-los-7-lagos-bariloche-san-martin-de-los-andes\/#primaryimage\"},\"image\":{\"@id\":\"https:\/\/patagoniabooking.com\/product\/ruta-de-los-7-lagos-bariloche-san-martin-de-los-andes\/#primaryimage\"},\"thumbnailUrl\":\"https:\/\/patagoniabooking.com\/wp-content\/uploads\/sites\/2\/2025\/06\/4-D-GOPR1249-copia.jpg\",\"datePublished\":\"2025-06-12T13:33:23+00:00\",\"dateModified\":\"2026-04-08T19:32:42+00:00\",\"description\":\"Recorr\u00e9 la Ruta de los 7 Lagos desde Bariloche hasta San Mart\u00edn de los Andes. Lagos, monta\u00f1as y paisajes \u00fanicos de la Patagonia en un tour guiado.\",\"breadcrumb\":{\"@id\":\"https:\/\/patagoniabooking.com\/product\/ruta-de-los-7-lagos-bariloche-san-martin-de-los-andes\/#breadcrumb\"},\"inLanguage\":\"pt-BR\",\"potentialAction\":[{\"@type\":\"ReadAction\",\"target\":[\"https:\/\/patagoniabooking.com\/product\/ruta-de-los-7-lagos-bariloche-san-martin-de-los-andes\/\"]}]},{\"@type\":\"ImageObject\",\"inLanguage\":\"pt-BR\",\"@id\":\"https:\/\/patagoniabooking.com\/product\/ruta-de-los-7-lagos-bariloche-san-martin-de-los-andes\/#primaryimage\",\"url\":\"https:\/\/patagoniabooking.com\/wp-content\/uploads\/sites\/2\/2025\/06\/4-D-GOPR1249-copia.jpg\",\"contentUrl\":\"https:\/\/patagoniabooking.com\/wp-content\/uploads\/sites\/2\/2025\/06\/4-D-GOPR1249-copia.jpg\",\"width\":992,\"height\":1323,\"caption\":\"DCIM100GOPROGOPR1249.JPG\"},{\"@type\":\"BreadcrumbList\",\"@id\":\"https:\/\/patagoniabooking.com\/product\/ruta-de-los-7-lagos-bariloche-san-martin-de-los-andes\/#breadcrumb\",\"itemListElement\":[{\"@type\":\"ListItem\",\"position\":1,\"name\":\"Inicio\",\"item\":\"https:\/\/patagoniabooking.com\/\"},{\"@type\":\"ListItem\",\"position\":2,\"name\":\"Lista de excursiones\",\"item\":\"https:\/\/patagoniabooking.com\/shop\/\"},{\"@type\":\"ListItem\",\"position\":3,\"name\":\"San Mart\u00edn de los Andes por Ruta de los 7 Lagos\"}]},{\"@type\":\"WebSite\",\"@id\":\"https:\/\/patagoniabooking.com\/#website\",\"url\":\"https:\/\/patagoniabooking.com\/\",\"name\":\"Patagonia Booking\",\"description\":\"\",\"publisher\":{\"@id\":\"https:\/\/patagoniabooking.com\/#organization\"},\"potentialAction\":[{\"@type\":\"SearchAction\",\"target\":{\"@type\":\"EntryPoint\",\"urlTemplate\":\"https:\/\/patagoniabooking.com\/?s={search_term_string}\"},\"query-input\":{\"@type\":\"PropertyValueSpecification\",\"valueRequired\":true,\"valueName\":\"search_term_string\"}}],\"inLanguage\":\"pt-BR\"},{\"@type\":\"Organization\",\"@id\":\"https:\/\/patagoniabooking.com\/#organization\",\"name\":\"Patagonia Booking\",\"url\":\"https:\/\/patagoniabooking.com\/\",\"logo\":{\"@type\":\"ImageObject\",\"inLanguage\":\"pt-BR\",\"@id\":\"https:\/\/patagoniabooking.com\/#\/schema\/logo\/image\/\",\"url\":\"https:\/\/patagoniabooking.com\/wp-content\/uploads\/sites\/2\/2025\/06\/logo-patagonia-booking.png\",\"contentUrl\":\"https:\/\/patagoniabooking.com\/wp-content\/uploads\/sites\/2\/2025\/06\/logo-patagonia-booking.png\",\"width\":80,\"height\":80,\"caption\":\"Patagonia Booking\"},\"image\":{\"@id\":\"https:\/\/patagoniabooking.com\/#\/schema\/logo\/image\/\"}}]}<\/script>\n<meta property=\"product:price:amount\" content=\"71400.00\" \/>\n<meta property=\"product:price:currency\" content=\"ARS\" \/>\n<meta property=\"og:availability\" content=\"instock\" \/>\n<meta property=\"product:availability\" content=\"instock\" \/>\n<meta property=\"product:retailer_item_id\" content=\"ADV2025SAMADEQ219\" \/>\n<meta property=\"product:condition\" content=\"new\" \/>\n<!-- \/ Yoast SEO Premium plugin. -->","yoast_head_json":{"title":"San Mart\u00edn de los Andes na Rota dos 7 Lagos - Patag\u00f4nia Booking","description":"Viaje pela Rota dos 7 Lagos de Bariloche a San Martin de los Andes. Lagos, montanhas e paisagens \u00fanicas da Patag\u00f4nia em uma visita guiada.","robots":{"index":"index","follow":"follow","max-snippet":"max-snippet:-1","max-image-preview":"max-image-preview:large","max-video-preview":"max-video-preview:-1"},"canonical":"https:\/\/patagoniabooking.com\/pt\/product\/rota-dos-7-lagos-bariloche-san-martin-de-los-andes\/","og_locale":"pt_BR","og_type":"article","og_title":"San Mart\u00edn de los Andes por Ruta de los 7 Lagos","og_description":"Recorr\u00e9 la Ruta de los 7 Lagos desde Bariloche hasta San Mart\u00edn de los Andes. Lagos, monta\u00f1as y paisajes \u00fanicos de la Patagonia en un tour guiado.","og_url":"https:\/\/patagoniabooking.com\/pt\/product\/rota-dos-7-lagos-bariloche-san-martin-de-los-andes\/","og_site_name":"Patagonia Booking","article_modified_time":"2026-04-08T19:32:42+00:00","og_image":[{"width":992,"height":1323,"url":"https:\/\/patagoniabooking.com\/wp-content\/uploads\/sites\/2\/2025\/06\/4-D-GOPR1249-copia.jpg","type":"image\/jpeg"}],"twitter_card":"summary_large_image","twitter_misc":{"Pre\u00e7o":"&#36;71,400.00","Disponibilidade":"Em Estoque"},"schema":{"@context":"https:\/\/schema.org","@graph":[{"@type":"WebPage","@id":"https:\/\/patagoniabooking.com\/product\/ruta-de-los-7-lagos-bariloche-san-martin-de-los-andes\/","url":"https:\/\/patagoniabooking.com\/product\/ruta-de-los-7-lagos-bariloche-san-martin-de-los-andes\/","name":"San Mart\u00edn de los Andes na Rota dos 7 Lagos - Patag\u00f4nia Booking","isPartOf":{"@id":"https:\/\/patagoniabooking.com\/#website"},"primaryImageOfPage":{"@id":"https:\/\/patagoniabooking.com\/product\/ruta-de-los-7-lagos-bariloche-san-martin-de-los-andes\/#primaryimage"},"image":{"@id":"https:\/\/patagoniabooking.com\/product\/ruta-de-los-7-lagos-bariloche-san-martin-de-los-andes\/#primaryimage"},"thumbnailUrl":"https:\/\/patagoniabooking.com\/wp-content\/uploads\/sites\/2\/2025\/06\/4-D-GOPR1249-copia.jpg","datePublished":"2025-06-12T13:33:23+00:00","dateModified":"2026-04-08T19:32:42+00:00","description":"Viaje pela Rota dos 7 Lagos de Bariloche a San Martin de los Andes. Lagos, montanhas e paisagens \u00fanicas da Patag\u00f4nia em uma visita guiada.","breadcrumb":{"@id":"https:\/\/patagoniabooking.com\/product\/ruta-de-los-7-lagos-bariloche-san-martin-de-los-andes\/#breadcrumb"},"inLanguage":"pt-BR","potentialAction":[{"@type":"ReadAction","target":["https:\/\/patagoniabooking.com\/product\/ruta-de-los-7-lagos-bariloche-san-martin-de-los-andes\/"]}]},{"@type":"ImageObject","inLanguage":"pt-BR","@id":"https:\/\/patagoniabooking.com\/product\/ruta-de-los-7-lagos-bariloche-san-martin-de-los-andes\/#primaryimage","url":"https:\/\/patagoniabooking.com\/wp-content\/uploads\/sites\/2\/2025\/06\/4-D-GOPR1249-copia.jpg","contentUrl":"https:\/\/patagoniabooking.com\/wp-content\/uploads\/sites\/2\/2025\/06\/4-D-GOPR1249-copia.jpg","width":992,"height":1323,"caption":"DCIM100GOPROGOPR1249.JPG"},{"@type":"BreadcrumbList","@id":"https:\/\/patagoniabooking.com\/product\/ruta-de-los-7-lagos-bariloche-san-martin-de-los-andes\/#breadcrumb","itemListElement":[{"@type":"ListItem","position":1,"name":"Inicio","item":"https:\/\/patagoniabooking.com\/"},{"@type":"ListItem","position":2,"name":"Lista de excursiones","item":"https:\/\/patagoniabooking.com\/shop\/"},{"@type":"ListItem","position":3,"name":"San Mart\u00edn de los Andes por Ruta de los 7 Lagos"}]},{"@type":"WebSite","@id":"https:\/\/patagoniabooking.com\/#website","url":"https:\/\/patagoniabooking.com\/","name":"Reservas para a Patag\u00f4nia","description":"","publisher":{"@id":"https:\/\/patagoniabooking.com\/#organization"},"potentialAction":[{"@type":"SearchAction","target":{"@type":"EntryPoint","urlTemplate":"https:\/\/patagoniabooking.com\/?s={search_term_string}"},"query-input":{"@type":"PropertyValueSpecification","valueRequired":true,"valueName":"search_term_string"}}],"inLanguage":"pt-BR"},{"@type":"Organization","@id":"https:\/\/patagoniabooking.com\/#organization","name":"Reservas para a Patag\u00f4nia","url":"https:\/\/patagoniabooking.com\/","logo":{"@type":"ImageObject","inLanguage":"pt-BR","@id":"https:\/\/patagoniabooking.com\/#\/schema\/logo\/image\/","url":"https:\/\/patagoniabooking.com\/wp-content\/uploads\/sites\/2\/2025\/06\/logo-patagonia-booking.png","contentUrl":"https:\/\/patagoniabooking.com\/wp-content\/uploads\/sites\/2\/2025\/06\/logo-patagonia-booking.png","width":80,"height":80,"caption":"Patagonia Booking"},"image":{"@id":"https:\/\/patagoniabooking.com\/#\/schema\/logo\/image\/"}}]},"product_price_amount":"71400.00","product_price_currency":"ARS","og_availability":"instock","product_availability":"instock","product_retailer_item_id":"ADV2025SAMADEQ219","product_condition":"new"},"_links":{"self":[{"href":"https:\/\/patagoniabooking.com\/pt\/wp-json\/wp\/v2\/product\/28","targetHints":{"allow":["GET"]}}],"collection":[{"href":"https:\/\/patagoniabooking.com\/pt\/wp-json\/wp\/v2\/product"}],"about":[{"href":"https:\/\/patagoniabooking.com\/pt\/wp-json\/wp\/v2\/types\/product"}],"replies":[{"embeddable":true,"href":"https:\/\/patagoniabooking.com\/pt\/wp-json\/wp\/v2\/comments?post=28"}],"wp:featuredmedia":[{"embeddable":true,"href":"https:\/\/patagoniabooking.com\/pt\/wp-json\/wp\/v2\/media\/377837"}],"wp:attachment":[{"href":"https:\/\/patagoniabooking.com\/pt\/wp-json\/wp\/v2\/media?parent=28"}],"wp:term":[{"taxonomy":"product_brand","embeddable":true,"href":"https:\/\/patagoniabooking.com\/pt\/wp-json\/wp\/v2\/product_brand?post=28"},{"taxonomy":"product_cat","embeddable":true,"href":"https:\/\/patagoniabooking.com\/pt\/wp-json\/wp\/v2\/product_cat?post=28"},{"taxonomy":"product_tag","embeddable":true,"href":"https:\/\/patagoniabooking.com\/pt\/wp-json\/wp\/v2\/product_tag?post=28"}],"curies":[{"name":"wp","href":"https:\/\/api.w.org\/{rel}","templated":true}]}}