{"id":27,"date":"2025-06-12T10:33:00","date_gmt":"2025-06-12T13:33:00","guid":{"rendered":"https:\/\/patagoniabooking.shop\/product\/cerro-tronador-y-ventisquero-negro-exploracion-total-en-el-corazon-de-la-patagonia\/"},"modified":"2026-03-31T12:13:21","modified_gmt":"2026-03-31T15:13:21","slug":"cerro-tronador-y-ventisquero-negro","status":"publish","type":"product","link":"https:\/\/patagoniabooking.com\/pt\/product\/cerro-tronador-e-ventisquero-negro\/","title":{"rendered":"Cerro Tronador e Ventisquero Negro: explora\u00e7\u00e3o completa no cora\u00e7\u00e3o da Patag\u00f4nia"},"content":{"rendered":"<h3 class=\"ai-optimize-6\" data-start=\"470\" data-end=\"552\"><strong data-start=\"474\" data-end=\"552\">Uma aventura por um dos cen\u00e1rios mais deslumbrantes dos Andes Patag\u00f4nicos.<\/strong><\/h3>\n<p class=\"ai-optimize-introduction ai-optimize-7\" data-start=\"554\" data-end=\"888\">Viva uma experi\u00eancia \u00fanica viajando por uma das paisagens menos exploradas do Parque Nacional Nahuel Huapi. O <strong data-start=\"666\" data-end=\"684\">Serra do Tronador<\/strong>, com seus imut\u00e1veis picos cobertos de neve e geleiras em constante movimento, \u00e9 um emblema da Patag\u00f4nia e uma atra\u00e7\u00e3o imperd\u00edvel para os f\u00e3s da natureza intensa e da vida ao ar livre.<\/p>\n<p class=\"ai-optimize-8\" data-start=\"890\" data-end=\"1248\">O passeio parte de pontos de encontro em Bariloche (no centro da cidade ou no km 8 da Av. Bustillo ou Av. Pioneros), seguindo a rota que passa pelos lagos Gutierrez e Mascardi. No caminho, voc\u00ea poder\u00e1 tirar fotos em paradas ic\u00f4nicas, como <strong data-start=\"1147\" data-end=\"1162\">Praia Negra<\/strong> e o <strong data-start=\"1168\" data-end=\"1198\">Mirante da Ilha do Cora\u00e7\u00e3o<\/strong>, e uma pausa para relaxar no acampamento Los R\u00e1pidos.<\/p>\n<p class=\"ai-optimize-9\" data-start=\"1250\" data-end=\"1591\">A viagem continua at\u00e9 o <strong data-start=\"1287\" data-end=\"1308\">Neve Negra<\/strong>, Uma geleira que desce do cume do Cerro Tronador. L\u00e1 voc\u00ea se maravilhar\u00e1 com o contraste entre o gelo escuro e os picos brancos. Em <strong data-start=\"1490\" data-end=\"1505\">Pampa Linda<\/strong>, Ap\u00f3s o almo\u00e7o, h\u00e1 tempo livre para almo\u00e7ar nos abrigos locais e se conectar com a tranquilidade do lugar.<\/p>\n<p class=\"ai-optimize-10\" data-start=\"1593\" data-end=\"1835\">A sa\u00edda \u00e9 das 9h \u00e0s 18h30, aproximadamente, e inclui traslado, guia que fala ingl\u00eas e paradas selecionadas para apreciar essa joia natural. N\u00e3o inclui almo\u00e7o nem entrada para o Parque Nacional, que \u00e9 paga separadamente.<\/p>\n<h3 class=\"ai-optimize-11\" data-start=\"1842\" data-end=\"1870\"><strong data-start=\"1846\" data-end=\"1870\">Perguntas frequentes<\/strong><\/h3>\n<p class=\"ai-optimize-12\" data-start=\"1872\" data-end=\"2010\"><strong data-start=\"1872\" data-end=\"1908\">Voc\u00ea precisa estar em forma?<\/strong><br data-start=\"1908\" data-end=\"1911\" \/>N\u00e3o, \u00e9 um passeio de ve\u00edculo com pequenas caminhadas em pontos panor\u00e2micos. Ideal para todas as idades.<\/p>\n<p class=\"ai-optimize-13\" data-start=\"2012\" data-end=\"2124\"><strong data-start=\"2012\" data-end=\"2038\">Onde almo\u00e7ar?<\/strong><br data-start=\"2038\" data-end=\"2041\" \/>Em Pampa Linda, h\u00e1 ref\u00fagios onde voc\u00ea pode saborear a comida t\u00edpica e se refrescar com bebidas locais.<\/p>\n<p class=\"ai-optimize-14\" data-start=\"2126\" data-end=\"2290\"><strong data-start=\"2126\" data-end=\"2160\">O que levar?<\/strong><br data-start=\"2160\" data-end=\"2163\" \/>Roupas confort\u00e1veis, roupas quentes, cal\u00e7ados para caminhada, protetor solar, \u00e1gua e dinheiro para a entrada no parque e alimenta\u00e7\u00e3o.<\/p>\n<p class=\"ai-optimize-15\" data-start=\"2292\" data-end=\"2476\"><strong data-start=\"2292\" data-end=\"2322\">O que est\u00e1 inclu\u00eddo?<\/strong><br data-start=\"2322\" data-end=\"2325\" \/>Traslados de ida e volta aos pontos de encontro, guia especializado e passeio completo. N\u00e3o inclui almo\u00e7o ou entrada no Parque Nacional Nahuel Huapi.<\/p>","protected":false},"excerpt":{"rendered":"<p class=\"ai-optimize-6\">Viva uma experi\u00eancia \u00fanica explorando o Parque Nacional Nahuel Huapi, admirando a beleza imponente do Cerro Tronador e o impressionante Glaciar Ventisquero Negro. Uma combina\u00e7\u00e3o ideal de paisagens naturais, aventura e conforto.<\/p>","protected":false},"featured_media":377840,"comment_status":"open","ping_status":"closed","template":"","meta":[],"product_brand":[],"product_cat":[26,30,31,37,39,42,45,47],"product_tag":[],"class_list":{"0":"post-27","1":"product","2":"type-product","3":"status-publish","4":"has-post-thumbnail","6":"product_cat-adultos","7":"product_cat-con-traslado","8":"product_cat-familia","9":"product_cat-ninos","10":"product_cat-otros","11":"product_cat-sin-comida","12":"product_cat-terrestre","13":"product_cat-todo-el-ano","15":"first","16":"instock","17":"virtual","18":"sold-individually","19":"purchasable","20":"product-type-booking"},"booking_location":"","booking_location_type":"","booking_duration":1,"booking_duration_unit":"hour","booking_buffer":0,"booking_cost":0,"booking_resources":[],"exclude_global_add_ons":false,"addons":[{"name":"STD: Passageiros","type":"input_multiplier","position":0,"required":false,"title_format":"label","default":"","description_enable":false,"description":"","placeholder_enable":false,"placeholder":"","display":"select","restrictions_type":"any_text","adjust_price":true,"price":"59400","price_type":"quantity_based","restrictions":false,"min":"0","max":"0","options":[],"id":1773237140}],"yoast_head":"<!-- This site is optimized with the Yoast SEO Premium plugin v25.2 (Yoast SEO v25.2) - https:\/\/yoast.com\/wordpress\/plugins\/seo\/ -->\n<title>Cerro Tronador y Ventisquero Negro | Excursi\u00f3n desde Bariloche - Patagonia Booking<\/title>\n<meta name=\"description\" content=\"Explor\u00e1 el Cerro Tronador y el Ventisquero Negro desde Bariloche. Glaciares, miradores y lagos patag\u00f3nicos en una excursi\u00f3n imperdible del Nahuel Huapi.\" \/>\n<meta name=\"robots\" content=\"index, follow, max-snippet:-1, max-image-preview:large, max-video-preview:-1\" \/>\n<link rel=\"canonical\" href=\"https:\/\/patagoniabooking.com\/pt\/product\/cerro-tronador-e-ventisquero-negro\/\" \/>\n<meta property=\"og:locale\" content=\"pt_BR\" \/>\n<meta property=\"og:type\" content=\"article\" \/>\n<meta property=\"og:title\" content=\"Cerro Tronador y Ventisquero Negro: exploraci\u00f3n total en el coraz\u00f3n de la Patagonia\" \/>\n<meta property=\"og:description\" content=\"Explor\u00e1 el Cerro Tronador y el Ventisquero Negro desde Bariloche. Glaciares, miradores y lagos patag\u00f3nicos en una excursi\u00f3n imperdible del Nahuel Huapi.\" \/>\n<meta property=\"og:url\" content=\"https:\/\/patagoniabooking.com\/pt\/product\/cerro-tronador-e-ventisquero-negro\/\" \/>\n<meta property=\"og:site_name\" content=\"Patagonia Booking\" \/>\n<meta property=\"article:modified_time\" content=\"2026-03-31T15:13:21+00:00\" \/>\n<meta property=\"og:image\" content=\"https:\/\/patagoniabooking.com\/wp-content\/uploads\/sites\/2\/2025\/06\/4-D-DSC_0435-copia-1.jpg\" \/>\n\t<meta property=\"og:image:width\" content=\"992\" \/>\n\t<meta property=\"og:image:height\" content=\"1323\" \/>\n\t<meta property=\"og:image:type\" content=\"image\/jpeg\" \/>\n<meta name=\"twitter:card\" content=\"summary_large_image\" \/>\n<meta name=\"twitter:label1\" content=\"Pre\u00e7o\" \/>\n\t<meta name=\"twitter:data1\" content=\"&#036;59,400.00\" \/>\n\t<meta name=\"twitter:label2\" content=\"Disponibilidade\" \/>\n\t<meta name=\"twitter:data2\" content=\"Em Estoque\" \/>\n<script type=\"application\/ld+json\" class=\"yoast-schema-graph\">{\"@context\":\"https:\/\/schema.org\",\"@graph\":[{\"@type\":\"WebPage\",\"@id\":\"https:\/\/patagoniabooking.com\/product\/cerro-tronador-y-ventisquero-negro\/\",\"url\":\"https:\/\/patagoniabooking.com\/product\/cerro-tronador-y-ventisquero-negro\/\",\"name\":\"Cerro Tronador y Ventisquero Negro | Excursi\u00f3n desde Bariloche - Patagonia Booking\",\"isPartOf\":{\"@id\":\"https:\/\/patagoniabooking.com\/#website\"},\"primaryImageOfPage\":{\"@id\":\"https:\/\/patagoniabooking.com\/product\/cerro-tronador-y-ventisquero-negro\/#primaryimage\"},\"image\":{\"@id\":\"https:\/\/patagoniabooking.com\/product\/cerro-tronador-y-ventisquero-negro\/#primaryimage\"},\"thumbnailUrl\":\"https:\/\/patagoniabooking.com\/wp-content\/uploads\/sites\/2\/2025\/06\/4-D-DSC_0435-copia-1.jpg\",\"datePublished\":\"2025-06-12T13:33:00+00:00\",\"dateModified\":\"2026-03-31T15:13:21+00:00\",\"description\":\"Explor\u00e1 el Cerro Tronador y el Ventisquero Negro desde Bariloche. Glaciares, miradores y lagos patag\u00f3nicos en una excursi\u00f3n imperdible del Nahuel Huapi.\",\"breadcrumb\":{\"@id\":\"https:\/\/patagoniabooking.com\/product\/cerro-tronador-y-ventisquero-negro\/#breadcrumb\"},\"inLanguage\":\"pt-BR\",\"potentialAction\":[{\"@type\":\"ReadAction\",\"target\":[\"https:\/\/patagoniabooking.com\/product\/cerro-tronador-y-ventisquero-negro\/\"]}]},{\"@type\":\"ImageObject\",\"inLanguage\":\"pt-BR\",\"@id\":\"https:\/\/patagoniabooking.com\/product\/cerro-tronador-y-ventisquero-negro\/#primaryimage\",\"url\":\"https:\/\/patagoniabooking.com\/wp-content\/uploads\/sites\/2\/2025\/06\/4-D-DSC_0435-copia-1.jpg\",\"contentUrl\":\"https:\/\/patagoniabooking.com\/wp-content\/uploads\/sites\/2\/2025\/06\/4-D-DSC_0435-copia-1.jpg\",\"width\":992,\"height\":1323},{\"@type\":\"BreadcrumbList\",\"@id\":\"https:\/\/patagoniabooking.com\/product\/cerro-tronador-y-ventisquero-negro\/#breadcrumb\",\"itemListElement\":[{\"@type\":\"ListItem\",\"position\":1,\"name\":\"Inicio\",\"item\":\"https:\/\/patagoniabooking.com\/\"},{\"@type\":\"ListItem\",\"position\":2,\"name\":\"Lista de excursiones\",\"item\":\"https:\/\/patagoniabooking.com\/shop\/\"},{\"@type\":\"ListItem\",\"position\":3,\"name\":\"Cerro Tronador y Ventisquero Negro: exploraci\u00f3n total en el coraz\u00f3n de la Patagonia\"}]},{\"@type\":\"WebSite\",\"@id\":\"https:\/\/patagoniabooking.com\/#website\",\"url\":\"https:\/\/patagoniabooking.com\/\",\"name\":\"Patagonia Booking\",\"description\":\"\",\"publisher\":{\"@id\":\"https:\/\/patagoniabooking.com\/#organization\"},\"potentialAction\":[{\"@type\":\"SearchAction\",\"target\":{\"@type\":\"EntryPoint\",\"urlTemplate\":\"https:\/\/patagoniabooking.com\/?s={search_term_string}\"},\"query-input\":{\"@type\":\"PropertyValueSpecification\",\"valueRequired\":true,\"valueName\":\"search_term_string\"}}],\"inLanguage\":\"pt-BR\"},{\"@type\":\"Organization\",\"@id\":\"https:\/\/patagoniabooking.com\/#organization\",\"name\":\"Patagonia Booking\",\"url\":\"https:\/\/patagoniabooking.com\/\",\"logo\":{\"@type\":\"ImageObject\",\"inLanguage\":\"pt-BR\",\"@id\":\"https:\/\/patagoniabooking.com\/#\/schema\/logo\/image\/\",\"url\":\"https:\/\/patagoniabooking.com\/wp-content\/uploads\/sites\/2\/2025\/06\/logo-patagonia-booking.png\",\"contentUrl\":\"https:\/\/patagoniabooking.com\/wp-content\/uploads\/sites\/2\/2025\/06\/logo-patagonia-booking.png\",\"width\":80,\"height\":80,\"caption\":\"Patagonia Booking\"},\"image\":{\"@id\":\"https:\/\/patagoniabooking.com\/#\/schema\/logo\/image\/\"}}]}<\/script>\n<meta property=\"product:price:amount\" content=\"59400.00\" \/>\n<meta property=\"product:price:currency\" content=\"ARS\" \/>\n<meta property=\"og:availability\" content=\"instock\" \/>\n<meta property=\"product:availability\" content=\"instock\" \/>\n<meta property=\"product:retailer_item_id\" content=\"ADV2025CETRYVHMNO\" \/>\n<meta property=\"product:condition\" content=\"new\" \/>\n<!-- \/ Yoast SEO Premium plugin. -->","yoast_head_json":{"title":"Excurs\u00e3o ao Cerro Tronador e Ventisquero Negro saindo de Bariloche - Patag\u00f4nia Booking","description":"Explore o Cerro Tronador e o Ventisquero Negro a partir de Bariloche. Geleiras, mirantes e lagos patag\u00f4nicos em uma excurs\u00e3o imperd\u00edvel a Nahuel Huapi.","robots":{"index":"index","follow":"follow","max-snippet":"max-snippet:-1","max-image-preview":"max-image-preview:large","max-video-preview":"max-video-preview:-1"},"canonical":"https:\/\/patagoniabooking.com\/pt\/product\/cerro-tronador-e-ventisquero-negro\/","og_locale":"pt_BR","og_type":"article","og_title":"Cerro Tronador y Ventisquero Negro: exploraci\u00f3n total en el coraz\u00f3n de la Patagonia","og_description":"Explor\u00e1 el Cerro Tronador y el Ventisquero Negro desde Bariloche. Glaciares, miradores y lagos patag\u00f3nicos en una excursi\u00f3n imperdible del Nahuel Huapi.","og_url":"https:\/\/patagoniabooking.com\/pt\/product\/cerro-tronador-e-ventisquero-negro\/","og_site_name":"Patagonia Booking","article_modified_time":"2026-03-31T15:13:21+00:00","og_image":[{"width":992,"height":1323,"url":"https:\/\/patagoniabooking.com\/wp-content\/uploads\/sites\/2\/2025\/06\/4-D-DSC_0435-copia-1.jpg","type":"image\/jpeg"}],"twitter_card":"summary_large_image","twitter_misc":{"Pre\u00e7o":"&#36;59,400.00","Disponibilidade":"Em Estoque"},"schema":{"@context":"https:\/\/schema.org","@graph":[{"@type":"WebPage","@id":"https:\/\/patagoniabooking.com\/product\/cerro-tronador-y-ventisquero-negro\/","url":"https:\/\/patagoniabooking.com\/product\/cerro-tronador-y-ventisquero-negro\/","name":"Excurs\u00e3o ao Cerro Tronador e Ventisquero Negro saindo de Bariloche - Patag\u00f4nia Booking","isPartOf":{"@id":"https:\/\/patagoniabooking.com\/#website"},"primaryImageOfPage":{"@id":"https:\/\/patagoniabooking.com\/product\/cerro-tronador-y-ventisquero-negro\/#primaryimage"},"image":{"@id":"https:\/\/patagoniabooking.com\/product\/cerro-tronador-y-ventisquero-negro\/#primaryimage"},"thumbnailUrl":"https:\/\/patagoniabooking.com\/wp-content\/uploads\/sites\/2\/2025\/06\/4-D-DSC_0435-copia-1.jpg","datePublished":"2025-06-12T13:33:00+00:00","dateModified":"2026-03-31T15:13:21+00:00","description":"Explore o Cerro Tronador e o Ventisquero Negro a partir de Bariloche. Geleiras, mirantes e lagos patag\u00f4nicos em uma excurs\u00e3o imperd\u00edvel a Nahuel Huapi.","breadcrumb":{"@id":"https:\/\/patagoniabooking.com\/product\/cerro-tronador-y-ventisquero-negro\/#breadcrumb"},"inLanguage":"pt-BR","potentialAction":[{"@type":"ReadAction","target":["https:\/\/patagoniabooking.com\/product\/cerro-tronador-y-ventisquero-negro\/"]}]},{"@type":"ImageObject","inLanguage":"pt-BR","@id":"https:\/\/patagoniabooking.com\/product\/cerro-tronador-y-ventisquero-negro\/#primaryimage","url":"https:\/\/patagoniabooking.com\/wp-content\/uploads\/sites\/2\/2025\/06\/4-D-DSC_0435-copia-1.jpg","contentUrl":"https:\/\/patagoniabooking.com\/wp-content\/uploads\/sites\/2\/2025\/06\/4-D-DSC_0435-copia-1.jpg","width":992,"height":1323},{"@type":"BreadcrumbList","@id":"https:\/\/patagoniabooking.com\/product\/cerro-tronador-y-ventisquero-negro\/#breadcrumb","itemListElement":[{"@type":"ListItem","position":1,"name":"Inicio","item":"https:\/\/patagoniabooking.com\/"},{"@type":"ListItem","position":2,"name":"Lista de excursiones","item":"https:\/\/patagoniabooking.com\/shop\/"},{"@type":"ListItem","position":3,"name":"Cerro Tronador y Ventisquero Negro: exploraci\u00f3n total en el coraz\u00f3n de la Patagonia"}]},{"@type":"WebSite","@id":"https:\/\/patagoniabooking.com\/#website","url":"https:\/\/patagoniabooking.com\/","name":"Reservas para a Patag\u00f4nia","description":"","publisher":{"@id":"https:\/\/patagoniabooking.com\/#organization"},"potentialAction":[{"@type":"SearchAction","target":{"@type":"EntryPoint","urlTemplate":"https:\/\/patagoniabooking.com\/?s={search_term_string}"},"query-input":{"@type":"PropertyValueSpecification","valueRequired":true,"valueName":"search_term_string"}}],"inLanguage":"pt-BR"},{"@type":"Organization","@id":"https:\/\/patagoniabooking.com\/#organization","name":"Reservas para a Patag\u00f4nia","url":"https:\/\/patagoniabooking.com\/","logo":{"@type":"ImageObject","inLanguage":"pt-BR","@id":"https:\/\/patagoniabooking.com\/#\/schema\/logo\/image\/","url":"https:\/\/patagoniabooking.com\/wp-content\/uploads\/sites\/2\/2025\/06\/logo-patagonia-booking.png","contentUrl":"https:\/\/patagoniabooking.com\/wp-content\/uploads\/sites\/2\/2025\/06\/logo-patagonia-booking.png","width":80,"height":80,"caption":"Patagonia Booking"},"image":{"@id":"https:\/\/patagoniabooking.com\/#\/schema\/logo\/image\/"}}]},"product_price_amount":"59400.00","product_price_currency":"ARS","og_availability":"instock","product_availability":"instock","product_retailer_item_id":"ADV2025CETRYVHMNO","product_condition":"new"},"_links":{"self":[{"href":"https:\/\/patagoniabooking.com\/pt\/wp-json\/wp\/v2\/product\/27","targetHints":{"allow":["GET"]}}],"collection":[{"href":"https:\/\/patagoniabooking.com\/pt\/wp-json\/wp\/v2\/product"}],"about":[{"href":"https:\/\/patagoniabooking.com\/pt\/wp-json\/wp\/v2\/types\/product"}],"replies":[{"embeddable":true,"href":"https:\/\/patagoniabooking.com\/pt\/wp-json\/wp\/v2\/comments?post=27"}],"wp:featuredmedia":[{"embeddable":true,"href":"https:\/\/patagoniabooking.com\/pt\/wp-json\/wp\/v2\/media\/377840"}],"wp:attachment":[{"href":"https:\/\/patagoniabooking.com\/pt\/wp-json\/wp\/v2\/media?parent=27"}],"wp:term":[{"taxonomy":"product_brand","embeddable":true,"href":"https:\/\/patagoniabooking.com\/pt\/wp-json\/wp\/v2\/product_brand?post=27"},{"taxonomy":"product_cat","embeddable":true,"href":"https:\/\/patagoniabooking.com\/pt\/wp-json\/wp\/v2\/product_cat?post=27"},{"taxonomy":"product_tag","embeddable":true,"href":"https:\/\/patagoniabooking.com\/pt\/wp-json\/wp\/v2\/product_tag?post=27"}],"curies":[{"name":"wp","href":"https:\/\/api.w.org\/{rel}","templated":true}]}}