{"id":23,"date":"2025-06-12T10:31:29","date_gmt":"2025-06-12T13:31:29","guid":{"rendered":"https:\/\/patagoniabooking.shop\/product\/la-cueva-travesia-diurna-en-moto-de-nieve-y-cuatriciclos-con-traslado\/"},"modified":"2026-04-10T10:33:29","modified_gmt":"2026-04-10T13:33:29","slug":"la-cueva-travesia-moto-nieve-cuatriciclos","status":"publish","type":"product","link":"https:\/\/patagoniabooking.com\/pt\/product\/passeio-de-quadriciclo-em-motos-de-neve-em-la-cueva\/","title":{"rendered":"La Cueva - Excurs\u00e3o de um dia em motos de neve e quadriciclos - Com traslado"},"content":{"rendered":"<h2 class=\"ai-optimize-7\">Uma experi\u00eancia de inverno inesquec\u00edvel<\/h2>\n<p class=\"ai-optimize-8 ai-optimize-introduction\">Entre no fascinante mundo da Patag\u00f4nia abaixo de zero com uma aventura que combina divers\u00e3o e conforto no puro estilo local. Deixe que nossos guias o levem por trilhas de lenga cobertas de neve e descubra 7 quil\u00f4metros repletos de vistas espetaculares e cantos secretos da montanha. Este \u00e9 o plano perfeito se voc\u00ea quiser sentir a emo\u00e7\u00e3o \u00fanica do inverno, mas com a seguran\u00e7a de especialistas que o acompanham a cada passo do caminho.<\/p>\n<h2 class=\"ai-optimize-9\">Detalhes da rota e da aventura<\/h2>\n<ul>\n<li class=\"ai-optimize-10\"><strong>Rota:<\/strong> Uma rota de 7 km entre riachos e florestas, acessando \u00e1reas especiais da esta\u00e7\u00e3o de esqui apenas para ve\u00edculos preparados para a neve.<\/li>\n<li class=\"ai-optimize-11\"><strong>Modo:<\/strong> Alternando entre ATVs e snowmobiles para a\u00e7\u00e3o e aventura ininterruptas.<\/li>\n<li class=\"ai-optimize-12\"><strong>Altura:<\/strong> Subimos at\u00e9 1.400 metros para que voc\u00ea possa desfrutar de vistas panor\u00e2micas que realmente o surpreender\u00e3o.<\/li>\n<\/ul>\n<h3 class=\"ai-optimize-13\">Condi\u00e7\u00f5es e especifica\u00e7\u00f5es de servi\u00e7o<\/h3>\n<ul>\n<li class=\"ai-optimize-14\"><strong>Turnos:<\/strong> Duas alternativas di\u00e1rias, \u00e0s 08:00 e \u00e0s 13:00.<\/li>\n<li class=\"ai-optimize-15\"><strong>Ele inclui:<\/strong> Guias qualificados, passeios de 50 minutos de quadriciclo e snowmobile (at\u00e9 2 pessoas por unidade) e traslados de ida e volta para o m\u00e1ximo conforto.<\/li>\n<li class=\"ai-optimize-16\"><strong>N\u00e3o inclu\u00eddo:<\/strong> Roupas e alimentos para neve; esteja preparado e traga seu pr\u00f3prio equipamento.<\/li>\n<li class=\"ai-optimize-17\"><strong>Op\u00e7\u00f5es:<\/strong> Voc\u00ea pode escolher com o traslado inclu\u00eddo ou pode ir por conta pr\u00f3pria at\u00e9 o ponto de encontro na base do Cerro Catedral.<\/li>\n<\/ul>\n<h2 class=\"ai-optimize-18\">Perguntas frequentes (FAQ)<\/h2>\n<ul>\n<li class=\"ai-optimize-19\"><strong>Quais servi\u00e7os a proposta abrange?<\/strong>Voc\u00ea ser\u00e1 acompanhado por guias experientes, ter\u00e1 50 minutos inesquec\u00edveis em um quadriciclo e em uma moto de neve, e o traslado est\u00e1 inclu\u00eddo, garantindo que voc\u00ea viver\u00e1 o dia sem preocupa\u00e7\u00f5es.<\/li>\n<li class=\"ai-optimize-20\"><strong>Por onde come\u00e7aremos a expedi\u00e7\u00e3o? <\/strong>A sa\u00edda \u00e9 da base do Cerro Catedral. Se preferir vir sem traslado, basta comparecer ao local e come\u00e7ar a aventura com o grupo.<\/li>\n<li class=\"ai-optimize-21\"><strong>Qual \u00e9 a melhor \u00e9poca para fazer essa viagem? <\/strong>A partir de 15 de junho, as colinas ficam cobertas de branco e as paisagens atingem seu ponto ideal, oferecendo as melhores condi\u00e7\u00f5es para essas atividades.<\/li>\n<li class=\"ai-optimize-22\"><strong>Qual \u00e9 o cuidado que devo ter? <\/strong>Traga um casaco para a neve e tome precau\u00e7\u00f5es contra o frio. N\u00e3o se preocupe: nossos guias explicar\u00e3o tudo e lhe dar\u00e3o o equipamento essencial para que voc\u00ea possa se divertir sem riscos.<\/li>\n<\/ul>","protected":false},"excerpt":{"rendered":"<p class=\"ai-optimize-6\">Descubra uma inesquec\u00edvel aventura de inverno que combina a adrenalina de quadriciclos e motos de neve em um circuito de 7 km por paisagens cobertas de neve e florestas de lengas. Contemple vistas panor\u00e2micas inigual\u00e1veis e relaxe acompanhado pela tranquilidade oferecida por guias profissionais em uma proposta excepcional e confi\u00e1vel.<\/p>","protected":false},"featured_media":377850,"comment_status":"open","ping_status":"closed","template":"","meta":[],"product_brand":[],"product_cat":[26,28,30,31,33,37,42,45],"product_tag":[],"class_list":{"0":"post-23","1":"product","2":"type-product","3":"status-publish","4":"has-post-thumbnail","6":"product_cat-adultos","7":"product_cat-aventura","8":"product_cat-con-traslado","9":"product_cat-familia","10":"product_cat-invierno","11":"product_cat-ninos","12":"product_cat-sin-comida","13":"product_cat-terrestre","15":"first","16":"instock","17":"virtual","18":"sold-individually","19":"purchasable","20":"product-type-booking"},"booking_location":"","booking_location_type":"","booking_duration":1,"booking_duration_unit":"hour","booking_buffer":0,"booking_cost":0,"booking_resources":[],"exclude_global_add_ons":false,"addons":[{"name":"ADU: Adulto","type":"input_multiplier","position":0,"required":false,"title_format":"label","default":"","description_enable":false,"description":"","placeholder_enable":false,"placeholder":"","display":"select","restrictions_type":"any_text","adjust_price":true,"price":"211200","price_type":"quantity_based","restrictions":false,"min":"0","max":"0","options":[],"id":1775747355}],"yoast_head":"<!-- This site is optimized with the Yoast SEO Premium plugin v25.2 (Yoast SEO v25.2) - https:\/\/yoast.com\/wordpress\/plugins\/seo\/ -->\n<title>La Cueva \u2013 Traves\u00eda Diurna en Moto de Nieve y Cuatriciclos- Con traslado - Patagonia Booking<\/title>\n<meta name=\"robots\" content=\"index, follow, max-snippet:-1, max-image-preview:large, max-video-preview:-1\" \/>\n<link rel=\"canonical\" href=\"https:\/\/patagoniabooking.com\/pt\/product\/passeio-de-quadriciclo-em-motos-de-neve-em-la-cueva\/\" \/>\n<meta property=\"og:locale\" content=\"pt_BR\" \/>\n<meta property=\"og:type\" content=\"article\" \/>\n<meta property=\"og:title\" content=\"La Cueva \u2013 Traves\u00eda Diurna en Moto de Nieve y Cuatriciclos- Con traslado\" \/>\n<meta property=\"og:description\" content=\"Descubr\u00ed una aventura de invierno inolvidable fusionando la adrenalina de los cuatriciclos y las motos de nieve en un circuito de 7 km atravesando paisajes cubiertos de nieve y bosques de lengas. Contempl\u00e1 vistas panor\u00e1micas inigualables y relajate acompa\u00f1ado por la tranquilidad que ofrecen gu\u00edas profesionales en una propuesta excepcional y confiable.\" \/>\n<meta property=\"og:url\" content=\"https:\/\/patagoniabooking.com\/pt\/product\/passeio-de-quadriciclo-em-motos-de-neve-em-la-cueva\/\" \/>\n<meta property=\"og:site_name\" content=\"Patagonia Booking\" \/>\n<meta property=\"article:modified_time\" content=\"2026-04-10T13:33:29+00:00\" \/>\n<meta property=\"og:image\" content=\"https:\/\/patagoniabooking.com\/wp-content\/uploads\/sites\/2\/2025\/06\/4-A-IMG_9312-copia.jpg\" \/>\n\t<meta property=\"og:image:width\" content=\"850\" \/>\n\t<meta property=\"og:image:height\" content=\"1134\" \/>\n\t<meta property=\"og:image:type\" content=\"image\/jpeg\" \/>\n<meta name=\"twitter:card\" content=\"summary_large_image\" \/>\n<meta name=\"twitter:label1\" content=\"Pre\u00e7o\" \/>\n\t<meta name=\"twitter:data1\" content=\"&#036;211,200.00\" \/>\n\t<meta name=\"twitter:label2\" content=\"Disponibilidade\" \/>\n\t<meta name=\"twitter:data2\" content=\"Em Estoque\" \/>\n<script type=\"application\/ld+json\" class=\"yoast-schema-graph\">{\"@context\":\"https:\/\/schema.org\",\"@graph\":[{\"@type\":\"WebPage\",\"@id\":\"https:\/\/patagoniabooking.com\/product\/la-cueva-travesia-moto-nieve-cuatriciclos\/\",\"url\":\"https:\/\/patagoniabooking.com\/product\/la-cueva-travesia-moto-nieve-cuatriciclos\/\",\"name\":\"La Cueva \u2013 Traves\u00eda Diurna en Moto de Nieve y Cuatriciclos- Con traslado - Patagonia Booking\",\"isPartOf\":{\"@id\":\"https:\/\/patagoniabooking.com\/#website\"},\"primaryImageOfPage\":{\"@id\":\"https:\/\/patagoniabooking.com\/product\/la-cueva-travesia-moto-nieve-cuatriciclos\/#primaryimage\"},\"image\":{\"@id\":\"https:\/\/patagoniabooking.com\/product\/la-cueva-travesia-moto-nieve-cuatriciclos\/#primaryimage\"},\"thumbnailUrl\":\"https:\/\/patagoniabooking.com\/wp-content\/uploads\/sites\/2\/2025\/06\/4-A-IMG_9312-copia.jpg\",\"datePublished\":\"2025-06-12T13:31:29+00:00\",\"dateModified\":\"2026-04-10T13:33:29+00:00\",\"breadcrumb\":{\"@id\":\"https:\/\/patagoniabooking.com\/product\/la-cueva-travesia-moto-nieve-cuatriciclos\/#breadcrumb\"},\"inLanguage\":\"pt-BR\",\"potentialAction\":[{\"@type\":\"ReadAction\",\"target\":[\"https:\/\/patagoniabooking.com\/product\/la-cueva-travesia-moto-nieve-cuatriciclos\/\"]}]},{\"@type\":\"ImageObject\",\"inLanguage\":\"pt-BR\",\"@id\":\"https:\/\/patagoniabooking.com\/product\/la-cueva-travesia-moto-nieve-cuatriciclos\/#primaryimage\",\"url\":\"https:\/\/patagoniabooking.com\/wp-content\/uploads\/sites\/2\/2025\/06\/4-A-IMG_9312-copia.jpg\",\"contentUrl\":\"https:\/\/patagoniabooking.com\/wp-content\/uploads\/sites\/2\/2025\/06\/4-A-IMG_9312-copia.jpg\",\"width\":850,\"height\":1134},{\"@type\":\"BreadcrumbList\",\"@id\":\"https:\/\/patagoniabooking.com\/product\/la-cueva-travesia-moto-nieve-cuatriciclos\/#breadcrumb\",\"itemListElement\":[{\"@type\":\"ListItem\",\"position\":1,\"name\":\"Inicio\",\"item\":\"https:\/\/patagoniabooking.com\/\"},{\"@type\":\"ListItem\",\"position\":2,\"name\":\"Lista de excursiones\",\"item\":\"https:\/\/patagoniabooking.com\/shop\/\"},{\"@type\":\"ListItem\",\"position\":3,\"name\":\"La Cueva \u2013 Traves\u00eda Diurna en Moto de Nieve y Cuatriciclos- Con traslado\"}]},{\"@type\":\"WebSite\",\"@id\":\"https:\/\/patagoniabooking.com\/#website\",\"url\":\"https:\/\/patagoniabooking.com\/\",\"name\":\"Patagonia Booking\",\"description\":\"\",\"publisher\":{\"@id\":\"https:\/\/patagoniabooking.com\/#organization\"},\"potentialAction\":[{\"@type\":\"SearchAction\",\"target\":{\"@type\":\"EntryPoint\",\"urlTemplate\":\"https:\/\/patagoniabooking.com\/?s={search_term_string}\"},\"query-input\":{\"@type\":\"PropertyValueSpecification\",\"valueRequired\":true,\"valueName\":\"search_term_string\"}}],\"inLanguage\":\"pt-BR\"},{\"@type\":\"Organization\",\"@id\":\"https:\/\/patagoniabooking.com\/#organization\",\"name\":\"Patagonia Booking\",\"url\":\"https:\/\/patagoniabooking.com\/\",\"logo\":{\"@type\":\"ImageObject\",\"inLanguage\":\"pt-BR\",\"@id\":\"https:\/\/patagoniabooking.com\/#\/schema\/logo\/image\/\",\"url\":\"https:\/\/patagoniabooking.com\/wp-content\/uploads\/sites\/2\/2025\/06\/logo-patagonia-booking.png\",\"contentUrl\":\"https:\/\/patagoniabooking.com\/wp-content\/uploads\/sites\/2\/2025\/06\/logo-patagonia-booking.png\",\"width\":80,\"height\":80,\"caption\":\"Patagonia Booking\"},\"image\":{\"@id\":\"https:\/\/patagoniabooking.com\/#\/schema\/logo\/image\/\"}}]}<\/script>\n<meta property=\"product:price:amount\" content=\"211200.00\" \/>\n<meta property=\"product:price:currency\" content=\"ARS\" \/>\n<meta property=\"og:availability\" content=\"instock\" \/>\n<meta property=\"product:availability\" content=\"instock\" \/>\n<meta property=\"product:retailer_item_id\" content=\"ADV2025LACUTS5E5\" \/>\n<meta property=\"product:condition\" content=\"new\" \/>\n<!-- \/ Yoast SEO Premium plugin. -->","yoast_head_json":{"title":"La Cueva - Excurs\u00e3o de um dia em moto de neve e quadriciclo - Com traslado - Patag\u00f4nia Booking","robots":{"index":"index","follow":"follow","max-snippet":"max-snippet:-1","max-image-preview":"max-image-preview:large","max-video-preview":"max-video-preview:-1"},"canonical":"https:\/\/patagoniabooking.com\/pt\/product\/passeio-de-quadriciclo-em-motos-de-neve-em-la-cueva\/","og_locale":"pt_BR","og_type":"article","og_title":"La Cueva \u2013 Traves\u00eda Diurna en Moto de Nieve y Cuatriciclos- Con traslado","og_description":"Descubr\u00ed una aventura de invierno inolvidable fusionando la adrenalina de los cuatriciclos y las motos de nieve en un circuito de 7 km atravesando paisajes cubiertos de nieve y bosques de lengas. Contempl\u00e1 vistas panor\u00e1micas inigualables y relajate acompa\u00f1ado por la tranquilidad que ofrecen gu\u00edas profesionales en una propuesta excepcional y confiable.","og_url":"https:\/\/patagoniabooking.com\/pt\/product\/passeio-de-quadriciclo-em-motos-de-neve-em-la-cueva\/","og_site_name":"Patagonia Booking","article_modified_time":"2026-04-10T13:33:29+00:00","og_image":[{"width":850,"height":1134,"url":"https:\/\/patagoniabooking.com\/wp-content\/uploads\/sites\/2\/2025\/06\/4-A-IMG_9312-copia.jpg","type":"image\/jpeg"}],"twitter_card":"summary_large_image","twitter_misc":{"Pre\u00e7o":"&#36;211,200.00","Disponibilidade":"Em Estoque"},"schema":{"@context":"https:\/\/schema.org","@graph":[{"@type":"WebPage","@id":"https:\/\/patagoniabooking.com\/product\/la-cueva-travesia-moto-nieve-cuatriciclos\/","url":"https:\/\/patagoniabooking.com\/product\/la-cueva-travesia-moto-nieve-cuatriciclos\/","name":"La Cueva - Excurs\u00e3o de um dia em moto de neve e quadriciclo - Com traslado - Patag\u00f4nia Booking","isPartOf":{"@id":"https:\/\/patagoniabooking.com\/#website"},"primaryImageOfPage":{"@id":"https:\/\/patagoniabooking.com\/product\/la-cueva-travesia-moto-nieve-cuatriciclos\/#primaryimage"},"image":{"@id":"https:\/\/patagoniabooking.com\/product\/la-cueva-travesia-moto-nieve-cuatriciclos\/#primaryimage"},"thumbnailUrl":"https:\/\/patagoniabooking.com\/wp-content\/uploads\/sites\/2\/2025\/06\/4-A-IMG_9312-copia.jpg","datePublished":"2025-06-12T13:31:29+00:00","dateModified":"2026-04-10T13:33:29+00:00","breadcrumb":{"@id":"https:\/\/patagoniabooking.com\/product\/la-cueva-travesia-moto-nieve-cuatriciclos\/#breadcrumb"},"inLanguage":"pt-BR","potentialAction":[{"@type":"ReadAction","target":["https:\/\/patagoniabooking.com\/product\/la-cueva-travesia-moto-nieve-cuatriciclos\/"]}]},{"@type":"ImageObject","inLanguage":"pt-BR","@id":"https:\/\/patagoniabooking.com\/product\/la-cueva-travesia-moto-nieve-cuatriciclos\/#primaryimage","url":"https:\/\/patagoniabooking.com\/wp-content\/uploads\/sites\/2\/2025\/06\/4-A-IMG_9312-copia.jpg","contentUrl":"https:\/\/patagoniabooking.com\/wp-content\/uploads\/sites\/2\/2025\/06\/4-A-IMG_9312-copia.jpg","width":850,"height":1134},{"@type":"BreadcrumbList","@id":"https:\/\/patagoniabooking.com\/product\/la-cueva-travesia-moto-nieve-cuatriciclos\/#breadcrumb","itemListElement":[{"@type":"ListItem","position":1,"name":"Inicio","item":"https:\/\/patagoniabooking.com\/"},{"@type":"ListItem","position":2,"name":"Lista de excursiones","item":"https:\/\/patagoniabooking.com\/shop\/"},{"@type":"ListItem","position":3,"name":"La Cueva \u2013 Traves\u00eda Diurna en Moto de Nieve y Cuatriciclos- Con traslado"}]},{"@type":"WebSite","@id":"https:\/\/patagoniabooking.com\/#website","url":"https:\/\/patagoniabooking.com\/","name":"Reservas para a Patag\u00f4nia","description":"","publisher":{"@id":"https:\/\/patagoniabooking.com\/#organization"},"potentialAction":[{"@type":"SearchAction","target":{"@type":"EntryPoint","urlTemplate":"https:\/\/patagoniabooking.com\/?s={search_term_string}"},"query-input":{"@type":"PropertyValueSpecification","valueRequired":true,"valueName":"search_term_string"}}],"inLanguage":"pt-BR"},{"@type":"Organization","@id":"https:\/\/patagoniabooking.com\/#organization","name":"Reservas para a Patag\u00f4nia","url":"https:\/\/patagoniabooking.com\/","logo":{"@type":"ImageObject","inLanguage":"pt-BR","@id":"https:\/\/patagoniabooking.com\/#\/schema\/logo\/image\/","url":"https:\/\/patagoniabooking.com\/wp-content\/uploads\/sites\/2\/2025\/06\/logo-patagonia-booking.png","contentUrl":"https:\/\/patagoniabooking.com\/wp-content\/uploads\/sites\/2\/2025\/06\/logo-patagonia-booking.png","width":80,"height":80,"caption":"Patagonia Booking"},"image":{"@id":"https:\/\/patagoniabooking.com\/#\/schema\/logo\/image\/"}}]},"product_price_amount":"211200.00","product_price_currency":"ARS","og_availability":"instock","product_availability":"instock","product_retailer_item_id":"ADV2025LACUTS5E5","product_condition":"new"},"_links":{"self":[{"href":"https:\/\/patagoniabooking.com\/pt\/wp-json\/wp\/v2\/product\/23","targetHints":{"allow":["GET"]}}],"collection":[{"href":"https:\/\/patagoniabooking.com\/pt\/wp-json\/wp\/v2\/product"}],"about":[{"href":"https:\/\/patagoniabooking.com\/pt\/wp-json\/wp\/v2\/types\/product"}],"replies":[{"embeddable":true,"href":"https:\/\/patagoniabooking.com\/pt\/wp-json\/wp\/v2\/comments?post=23"}],"wp:featuredmedia":[{"embeddable":true,"href":"https:\/\/patagoniabooking.com\/pt\/wp-json\/wp\/v2\/media\/377850"}],"wp:attachment":[{"href":"https:\/\/patagoniabooking.com\/pt\/wp-json\/wp\/v2\/media?parent=23"}],"wp:term":[{"taxonomy":"product_brand","embeddable":true,"href":"https:\/\/patagoniabooking.com\/pt\/wp-json\/wp\/v2\/product_brand?post=23"},{"taxonomy":"product_cat","embeddable":true,"href":"https:\/\/patagoniabooking.com\/pt\/wp-json\/wp\/v2\/product_cat?post=23"},{"taxonomy":"product_tag","embeddable":true,"href":"https:\/\/patagoniabooking.com\/pt\/wp-json\/wp\/v2\/product_tag?post=23"}],"curies":[{"name":"wp","href":"https:\/\/api.w.org\/{rel}","templated":true}]}}