{"id":22,"date":"2025-06-12T10:31:06","date_gmt":"2025-06-12T13:31:06","guid":{"rendered":"https:\/\/patagoniabooking.shop\/product\/vivi-la-magia-de-la-cueva-after-ski\/"},"modified":"2026-04-10T10:34:25","modified_gmt":"2026-04-10T13:34:25","slug":"la-cueva-after-ski","status":"publish","type":"product","link":"https:\/\/patagoniabooking.com\/pt\/product\/a-caverna-depois-do-esqui\/","title":{"rendered":"Experimente a magia de La Cueva - After Ski"},"content":{"rendered":"<h3 class=\"ai-optimize-23\" data-start=\"379\" data-end=\"469\">Vivi o inverno patag\u00f4nico, de Bariloche at\u00e9 o cora\u00e7\u00e3o da floresta nevada.<\/h3>\n<p class=\"ai-optimize-24 ai-optimize-introduction\" data-start=\"470\" data-end=\"834\">Inicie a atividade em <strong data-start=\"498\" data-end=\"510\">14:30 hs<\/strong>, com traslados seguros de locais acordados entre o centro e o km 8 de Bariloche. N\u00f3s o levamos diretamente ao <strong data-start=\"631\" data-end=\"649\">Cerro Catedral<\/strong> para come\u00e7ar a melhor parte: <strong data-start=\"688\" data-end=\"715\">7 km cheios de emo\u00e7\u00e3o<\/strong> em motos de neve ou quadriciclos, deslizando por trilhas cercadas de branco entre as \u00e1rvores andinas, sempre acompanhados por guias especializados que cuidam de cada detalhe.<\/p>\n<p class=\"ai-optimize-25\" data-start=\"836\" data-end=\"1264\">Cada volta da trilha o conecta mais com a natureza. Ao chegar, voc\u00ea \u00e9 recebido <strong data-start=\"925\" data-end=\"937\">A Caverna<\/strong>, Um ref\u00fagio aconchegante nas montanhas, onde o fogo, o fondue e os sabores locais esperam por voc\u00ea para terminar o dia com alegria e relaxamento. Enquanto o sol se p\u00f5e na montanha, voc\u00ea compartilhar\u00e1 uma mesa com p\u00e3es rec\u00e9m-assados, chocolates, doces, cervejas artesanais e um fondue irresist\u00edvel para viver com todos os seus sentidos.<\/p>\n<h3 class=\"ai-optimize-26\" data-start=\"1271\" data-end=\"1304\">O que voc\u00ea vai gostar nessa experi\u00eancia?<\/h3>\n<ul data-start=\"1305\" data-end=\"1678\">\n<li class=\"ai-optimize-27\" data-start=\"1305\" data-end=\"1370\">\n<p class=\"ai-optimize-28\" data-start=\"1307\" data-end=\"1370\">Traslados de e para os pontos de encontro planejados para voc\u00ea.<\/p>\n<\/li>\n<li class=\"ai-optimize-29\" data-start=\"1371\" data-end=\"1432\">\n<p class=\"ai-optimize-30\" data-start=\"1373\" data-end=\"1432\">Passeio guiado de snowmobile ou quadriciclo (7 km).<\/p>\n<\/li>\n<li class=\"ai-optimize-31\" data-start=\"1433\" data-end=\"1493\">\n<p class=\"ai-optimize-32\" data-start=\"1435\" data-end=\"1493\">Equipamento completo: capacete, ve\u00edculo e guia profissional em todos os momentos.<\/p>\n<\/li>\n<li class=\"ai-optimize-33\" data-start=\"1494\" data-end=\"1610\">\n<p class=\"ai-optimize-34\" data-start=\"1496\" data-end=\"1610\">Receba as boas-vindas no ref\u00fagio com iguarias patag\u00f4nicas: fondue caseiro, geleias, sobremesa, chocolate, cerveja, caf\u00e9 ou ch\u00e1.<\/p>\n<\/li>\n<li class=\"ai-optimize-35\" data-start=\"1611\" data-end=\"1678\">\n<p class=\"ai-optimize-36\" data-start=\"1613\" data-end=\"1678\">P\u00f4r do sol em frente ao Cerro Catedral em um ponto de vista incr\u00edvel.<\/p>\n<\/li>\n<\/ul>\n<h3 class=\"ai-optimize-37\" data-start=\"1685\" data-end=\"1713\">Antes de fazer a reserva, observe<\/h3>\n<ul data-start=\"1714\" data-end=\"1970\">\n<li class=\"ai-optimize-38\" data-start=\"1714\" data-end=\"1749\">\n<p class=\"ai-optimize-39\" data-start=\"1716\" data-end=\"1749\"><strong data-start=\"1716\" data-end=\"1729\">Dura\u00e7\u00e3o:<\/strong> 14:30 \u00e0s 18:30 hs.<\/p>\n<\/li>\n<li class=\"ai-optimize-40\" data-start=\"1750\" data-end=\"1826\">\n<p class=\"ai-optimize-41\" data-start=\"1752\" data-end=\"1826\"><strong data-start=\"1752\" data-end=\"1768\">Idade m\u00ednima:<\/strong> 6 anos. Para dirigir, \u00e9 necess\u00e1rio ter mais de 18 anos de idade.<\/p>\n<\/li>\n<li class=\"ai-optimize-42\" data-start=\"1827\" data-end=\"1883\">\n<p class=\"ai-optimize-43\" data-start=\"1829\" data-end=\"1883\"><strong data-start=\"1829\" data-end=\"1845\">Condi\u00e7\u00f5es:<\/strong> Essa atividade n\u00e3o \u00e9 adequada para mulheres gr\u00e1vidas.<\/p>\n<\/li>\n<li class=\"ai-optimize-44\" data-start=\"1884\" data-end=\"1970\">\n<p class=\"ai-optimize-45\" data-start=\"1886\" data-end=\"1970\"><strong data-start=\"1886\" data-end=\"1913\">O que levar:<\/strong> roupas imperme\u00e1veis, muitas roupas quentes, luvas, chap\u00e9u e cal\u00e7ados resistentes.<\/p>\n<\/li>\n<\/ul>\n<h3 class=\"ai-optimize-46\" data-start=\"1977\" data-end=\"2003\">Consultas mais comuns<\/h3>\n<p class=\"ai-optimize-47\" data-start=\"2005\" data-end=\"2110\"><strong data-start=\"2005\" data-end=\"2043\">Voc\u00ea precisa saber dirigir primeiro?<\/strong><br data-start=\"2043\" data-end=\"2046\" \/>De forma alguma. O passeio \u00e9 guiado pelo 100% e os ve\u00edculos s\u00e3o autom\u00e1ticos.<\/p>\n<p class=\"ai-optimize-48\" data-start=\"2112\" data-end=\"2206\"><strong data-start=\"2112\" data-end=\"2137\">Posso me associar sozinho?<\/strong><br data-start=\"2137\" data-end=\"2140\" \/>\u00c9 claro. Se preferir n\u00e3o dirigir, o guia o levar\u00e1 de motocicleta ou quadriciclo.<\/p>\n<p class=\"ai-optimize-49\" data-start=\"2208\" data-end=\"2290\"><strong data-start=\"2208\" data-end=\"2228\">A alimenta\u00e7\u00e3o est\u00e1 inclu\u00edda?<\/strong><br data-start=\"2228\" data-end=\"2231\" \/>Sim, com degusta\u00e7\u00e3o completa da Patag\u00f4nia, produtos regionais e fondue.<\/p>\n<p class=\"ai-optimize-50\" data-start=\"2292\" data-end=\"2399\"><strong data-start=\"2292\" data-end=\"2319\">Voc\u00ea vai me buscar no hotel?<\/strong><br data-start=\"2319\" data-end=\"2322\" \/>N\u00f3s o buscamos em pontos combinados entre o centro e o km 8. N\u00e3o passamos por hot\u00e9is.<\/p>\n<p class=\"ai-optimize-51\" data-start=\"2292\" data-end=\"2399\"><strong>Aviso importante<\/strong>Este passeio j\u00e1 est\u00e1 dispon\u00edvel para pr\u00e9-reserva. As sa\u00eddas operam de 15 de junho a 20 de agosto, sujeitas ao calend\u00e1rio sazonal.<\/p>","protected":false},"excerpt":{"rendered":"<p class=\"ai-optimize-6\">Sa\u00edda \u00e0s 14h30 de diferentes locais de Bariloche. O pacote inclui transporte, travessia na neve, acompanhamento de guia, roupas e acess\u00f3rios adequados e fondue no ref\u00fagio La Cueva. O retorno est\u00e1 previsto para as 18:30 hs. Especial para quem est\u00e1 buscando experi\u00eancias de aventura.<\/p>","protected":false},"featured_media":377855,"comment_status":"open","ping_status":"closed","template":"","meta":[],"product_brand":[],"product_cat":[26,28,29,30,31,33,37,45],"product_tag":[],"class_list":{"0":"post-22","1":"product","2":"type-product","3":"status-publish","4":"has-post-thumbnail","6":"product_cat-adultos","7":"product_cat-aventura","8":"product_cat-con-comida","9":"product_cat-con-traslado","10":"product_cat-familia","11":"product_cat-invierno","12":"product_cat-ninos","13":"product_cat-terrestre","15":"first","16":"instock","17":"virtual","18":"sold-individually","19":"purchasable","20":"product-type-booking"},"booking_location":"","booking_location_type":"","booking_duration":1,"booking_duration_unit":"hour","booking_buffer":0,"booking_cost":0,"booking_resources":[],"exclude_global_add_ons":false,"addons":[{"name":"ADU: Adulto","type":"input_multiplier","position":0,"required":false,"title_format":"label","default":"","description_enable":false,"description":"","placeholder_enable":false,"placeholder":"","display":"select","restrictions_type":"any_text","adjust_price":true,"price":"414000","price_type":"quantity_based","restrictions":false,"min":"0","max":"0","options":[],"id":1775747758},{"name":"MEN612 | De 6 a 12","type":"input_multiplier","position":1,"required":false,"title_format":"label","default":"","description_enable":false,"description":"","placeholder_enable":false,"placeholder":"","display":"select","restrictions_type":"any_text","adjust_price":true,"price":"330000","price_type":"quantity_based","restrictions":false,"min":"0","max":"0","options":[],"id":1775747759},{"name":"MEN35 | 3 a 5","type":"input_multiplier","position":2,"required":false,"title_format":"label","default":"","description_enable":false,"description":"","placeholder_enable":false,"placeholder":"","display":"select","restrictions_type":"any_text","adjust_price":true,"price":"168000","price_type":"quantity_based","restrictions":false,"min":"0","max":"0","options":[],"id":1775747760}],"yoast_head":"<!-- This site is optimized with the Yoast SEO Premium plugin v25.2 (Yoast SEO v25.2) - https:\/\/yoast.com\/wordpress\/plugins\/seo\/ -->\n<title>Viv\u00ed la magia de La Cueva \u2013 After Ski - Patagonia Booking<\/title>\n<meta name=\"robots\" content=\"index, follow, max-snippet:-1, max-image-preview:large, max-video-preview:-1\" \/>\n<link rel=\"canonical\" href=\"https:\/\/patagoniabooking.com\/pt\/product\/a-caverna-depois-do-esqui\/\" \/>\n<meta property=\"og:locale\" content=\"pt_BR\" \/>\n<meta property=\"og:type\" content=\"article\" \/>\n<meta property=\"og:title\" content=\"Viv\u00ed la magia de La Cueva \u2013 After Ski\" \/>\n<meta property=\"og:description\" content=\"Salida a las 14:30 desde distintos lugares en Bariloche. El paquete contempla transporte, traves\u00eda sobre la nieve, acompa\u00f1amiento de gu\u00eda, indumentaria y accesorios adecuados, y fondue en el refugio La Cueva. El regreso est\u00e1 previsto para las 18:30 hs. Especial para quienes buscan experiencias de aventura.\" \/>\n<meta property=\"og:url\" content=\"https:\/\/patagoniabooking.com\/pt\/product\/a-caverna-depois-do-esqui\/\" \/>\n<meta property=\"og:site_name\" content=\"Patagonia Booking\" \/>\n<meta property=\"article:modified_time\" content=\"2026-04-10T13:34:25+00:00\" \/>\n<meta property=\"og:image\" content=\"https:\/\/patagoniabooking.com\/wp-content\/uploads\/sites\/2\/2025\/06\/4-B-la-cueva-m-copia.jpg\" \/>\n\t<meta property=\"og:image:width\" content=\"992\" \/>\n\t<meta property=\"og:image:height\" content=\"1323\" \/>\n\t<meta property=\"og:image:type\" content=\"image\/jpeg\" \/>\n<meta name=\"twitter:card\" content=\"summary_large_image\" \/>\n<meta name=\"twitter:label1\" content=\"Pre\u00e7o\" \/>\n\t<meta name=\"twitter:data1\" content=\"&#036;414,000.00\" \/>\n\t<meta name=\"twitter:label2\" content=\"Disponibilidade\" \/>\n\t<meta name=\"twitter:data2\" content=\"Em Estoque\" \/>\n<script type=\"application\/ld+json\" class=\"yoast-schema-graph\">{\"@context\":\"https:\/\/schema.org\",\"@graph\":[{\"@type\":\"WebPage\",\"@id\":\"https:\/\/patagoniabooking.com\/product\/la-cueva-after-ski\/\",\"url\":\"https:\/\/patagoniabooking.com\/product\/la-cueva-after-ski\/\",\"name\":\"Viv\u00ed la magia de La Cueva \u2013 After Ski - Patagonia Booking\",\"isPartOf\":{\"@id\":\"https:\/\/patagoniabooking.com\/#website\"},\"primaryImageOfPage\":{\"@id\":\"https:\/\/patagoniabooking.com\/product\/la-cueva-after-ski\/#primaryimage\"},\"image\":{\"@id\":\"https:\/\/patagoniabooking.com\/product\/la-cueva-after-ski\/#primaryimage\"},\"thumbnailUrl\":\"https:\/\/patagoniabooking.com\/wp-content\/uploads\/sites\/2\/2025\/06\/4-B-la-cueva-m-copia.jpg\",\"datePublished\":\"2025-06-12T13:31:06+00:00\",\"dateModified\":\"2026-04-10T13:34:25+00:00\",\"breadcrumb\":{\"@id\":\"https:\/\/patagoniabooking.com\/product\/la-cueva-after-ski\/#breadcrumb\"},\"inLanguage\":\"pt-BR\",\"potentialAction\":[{\"@type\":\"ReadAction\",\"target\":[\"https:\/\/patagoniabooking.com\/product\/la-cueva-after-ski\/\"]}]},{\"@type\":\"ImageObject\",\"inLanguage\":\"pt-BR\",\"@id\":\"https:\/\/patagoniabooking.com\/product\/la-cueva-after-ski\/#primaryimage\",\"url\":\"https:\/\/patagoniabooking.com\/wp-content\/uploads\/sites\/2\/2025\/06\/4-B-la-cueva-m-copia.jpg\",\"contentUrl\":\"https:\/\/patagoniabooking.com\/wp-content\/uploads\/sites\/2\/2025\/06\/4-B-la-cueva-m-copia.jpg\",\"width\":992,\"height\":1323},{\"@type\":\"BreadcrumbList\",\"@id\":\"https:\/\/patagoniabooking.com\/product\/la-cueva-after-ski\/#breadcrumb\",\"itemListElement\":[{\"@type\":\"ListItem\",\"position\":1,\"name\":\"Inicio\",\"item\":\"https:\/\/patagoniabooking.com\/\"},{\"@type\":\"ListItem\",\"position\":2,\"name\":\"Lista de excursiones\",\"item\":\"https:\/\/patagoniabooking.com\/shop\/\"},{\"@type\":\"ListItem\",\"position\":3,\"name\":\"Viv\u00ed la magia de La Cueva \u2013 After Ski\"}]},{\"@type\":\"WebSite\",\"@id\":\"https:\/\/patagoniabooking.com\/#website\",\"url\":\"https:\/\/patagoniabooking.com\/\",\"name\":\"Patagonia Booking\",\"description\":\"\",\"publisher\":{\"@id\":\"https:\/\/patagoniabooking.com\/#organization\"},\"potentialAction\":[{\"@type\":\"SearchAction\",\"target\":{\"@type\":\"EntryPoint\",\"urlTemplate\":\"https:\/\/patagoniabooking.com\/?s={search_term_string}\"},\"query-input\":{\"@type\":\"PropertyValueSpecification\",\"valueRequired\":true,\"valueName\":\"search_term_string\"}}],\"inLanguage\":\"pt-BR\"},{\"@type\":\"Organization\",\"@id\":\"https:\/\/patagoniabooking.com\/#organization\",\"name\":\"Patagonia Booking\",\"url\":\"https:\/\/patagoniabooking.com\/\",\"logo\":{\"@type\":\"ImageObject\",\"inLanguage\":\"pt-BR\",\"@id\":\"https:\/\/patagoniabooking.com\/#\/schema\/logo\/image\/\",\"url\":\"https:\/\/patagoniabooking.com\/wp-content\/uploads\/sites\/2\/2025\/06\/logo-patagonia-booking.png\",\"contentUrl\":\"https:\/\/patagoniabooking.com\/wp-content\/uploads\/sites\/2\/2025\/06\/logo-patagonia-booking.png\",\"width\":80,\"height\":80,\"caption\":\"Patagonia Booking\"},\"image\":{\"@id\":\"https:\/\/patagoniabooking.com\/#\/schema\/logo\/image\/\"}}]}<\/script>\n<meta property=\"product:price:amount\" content=\"414000.00\" \/>\n<meta property=\"product:price:currency\" content=\"ARS\" \/>\n<meta property=\"og:availability\" content=\"instock\" \/>\n<meta property=\"product:availability\" content=\"instock\" \/>\n<meta property=\"product:retailer_item_id\" content=\"ADV2025LACUAHE69\" \/>\n<meta property=\"product:condition\" content=\"new\" \/>\n<!-- \/ Yoast SEO Premium plugin. -->","yoast_head_json":{"title":"Experimente a magia de La Cueva - After Ski - Patag\u00f4nia Booking","robots":{"index":"index","follow":"follow","max-snippet":"max-snippet:-1","max-image-preview":"max-image-preview:large","max-video-preview":"max-video-preview:-1"},"canonical":"https:\/\/patagoniabooking.com\/pt\/product\/a-caverna-depois-do-esqui\/","og_locale":"pt_BR","og_type":"article","og_title":"Viv\u00ed la magia de La Cueva \u2013 After Ski","og_description":"Salida a las 14:30 desde distintos lugares en Bariloche. El paquete contempla transporte, traves\u00eda sobre la nieve, acompa\u00f1amiento de gu\u00eda, indumentaria y accesorios adecuados, y fondue en el refugio La Cueva. El regreso est\u00e1 previsto para las 18:30 hs. Especial para quienes buscan experiencias de aventura.","og_url":"https:\/\/patagoniabooking.com\/pt\/product\/a-caverna-depois-do-esqui\/","og_site_name":"Patagonia Booking","article_modified_time":"2026-04-10T13:34:25+00:00","og_image":[{"width":992,"height":1323,"url":"https:\/\/patagoniabooking.com\/wp-content\/uploads\/sites\/2\/2025\/06\/4-B-la-cueva-m-copia.jpg","type":"image\/jpeg"}],"twitter_card":"summary_large_image","twitter_misc":{"Pre\u00e7o":"&#36;414,000.00","Disponibilidade":"Em Estoque"},"schema":{"@context":"https:\/\/schema.org","@graph":[{"@type":"WebPage","@id":"https:\/\/patagoniabooking.com\/product\/la-cueva-after-ski\/","url":"https:\/\/patagoniabooking.com\/product\/la-cueva-after-ski\/","name":"Experimente a magia de La Cueva - After Ski - Patag\u00f4nia Booking","isPartOf":{"@id":"https:\/\/patagoniabooking.com\/#website"},"primaryImageOfPage":{"@id":"https:\/\/patagoniabooking.com\/product\/la-cueva-after-ski\/#primaryimage"},"image":{"@id":"https:\/\/patagoniabooking.com\/product\/la-cueva-after-ski\/#primaryimage"},"thumbnailUrl":"https:\/\/patagoniabooking.com\/wp-content\/uploads\/sites\/2\/2025\/06\/4-B-la-cueva-m-copia.jpg","datePublished":"2025-06-12T13:31:06+00:00","dateModified":"2026-04-10T13:34:25+00:00","breadcrumb":{"@id":"https:\/\/patagoniabooking.com\/product\/la-cueva-after-ski\/#breadcrumb"},"inLanguage":"pt-BR","potentialAction":[{"@type":"ReadAction","target":["https:\/\/patagoniabooking.com\/product\/la-cueva-after-ski\/"]}]},{"@type":"ImageObject","inLanguage":"pt-BR","@id":"https:\/\/patagoniabooking.com\/product\/la-cueva-after-ski\/#primaryimage","url":"https:\/\/patagoniabooking.com\/wp-content\/uploads\/sites\/2\/2025\/06\/4-B-la-cueva-m-copia.jpg","contentUrl":"https:\/\/patagoniabooking.com\/wp-content\/uploads\/sites\/2\/2025\/06\/4-B-la-cueva-m-copia.jpg","width":992,"height":1323},{"@type":"BreadcrumbList","@id":"https:\/\/patagoniabooking.com\/product\/la-cueva-after-ski\/#breadcrumb","itemListElement":[{"@type":"ListItem","position":1,"name":"Inicio","item":"https:\/\/patagoniabooking.com\/"},{"@type":"ListItem","position":2,"name":"Lista de excursiones","item":"https:\/\/patagoniabooking.com\/shop\/"},{"@type":"ListItem","position":3,"name":"Viv\u00ed la magia de La Cueva \u2013 After Ski"}]},{"@type":"WebSite","@id":"https:\/\/patagoniabooking.com\/#website","url":"https:\/\/patagoniabooking.com\/","name":"Reservas para a Patag\u00f4nia","description":"","publisher":{"@id":"https:\/\/patagoniabooking.com\/#organization"},"potentialAction":[{"@type":"SearchAction","target":{"@type":"EntryPoint","urlTemplate":"https:\/\/patagoniabooking.com\/?s={search_term_string}"},"query-input":{"@type":"PropertyValueSpecification","valueRequired":true,"valueName":"search_term_string"}}],"inLanguage":"pt-BR"},{"@type":"Organization","@id":"https:\/\/patagoniabooking.com\/#organization","name":"Reservas para a Patag\u00f4nia","url":"https:\/\/patagoniabooking.com\/","logo":{"@type":"ImageObject","inLanguage":"pt-BR","@id":"https:\/\/patagoniabooking.com\/#\/schema\/logo\/image\/","url":"https:\/\/patagoniabooking.com\/wp-content\/uploads\/sites\/2\/2025\/06\/logo-patagonia-booking.png","contentUrl":"https:\/\/patagoniabooking.com\/wp-content\/uploads\/sites\/2\/2025\/06\/logo-patagonia-booking.png","width":80,"height":80,"caption":"Patagonia Booking"},"image":{"@id":"https:\/\/patagoniabooking.com\/#\/schema\/logo\/image\/"}}]},"product_price_amount":"414000.00","product_price_currency":"ARS","og_availability":"instock","product_availability":"instock","product_retailer_item_id":"ADV2025LACUAHE69","product_condition":"new"},"_links":{"self":[{"href":"https:\/\/patagoniabooking.com\/pt\/wp-json\/wp\/v2\/product\/22","targetHints":{"allow":["GET"]}}],"collection":[{"href":"https:\/\/patagoniabooking.com\/pt\/wp-json\/wp\/v2\/product"}],"about":[{"href":"https:\/\/patagoniabooking.com\/pt\/wp-json\/wp\/v2\/types\/product"}],"replies":[{"embeddable":true,"href":"https:\/\/patagoniabooking.com\/pt\/wp-json\/wp\/v2\/comments?post=22"}],"wp:featuredmedia":[{"embeddable":true,"href":"https:\/\/patagoniabooking.com\/pt\/wp-json\/wp\/v2\/media\/377855"}],"wp:attachment":[{"href":"https:\/\/patagoniabooking.com\/pt\/wp-json\/wp\/v2\/media?parent=22"}],"wp:term":[{"taxonomy":"product_brand","embeddable":true,"href":"https:\/\/patagoniabooking.com\/pt\/wp-json\/wp\/v2\/product_brand?post=22"},{"taxonomy":"product_cat","embeddable":true,"href":"https:\/\/patagoniabooking.com\/pt\/wp-json\/wp\/v2\/product_cat?post=22"},{"taxonomy":"product_tag","embeddable":true,"href":"https:\/\/patagoniabooking.com\/pt\/wp-json\/wp\/v2\/product_tag?post=22"}],"curies":[{"name":"wp","href":"https:\/\/api.w.org\/{rel}","templated":true}]}}