{"id":15,"date":"2025-06-12T10:30:19","date_gmt":"2025-06-12T13:30:19","guid":{"rendered":"https:\/\/patagoniabooking.shop\/product\/rafting-limay-por-la-estepa-patagonica\/"},"modified":"2026-04-10T10:35:29","modified_gmt":"2026-04-10T13:35:29","slug":"rafting-limay-por-la-estepa-patagonica","status":"publish","type":"product","link":"https:\/\/patagoniabooking.com\/pt\/product\/rafting-em-limay-pela-estepe-patagonica\/","title":{"rendered":"Rafting em Limay pela estepe patag\u00f4nica"},"content":{"rendered":"<h2 class=\"ai-optimize-22\">Viva uma aventura \u00fanica na Patag\u00f4nia<\/h2>\n<p class=\"ai-optimize-23 ai-optimize-introduction\">Venha descobrir o impressionante ambiente natural do Rio Limay em um passeio de rafting de baixa demanda. Esse plano \u00e9 destinado \u00e0queles que desejam combinar aventura, bem-estar e a alegria de viajar por paisagens patag\u00f4nicas \u00fanicas. Perfeito para grupos, fam\u00edlias e aqueles que est\u00e3o dando seus primeiros passos no rafting, com todas as garantias de seguran\u00e7a e um ambiente cativante.<\/p>\n<h3 class=\"ai-optimize-24\">Principais benef\u00edcios<\/h3>\n<ul>\n<li class=\"ai-optimize-25\"><strong>Atividade segura e f\u00e1cil:<\/strong> Corredeiras de classe I\/II, adequadas para adultos e crian\u00e7as a partir de 3 anos de idade.<\/li>\n<li class=\"ai-optimize-26\"><strong>Tudo inclu\u00eddo e traslados:<\/strong> Voc\u00ea receber\u00e1 um colete, remos, traslado e organiza\u00e7\u00e3o no ponto de partida.<\/li>\n<li class=\"ai-optimize-27\"><strong>Pontualidade garantida:<\/strong> A sa\u00edda \u00e9 \u00e0s 13:00, para um dia cheio de divers\u00e3o e relaxamento.<\/li>\n<li class=\"ai-optimize-28\"><strong>Recarregar as energias:<\/strong> Desfrute de um caf\u00e9 da manh\u00e3 ou lanche, ideal para um dia inteiro.<\/li>\n<\/ul>\n<h3 class=\"ai-optimize-29\">Conecte conforto e natureza em cada momento<\/h3>\n<p class=\"ai-optimize-30\">Junte-se a n\u00f3s em uma viagem onde as \u00e1guas calmas se combinam com a adrenalina suave das corredeiras de Limay. Cada momento foi projetado para proporcionar uma experi\u00eancia memor\u00e1vel, combinando a grandiosidade do sul com a vantagem de uma proposta que prioriza seu bem-estar e tranquilidade.<\/p>\n<h3 class=\"ai-optimize-31\">Perguntas frequentes (FAQ)<\/h3>\n<ul>\n<li class=\"ai-optimize-32\"><strong>O que a atividade inclui?<\/strong>A proposta inclui traslado at\u00e9 o ponto de encontro, equipamento completo (colete salva-vidas e remos), al\u00e9m de caf\u00e9 da manh\u00e3 ou lanche para que voc\u00ea tenha tudo sob controle.<\/li>\n<li class=\"ai-optimize-33\"><strong>Ele funciona para fam\u00edlias e crian\u00e7as?<\/strong>Obviamente, a atividade \u00e9 preparada para todas as idades, sendo permitida a participa\u00e7\u00e3o de crian\u00e7as a partir de 3 anos de idade, portanto, \u00e9 perfeita para fam\u00edlias e grupos.<\/li>\n<li class=\"ai-optimize-34\"><strong>Qual \u00e9 o grau de dificuldade da rota?<\/strong>Ele ocorre em corredeiras de Classe I\/II, garantindo um passeio seguro e f\u00e1cil, projetado para aqueles que est\u00e3o experimentando o rafting pela primeira vez.<\/li>\n<li class=\"ai-optimize-35\"><strong>\u00c9 necess\u00e1rio ter experi\u00eancia anterior?<\/strong>N\u00e3o, voc\u00ea n\u00e3o precisa ter nenhuma experi\u00eancia. Ele foi projetado para aqueles que querem experimentar o rafting em um ambiente divertido e seguro.<\/li>\n<\/ul>\n<p class=\"ai-optimize-37\"><strong>Aviso importante<\/strong>Este passeio j\u00e1 est\u00e1 dispon\u00edvel para pr\u00e9-reserva. As sa\u00eddas operam de 30 de abril a 30 de setembro, sujeitas ao calend\u00e1rio sazonal.<\/p>","protected":false},"excerpt":{"rendered":"<p class=\"ai-optimize-6\">Experimente o rio Limay de uma maneira \u00fanica com uma viagem tranquila de rafting, projetada para oferecer prote\u00e7\u00e3o e um servi\u00e7o personalizado em uma paisagem natural \u00fanica. Perfeito para quem viaja com a fam\u00edlia ou quer come\u00e7ar sua jornada de aventura.<\/p>","protected":false},"featured_media":377864,"comment_status":"open","ping_status":"closed","template":"","meta":[],"product_brand":[],"product_cat":[26,28,30,31,33,35,37,42],"product_tag":[],"class_list":{"0":"post-15","1":"product","2":"type-product","3":"status-publish","4":"has-post-thumbnail","6":"product_cat-adultos","7":"product_cat-aventura","8":"product_cat-con-traslado","9":"product_cat-familia","10":"product_cat-invierno","11":"product_cat-lacustre","12":"product_cat-ninos","13":"product_cat-sin-comida","15":"first","16":"instock","17":"virtual","18":"sold-individually","19":"purchasable","20":"product-type-booking"},"booking_location":"","booking_location_type":"","booking_duration":1,"booking_duration_unit":"hour","booking_buffer":0,"booking_cost":0,"booking_resources":[],"exclude_global_add_ons":false,"addons":[{"name":"ADU: Adulto","type":"input_multiplier","position":0,"required":false,"title_format":"label","default":"","description_enable":false,"description":"","placeholder_enable":false,"placeholder":"","display":"select","restrictions_type":"any_text","adjust_price":true,"price":"79500","price_type":"quantity_based","restrictions":false,"min":"0","max":"0","options":[],"id":1775748193}],"yoast_head":"<!-- This site is optimized with the Yoast SEO Premium plugin v25.2 (Yoast SEO v25.2) - https:\/\/yoast.com\/wordpress\/plugins\/seo\/ -->\n<title>Rafting Limay por la estepa patag\u00f3nica - Patagonia Booking<\/title>\n<meta name=\"robots\" content=\"index, follow, max-snippet:-1, max-image-preview:large, max-video-preview:-1\" \/>\n<link rel=\"canonical\" href=\"https:\/\/patagoniabooking.com\/pt\/product\/rafting-em-limay-pela-estepe-patagonica\/\" \/>\n<meta property=\"og:locale\" content=\"pt_BR\" \/>\n<meta property=\"og:type\" content=\"article\" \/>\n<meta property=\"og:title\" content=\"Rafting Limay por la estepa patag\u00f3nica\" \/>\n<meta property=\"og:description\" content=\"Viv\u00ed el r\u00edo Limay de una manera \u00fanica con una traves\u00eda de rafting tranquilo, pensada para brindarte protecci\u00f3n y un servicio personalizado en un paisaje natural inigualable. Perfecto para quienes viajan en familia o buscan iniciar su camino en la aventura.\" \/>\n<meta property=\"og:url\" content=\"https:\/\/patagoniabooking.com\/pt\/product\/rafting-em-limay-pela-estepe-patagonica\/\" \/>\n<meta property=\"og:site_name\" content=\"Patagonia Booking\" \/>\n<meta property=\"article:modified_time\" content=\"2026-04-10T13:35:29+00:00\" \/>\n<meta property=\"og:image\" content=\"https:\/\/patagoniabooking.com\/wp-content\/uploads\/sites\/2\/2025\/06\/4-D-RaftingrioLimay_icon_1140_1620763503-copia.jpg\" \/>\n\t<meta property=\"og:image:width\" content=\"992\" \/>\n\t<meta property=\"og:image:height\" content=\"1323\" \/>\n\t<meta property=\"og:image:type\" content=\"image\/jpeg\" \/>\n<meta name=\"twitter:card\" content=\"summary_large_image\" \/>\n<meta name=\"twitter:label1\" content=\"Pre\u00e7o\" \/>\n\t<meta name=\"twitter:data1\" content=\"&#036;79,500.00\" \/>\n\t<meta name=\"twitter:label2\" content=\"Disponibilidade\" \/>\n\t<meta name=\"twitter:data2\" content=\"Em Estoque\" \/>\n<script type=\"application\/ld+json\" class=\"yoast-schema-graph\">{\"@context\":\"https:\/\/schema.org\",\"@graph\":[{\"@type\":\"WebPage\",\"@id\":\"https:\/\/patagoniabooking.com\/product\/rafting-limay-por-la-estepa-patagonica\/\",\"url\":\"https:\/\/patagoniabooking.com\/product\/rafting-limay-por-la-estepa-patagonica\/\",\"name\":\"Rafting Limay por la estepa patag\u00f3nica - Patagonia Booking\",\"isPartOf\":{\"@id\":\"https:\/\/patagoniabooking.com\/#website\"},\"primaryImageOfPage\":{\"@id\":\"https:\/\/patagoniabooking.com\/product\/rafting-limay-por-la-estepa-patagonica\/#primaryimage\"},\"image\":{\"@id\":\"https:\/\/patagoniabooking.com\/product\/rafting-limay-por-la-estepa-patagonica\/#primaryimage\"},\"thumbnailUrl\":\"https:\/\/patagoniabooking.com\/wp-content\/uploads\/sites\/2\/2025\/06\/4-D-RaftingrioLimay_icon_1140_1620763503-copia.jpg\",\"datePublished\":\"2025-06-12T13:30:19+00:00\",\"dateModified\":\"2026-04-10T13:35:29+00:00\",\"breadcrumb\":{\"@id\":\"https:\/\/patagoniabooking.com\/product\/rafting-limay-por-la-estepa-patagonica\/#breadcrumb\"},\"inLanguage\":\"pt-BR\",\"potentialAction\":[{\"@type\":\"ReadAction\",\"target\":[\"https:\/\/patagoniabooking.com\/product\/rafting-limay-por-la-estepa-patagonica\/\"]}]},{\"@type\":\"ImageObject\",\"inLanguage\":\"pt-BR\",\"@id\":\"https:\/\/patagoniabooking.com\/product\/rafting-limay-por-la-estepa-patagonica\/#primaryimage\",\"url\":\"https:\/\/patagoniabooking.com\/wp-content\/uploads\/sites\/2\/2025\/06\/4-D-RaftingrioLimay_icon_1140_1620763503-copia.jpg\",\"contentUrl\":\"https:\/\/patagoniabooking.com\/wp-content\/uploads\/sites\/2\/2025\/06\/4-D-RaftingrioLimay_icon_1140_1620763503-copia.jpg\",\"width\":992,\"height\":1323},{\"@type\":\"BreadcrumbList\",\"@id\":\"https:\/\/patagoniabooking.com\/product\/rafting-limay-por-la-estepa-patagonica\/#breadcrumb\",\"itemListElement\":[{\"@type\":\"ListItem\",\"position\":1,\"name\":\"Inicio\",\"item\":\"https:\/\/patagoniabooking.com\/\"},{\"@type\":\"ListItem\",\"position\":2,\"name\":\"Lista de excursiones\",\"item\":\"https:\/\/patagoniabooking.com\/shop\/\"},{\"@type\":\"ListItem\",\"position\":3,\"name\":\"Rafting Limay por la estepa patag\u00f3nica\"}]},{\"@type\":\"WebSite\",\"@id\":\"https:\/\/patagoniabooking.com\/#website\",\"url\":\"https:\/\/patagoniabooking.com\/\",\"name\":\"Patagonia Booking\",\"description\":\"\",\"publisher\":{\"@id\":\"https:\/\/patagoniabooking.com\/#organization\"},\"potentialAction\":[{\"@type\":\"SearchAction\",\"target\":{\"@type\":\"EntryPoint\",\"urlTemplate\":\"https:\/\/patagoniabooking.com\/?s={search_term_string}\"},\"query-input\":{\"@type\":\"PropertyValueSpecification\",\"valueRequired\":true,\"valueName\":\"search_term_string\"}}],\"inLanguage\":\"pt-BR\"},{\"@type\":\"Organization\",\"@id\":\"https:\/\/patagoniabooking.com\/#organization\",\"name\":\"Patagonia Booking\",\"url\":\"https:\/\/patagoniabooking.com\/\",\"logo\":{\"@type\":\"ImageObject\",\"inLanguage\":\"pt-BR\",\"@id\":\"https:\/\/patagoniabooking.com\/#\/schema\/logo\/image\/\",\"url\":\"https:\/\/patagoniabooking.com\/wp-content\/uploads\/sites\/2\/2025\/06\/logo-patagonia-booking.png\",\"contentUrl\":\"https:\/\/patagoniabooking.com\/wp-content\/uploads\/sites\/2\/2025\/06\/logo-patagonia-booking.png\",\"width\":80,\"height\":80,\"caption\":\"Patagonia Booking\"},\"image\":{\"@id\":\"https:\/\/patagoniabooking.com\/#\/schema\/logo\/image\/\"}}]}<\/script>\n<meta property=\"product:price:amount\" content=\"79500.00\" \/>\n<meta property=\"product:price:currency\" content=\"ARS\" \/>\n<meta property=\"og:availability\" content=\"instock\" \/>\n<meta property=\"product:availability\" content=\"instock\" \/>\n<meta property=\"product:retailer_item_id\" content=\"ADV2025RALIPO7XQ4\" \/>\n<meta property=\"product:condition\" content=\"new\" \/>\n<!-- \/ Yoast SEO Premium plugin. -->","yoast_head_json":{"title":"Rafting em Limay pela estepe patag\u00f4nica - Patagonia Booking","robots":{"index":"index","follow":"follow","max-snippet":"max-snippet:-1","max-image-preview":"max-image-preview:large","max-video-preview":"max-video-preview:-1"},"canonical":"https:\/\/patagoniabooking.com\/pt\/product\/rafting-em-limay-pela-estepe-patagonica\/","og_locale":"pt_BR","og_type":"article","og_title":"Rafting Limay por la estepa patag\u00f3nica","og_description":"Viv\u00ed el r\u00edo Limay de una manera \u00fanica con una traves\u00eda de rafting tranquilo, pensada para brindarte protecci\u00f3n y un servicio personalizado en un paisaje natural inigualable. Perfecto para quienes viajan en familia o buscan iniciar su camino en la aventura.","og_url":"https:\/\/patagoniabooking.com\/pt\/product\/rafting-em-limay-pela-estepe-patagonica\/","og_site_name":"Patagonia Booking","article_modified_time":"2026-04-10T13:35:29+00:00","og_image":[{"width":992,"height":1323,"url":"https:\/\/patagoniabooking.com\/wp-content\/uploads\/sites\/2\/2025\/06\/4-D-RaftingrioLimay_icon_1140_1620763503-copia.jpg","type":"image\/jpeg"}],"twitter_card":"summary_large_image","twitter_misc":{"Pre\u00e7o":"&#36;79,500.00","Disponibilidade":"Em Estoque"},"schema":{"@context":"https:\/\/schema.org","@graph":[{"@type":"WebPage","@id":"https:\/\/patagoniabooking.com\/product\/rafting-limay-por-la-estepa-patagonica\/","url":"https:\/\/patagoniabooking.com\/product\/rafting-limay-por-la-estepa-patagonica\/","name":"Rafting em Limay pela estepe patag\u00f4nica - Patagonia Booking","isPartOf":{"@id":"https:\/\/patagoniabooking.com\/#website"},"primaryImageOfPage":{"@id":"https:\/\/patagoniabooking.com\/product\/rafting-limay-por-la-estepa-patagonica\/#primaryimage"},"image":{"@id":"https:\/\/patagoniabooking.com\/product\/rafting-limay-por-la-estepa-patagonica\/#primaryimage"},"thumbnailUrl":"https:\/\/patagoniabooking.com\/wp-content\/uploads\/sites\/2\/2025\/06\/4-D-RaftingrioLimay_icon_1140_1620763503-copia.jpg","datePublished":"2025-06-12T13:30:19+00:00","dateModified":"2026-04-10T13:35:29+00:00","breadcrumb":{"@id":"https:\/\/patagoniabooking.com\/product\/rafting-limay-por-la-estepa-patagonica\/#breadcrumb"},"inLanguage":"pt-BR","potentialAction":[{"@type":"ReadAction","target":["https:\/\/patagoniabooking.com\/product\/rafting-limay-por-la-estepa-patagonica\/"]}]},{"@type":"ImageObject","inLanguage":"pt-BR","@id":"https:\/\/patagoniabooking.com\/product\/rafting-limay-por-la-estepa-patagonica\/#primaryimage","url":"https:\/\/patagoniabooking.com\/wp-content\/uploads\/sites\/2\/2025\/06\/4-D-RaftingrioLimay_icon_1140_1620763503-copia.jpg","contentUrl":"https:\/\/patagoniabooking.com\/wp-content\/uploads\/sites\/2\/2025\/06\/4-D-RaftingrioLimay_icon_1140_1620763503-copia.jpg","width":992,"height":1323},{"@type":"BreadcrumbList","@id":"https:\/\/patagoniabooking.com\/product\/rafting-limay-por-la-estepa-patagonica\/#breadcrumb","itemListElement":[{"@type":"ListItem","position":1,"name":"Inicio","item":"https:\/\/patagoniabooking.com\/"},{"@type":"ListItem","position":2,"name":"Lista de excursiones","item":"https:\/\/patagoniabooking.com\/shop\/"},{"@type":"ListItem","position":3,"name":"Rafting Limay por la estepa patag\u00f3nica"}]},{"@type":"WebSite","@id":"https:\/\/patagoniabooking.com\/#website","url":"https:\/\/patagoniabooking.com\/","name":"Reservas para a Patag\u00f4nia","description":"","publisher":{"@id":"https:\/\/patagoniabooking.com\/#organization"},"potentialAction":[{"@type":"SearchAction","target":{"@type":"EntryPoint","urlTemplate":"https:\/\/patagoniabooking.com\/?s={search_term_string}"},"query-input":{"@type":"PropertyValueSpecification","valueRequired":true,"valueName":"search_term_string"}}],"inLanguage":"pt-BR"},{"@type":"Organization","@id":"https:\/\/patagoniabooking.com\/#organization","name":"Reservas para a Patag\u00f4nia","url":"https:\/\/patagoniabooking.com\/","logo":{"@type":"ImageObject","inLanguage":"pt-BR","@id":"https:\/\/patagoniabooking.com\/#\/schema\/logo\/image\/","url":"https:\/\/patagoniabooking.com\/wp-content\/uploads\/sites\/2\/2025\/06\/logo-patagonia-booking.png","contentUrl":"https:\/\/patagoniabooking.com\/wp-content\/uploads\/sites\/2\/2025\/06\/logo-patagonia-booking.png","width":80,"height":80,"caption":"Patagonia Booking"},"image":{"@id":"https:\/\/patagoniabooking.com\/#\/schema\/logo\/image\/"}}]},"product_price_amount":"79500.00","product_price_currency":"ARS","og_availability":"instock","product_availability":"instock","product_retailer_item_id":"ADV2025RALIPO7XQ4","product_condition":"new"},"_links":{"self":[{"href":"https:\/\/patagoniabooking.com\/pt\/wp-json\/wp\/v2\/product\/15","targetHints":{"allow":["GET"]}}],"collection":[{"href":"https:\/\/patagoniabooking.com\/pt\/wp-json\/wp\/v2\/product"}],"about":[{"href":"https:\/\/patagoniabooking.com\/pt\/wp-json\/wp\/v2\/types\/product"}],"replies":[{"embeddable":true,"href":"https:\/\/patagoniabooking.com\/pt\/wp-json\/wp\/v2\/comments?post=15"}],"wp:featuredmedia":[{"embeddable":true,"href":"https:\/\/patagoniabooking.com\/pt\/wp-json\/wp\/v2\/media\/377864"}],"wp:attachment":[{"href":"https:\/\/patagoniabooking.com\/pt\/wp-json\/wp\/v2\/media?parent=15"}],"wp:term":[{"taxonomy":"product_brand","embeddable":true,"href":"https:\/\/patagoniabooking.com\/pt\/wp-json\/wp\/v2\/product_brand?post=15"},{"taxonomy":"product_cat","embeddable":true,"href":"https:\/\/patagoniabooking.com\/pt\/wp-json\/wp\/v2\/product_cat?post=15"},{"taxonomy":"product_tag","embeddable":true,"href":"https:\/\/patagoniabooking.com\/pt\/wp-json\/wp\/v2\/product_tag?post=15"}],"curies":[{"name":"wp","href":"https:\/\/api.w.org\/{rel}","templated":true}]}}