{"id":14,"date":"2025-06-12T10:30:01","date_gmt":"2025-06-12T13:30:01","guid":{"rendered":"https:\/\/patagoniabooking.shop\/product\/excursion-a-villa-la-angostura-y-cerro-bayo\/"},"modified":"2026-04-10T10:36:11","modified_gmt":"2026-04-10T13:36:11","slug":"villa-la-angostura-y-cerro-bayo","status":"publish","type":"product","link":"https:\/\/patagoniabooking.com\/pt\/product\/villa-la-angostura-e-cerro-bayo\/","title":{"rendered":"Excurs\u00e3o a Villa La Angostura e Cerro Bayo"},"content":{"rendered":"<h2 class=\"ai-optimize-22\">Experimente a ess\u00eancia de inverno da Patag\u00f4nia<\/h2>\n<p class=\"ai-optimize-23 ai-optimize-introduction\">Participe de uma viagem diferente e emocionante que o convida a descobrir as paisagens \u00fanicas do norte do Parque Nacional Nahuel Huapi. Esse passeio de inverno \u00e9 perfeito para quem est\u00e1 procurando um cen\u00e1rio nevado, florestas andinas serenas e aquela exclusividade que faz a diferen\u00e7a em cada momento.<\/p>\n<h3 class=\"ai-optimize-24\">Detalhes da partida<\/h3>\n<ul>\n<li class=\"ai-optimize-25\"><strong>Destino:<\/strong> Villa La Angostura e o resort de inverno Cerro Bayo.<\/li>\n<li class=\"ai-optimize-26\"><strong>Sa\u00eddas:<\/strong> Segunda-feira, quarta-feira, sexta-feira e domingo.<\/li>\n<li class=\"ai-optimize-27\"><strong>\u00c9poca:<\/strong> Inverno (junho a setembro, com neve segura a partir de 15 de junho).<\/li>\n<li class=\"ai-optimize-28\"><strong>Hor\u00e1rio:<\/strong> Das 08:30 \u00e0s 18:00 aproximadamente.<\/li>\n<li class=\"ai-optimize-29\"><strong>Ele inclui:<\/strong> Passeio terrestre, traslado e guia que fala ingl\u00eas (solicite um guia bil\u00edngue com custo adicional).<\/li>\n<li class=\"ai-optimize-30\"><strong>N\u00e3o inclu\u00eddo:<\/strong> Almo\u00e7os, taxas de entrada no Parque Nacional, passe Cerro Bayo e equipamento de neve.<\/li>\n<\/ul>\n<h3 class=\"ai-optimize-31\">Sua experi\u00eancia e vantagens<\/h3>\n<p class=\"ai-optimize-32\">Ao participar desta proposta, voc\u00ea viver\u00e1 uma experi\u00eancia inesquec\u00edvel em uma das \u00e1reas mais bonitas da Patag\u00f4nia. Aproveite ao m\u00e1ximo:<\/p>\n<ul>\n<li class=\"ai-optimize-33\"><strong>Aventura:<\/strong> Descubra as maravilhas naturais cobertas de neve em um itiner\u00e1rio projetado para surpreend\u00ea-lo.<\/li>\n<li class=\"ai-optimize-34\"><strong>Conforto:<\/strong> Viagem segura e tranquila com um guia experiente.<\/li>\n<li class=\"ai-optimize-35\"><strong>Exclusividade:<\/strong> Descobri destinos imperd\u00edveis onde a cultura, as paisagens e o inverno o cativar\u00e3o.<\/li>\n<\/ul>\n<h3 class=\"ai-optimize-36\">Destaques do tour<\/h3>\n<ul>\n<li class=\"ai-optimize-37\">Passeio panor\u00e2mico pelo norte do Parque Nacional Nahuel Huapi.<\/li>\n<li class=\"ai-optimize-38\">Caminhe pela pitoresca Villa La Angostura e pelo resort de inverno Cerro Bayo.<\/li>\n<li class=\"ai-optimize-39\">Ideal para se conectar com a calma e a beleza inigual\u00e1vel da Patag\u00f4nia.<\/li>\n<\/ul>\n<h2 class=\"ai-optimize-40\">Perguntas frequentes (FAQ)<\/h2>\n<ul>\n<li class=\"ai-optimize-41\"><strong>Qual \u00e9 o melhor per\u00edodo para fazer essa viagem?<\/strong>\u00c9 melhor planejar sua visita no inverno, de junho a setembro, especialmente a partir de 10 de junho, quando h\u00e1 uma forte nevasca.<\/li>\n<li class=\"ai-optimize-42\"><strong>Quais servi\u00e7os est\u00e3o inclu\u00eddos no passeio?<\/strong>O pre\u00e7o inclui o passeio terrestre, traslados e guia em espanhol. Caso deseje assist\u00eancia bil\u00edngue, \u00e9 poss\u00edvel adicion\u00e1-la por uma taxa adicional.<\/li>\n<li class=\"ai-optimize-43\"><strong>O que n\u00e3o est\u00e1 coberto pela excurs\u00e3o?<\/strong>N\u00e3o inclui refei\u00e7\u00f5es, taxas de entrada em Parques Nacionais, acesso ao Cerro Bayo ou equipamentos de neve.<\/li>\n<li class=\"ai-optimize-44\"><strong>Em que consiste o itiner\u00e1rio?<\/strong>A proposta \u00e9 baseada em um tour terrestre visitando Villa La Angostura e vivendo o inverno em Cerro Bayo, para que voc\u00ea possa absorver a autenticidade patag\u00f4nica com todos os seus sentidos.<\/li>\n<\/ul>\n<p class=\"ai-optimize-23\"><strong>Aviso importante<\/strong>Este passeio j\u00e1 est\u00e1 dispon\u00edvel para pr\u00e9-reserva. As sa\u00eddas operam de 15 de junho a 20 de agosto, sujeitas ao calend\u00e1rio sazonal.<\/p>","protected":false},"excerpt":{"rendered":"<p class=\"ai-optimize-6\">Experimente o inverno patag\u00f4nico como nunca antes. Esta proposta \u00fanica o leva a visitar Villa La Angostura e a esta\u00e7\u00e3o de esqui Cerro Bayo, em um ambiente de montanhas cobertas de neve e calma absoluta. Perfeito para aqueles que desejam combinar aventura, conforto e um toque extra de distin\u00e7\u00e3o.<\/p>","protected":false},"featured_media":377865,"comment_status":"open","ping_status":"closed","template":"","meta":[],"product_brand":[],"product_cat":[26,30,31,33,37,42,45],"product_tag":[],"class_list":{"0":"post-14","1":"product","2":"type-product","3":"status-publish","4":"has-post-thumbnail","6":"product_cat-adultos","7":"product_cat-con-traslado","8":"product_cat-familia","9":"product_cat-invierno","10":"product_cat-ninos","11":"product_cat-sin-comida","12":"product_cat-terrestre","14":"first","15":"instock","16":"virtual","17":"sold-individually","18":"purchasable","19":"product-type-booking"},"booking_location":"","booking_location_type":"","booking_duration":1,"booking_duration_unit":"hour","booking_buffer":0,"booking_cost":0,"booking_resources":[],"exclude_global_add_ons":false,"addons":[{"name":"ADU: Adulto","type":"input_multiplier","position":0,"required":false,"title_format":"label","default":"","description_enable":false,"description":"","placeholder_enable":false,"placeholder":"","display":"select","restrictions_type":"any_text","adjust_price":true,"price":"59400","price_type":"quantity_based","restrictions":false,"min":"0","max":"0","options":[],"id":1775748373}],"yoast_head":"<!-- This site is optimized with the Yoast SEO Premium plugin v25.2 (Yoast SEO v25.2) - https:\/\/yoast.com\/wordpress\/plugins\/seo\/ -->\n<title>Excursi\u00f3n a Villa La Angostura y Cerro Bayo - Patagonia Booking<\/title>\n<meta name=\"description\" content=\"Descubr\u00ed Villa La Angostura y Cerro Bayo en invierno. Nieve, paisajes andinos y una experiencia patag\u00f3nica inolvidable desde Bariloche.\" \/>\n<meta name=\"robots\" content=\"index, follow, max-snippet:-1, max-image-preview:large, max-video-preview:-1\" \/>\n<link rel=\"canonical\" href=\"https:\/\/patagoniabooking.com\/pt\/product\/villa-la-angostura-e-cerro-bayo\/\" \/>\n<meta property=\"og:locale\" content=\"pt_BR\" \/>\n<meta property=\"og:type\" content=\"article\" \/>\n<meta property=\"og:title\" content=\"Excursi\u00f3n a Villa La Angostura y Cerro Bayo\" \/>\n<meta property=\"og:description\" content=\"Descubr\u00ed Villa La Angostura y Cerro Bayo en invierno. Nieve, paisajes andinos y una experiencia patag\u00f3nica inolvidable desde Bariloche.\" \/>\n<meta property=\"og:url\" content=\"https:\/\/patagoniabooking.com\/pt\/product\/villa-la-angostura-e-cerro-bayo\/\" \/>\n<meta property=\"og:site_name\" content=\"Patagonia Booking\" \/>\n<meta property=\"article:modified_time\" content=\"2026-04-10T13:36:11+00:00\" \/>\n<meta property=\"og:image\" content=\"https:\/\/patagoniabooking.com\/wp-content\/uploads\/sites\/2\/2025\/06\/4-A-87383139452c44f065c2f902cc1a5c70a9804de972-copia.jpg\" \/>\n\t<meta property=\"og:image:width\" content=\"992\" \/>\n\t<meta property=\"og:image:height\" content=\"1323\" \/>\n\t<meta property=\"og:image:type\" content=\"image\/jpeg\" \/>\n<meta name=\"twitter:card\" content=\"summary_large_image\" \/>\n<meta name=\"twitter:label1\" content=\"Pre\u00e7o\" \/>\n\t<meta name=\"twitter:data1\" content=\"&#036;59,400.00\" \/>\n\t<meta name=\"twitter:label2\" content=\"Disponibilidade\" \/>\n\t<meta name=\"twitter:data2\" content=\"Em Estoque\" \/>\n<script type=\"application\/ld+json\" class=\"yoast-schema-graph\">{\"@context\":\"https:\/\/schema.org\",\"@graph\":[{\"@type\":\"WebPage\",\"@id\":\"https:\/\/patagoniabooking.com\/product\/villa-la-angostura-y-cerro-bayo\/\",\"url\":\"https:\/\/patagoniabooking.com\/product\/villa-la-angostura-y-cerro-bayo\/\",\"name\":\"Excursi\u00f3n a Villa La Angostura y Cerro Bayo - Patagonia Booking\",\"isPartOf\":{\"@id\":\"https:\/\/patagoniabooking.com\/#website\"},\"primaryImageOfPage\":{\"@id\":\"https:\/\/patagoniabooking.com\/product\/villa-la-angostura-y-cerro-bayo\/#primaryimage\"},\"image\":{\"@id\":\"https:\/\/patagoniabooking.com\/product\/villa-la-angostura-y-cerro-bayo\/#primaryimage\"},\"thumbnailUrl\":\"https:\/\/patagoniabooking.com\/wp-content\/uploads\/sites\/2\/2025\/06\/4-A-87383139452c44f065c2f902cc1a5c70a9804de972-copia.jpg\",\"datePublished\":\"2025-06-12T13:30:01+00:00\",\"dateModified\":\"2026-04-10T13:36:11+00:00\",\"description\":\"Descubr\u00ed Villa La Angostura y Cerro Bayo en invierno. Nieve, paisajes andinos y una experiencia patag\u00f3nica inolvidable desde Bariloche.\",\"breadcrumb\":{\"@id\":\"https:\/\/patagoniabooking.com\/product\/villa-la-angostura-y-cerro-bayo\/#breadcrumb\"},\"inLanguage\":\"pt-BR\",\"potentialAction\":[{\"@type\":\"ReadAction\",\"target\":[\"https:\/\/patagoniabooking.com\/product\/villa-la-angostura-y-cerro-bayo\/\"]}]},{\"@type\":\"ImageObject\",\"inLanguage\":\"pt-BR\",\"@id\":\"https:\/\/patagoniabooking.com\/product\/villa-la-angostura-y-cerro-bayo\/#primaryimage\",\"url\":\"https:\/\/patagoniabooking.com\/wp-content\/uploads\/sites\/2\/2025\/06\/4-A-87383139452c44f065c2f902cc1a5c70a9804de972-copia.jpg\",\"contentUrl\":\"https:\/\/patagoniabooking.com\/wp-content\/uploads\/sites\/2\/2025\/06\/4-A-87383139452c44f065c2f902cc1a5c70a9804de972-copia.jpg\",\"width\":992,\"height\":1323},{\"@type\":\"BreadcrumbList\",\"@id\":\"https:\/\/patagoniabooking.com\/product\/villa-la-angostura-y-cerro-bayo\/#breadcrumb\",\"itemListElement\":[{\"@type\":\"ListItem\",\"position\":1,\"name\":\"Inicio\",\"item\":\"https:\/\/patagoniabooking.com\/\"},{\"@type\":\"ListItem\",\"position\":2,\"name\":\"Lista de excursiones\",\"item\":\"https:\/\/patagoniabooking.com\/shop\/\"},{\"@type\":\"ListItem\",\"position\":3,\"name\":\"Excursi\u00f3n a Villa La Angostura y Cerro Bayo\"}]},{\"@type\":\"WebSite\",\"@id\":\"https:\/\/patagoniabooking.com\/#website\",\"url\":\"https:\/\/patagoniabooking.com\/\",\"name\":\"Patagonia Booking\",\"description\":\"\",\"publisher\":{\"@id\":\"https:\/\/patagoniabooking.com\/#organization\"},\"potentialAction\":[{\"@type\":\"SearchAction\",\"target\":{\"@type\":\"EntryPoint\",\"urlTemplate\":\"https:\/\/patagoniabooking.com\/?s={search_term_string}\"},\"query-input\":{\"@type\":\"PropertyValueSpecification\",\"valueRequired\":true,\"valueName\":\"search_term_string\"}}],\"inLanguage\":\"pt-BR\"},{\"@type\":\"Organization\",\"@id\":\"https:\/\/patagoniabooking.com\/#organization\",\"name\":\"Patagonia Booking\",\"url\":\"https:\/\/patagoniabooking.com\/\",\"logo\":{\"@type\":\"ImageObject\",\"inLanguage\":\"pt-BR\",\"@id\":\"https:\/\/patagoniabooking.com\/#\/schema\/logo\/image\/\",\"url\":\"https:\/\/patagoniabooking.com\/wp-content\/uploads\/sites\/2\/2025\/06\/logo-patagonia-booking.png\",\"contentUrl\":\"https:\/\/patagoniabooking.com\/wp-content\/uploads\/sites\/2\/2025\/06\/logo-patagonia-booking.png\",\"width\":80,\"height\":80,\"caption\":\"Patagonia Booking\"},\"image\":{\"@id\":\"https:\/\/patagoniabooking.com\/#\/schema\/logo\/image\/\"}}]}<\/script>\n<meta property=\"product:price:amount\" content=\"59400.00\" \/>\n<meta property=\"product:price:currency\" content=\"ARS\" \/>\n<meta property=\"og:availability\" content=\"instock\" \/>\n<meta property=\"product:availability\" content=\"instock\" \/>\n<meta property=\"product:retailer_item_id\" content=\"ADV2025VILAANM9K2\" \/>\n<meta property=\"product:condition\" content=\"new\" \/>\n<!-- \/ Yoast SEO Premium plugin. -->","yoast_head_json":{"title":"Excurs\u00e3o a Villa La Angostura e Cerro Bayo - Patag\u00f4nia Booking","description":"Descubra Villa La Angostura e Cerro Bayo no inverno. Neve, paisagens andinas e uma experi\u00eancia patag\u00f4nica inesquec\u00edvel a partir de Bariloche.","robots":{"index":"index","follow":"follow","max-snippet":"max-snippet:-1","max-image-preview":"max-image-preview:large","max-video-preview":"max-video-preview:-1"},"canonical":"https:\/\/patagoniabooking.com\/pt\/product\/villa-la-angostura-e-cerro-bayo\/","og_locale":"pt_BR","og_type":"article","og_title":"Excursi\u00f3n a Villa La Angostura y Cerro Bayo","og_description":"Descubr\u00ed Villa La Angostura y Cerro Bayo en invierno. Nieve, paisajes andinos y una experiencia patag\u00f3nica inolvidable desde Bariloche.","og_url":"https:\/\/patagoniabooking.com\/pt\/product\/villa-la-angostura-e-cerro-bayo\/","og_site_name":"Patagonia Booking","article_modified_time":"2026-04-10T13:36:11+00:00","og_image":[{"width":992,"height":1323,"url":"https:\/\/patagoniabooking.com\/wp-content\/uploads\/sites\/2\/2025\/06\/4-A-87383139452c44f065c2f902cc1a5c70a9804de972-copia.jpg","type":"image\/jpeg"}],"twitter_card":"summary_large_image","twitter_misc":{"Pre\u00e7o":"&#36;59,400.00","Disponibilidade":"Em Estoque"},"schema":{"@context":"https:\/\/schema.org","@graph":[{"@type":"WebPage","@id":"https:\/\/patagoniabooking.com\/product\/villa-la-angostura-y-cerro-bayo\/","url":"https:\/\/patagoniabooking.com\/product\/villa-la-angostura-y-cerro-bayo\/","name":"Excurs\u00e3o a Villa La Angostura e Cerro Bayo - Patag\u00f4nia Booking","isPartOf":{"@id":"https:\/\/patagoniabooking.com\/#website"},"primaryImageOfPage":{"@id":"https:\/\/patagoniabooking.com\/product\/villa-la-angostura-y-cerro-bayo\/#primaryimage"},"image":{"@id":"https:\/\/patagoniabooking.com\/product\/villa-la-angostura-y-cerro-bayo\/#primaryimage"},"thumbnailUrl":"https:\/\/patagoniabooking.com\/wp-content\/uploads\/sites\/2\/2025\/06\/4-A-87383139452c44f065c2f902cc1a5c70a9804de972-copia.jpg","datePublished":"2025-06-12T13:30:01+00:00","dateModified":"2026-04-10T13:36:11+00:00","description":"Descubra Villa La Angostura e Cerro Bayo no inverno. Neve, paisagens andinas e uma experi\u00eancia patag\u00f4nica inesquec\u00edvel a partir de Bariloche.","breadcrumb":{"@id":"https:\/\/patagoniabooking.com\/product\/villa-la-angostura-y-cerro-bayo\/#breadcrumb"},"inLanguage":"pt-BR","potentialAction":[{"@type":"ReadAction","target":["https:\/\/patagoniabooking.com\/product\/villa-la-angostura-y-cerro-bayo\/"]}]},{"@type":"ImageObject","inLanguage":"pt-BR","@id":"https:\/\/patagoniabooking.com\/product\/villa-la-angostura-y-cerro-bayo\/#primaryimage","url":"https:\/\/patagoniabooking.com\/wp-content\/uploads\/sites\/2\/2025\/06\/4-A-87383139452c44f065c2f902cc1a5c70a9804de972-copia.jpg","contentUrl":"https:\/\/patagoniabooking.com\/wp-content\/uploads\/sites\/2\/2025\/06\/4-A-87383139452c44f065c2f902cc1a5c70a9804de972-copia.jpg","width":992,"height":1323},{"@type":"BreadcrumbList","@id":"https:\/\/patagoniabooking.com\/product\/villa-la-angostura-y-cerro-bayo\/#breadcrumb","itemListElement":[{"@type":"ListItem","position":1,"name":"Inicio","item":"https:\/\/patagoniabooking.com\/"},{"@type":"ListItem","position":2,"name":"Lista de excursiones","item":"https:\/\/patagoniabooking.com\/shop\/"},{"@type":"ListItem","position":3,"name":"Excursi\u00f3n a Villa La Angostura y Cerro Bayo"}]},{"@type":"WebSite","@id":"https:\/\/patagoniabooking.com\/#website","url":"https:\/\/patagoniabooking.com\/","name":"Reservas para a Patag\u00f4nia","description":"","publisher":{"@id":"https:\/\/patagoniabooking.com\/#organization"},"potentialAction":[{"@type":"SearchAction","target":{"@type":"EntryPoint","urlTemplate":"https:\/\/patagoniabooking.com\/?s={search_term_string}"},"query-input":{"@type":"PropertyValueSpecification","valueRequired":true,"valueName":"search_term_string"}}],"inLanguage":"pt-BR"},{"@type":"Organization","@id":"https:\/\/patagoniabooking.com\/#organization","name":"Reservas para a Patag\u00f4nia","url":"https:\/\/patagoniabooking.com\/","logo":{"@type":"ImageObject","inLanguage":"pt-BR","@id":"https:\/\/patagoniabooking.com\/#\/schema\/logo\/image\/","url":"https:\/\/patagoniabooking.com\/wp-content\/uploads\/sites\/2\/2025\/06\/logo-patagonia-booking.png","contentUrl":"https:\/\/patagoniabooking.com\/wp-content\/uploads\/sites\/2\/2025\/06\/logo-patagonia-booking.png","width":80,"height":80,"caption":"Patagonia Booking"},"image":{"@id":"https:\/\/patagoniabooking.com\/#\/schema\/logo\/image\/"}}]},"product_price_amount":"59400.00","product_price_currency":"ARS","og_availability":"instock","product_availability":"instock","product_retailer_item_id":"ADV2025VILAANM9K2","product_condition":"new"},"_links":{"self":[{"href":"https:\/\/patagoniabooking.com\/pt\/wp-json\/wp\/v2\/product\/14","targetHints":{"allow":["GET"]}}],"collection":[{"href":"https:\/\/patagoniabooking.com\/pt\/wp-json\/wp\/v2\/product"}],"about":[{"href":"https:\/\/patagoniabooking.com\/pt\/wp-json\/wp\/v2\/types\/product"}],"replies":[{"embeddable":true,"href":"https:\/\/patagoniabooking.com\/pt\/wp-json\/wp\/v2\/comments?post=14"}],"wp:featuredmedia":[{"embeddable":true,"href":"https:\/\/patagoniabooking.com\/pt\/wp-json\/wp\/v2\/media\/377865"}],"wp:attachment":[{"href":"https:\/\/patagoniabooking.com\/pt\/wp-json\/wp\/v2\/media?parent=14"}],"wp:term":[{"taxonomy":"product_brand","embeddable":true,"href":"https:\/\/patagoniabooking.com\/pt\/wp-json\/wp\/v2\/product_brand?post=14"},{"taxonomy":"product_cat","embeddable":true,"href":"https:\/\/patagoniabooking.com\/pt\/wp-json\/wp\/v2\/product_cat?post=14"},{"taxonomy":"product_tag","embeddable":true,"href":"https:\/\/patagoniabooking.com\/pt\/wp-json\/wp\/v2\/product_tag?post=14"}],"curies":[{"name":"wp","href":"https:\/\/api.w.org\/{rel}","templated":true}]}}