{"id":12,"date":"2025-06-12T10:29:17","date_gmt":"2025-06-12T13:29:17","guid":{"rendered":"https:\/\/patagoniabooking.shop\/product\/vivencias-caminata-con-raquetas-y-sabores-regionales-refugio-neumeyer\/"},"modified":"2026-04-10T10:36:41","modified_gmt":"2026-04-10T13:36:41","slug":"vivencias-caminata-con-raquetas-y-sabores-regionales-refugio-neumeyer","status":"publish","type":"product","link":"https:\/\/patagoniabooking.com\/pt\/product\/experiencias-com-raquetes-de-neve-e-sabores-regionais-refugio-neumeyer\/","title":{"rendered":"Experi\u00eancias: Caminhada na neve e sabores regionais - Ref\u00fagio Neumeyer"},"content":{"rendered":"<h3 class=\"ai-optimize-7\" data-start=\"741\" data-end=\"771\">Recursos excepcionais<\/h3>\n<p class=\"ai-optimize-8 ai-optimize-introduction\" data-start=\"773\" data-end=\"1275\"><strong data-start=\"773\" data-end=\"803\">Proposta para toda a fam\u00edlia:<\/strong> Uma agrad\u00e1vel caminhada com raquetes de neve em neve virgem, projetada para ser apreciada por crian\u00e7as e adultos.<br data-start=\"884\" data-end=\"887\" \/><strong data-start=\"887\" data-end=\"914\">Sabores bem patag\u00f4nicos:<\/strong> Saboreie as iguarias regionais no acolhedor Refugio Neumeyer, o canto mais aconchegante do vale.<br data-start=\"983\" data-end=\"986\" \/><strong data-start=\"986\" data-end=\"1012\">Jogos de neve garantidos:<\/strong> Fa\u00e7a um passeio em um culipat\u00edn em circuitos seguros e preparados para a divers\u00e3o.<br data-start=\"1074\" data-end=\"1077\" \/><strong data-start=\"1077\" data-end=\"1102\">Tudo inclu\u00eddo, sem preocupa\u00e7\u00f5es:<\/strong> O pacote inclui traslados de Bariloche, guias profissionais e todo o equipamento necess\u00e1rio.<br data-start=\"1173\" data-end=\"1176\" \/><strong data-start=\"1176\" data-end=\"1202\">Pontos tur\u00edsticos pelos quais se apaixonar:<\/strong> Vistas panor\u00e2micas exclusivas dos Andes e da vasta estepe patag\u00f4nica.<\/p>\n<h2 class=\"ai-optimize-9\" data-start=\"1282\" data-end=\"1327\">Conex\u00e3o com a natureza, relaxamento e momentos de alegria<\/h2>\n<p class=\"ai-optimize-10\" data-start=\"1329\" data-end=\"1711\">O dia come\u00e7a com um confort\u00e1vel traslado de sua acomoda\u00e7\u00e3o em Bariloche at\u00e9 o Ref\u00fagio Neumeyer, a apenas 20 km de dist\u00e2ncia, no cora\u00e7\u00e3o do Vale Challhuaco. L\u00e1, os guias cuidar\u00e3o de tudo para sua experi\u00eancia: equipe-se e comece seu passeio com raquetes de neve pela floresta de lengas, aproveitando cada pausa para saborear o ar fresco e tirar fotos inesquec\u00edveis.<\/p>\n<p class=\"ai-optimize-11\" data-start=\"1713\" data-end=\"2088\">A caminhada termina no Mirador del Valle, de onde se pode apreciar os melhores cart\u00f5es postais das montanhas e estepes da Patag\u00f4nia. Ao retornar ao ref\u00fagio, uma mesa com pratos t\u00edpicos o aguarda para relaxar em um ambiente reconfortante. O cl\u00e1ssico culipat\u00edn \u00e9 o final perfeito: uma suave descarga de adrenalina, muitas risadas e lembran\u00e7as que perduram, ideal para toda a fam\u00edlia.<\/p>\n<h3 class=\"ai-optimize-12\" data-start=\"2095\" data-end=\"2125\">Perguntas frequentes (FAQ)<\/h3>\n<p class=\"ai-optimize-13\" data-start=\"2127\" data-end=\"2328\"><strong data-start=\"2127\" data-end=\"2159\">O que \u00e9 coberto pela proposta?<\/strong><br data-start=\"2159\" data-end=\"2162\" \/>Inclui traslados de ida e volta de Bariloche, caminhada guiada com raquetes de neve, uso total do ref\u00fagio, menu regional com bebidas, culipatinas e acesso gratuito \u00e0s pistas.<\/p>\n<p class=\"ai-optimize-14\" data-start=\"2330\" data-end=\"2492\"><strong data-start=\"2330\" data-end=\"2358\">\u00c9 uma atividade projetada para crian\u00e7as?<\/strong><br data-start=\"2358\" data-end=\"2361\" \/>\u00c9 claro: o passeio \u00e9 leve e adequado para crian\u00e7as e av\u00f3s.<\/p>\n<p class=\"ai-optimize-15\" data-start=\"2494\" data-end=\"2639\"><strong data-start=\"2494\" data-end=\"2558\">\u00c9 necess\u00e1rio ter experi\u00eancia pr\u00e9via ou treinamento f\u00edsico?<\/strong><br data-start=\"2558\" data-end=\"2561\" \/>De forma alguma: \u00e9 uma sa\u00edda projetada para qualquer pessoa com sa\u00fade normal.<\/p>\n<p class=\"ai-optimize-16\" data-start=\"2641\" data-end=\"2749\"><strong data-start=\"2641\" data-end=\"2662\">O que levar?<\/strong><br data-start=\"2662\" data-end=\"2665\" \/>Agasalhos, cal\u00e7ados \u00e0 prova d'\u00e1gua, chap\u00e9u, luvas e equipamento para neve.<\/p>\n<p class=\"ai-optimize-23\" data-start=\"2641\" data-end=\"2749\"><strong>Aviso importante<\/strong>Este passeio j\u00e1 est\u00e1 dispon\u00edvel para pr\u00e9-reserva. As sa\u00eddas operam de 15 de junho a 20 de agosto, sujeitas ao calend\u00e1rio sazonal.<\/p>","protected":false},"excerpt":{"rendered":"<p class=\"ai-optimize-6\">Experimente o encanto do Vale de Challhuaco em uma proposta criada para aqueles que desejam se conectar com a natureza, aproveitar a aventura em um ritmo calmo e compartilhar momentos \u00fanicos. Caminhe por trilhas entre \u00e1rvores cobertas de neve usando raquetes de neve, deguste produtos t\u00edpicos da regi\u00e3o em um abrigo aconchegante e divirta-se deslizando na neve em um culipat\u00edn. Perfeito para fam\u00edlias, casais ou amigos que querem aproveitar o inverno sem grandes desafios f\u00edsicos.<\/p>","protected":false},"featured_media":377873,"comment_status":"open","ping_status":"closed","template":"","meta":[],"product_brand":[],"product_cat":[26,28,29,30,31,33,37,45],"product_tag":[],"class_list":{"0":"post-12","1":"product","2":"type-product","3":"status-publish","4":"has-post-thumbnail","6":"product_cat-adultos","7":"product_cat-aventura","8":"product_cat-con-comida","9":"product_cat-con-traslado","10":"product_cat-familia","11":"product_cat-invierno","12":"product_cat-ninos","13":"product_cat-terrestre","15":"first","16":"instock","17":"virtual","18":"sold-individually","19":"purchasable","20":"product-type-booking"},"booking_location":"","booking_location_type":"","booking_duration":1,"booking_duration_unit":"hour","booking_buffer":0,"booking_cost":0,"booking_resources":[],"exclude_global_add_ons":false,"addons":[{"name":"ADU: Adulto","type":"input_multiplier","position":0,"required":false,"title_format":"label","default":"","description_enable":false,"description":"","placeholder_enable":false,"placeholder":"","display":"select","restrictions_type":"any_text","adjust_price":true,"price":"264000","price_type":"quantity_based","restrictions":false,"min":"0","max":"0","options":[],"id":1775749018},{"name":"MEN412 | De 4 a 12","type":"input_multiplier","position":1,"required":false,"title_format":"label","default":"","description_enable":false,"description":"","placeholder_enable":false,"placeholder":"","display":"select","restrictions_type":"any_text","adjust_price":true,"price":"222000","price_type":"quantity_based","restrictions":false,"min":"0","max":"0","options":[],"id":1775749019}],"yoast_head":"<!-- This site is optimized with the Yoast SEO Premium plugin v25.2 (Yoast SEO v25.2) - https:\/\/yoast.com\/wordpress\/plugins\/seo\/ -->\n<title>Vivencias: Caminata Con Raquetas Y Sabores Regionales-Refugio Neumeyer - Patagonia Booking<\/title>\n<meta name=\"robots\" content=\"index, follow, max-snippet:-1, max-image-preview:large, max-video-preview:-1\" \/>\n<link rel=\"canonical\" href=\"https:\/\/patagoniabooking.com\/pt\/product\/experiencias-com-raquetes-de-neve-e-sabores-regionais-refugio-neumeyer\/\" \/>\n<meta property=\"og:locale\" content=\"pt_BR\" \/>\n<meta property=\"og:type\" content=\"article\" \/>\n<meta property=\"og:title\" content=\"Vivencias: Caminata Con Raquetas Y Sabores Regionales-Refugio Neumeyer\" \/>\n<meta property=\"og:description\" content=\"Viv\u00ed el encanto del Valle del Challhuaco en una propuesta dise\u00f1ada para quienes desean conectar con la naturaleza, disfrutar de la aventura a ritmo tranquilo y compartir instantes \u00fanicos. Recorr\u00e9 senderos entre \u00e1rboles cubiertos de nieve usando raquetas, sabore\u00e1 productos t\u00edpicos de la zona en un refugio acogedor y divertite desliz\u00e1ndote en culipat\u00edn sobre la nieve. Perfecto para familias, parejas o amigos que quieren aprovechar el invierno sin grandes desaf\u00edos f\u00edsicos.\" \/>\n<meta property=\"og:url\" content=\"https:\/\/patagoniabooking.com\/pt\/product\/experiencias-com-raquetes-de-neve-e-sabores-regionais-refugio-neumeyer\/\" \/>\n<meta property=\"og:site_name\" content=\"Patagonia Booking\" \/>\n<meta property=\"article:modified_time\" content=\"2026-04-10T13:36:41+00:00\" \/>\n<meta property=\"og:image\" content=\"https:\/\/patagoniabooking.com\/wp-content\/uploads\/sites\/2\/2025\/06\/4-A-Screen-Shot-2018-08-22-at-3-copia-2.jpg\" \/>\n\t<meta property=\"og:image:width\" content=\"992\" \/>\n\t<meta property=\"og:image:height\" content=\"1323\" \/>\n\t<meta property=\"og:image:type\" content=\"image\/jpeg\" \/>\n<meta name=\"twitter:card\" content=\"summary_large_image\" \/>\n<meta name=\"twitter:label1\" content=\"Pre\u00e7o\" \/>\n\t<meta name=\"twitter:data1\" content=\"&#036;264,000.00\" \/>\n\t<meta name=\"twitter:label2\" content=\"Disponibilidade\" \/>\n\t<meta name=\"twitter:data2\" content=\"Em Estoque\" \/>\n<script type=\"application\/ld+json\" class=\"yoast-schema-graph\">{\"@context\":\"https:\/\/schema.org\",\"@graph\":[{\"@type\":\"WebPage\",\"@id\":\"https:\/\/patagoniabooking.com\/product\/vivencias-caminata-con-raquetas-y-sabores-regionales-refugio-neumeyer\/\",\"url\":\"https:\/\/patagoniabooking.com\/product\/vivencias-caminata-con-raquetas-y-sabores-regionales-refugio-neumeyer\/\",\"name\":\"Vivencias: Caminata Con Raquetas Y Sabores Regionales-Refugio Neumeyer - Patagonia Booking\",\"isPartOf\":{\"@id\":\"https:\/\/patagoniabooking.com\/#website\"},\"primaryImageOfPage\":{\"@id\":\"https:\/\/patagoniabooking.com\/product\/vivencias-caminata-con-raquetas-y-sabores-regionales-refugio-neumeyer\/#primaryimage\"},\"image\":{\"@id\":\"https:\/\/patagoniabooking.com\/product\/vivencias-caminata-con-raquetas-y-sabores-regionales-refugio-neumeyer\/#primaryimage\"},\"thumbnailUrl\":\"https:\/\/patagoniabooking.com\/wp-content\/uploads\/sites\/2\/2025\/06\/4-A-Screen-Shot-2018-08-22-at-3-copia-2.jpg\",\"datePublished\":\"2025-06-12T13:29:17+00:00\",\"dateModified\":\"2026-04-10T13:36:41+00:00\",\"breadcrumb\":{\"@id\":\"https:\/\/patagoniabooking.com\/product\/vivencias-caminata-con-raquetas-y-sabores-regionales-refugio-neumeyer\/#breadcrumb\"},\"inLanguage\":\"pt-BR\",\"potentialAction\":[{\"@type\":\"ReadAction\",\"target\":[\"https:\/\/patagoniabooking.com\/product\/vivencias-caminata-con-raquetas-y-sabores-regionales-refugio-neumeyer\/\"]}]},{\"@type\":\"ImageObject\",\"inLanguage\":\"pt-BR\",\"@id\":\"https:\/\/patagoniabooking.com\/product\/vivencias-caminata-con-raquetas-y-sabores-regionales-refugio-neumeyer\/#primaryimage\",\"url\":\"https:\/\/patagoniabooking.com\/wp-content\/uploads\/sites\/2\/2025\/06\/4-A-Screen-Shot-2018-08-22-at-3-copia-2.jpg\",\"contentUrl\":\"https:\/\/patagoniabooking.com\/wp-content\/uploads\/sites\/2\/2025\/06\/4-A-Screen-Shot-2018-08-22-at-3-copia-2.jpg\",\"width\":992,\"height\":1323},{\"@type\":\"BreadcrumbList\",\"@id\":\"https:\/\/patagoniabooking.com\/product\/vivencias-caminata-con-raquetas-y-sabores-regionales-refugio-neumeyer\/#breadcrumb\",\"itemListElement\":[{\"@type\":\"ListItem\",\"position\":1,\"name\":\"Inicio\",\"item\":\"https:\/\/patagoniabooking.com\/\"},{\"@type\":\"ListItem\",\"position\":2,\"name\":\"Lista de excursiones\",\"item\":\"https:\/\/patagoniabooking.com\/shop\/\"},{\"@type\":\"ListItem\",\"position\":3,\"name\":\"Vivencias: Caminata Con Raquetas Y Sabores Regionales-Refugio Neumeyer\"}]},{\"@type\":\"WebSite\",\"@id\":\"https:\/\/patagoniabooking.com\/#website\",\"url\":\"https:\/\/patagoniabooking.com\/\",\"name\":\"Patagonia Booking\",\"description\":\"\",\"publisher\":{\"@id\":\"https:\/\/patagoniabooking.com\/#organization\"},\"potentialAction\":[{\"@type\":\"SearchAction\",\"target\":{\"@type\":\"EntryPoint\",\"urlTemplate\":\"https:\/\/patagoniabooking.com\/?s={search_term_string}\"},\"query-input\":{\"@type\":\"PropertyValueSpecification\",\"valueRequired\":true,\"valueName\":\"search_term_string\"}}],\"inLanguage\":\"pt-BR\"},{\"@type\":\"Organization\",\"@id\":\"https:\/\/patagoniabooking.com\/#organization\",\"name\":\"Patagonia Booking\",\"url\":\"https:\/\/patagoniabooking.com\/\",\"logo\":{\"@type\":\"ImageObject\",\"inLanguage\":\"pt-BR\",\"@id\":\"https:\/\/patagoniabooking.com\/#\/schema\/logo\/image\/\",\"url\":\"https:\/\/patagoniabooking.com\/wp-content\/uploads\/sites\/2\/2025\/06\/logo-patagonia-booking.png\",\"contentUrl\":\"https:\/\/patagoniabooking.com\/wp-content\/uploads\/sites\/2\/2025\/06\/logo-patagonia-booking.png\",\"width\":80,\"height\":80,\"caption\":\"Patagonia Booking\"},\"image\":{\"@id\":\"https:\/\/patagoniabooking.com\/#\/schema\/logo\/image\/\"}}]}<\/script>\n<meta property=\"product:price:amount\" content=\"264000.00\" \/>\n<meta property=\"product:price:currency\" content=\"ARS\" \/>\n<meta property=\"og:availability\" content=\"instock\" \/>\n<meta property=\"product:availability\" content=\"instock\" \/>\n<meta property=\"product:retailer_item_id\" content=\"ADV2025VIENREK3Z9\" \/>\n<meta property=\"product:condition\" content=\"new\" \/>\n<!-- \/ Yoast SEO Premium plugin. -->","yoast_head_json":{"title":"Experi\u00eancias: Raquetes de neve e sabores regionais - Ref\u00fagio Neumeyer - Patag\u00f4nia Booking","robots":{"index":"index","follow":"follow","max-snippet":"max-snippet:-1","max-image-preview":"max-image-preview:large","max-video-preview":"max-video-preview:-1"},"canonical":"https:\/\/patagoniabooking.com\/pt\/product\/experiencias-com-raquetes-de-neve-e-sabores-regionais-refugio-neumeyer\/","og_locale":"pt_BR","og_type":"article","og_title":"Vivencias: Caminata Con Raquetas Y Sabores Regionales-Refugio Neumeyer","og_description":"Viv\u00ed el encanto del Valle del Challhuaco en una propuesta dise\u00f1ada para quienes desean conectar con la naturaleza, disfrutar de la aventura a ritmo tranquilo y compartir instantes \u00fanicos. Recorr\u00e9 senderos entre \u00e1rboles cubiertos de nieve usando raquetas, sabore\u00e1 productos t\u00edpicos de la zona en un refugio acogedor y divertite desliz\u00e1ndote en culipat\u00edn sobre la nieve. Perfecto para familias, parejas o amigos que quieren aprovechar el invierno sin grandes desaf\u00edos f\u00edsicos.","og_url":"https:\/\/patagoniabooking.com\/pt\/product\/experiencias-com-raquetes-de-neve-e-sabores-regionais-refugio-neumeyer\/","og_site_name":"Patagonia Booking","article_modified_time":"2026-04-10T13:36:41+00:00","og_image":[{"width":992,"height":1323,"url":"https:\/\/patagoniabooking.com\/wp-content\/uploads\/sites\/2\/2025\/06\/4-A-Screen-Shot-2018-08-22-at-3-copia-2.jpg","type":"image\/jpeg"}],"twitter_card":"summary_large_image","twitter_misc":{"Pre\u00e7o":"&#36;264,000.00","Disponibilidade":"Em Estoque"},"schema":{"@context":"https:\/\/schema.org","@graph":[{"@type":"WebPage","@id":"https:\/\/patagoniabooking.com\/product\/vivencias-caminata-con-raquetas-y-sabores-regionales-refugio-neumeyer\/","url":"https:\/\/patagoniabooking.com\/product\/vivencias-caminata-con-raquetas-y-sabores-regionales-refugio-neumeyer\/","name":"Experi\u00eancias: Raquetes de neve e sabores regionais - Ref\u00fagio Neumeyer - Patag\u00f4nia Booking","isPartOf":{"@id":"https:\/\/patagoniabooking.com\/#website"},"primaryImageOfPage":{"@id":"https:\/\/patagoniabooking.com\/product\/vivencias-caminata-con-raquetas-y-sabores-regionales-refugio-neumeyer\/#primaryimage"},"image":{"@id":"https:\/\/patagoniabooking.com\/product\/vivencias-caminata-con-raquetas-y-sabores-regionales-refugio-neumeyer\/#primaryimage"},"thumbnailUrl":"https:\/\/patagoniabooking.com\/wp-content\/uploads\/sites\/2\/2025\/06\/4-A-Screen-Shot-2018-08-22-at-3-copia-2.jpg","datePublished":"2025-06-12T13:29:17+00:00","dateModified":"2026-04-10T13:36:41+00:00","breadcrumb":{"@id":"https:\/\/patagoniabooking.com\/product\/vivencias-caminata-con-raquetas-y-sabores-regionales-refugio-neumeyer\/#breadcrumb"},"inLanguage":"pt-BR","potentialAction":[{"@type":"ReadAction","target":["https:\/\/patagoniabooking.com\/product\/vivencias-caminata-con-raquetas-y-sabores-regionales-refugio-neumeyer\/"]}]},{"@type":"ImageObject","inLanguage":"pt-BR","@id":"https:\/\/patagoniabooking.com\/product\/vivencias-caminata-con-raquetas-y-sabores-regionales-refugio-neumeyer\/#primaryimage","url":"https:\/\/patagoniabooking.com\/wp-content\/uploads\/sites\/2\/2025\/06\/4-A-Screen-Shot-2018-08-22-at-3-copia-2.jpg","contentUrl":"https:\/\/patagoniabooking.com\/wp-content\/uploads\/sites\/2\/2025\/06\/4-A-Screen-Shot-2018-08-22-at-3-copia-2.jpg","width":992,"height":1323},{"@type":"BreadcrumbList","@id":"https:\/\/patagoniabooking.com\/product\/vivencias-caminata-con-raquetas-y-sabores-regionales-refugio-neumeyer\/#breadcrumb","itemListElement":[{"@type":"ListItem","position":1,"name":"Inicio","item":"https:\/\/patagoniabooking.com\/"},{"@type":"ListItem","position":2,"name":"Lista de excursiones","item":"https:\/\/patagoniabooking.com\/shop\/"},{"@type":"ListItem","position":3,"name":"Vivencias: Caminata Con Raquetas Y Sabores Regionales-Refugio Neumeyer"}]},{"@type":"WebSite","@id":"https:\/\/patagoniabooking.com\/#website","url":"https:\/\/patagoniabooking.com\/","name":"Reservas para a Patag\u00f4nia","description":"","publisher":{"@id":"https:\/\/patagoniabooking.com\/#organization"},"potentialAction":[{"@type":"SearchAction","target":{"@type":"EntryPoint","urlTemplate":"https:\/\/patagoniabooking.com\/?s={search_term_string}"},"query-input":{"@type":"PropertyValueSpecification","valueRequired":true,"valueName":"search_term_string"}}],"inLanguage":"pt-BR"},{"@type":"Organization","@id":"https:\/\/patagoniabooking.com\/#organization","name":"Reservas para a Patag\u00f4nia","url":"https:\/\/patagoniabooking.com\/","logo":{"@type":"ImageObject","inLanguage":"pt-BR","@id":"https:\/\/patagoniabooking.com\/#\/schema\/logo\/image\/","url":"https:\/\/patagoniabooking.com\/wp-content\/uploads\/sites\/2\/2025\/06\/logo-patagonia-booking.png","contentUrl":"https:\/\/patagoniabooking.com\/wp-content\/uploads\/sites\/2\/2025\/06\/logo-patagonia-booking.png","width":80,"height":80,"caption":"Patagonia Booking"},"image":{"@id":"https:\/\/patagoniabooking.com\/#\/schema\/logo\/image\/"}}]},"product_price_amount":"264000.00","product_price_currency":"ARS","og_availability":"instock","product_availability":"instock","product_retailer_item_id":"ADV2025VIENREK3Z9","product_condition":"new"},"_links":{"self":[{"href":"https:\/\/patagoniabooking.com\/pt\/wp-json\/wp\/v2\/product\/12","targetHints":{"allow":["GET"]}}],"collection":[{"href":"https:\/\/patagoniabooking.com\/pt\/wp-json\/wp\/v2\/product"}],"about":[{"href":"https:\/\/patagoniabooking.com\/pt\/wp-json\/wp\/v2\/types\/product"}],"replies":[{"embeddable":true,"href":"https:\/\/patagoniabooking.com\/pt\/wp-json\/wp\/v2\/comments?post=12"}],"wp:featuredmedia":[{"embeddable":true,"href":"https:\/\/patagoniabooking.com\/pt\/wp-json\/wp\/v2\/media\/377873"}],"wp:attachment":[{"href":"https:\/\/patagoniabooking.com\/pt\/wp-json\/wp\/v2\/media?parent=12"}],"wp:term":[{"taxonomy":"product_brand","embeddable":true,"href":"https:\/\/patagoniabooking.com\/pt\/wp-json\/wp\/v2\/product_brand?post=12"},{"taxonomy":"product_cat","embeddable":true,"href":"https:\/\/patagoniabooking.com\/pt\/wp-json\/wp\/v2\/product_cat?post=12"},{"taxonomy":"product_tag","embeddable":true,"href":"https:\/\/patagoniabooking.com\/pt\/wp-json\/wp\/v2\/product_tag?post=12"}],"curies":[{"name":"wp","href":"https:\/\/api.w.org\/{rel}","templated":true}]}}