{"id":50,"date":"2025-06-12T10:41:14","date_gmt":"2025-06-12T13:41:14","guid":{"rendered":"https:\/\/patagoniabooking.shop\/product\/extremo-encantado-aventura-en-la-nieve-al-estilo-patagonico\/"},"modified":"2026-04-10T10:26:22","modified_gmt":"2026-04-10T13:26:22","slug":"extremo-encantado","status":"publish","type":"product","link":"https:\/\/patagoniabooking.com\/en\/product\/enchanted-end\/","title":{"rendered":"Extremo Encantado: Snow Adventure Patagonian Style"},"content":{"rendered":"<h3 class=\"ai-optimize-6\" data-start=\"414\" data-end=\"496\"><strong data-start=\"418\" data-end=\"496\">Experience a different winter: snow, emotion and flavors that will surprise you.<\/strong><\/h3>\n<p class=\"ai-optimize-7 ai-optimize-introduction\" data-start=\"498\" data-end=\"860\">Extremo Encantado invites you to discover the snowy Patagonia to the fullest, in a proposal that combines adventure and pleasure in every moment. Get on the 4\u00d74 and feel how the adrenaline grows: the mountain embraces you with its magic. Between games in the snow, nature and an incomparable gastronomy, you will take memories that will stay with you forever.<\/p>\n<p class=\"ai-optimize-8\" data-start=\"862\" data-end=\"1084\">You can join from <strong data-start=\"873\" data-end=\"926\">June 10 and until August 15, 2025<\/strong>. A dream combo between action and relaxation in an exclusive refuge of Cerro Lopez, ideal to enjoy as a couple, family or group of friends.<\/p>\n<h3 class=\"ai-optimize-9\" data-start=\"1091\" data-end=\"1127\">Moments you will want to repeat<\/h3>\n<p class=\"ai-optimize-10\" data-start=\"1129\" data-end=\"1286\"><strong data-start=\"1129\" data-end=\"1149\">Adventure in 4\u00d74:<\/strong> The road is already part of the plan. We ascend between mountains, forests and white postcards on our way to Refugio Traves\u00eda: a snowy paradise.<\/p>\n<p class=\"ai-optimize-11\" data-start=\"1288\" data-end=\"1418\"><strong data-start=\"1288\" data-end=\"1314\">Descent with culipatines:<\/strong> I felt the laughter shoot down the slopes. Guaranteed fun for young and old: impossible not to be tempted.<\/p>\n<p class=\"ai-optimize-12\" data-start=\"1420\" data-end=\"1539\"><strong data-start=\"1420\" data-end=\"1446\">Trekking with snowshoes:<\/strong> Walk quietly along snowy trails and experience a short hike full of charm, landscapes and silence.<\/p>\n<p class=\"ai-optimize-13\" data-start=\"1541\" data-end=\"1719\"><strong data-start=\"1541\" data-end=\"1566\">Patagonian flavors:<\/strong> Choose lunch or snack and discover typical dishes: empanadas, fondue or local recipes. All in a warm shelter with live music.<\/p>\n<h3 class=\"ai-optimize-14\" data-start=\"1726\" data-end=\"1745\">When and in what way?<\/h3>\n<p class=\"ai-optimize-15\" data-start=\"1747\" data-end=\"1779\">Choose the schedule that best suits you:<\/p>\n<ul data-start=\"1780\" data-end=\"1844\">\n<li class=\"ai-optimize-16\" data-start=\"1780\" data-end=\"1812\">\n<ul data-start=\"1780\" data-end=\"1844\">\n<li class=\"ai-optimize-17\" data-start=\"1780\" data-end=\"1812\">\n<p class=\"ai-optimize-18\" data-start=\"1782\" data-end=\"1812\">Morning shift: 9 a.m. to 3 p.m.<\/p>\n<\/li>\n<li class=\"ai-optimize-19\" data-start=\"1813\" data-end=\"1844\">\n<p class=\"ai-optimize-20\" data-start=\"1815\" data-end=\"1844\">Afternoon shift: 1 to 6 p.m.<\/p>\n<\/li>\n<\/ul>\n<\/li>\n<\/ul>\n<p class=\"ai-optimize-21\" data-start=\"1846\" data-end=\"1980\">We leave from meeting points between downtown Bariloche and km 8 of Bustillo Av. or Pioneros Av., very easy to reach from any area!<\/p>\n<h3 class=\"ai-optimize-22\" data-start=\"1987\" data-end=\"2019\">Everything your day includes<\/h3>\n<ul data-start=\"2021\" data-end=\"2230\">\n<li class=\"ai-optimize-23\" data-start=\"2021\" data-end=\"2070\">\n<p class=\"ai-optimize-24\" data-start=\"2023\" data-end=\"2070\">Transfers to and from the agreed points.<\/p>\n<\/li>\n<li class=\"ai-optimize-25\" data-start=\"2071\" data-end=\"2098\">\n<p class=\"ai-optimize-26\" data-start=\"2073\" data-end=\"2098\">4\u00d74 ride with guide.<\/p>\n<\/li>\n<li class=\"ai-optimize-27\" data-start=\"2099\" data-end=\"2130\">\n<p class=\"ai-optimize-28\" data-start=\"2101\" data-end=\"2130\">Guided trekking with snowshoes.<\/p>\n<\/li>\n<li class=\"ai-optimize-29\" data-start=\"2131\" data-end=\"2151\">\n<p class=\"ai-optimize-30\" data-start=\"2133\" data-end=\"2151\">Culipat\u00edn descents.<\/p>\n<\/li>\n<li class=\"ai-optimize-31\" data-start=\"2152\" data-end=\"2183\">\n<p class=\"ai-optimize-32\" data-start=\"2154\" data-end=\"2183\">Live music show at the shelter.<\/p>\n<\/li>\n<li class=\"ai-optimize-33\" data-start=\"2184\" data-end=\"2230\">\n<p class=\"ai-optimize-34\" data-start=\"2186\" data-end=\"2230\">Lunch or snack, depending on the reserved shift.<\/p>\n<\/li>\n<\/ul>\n<p class=\"ai-optimize-35\" data-start=\"2232\" data-end=\"2291\"><strong data-start=\"2232\" data-end=\"2247\">Does not include:<\/strong> snow gear and beverages with the food.<\/p>\n<h3 class=\"ai-optimize-36\" data-start=\"2298\" data-end=\"2322\">Frequently asked questions<\/h3>\n<p class=\"ai-optimize-37\" data-start=\"2324\" data-end=\"2482\"><strong data-start=\"2324\" data-end=\"2359\">Who can live it?<\/strong><br data-start=\"2359\" data-end=\"2362\" \/>Ideal for all ages from 5 years old, regardless of your physical condition. Come with your group: everyone has a great time.<\/p>\n<p class=\"ai-optimize-38\" data-start=\"2484\" data-end=\"2640\"><strong data-start=\"2484\" data-end=\"2510\">What to bring?<\/strong><br data-start=\"2510\" data-end=\"2513\" \/>Warm clothes for snow, waterproof shoes, hat, gloves and sunglasses. Remember that you bring your own technical clothing.<\/p>\n<p class=\"ai-optimize-39\" data-start=\"2642\" data-end=\"2758\"><strong data-start=\"2642\" data-end=\"2677\">Looking for me at the hotel?<\/strong><br data-start=\"2677\" data-end=\"2680\" \/>No, the transfer starts from meeting points close to your accommodation.<\/p>\n<p class=\"ai-optimize-23\" data-start=\"2642\" data-end=\"2758\"><strong>Important Notice<\/strong>This tour is now available for pre-booking. Departures operate from June 15 to August 20, subject to seasonal calendar.<\/p>","protected":false},"excerpt":{"rendered":"<p class=\"ai-optimize-6\"><strong>Enchanted Extreme<\/strong> invites you to live a different winter adventure. Participate in 4\u00d74 tours, sledding and trekking accompanied by guides, ending with a typical culinary stop. It is a unique proposal to connect with an exceptional natural landscape.<\/p>","protected":false},"featured_media":377775,"comment_status":"open","ping_status":"closed","template":"","meta":[],"product_brand":[],"product_cat":[26,28,29,30,31,33,37,45],"product_tag":[],"class_list":{"0":"post-50","1":"product","2":"type-product","3":"status-publish","4":"has-post-thumbnail","6":"product_cat-adultos","7":"product_cat-aventura","8":"product_cat-con-comida","9":"product_cat-con-traslado","10":"product_cat-familia","11":"product_cat-invierno","12":"product_cat-ninos","13":"product_cat-terrestre","15":"first","16":"instock","17":"virtual","18":"sold-individually","19":"purchasable","20":"product-type-booking"},"booking_location":"","booking_location_type":"","booking_duration":1,"booking_duration_unit":"hour","booking_buffer":0,"booking_cost":0,"booking_resources":[],"exclude_global_add_ons":false,"addons":[{"name":"ADU | Adult","type":"input_multiplier","position":0,"required":false,"title_format":"label","default":"","description_enable":false,"description":"","placeholder_enable":false,"placeholder":"","display":"select","restrictions_type":"any_text","adjust_price":true,"price":"239500","price_type":"quantity_based","restrictions":false,"min":"0","max":"0","options":[],"id":1775738199},{"name":"MEN412 | From 4 to 12","type":"input_multiplier","position":1,"required":false,"title_format":"label","default":"","description_enable":false,"description":"","placeholder_enable":false,"placeholder":"","display":"select","restrictions_type":"any_text","adjust_price":true,"price":"179500","price_type":"quantity_based","restrictions":false,"min":"0","max":"0","options":[],"id":1775738200},{"name":"INF04 | From 0 to 4","type":"input_multiplier","position":2,"required":false,"title_format":"label","default":"","description_enable":false,"description":"","placeholder_enable":false,"placeholder":"","display":"select","restrictions_type":"any_text","adjust_price":true,"price":"","price_type":"quantity_based","restrictions":false,"min":"0","max":"0","options":[],"id":1775738201}],"yoast_head":"<!-- This site is optimized with the Yoast SEO Premium plugin v25.2 (Yoast SEO v25.2) - https:\/\/yoast.com\/wordpress\/plugins\/seo\/ -->\n<title>Extremo Encantado: Aventura en la Nieve al Estilo Patag\u00f3nico - Patagonia Booking<\/title>\n<meta name=\"robots\" content=\"index, follow, max-snippet:-1, max-image-preview:large, max-video-preview:-1\" \/>\n<link rel=\"canonical\" href=\"https:\/\/patagoniabooking.com\/en\/product\/enchanted-end\/\" \/>\n<meta property=\"og:locale\" content=\"en_US\" \/>\n<meta property=\"og:type\" content=\"article\" \/>\n<meta property=\"og:title\" content=\"Extremo Encantado: Aventura en la Nieve al Estilo Patag\u00f3nico\" \/>\n<meta property=\"og:description\" content=\"Extremo Encantado te invita a vivir una aventura de invierno diferente. Particip\u00e1 de recorridos 4\u00d74, bajadas en trineo y trekking acompa\u00f1ados por gu\u00edas, finalizando con una parada culinaria t\u00edpica. Es una propuesta \u00fanica para conectar con un paisaje natural excepcional.\" \/>\n<meta property=\"og:url\" content=\"https:\/\/patagoniabooking.com\/en\/product\/enchanted-end\/\" \/>\n<meta property=\"og:site_name\" content=\"Patagonia Booking\" \/>\n<meta property=\"article:modified_time\" content=\"2026-04-10T13:26:22+00:00\" \/>\n<meta property=\"og:image\" content=\"https:\/\/patagoniabooking.com\/wp-content\/uploads\/sites\/2\/2025\/06\/4-C-Extremo_Encantado_7-pica-copia.jpg\" \/>\n\t<meta property=\"og:image:width\" content=\"992\" \/>\n\t<meta property=\"og:image:height\" content=\"1323\" \/>\n\t<meta property=\"og:image:type\" content=\"image\/jpeg\" \/>\n<meta name=\"twitter:card\" content=\"summary_large_image\" \/>\n<meta name=\"twitter:label1\" content=\"Price\" \/>\n\t<meta name=\"twitter:data1\" content=\"&#036;239,500.00\" \/>\n\t<meta name=\"twitter:label2\" content=\"Availability\" \/>\n\t<meta name=\"twitter:data2\" content=\"In stock\" \/>\n<script type=\"application\/ld+json\" class=\"yoast-schema-graph\">{\"@context\":\"https:\/\/schema.org\",\"@graph\":[{\"@type\":\"WebPage\",\"@id\":\"https:\/\/patagoniabooking.com\/product\/extremo-encantado\/\",\"url\":\"https:\/\/patagoniabooking.com\/product\/extremo-encantado\/\",\"name\":\"Extremo Encantado: Aventura en la Nieve al Estilo Patag\u00f3nico - Patagonia Booking\",\"isPartOf\":{\"@id\":\"https:\/\/patagoniabooking.com\/#website\"},\"primaryImageOfPage\":{\"@id\":\"https:\/\/patagoniabooking.com\/product\/extremo-encantado\/#primaryimage\"},\"image\":{\"@id\":\"https:\/\/patagoniabooking.com\/product\/extremo-encantado\/#primaryimage\"},\"thumbnailUrl\":\"https:\/\/patagoniabooking.com\/wp-content\/uploads\/sites\/2\/2025\/06\/4-C-Extremo_Encantado_7-pica-copia.jpg\",\"datePublished\":\"2025-06-12T13:41:14+00:00\",\"dateModified\":\"2026-04-10T13:26:22+00:00\",\"breadcrumb\":{\"@id\":\"https:\/\/patagoniabooking.com\/product\/extremo-encantado\/#breadcrumb\"},\"inLanguage\":\"en-US\",\"potentialAction\":[{\"@type\":\"ReadAction\",\"target\":[\"https:\/\/patagoniabooking.com\/product\/extremo-encantado\/\"]}]},{\"@type\":\"ImageObject\",\"inLanguage\":\"en-US\",\"@id\":\"https:\/\/patagoniabooking.com\/product\/extremo-encantado\/#primaryimage\",\"url\":\"https:\/\/patagoniabooking.com\/wp-content\/uploads\/sites\/2\/2025\/06\/4-C-Extremo_Encantado_7-pica-copia.jpg\",\"contentUrl\":\"https:\/\/patagoniabooking.com\/wp-content\/uploads\/sites\/2\/2025\/06\/4-C-Extremo_Encantado_7-pica-copia.jpg\",\"width\":992,\"height\":1323},{\"@type\":\"BreadcrumbList\",\"@id\":\"https:\/\/patagoniabooking.com\/product\/extremo-encantado\/#breadcrumb\",\"itemListElement\":[{\"@type\":\"ListItem\",\"position\":1,\"name\":\"Inicio\",\"item\":\"https:\/\/patagoniabooking.com\/\"},{\"@type\":\"ListItem\",\"position\":2,\"name\":\"Lista de excursiones\",\"item\":\"https:\/\/patagoniabooking.com\/shop\/\"},{\"@type\":\"ListItem\",\"position\":3,\"name\":\"Extremo Encantado: Aventura en la Nieve al Estilo Patag\u00f3nico\"}]},{\"@type\":\"WebSite\",\"@id\":\"https:\/\/patagoniabooking.com\/#website\",\"url\":\"https:\/\/patagoniabooking.com\/\",\"name\":\"Patagonia Booking\",\"description\":\"\",\"publisher\":{\"@id\":\"https:\/\/patagoniabooking.com\/#organization\"},\"potentialAction\":[{\"@type\":\"SearchAction\",\"target\":{\"@type\":\"EntryPoint\",\"urlTemplate\":\"https:\/\/patagoniabooking.com\/?s={search_term_string}\"},\"query-input\":{\"@type\":\"PropertyValueSpecification\",\"valueRequired\":true,\"valueName\":\"search_term_string\"}}],\"inLanguage\":\"en-US\"},{\"@type\":\"Organization\",\"@id\":\"https:\/\/patagoniabooking.com\/#organization\",\"name\":\"Patagonia Booking\",\"url\":\"https:\/\/patagoniabooking.com\/\",\"logo\":{\"@type\":\"ImageObject\",\"inLanguage\":\"en-US\",\"@id\":\"https:\/\/patagoniabooking.com\/#\/schema\/logo\/image\/\",\"url\":\"https:\/\/patagoniabooking.com\/wp-content\/uploads\/sites\/2\/2025\/06\/logo-patagonia-booking.png\",\"contentUrl\":\"https:\/\/patagoniabooking.com\/wp-content\/uploads\/sites\/2\/2025\/06\/logo-patagonia-booking.png\",\"width\":80,\"height\":80,\"caption\":\"Patagonia Booking\"},\"image\":{\"@id\":\"https:\/\/patagoniabooking.com\/#\/schema\/logo\/image\/\"}}]}<\/script>\n<meta property=\"product:price:amount\" content=\"239500.00\" \/>\n<meta property=\"product:price:currency\" content=\"ARS\" \/>\n<meta property=\"og:availability\" content=\"instock\" \/>\n<meta property=\"product:availability\" content=\"instock\" \/>\n<meta property=\"product:retailer_item_id\" content=\"ADV2025EXENCL99\" \/>\n<meta property=\"product:condition\" content=\"new\" \/>\n<!-- \/ Yoast SEO Premium plugin. -->","yoast_head_json":{"title":"Extremo Encantado: Snow Adventure Patagonian Style - Patagonia Booking","robots":{"index":"index","follow":"follow","max-snippet":"max-snippet:-1","max-image-preview":"max-image-preview:large","max-video-preview":"max-video-preview:-1"},"canonical":"https:\/\/patagoniabooking.com\/en\/product\/enchanted-end\/","og_locale":"en_US","og_type":"article","og_title":"Extremo Encantado: Aventura en la Nieve al Estilo Patag\u00f3nico","og_description":"Extremo Encantado te invita a vivir una aventura de invierno diferente. Particip\u00e1 de recorridos 4\u00d74, bajadas en trineo y trekking acompa\u00f1ados por gu\u00edas, finalizando con una parada culinaria t\u00edpica. Es una propuesta \u00fanica para conectar con un paisaje natural excepcional.","og_url":"https:\/\/patagoniabooking.com\/en\/product\/enchanted-end\/","og_site_name":"Patagonia Booking","article_modified_time":"2026-04-10T13:26:22+00:00","og_image":[{"width":992,"height":1323,"url":"https:\/\/patagoniabooking.com\/wp-content\/uploads\/sites\/2\/2025\/06\/4-C-Extremo_Encantado_7-pica-copia.jpg","type":"image\/jpeg"}],"twitter_card":"summary_large_image","twitter_misc":{"Price":"&#36;239,500.00","Availability":"In stock"},"schema":{"@context":"https:\/\/schema.org","@graph":[{"@type":"WebPage","@id":"https:\/\/patagoniabooking.com\/product\/extremo-encantado\/","url":"https:\/\/patagoniabooking.com\/product\/extremo-encantado\/","name":"Extremo Encantado: Snow Adventure Patagonian Style - Patagonia Booking","isPartOf":{"@id":"https:\/\/patagoniabooking.com\/#website"},"primaryImageOfPage":{"@id":"https:\/\/patagoniabooking.com\/product\/extremo-encantado\/#primaryimage"},"image":{"@id":"https:\/\/patagoniabooking.com\/product\/extremo-encantado\/#primaryimage"},"thumbnailUrl":"https:\/\/patagoniabooking.com\/wp-content\/uploads\/sites\/2\/2025\/06\/4-C-Extremo_Encantado_7-pica-copia.jpg","datePublished":"2025-06-12T13:41:14+00:00","dateModified":"2026-04-10T13:26:22+00:00","breadcrumb":{"@id":"https:\/\/patagoniabooking.com\/product\/extremo-encantado\/#breadcrumb"},"inLanguage":"en-US","potentialAction":[{"@type":"ReadAction","target":["https:\/\/patagoniabooking.com\/product\/extremo-encantado\/"]}]},{"@type":"ImageObject","inLanguage":"en-US","@id":"https:\/\/patagoniabooking.com\/product\/extremo-encantado\/#primaryimage","url":"https:\/\/patagoniabooking.com\/wp-content\/uploads\/sites\/2\/2025\/06\/4-C-Extremo_Encantado_7-pica-copia.jpg","contentUrl":"https:\/\/patagoniabooking.com\/wp-content\/uploads\/sites\/2\/2025\/06\/4-C-Extremo_Encantado_7-pica-copia.jpg","width":992,"height":1323},{"@type":"BreadcrumbList","@id":"https:\/\/patagoniabooking.com\/product\/extremo-encantado\/#breadcrumb","itemListElement":[{"@type":"ListItem","position":1,"name":"Inicio","item":"https:\/\/patagoniabooking.com\/"},{"@type":"ListItem","position":2,"name":"Lista de excursiones","item":"https:\/\/patagoniabooking.com\/shop\/"},{"@type":"ListItem","position":3,"name":"Extremo Encantado: Aventura en la Nieve al Estilo Patag\u00f3nico"}]},{"@type":"WebSite","@id":"https:\/\/patagoniabooking.com\/#website","url":"https:\/\/patagoniabooking.com\/","name":"Patagonia Booking","description":"","publisher":{"@id":"https:\/\/patagoniabooking.com\/#organization"},"potentialAction":[{"@type":"SearchAction","target":{"@type":"EntryPoint","urlTemplate":"https:\/\/patagoniabooking.com\/?s={search_term_string}"},"query-input":{"@type":"PropertyValueSpecification","valueRequired":true,"valueName":"search_term_string"}}],"inLanguage":"en-US"},{"@type":"Organization","@id":"https:\/\/patagoniabooking.com\/#organization","name":"Patagonia Booking","url":"https:\/\/patagoniabooking.com\/","logo":{"@type":"ImageObject","inLanguage":"en-US","@id":"https:\/\/patagoniabooking.com\/#\/schema\/logo\/image\/","url":"https:\/\/patagoniabooking.com\/wp-content\/uploads\/sites\/2\/2025\/06\/logo-patagonia-booking.png","contentUrl":"https:\/\/patagoniabooking.com\/wp-content\/uploads\/sites\/2\/2025\/06\/logo-patagonia-booking.png","width":80,"height":80,"caption":"Patagonia Booking"},"image":{"@id":"https:\/\/patagoniabooking.com\/#\/schema\/logo\/image\/"}}]},"product_price_amount":"239500.00","product_price_currency":"ARS","og_availability":"instock","product_availability":"instock","product_retailer_item_id":"ADV2025EXENCL99","product_condition":"new"},"_links":{"self":[{"href":"https:\/\/patagoniabooking.com\/en\/wp-json\/wp\/v2\/product\/50","targetHints":{"allow":["GET"]}}],"collection":[{"href":"https:\/\/patagoniabooking.com\/en\/wp-json\/wp\/v2\/product"}],"about":[{"href":"https:\/\/patagoniabooking.com\/en\/wp-json\/wp\/v2\/types\/product"}],"replies":[{"embeddable":true,"href":"https:\/\/patagoniabooking.com\/en\/wp-json\/wp\/v2\/comments?post=50"}],"wp:featuredmedia":[{"embeddable":true,"href":"https:\/\/patagoniabooking.com\/en\/wp-json\/wp\/v2\/media\/377775"}],"wp:attachment":[{"href":"https:\/\/patagoniabooking.com\/en\/wp-json\/wp\/v2\/media?parent=50"}],"wp:term":[{"taxonomy":"product_brand","embeddable":true,"href":"https:\/\/patagoniabooking.com\/en\/wp-json\/wp\/v2\/product_brand?post=50"},{"taxonomy":"product_cat","embeddable":true,"href":"https:\/\/patagoniabooking.com\/en\/wp-json\/wp\/v2\/product_cat?post=50"},{"taxonomy":"product_tag","embeddable":true,"href":"https:\/\/patagoniabooking.com\/en\/wp-json\/wp\/v2\/product_tag?post=50"}],"curies":[{"name":"wp","href":"https:\/\/api.w.org\/{rel}","templated":true}]}}