{"id":48,"date":"2025-06-12T10:40:28","date_gmt":"2025-06-12T13:40:28","guid":{"rendered":"https:\/\/patagoniabooking.shop\/product\/piedras-blancas-trineos-culipatin-traslado\/"},"modified":"2026-04-10T10:28:05","modified_gmt":"2026-04-10T13:28:05","slug":"piedras-blancas-trineos-culipatin-traslado","status":"publish","type":"product","link":"https:\/\/patagoniabooking.com\/en\/product\/piedras-blancas-sledges-culipatin-transfer-2\/","title":{"rendered":"Snow Adventure: Sledding and Culipatin at Piedras Blancas with Transfer"},"content":{"rendered":"<h2 class=\"ai-optimize-7\">Feel the Magic of Winter in Bariloche<\/h2>\n<p class=\"ai-optimize-8 ai-optimize-introduction\">Come and enjoy a unique day among mountains and snow, in the emblematic Cerro Otto. Experience that adrenaline rush when sliding in the middle of the Patagonian landscape: from the start in Bariloche to the first sled ride, everything is designed for you to get excited, have fun and feel nature at its best.<\/p>\n<h2 class=\"ai-optimize-9\">Key Data of your Adventure<\/h2>\n<ul>\n<li class=\"ai-optimize-10\"><strong>Home:<\/strong> Bariloche.<\/li>\n<li class=\"ai-optimize-11\"><strong>Location:<\/strong> Piedras Blancas Complex, Cerro Otto.<\/li>\n<li class=\"ai-optimize-12\"><strong>What you will do:<\/strong> Sledding (Culipatin) with six chairlift rides.<\/li>\n<li class=\"ai-optimize-13\"><strong>Schedules Available:<\/strong> 8:30 am to 12:30 pm or 11:00 am to 3:30 pm.<\/li>\n<\/ul>\n<h2 class=\"ai-optimize-14\">Highlights<\/h2>\n<ul>\n<li class=\"ai-optimize-15\"><strong>Exclusive Tracks:<\/strong> More than 3000 meters prepared only for sleds.<\/li>\n<li class=\"ai-optimize-16\"><strong>Capacity:<\/strong> Elevators with room for up to 1200 people per hour.<\/li>\n<li class=\"ai-optimize-17\"><strong>For All:<\/strong> Different tracks according to age or level.<\/li>\n<li class=\"ai-optimize-18\"><strong>Premium equipment:<\/strong> Sleds and chairlifts designed for you to travel comfortably and safely.<\/li>\n<\/ul>\n<h2 class=\"ai-optimize-19\">Conditions and Important Data<\/h2>\n<ul>\n<li class=\"ai-optimize-20\"><strong>Validity:<\/strong> From June 15 to August 20, 2026.<\/li>\n<li class=\"ai-optimize-21\"><strong>Rates according to age:<\/strong>\n<ul>\n<li class=\"ai-optimize-22\">0 to 11 months: Free of charge (only accompanying, they do not descend).<\/li>\n<li class=\"ai-optimize-23\">1 to 4 years old: Special access to children's track.<\/li>\n<li class=\"ai-optimize-24\">5 to 12 years: Full use with differential rate.<\/li>\n<li class=\"ai-optimize-25\">13 years and older: Total participation.<\/li>\n<\/ul>\n<\/li>\n<li class=\"ai-optimize-26\"><strong>To be considered:<\/strong> Moms-to-be can go, although they will not use the sleds.<\/li>\n<\/ul>\n<h2 class=\"ai-optimize-27\">What's Included<\/h2>\n<ul>\n<li class=\"ai-optimize-28\"><strong>Includes:<\/strong> Sledding, six chairlift ascents and coordinated descents.<\/li>\n<li class=\"ai-optimize-29\"><strong>Does not include:<\/strong> Snow clothes, no meals.<\/li>\n<\/ul>\n<h2 class=\"ai-optimize-30\">Frequently Asked Questions<\/h2>\n<div>\n<h3 class=\"ai-optimize-31\">When does the activity take place?<\/h3>\n<p class=\"ai-optimize-32\">There are two schedule options: 8:30 am to 12:30 pm or 11:00 am to 3:30 pm. Choose the one that best suits you and secure your place.<\/p>\n<h3 class=\"ai-optimize-33\">What equipment do you provide?<\/h3>\n<p class=\"ai-optimize-34\">We give you sleds made of resistant plastic and a safe chairlift system to climb relaxed and calm.<\/p>\n<h3 class=\"ai-optimize-35\">What if I go with boys?<\/h3>\n<p class=\"ai-optimize-36\">Of course! There are slopes adapted to age and level, from the youngest to the youngest. Children under 11 months can go, but not jump.<\/p>\n<h3 class=\"ai-optimize-37\">Is there anything I should bring separately?<\/h3>\n<p class=\"ai-optimize-38\">The proposal does not cover snow clothing, transfers or food. Remember to be prepared with what you need so you don't miss a single moment.<\/p>\n<p class=\"ai-optimize-23\"><strong>Important Notice<\/strong>This tour is now available for pre-booking. Departures operate from June 15 to August 20, subject to seasonal calendar.<\/p>\n<\/div>","protected":false},"excerpt":{"rendered":"<p class=\"ai-optimize-6\"><strong>Feel the magic of winter at Cerro Otto in Bariloche<\/strong>. Enjoy going down more than 3000 meters of circuits prepared for sleds and live a day full of fun, natural landscapes and comfort. An ideal proposal to share with the family and accumulate unique moments.<\/p>","protected":false},"featured_media":377781,"comment_status":"open","ping_status":"closed","template":"","meta":[],"product_brand":[],"product_cat":[26,28,30,31,33,37,42,45],"product_tag":[],"class_list":{"0":"post-48","1":"product","2":"type-product","3":"status-publish","4":"has-post-thumbnail","6":"product_cat-adultos","7":"product_cat-aventura","8":"product_cat-con-traslado","9":"product_cat-familia","10":"product_cat-invierno","11":"product_cat-ninos","12":"product_cat-sin-comida","13":"product_cat-terrestre","15":"first","16":"instock","17":"virtual","18":"sold-individually","19":"purchasable","20":"product-type-booking"},"booking_location":"","booking_location_type":"","booking_duration":1,"booking_duration_unit":"hour","booking_buffer":0,"booking_cost":0,"booking_resources":[],"exclude_global_add_ons":false,"addons":[{"name":"ADU | Adult","type":"input_multiplier","position":0,"required":false,"title_format":"label","default":"","description_enable":false,"description":"","placeholder_enable":false,"placeholder":"","display":"select","restrictions_type":"any_text","adjust_price":true,"price":"174000","price_type":"quantity_based","restrictions":false,"min":"0","max":"0","options":[],"id":1775739258},{"name":"MEN412 | From 4 to 12","type":"input_multiplier","position":1,"required":false,"title_format":"label","default":"","description_enable":false,"description":"","placeholder_enable":false,"placeholder":"","display":"select","restrictions_type":"any_text","adjust_price":true,"price":"174000","price_type":"quantity_based","restrictions":false,"min":"0","max":"0","options":[],"id":1775739259},{"name":"MEN13 | From 1 to 3","type":"input_multiplier","position":2,"required":false,"title_format":"label","default":"","description_enable":false,"description":"","placeholder_enable":false,"placeholder":"","display":"select","restrictions_type":"any_text","adjust_price":true,"price":"90000","price_type":"quantity_based","restrictions":false,"min":"0","max":"0","options":[],"id":1775739260},{"name":"INF01 | 0 to 1","type":"input_multiplier","position":3,"required":false,"title_format":"label","default":"","description_enable":false,"description":"","placeholder_enable":false,"placeholder":"","display":"select","restrictions_type":"any_text","adjust_price":true,"price":"","price_type":"quantity_based","restrictions":false,"min":"0","max":"0","options":[],"id":1775739261}],"yoast_head":"<!-- This site is optimized with the Yoast SEO Premium plugin v25.2 (Yoast SEO v25.2) - https:\/\/yoast.com\/wordpress\/plugins\/seo\/ -->\n<title>Aventura en la Nieve: Trineos y Culipatin en Piedras Blancas con Traslado - Patagonia Booking<\/title>\n<meta name=\"robots\" content=\"index, follow, max-snippet:-1, max-image-preview:large, max-video-preview:-1\" \/>\n<link rel=\"canonical\" href=\"https:\/\/patagoniabooking.com\/en\/product\/piedras-blancas-sledges-culipatin-transfer-2\/\" \/>\n<meta property=\"og:locale\" content=\"en_US\" \/>\n<meta property=\"og:type\" content=\"article\" \/>\n<meta property=\"og:title\" content=\"Aventura en la Nieve: Trineos y Culipatin en Piedras Blancas con Traslado\" \/>\n<meta property=\"og:description\" content=\"Sent\u00ed la magia del invierno en el Cerro Otto de Bariloche. Disfrut\u00e1 bajando con total tranquilidad por m\u00e1s de 3000 metros de circuitos preparados para trineos y viv\u00ed una jornada repleta de diversi\u00f3n, paisajes naturales y comodidad. Una propuesta ideal para compartir en familia y acumular momentos \u00fanicos.\" \/>\n<meta property=\"og:url\" content=\"https:\/\/patagoniabooking.com\/en\/product\/piedras-blancas-sledges-culipatin-transfer-2\/\" \/>\n<meta property=\"og:site_name\" content=\"Patagonia Booking\" \/>\n<meta property=\"article:modified_time\" content=\"2026-04-10T13:28:05+00:00\" \/>\n<meta property=\"og:image\" content=\"https:\/\/patagoniabooking.com\/wp-content\/uploads\/sites\/2\/2025\/06\/4-A-IMG_7129-copia.jpg\" \/>\n\t<meta property=\"og:image:width\" content=\"992\" \/>\n\t<meta property=\"og:image:height\" content=\"1323\" \/>\n\t<meta property=\"og:image:type\" content=\"image\/jpeg\" \/>\n<meta name=\"twitter:card\" content=\"summary_large_image\" \/>\n<meta name=\"twitter:label1\" content=\"Price\" \/>\n\t<meta name=\"twitter:data1\" content=\"&#036;174,000.00\" \/>\n\t<meta name=\"twitter:label2\" content=\"Availability\" \/>\n\t<meta name=\"twitter:data2\" content=\"In stock\" \/>\n<script type=\"application\/ld+json\" class=\"yoast-schema-graph\">{\"@context\":\"https:\/\/schema.org\",\"@graph\":[{\"@type\":\"WebPage\",\"@id\":\"https:\/\/patagoniabooking.com\/product\/piedras-blancas-trineos-culipatin-traslado\/\",\"url\":\"https:\/\/patagoniabooking.com\/product\/piedras-blancas-trineos-culipatin-traslado\/\",\"name\":\"Aventura en la Nieve: Trineos y Culipatin en Piedras Blancas con Traslado - Patagonia Booking\",\"isPartOf\":{\"@id\":\"https:\/\/patagoniabooking.com\/#website\"},\"primaryImageOfPage\":{\"@id\":\"https:\/\/patagoniabooking.com\/product\/piedras-blancas-trineos-culipatin-traslado\/#primaryimage\"},\"image\":{\"@id\":\"https:\/\/patagoniabooking.com\/product\/piedras-blancas-trineos-culipatin-traslado\/#primaryimage\"},\"thumbnailUrl\":\"https:\/\/patagoniabooking.com\/wp-content\/uploads\/sites\/2\/2025\/06\/4-A-IMG_7129-copia.jpg\",\"datePublished\":\"2025-06-12T13:40:28+00:00\",\"dateModified\":\"2026-04-10T13:28:05+00:00\",\"breadcrumb\":{\"@id\":\"https:\/\/patagoniabooking.com\/product\/piedras-blancas-trineos-culipatin-traslado\/#breadcrumb\"},\"inLanguage\":\"en-US\",\"potentialAction\":[{\"@type\":\"ReadAction\",\"target\":[\"https:\/\/patagoniabooking.com\/product\/piedras-blancas-trineos-culipatin-traslado\/\"]}]},{\"@type\":\"ImageObject\",\"inLanguage\":\"en-US\",\"@id\":\"https:\/\/patagoniabooking.com\/product\/piedras-blancas-trineos-culipatin-traslado\/#primaryimage\",\"url\":\"https:\/\/patagoniabooking.com\/wp-content\/uploads\/sites\/2\/2025\/06\/4-A-IMG_7129-copia.jpg\",\"contentUrl\":\"https:\/\/patagoniabooking.com\/wp-content\/uploads\/sites\/2\/2025\/06\/4-A-IMG_7129-copia.jpg\",\"width\":992,\"height\":1323},{\"@type\":\"BreadcrumbList\",\"@id\":\"https:\/\/patagoniabooking.com\/product\/piedras-blancas-trineos-culipatin-traslado\/#breadcrumb\",\"itemListElement\":[{\"@type\":\"ListItem\",\"position\":1,\"name\":\"Inicio\",\"item\":\"https:\/\/patagoniabooking.com\/\"},{\"@type\":\"ListItem\",\"position\":2,\"name\":\"Lista de excursiones\",\"item\":\"https:\/\/patagoniabooking.com\/shop\/\"},{\"@type\":\"ListItem\",\"position\":3,\"name\":\"Aventura en la Nieve: Trineos y Culipatin en Piedras Blancas con Traslado\"}]},{\"@type\":\"WebSite\",\"@id\":\"https:\/\/patagoniabooking.com\/#website\",\"url\":\"https:\/\/patagoniabooking.com\/\",\"name\":\"Patagonia Booking\",\"description\":\"\",\"publisher\":{\"@id\":\"https:\/\/patagoniabooking.com\/#organization\"},\"potentialAction\":[{\"@type\":\"SearchAction\",\"target\":{\"@type\":\"EntryPoint\",\"urlTemplate\":\"https:\/\/patagoniabooking.com\/?s={search_term_string}\"},\"query-input\":{\"@type\":\"PropertyValueSpecification\",\"valueRequired\":true,\"valueName\":\"search_term_string\"}}],\"inLanguage\":\"en-US\"},{\"@type\":\"Organization\",\"@id\":\"https:\/\/patagoniabooking.com\/#organization\",\"name\":\"Patagonia Booking\",\"url\":\"https:\/\/patagoniabooking.com\/\",\"logo\":{\"@type\":\"ImageObject\",\"inLanguage\":\"en-US\",\"@id\":\"https:\/\/patagoniabooking.com\/#\/schema\/logo\/image\/\",\"url\":\"https:\/\/patagoniabooking.com\/wp-content\/uploads\/sites\/2\/2025\/06\/logo-patagonia-booking.png\",\"contentUrl\":\"https:\/\/patagoniabooking.com\/wp-content\/uploads\/sites\/2\/2025\/06\/logo-patagonia-booking.png\",\"width\":80,\"height\":80,\"caption\":\"Patagonia Booking\"},\"image\":{\"@id\":\"https:\/\/patagoniabooking.com\/#\/schema\/logo\/image\/\"}}]}<\/script>\n<meta property=\"product:price:amount\" content=\"174000.00\" \/>\n<meta property=\"product:price:currency\" content=\"ARS\" \/>\n<meta property=\"og:availability\" content=\"instock\" \/>\n<meta property=\"product:availability\" content=\"instock\" \/>\n<meta property=\"product:retailer_item_id\" content=\"ADV2025PIBLTR3QM1\" \/>\n<meta property=\"product:condition\" content=\"new\" \/>\n<!-- \/ Yoast SEO Premium plugin. -->","yoast_head_json":{"title":"Snow Adventure: Sledding and Culipatin in Piedras Blancas with Transfer - Patagonia Booking","robots":{"index":"index","follow":"follow","max-snippet":"max-snippet:-1","max-image-preview":"max-image-preview:large","max-video-preview":"max-video-preview:-1"},"canonical":"https:\/\/patagoniabooking.com\/en\/product\/piedras-blancas-sledges-culipatin-transfer-2\/","og_locale":"en_US","og_type":"article","og_title":"Aventura en la Nieve: Trineos y Culipatin en Piedras Blancas con Traslado","og_description":"Sent\u00ed la magia del invierno en el Cerro Otto de Bariloche. Disfrut\u00e1 bajando con total tranquilidad por m\u00e1s de 3000 metros de circuitos preparados para trineos y viv\u00ed una jornada repleta de diversi\u00f3n, paisajes naturales y comodidad. Una propuesta ideal para compartir en familia y acumular momentos \u00fanicos.","og_url":"https:\/\/patagoniabooking.com\/en\/product\/piedras-blancas-sledges-culipatin-transfer-2\/","og_site_name":"Patagonia Booking","article_modified_time":"2026-04-10T13:28:05+00:00","og_image":[{"width":992,"height":1323,"url":"https:\/\/patagoniabooking.com\/wp-content\/uploads\/sites\/2\/2025\/06\/4-A-IMG_7129-copia.jpg","type":"image\/jpeg"}],"twitter_card":"summary_large_image","twitter_misc":{"Price":"&#36;174,000.00","Availability":"In stock"},"schema":{"@context":"https:\/\/schema.org","@graph":[{"@type":"WebPage","@id":"https:\/\/patagoniabooking.com\/product\/piedras-blancas-trineos-culipatin-traslado\/","url":"https:\/\/patagoniabooking.com\/product\/piedras-blancas-trineos-culipatin-traslado\/","name":"Snow Adventure: Sledding and Culipatin in Piedras Blancas with Transfer - Patagonia Booking","isPartOf":{"@id":"https:\/\/patagoniabooking.com\/#website"},"primaryImageOfPage":{"@id":"https:\/\/patagoniabooking.com\/product\/piedras-blancas-trineos-culipatin-traslado\/#primaryimage"},"image":{"@id":"https:\/\/patagoniabooking.com\/product\/piedras-blancas-trineos-culipatin-traslado\/#primaryimage"},"thumbnailUrl":"https:\/\/patagoniabooking.com\/wp-content\/uploads\/sites\/2\/2025\/06\/4-A-IMG_7129-copia.jpg","datePublished":"2025-06-12T13:40:28+00:00","dateModified":"2026-04-10T13:28:05+00:00","breadcrumb":{"@id":"https:\/\/patagoniabooking.com\/product\/piedras-blancas-trineos-culipatin-traslado\/#breadcrumb"},"inLanguage":"en-US","potentialAction":[{"@type":"ReadAction","target":["https:\/\/patagoniabooking.com\/product\/piedras-blancas-trineos-culipatin-traslado\/"]}]},{"@type":"ImageObject","inLanguage":"en-US","@id":"https:\/\/patagoniabooking.com\/product\/piedras-blancas-trineos-culipatin-traslado\/#primaryimage","url":"https:\/\/patagoniabooking.com\/wp-content\/uploads\/sites\/2\/2025\/06\/4-A-IMG_7129-copia.jpg","contentUrl":"https:\/\/patagoniabooking.com\/wp-content\/uploads\/sites\/2\/2025\/06\/4-A-IMG_7129-copia.jpg","width":992,"height":1323},{"@type":"BreadcrumbList","@id":"https:\/\/patagoniabooking.com\/product\/piedras-blancas-trineos-culipatin-traslado\/#breadcrumb","itemListElement":[{"@type":"ListItem","position":1,"name":"Inicio","item":"https:\/\/patagoniabooking.com\/"},{"@type":"ListItem","position":2,"name":"Lista de excursiones","item":"https:\/\/patagoniabooking.com\/shop\/"},{"@type":"ListItem","position":3,"name":"Aventura en la Nieve: Trineos y Culipatin en Piedras Blancas con Traslado"}]},{"@type":"WebSite","@id":"https:\/\/patagoniabooking.com\/#website","url":"https:\/\/patagoniabooking.com\/","name":"Patagonia Booking","description":"","publisher":{"@id":"https:\/\/patagoniabooking.com\/#organization"},"potentialAction":[{"@type":"SearchAction","target":{"@type":"EntryPoint","urlTemplate":"https:\/\/patagoniabooking.com\/?s={search_term_string}"},"query-input":{"@type":"PropertyValueSpecification","valueRequired":true,"valueName":"search_term_string"}}],"inLanguage":"en-US"},{"@type":"Organization","@id":"https:\/\/patagoniabooking.com\/#organization","name":"Patagonia Booking","url":"https:\/\/patagoniabooking.com\/","logo":{"@type":"ImageObject","inLanguage":"en-US","@id":"https:\/\/patagoniabooking.com\/#\/schema\/logo\/image\/","url":"https:\/\/patagoniabooking.com\/wp-content\/uploads\/sites\/2\/2025\/06\/logo-patagonia-booking.png","contentUrl":"https:\/\/patagoniabooking.com\/wp-content\/uploads\/sites\/2\/2025\/06\/logo-patagonia-booking.png","width":80,"height":80,"caption":"Patagonia Booking"},"image":{"@id":"https:\/\/patagoniabooking.com\/#\/schema\/logo\/image\/"}}]},"product_price_amount":"174000.00","product_price_currency":"ARS","og_availability":"instock","product_availability":"instock","product_retailer_item_id":"ADV2025PIBLTR3QM1","product_condition":"new"},"_links":{"self":[{"href":"https:\/\/patagoniabooking.com\/en\/wp-json\/wp\/v2\/product\/48","targetHints":{"allow":["GET"]}}],"collection":[{"href":"https:\/\/patagoniabooking.com\/en\/wp-json\/wp\/v2\/product"}],"about":[{"href":"https:\/\/patagoniabooking.com\/en\/wp-json\/wp\/v2\/types\/product"}],"replies":[{"embeddable":true,"href":"https:\/\/patagoniabooking.com\/en\/wp-json\/wp\/v2\/comments?post=48"}],"wp:featuredmedia":[{"embeddable":true,"href":"https:\/\/patagoniabooking.com\/en\/wp-json\/wp\/v2\/media\/377781"}],"wp:attachment":[{"href":"https:\/\/patagoniabooking.com\/en\/wp-json\/wp\/v2\/media?parent=48"}],"wp:term":[{"taxonomy":"product_brand","embeddable":true,"href":"https:\/\/patagoniabooking.com\/en\/wp-json\/wp\/v2\/product_brand?post=48"},{"taxonomy":"product_cat","embeddable":true,"href":"https:\/\/patagoniabooking.com\/en\/wp-json\/wp\/v2\/product_cat?post=48"},{"taxonomy":"product_tag","embeddable":true,"href":"https:\/\/patagoniabooking.com\/en\/wp-json\/wp\/v2\/product_tag?post=48"}],"curies":[{"name":"wp","href":"https:\/\/api.w.org\/{rel}","templated":true}]}}