{"id":44,"date":"2025-06-12T10:39:03","date_gmt":"2025-06-12T13:39:03","guid":{"rendered":"https:\/\/patagoniabooking.shop\/product\/puerto-blest-y-cascada-los-cantaros-lago-frias-sin-traslado\/"},"modified":"2026-04-06T09:42:14","modified_gmt":"2026-04-06T12:42:14","slug":"puerto-blest-cascada-los-cantaros-lago-frias-bariloche","status":"publish","type":"product","link":"https:\/\/patagoniabooking.com\/en\/product\/puerto-blest-waterfall-los-cantaros-lake-frias-bariloche\/","title":{"rendered":"Puerto Blest and \u201cLos Cantaros\u201d Waterfall + Frias Lake without Transfer"},"content":{"rendered":"<h2 class=\"ai-optimize-22\">Experience the Unique Tranquility of Puerto Blest and the Cascada de los C\u00e1ntaros (waterfall).<\/h2>\n<p class=\"ai-optimize-23 ai-optimize-introduction\">I left from <strong>Puerto Pa\u00f1uelo<\/strong>, located only 25 km from <strong>San Carlos de Bariloche<\/strong>, and embark on an unforgettable experience through the waters of the <strong>Nahuel Huapi Lake<\/strong>. On this tour, contemplate the <strong>Sentinel Islet<\/strong>, a site that honors the memory of the great <strong>Perito Moreno<\/strong>, and take a walk along trails and walkways that lead you to the impressive <strong>Los C\u00e1ntaros Waterfall<\/strong>, surrounded by imposing granite walls.<\/p>\n<h3 class=\"ai-optimize-24\">An Adventure to Reconnect with the Natural Environment<\/h3>\n<p class=\"ai-optimize-25\">During the crossing, delight yourself with the unique panoramic views of the <strong>Andes mountain range<\/strong> and the islands that adorn this privileged scenery. Arriving at <strong>Puerto Blest<\/strong>, embrace the calm of your <strong>Bay<\/strong> and discovered the incredible green tones of the <strong>Lake Frias<\/strong>, as a result of the melting of the glaciers of the <strong>Cerro Tronador<\/strong>.<\/p>\n<h3 class=\"ai-optimize-26\">Vivi Outdoor Experiences<\/h3>\n<ul>\n<li class=\"ai-optimize-27\"><strong>Accompanied walks<\/strong> through the mysterious Valdivian rainforest, refuge of an amazing biodiversity.<\/li>\n<li class=\"ai-optimize-28\"><strong>Thoughtful trails<\/strong> for all levels, ideal for tours in your own way.<\/li>\n<\/ul>\n<h2 class=\"ai-optimize-29\">Navigation Options and Services<\/h2>\n<p class=\"ai-optimize-30\">The return to <strong>Puerto Pa\u00f1uelo<\/strong> is done by navigating the <strong>Blest Arm<\/strong>, culminating with a sunset in front of the <strong>Cerro Tronador<\/strong>. If you are looking for more, add the extension to the <strong>Lake Frias<\/strong> with a convenient 3 km bus transfer to <strong>Puerto Alegre<\/strong>, where a modern boat awaits you to enjoy this spectacular lake.<\/p>\n<h3 class=\"ai-optimize-31\">Key Information<\/h3>\n<ul>\n<li class=\"ai-optimize-32\"><strong>Duration:<\/strong> from 8:30 am to 5:00 pm.<\/li>\n<li class=\"ai-optimize-33\"><strong>Includes:<\/strong> Nautical excursions with guide, walks through the jungle and navigation on Lake Frias.<\/li>\n<li class=\"ai-optimize-34\"><strong>Does not include:<\/strong> Transfer to <strong>Puerto Pa\u00f1uelo<\/strong>, meals (there are options of inns), nor entrance fees to National Parks.<\/li>\n<\/ul>\n<h2 class=\"ai-optimize-35\">Frequently Asked Questions<\/h2>\n<ul>\n<li class=\"ai-optimize-36\"><strong>Where do I pay the National Park entrance and boarding fee?<\/strong><br \/>\nPaid in <strong>Puerto Pa\u00f1uelo<\/strong>, The tour is paid directly in cash (Argentine pesos) on the same day of the excursion. Not to be paid by those who live in <strong>San Carlos de Bariloche<\/strong>, people with disabilities, children under 5 years of age and retirees.<\/li>\n<li class=\"ai-optimize-37\"><strong>Does the retiree discount apply only to Argentine residents?<\/strong><br \/>\nExactly, the bonus is exclusive for Argentine retirees and requires the presentation of the corresponding ID card when boarding the ship.<\/li>\n<li class=\"ai-optimize-38\"><strong>How many kilometers are the walks?<\/strong><br \/>\nThe walks in <strong>Puerto Blest<\/strong> have different levels. Towards the <strong>Los C\u00e1ntaros Waterfall<\/strong> There are about 700 steps, with panoramic viewpoints and quiet areas to pause.<\/li>\n<\/ul>","protected":false},"excerpt":{"rendered":"<h2 class=\"ai-optimize-6\">Adventure in Puerto Blest and \u00abLos C\u00e1ntaros\u00bb Falls\u00bb<\/h2>\n<p class=\"ai-optimize-7 ai-optimize-introduction\">Start your tour from <strong>Puerto Pa\u00f1uelo<\/strong> living a unique experience on the way to the <strong>Salto de los C\u00e1ntaros<\/strong>, crossing the calm waters of the <strong>Nahuel Huapi Lake<\/strong>. Discover the mysterious <strong>Lake Frias<\/strong> and enjoy hiking along the trails of the <strong>valdivian forest<\/strong>, surrounded by the imposing <strong>Andes mountain range<\/strong>.<\/p>","protected":false},"featured_media":377800,"comment_status":"open","ping_status":"closed","template":"","meta":[],"product_brand":[],"product_cat":[26,31,35,37,42,43,47],"product_tag":[],"class_list":{"0":"post-44","1":"product","2":"type-product","3":"status-publish","4":"has-post-thumbnail","6":"product_cat-adultos","7":"product_cat-familia","8":"product_cat-lacustre","9":"product_cat-ninos","10":"product_cat-sin-comida","11":"product_cat-sin-traslado","12":"product_cat-todo-el-ano","14":"first","15":"instock","16":"virtual","17":"sold-individually","18":"purchasable","19":"product-type-booking"},"booking_location":"","booking_location_type":"","booking_duration":60,"booking_duration_unit":"minute","booking_buffer":0,"booking_cost":0,"booking_resources":[],"exclude_global_add_ons":false,"addons":[{"name":"ADU | Adult","type":"input_multiplier","position":0,"required":false,"title_format":"label","default":"","description_enable":false,"description":"","placeholder_enable":false,"placeholder":"","display":"select","restrictions_type":"any_text","adjust_price":true,"price":"190000","price_type":"quantity_based","restrictions":false,"min":"0","max":"0","options":[],"id":1773233364},{"name":"MEN512 | from 5 to 12","type":"input_multiplier","position":1,"required":false,"title_format":"label","default":"","description_enable":false,"description":"","placeholder_enable":false,"placeholder":"","display":"select","restrictions_type":"any_text","adjust_price":true,"price":"97000","price_type":"quantity_based","restrictions":false,"min":"0","max":"0","options":[],"id":1773233365},{"name":"ADUJ : Retired","type":"input_multiplier","position":2,"required":false,"title_format":"label","default":"","description_enable":false,"description":"","placeholder_enable":false,"placeholder":"","display":"select","restrictions_type":"any_text","adjust_price":true,"price":"97000","price_type":"quantity_based","restrictions":false,"min":"0","max":"0","options":[],"id":1773233366}],"yoast_head":"<!-- This site is optimized with the Yoast SEO Premium plugin v25.2 (Yoast SEO v25.2) - https:\/\/yoast.com\/wordpress\/plugins\/seo\/ -->\n<title>Puerto Blest y Cascada Los C\u00e1ntaros: naturaleza y Lago Fr\u00edas - Patagonia Booking<\/title>\n<meta name=\"description\" content=\"Excursi\u00f3n en barco a Puerto Blest y la Cascada de los C\u00e1ntaros. Caminatas por la selva valdiviana y vistas al Lago Fr\u00edas en el Nahuel Huapi.\" \/>\n<meta name=\"robots\" content=\"index, follow, max-snippet:-1, max-image-preview:large, max-video-preview:-1\" \/>\n<link rel=\"canonical\" href=\"https:\/\/patagoniabooking.com\/en\/product\/puerto-blest-waterfall-los-cantaros-lake-frias-bariloche\/\" \/>\n<meta property=\"og:locale\" content=\"en_US\" \/>\n<meta property=\"og:type\" content=\"article\" \/>\n<meta property=\"og:title\" content=\"Puerto Blest y Cascada \u201cLos Cantaros\u201d + Lago Frias sin Traslado\" \/>\n<meta property=\"og:description\" content=\"Excursi\u00f3n en barco a Puerto Blest y la Cascada de los C\u00e1ntaros. Caminatas por la selva valdiviana y vistas al Lago Fr\u00edas en el Nahuel Huapi.\" \/>\n<meta property=\"og:url\" content=\"https:\/\/patagoniabooking.com\/en\/product\/puerto-blest-waterfall-los-cantaros-lake-frias-bariloche\/\" \/>\n<meta property=\"og:site_name\" content=\"Patagonia Booking\" \/>\n<meta property=\"article:modified_time\" content=\"2026-04-06T12:42:14+00:00\" \/>\n<meta property=\"og:image\" content=\"https:\/\/patagoniabooking.com\/wp-content\/uploads\/sites\/2\/2025\/06\/4-B-captionFHJ-copia.jpg\" \/>\n\t<meta property=\"og:image:width\" content=\"850\" \/>\n\t<meta property=\"og:image:height\" content=\"1134\" \/>\n\t<meta property=\"og:image:type\" content=\"image\/jpeg\" \/>\n<meta name=\"twitter:card\" content=\"summary_large_image\" \/>\n<meta name=\"twitter:label1\" content=\"Price\" \/>\n\t<meta name=\"twitter:data1\" content=\"&#036;190,000.00\" \/>\n\t<meta name=\"twitter:label2\" content=\"Availability\" \/>\n\t<meta name=\"twitter:data2\" content=\"In stock\" \/>\n<script type=\"application\/ld+json\" class=\"yoast-schema-graph\">{\"@context\":\"https:\/\/schema.org\",\"@graph\":[{\"@type\":\"WebPage\",\"@id\":\"https:\/\/patagoniabooking.com\/product\/puerto-blest-cascada-los-cantaros-lago-frias-bariloche\/\",\"url\":\"https:\/\/patagoniabooking.com\/product\/puerto-blest-cascada-los-cantaros-lago-frias-bariloche\/\",\"name\":\"Puerto Blest y Cascada Los C\u00e1ntaros: naturaleza y Lago Fr\u00edas - Patagonia Booking\",\"isPartOf\":{\"@id\":\"https:\/\/patagoniabooking.com\/#website\"},\"primaryImageOfPage\":{\"@id\":\"https:\/\/patagoniabooking.com\/product\/puerto-blest-cascada-los-cantaros-lago-frias-bariloche\/#primaryimage\"},\"image\":{\"@id\":\"https:\/\/patagoniabooking.com\/product\/puerto-blest-cascada-los-cantaros-lago-frias-bariloche\/#primaryimage\"},\"thumbnailUrl\":\"https:\/\/patagoniabooking.com\/wp-content\/uploads\/sites\/2\/2025\/06\/4-B-captionFHJ-copia.jpg\",\"datePublished\":\"2025-06-12T13:39:03+00:00\",\"dateModified\":\"2026-04-06T12:42:14+00:00\",\"description\":\"Excursi\u00f3n en barco a Puerto Blest y la Cascada de los C\u00e1ntaros. Caminatas por la selva valdiviana y vistas al Lago Fr\u00edas en el Nahuel Huapi.\",\"breadcrumb\":{\"@id\":\"https:\/\/patagoniabooking.com\/product\/puerto-blest-cascada-los-cantaros-lago-frias-bariloche\/#breadcrumb\"},\"inLanguage\":\"en-US\",\"potentialAction\":[{\"@type\":\"ReadAction\",\"target\":[\"https:\/\/patagoniabooking.com\/product\/puerto-blest-cascada-los-cantaros-lago-frias-bariloche\/\"]}]},{\"@type\":\"ImageObject\",\"inLanguage\":\"en-US\",\"@id\":\"https:\/\/patagoniabooking.com\/product\/puerto-blest-cascada-los-cantaros-lago-frias-bariloche\/#primaryimage\",\"url\":\"https:\/\/patagoniabooking.com\/wp-content\/uploads\/sites\/2\/2025\/06\/4-B-captionFHJ-copia.jpg\",\"contentUrl\":\"https:\/\/patagoniabooking.com\/wp-content\/uploads\/sites\/2\/2025\/06\/4-B-captionFHJ-copia.jpg\",\"width\":850,\"height\":1134},{\"@type\":\"BreadcrumbList\",\"@id\":\"https:\/\/patagoniabooking.com\/product\/puerto-blest-cascada-los-cantaros-lago-frias-bariloche\/#breadcrumb\",\"itemListElement\":[{\"@type\":\"ListItem\",\"position\":1,\"name\":\"Inicio\",\"item\":\"https:\/\/patagoniabooking.com\/\"},{\"@type\":\"ListItem\",\"position\":2,\"name\":\"Lista de excursiones\",\"item\":\"https:\/\/patagoniabooking.com\/shop\/\"},{\"@type\":\"ListItem\",\"position\":3,\"name\":\"Puerto Blest y Cascada \u201cLos Cantaros\u201d + Lago Frias sin Traslado\"}]},{\"@type\":\"WebSite\",\"@id\":\"https:\/\/patagoniabooking.com\/#website\",\"url\":\"https:\/\/patagoniabooking.com\/\",\"name\":\"Patagonia Booking\",\"description\":\"\",\"publisher\":{\"@id\":\"https:\/\/patagoniabooking.com\/#organization\"},\"potentialAction\":[{\"@type\":\"SearchAction\",\"target\":{\"@type\":\"EntryPoint\",\"urlTemplate\":\"https:\/\/patagoniabooking.com\/?s={search_term_string}\"},\"query-input\":{\"@type\":\"PropertyValueSpecification\",\"valueRequired\":true,\"valueName\":\"search_term_string\"}}],\"inLanguage\":\"en-US\"},{\"@type\":\"Organization\",\"@id\":\"https:\/\/patagoniabooking.com\/#organization\",\"name\":\"Patagonia Booking\",\"url\":\"https:\/\/patagoniabooking.com\/\",\"logo\":{\"@type\":\"ImageObject\",\"inLanguage\":\"en-US\",\"@id\":\"https:\/\/patagoniabooking.com\/#\/schema\/logo\/image\/\",\"url\":\"https:\/\/patagoniabooking.com\/wp-content\/uploads\/sites\/2\/2025\/06\/logo-patagonia-booking.png\",\"contentUrl\":\"https:\/\/patagoniabooking.com\/wp-content\/uploads\/sites\/2\/2025\/06\/logo-patagonia-booking.png\",\"width\":80,\"height\":80,\"caption\":\"Patagonia Booking\"},\"image\":{\"@id\":\"https:\/\/patagoniabooking.com\/#\/schema\/logo\/image\/\"}}]}<\/script>\n<meta property=\"product:price:amount\" content=\"190000.00\" \/>\n<meta property=\"product:price:currency\" content=\"ARS\" \/>\n<meta property=\"og:availability\" content=\"instock\" \/>\n<meta property=\"product:availability\" content=\"instock\" \/>\n<meta property=\"product:retailer_item_id\" content=\"ADV2025PUBLYC33V7\" \/>\n<meta property=\"product:condition\" content=\"new\" \/>\n<!-- \/ Yoast SEO Premium plugin. -->","yoast_head_json":{"title":"Puerto Blest and Los C\u00e1ntaros Waterfall: nature and Lake Frias - Patagonia Booking","description":"Boat excursion to Puerto Blest and the Cascada de los C\u00e1ntaros waterfall. Walks through the Valdivian rainforest and views of Lake Frias in the Nahuel Huapi.","robots":{"index":"index","follow":"follow","max-snippet":"max-snippet:-1","max-image-preview":"max-image-preview:large","max-video-preview":"max-video-preview:-1"},"canonical":"https:\/\/patagoniabooking.com\/en\/product\/puerto-blest-waterfall-los-cantaros-lake-frias-bariloche\/","og_locale":"en_US","og_type":"article","og_title":"Puerto Blest y Cascada \u201cLos Cantaros\u201d + Lago Frias sin Traslado","og_description":"Excursi\u00f3n en barco a Puerto Blest y la Cascada de los C\u00e1ntaros. Caminatas por la selva valdiviana y vistas al Lago Fr\u00edas en el Nahuel Huapi.","og_url":"https:\/\/patagoniabooking.com\/en\/product\/puerto-blest-waterfall-los-cantaros-lake-frias-bariloche\/","og_site_name":"Patagonia Booking","article_modified_time":"2026-04-06T12:42:14+00:00","og_image":[{"width":850,"height":1134,"url":"https:\/\/patagoniabooking.com\/wp-content\/uploads\/sites\/2\/2025\/06\/4-B-captionFHJ-copia.jpg","type":"image\/jpeg"}],"twitter_card":"summary_large_image","twitter_misc":{"Price":"&#36;190,000.00","Availability":"In stock"},"schema":{"@context":"https:\/\/schema.org","@graph":[{"@type":"WebPage","@id":"https:\/\/patagoniabooking.com\/product\/puerto-blest-cascada-los-cantaros-lago-frias-bariloche\/","url":"https:\/\/patagoniabooking.com\/product\/puerto-blest-cascada-los-cantaros-lago-frias-bariloche\/","name":"Puerto Blest and Los C\u00e1ntaros Waterfall: nature and Lake Frias - Patagonia Booking","isPartOf":{"@id":"https:\/\/patagoniabooking.com\/#website"},"primaryImageOfPage":{"@id":"https:\/\/patagoniabooking.com\/product\/puerto-blest-cascada-los-cantaros-lago-frias-bariloche\/#primaryimage"},"image":{"@id":"https:\/\/patagoniabooking.com\/product\/puerto-blest-cascada-los-cantaros-lago-frias-bariloche\/#primaryimage"},"thumbnailUrl":"https:\/\/patagoniabooking.com\/wp-content\/uploads\/sites\/2\/2025\/06\/4-B-captionFHJ-copia.jpg","datePublished":"2025-06-12T13:39:03+00:00","dateModified":"2026-04-06T12:42:14+00:00","description":"Boat excursion to Puerto Blest and the Cascada de los C\u00e1ntaros waterfall. Walks through the Valdivian rainforest and views of Lake Frias in the Nahuel Huapi.","breadcrumb":{"@id":"https:\/\/patagoniabooking.com\/product\/puerto-blest-cascada-los-cantaros-lago-frias-bariloche\/#breadcrumb"},"inLanguage":"en-US","potentialAction":[{"@type":"ReadAction","target":["https:\/\/patagoniabooking.com\/product\/puerto-blest-cascada-los-cantaros-lago-frias-bariloche\/"]}]},{"@type":"ImageObject","inLanguage":"en-US","@id":"https:\/\/patagoniabooking.com\/product\/puerto-blest-cascada-los-cantaros-lago-frias-bariloche\/#primaryimage","url":"https:\/\/patagoniabooking.com\/wp-content\/uploads\/sites\/2\/2025\/06\/4-B-captionFHJ-copia.jpg","contentUrl":"https:\/\/patagoniabooking.com\/wp-content\/uploads\/sites\/2\/2025\/06\/4-B-captionFHJ-copia.jpg","width":850,"height":1134},{"@type":"BreadcrumbList","@id":"https:\/\/patagoniabooking.com\/product\/puerto-blest-cascada-los-cantaros-lago-frias-bariloche\/#breadcrumb","itemListElement":[{"@type":"ListItem","position":1,"name":"Inicio","item":"https:\/\/patagoniabooking.com\/"},{"@type":"ListItem","position":2,"name":"Lista de excursiones","item":"https:\/\/patagoniabooking.com\/shop\/"},{"@type":"ListItem","position":3,"name":"Puerto Blest y Cascada \u201cLos Cantaros\u201d + Lago Frias sin Traslado"}]},{"@type":"WebSite","@id":"https:\/\/patagoniabooking.com\/#website","url":"https:\/\/patagoniabooking.com\/","name":"Patagonia Booking","description":"","publisher":{"@id":"https:\/\/patagoniabooking.com\/#organization"},"potentialAction":[{"@type":"SearchAction","target":{"@type":"EntryPoint","urlTemplate":"https:\/\/patagoniabooking.com\/?s={search_term_string}"},"query-input":{"@type":"PropertyValueSpecification","valueRequired":true,"valueName":"search_term_string"}}],"inLanguage":"en-US"},{"@type":"Organization","@id":"https:\/\/patagoniabooking.com\/#organization","name":"Patagonia Booking","url":"https:\/\/patagoniabooking.com\/","logo":{"@type":"ImageObject","inLanguage":"en-US","@id":"https:\/\/patagoniabooking.com\/#\/schema\/logo\/image\/","url":"https:\/\/patagoniabooking.com\/wp-content\/uploads\/sites\/2\/2025\/06\/logo-patagonia-booking.png","contentUrl":"https:\/\/patagoniabooking.com\/wp-content\/uploads\/sites\/2\/2025\/06\/logo-patagonia-booking.png","width":80,"height":80,"caption":"Patagonia Booking"},"image":{"@id":"https:\/\/patagoniabooking.com\/#\/schema\/logo\/image\/"}}]},"product_price_amount":"190000.00","product_price_currency":"ARS","og_availability":"instock","product_availability":"instock","product_retailer_item_id":"ADV2025PUBLYC33V7","product_condition":"new"},"_links":{"self":[{"href":"https:\/\/patagoniabooking.com\/en\/wp-json\/wp\/v2\/product\/44","targetHints":{"allow":["GET"]}}],"collection":[{"href":"https:\/\/patagoniabooking.com\/en\/wp-json\/wp\/v2\/product"}],"about":[{"href":"https:\/\/patagoniabooking.com\/en\/wp-json\/wp\/v2\/types\/product"}],"replies":[{"embeddable":true,"href":"https:\/\/patagoniabooking.com\/en\/wp-json\/wp\/v2\/comments?post=44"}],"wp:featuredmedia":[{"embeddable":true,"href":"https:\/\/patagoniabooking.com\/en\/wp-json\/wp\/v2\/media\/377800"}],"wp:attachment":[{"href":"https:\/\/patagoniabooking.com\/en\/wp-json\/wp\/v2\/media?parent=44"}],"wp:term":[{"taxonomy":"product_brand","embeddable":true,"href":"https:\/\/patagoniabooking.com\/en\/wp-json\/wp\/v2\/product_brand?post=44"},{"taxonomy":"product_cat","embeddable":true,"href":"https:\/\/patagoniabooking.com\/en\/wp-json\/wp\/v2\/product_cat?post=44"},{"taxonomy":"product_tag","embeddable":true,"href":"https:\/\/patagoniabooking.com\/en\/wp-json\/wp\/v2\/product_tag?post=44"}],"curies":[{"name":"wp","href":"https:\/\/api.w.org\/{rel}","templated":true}]}}