{"id":43,"date":"2025-06-12T10:38:44","date_gmt":"2025-06-12T13:38:44","guid":{"rendered":"https:\/\/patagoniabooking.shop\/product\/puerto-blest-y-cascada-los-cantaros-sin-traslado\/"},"modified":"2026-04-08T16:32:42","modified_gmt":"2026-04-08T19:32:42","slug":"puerto-blest-cascada-los-cantaros-sin-traslado","status":"publish","type":"product","link":"https:\/\/patagoniabooking.com\/en\/product\/puerto-blest-los-cantaros-waterfall-without-relocation\/","title":{"rendered":"Puerto Blest and \u201cLos Cantaros\u201d Waterfall without Transfer"},"content":{"rendered":"<h2 class=\"ai-optimize-22\">Immerse in the Natural Magic of Puerto Blest<\/h2>\n<p class=\"ai-optimize-23 ai-optimize-introduction\">I lived an exciting adventure touring <strong>Puerto Blest<\/strong> and the shocking <strong>Los C\u00e1ntaros Waterfall<\/strong>, a scenery where nature beats in its purest state. This proposal, without transfer included, is perfect for those who wish to approach by their own means to <strong>Puerto Pa\u00f1uelo<\/strong>, located on the <strong>Bustillo Avenue, Kilometer 25, in San Carlos de Bariloche.<\/strong>.<\/p>\n<h3 class=\"ai-optimize-24\">The Experience<\/h3>\n<ul>\n<li class=\"ai-optimize-25\"><strong>Catamaran ride:<\/strong> Navigate the quiet <strong>Nahuel Huapi Lake<\/strong>, surrounded by dreamlike landscapes and islands, sheltered by the majestic <strong>Andes Mountains<\/strong>.<\/li>\n<li class=\"ai-optimize-26\"><strong>Exploration of Los C\u00e1ntaros Waterfall:<\/strong> Have exclusive access to this incredible waterfall and be amazed by its fall surrounded by granite walls sculpted in ancient glaciers.<\/li>\n<li class=\"ai-optimize-27\"><strong>Guided hiking:<\/strong> I discovered the trails that show the enormous diversity of the <strong>valdivian forest<\/strong> enveloping <strong>Puerto Blest<\/strong>.<\/li>\n<\/ul>\n<h3 class=\"ai-optimize-28\">Schedules and Specifications<\/h3>\n<p class=\"ai-optimize-29\">The crossing goes from <strong>9:00 a.m. to 5:30 p.m.<\/strong>, betting that you will make the most of a day of pure nature.<\/p>\n<ul>\n<li class=\"ai-optimize-30\"><strong>Includes:<\/strong> Guide during the lake tour and interpretative walks through the forest.<\/li>\n<li class=\"ai-optimize-31\"><strong>Does not include:<\/strong> Transfer to Puerto Pa\u00f1uelo, meals and entrance to national parks.<\/li>\n<\/ul>\n<h3 class=\"ai-optimize-32\">A Unique Visual Finale<\/h3>\n<p class=\"ai-optimize-33\">The day closes with an astonishing journey through the <strong>Blest Arm<\/strong>, with the imposing <strong>Cerro Tronador<\/strong> background, offering you unmissable views just at sunset.<\/p>\n<h3 class=\"ai-optimize-34\">Frequently Asked Questions<\/h3>\n<ul>\n<li class=\"ai-optimize-35\"><strong>How do I get to Puerto Pa\u00f1uelo?<\/strong><br \/>\nYou have to go directly to Avenida Bustillo, Kilometer 25. The most convenient way to get there is to drive your own vehicle or ask for a taxi\/rem\u00eds.<\/li>\n<li class=\"ai-optimize-36\"><strong>What clothes should I wear?<\/strong><br \/>\nThe ideal is to dress in layers, wear comfortable shoes and warm clothes, given the climate changes typical of the south.<\/li>\n<li class=\"ai-optimize-37\"><strong>Is it allowed to bring food?<\/strong><br \/>\nYes, you can bring your own food, although there are also alternatives to buy in the area.<\/li>\n<\/ul>","protected":false},"excerpt":{"rendered":"<p class=\"ai-optimize-6\">Experience an unforgettable journey exploring Puerto Blest and the imposing Cascada de Los C\u00e1ntaros waterfall. Experience a catamaran trip and walking tours through the Valdivian rainforest, creating unique memories in the heart of the Argentine Patagonia.<\/p>","protected":false},"featured_media":377804,"comment_status":"open","ping_status":"closed","template":"","meta":[],"product_brand":[],"product_cat":[26,31,34,35,37,42,43,47],"product_tag":[],"class_list":{"0":"post-43","1":"product","2":"type-product","3":"status-publish","4":"has-post-thumbnail","6":"product_cat-adultos","7":"product_cat-familia","8":"product_cat-jubilados","9":"product_cat-lacustre","10":"product_cat-ninos","11":"product_cat-sin-comida","12":"product_cat-sin-traslado","13":"product_cat-todo-el-ano","15":"first","16":"instock","17":"virtual","18":"sold-individually","19":"purchasable","20":"product-type-booking"},"booking_location":"","booking_location_type":"","booking_duration":60,"booking_duration_unit":"minute","booking_buffer":0,"booking_cost":0,"booking_resources":[],"exclude_global_add_ons":false,"addons":[{"name":"ADU | Adult","type":"input_multiplier","position":0,"required":false,"title_format":"label","default":"","description_enable":false,"description":"","placeholder_enable":false,"placeholder":"","display":"select","restrictions_type":"any_text","adjust_price":true,"price":"136000","price_type":"quantity_based","restrictions":false,"min":"0","max":"0","options":[],"id":1773233626},{"name":"MEN512 | from 5 to 12","type":"input_multiplier","position":1,"required":false,"title_format":"label","default":"","description_enable":false,"description":"","placeholder_enable":false,"placeholder":"","display":"select","restrictions_type":"any_text","adjust_price":true,"price":"70000","price_type":"quantity_based","restrictions":false,"min":"0","max":"0","options":[],"id":1773233627},{"name":"ADUJ : Retired","type":"input_multiplier","position":2,"required":false,"title_format":"label","default":"","description_enable":false,"description":"","placeholder_enable":false,"placeholder":"","display":"select","restrictions_type":"any_text","adjust_price":true,"price":"70000","price_type":"quantity_based","restrictions":false,"min":"0","max":"0","options":[],"id":1773233628}],"yoast_head":"<!-- This site is optimized with the Yoast SEO Premium plugin v25.2 (Yoast SEO v25.2) - https:\/\/yoast.com\/wordpress\/plugins\/seo\/ -->\n<title>Puerto Blest y Cascada \u201cLos Cantaros\u201d Sin Traslado - Patagonia Booking<\/title>\n<meta name=\"description\" content=\"Excursi\u00f3n en barco a Puerto Blest y la Cascada de Los C\u00e1ntaros. Caminatas guiadas por la selva valdiviana y vistas \u00fanicas al Lago Nahuel Huapi.\" \/>\n<meta name=\"robots\" content=\"index, follow, max-snippet:-1, max-image-preview:large, max-video-preview:-1\" \/>\n<link rel=\"canonical\" href=\"https:\/\/patagoniabooking.com\/en\/product\/puerto-blest-los-cantaros-waterfall-without-relocation\/\" \/>\n<meta property=\"og:locale\" content=\"en_US\" \/>\n<meta property=\"og:type\" content=\"article\" \/>\n<meta property=\"og:title\" content=\"Puerto Blest y Cascada \u201cLos Cantaros\u201d Sin Traslado\" \/>\n<meta property=\"og:description\" content=\"Excursi\u00f3n en barco a Puerto Blest y la Cascada de Los C\u00e1ntaros. Caminatas guiadas por la selva valdiviana y vistas \u00fanicas al Lago Nahuel Huapi.\" \/>\n<meta property=\"og:url\" content=\"https:\/\/patagoniabooking.com\/en\/product\/puerto-blest-los-cantaros-waterfall-without-relocation\/\" \/>\n<meta property=\"og:site_name\" content=\"Patagonia Booking\" \/>\n<meta property=\"article:modified_time\" content=\"2026-04-08T19:32:42+00:00\" \/>\n<meta property=\"og:image\" content=\"https:\/\/patagoniabooking.com\/wp-content\/uploads\/sites\/2\/2025\/06\/4-B-captionFHJ-copia.jpg\" \/>\n\t<meta property=\"og:image:width\" content=\"850\" \/>\n\t<meta property=\"og:image:height\" content=\"1134\" \/>\n\t<meta property=\"og:image:type\" content=\"image\/jpeg\" \/>\n<meta name=\"twitter:card\" content=\"summary_large_image\" \/>\n<meta name=\"twitter:label1\" content=\"Price\" \/>\n\t<meta name=\"twitter:data1\" content=\"&#036;136,000.00\" \/>\n\t<meta name=\"twitter:label2\" content=\"Availability\" \/>\n\t<meta name=\"twitter:data2\" content=\"In stock\" \/>\n<script type=\"application\/ld+json\" class=\"yoast-schema-graph\">{\"@context\":\"https:\/\/schema.org\",\"@graph\":[{\"@type\":\"WebPage\",\"@id\":\"https:\/\/patagoniabooking.com\/product\/puerto-blest-cascada-los-cantaros-sin-traslado\/\",\"url\":\"https:\/\/patagoniabooking.com\/product\/puerto-blest-cascada-los-cantaros-sin-traslado\/\",\"name\":\"Puerto Blest y Cascada \u201cLos Cantaros\u201d Sin Traslado - Patagonia Booking\",\"isPartOf\":{\"@id\":\"https:\/\/patagoniabooking.com\/#website\"},\"primaryImageOfPage\":{\"@id\":\"https:\/\/patagoniabooking.com\/product\/puerto-blest-cascada-los-cantaros-sin-traslado\/#primaryimage\"},\"image\":{\"@id\":\"https:\/\/patagoniabooking.com\/product\/puerto-blest-cascada-los-cantaros-sin-traslado\/#primaryimage\"},\"thumbnailUrl\":\"https:\/\/patagoniabooking.com\/wp-content\/uploads\/sites\/2\/2025\/06\/4-C-IMG_0338-copia.jpg\",\"datePublished\":\"2025-06-12T13:38:44+00:00\",\"dateModified\":\"2026-04-08T19:32:42+00:00\",\"description\":\"Excursi\u00f3n en barco a Puerto Blest y la Cascada de Los C\u00e1ntaros. Caminatas guiadas por la selva valdiviana y vistas \u00fanicas al Lago Nahuel Huapi.\",\"breadcrumb\":{\"@id\":\"https:\/\/patagoniabooking.com\/product\/puerto-blest-cascada-los-cantaros-sin-traslado\/#breadcrumb\"},\"inLanguage\":\"en-US\",\"potentialAction\":[{\"@type\":\"ReadAction\",\"target\":[\"https:\/\/patagoniabooking.com\/product\/puerto-blest-cascada-los-cantaros-sin-traslado\/\"]}]},{\"@type\":\"ImageObject\",\"inLanguage\":\"en-US\",\"@id\":\"https:\/\/patagoniabooking.com\/product\/puerto-blest-cascada-los-cantaros-sin-traslado\/#primaryimage\",\"url\":\"https:\/\/patagoniabooking.com\/wp-content\/uploads\/sites\/2\/2025\/06\/4-C-IMG_0338-copia.jpg\",\"contentUrl\":\"https:\/\/patagoniabooking.com\/wp-content\/uploads\/sites\/2\/2025\/06\/4-C-IMG_0338-copia.jpg\",\"width\":850,\"height\":1134},{\"@type\":\"BreadcrumbList\",\"@id\":\"https:\/\/patagoniabooking.com\/product\/puerto-blest-cascada-los-cantaros-sin-traslado\/#breadcrumb\",\"itemListElement\":[{\"@type\":\"ListItem\",\"position\":1,\"name\":\"Inicio\",\"item\":\"https:\/\/patagoniabooking.com\/\"},{\"@type\":\"ListItem\",\"position\":2,\"name\":\"Lista de excursiones\",\"item\":\"https:\/\/patagoniabooking.com\/shop\/\"},{\"@type\":\"ListItem\",\"position\":3,\"name\":\"Puerto Blest y Cascada \u201cLos Cantaros\u201d Sin Traslado\"}]},{\"@type\":\"WebSite\",\"@id\":\"https:\/\/patagoniabooking.com\/#website\",\"url\":\"https:\/\/patagoniabooking.com\/\",\"name\":\"Patagonia Booking\",\"description\":\"\",\"publisher\":{\"@id\":\"https:\/\/patagoniabooking.com\/#organization\"},\"potentialAction\":[{\"@type\":\"SearchAction\",\"target\":{\"@type\":\"EntryPoint\",\"urlTemplate\":\"https:\/\/patagoniabooking.com\/?s={search_term_string}\"},\"query-input\":{\"@type\":\"PropertyValueSpecification\",\"valueRequired\":true,\"valueName\":\"search_term_string\"}}],\"inLanguage\":\"en-US\"},{\"@type\":\"Organization\",\"@id\":\"https:\/\/patagoniabooking.com\/#organization\",\"name\":\"Patagonia Booking\",\"url\":\"https:\/\/patagoniabooking.com\/\",\"logo\":{\"@type\":\"ImageObject\",\"inLanguage\":\"en-US\",\"@id\":\"https:\/\/patagoniabooking.com\/#\/schema\/logo\/image\/\",\"url\":\"https:\/\/patagoniabooking.com\/wp-content\/uploads\/sites\/2\/2025\/06\/logo-patagonia-booking.png\",\"contentUrl\":\"https:\/\/patagoniabooking.com\/wp-content\/uploads\/sites\/2\/2025\/06\/logo-patagonia-booking.png\",\"width\":80,\"height\":80,\"caption\":\"Patagonia Booking\"},\"image\":{\"@id\":\"https:\/\/patagoniabooking.com\/#\/schema\/logo\/image\/\"}}]}<\/script>\n<meta property=\"product:price:amount\" content=\"136000.00\" \/>\n<meta property=\"product:price:currency\" content=\"ARS\" \/>\n<meta property=\"og:availability\" content=\"instock\" \/>\n<meta property=\"product:availability\" content=\"instock\" \/>\n<meta property=\"product:retailer_item_id\" content=\"ADV2025PUBLYC297O\" \/>\n<meta property=\"product:condition\" content=\"new\" \/>\n<!-- \/ Yoast SEO Premium plugin. -->","yoast_head_json":{"title":"Puerto Blest and \u201cLos Cantaros\u201d Waterfall Without Transfer - Patagonia Booking","description":"Boat excursion to Puerto Blest and Los C\u00e1ntaros waterfall. Guided hikes through the Valdivian rainforest and unique views of Lake Nahuel Huapi.","robots":{"index":"index","follow":"follow","max-snippet":"max-snippet:-1","max-image-preview":"max-image-preview:large","max-video-preview":"max-video-preview:-1"},"canonical":"https:\/\/patagoniabooking.com\/en\/product\/puerto-blest-los-cantaros-waterfall-without-relocation\/","og_locale":"en_US","og_type":"article","og_title":"Puerto Blest y Cascada \u201cLos Cantaros\u201d Sin Traslado","og_description":"Excursi\u00f3n en barco a Puerto Blest y la Cascada de Los C\u00e1ntaros. Caminatas guiadas por la selva valdiviana y vistas \u00fanicas al Lago Nahuel Huapi.","og_url":"https:\/\/patagoniabooking.com\/en\/product\/puerto-blest-los-cantaros-waterfall-without-relocation\/","og_site_name":"Patagonia Booking","article_modified_time":"2026-04-08T19:32:42+00:00","og_image":[{"width":850,"height":1134,"url":"https:\/\/patagoniabooking.com\/wp-content\/uploads\/sites\/2\/2025\/06\/4-B-captionFHJ-copia.jpg","type":"image\/jpeg"}],"twitter_card":"summary_large_image","twitter_misc":{"Price":"&#36;136,000.00","Availability":"In stock"},"schema":{"@context":"https:\/\/schema.org","@graph":[{"@type":"WebPage","@id":"https:\/\/patagoniabooking.com\/product\/puerto-blest-cascada-los-cantaros-sin-traslado\/","url":"https:\/\/patagoniabooking.com\/product\/puerto-blest-cascada-los-cantaros-sin-traslado\/","name":"Puerto Blest and \u201cLos Cantaros\u201d Waterfall Without Transfer - Patagonia Booking","isPartOf":{"@id":"https:\/\/patagoniabooking.com\/#website"},"primaryImageOfPage":{"@id":"https:\/\/patagoniabooking.com\/product\/puerto-blest-cascada-los-cantaros-sin-traslado\/#primaryimage"},"image":{"@id":"https:\/\/patagoniabooking.com\/product\/puerto-blest-cascada-los-cantaros-sin-traslado\/#primaryimage"},"thumbnailUrl":"https:\/\/patagoniabooking.com\/wp-content\/uploads\/sites\/2\/2025\/06\/4-C-IMG_0338-copia.jpg","datePublished":"2025-06-12T13:38:44+00:00","dateModified":"2026-04-08T19:32:42+00:00","description":"Boat excursion to Puerto Blest and Los C\u00e1ntaros waterfall. Guided hikes through the Valdivian rainforest and unique views of Lake Nahuel Huapi.","breadcrumb":{"@id":"https:\/\/patagoniabooking.com\/product\/puerto-blest-cascada-los-cantaros-sin-traslado\/#breadcrumb"},"inLanguage":"en-US","potentialAction":[{"@type":"ReadAction","target":["https:\/\/patagoniabooking.com\/product\/puerto-blest-cascada-los-cantaros-sin-traslado\/"]}]},{"@type":"ImageObject","inLanguage":"en-US","@id":"https:\/\/patagoniabooking.com\/product\/puerto-blest-cascada-los-cantaros-sin-traslado\/#primaryimage","url":"https:\/\/patagoniabooking.com\/wp-content\/uploads\/sites\/2\/2025\/06\/4-C-IMG_0338-copia.jpg","contentUrl":"https:\/\/patagoniabooking.com\/wp-content\/uploads\/sites\/2\/2025\/06\/4-C-IMG_0338-copia.jpg","width":850,"height":1134},{"@type":"BreadcrumbList","@id":"https:\/\/patagoniabooking.com\/product\/puerto-blest-cascada-los-cantaros-sin-traslado\/#breadcrumb","itemListElement":[{"@type":"ListItem","position":1,"name":"Inicio","item":"https:\/\/patagoniabooking.com\/"},{"@type":"ListItem","position":2,"name":"Lista de excursiones","item":"https:\/\/patagoniabooking.com\/shop\/"},{"@type":"ListItem","position":3,"name":"Puerto Blest y Cascada \u201cLos Cantaros\u201d Sin Traslado"}]},{"@type":"WebSite","@id":"https:\/\/patagoniabooking.com\/#website","url":"https:\/\/patagoniabooking.com\/","name":"Patagonia Booking","description":"","publisher":{"@id":"https:\/\/patagoniabooking.com\/#organization"},"potentialAction":[{"@type":"SearchAction","target":{"@type":"EntryPoint","urlTemplate":"https:\/\/patagoniabooking.com\/?s={search_term_string}"},"query-input":{"@type":"PropertyValueSpecification","valueRequired":true,"valueName":"search_term_string"}}],"inLanguage":"en-US"},{"@type":"Organization","@id":"https:\/\/patagoniabooking.com\/#organization","name":"Patagonia Booking","url":"https:\/\/patagoniabooking.com\/","logo":{"@type":"ImageObject","inLanguage":"en-US","@id":"https:\/\/patagoniabooking.com\/#\/schema\/logo\/image\/","url":"https:\/\/patagoniabooking.com\/wp-content\/uploads\/sites\/2\/2025\/06\/logo-patagonia-booking.png","contentUrl":"https:\/\/patagoniabooking.com\/wp-content\/uploads\/sites\/2\/2025\/06\/logo-patagonia-booking.png","width":80,"height":80,"caption":"Patagonia Booking"},"image":{"@id":"https:\/\/patagoniabooking.com\/#\/schema\/logo\/image\/"}}]},"product_price_amount":"136000.00","product_price_currency":"ARS","og_availability":"instock","product_availability":"instock","product_retailer_item_id":"ADV2025PUBLYC297O","product_condition":"new"},"_links":{"self":[{"href":"https:\/\/patagoniabooking.com\/en\/wp-json\/wp\/v2\/product\/43","targetHints":{"allow":["GET"]}}],"collection":[{"href":"https:\/\/patagoniabooking.com\/en\/wp-json\/wp\/v2\/product"}],"about":[{"href":"https:\/\/patagoniabooking.com\/en\/wp-json\/wp\/v2\/types\/product"}],"replies":[{"embeddable":true,"href":"https:\/\/patagoniabooking.com\/en\/wp-json\/wp\/v2\/comments?post=43"}],"wp:featuredmedia":[{"embeddable":true,"href":"https:\/\/patagoniabooking.com\/en\/wp-json\/wp\/v2\/media\/377804"}],"wp:attachment":[{"href":"https:\/\/patagoniabooking.com\/en\/wp-json\/wp\/v2\/media?parent=43"}],"wp:term":[{"taxonomy":"product_brand","embeddable":true,"href":"https:\/\/patagoniabooking.com\/en\/wp-json\/wp\/v2\/product_brand?post=43"},{"taxonomy":"product_cat","embeddable":true,"href":"https:\/\/patagoniabooking.com\/en\/wp-json\/wp\/v2\/product_cat?post=43"},{"taxonomy":"product_tag","embeddable":true,"href":"https:\/\/patagoniabooking.com\/en\/wp-json\/wp\/v2\/product_tag?post=43"}],"curies":[{"name":"wp","href":"https:\/\/api.w.org\/{rel}","templated":true}]}}