{"id":42,"date":"2025-06-12T10:38:23","date_gmt":"2025-06-12T13:38:23","guid":{"rendered":"https:\/\/patagoniabooking.shop\/product\/navegacion-por-nahuel-huapi-isla-victoria-y-bosque-de-arrayanes-sin-traslado\/"},"modified":"2026-04-06T09:42:18","modified_gmt":"2026-04-06T12:42:18","slug":"isla-victoria-y-bosque-de-arrayanes-sin-traslado","status":"publish","type":"product","link":"https:\/\/patagoniabooking.com\/en\/product\/victoria-island-and-arrayanes-forest-without-relocation\/","title":{"rendered":"Nahuel Huapi Navigation: Victoria Island and Arrayanes Forest without transfer"},"content":{"rendered":"<h3 class=\"ai-optimize-22\" data-start=\"304\" data-end=\"381\">A unique Patagonian experience, guaranteed by Bariloche Excursiones<\/h3>\n<p class=\"ai-optimize-23 ai-optimize-introduction\" data-start=\"383\" data-end=\"761\">Cross the Nahuel Huapi and be surprised by two of the most emblematic places in the south: the majestic Victoria Island and the mythical Arrayanes Forest. This alternative is perfect for those who are already in Bariloche and are looking for a direct approach to Puerto Pa\u00f1uelo, enjoying the experience at their own pace and always with the warmth of our expert team.<\/p>\n<h3 class=\"ai-optimize-24\" data-start=\"763\" data-end=\"808\">Itinerary and highlights<\/h3>\n<p class=\"ai-optimize-25\" data-start=\"810\" data-end=\"1136\">The tour starts at the <strong data-start=\"832\" data-end=\"850\">Puerto Pa\u00f1uelo<\/strong>, located at km 25 of Bustillo Avenue. You get on a panoramic catamaran and the crossing over the Nahuel Huapi Lake begins. First stop: the <strong data-start=\"1006\" data-end=\"1032\">Quetrihu\u00e9 Peninsula<\/strong>, where you will advance among manicured trails in the largest myrtle forest on the planet.<\/p>\n<p class=\"ai-optimize-26\" data-start=\"1138\" data-end=\"1365\">The adventure continues to the <strong data-start=\"1166\" data-end=\"1183\">Victoria Island<\/strong>, a Patagonian paradise with nature trails that bring you closer to the <strong data-start=\"1246\" data-end=\"1264\">El Toro Beach<\/strong>, The area has volcanic sand and cultural remains, such as ancestral cave paintings.<\/p>\n<h3 class=\"ai-optimize-27\" data-start=\"1367\" data-end=\"1387\">Data to take into account<\/h3>\n<ul data-start=\"1389\" data-end=\"1663\">\n<li class=\"ai-optimize-28\" data-start=\"1389\" data-end=\"1435\">\n<p class=\"ai-optimize-29\" data-start=\"1391\" data-end=\"1435\"><strong data-start=\"1391\" data-end=\"1412\">Estimated duration<\/strong>: from 13:00 to 18:30 hs.<\/p>\n<\/li>\n<li class=\"ai-optimize-30\" data-start=\"1436\" data-end=\"1521\">\n<p class=\"ai-optimize-31\" data-start=\"1438\" data-end=\"1521\"><strong data-start=\"1438\" data-end=\"1449\">Includes<\/strong>Catamaran ride and specialized guide during the whole circuit.<\/p>\n<\/li>\n<li class=\"ai-optimize-32\" data-start=\"1522\" data-end=\"1663\">\n<p class=\"ai-optimize-33\" data-start=\"1524\" data-end=\"1663\"><strong data-start=\"1524\" data-end=\"1538\">Does not include<\/strong>Transfer to Puerto Pa\u00f1uelo, boarding fees and entrance fee to the National Park, meals (there are alternatives on the boat and on the island).<\/p>\n<\/li>\n<\/ul>\n<h3 class=\"ai-optimize-34\" data-start=\"1665\" data-end=\"1694\">How to go on your own<\/h3>\n<p class=\"ai-optimize-35\" data-start=\"1696\" data-end=\"1943\">Puerto Pa\u00f1uelo is only 30 minutes from downtown Bariloche, on km 25 of Bustillo Avenue. You can get there by private car, remise or bus. When you make your reservation, we will send you the details to make your trip easy and without any hassle.<\/p>\n<h3 class=\"ai-optimize-36\" data-start=\"1950\" data-end=\"1974\">Frequently Asked Questions<\/h3>\n<p class=\"ai-optimize-37\" data-start=\"1976\" data-end=\"2212\"><strong data-start=\"1976\" data-end=\"2028\">Where do I pay the park and boarding fees?<\/strong><br data-start=\"2028\" data-end=\"2031\" \/>They are paid in cash the same day, when you show up at Puerto Pa\u00f1uelo. Not applicable to Bariloche residents, people with disabilities, children under 6 years old and national retirees.<\/p>\n<p class=\"ai-optimize-38\" data-start=\"2214\" data-end=\"2368\"><strong data-start=\"2214\" data-end=\"2260\">Are there any benefits for foreigners?<\/strong><br data-start=\"2260\" data-end=\"2263\" \/>No. Discounts on fees only apply to Argentine residents with the corresponding documentation.<\/p>\n<p class=\"ai-optimize-39\" data-start=\"2370\" data-end=\"2524\"><strong data-start=\"2370\" data-end=\"2402\">Which boat is used?<\/strong><br data-start=\"2402\" data-end=\"2405\" \/>Generally, it is navigated in the classic <strong data-start=\"2457\" data-end=\"2477\">Modesta Victoria<\/strong>, although this may vary depending on the availability of the day.<\/p>\n<p class=\"ai-optimize-40\" data-start=\"2526\" data-end=\"2689\"><strong data-start=\"2526\" data-end=\"2587\">Can I bring my own food or are there options during the outing?<\/strong><br data-start=\"2587\" data-end=\"2590\" \/>You can bring your own lunch or buy food and beverages on board the catamaran or in Victoria Island.<\/p>","protected":false},"excerpt":{"rendered":"<p class=\"ai-optimize-6\">I lived an unforgettable experience traveling through the <strong>Victoria Island<\/strong> and the <strong>Arrayanes Forest<\/strong>, located in the heart of the stunning Patagonia. Enjoy the beauty of the <strong>Nahuel Huapi Lake<\/strong> while you walk through trails surrounded by native vegetation and discover traces of ancient cultures. Take advantage of this unique opportunity in a unique natural environment.<\/p>","protected":false},"featured_media":377802,"comment_status":"open","ping_status":"closed","template":"","meta":[],"product_brand":[],"product_cat":[26,31,35,37,42,43,47],"product_tag":[],"class_list":{"0":"post-42","1":"product","2":"type-product","3":"status-publish","4":"has-post-thumbnail","6":"product_cat-adultos","7":"product_cat-familia","8":"product_cat-lacustre","9":"product_cat-ninos","10":"product_cat-sin-comida","11":"product_cat-sin-traslado","12":"product_cat-todo-el-ano","14":"first","15":"instock","16":"virtual","17":"sold-individually","18":"purchasable","19":"product-type-booking"},"booking_location":"","booking_location_type":"","booking_duration":60,"booking_duration_unit":"minute","booking_buffer":0,"booking_cost":0,"booking_resources":[],"exclude_global_add_ons":false,"addons":[{"name":"ADU | Adult","type":"input_multiplier","position":0,"required":false,"title_format":"label","default":"","description_enable":false,"description":"","placeholder_enable":false,"placeholder":"","display":"select","restrictions_type":"any_text","adjust_price":true,"price":"136000","price_type":"quantity_based","restrictions":false,"min":"0","max":"0","options":[],"id":1773233738},{"name":"MEN512 | from 5 to 12","type":"input_multiplier","position":1,"required":false,"title_format":"label","default":"","description_enable":false,"description":"","placeholder_enable":false,"placeholder":"","display":"select","restrictions_type":"any_text","adjust_price":true,"price":"70000","price_type":"quantity_based","restrictions":false,"min":"0","max":"0","options":[],"id":1773233739},{"name":"ADUJ : Retired","type":"input_multiplier","position":2,"required":false,"title_format":"label","default":"","description_enable":false,"description":"","placeholder_enable":false,"placeholder":"","display":"select","restrictions_type":"any_text","adjust_price":true,"price":"70000","price_type":"quantity_based","restrictions":false,"min":"0","max":"0","options":[],"id":1773233740}],"yoast_head":"<!-- This site is optimized with the Yoast SEO Premium plugin v25.2 (Yoast SEO v25.2) - https:\/\/yoast.com\/wordpress\/plugins\/seo\/ -->\n<title>Isla Victoria y Bosque de Arrayanes - Patagonia Booking<\/title>\n<meta name=\"description\" content=\"Naveg\u00e1 el Nahuel Huapi hacia Isla Victoria y el Bosque de Arrayanes. Caminatas guiadas, paisajes \u00fanicos y naturaleza patag\u00f3nica sin traslado incluido.\" \/>\n<meta name=\"robots\" content=\"index, follow, max-snippet:-1, max-image-preview:large, max-video-preview:-1\" \/>\n<link rel=\"canonical\" href=\"https:\/\/patagoniabooking.com\/en\/product\/victoria-island-and-arrayanes-forest-without-relocation\/\" \/>\n<meta property=\"og:locale\" content=\"en_US\" \/>\n<meta property=\"og:type\" content=\"article\" \/>\n<meta property=\"og:title\" content=\"Navegaci\u00f3n por Nahuel Huapi: Isla Victoria y Bosque de Arrayanes sin traslado\" \/>\n<meta property=\"og:description\" content=\"Naveg\u00e1 el Nahuel Huapi hacia Isla Victoria y el Bosque de Arrayanes. Caminatas guiadas, paisajes \u00fanicos y naturaleza patag\u00f3nica sin traslado incluido.\" \/>\n<meta property=\"og:url\" content=\"https:\/\/patagoniabooking.com\/en\/product\/victoria-island-and-arrayanes-forest-without-relocation\/\" \/>\n<meta property=\"og:site_name\" content=\"Patagonia Booking\" \/>\n<meta property=\"article:modified_time\" content=\"2026-04-06T12:42:18+00:00\" \/>\n<meta property=\"og:image\" content=\"https:\/\/patagoniabooking.com\/wp-content\/uploads\/sites\/2\/2025\/06\/4-A-IMG_6106-copia.jpg\" \/>\n\t<meta property=\"og:image:width\" content=\"992\" \/>\n\t<meta property=\"og:image:height\" content=\"1323\" \/>\n\t<meta property=\"og:image:type\" content=\"image\/jpeg\" \/>\n<meta name=\"twitter:card\" content=\"summary_large_image\" \/>\n<meta name=\"twitter:label1\" content=\"Price\" \/>\n\t<meta name=\"twitter:data1\" content=\"&#036;163,200.00\" \/>\n\t<meta name=\"twitter:label2\" content=\"Availability\" \/>\n\t<meta name=\"twitter:data2\" content=\"In stock\" \/>\n<script type=\"application\/ld+json\" class=\"yoast-schema-graph\">{\"@context\":\"https:\/\/schema.org\",\"@graph\":[{\"@type\":\"WebPage\",\"@id\":\"https:\/\/patagoniabooking.com\/product\/isla-victoria-y-bosque-de-arrayanes-sin-traslado\/\",\"url\":\"https:\/\/patagoniabooking.com\/product\/isla-victoria-y-bosque-de-arrayanes-sin-traslado\/\",\"name\":\"Isla Victoria y Bosque de Arrayanes - Patagonia Booking\",\"isPartOf\":{\"@id\":\"https:\/\/patagoniabooking.com\/#website\"},\"primaryImageOfPage\":{\"@id\":\"https:\/\/patagoniabooking.com\/product\/isla-victoria-y-bosque-de-arrayanes-sin-traslado\/#primaryimage\"},\"image\":{\"@id\":\"https:\/\/patagoniabooking.com\/product\/isla-victoria-y-bosque-de-arrayanes-sin-traslado\/#primaryimage\"},\"thumbnailUrl\":\"https:\/\/patagoniabooking.com\/wp-content\/uploads\/sites\/2\/2025\/06\/4-A-IMG_6106-copia.jpg\",\"datePublished\":\"2025-06-12T13:38:23+00:00\",\"dateModified\":\"2026-04-06T12:42:18+00:00\",\"description\":\"Naveg\u00e1 el Nahuel Huapi hacia Isla Victoria y el Bosque de Arrayanes. Caminatas guiadas, paisajes \u00fanicos y naturaleza patag\u00f3nica sin traslado incluido.\",\"breadcrumb\":{\"@id\":\"https:\/\/patagoniabooking.com\/product\/isla-victoria-y-bosque-de-arrayanes-sin-traslado\/#breadcrumb\"},\"inLanguage\":\"en-US\",\"potentialAction\":[{\"@type\":\"ReadAction\",\"target\":[\"https:\/\/patagoniabooking.com\/product\/isla-victoria-y-bosque-de-arrayanes-sin-traslado\/\"]}]},{\"@type\":\"ImageObject\",\"inLanguage\":\"en-US\",\"@id\":\"https:\/\/patagoniabooking.com\/product\/isla-victoria-y-bosque-de-arrayanes-sin-traslado\/#primaryimage\",\"url\":\"https:\/\/patagoniabooking.com\/wp-content\/uploads\/sites\/2\/2025\/06\/4-A-IMG_6106-copia.jpg\",\"contentUrl\":\"https:\/\/patagoniabooking.com\/wp-content\/uploads\/sites\/2\/2025\/06\/4-A-IMG_6106-copia.jpg\",\"width\":992,\"height\":1323},{\"@type\":\"BreadcrumbList\",\"@id\":\"https:\/\/patagoniabooking.com\/product\/isla-victoria-y-bosque-de-arrayanes-sin-traslado\/#breadcrumb\",\"itemListElement\":[{\"@type\":\"ListItem\",\"position\":1,\"name\":\"Inicio\",\"item\":\"https:\/\/patagoniabooking.com\/\"},{\"@type\":\"ListItem\",\"position\":2,\"name\":\"Lista de excursiones\",\"item\":\"https:\/\/patagoniabooking.com\/shop\/\"},{\"@type\":\"ListItem\",\"position\":3,\"name\":\"Navegaci\u00f3n por Nahuel Huapi: Isla Victoria y Bosque de Arrayanes sin traslado\"}]},{\"@type\":\"WebSite\",\"@id\":\"https:\/\/patagoniabooking.com\/#website\",\"url\":\"https:\/\/patagoniabooking.com\/\",\"name\":\"Patagonia Booking\",\"description\":\"\",\"publisher\":{\"@id\":\"https:\/\/patagoniabooking.com\/#organization\"},\"potentialAction\":[{\"@type\":\"SearchAction\",\"target\":{\"@type\":\"EntryPoint\",\"urlTemplate\":\"https:\/\/patagoniabooking.com\/?s={search_term_string}\"},\"query-input\":{\"@type\":\"PropertyValueSpecification\",\"valueRequired\":true,\"valueName\":\"search_term_string\"}}],\"inLanguage\":\"en-US\"},{\"@type\":\"Organization\",\"@id\":\"https:\/\/patagoniabooking.com\/#organization\",\"name\":\"Patagonia Booking\",\"url\":\"https:\/\/patagoniabooking.com\/\",\"logo\":{\"@type\":\"ImageObject\",\"inLanguage\":\"en-US\",\"@id\":\"https:\/\/patagoniabooking.com\/#\/schema\/logo\/image\/\",\"url\":\"https:\/\/patagoniabooking.com\/wp-content\/uploads\/sites\/2\/2025\/06\/logo-patagonia-booking.png\",\"contentUrl\":\"https:\/\/patagoniabooking.com\/wp-content\/uploads\/sites\/2\/2025\/06\/logo-patagonia-booking.png\",\"width\":80,\"height\":80,\"caption\":\"Patagonia Booking\"},\"image\":{\"@id\":\"https:\/\/patagoniabooking.com\/#\/schema\/logo\/image\/\"}}]}<\/script>\n<meta property=\"product:price:amount\" content=\"163200.00\" \/>\n<meta property=\"product:price:currency\" content=\"ARS\" \/>\n<meta property=\"og:availability\" content=\"instock\" \/>\n<meta property=\"product:availability\" content=\"instock\" \/>\n<meta property=\"product:retailer_item_id\" content=\"ADV2025ISVIYB4A10\" \/>\n<meta property=\"product:condition\" content=\"new\" \/>\n<!-- \/ Yoast SEO Premium plugin. -->","yoast_head_json":{"title":"Victoria Island and Arrayanes Forest - Patagonia Booking","description":"Navigate the Nahuel Huapi to Victoria Island and the Arrayanes Forest. Guided hikes, unique landscapes and Patagonian nature without transportation included.","robots":{"index":"index","follow":"follow","max-snippet":"max-snippet:-1","max-image-preview":"max-image-preview:large","max-video-preview":"max-video-preview:-1"},"canonical":"https:\/\/patagoniabooking.com\/en\/product\/victoria-island-and-arrayanes-forest-without-relocation\/","og_locale":"en_US","og_type":"article","og_title":"Navegaci\u00f3n por Nahuel Huapi: Isla Victoria y Bosque de Arrayanes sin traslado","og_description":"Naveg\u00e1 el Nahuel Huapi hacia Isla Victoria y el Bosque de Arrayanes. Caminatas guiadas, paisajes \u00fanicos y naturaleza patag\u00f3nica sin traslado incluido.","og_url":"https:\/\/patagoniabooking.com\/en\/product\/victoria-island-and-arrayanes-forest-without-relocation\/","og_site_name":"Patagonia Booking","article_modified_time":"2026-04-06T12:42:18+00:00","og_image":[{"width":992,"height":1323,"url":"https:\/\/patagoniabooking.com\/wp-content\/uploads\/sites\/2\/2025\/06\/4-A-IMG_6106-copia.jpg","type":"image\/jpeg"}],"twitter_card":"summary_large_image","twitter_misc":{"Price":"&#36;163,200.00","Availability":"In stock"},"schema":{"@context":"https:\/\/schema.org","@graph":[{"@type":"WebPage","@id":"https:\/\/patagoniabooking.com\/product\/isla-victoria-y-bosque-de-arrayanes-sin-traslado\/","url":"https:\/\/patagoniabooking.com\/product\/isla-victoria-y-bosque-de-arrayanes-sin-traslado\/","name":"Victoria Island and Arrayanes Forest - Patagonia Booking","isPartOf":{"@id":"https:\/\/patagoniabooking.com\/#website"},"primaryImageOfPage":{"@id":"https:\/\/patagoniabooking.com\/product\/isla-victoria-y-bosque-de-arrayanes-sin-traslado\/#primaryimage"},"image":{"@id":"https:\/\/patagoniabooking.com\/product\/isla-victoria-y-bosque-de-arrayanes-sin-traslado\/#primaryimage"},"thumbnailUrl":"https:\/\/patagoniabooking.com\/wp-content\/uploads\/sites\/2\/2025\/06\/4-A-IMG_6106-copia.jpg","datePublished":"2025-06-12T13:38:23+00:00","dateModified":"2026-04-06T12:42:18+00:00","description":"Navigate the Nahuel Huapi to Victoria Island and the Arrayanes Forest. Guided hikes, unique landscapes and Patagonian nature without transportation included.","breadcrumb":{"@id":"https:\/\/patagoniabooking.com\/product\/isla-victoria-y-bosque-de-arrayanes-sin-traslado\/#breadcrumb"},"inLanguage":"en-US","potentialAction":[{"@type":"ReadAction","target":["https:\/\/patagoniabooking.com\/product\/isla-victoria-y-bosque-de-arrayanes-sin-traslado\/"]}]},{"@type":"ImageObject","inLanguage":"en-US","@id":"https:\/\/patagoniabooking.com\/product\/isla-victoria-y-bosque-de-arrayanes-sin-traslado\/#primaryimage","url":"https:\/\/patagoniabooking.com\/wp-content\/uploads\/sites\/2\/2025\/06\/4-A-IMG_6106-copia.jpg","contentUrl":"https:\/\/patagoniabooking.com\/wp-content\/uploads\/sites\/2\/2025\/06\/4-A-IMG_6106-copia.jpg","width":992,"height":1323},{"@type":"BreadcrumbList","@id":"https:\/\/patagoniabooking.com\/product\/isla-victoria-y-bosque-de-arrayanes-sin-traslado\/#breadcrumb","itemListElement":[{"@type":"ListItem","position":1,"name":"Inicio","item":"https:\/\/patagoniabooking.com\/"},{"@type":"ListItem","position":2,"name":"Lista de excursiones","item":"https:\/\/patagoniabooking.com\/shop\/"},{"@type":"ListItem","position":3,"name":"Navegaci\u00f3n por Nahuel Huapi: Isla Victoria y Bosque de Arrayanes sin traslado"}]},{"@type":"WebSite","@id":"https:\/\/patagoniabooking.com\/#website","url":"https:\/\/patagoniabooking.com\/","name":"Patagonia Booking","description":"","publisher":{"@id":"https:\/\/patagoniabooking.com\/#organization"},"potentialAction":[{"@type":"SearchAction","target":{"@type":"EntryPoint","urlTemplate":"https:\/\/patagoniabooking.com\/?s={search_term_string}"},"query-input":{"@type":"PropertyValueSpecification","valueRequired":true,"valueName":"search_term_string"}}],"inLanguage":"en-US"},{"@type":"Organization","@id":"https:\/\/patagoniabooking.com\/#organization","name":"Patagonia Booking","url":"https:\/\/patagoniabooking.com\/","logo":{"@type":"ImageObject","inLanguage":"en-US","@id":"https:\/\/patagoniabooking.com\/#\/schema\/logo\/image\/","url":"https:\/\/patagoniabooking.com\/wp-content\/uploads\/sites\/2\/2025\/06\/logo-patagonia-booking.png","contentUrl":"https:\/\/patagoniabooking.com\/wp-content\/uploads\/sites\/2\/2025\/06\/logo-patagonia-booking.png","width":80,"height":80,"caption":"Patagonia Booking"},"image":{"@id":"https:\/\/patagoniabooking.com\/#\/schema\/logo\/image\/"}}]},"product_price_amount":"163200.00","product_price_currency":"ARS","og_availability":"instock","product_availability":"instock","product_retailer_item_id":"ADV2025ISVIYB4A10","product_condition":"new"},"_links":{"self":[{"href":"https:\/\/patagoniabooking.com\/en\/wp-json\/wp\/v2\/product\/42","targetHints":{"allow":["GET"]}}],"collection":[{"href":"https:\/\/patagoniabooking.com\/en\/wp-json\/wp\/v2\/product"}],"about":[{"href":"https:\/\/patagoniabooking.com\/en\/wp-json\/wp\/v2\/types\/product"}],"replies":[{"embeddable":true,"href":"https:\/\/patagoniabooking.com\/en\/wp-json\/wp\/v2\/comments?post=42"}],"wp:featuredmedia":[{"embeddable":true,"href":"https:\/\/patagoniabooking.com\/en\/wp-json\/wp\/v2\/media\/377802"}],"wp:attachment":[{"href":"https:\/\/patagoniabooking.com\/en\/wp-json\/wp\/v2\/media?parent=42"}],"wp:term":[{"taxonomy":"product_brand","embeddable":true,"href":"https:\/\/patagoniabooking.com\/en\/wp-json\/wp\/v2\/product_brand?post=42"},{"taxonomy":"product_cat","embeddable":true,"href":"https:\/\/patagoniabooking.com\/en\/wp-json\/wp\/v2\/product_cat?post=42"},{"taxonomy":"product_tag","embeddable":true,"href":"https:\/\/patagoniabooking.com\/en\/wp-json\/wp\/v2\/product_tag?post=42"}],"curies":[{"name":"wp","href":"https:\/\/api.w.org\/{rel}","templated":true}]}}