{"id":41,"date":"2025-06-12T10:38:04","date_gmt":"2025-06-12T13:38:04","guid":{"rendered":"https:\/\/patagoniabooking.shop\/product\/excursion-a-puerto-blest-y-lago-frias-con-traslado\/"},"modified":"2026-04-08T16:34:19","modified_gmt":"2026-04-08T19:34:19","slug":"puerto-blest-cascada-los-cantaros-lago-frias","status":"publish","type":"product","link":"https:\/\/patagoniabooking.com\/en\/product\/puerto-blest-los-cantaros-waterfall-frias-lake\/","title":{"rendered":"Excursion to Puerto Blest and Lake Frias with transfer"},"content":{"rendered":"<h2 class=\"ai-optimize-22\">Experience the Greatness of Puerto Blest and the \u201cLos C\u00e1ntaros\u201d waterfall.\u201d<\/h2>\n<p class=\"ai-optimize-23 ai-optimize-introduction\">Launch yourself into an unforgettable experience from the unmistakable <strong>Puerto Pa\u00f1uelo<\/strong>, The boat is located just a few minutes from downtown San Carlos de Bariloche. Enjoy a relaxing boat ride of a little more than an hour, where you will know the famous <strong>Sentinel Islet<\/strong>, the eternal resting place of the extraordinary Perito Moreno.<\/p>\n<p class=\"ai-optimize-24\">We will continue our journey towards a set of footbridges that offer an unbeatable view of the mighty <strong>Los C\u00e1ntaros Waterfall<\/strong>. This natural spectacle, surrounded by imposing granite formations, hides a thousand-year-old larch tree that witnessed more than 1500 years of history.<\/p>\n<h3 class=\"ai-optimize-25\">Sailing Unique Views of the Lake<\/h3>\n<p class=\"ai-optimize-26\">On top of a state-of-the-art catamaran, you will enjoy <strong>dazzling landscapes of the Nahuel Huapi lake<\/strong> and the grandiose peaks of the <strong>Andes mountain range<\/strong>. Experience the magic of its islands and those unforgettable sceneries that can only be seen in this region.<\/p>\n<h2 class=\"ai-optimize-27\">Dive into Lake Frias: A Patagonian Secret<\/h2>\n<p class=\"ai-optimize-28\">When you arrive at Puerto Blest, a place that attracts visitors from all over the planet, the wonder of the <strong>Lake Frias<\/strong>. Its striking greenish color is due to the glacial sediment dragged from Cerro Tronador.<\/p>\n<p class=\"ai-optimize-29\">If you feel like extending this incredible trip, a comfortable 3 km transfer by bus will take you to <strong>Puerto Alegre<\/strong>, where you can get on another boat and get even closer to the beauty of its special waters.<\/p>\n<h3 class=\"ai-optimize-30\">Plenty to do and enjoy<\/h3>\n<ul>\n<li class=\"ai-optimize-31\">Guided hikes through the Valdivian rainforest, a corner full of unique wildlife.<\/li>\n<li class=\"ai-optimize-32\">Boat trips on the serene Frias Lake and its captivating scenery.<\/li>\n<\/ul>\n<h2 class=\"ai-optimize-33\">Everything You Need to Know<\/h2>\n<ul>\n<li class=\"ai-optimize-34\"><strong>Horarios:<\/strong> From 8:30 a.m. to 5:30 p.m. approximately.<\/li>\n<li class=\"ai-optimize-35\"><strong>Includes:<\/strong> Round trip transfer, navigation and hiking guide.<\/li>\n<li class=\"ai-optimize-36\"><strong>Does not include:<\/strong> Meals (there are options in Paradores) and access to National Parks.<\/li>\n<\/ul>\n<h2 class=\"ai-optimize-37\">Common Questions<\/h2>\n<ul>\n<li class=\"ai-optimize-38\"><strong>Where do I pay for access to National Parks?<\/strong><br \/>\nThey are payable on the same day of departure in Puerto Pa\u00f1uelo, only in cash and in Argentine pesos. There are benefits for local residents and children under five years old.<\/li>\n<li class=\"ai-optimize-39\"><strong>Are there discounts for retirees from abroad?<\/strong><br \/>\nNo, the discounts apply only to Argentine retirees, presenting their ID card when boarding.<\/li>\n<li class=\"ai-optimize-40\"><strong>Is it possible to bring your own food?<\/strong><br \/>\nYes, you can bring your own lunch without any problem or buy it on the boat or at the stops along the way.<\/li>\n<li class=\"ai-optimize-41\"><strong>What type of vessel is used?<\/strong><br \/>\nIt is almost always done aboard the iconic Modesta Victoria, although it may be changed for operational reasons without prior notice.<\/li>\n<li class=\"ai-optimize-42\"><strong>Can it be added to other excursions?<\/strong><br \/>\nYes, especially if you go in the afternoon. Combining it with the Circuito Chico is an excellent option to enjoy it to the fullest.<\/li>\n<\/ul>","protected":false},"excerpt":{"rendered":"<p class=\"ai-optimize-6\">Enjoy a unique experience in Puerto Blest and the \u00abLos C\u00e1ntaros\u00bb waterfall. Feel the adrenaline of an unforgettable navigation and marvel at the breathtaking scenery of Lake Frias. Buy your ticket now and connect with a spectacular natural environment.<\/p>","protected":false},"featured_media":377809,"comment_status":"open","ping_status":"closed","template":"","meta":[],"product_brand":[],"product_cat":[26,30,31,34,35,37,42,47],"product_tag":[],"class_list":{"0":"post-41","1":"product","2":"type-product","3":"status-publish","4":"has-post-thumbnail","6":"product_cat-adultos","7":"product_cat-con-traslado","8":"product_cat-familia","9":"product_cat-jubilados","10":"product_cat-lacustre","11":"product_cat-ninos","12":"product_cat-sin-comida","13":"product_cat-todo-el-ano","15":"first","16":"instock","17":"virtual","18":"sold-individually","19":"purchasable","20":"product-type-booking"},"booking_location":"","booking_location_type":"","booking_duration":60,"booking_duration_unit":"minute","booking_buffer":0,"booking_cost":0,"booking_resources":[],"exclude_global_add_ons":false,"addons":[{"name":"ADU | Adult","type":"input_multiplier","position":0,"required":true,"title_format":"label","default":"","description_enable":false,"description":"","placeholder_enable":false,"placeholder":"","display":"select","restrictions_type":"any_text","adjust_price":true,"price":"212000","price_type":"quantity_based","restrictions":false,"min":"0","max":"0","options":[],"id":1773233993},{"name":"MEN512 | from 5 to 12","type":"input_multiplier","position":1,"required":false,"title_format":"label","default":"","description_enable":false,"description":"","placeholder_enable":false,"placeholder":"","display":"select","restrictions_type":"any_text","adjust_price":true,"price":"119000","price_type":"quantity_based","restrictions":false,"min":"0","max":"0","options":[],"id":1773233994},{"name":"ADUJ : Retired","type":"input_multiplier","position":2,"required":false,"title_format":"label","default":"","description_enable":false,"description":"","placeholder_enable":false,"placeholder":"","display":"select","restrictions_type":"any_text","adjust_price":true,"price":"119000","price_type":"quantity_based","restrictions":false,"min":"0","max":"0","options":[],"id":1773233995}],"yoast_head":"<!-- This site is optimized with the Yoast SEO Premium plugin v25.2 (Yoast SEO v25.2) - https:\/\/yoast.com\/wordpress\/plugins\/seo\/ -->\n<title>Excursi\u00f3n a Puerto Blest y Lago Fr\u00edas con traslado - Patagonia Booking<\/title>\n<meta name=\"description\" content=\"Naveg\u00e1 el Nahuel Huapi y descubr\u00ed Puerto Blest, la Cascada Los C\u00e1ntaros y el Lago Fr\u00edas. Excursi\u00f3n con traslado, gu\u00eda y paisajes \u00fanicos de la Patagonia.\" \/>\n<meta name=\"robots\" content=\"index, follow, max-snippet:-1, max-image-preview:large, max-video-preview:-1\" \/>\n<link rel=\"canonical\" href=\"https:\/\/patagoniabooking.com\/en\/product\/puerto-blest-los-cantaros-waterfall-frias-lake\/\" \/>\n<meta property=\"og:locale\" content=\"en_US\" \/>\n<meta property=\"og:type\" content=\"article\" \/>\n<meta property=\"og:title\" content=\"Excursi\u00f3n a Puerto Blest y Lago Fr\u00edas con traslado\" \/>\n<meta property=\"og:description\" content=\"Naveg\u00e1 el Nahuel Huapi y descubr\u00ed Puerto Blest, la Cascada Los C\u00e1ntaros y el Lago Fr\u00edas. Excursi\u00f3n con traslado, gu\u00eda y paisajes \u00fanicos de la Patagonia.\" \/>\n<meta property=\"og:url\" content=\"https:\/\/patagoniabooking.com\/en\/product\/puerto-blest-los-cantaros-waterfall-frias-lake\/\" \/>\n<meta property=\"og:site_name\" content=\"Patagonia Booking\" \/>\n<meta property=\"article:modified_time\" content=\"2026-04-08T19:34:19+00:00\" \/>\n<meta property=\"og:image\" content=\"https:\/\/patagoniabooking.com\/wp-content\/uploads\/sites\/2\/2025\/06\/4-D-20211209_125300-copia.jpg\" \/>\n\t<meta property=\"og:image:width\" content=\"992\" \/>\n\t<meta property=\"og:image:height\" content=\"1323\" \/>\n\t<meta property=\"og:image:type\" content=\"image\/jpeg\" \/>\n<meta name=\"twitter:card\" content=\"summary_large_image\" \/>\n<meta name=\"twitter:label1\" content=\"Price\" \/>\n\t<meta name=\"twitter:data1\" content=\"&#036;212,000.00\" \/>\n\t<meta name=\"twitter:label2\" content=\"Availability\" \/>\n\t<meta name=\"twitter:data2\" content=\"In stock\" \/>\n<script type=\"application\/ld+json\" class=\"yoast-schema-graph\">{\"@context\":\"https:\/\/schema.org\",\"@graph\":[{\"@type\":\"WebPage\",\"@id\":\"https:\/\/patagoniabooking.com\/product\/puerto-blest-cascada-los-cantaros-lago-frias\/\",\"url\":\"https:\/\/patagoniabooking.com\/product\/puerto-blest-cascada-los-cantaros-lago-frias\/\",\"name\":\"Excursi\u00f3n a Puerto Blest y Lago Fr\u00edas con traslado - Patagonia Booking\",\"isPartOf\":{\"@id\":\"https:\/\/patagoniabooking.com\/#website\"},\"primaryImageOfPage\":{\"@id\":\"https:\/\/patagoniabooking.com\/product\/puerto-blest-cascada-los-cantaros-lago-frias\/#primaryimage\"},\"image\":{\"@id\":\"https:\/\/patagoniabooking.com\/product\/puerto-blest-cascada-los-cantaros-lago-frias\/#primaryimage\"},\"thumbnailUrl\":\"https:\/\/patagoniabooking.com\/wp-content\/uploads\/sites\/2\/2025\/06\/4-D-20211209_125300-copia.jpg\",\"datePublished\":\"2025-06-12T13:38:04+00:00\",\"dateModified\":\"2026-04-08T19:34:19+00:00\",\"description\":\"Naveg\u00e1 el Nahuel Huapi y descubr\u00ed Puerto Blest, la Cascada Los C\u00e1ntaros y el Lago Fr\u00edas. Excursi\u00f3n con traslado, gu\u00eda y paisajes \u00fanicos de la Patagonia.\",\"breadcrumb\":{\"@id\":\"https:\/\/patagoniabooking.com\/product\/puerto-blest-cascada-los-cantaros-lago-frias\/#breadcrumb\"},\"inLanguage\":\"en-US\",\"potentialAction\":[{\"@type\":\"ReadAction\",\"target\":[\"https:\/\/patagoniabooking.com\/product\/puerto-blest-cascada-los-cantaros-lago-frias\/\"]}]},{\"@type\":\"ImageObject\",\"inLanguage\":\"en-US\",\"@id\":\"https:\/\/patagoniabooking.com\/product\/puerto-blest-cascada-los-cantaros-lago-frias\/#primaryimage\",\"url\":\"https:\/\/patagoniabooking.com\/wp-content\/uploads\/sites\/2\/2025\/06\/4-D-20211209_125300-copia.jpg\",\"contentUrl\":\"https:\/\/patagoniabooking.com\/wp-content\/uploads\/sites\/2\/2025\/06\/4-D-20211209_125300-copia.jpg\",\"width\":992,\"height\":1323},{\"@type\":\"BreadcrumbList\",\"@id\":\"https:\/\/patagoniabooking.com\/product\/puerto-blest-cascada-los-cantaros-lago-frias\/#breadcrumb\",\"itemListElement\":[{\"@type\":\"ListItem\",\"position\":1,\"name\":\"Inicio\",\"item\":\"https:\/\/patagoniabooking.com\/\"},{\"@type\":\"ListItem\",\"position\":2,\"name\":\"Lista de excursiones\",\"item\":\"https:\/\/patagoniabooking.com\/shop\/\"},{\"@type\":\"ListItem\",\"position\":3,\"name\":\"Excursi\u00f3n a Puerto Blest y Lago Fr\u00edas con traslado\"}]},{\"@type\":\"WebSite\",\"@id\":\"https:\/\/patagoniabooking.com\/#website\",\"url\":\"https:\/\/patagoniabooking.com\/\",\"name\":\"Patagonia Booking\",\"description\":\"\",\"publisher\":{\"@id\":\"https:\/\/patagoniabooking.com\/#organization\"},\"potentialAction\":[{\"@type\":\"SearchAction\",\"target\":{\"@type\":\"EntryPoint\",\"urlTemplate\":\"https:\/\/patagoniabooking.com\/?s={search_term_string}\"},\"query-input\":{\"@type\":\"PropertyValueSpecification\",\"valueRequired\":true,\"valueName\":\"search_term_string\"}}],\"inLanguage\":\"en-US\"},{\"@type\":\"Organization\",\"@id\":\"https:\/\/patagoniabooking.com\/#organization\",\"name\":\"Patagonia Booking\",\"url\":\"https:\/\/patagoniabooking.com\/\",\"logo\":{\"@type\":\"ImageObject\",\"inLanguage\":\"en-US\",\"@id\":\"https:\/\/patagoniabooking.com\/#\/schema\/logo\/image\/\",\"url\":\"https:\/\/patagoniabooking.com\/wp-content\/uploads\/sites\/2\/2025\/06\/logo-patagonia-booking.png\",\"contentUrl\":\"https:\/\/patagoniabooking.com\/wp-content\/uploads\/sites\/2\/2025\/06\/logo-patagonia-booking.png\",\"width\":80,\"height\":80,\"caption\":\"Patagonia Booking\"},\"image\":{\"@id\":\"https:\/\/patagoniabooking.com\/#\/schema\/logo\/image\/\"}}]}<\/script>\n<meta property=\"product:price:amount\" content=\"212000.00\" \/>\n<meta property=\"product:price:currency\" content=\"ARS\" \/>\n<meta property=\"og:availability\" content=\"instock\" \/>\n<meta property=\"product:availability\" content=\"instock\" \/>\n<meta property=\"product:retailer_item_id\" content=\"ADV2025PUBLYC9CR1\" \/>\n<meta property=\"product:condition\" content=\"new\" \/>\n<!-- \/ Yoast SEO Premium plugin. -->","yoast_head_json":{"title":"Excursion to Puerto Blest and Frias Lake with transfer - Patagonia Booking","description":"Navigate the Nahuel Huapi and discover Puerto Blest, Los C\u00e1ntaros Waterfall and Lake Fr\u00edas. Excursion with transfer, guide and unique landscapes of Patagonia.","robots":{"index":"index","follow":"follow","max-snippet":"max-snippet:-1","max-image-preview":"max-image-preview:large","max-video-preview":"max-video-preview:-1"},"canonical":"https:\/\/patagoniabooking.com\/en\/product\/puerto-blest-los-cantaros-waterfall-frias-lake\/","og_locale":"en_US","og_type":"article","og_title":"Excursi\u00f3n a Puerto Blest y Lago Fr\u00edas con traslado","og_description":"Naveg\u00e1 el Nahuel Huapi y descubr\u00ed Puerto Blest, la Cascada Los C\u00e1ntaros y el Lago Fr\u00edas. Excursi\u00f3n con traslado, gu\u00eda y paisajes \u00fanicos de la Patagonia.","og_url":"https:\/\/patagoniabooking.com\/en\/product\/puerto-blest-los-cantaros-waterfall-frias-lake\/","og_site_name":"Patagonia Booking","article_modified_time":"2026-04-08T19:34:19+00:00","og_image":[{"width":992,"height":1323,"url":"https:\/\/patagoniabooking.com\/wp-content\/uploads\/sites\/2\/2025\/06\/4-D-20211209_125300-copia.jpg","type":"image\/jpeg"}],"twitter_card":"summary_large_image","twitter_misc":{"Price":"&#36;212,000.00","Availability":"In stock"},"schema":{"@context":"https:\/\/schema.org","@graph":[{"@type":"WebPage","@id":"https:\/\/patagoniabooking.com\/product\/puerto-blest-cascada-los-cantaros-lago-frias\/","url":"https:\/\/patagoniabooking.com\/product\/puerto-blest-cascada-los-cantaros-lago-frias\/","name":"Excursion to Puerto Blest and Frias Lake with transfer - Patagonia Booking","isPartOf":{"@id":"https:\/\/patagoniabooking.com\/#website"},"primaryImageOfPage":{"@id":"https:\/\/patagoniabooking.com\/product\/puerto-blest-cascada-los-cantaros-lago-frias\/#primaryimage"},"image":{"@id":"https:\/\/patagoniabooking.com\/product\/puerto-blest-cascada-los-cantaros-lago-frias\/#primaryimage"},"thumbnailUrl":"https:\/\/patagoniabooking.com\/wp-content\/uploads\/sites\/2\/2025\/06\/4-D-20211209_125300-copia.jpg","datePublished":"2025-06-12T13:38:04+00:00","dateModified":"2026-04-08T19:34:19+00:00","description":"Navigate the Nahuel Huapi and discover Puerto Blest, Los C\u00e1ntaros Waterfall and Lake Fr\u00edas. Excursion with transfer, guide and unique landscapes of Patagonia.","breadcrumb":{"@id":"https:\/\/patagoniabooking.com\/product\/puerto-blest-cascada-los-cantaros-lago-frias\/#breadcrumb"},"inLanguage":"en-US","potentialAction":[{"@type":"ReadAction","target":["https:\/\/patagoniabooking.com\/product\/puerto-blest-cascada-los-cantaros-lago-frias\/"]}]},{"@type":"ImageObject","inLanguage":"en-US","@id":"https:\/\/patagoniabooking.com\/product\/puerto-blest-cascada-los-cantaros-lago-frias\/#primaryimage","url":"https:\/\/patagoniabooking.com\/wp-content\/uploads\/sites\/2\/2025\/06\/4-D-20211209_125300-copia.jpg","contentUrl":"https:\/\/patagoniabooking.com\/wp-content\/uploads\/sites\/2\/2025\/06\/4-D-20211209_125300-copia.jpg","width":992,"height":1323},{"@type":"BreadcrumbList","@id":"https:\/\/patagoniabooking.com\/product\/puerto-blest-cascada-los-cantaros-lago-frias\/#breadcrumb","itemListElement":[{"@type":"ListItem","position":1,"name":"Inicio","item":"https:\/\/patagoniabooking.com\/"},{"@type":"ListItem","position":2,"name":"Lista de excursiones","item":"https:\/\/patagoniabooking.com\/shop\/"},{"@type":"ListItem","position":3,"name":"Excursi\u00f3n a Puerto Blest y Lago Fr\u00edas con traslado"}]},{"@type":"WebSite","@id":"https:\/\/patagoniabooking.com\/#website","url":"https:\/\/patagoniabooking.com\/","name":"Patagonia Booking","description":"","publisher":{"@id":"https:\/\/patagoniabooking.com\/#organization"},"potentialAction":[{"@type":"SearchAction","target":{"@type":"EntryPoint","urlTemplate":"https:\/\/patagoniabooking.com\/?s={search_term_string}"},"query-input":{"@type":"PropertyValueSpecification","valueRequired":true,"valueName":"search_term_string"}}],"inLanguage":"en-US"},{"@type":"Organization","@id":"https:\/\/patagoniabooking.com\/#organization","name":"Patagonia Booking","url":"https:\/\/patagoniabooking.com\/","logo":{"@type":"ImageObject","inLanguage":"en-US","@id":"https:\/\/patagoniabooking.com\/#\/schema\/logo\/image\/","url":"https:\/\/patagoniabooking.com\/wp-content\/uploads\/sites\/2\/2025\/06\/logo-patagonia-booking.png","contentUrl":"https:\/\/patagoniabooking.com\/wp-content\/uploads\/sites\/2\/2025\/06\/logo-patagonia-booking.png","width":80,"height":80,"caption":"Patagonia Booking"},"image":{"@id":"https:\/\/patagoniabooking.com\/#\/schema\/logo\/image\/"}}]},"product_price_amount":"212000.00","product_price_currency":"ARS","og_availability":"instock","product_availability":"instock","product_retailer_item_id":"ADV2025PUBLYC9CR1","product_condition":"new"},"_links":{"self":[{"href":"https:\/\/patagoniabooking.com\/en\/wp-json\/wp\/v2\/product\/41","targetHints":{"allow":["GET"]}}],"collection":[{"href":"https:\/\/patagoniabooking.com\/en\/wp-json\/wp\/v2\/product"}],"about":[{"href":"https:\/\/patagoniabooking.com\/en\/wp-json\/wp\/v2\/types\/product"}],"replies":[{"embeddable":true,"href":"https:\/\/patagoniabooking.com\/en\/wp-json\/wp\/v2\/comments?post=41"}],"wp:featuredmedia":[{"embeddable":true,"href":"https:\/\/patagoniabooking.com\/en\/wp-json\/wp\/v2\/media\/377809"}],"wp:attachment":[{"href":"https:\/\/patagoniabooking.com\/en\/wp-json\/wp\/v2\/media?parent=41"}],"wp:term":[{"taxonomy":"product_brand","embeddable":true,"href":"https:\/\/patagoniabooking.com\/en\/wp-json\/wp\/v2\/product_brand?post=41"},{"taxonomy":"product_cat","embeddable":true,"href":"https:\/\/patagoniabooking.com\/en\/wp-json\/wp\/v2\/product_cat?post=41"},{"taxonomy":"product_tag","embeddable":true,"href":"https:\/\/patagoniabooking.com\/en\/wp-json\/wp\/v2\/product_tag?post=41"}],"curies":[{"name":"wp","href":"https:\/\/api.w.org\/{rel}","templated":true}]}}