{"id":40,"date":"2025-06-12T10:37:45","date_gmt":"2025-06-12T13:37:45","guid":{"rendered":"https:\/\/patagoniabooking.shop\/product\/puerto-blest-y-cascada-los-cantaros-con-traslado\/"},"modified":"2026-03-31T12:13:19","modified_gmt":"2026-03-31T15:13:19","slug":"puerto-blest-cascada-los-cantaros-con-traslado-bariloche","status":"publish","type":"product","link":"https:\/\/patagoniabooking.com\/en\/product\/puerto-blest-los-cantaros-waterfall-with-transfer-to-bariloche\/","title":{"rendered":"Puerto Blest and \u201cLos Cantaros\u201d Waterfall with transfer"},"content":{"rendered":"<h2 class=\"ai-optimize-21\">Experience the Greatness of Puerto Blest and the \u201cLos C\u00e1ntaros\u201d waterfall.\u201d<\/h2>\n<p class=\"ai-optimize-22 ai-optimize-introduction\">Dare to live a different adventure in the heart of the Argentine Patagonia. When you choose your transfer, you will leave from the center of Bariloche towards the emblematic Puerto Pa\u00f1uelo, located just 25 km away. On the way, you will be surprised by the splendor of the mountain range and the crystalline calm of the Patagonian lakes.<\/p>\n<h3 class=\"ai-optimize-23\">An Experience that Makes a Difference<\/h3>\n<p class=\"ai-optimize-24\">Embark on a comfortable catamaran and sail for an unforgettable hour. During this trip, you will find the Centinela islet, the historical site where the remains of the famous Perito Moreno rest. The crossing will take you directly to the walkways that lead to the majestic <strong>Los C\u00e1ntaros Waterfall<\/strong>, A spectacle of granite and water carved by millennia, a living testimony of the natural force.<\/p>\n<h3 class=\"ai-optimize-25\">Wonders of Puerto Blest<\/h3>\n<ul>\n<li class=\"ai-optimize-26\"><strong>Bah\u00eda So\u00f1ada:<\/strong> Enjoy the exceptional panoramic views of the bay and the intense green of Lake Frias, fed by the glaciers of the imposing Cerro Tronador.<\/li>\n<li class=\"ai-optimize-27\"><strong>Trails in the Valdivian Rainforest:<\/strong> Walking through its trails you will connect with the extraordinary fauna and flora of an environment that does not exist anywhere else.<\/li>\n<\/ul>\n<h3 class=\"ai-optimize-28\">A Memento Forever<\/h3>\n<p class=\"ai-optimize-29\">The experience concludes with the return over the Blest Arm, and Cerro Tronador says goodbye bathed in light at sunset, generating the indelible image that you will want to tell again and again.<\/p>\n<h3 class=\"ai-optimize-30\">Key Information<\/h3>\n<ul>\n<li class=\"ai-optimize-31\"><strong>Schedule:<\/strong> From 8:30 am to 6:00 pm.<\/li>\n<li class=\"ai-optimize-32\"><strong>Includes:<\/strong> Roundtrip transfers, guided catamaran trips and interpretative walks in the jungle.<\/li>\n<li class=\"ai-optimize-33\"><strong>Does not include:<\/strong> Meals (there are gastronomic proposals in the circuit), National Park access fees and boarding fees.<\/li>\n<\/ul>\n<h3 class=\"ai-optimize-34\">Frequently Asked Questions<\/h3>\n<h4 class=\"ai-optimize-35\">Is this tour designed for everyone?<\/h4>\n<p class=\"ai-optimize-36\">Of course, it can be enjoyed by people of any age, without limitations.<\/p>\n<h4 class=\"ai-optimize-37\">What clothing is recommended?<\/h4>\n<p class=\"ai-optimize-38\">Bring comfortable clothes and hiking shoes; add a jacket in case the weather surprises you.<\/p>\n<h4 class=\"ai-optimize-39\">Is the \u201cLos C\u00e1ntaros\u201d waterfall open all year round?<\/h4>\n<p class=\"ai-optimize-40\">In most cases yes, although it is always best to check availability during the winter.<\/p>","protected":false},"excerpt":{"rendered":"<p class=\"ai-optimize-6\">Discover Puerto Blest and the impressive \u00abLos C\u00e1ntaros\u00bb waterfall in an unforgettable journey. Enjoy a catamaran ride across the Nahuel Huapi Lake and into the imposing Valdivian rainforest. This experience gives you unique panoramic views and moments of deep bonding with the natural environment. Secure your place and experience Patagonia like never before.<\/p>","protected":false},"featured_media":377806,"comment_status":"open","ping_status":"closed","template":"","meta":[],"product_brand":[],"product_cat":[26,30,31,34,35,37,42,47],"product_tag":[],"class_list":{"0":"post-40","1":"product","2":"type-product","3":"status-publish","4":"has-post-thumbnail","6":"product_cat-adultos","7":"product_cat-con-traslado","8":"product_cat-familia","9":"product_cat-jubilados","10":"product_cat-lacustre","11":"product_cat-ninos","12":"product_cat-sin-comida","13":"product_cat-todo-el-ano","15":"first","16":"instock","17":"virtual","18":"sold-individually","19":"purchasable","20":"product-type-booking"},"booking_location":"","booking_location_type":"","booking_duration":60,"booking_duration_unit":"minute","booking_buffer":0,"booking_cost":0,"booking_resources":[],"exclude_global_add_ons":false,"addons":[{"name":"ADU | Adult","type":"input_multiplier","position":0,"required":false,"title_format":"label","default":"","description_enable":false,"description":"","placeholder_enable":false,"placeholder":"","display":"select","restrictions_type":"any_text","adjust_price":true,"price":"158000","price_type":"quantity_based","restrictions":false,"min":"0","max":"0","options":[],"id":1773234438},{"name":"MEN518 | from 5 to 18","type":"input_multiplier","position":1,"required":false,"title_format":"label","default":"","description_enable":false,"description":"","placeholder_enable":false,"placeholder":"","display":"select","restrictions_type":"any_text","adjust_price":true,"price":"92000","price_type":"quantity_based","restrictions":false,"min":"0","max":"0","options":[],"id":1773234439},{"name":"ADUJ : Retired","type":"input_multiplier","position":2,"required":false,"title_format":"label","default":"","description_enable":false,"description":"","placeholder_enable":false,"placeholder":"","display":"select","restrictions_type":"any_text","adjust_price":true,"price":"92000","price_type":"quantity_based","restrictions":false,"min":"0","max":"0","options":[],"id":1773234440}],"yoast_head":"<!-- This site is optimized with the Yoast SEO Premium plugin v25.2 (Yoast SEO v25.2) - https:\/\/yoast.com\/wordpress\/plugins\/seo\/ -->\n<title>Puerto Blest y Cascada &quot;Los Cantaros&quot; con traslado - Patagonia Booking<\/title>\n<meta name=\"description\" content=\"Excursi\u00f3n con traslado a Puerto Blest y Cascada Los C\u00e1ntaros. Naveg\u00e1 el Nahuel Huapi, camin\u00e1 la selva valdiviana y descubr\u00ed el Lago Fr\u00edas en Bariloche.\" \/>\n<meta name=\"robots\" content=\"index, follow, max-snippet:-1, max-image-preview:large, max-video-preview:-1\" \/>\n<link rel=\"canonical\" href=\"https:\/\/patagoniabooking.com\/en\/product\/puerto-blest-los-cantaros-waterfall-with-transfer-to-bariloche\/\" \/>\n<meta property=\"og:locale\" content=\"en_US\" \/>\n<meta property=\"og:type\" content=\"article\" \/>\n<meta property=\"og:title\" content=\"Puerto Blest y Cascada &quot;Los Cantaros&quot; con traslado\" \/>\n<meta property=\"og:description\" content=\"Excursi\u00f3n con traslado a Puerto Blest y Cascada Los C\u00e1ntaros. Naveg\u00e1 el Nahuel Huapi, camin\u00e1 la selva valdiviana y descubr\u00ed el Lago Fr\u00edas en Bariloche.\" \/>\n<meta property=\"og:url\" content=\"https:\/\/patagoniabooking.com\/en\/product\/puerto-blest-los-cantaros-waterfall-with-transfer-to-bariloche\/\" \/>\n<meta property=\"og:site_name\" content=\"Patagonia Booking\" \/>\n<meta property=\"article:modified_time\" content=\"2026-03-31T15:13:19+00:00\" \/>\n<meta property=\"og:image\" content=\"https:\/\/patagoniabooking.com\/wp-content\/uploads\/sites\/2\/2025\/06\/4-A-WhatsApp-Image-2023-02-21-at-10.55-copia.jpg\" \/>\n\t<meta property=\"og:image:width\" content=\"992\" \/>\n\t<meta property=\"og:image:height\" content=\"1323\" \/>\n\t<meta property=\"og:image:type\" content=\"image\/jpeg\" \/>\n<meta name=\"twitter:card\" content=\"summary_large_image\" \/>\n<meta name=\"twitter:label1\" content=\"Price\" \/>\n\t<meta name=\"twitter:data1\" content=\"&#036;158,000.00\" \/>\n\t<meta name=\"twitter:label2\" content=\"Availability\" \/>\n\t<meta name=\"twitter:data2\" content=\"In stock\" \/>\n<script type=\"application\/ld+json\" class=\"yoast-schema-graph\">{\"@context\":\"https:\/\/schema.org\",\"@graph\":[{\"@type\":\"WebPage\",\"@id\":\"https:\/\/patagoniabooking.com\/product\/puerto-blest-cascada-los-cantaros-con-traslado-bariloche\/\",\"url\":\"https:\/\/patagoniabooking.com\/product\/puerto-blest-cascada-los-cantaros-con-traslado-bariloche\/\",\"name\":\"Puerto Blest y Cascada \\\"Los Cantaros\\\" con traslado - Patagonia Booking\",\"isPartOf\":{\"@id\":\"https:\/\/patagoniabooking.com\/#website\"},\"primaryImageOfPage\":{\"@id\":\"https:\/\/patagoniabooking.com\/product\/puerto-blest-cascada-los-cantaros-con-traslado-bariloche\/#primaryimage\"},\"image\":{\"@id\":\"https:\/\/patagoniabooking.com\/product\/puerto-blest-cascada-los-cantaros-con-traslado-bariloche\/#primaryimage\"},\"thumbnailUrl\":\"https:\/\/patagoniabooking.com\/wp-content\/uploads\/sites\/2\/2025\/06\/4-A-WhatsApp-Image-2023-02-21-at-10.55-copia.jpg\",\"datePublished\":\"2025-06-12T13:37:45+00:00\",\"dateModified\":\"2026-03-31T15:13:19+00:00\",\"description\":\"Excursi\u00f3n con traslado a Puerto Blest y Cascada Los C\u00e1ntaros. Naveg\u00e1 el Nahuel Huapi, camin\u00e1 la selva valdiviana y descubr\u00ed el Lago Fr\u00edas en Bariloche.\",\"breadcrumb\":{\"@id\":\"https:\/\/patagoniabooking.com\/product\/puerto-blest-cascada-los-cantaros-con-traslado-bariloche\/#breadcrumb\"},\"inLanguage\":\"en-US\",\"potentialAction\":[{\"@type\":\"ReadAction\",\"target\":[\"https:\/\/patagoniabooking.com\/product\/puerto-blest-cascada-los-cantaros-con-traslado-bariloche\/\"]}]},{\"@type\":\"ImageObject\",\"inLanguage\":\"en-US\",\"@id\":\"https:\/\/patagoniabooking.com\/product\/puerto-blest-cascada-los-cantaros-con-traslado-bariloche\/#primaryimage\",\"url\":\"https:\/\/patagoniabooking.com\/wp-content\/uploads\/sites\/2\/2025\/06\/4-A-WhatsApp-Image-2023-02-21-at-10.55-copia.jpg\",\"contentUrl\":\"https:\/\/patagoniabooking.com\/wp-content\/uploads\/sites\/2\/2025\/06\/4-A-WhatsApp-Image-2023-02-21-at-10.55-copia.jpg\",\"width\":992,\"height\":1323},{\"@type\":\"BreadcrumbList\",\"@id\":\"https:\/\/patagoniabooking.com\/product\/puerto-blest-cascada-los-cantaros-con-traslado-bariloche\/#breadcrumb\",\"itemListElement\":[{\"@type\":\"ListItem\",\"position\":1,\"name\":\"Inicio\",\"item\":\"https:\/\/patagoniabooking.com\/\"},{\"@type\":\"ListItem\",\"position\":2,\"name\":\"Lista de excursiones\",\"item\":\"https:\/\/patagoniabooking.com\/shop\/\"},{\"@type\":\"ListItem\",\"position\":3,\"name\":\"Puerto Blest y Cascada \u00abLos Cantaros\u00bb con traslado\"}]},{\"@type\":\"WebSite\",\"@id\":\"https:\/\/patagoniabooking.com\/#website\",\"url\":\"https:\/\/patagoniabooking.com\/\",\"name\":\"Patagonia Booking\",\"description\":\"\",\"publisher\":{\"@id\":\"https:\/\/patagoniabooking.com\/#organization\"},\"potentialAction\":[{\"@type\":\"SearchAction\",\"target\":{\"@type\":\"EntryPoint\",\"urlTemplate\":\"https:\/\/patagoniabooking.com\/?s={search_term_string}\"},\"query-input\":{\"@type\":\"PropertyValueSpecification\",\"valueRequired\":true,\"valueName\":\"search_term_string\"}}],\"inLanguage\":\"en-US\"},{\"@type\":\"Organization\",\"@id\":\"https:\/\/patagoniabooking.com\/#organization\",\"name\":\"Patagonia Booking\",\"url\":\"https:\/\/patagoniabooking.com\/\",\"logo\":{\"@type\":\"ImageObject\",\"inLanguage\":\"en-US\",\"@id\":\"https:\/\/patagoniabooking.com\/#\/schema\/logo\/image\/\",\"url\":\"https:\/\/patagoniabooking.com\/wp-content\/uploads\/sites\/2\/2025\/06\/logo-patagonia-booking.png\",\"contentUrl\":\"https:\/\/patagoniabooking.com\/wp-content\/uploads\/sites\/2\/2025\/06\/logo-patagonia-booking.png\",\"width\":80,\"height\":80,\"caption\":\"Patagonia Booking\"},\"image\":{\"@id\":\"https:\/\/patagoniabooking.com\/#\/schema\/logo\/image\/\"}}]}<\/script>\n<meta property=\"product:price:amount\" content=\"158000.00\" \/>\n<meta property=\"product:price:currency\" content=\"ARS\" \/>\n<meta property=\"og:availability\" content=\"instock\" \/>\n<meta property=\"product:availability\" content=\"instock\" \/>\n<meta property=\"product:retailer_item_id\" content=\"ADV2025PUBLYCO2Q8\" \/>\n<meta property=\"product:condition\" content=\"new\" \/>\n<!-- \/ Yoast SEO Premium plugin. -->","yoast_head_json":{"title":"Puerto Blest and \"Los Cantaros\" waterfall with transfer - Patagonia Booking","description":"Excursion with transfer to Puerto Blest and Los C\u00e1ntaros waterfall. Sail the Nahuel Huapi, hike the Valdivian rainforest and discover Lake Frias in Bariloche.","robots":{"index":"index","follow":"follow","max-snippet":"max-snippet:-1","max-image-preview":"max-image-preview:large","max-video-preview":"max-video-preview:-1"},"canonical":"https:\/\/patagoniabooking.com\/en\/product\/puerto-blest-los-cantaros-waterfall-with-transfer-to-bariloche\/","og_locale":"en_US","og_type":"article","og_title":"Puerto Blest y Cascada \"Los Cantaros\" con traslado","og_description":"Excursi\u00f3n con traslado a Puerto Blest y Cascada Los C\u00e1ntaros. Naveg\u00e1 el Nahuel Huapi, camin\u00e1 la selva valdiviana y descubr\u00ed el Lago Fr\u00edas en Bariloche.","og_url":"https:\/\/patagoniabooking.com\/en\/product\/puerto-blest-los-cantaros-waterfall-with-transfer-to-bariloche\/","og_site_name":"Patagonia Booking","article_modified_time":"2026-03-31T15:13:19+00:00","og_image":[{"width":992,"height":1323,"url":"https:\/\/patagoniabooking.com\/wp-content\/uploads\/sites\/2\/2025\/06\/4-A-WhatsApp-Image-2023-02-21-at-10.55-copia.jpg","type":"image\/jpeg"}],"twitter_card":"summary_large_image","twitter_misc":{"Price":"&#36;158,000.00","Availability":"In stock"},"schema":{"@context":"https:\/\/schema.org","@graph":[{"@type":"WebPage","@id":"https:\/\/patagoniabooking.com\/product\/puerto-blest-cascada-los-cantaros-con-traslado-bariloche\/","url":"https:\/\/patagoniabooking.com\/product\/puerto-blest-cascada-los-cantaros-con-traslado-bariloche\/","name":"Puerto Blest and \"Los Cantaros\" waterfall with transfer - Patagonia Booking","isPartOf":{"@id":"https:\/\/patagoniabooking.com\/#website"},"primaryImageOfPage":{"@id":"https:\/\/patagoniabooking.com\/product\/puerto-blest-cascada-los-cantaros-con-traslado-bariloche\/#primaryimage"},"image":{"@id":"https:\/\/patagoniabooking.com\/product\/puerto-blest-cascada-los-cantaros-con-traslado-bariloche\/#primaryimage"},"thumbnailUrl":"https:\/\/patagoniabooking.com\/wp-content\/uploads\/sites\/2\/2025\/06\/4-A-WhatsApp-Image-2023-02-21-at-10.55-copia.jpg","datePublished":"2025-06-12T13:37:45+00:00","dateModified":"2026-03-31T15:13:19+00:00","description":"Excursion with transfer to Puerto Blest and Los C\u00e1ntaros waterfall. Sail the Nahuel Huapi, hike the Valdivian rainforest and discover Lake Frias in Bariloche.","breadcrumb":{"@id":"https:\/\/patagoniabooking.com\/product\/puerto-blest-cascada-los-cantaros-con-traslado-bariloche\/#breadcrumb"},"inLanguage":"en-US","potentialAction":[{"@type":"ReadAction","target":["https:\/\/patagoniabooking.com\/product\/puerto-blest-cascada-los-cantaros-con-traslado-bariloche\/"]}]},{"@type":"ImageObject","inLanguage":"en-US","@id":"https:\/\/patagoniabooking.com\/product\/puerto-blest-cascada-los-cantaros-con-traslado-bariloche\/#primaryimage","url":"https:\/\/patagoniabooking.com\/wp-content\/uploads\/sites\/2\/2025\/06\/4-A-WhatsApp-Image-2023-02-21-at-10.55-copia.jpg","contentUrl":"https:\/\/patagoniabooking.com\/wp-content\/uploads\/sites\/2\/2025\/06\/4-A-WhatsApp-Image-2023-02-21-at-10.55-copia.jpg","width":992,"height":1323},{"@type":"BreadcrumbList","@id":"https:\/\/patagoniabooking.com\/product\/puerto-blest-cascada-los-cantaros-con-traslado-bariloche\/#breadcrumb","itemListElement":[{"@type":"ListItem","position":1,"name":"Inicio","item":"https:\/\/patagoniabooking.com\/"},{"@type":"ListItem","position":2,"name":"Lista de excursiones","item":"https:\/\/patagoniabooking.com\/shop\/"},{"@type":"ListItem","position":3,"name":"Puerto Blest y Cascada \u00abLos Cantaros\u00bb con traslado"}]},{"@type":"WebSite","@id":"https:\/\/patagoniabooking.com\/#website","url":"https:\/\/patagoniabooking.com\/","name":"Patagonia Booking","description":"","publisher":{"@id":"https:\/\/patagoniabooking.com\/#organization"},"potentialAction":[{"@type":"SearchAction","target":{"@type":"EntryPoint","urlTemplate":"https:\/\/patagoniabooking.com\/?s={search_term_string}"},"query-input":{"@type":"PropertyValueSpecification","valueRequired":true,"valueName":"search_term_string"}}],"inLanguage":"en-US"},{"@type":"Organization","@id":"https:\/\/patagoniabooking.com\/#organization","name":"Patagonia Booking","url":"https:\/\/patagoniabooking.com\/","logo":{"@type":"ImageObject","inLanguage":"en-US","@id":"https:\/\/patagoniabooking.com\/#\/schema\/logo\/image\/","url":"https:\/\/patagoniabooking.com\/wp-content\/uploads\/sites\/2\/2025\/06\/logo-patagonia-booking.png","contentUrl":"https:\/\/patagoniabooking.com\/wp-content\/uploads\/sites\/2\/2025\/06\/logo-patagonia-booking.png","width":80,"height":80,"caption":"Patagonia Booking"},"image":{"@id":"https:\/\/patagoniabooking.com\/#\/schema\/logo\/image\/"}}]},"product_price_amount":"158000.00","product_price_currency":"ARS","og_availability":"instock","product_availability":"instock","product_retailer_item_id":"ADV2025PUBLYCO2Q8","product_condition":"new"},"_links":{"self":[{"href":"https:\/\/patagoniabooking.com\/en\/wp-json\/wp\/v2\/product\/40","targetHints":{"allow":["GET"]}}],"collection":[{"href":"https:\/\/patagoniabooking.com\/en\/wp-json\/wp\/v2\/product"}],"about":[{"href":"https:\/\/patagoniabooking.com\/en\/wp-json\/wp\/v2\/types\/product"}],"replies":[{"embeddable":true,"href":"https:\/\/patagoniabooking.com\/en\/wp-json\/wp\/v2\/comments?post=40"}],"wp:featuredmedia":[{"embeddable":true,"href":"https:\/\/patagoniabooking.com\/en\/wp-json\/wp\/v2\/media\/377806"}],"wp:attachment":[{"href":"https:\/\/patagoniabooking.com\/en\/wp-json\/wp\/v2\/media?parent=40"}],"wp:term":[{"taxonomy":"product_brand","embeddable":true,"href":"https:\/\/patagoniabooking.com\/en\/wp-json\/wp\/v2\/product_brand?post=40"},{"taxonomy":"product_cat","embeddable":true,"href":"https:\/\/patagoniabooking.com\/en\/wp-json\/wp\/v2\/product_cat?post=40"},{"taxonomy":"product_tag","embeddable":true,"href":"https:\/\/patagoniabooking.com\/en\/wp-json\/wp\/v2\/product_tag?post=40"}],"curies":[{"name":"wp","href":"https:\/\/api.w.org\/{rel}","templated":true}]}}