{"id":378418,"date":"2026-04-14T10:49:08","date_gmt":"2026-04-14T13:49:08","guid":{"rendered":"https:\/\/patagoniabooking.com\/?post_type=product&#038;p=378418"},"modified":"2026-04-14T16:07:57","modified_gmt":"2026-04-14T19:07:57","slug":"culipatin-y-trineos-en-cerro-lopez","status":"publish","type":"product","link":"https:\/\/patagoniabooking.com\/en\/product\/culipatin-y-trineos-en-cerro-lopez\/","title":{"rendered":"Culipat\u00edn and Sledding in Cerro Lopez"},"content":{"rendered":"<h3 class=\"ai-optimize-26\"><b>Snow fun for the whole family<\/b><\/h3>\n<p class=\"ai-optimize-29 ai-optimize-introduction\"><span style=\"font-weight: 400;\">The experience begins with the transfer from Bariloche to the base of Cerro Lopez, where the ascent begins in 4\u00d74 vehicles to the activity sector. <\/span><span style=\"font-weight: 400;\">Once on the mountain, the protagonist is the game: free time to slide on a sled (culipat\u00edn) on prepared slopes, in a natural environment surrounded by snowy forests. <\/span><span style=\"font-weight: 400;\">It is an ideal proposal to enjoy without previous experience, combining mild adrenaline, contact with the snow and fun moments for all ages. <\/span><span style=\"font-weight: 400;\">The day is completed with a moment of rest in the refuge, where hot chocolate and fried cakes are offered, adding warmth to the experience.<\/span><\/p>\n<p class=\"ai-optimize-33\"><b>Practical information<\/b><\/p>\n<p class=\"ai-optimize-34\"><b>Horarios:<\/b><b><br \/>\n<\/b><span style=\"font-weight: 400;\"> 11:00 a.m. to 3:00 p.m.<\/span><span style=\"font-weight: 400;\"><br \/>\n<\/span><span style=\"font-weight: 400;\"> 13:00 to 17:00 hs.<\/span><\/p>\n<p class=\"ai-optimize-35\"><b>Duration:<\/b><b><br \/>\n<\/b><span style=\"font-weight: 400;\"> Part-time.<\/span><\/p>\n<p class=\"ai-optimize-36\"><b>Meeting point:<\/b><b><br \/>\n<\/b><span style=\"font-weight: 400;\"> From downtown Bariloche to km 8 of Bustillo \/ Pioneros Av.<\/span><span style=\"font-weight: 400;\"><br \/>\n<\/span><span style=\"font-weight: 400;\"> Lodging in the direction of Colonia Suiza.<\/span><span style=\"font-weight: 400;\"><br \/>\n<\/span><span style=\"font-weight: 400;\"> (Other points to consult).<\/span><\/p>\n<p class=\"ai-optimize-37\"><b>Season:<\/b><b><br \/>\n<\/b><span style=\"font-weight: 400;\"> Winter (May to October).<\/span><\/p>\n<p class=\"ai-optimize-38\"><b>Includes:<\/b><\/p>\n<ul>\n<li class=\"ai-optimize-39\" style=\"font-weight: 400;\" aria-level=\"1\"><span style=\"font-weight: 400;\">Round trip transfer.<\/span><\/li>\n<li class=\"ai-optimize-40\" style=\"font-weight: 400;\" aria-level=\"1\"><span style=\"font-weight: 400;\">Ascent in 4\u00d74 vehicles.<\/span><\/li>\n<li class=\"ai-optimize-41\" style=\"font-weight: 400;\" aria-level=\"1\"><span style=\"font-weight: 400;\">Free use of sleds (culipat\u00edn).<\/span><\/li>\n<li class=\"ai-optimize-42\" style=\"font-weight: 400;\" aria-level=\"1\"><span style=\"font-weight: 400;\">Hot chocolate.<\/span><\/li>\n<li class=\"ai-optimize-43\" style=\"font-weight: 400;\" aria-level=\"1\"><span style=\"font-weight: 400;\">Fried cakes.<\/span><\/li>\n<\/ul>\n<p class=\"ai-optimize-44\"><b>Does not include:<\/b><\/p>\n<ul>\n<li class=\"ai-optimize-45\" style=\"font-weight: 400;\" aria-level=\"1\"><span style=\"font-weight: 400;\">Lunch.<\/span><\/li>\n<\/ul>\n<p class=\"ai-optimize-25\"><b>\u00a0Want to know more?<\/b><\/p>\n<p class=\"ai-optimize-26\"><b>Is experience required?<\/b><b><br \/>\n<\/b><span style=\"font-weight: 400;\"> No, it is a simple activity suitable for beginners.<\/span><\/p>\n<p class=\"ai-optimize-27\"><b>Is it suitable for children?<\/b><b><br \/>\n<\/b><span style=\"font-weight: 400;\"> Yes, it is ideal for families with children.<\/span><\/p>\n<p class=\"ai-optimize-28\"><b>What clothing is recommended?<\/b><b><br \/>\n<\/b><span style=\"font-weight: 400;\"> Snow clothing or waterproof coat, gloves and appropriate footwear.<\/span><\/p>\n<p class=\"ai-optimize-29\"><b>How long does the activity last?<\/b><b><br \/>\n<\/b><span style=\"font-weight: 400;\"> There is free time to enjoy the sleds during the excursion.<\/span><\/p>\n<p class=\"ai-optimize-48\"><strong>Important Notice<\/strong>This tour is now available for pre-booking. Departures operate from June 15 to August 20, subject to seasonal calendar.<\/p>","protected":false},"excerpt":{"rendered":"<p class=\"ai-optimize-24\"><span style=\"font-weight: 400;\">Sledding in the middle of the mountain, enjoying a simple, safe and fun-filled experience in the Patagonian snow.<\/span><\/p>","protected":false},"featured_media":0,"comment_status":"open","ping_status":"closed","template":"","meta":[],"product_brand":[],"product_cat":[26,28,30,31,33,37,42,45],"product_tag":[],"class_list":{"0":"post-378418","1":"product","2":"type-product","3":"status-publish","5":"product_cat-adultos","6":"product_cat-aventura","7":"product_cat-con-traslado","8":"product_cat-familia","9":"product_cat-invierno","10":"product_cat-ninos","11":"product_cat-sin-comida","12":"product_cat-terrestre","14":"first","15":"instock","16":"virtual","17":"sold-individually","18":"purchasable","19":"product-type-booking"},"booking_location":"","booking_location_type":"","booking_duration":1,"booking_duration_unit":"hour","booking_buffer":0,"booking_cost":0,"booking_resources":[],"exclude_global_add_ons":false,"addons":[{"name":"ADU | Adult","type":"input_multiplier","position":0,"required":false,"title_format":"label","default":"","description_enable":false,"description":"","placeholder_enable":false,"placeholder":"","display":"select","restrictions_type":"any_text","adjust_price":true,"price":"119500","price_type":"quantity_based","restrictions":false,"min":"0","max":"0","options":[],"id":1776163750},{"name":"MEN412 | from 4 to 12","type":"input_multiplier","position":1,"required":false,"title_format":"label","default":"","description_enable":false,"description":"","placeholder_enable":false,"placeholder":"","display":"select","restrictions_type":"any_text","adjust_price":true,"price":"109500","price_type":"quantity_based","restrictions":false,"min":"0","max":"0","options":[],"id":1776163751},{"name":"INF04 | From 0 to 4","type":"input_multiplier","position":2,"required":false,"title_format":"label","default":"","description_enable":false,"description":"","placeholder_enable":false,"placeholder":"","display":"select","restrictions_type":"any_text","adjust_price":true,"price":"","price_type":"quantity_based","restrictions":false,"min":"0","max":"0","options":[],"id":1776163752}],"yoast_head":"<!-- This site is optimized with the Yoast SEO Premium plugin v25.2 (Yoast SEO v25.2) - https:\/\/yoast.com\/wordpress\/plugins\/seo\/ -->\n<title>Culipat\u00edn y Trineos en Cerro L\u00f3pez - Patagonia Booking<\/title>\n<meta name=\"robots\" content=\"index, follow, max-snippet:-1, max-image-preview:large, max-video-preview:-1\" \/>\n<link rel=\"canonical\" href=\"https:\/\/patagoniabooking.com\/en\/product\/culipatin-y-trineos-en-cerro-lopez\/\" \/>\n<meta property=\"og:locale\" content=\"en_US\" \/>\n<meta property=\"og:type\" content=\"article\" \/>\n<meta property=\"og:title\" content=\"Culipat\u00edn y Trineos en Cerro L\u00f3pez\" \/>\n<meta property=\"og:description\" content=\"Deslizate en trineo en plena monta\u00f1a, disfrutando de una experiencia simple, segura y llena de diversi\u00f3n en la nieve patag\u00f3nica.\" \/>\n<meta property=\"og:url\" content=\"https:\/\/patagoniabooking.com\/en\/product\/culipatin-y-trineos-en-cerro-lopez\/\" \/>\n<meta property=\"og:site_name\" content=\"Patagonia Booking\" \/>\n<meta property=\"article:modified_time\" content=\"2026-04-14T19:07:57+00:00\" \/>\n<meta name=\"twitter:card\" content=\"summary_large_image\" \/>\n<meta name=\"twitter:label1\" content=\"Price\" \/>\n\t<meta name=\"twitter:data1\" content=\"&#036;119,500.00\" \/>\n\t<meta name=\"twitter:label2\" content=\"Availability\" \/>\n\t<meta name=\"twitter:data2\" content=\"In stock\" \/>\n<script type=\"application\/ld+json\" class=\"yoast-schema-graph\">{\"@context\":\"https:\/\/schema.org\",\"@graph\":[{\"@type\":\"WebPage\",\"@id\":\"https:\/\/patagoniabooking.com\/product\/culipatin-y-trineos-en-cerro-lopez\/\",\"url\":\"https:\/\/patagoniabooking.com\/product\/culipatin-y-trineos-en-cerro-lopez\/\",\"name\":\"Culipat\u00edn y Trineos en Cerro L\u00f3pez - Patagonia Booking\",\"isPartOf\":{\"@id\":\"https:\/\/patagoniabooking.com\/#website\"},\"datePublished\":\"2026-04-14T13:49:08+00:00\",\"dateModified\":\"2026-04-14T19:07:57+00:00\",\"breadcrumb\":{\"@id\":\"https:\/\/patagoniabooking.com\/product\/culipatin-y-trineos-en-cerro-lopez\/#breadcrumb\"},\"inLanguage\":\"en-US\",\"potentialAction\":[{\"@type\":\"ReadAction\",\"target\":[\"https:\/\/patagoniabooking.com\/product\/culipatin-y-trineos-en-cerro-lopez\/\"]}]},{\"@type\":\"BreadcrumbList\",\"@id\":\"https:\/\/patagoniabooking.com\/product\/culipatin-y-trineos-en-cerro-lopez\/#breadcrumb\",\"itemListElement\":[{\"@type\":\"ListItem\",\"position\":1,\"name\":\"Inicio\",\"item\":\"https:\/\/patagoniabooking.com\/\"},{\"@type\":\"ListItem\",\"position\":2,\"name\":\"Lista de excursiones\",\"item\":\"https:\/\/patagoniabooking.com\/shop\/\"},{\"@type\":\"ListItem\",\"position\":3,\"name\":\"Culipat\u00edn y Trineos en Cerro L\u00f3pez\"}]},{\"@type\":\"WebSite\",\"@id\":\"https:\/\/patagoniabooking.com\/#website\",\"url\":\"https:\/\/patagoniabooking.com\/\",\"name\":\"Patagonia Booking\",\"description\":\"\",\"publisher\":{\"@id\":\"https:\/\/patagoniabooking.com\/#organization\"},\"potentialAction\":[{\"@type\":\"SearchAction\",\"target\":{\"@type\":\"EntryPoint\",\"urlTemplate\":\"https:\/\/patagoniabooking.com\/?s={search_term_string}\"},\"query-input\":{\"@type\":\"PropertyValueSpecification\",\"valueRequired\":true,\"valueName\":\"search_term_string\"}}],\"inLanguage\":\"en-US\"},{\"@type\":\"Organization\",\"@id\":\"https:\/\/patagoniabooking.com\/#organization\",\"name\":\"Patagonia Booking\",\"url\":\"https:\/\/patagoniabooking.com\/\",\"logo\":{\"@type\":\"ImageObject\",\"inLanguage\":\"en-US\",\"@id\":\"https:\/\/patagoniabooking.com\/#\/schema\/logo\/image\/\",\"url\":\"https:\/\/patagoniabooking.com\/wp-content\/uploads\/sites\/2\/2025\/06\/logo-patagonia-booking.png\",\"contentUrl\":\"https:\/\/patagoniabooking.com\/wp-content\/uploads\/sites\/2\/2025\/06\/logo-patagonia-booking.png\",\"width\":80,\"height\":80,\"caption\":\"Patagonia Booking\"},\"image\":{\"@id\":\"https:\/\/patagoniabooking.com\/#\/schema\/logo\/image\/\"}}]}<\/script>\n<meta property=\"product:price:amount\" content=\"119500.00\" \/>\n<meta property=\"product:price:currency\" content=\"ARS\" \/>\n<meta property=\"og:availability\" content=\"instock\" \/>\n<meta property=\"product:availability\" content=\"instock\" \/>\n<meta property=\"product:retailer_item_id\" content=\"ADV2026CUTREN9X4M\" \/>\n<meta property=\"product:condition\" content=\"new\" \/>\n<!-- \/ Yoast SEO Premium plugin. -->","yoast_head_json":{"title":"Culipat\u00edn and Sledding in Cerro L\u00f3pez - Patagonia Booking","robots":{"index":"index","follow":"follow","max-snippet":"max-snippet:-1","max-image-preview":"max-image-preview:large","max-video-preview":"max-video-preview:-1"},"canonical":"https:\/\/patagoniabooking.com\/en\/product\/culipatin-y-trineos-en-cerro-lopez\/","og_locale":"en_US","og_type":"article","og_title":"Culipat\u00edn y Trineos en Cerro L\u00f3pez","og_description":"Deslizate en trineo en plena monta\u00f1a, disfrutando de una experiencia simple, segura y llena de diversi\u00f3n en la nieve patag\u00f3nica.","og_url":"https:\/\/patagoniabooking.com\/en\/product\/culipatin-y-trineos-en-cerro-lopez\/","og_site_name":"Patagonia Booking","article_modified_time":"2026-04-14T19:07:57+00:00","twitter_card":"summary_large_image","twitter_misc":{"Price":"&#36;119,500.00","Availability":"In stock"},"schema":{"@context":"https:\/\/schema.org","@graph":[{"@type":"WebPage","@id":"https:\/\/patagoniabooking.com\/product\/culipatin-y-trineos-en-cerro-lopez\/","url":"https:\/\/patagoniabooking.com\/product\/culipatin-y-trineos-en-cerro-lopez\/","name":"Culipat\u00edn and Sledding in Cerro L\u00f3pez - Patagonia Booking","isPartOf":{"@id":"https:\/\/patagoniabooking.com\/#website"},"datePublished":"2026-04-14T13:49:08+00:00","dateModified":"2026-04-14T19:07:57+00:00","breadcrumb":{"@id":"https:\/\/patagoniabooking.com\/product\/culipatin-y-trineos-en-cerro-lopez\/#breadcrumb"},"inLanguage":"en-US","potentialAction":[{"@type":"ReadAction","target":["https:\/\/patagoniabooking.com\/product\/culipatin-y-trineos-en-cerro-lopez\/"]}]},{"@type":"BreadcrumbList","@id":"https:\/\/patagoniabooking.com\/product\/culipatin-y-trineos-en-cerro-lopez\/#breadcrumb","itemListElement":[{"@type":"ListItem","position":1,"name":"Inicio","item":"https:\/\/patagoniabooking.com\/"},{"@type":"ListItem","position":2,"name":"Lista de excursiones","item":"https:\/\/patagoniabooking.com\/shop\/"},{"@type":"ListItem","position":3,"name":"Culipat\u00edn y Trineos en Cerro L\u00f3pez"}]},{"@type":"WebSite","@id":"https:\/\/patagoniabooking.com\/#website","url":"https:\/\/patagoniabooking.com\/","name":"Patagonia Booking","description":"","publisher":{"@id":"https:\/\/patagoniabooking.com\/#organization"},"potentialAction":[{"@type":"SearchAction","target":{"@type":"EntryPoint","urlTemplate":"https:\/\/patagoniabooking.com\/?s={search_term_string}"},"query-input":{"@type":"PropertyValueSpecification","valueRequired":true,"valueName":"search_term_string"}}],"inLanguage":"en-US"},{"@type":"Organization","@id":"https:\/\/patagoniabooking.com\/#organization","name":"Patagonia Booking","url":"https:\/\/patagoniabooking.com\/","logo":{"@type":"ImageObject","inLanguage":"en-US","@id":"https:\/\/patagoniabooking.com\/#\/schema\/logo\/image\/","url":"https:\/\/patagoniabooking.com\/wp-content\/uploads\/sites\/2\/2025\/06\/logo-patagonia-booking.png","contentUrl":"https:\/\/patagoniabooking.com\/wp-content\/uploads\/sites\/2\/2025\/06\/logo-patagonia-booking.png","width":80,"height":80,"caption":"Patagonia Booking"},"image":{"@id":"https:\/\/patagoniabooking.com\/#\/schema\/logo\/image\/"}}]},"product_price_amount":"119500.00","product_price_currency":"ARS","og_availability":"instock","product_availability":"instock","product_retailer_item_id":"ADV2026CUTREN9X4M","product_condition":"new"},"_links":{"self":[{"href":"https:\/\/patagoniabooking.com\/en\/wp-json\/wp\/v2\/product\/378418","targetHints":{"allow":["GET"]}}],"collection":[{"href":"https:\/\/patagoniabooking.com\/en\/wp-json\/wp\/v2\/product"}],"about":[{"href":"https:\/\/patagoniabooking.com\/en\/wp-json\/wp\/v2\/types\/product"}],"replies":[{"embeddable":true,"href":"https:\/\/patagoniabooking.com\/en\/wp-json\/wp\/v2\/comments?post=378418"}],"wp:attachment":[{"href":"https:\/\/patagoniabooking.com\/en\/wp-json\/wp\/v2\/media?parent=378418"}],"wp:term":[{"taxonomy":"product_brand","embeddable":true,"href":"https:\/\/patagoniabooking.com\/en\/wp-json\/wp\/v2\/product_brand?post=378418"},{"taxonomy":"product_cat","embeddable":true,"href":"https:\/\/patagoniabooking.com\/en\/wp-json\/wp\/v2\/product_cat?post=378418"},{"taxonomy":"product_tag","embeddable":true,"href":"https:\/\/patagoniabooking.com\/en\/wp-json\/wp\/v2\/product_tag?post=378418"}],"curies":[{"name":"wp","href":"https:\/\/api.w.org\/{rel}","templated":true}]}}