{"id":378004,"date":"2025-09-26T11:00:56","date_gmt":"2025-09-26T14:00:56","guid":{"rendered":"https:\/\/patagoniabooking.com\/?post_type=product&#038;p=378004"},"modified":"2026-04-08T16:32:43","modified_gmt":"2026-04-08T19:32:43","slug":"traslado-colonia-suiza-bariloche-tradicion-naturaleza-y-sabor","status":"publish","type":"product","link":"https:\/\/patagoniabooking.com\/en\/product\/transfer-colonia-suiza-bariloche-tradition-nature-and-flavor\/","title":{"rendered":"Transfer Colonia Suiza Bariloche: tradition, nature and flavor"},"content":{"rendered":"<h2 class=\"ai-optimize-6\" data-start=\"953\" data-end=\"1034\">An experience between history, craft fair and Patagonian tradition.<\/h2>\n<p class=\"ai-optimize-7 ai-optimize-introduction\" data-start=\"1817\" data-end=\"2047\">The <strong data-start=\"1820\" data-end=\"1856\">transfer Colonia Suiza Bariloche<\/strong> is the most comfortable and safe way to visit one of the most picturesque towns in Patagonia. Without worrying about parking or transportation, you can enjoy your day with total freedom.<\/p>\n<p class=\"ai-optimize-8\" data-start=\"2049\" data-end=\"2300\">We will take you directly from downtown Bariloche to Colonia Suiza, where you will find the <strong data-start=\"2139\" data-end=\"2158\">handicraft fair<\/strong>, local beers, regional sweets, and the traditional <strong data-start=\"2213\" data-end=\"2224\">curanto<\/strong>, a dish cooked underground that reflects the cultural identity of the place.<\/p>\n<p class=\"ai-optimize-9\" data-start=\"2302\" data-end=\"2553\">This tour is designed for you to make the most of your time and explore the town at your own pace. It is ideal for families, couples or groups of friends who want to discover the cultural and gastronomic side of the region.<\/p>\n<p class=\"ai-optimize-10\" data-start=\"2555\" data-end=\"2745\">In addition, you will be able to connect with the history of the first Swiss and German settlers who settled in this area of Bariloche, walk along short trails and admire the natural environment.<\/p>\n<h3 class=\"ai-optimize-11\" data-start=\"2752\" data-end=\"2779\">\u00a0Departure times<\/h3>\n<p class=\"ai-optimize-12\"><em data-start=\"2843\" data-end=\"2878\">(Available Wednesdays and Sundays)<\/em><\/p>\n<ul data-start=\"2780\" data-end=\"2880\">\n<li class=\"ai-optimize-13\" data-start=\"2780\" data-end=\"2800\">\n<p class=\"ai-optimize-14\" data-start=\"2782\" data-end=\"2800\">11:00 a.m. to 3:00 p.m.<\/p>\n<\/li>\n<li class=\"ai-optimize-15\" data-start=\"2801\" data-end=\"2821\">\n<p class=\"ai-optimize-16\" data-start=\"2803\" data-end=\"2821\">13:00 to 17:00 hs.<\/p>\n<\/li>\n<li class=\"ai-optimize-17\" data-start=\"2822\" data-end=\"2880\">\n<p class=\"ai-optimize-18\" data-start=\"2824\" data-end=\"2880\">16:00 to 20:00 hs.<\/p>\n<\/li>\n<\/ul>\n<h3 class=\"ai-optimize-19\" data-start=\"2887\" data-end=\"2914\">\u00a0Meeting point<\/h3>\n<p class=\"ai-optimize-20\" data-start=\"379\" data-end=\"603\">Transfers depart from meeting points coordinated between the <strong data-start=\"446\" data-end=\"469\">downtown Bariloche<\/strong> and up to <strong data-start=\"481\" data-end=\"521\">km 25 of Bustillo Av. or Pioneros Av.<\/strong>. At the time of booking we will confirm the location closest to your accommodation.<\/p>\n<h3 class=\"ai-optimize-21\" data-start=\"3002\" data-end=\"3017\">\u00a0Includes<\/h3>\n<ul data-start=\"3018\" data-end=\"3079\">\n<li class=\"ai-optimize-22\" data-start=\"3018\" data-end=\"3079\">\n<p class=\"ai-optimize-23\" data-start=\"3020\" data-end=\"3079\">Transfer to and from Colonia Suiza.<\/p>\n<\/li>\n<\/ul>\n<h3 class=\"ai-optimize-24\" data-start=\"3086\" data-end=\"3104\">\u00a0Does not include<\/h3>\n<ul data-start=\"3105\" data-end=\"3169\">\n<li class=\"ai-optimize-25\" data-start=\"3105\" data-end=\"3128\">\n<p class=\"ai-optimize-26\" data-start=\"3107\" data-end=\"3128\">Food and beverages.<\/p>\n<\/li>\n<li class=\"ai-optimize-27\" data-start=\"3129\" data-end=\"3169\">\n<p class=\"ai-optimize-28\" data-start=\"3131\" data-end=\"3169\">Activities within Colonia Suiza.<\/p>\n<\/li>\n<\/ul>\n<p class=\"ai-optimize-23\">","protected":false},"excerpt":{"rendered":"<p class=\"ai-optimize-29\">Round trip transfer from Bariloche to Colonia Suiza. Take advantage of the craft fair, the typical gastronomy and the traditional curanto, with 3 comfortable schedules to enjoy at your own pace.<\/p>","protected":false},"featured_media":378005,"comment_status":"open","ping_status":"closed","template":"","meta":[],"product_brand":[],"product_cat":[26,30,31,37,42,45,47],"product_tag":[],"class_list":{"0":"post-378004","1":"product","2":"type-product","3":"status-publish","4":"has-post-thumbnail","6":"product_cat-adultos","7":"product_cat-con-traslado","8":"product_cat-familia","9":"product_cat-ninos","10":"product_cat-sin-comida","11":"product_cat-terrestre","12":"product_cat-todo-el-ano","14":"first","15":"instock","16":"virtual","17":"sold-individually","18":"purchasable","19":"product-type-booking"},"booking_location":"","booking_location_type":"","booking_duration":1,"booking_duration_unit":"hour","booking_buffer":0,"booking_cost":0,"booking_resources":[],"exclude_global_add_ons":false,"addons":[{"name":"STD | Passengers","type":"input_multiplier","position":0,"required":false,"title_format":"label","default":"","description_enable":false,"description":"","placeholder_enable":false,"placeholder":"","display":"select","restrictions_type":"any_text","adjust_price":true,"price":"31200","price_type":"quantity_based","restrictions":false,"min":"0","max":"0","options":[],"id":1773232004}],"yoast_head":"<!-- This site is optimized with the Yoast SEO Premium plugin v25.2 (Yoast SEO v25.2) - https:\/\/yoast.com\/wordpress\/plugins\/seo\/ -->\n<title>Traslado a Colonia Suiza Bariloche | Feria y tradici\u00f3n - Patagonia Booking<\/title>\n<meta name=\"description\" content=\"Viv\u00ed la tradici\u00f3n en Colonia Suiza Bariloche con nuestro traslado ida y vuelta. Disfrut\u00e1 de la feria artesanal y cervezas locales. Ideal para familias.\" \/>\n<meta name=\"robots\" content=\"index, follow, max-snippet:-1, max-image-preview:large, max-video-preview:-1\" \/>\n<link rel=\"canonical\" href=\"https:\/\/patagoniabooking.com\/en\/product\/transfer-colonia-suiza-bariloche-tradition-nature-and-flavor\/\" \/>\n<meta property=\"og:locale\" content=\"en_US\" \/>\n<meta property=\"og:type\" content=\"article\" \/>\n<meta property=\"og:title\" content=\"Traslado Colonia Suiza Bariloche: tradici\u00f3n, naturaleza y sabor\" \/>\n<meta property=\"og:description\" content=\"Viv\u00ed la tradici\u00f3n en Colonia Suiza Bariloche con nuestro traslado ida y vuelta. Disfrut\u00e1 de la feria artesanal y cervezas locales. Ideal para familias.\" \/>\n<meta property=\"og:url\" content=\"https:\/\/patagoniabooking.com\/en\/product\/transfer-colonia-suiza-bariloche-tradition-nature-and-flavor\/\" \/>\n<meta property=\"og:site_name\" content=\"Patagonia Booking\" \/>\n<meta property=\"article:modified_time\" content=\"2026-04-08T19:32:43+00:00\" \/>\n<meta property=\"og:image\" content=\"https:\/\/patagoniabooking.com\/wp-content\/uploads\/sites\/2\/2025\/09\/col4-4.jpg\" \/>\n\t<meta property=\"og:image:width\" content=\"768\" \/>\n\t<meta property=\"og:image:height\" content=\"1024\" \/>\n\t<meta property=\"og:image:type\" content=\"image\/jpeg\" \/>\n<meta name=\"twitter:card\" content=\"summary_large_image\" \/>\n<meta name=\"twitter:label1\" content=\"Price\" \/>\n\t<meta name=\"twitter:data1\" content=\"&#036;31,200.00\" \/>\n\t<meta name=\"twitter:label2\" content=\"Availability\" \/>\n\t<meta name=\"twitter:data2\" content=\"In stock\" \/>\n<script type=\"application\/ld+json\" class=\"yoast-schema-graph\">{\"@context\":\"https:\/\/schema.org\",\"@graph\":[{\"@type\":\"WebPage\",\"@id\":\"https:\/\/patagoniabooking.com\/product\/traslado-colonia-suiza-bariloche-tradicion-naturaleza-y-sabor\/\",\"url\":\"https:\/\/patagoniabooking.com\/product\/traslado-colonia-suiza-bariloche-tradicion-naturaleza-y-sabor\/\",\"name\":\"Traslado a Colonia Suiza Bariloche | Feria y tradici\u00f3n - Patagonia Booking\",\"isPartOf\":{\"@id\":\"https:\/\/patagoniabooking.com\/#website\"},\"primaryImageOfPage\":{\"@id\":\"https:\/\/patagoniabooking.com\/product\/traslado-colonia-suiza-bariloche-tradicion-naturaleza-y-sabor\/#primaryimage\"},\"image\":{\"@id\":\"https:\/\/patagoniabooking.com\/product\/traslado-colonia-suiza-bariloche-tradicion-naturaleza-y-sabor\/#primaryimage\"},\"thumbnailUrl\":\"https:\/\/patagoniabooking.com\/wp-content\/uploads\/sites\/2\/2025\/09\/col4-4.jpg\",\"datePublished\":\"2025-09-26T14:00:56+00:00\",\"dateModified\":\"2026-04-08T19:32:43+00:00\",\"description\":\"Viv\u00ed la tradici\u00f3n en Colonia Suiza Bariloche con nuestro traslado ida y vuelta. Disfrut\u00e1 de la feria artesanal y cervezas locales. Ideal para familias.\",\"breadcrumb\":{\"@id\":\"https:\/\/patagoniabooking.com\/product\/traslado-colonia-suiza-bariloche-tradicion-naturaleza-y-sabor\/#breadcrumb\"},\"inLanguage\":\"en-US\",\"potentialAction\":[{\"@type\":\"ReadAction\",\"target\":[\"https:\/\/patagoniabooking.com\/product\/traslado-colonia-suiza-bariloche-tradicion-naturaleza-y-sabor\/\"]}]},{\"@type\":\"ImageObject\",\"inLanguage\":\"en-US\",\"@id\":\"https:\/\/patagoniabooking.com\/product\/traslado-colonia-suiza-bariloche-tradicion-naturaleza-y-sabor\/#primaryimage\",\"url\":\"https:\/\/patagoniabooking.com\/wp-content\/uploads\/sites\/2\/2025\/09\/col4-4.jpg\",\"contentUrl\":\"https:\/\/patagoniabooking.com\/wp-content\/uploads\/sites\/2\/2025\/09\/col4-4.jpg\",\"width\":768,\"height\":1024},{\"@type\":\"BreadcrumbList\",\"@id\":\"https:\/\/patagoniabooking.com\/product\/traslado-colonia-suiza-bariloche-tradicion-naturaleza-y-sabor\/#breadcrumb\",\"itemListElement\":[{\"@type\":\"ListItem\",\"position\":1,\"name\":\"Inicio\",\"item\":\"https:\/\/patagoniabooking.com\/\"},{\"@type\":\"ListItem\",\"position\":2,\"name\":\"Lista de excursiones\",\"item\":\"https:\/\/patagoniabooking.com\/shop\/\"},{\"@type\":\"ListItem\",\"position\":3,\"name\":\"Traslado Colonia Suiza Bariloche: tradici\u00f3n, naturaleza y sabor\"}]},{\"@type\":\"WebSite\",\"@id\":\"https:\/\/patagoniabooking.com\/#website\",\"url\":\"https:\/\/patagoniabooking.com\/\",\"name\":\"Patagonia Booking\",\"description\":\"\",\"publisher\":{\"@id\":\"https:\/\/patagoniabooking.com\/#organization\"},\"potentialAction\":[{\"@type\":\"SearchAction\",\"target\":{\"@type\":\"EntryPoint\",\"urlTemplate\":\"https:\/\/patagoniabooking.com\/?s={search_term_string}\"},\"query-input\":{\"@type\":\"PropertyValueSpecification\",\"valueRequired\":true,\"valueName\":\"search_term_string\"}}],\"inLanguage\":\"en-US\"},{\"@type\":\"Organization\",\"@id\":\"https:\/\/patagoniabooking.com\/#organization\",\"name\":\"Patagonia Booking\",\"url\":\"https:\/\/patagoniabooking.com\/\",\"logo\":{\"@type\":\"ImageObject\",\"inLanguage\":\"en-US\",\"@id\":\"https:\/\/patagoniabooking.com\/#\/schema\/logo\/image\/\",\"url\":\"https:\/\/patagoniabooking.com\/wp-content\/uploads\/sites\/2\/2025\/06\/logo-patagonia-booking.png\",\"contentUrl\":\"https:\/\/patagoniabooking.com\/wp-content\/uploads\/sites\/2\/2025\/06\/logo-patagonia-booking.png\",\"width\":80,\"height\":80,\"caption\":\"Patagonia Booking\"},\"image\":{\"@id\":\"https:\/\/patagoniabooking.com\/#\/schema\/logo\/image\/\"}}]}<\/script>\n<meta property=\"product:price:amount\" content=\"31200.00\" \/>\n<meta property=\"product:price:currency\" content=\"ARS\" \/>\n<meta property=\"og:availability\" content=\"instock\" \/>\n<meta property=\"product:availability\" content=\"instock\" \/>\n<meta property=\"product:retailer_item_id\" content=\"ADV2025TRACOS7KQ9\" \/>\n<meta property=\"product:condition\" content=\"new\" \/>\n<!-- \/ Yoast SEO Premium plugin. -->","yoast_head_json":{"title":"Transfer to Colonia Suiza Bariloche - Fair and tradition - Patagonia Booking","description":"Experience the tradition in Colonia Suiza Bariloche with our round trip transfer. Enjoy the craft fair and local beers. Ideal for families.","robots":{"index":"index","follow":"follow","max-snippet":"max-snippet:-1","max-image-preview":"max-image-preview:large","max-video-preview":"max-video-preview:-1"},"canonical":"https:\/\/patagoniabooking.com\/en\/product\/transfer-colonia-suiza-bariloche-tradition-nature-and-flavor\/","og_locale":"en_US","og_type":"article","og_title":"Traslado Colonia Suiza Bariloche: tradici\u00f3n, naturaleza y sabor","og_description":"Viv\u00ed la tradici\u00f3n en Colonia Suiza Bariloche con nuestro traslado ida y vuelta. Disfrut\u00e1 de la feria artesanal y cervezas locales. Ideal para familias.","og_url":"https:\/\/patagoniabooking.com\/en\/product\/transfer-colonia-suiza-bariloche-tradition-nature-and-flavor\/","og_site_name":"Patagonia Booking","article_modified_time":"2026-04-08T19:32:43+00:00","og_image":[{"width":768,"height":1024,"url":"https:\/\/patagoniabooking.com\/wp-content\/uploads\/sites\/2\/2025\/09\/col4-4.jpg","type":"image\/jpeg"}],"twitter_card":"summary_large_image","twitter_misc":{"Price":"&#36;31,200.00","Availability":"In stock"},"schema":{"@context":"https:\/\/schema.org","@graph":[{"@type":"WebPage","@id":"https:\/\/patagoniabooking.com\/product\/traslado-colonia-suiza-bariloche-tradicion-naturaleza-y-sabor\/","url":"https:\/\/patagoniabooking.com\/product\/traslado-colonia-suiza-bariloche-tradicion-naturaleza-y-sabor\/","name":"Transfer to Colonia Suiza Bariloche - Fair and tradition - Patagonia Booking","isPartOf":{"@id":"https:\/\/patagoniabooking.com\/#website"},"primaryImageOfPage":{"@id":"https:\/\/patagoniabooking.com\/product\/traslado-colonia-suiza-bariloche-tradicion-naturaleza-y-sabor\/#primaryimage"},"image":{"@id":"https:\/\/patagoniabooking.com\/product\/traslado-colonia-suiza-bariloche-tradicion-naturaleza-y-sabor\/#primaryimage"},"thumbnailUrl":"https:\/\/patagoniabooking.com\/wp-content\/uploads\/sites\/2\/2025\/09\/col4-4.jpg","datePublished":"2025-09-26T14:00:56+00:00","dateModified":"2026-04-08T19:32:43+00:00","description":"Experience the tradition in Colonia Suiza Bariloche with our round trip transfer. Enjoy the craft fair and local beers. Ideal for families.","breadcrumb":{"@id":"https:\/\/patagoniabooking.com\/product\/traslado-colonia-suiza-bariloche-tradicion-naturaleza-y-sabor\/#breadcrumb"},"inLanguage":"en-US","potentialAction":[{"@type":"ReadAction","target":["https:\/\/patagoniabooking.com\/product\/traslado-colonia-suiza-bariloche-tradicion-naturaleza-y-sabor\/"]}]},{"@type":"ImageObject","inLanguage":"en-US","@id":"https:\/\/patagoniabooking.com\/product\/traslado-colonia-suiza-bariloche-tradicion-naturaleza-y-sabor\/#primaryimage","url":"https:\/\/patagoniabooking.com\/wp-content\/uploads\/sites\/2\/2025\/09\/col4-4.jpg","contentUrl":"https:\/\/patagoniabooking.com\/wp-content\/uploads\/sites\/2\/2025\/09\/col4-4.jpg","width":768,"height":1024},{"@type":"BreadcrumbList","@id":"https:\/\/patagoniabooking.com\/product\/traslado-colonia-suiza-bariloche-tradicion-naturaleza-y-sabor\/#breadcrumb","itemListElement":[{"@type":"ListItem","position":1,"name":"Inicio","item":"https:\/\/patagoniabooking.com\/"},{"@type":"ListItem","position":2,"name":"Lista de excursiones","item":"https:\/\/patagoniabooking.com\/shop\/"},{"@type":"ListItem","position":3,"name":"Traslado Colonia Suiza Bariloche: tradici\u00f3n, naturaleza y sabor"}]},{"@type":"WebSite","@id":"https:\/\/patagoniabooking.com\/#website","url":"https:\/\/patagoniabooking.com\/","name":"Patagonia Booking","description":"","publisher":{"@id":"https:\/\/patagoniabooking.com\/#organization"},"potentialAction":[{"@type":"SearchAction","target":{"@type":"EntryPoint","urlTemplate":"https:\/\/patagoniabooking.com\/?s={search_term_string}"},"query-input":{"@type":"PropertyValueSpecification","valueRequired":true,"valueName":"search_term_string"}}],"inLanguage":"en-US"},{"@type":"Organization","@id":"https:\/\/patagoniabooking.com\/#organization","name":"Patagonia Booking","url":"https:\/\/patagoniabooking.com\/","logo":{"@type":"ImageObject","inLanguage":"en-US","@id":"https:\/\/patagoniabooking.com\/#\/schema\/logo\/image\/","url":"https:\/\/patagoniabooking.com\/wp-content\/uploads\/sites\/2\/2025\/06\/logo-patagonia-booking.png","contentUrl":"https:\/\/patagoniabooking.com\/wp-content\/uploads\/sites\/2\/2025\/06\/logo-patagonia-booking.png","width":80,"height":80,"caption":"Patagonia Booking"},"image":{"@id":"https:\/\/patagoniabooking.com\/#\/schema\/logo\/image\/"}}]},"product_price_amount":"31200.00","product_price_currency":"ARS","og_availability":"instock","product_availability":"instock","product_retailer_item_id":"ADV2025TRACOS7KQ9","product_condition":"new"},"_links":{"self":[{"href":"https:\/\/patagoniabooking.com\/en\/wp-json\/wp\/v2\/product\/378004","targetHints":{"allow":["GET"]}}],"collection":[{"href":"https:\/\/patagoniabooking.com\/en\/wp-json\/wp\/v2\/product"}],"about":[{"href":"https:\/\/patagoniabooking.com\/en\/wp-json\/wp\/v2\/types\/product"}],"replies":[{"embeddable":true,"href":"https:\/\/patagoniabooking.com\/en\/wp-json\/wp\/v2\/comments?post=378004"}],"wp:featuredmedia":[{"embeddable":true,"href":"https:\/\/patagoniabooking.com\/en\/wp-json\/wp\/v2\/media\/378005"}],"wp:attachment":[{"href":"https:\/\/patagoniabooking.com\/en\/wp-json\/wp\/v2\/media?parent=378004"}],"wp:term":[{"taxonomy":"product_brand","embeddable":true,"href":"https:\/\/patagoniabooking.com\/en\/wp-json\/wp\/v2\/product_brand?post=378004"},{"taxonomy":"product_cat","embeddable":true,"href":"https:\/\/patagoniabooking.com\/en\/wp-json\/wp\/v2\/product_cat?post=378004"},{"taxonomy":"product_tag","embeddable":true,"href":"https:\/\/patagoniabooking.com\/en\/wp-json\/wp\/v2\/product_tag?post=378004"}],"curies":[{"name":"wp","href":"https:\/\/api.w.org\/{rel}","templated":true}]}}