{"id":37,"date":"2025-06-12T10:36:31","date_gmt":"2025-06-12T13:36:31","guid":{"rendered":"https:\/\/patagoniabooking.shop\/product\/cabalgata-por-el-bosque-de-cohiues\/"},"modified":"2026-03-31T12:13:19","modified_gmt":"2026-03-31T15:13:19","slug":"cabalgata-cerro-lopez","status":"publish","type":"product","link":"https:\/\/patagoniabooking.com\/en\/product\/cerro-lopez-horseback-riding\/","title":{"rendered":"Horseback riding with a view of Cerro Lopez - Equestrian experience with a view of Nahuel Huapi"},"content":{"rendered":"<h2 class=\"ai-optimize-26 ai-optimize-introduction\" data-start=\"7285\" data-end=\"7488\"><strong>Discover Patagonia from a natural and contemplative point of view, hiking mountain trails with panoramic views of Cerro Lopez, Lake Moreno and Nahuel Huapi.<\/strong><\/h2>\n<p class=\"ai-optimize-24 ai-optimize-introduction\" data-start=\"734\" data-end=\"1142\">I discovered Bariloche from a different perspective: on horseback, among native forests, fresh air and natural viewpoints overlooking the <strong>Moreno Lake<\/strong> and to the <strong>Nahuel Huapi.<\/strong><br data-start=\"896\" data-end=\"899\" \/>The horseback ride through Cerro Lopez combines nature, tranquility and the Patagonian rural tradition, guided by expert local baqueanos.<br data-start=\"1035\" data-end=\"1038\" \/>An ideal proposal for those looking to disconnect from the city and experience the essence of southern Argentina.<\/p>\n<p class=\"ai-optimize-25\" data-start=\"1149\" data-end=\"1177\"><strong data-start=\"1153\" data-end=\"1177\">About the experience<\/strong><\/p>\n<p class=\"ai-optimize-26 ai-optimize-introduction\" data-start=\"1178\" data-end=\"1436\">The tour begins with a transfer from the center of Bariloche to the base camp, located at the foot of the <strong>Cerro Lopez<\/strong>.<br data-start=\"1301\" data-end=\"1304\" \/>There, the guides provide a brief technical introduction, assign the horses and accompany the entire ride with personalized attention.<\/p>\n<p class=\"ai-optimize-27\" data-start=\"1438\" data-end=\"1733\">The itinerary goes through trails surrounded by coihues and lengas, with panoramic views that open up towards the lakes of the Circuito Chico.<br data-start=\"1577\" data-end=\"1580\" \/>On the way back, the group enjoys the calm of the rural landscape and the possibility of tasting homemade fried cakes in a typical mountain environment.<\/p>\n<p class=\"ai-optimize-28\" data-start=\"1735\" data-end=\"1870\">A safe and accessible excursion, perfect for families, couples and travelers looking for a real connection with the Patagonian nature.<\/p>\n<h3 class=\"ai-optimize-29\" data-start=\"1877\" data-end=\"1892\"><strong data-start=\"1881\" data-end=\"1892\">Includes<\/strong><\/h3>\n<ul data-start=\"1893\" data-end=\"2034\">\n<li class=\"ai-optimize-30\" data-start=\"1893\" data-end=\"1936\">\n<p class=\"ai-optimize-31\" data-start=\"1895\" data-end=\"1936\">Horseback riding guided by local baqueanos.<\/p>\n<\/li>\n<li class=\"ai-optimize-34\" data-start=\"1984\" data-end=\"2034\">\n<p class=\"ai-optimize-35\" data-start=\"1986\" data-end=\"2034\">Transfer to and from downtown Bariloche.<\/p>\n<\/li>\n<\/ul>\n<h3 class=\"ai-optimize-36\" data-start=\"2041\" data-end=\"2059\"><strong data-start=\"2045\" data-end=\"2059\">Does not include<\/strong><\/h3>\n<ul data-start=\"2060\" data-end=\"2116\">\n<li class=\"ai-optimize-37\" data-start=\"2060\" data-end=\"2116\">\n<p class=\"ai-optimize-38\" data-start=\"2062\" data-end=\"2116\">Meals and beverages (optional at the rural inn).<\/p>\n<\/li>\n<\/ul>\n<h3 class=\"ai-optimize-39\" data-start=\"2123\" data-end=\"2150\"><strong data-start=\"2127\" data-end=\"2150\">Duration and schedules<\/strong><\/h3>\n<p class=\"ai-optimize-40\" data-start=\"2151\" data-end=\"2282\">Total duration: approximately 5 hours (including transfers).<br data-start=\"2211\" data-end=\"2214\" \/>Departure days: Monday, Wednesday and Sunday.<br data-start=\"2257\" data-end=\"2260\" \/>Minimum age: 5 years old.<\/p>\n<h2 class=\"ai-optimize-41\" data-start=\"2289\" data-end=\"2316\"><strong data-start=\"2292\" data-end=\"2316\">Frequently Asked Questions<\/strong><\/h2>\n<p class=\"ai-optimize-42\" data-start=\"2318\" data-end=\"2470\"><strong data-start=\"2318\" data-end=\"2378\">Do I need previous experience to do the horseback riding?<\/strong><br data-start=\"2378\" data-end=\"2381\" \/>No. The horses are tame and the course is adapted for beginners and families.<\/p>\n<p class=\"ai-optimize-43\" data-start=\"2472\" data-end=\"2577\"><strong data-start=\"2472\" data-end=\"2493\">What should I bring?<\/strong><br data-start=\"2493\" data-end=\"2496\" \/>Comfortable clothes, long pants, closed shoes, light coat and sunscreen.<\/p>\n<p class=\"ai-optimize-45\" data-start=\"2702\" data-end=\"2812\"><strong data-start=\"2702\" data-end=\"2735\">Where does the tour start?<\/strong><br data-start=\"2735\" data-end=\"2738\" \/>The main meeting point is Mitre 131, in downtown Bariloche.<\/p>\n<p class=\"ai-optimize-46\" data-start=\"2814\" data-end=\"2906\"><strong data-start=\"2814\" data-end=\"2848\">Is it available for minors?<\/strong><br data-start=\"2848\" data-end=\"2851\" \/>Yes, from 5 years of age accompanied by an adult.<\/p>","protected":false},"excerpt":{"rendered":"<p class=\"ai-optimize-23\" data-start=\"7133\" data-end=\"7283\">Guided horseback riding with views of Cerro Lopez. A scenic, authentic and comfortable experience in the landscapes of Bariloche.<\/p>\n<p data-start=\"7285\" data-end=\"7488\">","protected":false},"featured_media":378137,"comment_status":"open","ping_status":"closed","template":"","meta":[],"product_brand":[],"product_cat":[26,28,30,31,37,42,47],"product_tag":[],"class_list":{"0":"post-37","1":"product","2":"type-product","3":"status-publish","4":"has-post-thumbnail","6":"product_cat-adultos","7":"product_cat-aventura","8":"product_cat-con-traslado","9":"product_cat-familia","10":"product_cat-ninos","11":"product_cat-sin-comida","12":"product_cat-todo-el-ano","14":"first","15":"instock","16":"virtual","17":"sold-individually","18":"purchasable","19":"product-type-booking"},"booking_location":"","booking_location_type":"","booking_duration":1,"booking_duration_unit":"hour","booking_buffer":0,"booking_cost":0,"booking_resources":[],"exclude_global_add_ons":false,"addons":[{"name":"STD | Passengers","type":"input_multiplier","position":0,"required":false,"title_format":"label","default":"","description_enable":false,"description":"","placeholder_enable":false,"placeholder":"","display":"select","restrictions_type":"any_text","adjust_price":true,"price":"119400","price_type":"quantity_based","restrictions":false,"min":"0","max":"0","options":[],"id":1773235029},{"name":"EXTRA | Companion","type":"input_multiplier","position":1,"required":false,"title_format":"label","default":"","description_enable":false,"description":"","placeholder_enable":false,"placeholder":"","display":"select","restrictions_type":"any_text","adjust_price":true,"price":"65700","price_type":"quantity_based","restrictions":false,"min":"0","max":"0","options":[],"id":1773235030}],"yoast_head":"<!-- This site is optimized with the Yoast SEO Premium plugin v25.2 (Yoast SEO v25.2) - https:\/\/yoast.com\/wordpress\/plugins\/seo\/ -->\n<title>Reserv\u00e1 cabalgata al Cerro L\u00f3pez en Bariloche | Online - Patagonia Booking<\/title>\n<meta name=\"description\" content=\"Reserv\u00e1 tu cabalgata al Cerro L\u00f3pez en Bariloche. Bosques, miradores y vistas del Circuito Chico. Gu\u00eda experto, seguridad y cupos. Confirmaci\u00f3n inmediata.\" \/>\n<meta name=\"robots\" content=\"index, follow, max-snippet:-1, max-image-preview:large, max-video-preview:-1\" \/>\n<link rel=\"canonical\" href=\"https:\/\/patagoniabooking.com\/en\/product\/cerro-lopez-horseback-riding\/\" \/>\n<meta property=\"og:locale\" content=\"en_US\" \/>\n<meta property=\"og:type\" content=\"article\" \/>\n<meta property=\"og:title\" content=\"Cabalgata con vista al Cerro L\u00f3pez \u2013 Experiencia ecuestre con vistas al Nahuel Huapi\" \/>\n<meta property=\"og:description\" content=\"Reserv\u00e1 tu cabalgata al Cerro L\u00f3pez en Bariloche. Bosques, miradores y vistas del Circuito Chico. Gu\u00eda experto, seguridad y cupos. Confirmaci\u00f3n inmediata.\" \/>\n<meta property=\"og:url\" content=\"https:\/\/patagoniabooking.com\/en\/product\/cerro-lopez-horseback-riding\/\" \/>\n<meta property=\"og:site_name\" content=\"Patagonia Booking\" \/>\n<meta property=\"article:modified_time\" content=\"2026-03-31T15:13:19+00:00\" \/>\n<meta property=\"og:image\" content=\"https:\/\/patagoniabooking.com\/wp-content\/uploads\/sites\/2\/2025\/06\/4-D-9001-04Gr-copia.jpg\" \/>\n\t<meta property=\"og:image:width\" content=\"992\" \/>\n\t<meta property=\"og:image:height\" content=\"1323\" \/>\n\t<meta property=\"og:image:type\" content=\"image\/jpeg\" \/>\n<meta name=\"twitter:card\" content=\"summary_large_image\" \/>\n<meta name=\"twitter:label1\" content=\"Price\" \/>\n\t<meta name=\"twitter:data1\" content=\"&#036;119,400.00\" \/>\n\t<meta name=\"twitter:label2\" content=\"Availability\" \/>\n\t<meta name=\"twitter:data2\" content=\"In stock\" \/>\n<script type=\"application\/ld+json\" class=\"yoast-schema-graph\">{\"@context\":\"https:\/\/schema.org\",\"@graph\":[{\"@type\":\"WebPage\",\"@id\":\"https:\/\/patagoniabooking.com\/product\/cabalgata-cerro-lopez\/\",\"url\":\"https:\/\/patagoniabooking.com\/product\/cabalgata-cerro-lopez\/\",\"name\":\"Reserv\u00e1 cabalgata al Cerro L\u00f3pez en Bariloche | Online - Patagonia Booking\",\"isPartOf\":{\"@id\":\"https:\/\/patagoniabooking.com\/#website\"},\"primaryImageOfPage\":{\"@id\":\"https:\/\/patagoniabooking.com\/product\/cabalgata-cerro-lopez\/#primaryimage\"},\"image\":{\"@id\":\"https:\/\/patagoniabooking.com\/product\/cabalgata-cerro-lopez\/#primaryimage\"},\"thumbnailUrl\":\"https:\/\/patagoniabooking.com\/wp-content\/uploads\/sites\/2\/2025\/06\/Foto-Cabalgata-PB-2-1.png\",\"datePublished\":\"2025-06-12T13:36:31+00:00\",\"dateModified\":\"2026-03-31T15:13:19+00:00\",\"description\":\"Reserv\u00e1 tu cabalgata al Cerro L\u00f3pez en Bariloche. Bosques, miradores y vistas del Circuito Chico. Gu\u00eda experto, seguridad y cupos. Confirmaci\u00f3n inmediata.\",\"breadcrumb\":{\"@id\":\"https:\/\/patagoniabooking.com\/product\/cabalgata-cerro-lopez\/#breadcrumb\"},\"inLanguage\":\"en-US\",\"potentialAction\":[{\"@type\":\"ReadAction\",\"target\":[\"https:\/\/patagoniabooking.com\/product\/cabalgata-cerro-lopez\/\"]}]},{\"@type\":\"ImageObject\",\"inLanguage\":\"en-US\",\"@id\":\"https:\/\/patagoniabooking.com\/product\/cabalgata-cerro-lopez\/#primaryimage\",\"url\":\"https:\/\/patagoniabooking.com\/wp-content\/uploads\/sites\/2\/2025\/06\/Foto-Cabalgata-PB-2-1.png\",\"contentUrl\":\"https:\/\/patagoniabooking.com\/wp-content\/uploads\/sites\/2\/2025\/06\/Foto-Cabalgata-PB-2-1.png\",\"width\":850,\"height\":1133},{\"@type\":\"BreadcrumbList\",\"@id\":\"https:\/\/patagoniabooking.com\/product\/cabalgata-cerro-lopez\/#breadcrumb\",\"itemListElement\":[{\"@type\":\"ListItem\",\"position\":1,\"name\":\"Inicio\",\"item\":\"https:\/\/patagoniabooking.com\/\"},{\"@type\":\"ListItem\",\"position\":2,\"name\":\"Lista de excursiones\",\"item\":\"https:\/\/patagoniabooking.com\/shop\/\"},{\"@type\":\"ListItem\",\"position\":3,\"name\":\"Cabalgata con vista al Cerro L\u00f3pez \u2013 Experiencia ecuestre con vistas al Nahuel Huapi\"}]},{\"@type\":\"WebSite\",\"@id\":\"https:\/\/patagoniabooking.com\/#website\",\"url\":\"https:\/\/patagoniabooking.com\/\",\"name\":\"Patagonia Booking\",\"description\":\"\",\"publisher\":{\"@id\":\"https:\/\/patagoniabooking.com\/#organization\"},\"potentialAction\":[{\"@type\":\"SearchAction\",\"target\":{\"@type\":\"EntryPoint\",\"urlTemplate\":\"https:\/\/patagoniabooking.com\/?s={search_term_string}\"},\"query-input\":{\"@type\":\"PropertyValueSpecification\",\"valueRequired\":true,\"valueName\":\"search_term_string\"}}],\"inLanguage\":\"en-US\"},{\"@type\":\"Organization\",\"@id\":\"https:\/\/patagoniabooking.com\/#organization\",\"name\":\"Patagonia Booking\",\"url\":\"https:\/\/patagoniabooking.com\/\",\"logo\":{\"@type\":\"ImageObject\",\"inLanguage\":\"en-US\",\"@id\":\"https:\/\/patagoniabooking.com\/#\/schema\/logo\/image\/\",\"url\":\"https:\/\/patagoniabooking.com\/wp-content\/uploads\/sites\/2\/2025\/06\/logo-patagonia-booking.png\",\"contentUrl\":\"https:\/\/patagoniabooking.com\/wp-content\/uploads\/sites\/2\/2025\/06\/logo-patagonia-booking.png\",\"width\":80,\"height\":80,\"caption\":\"Patagonia Booking\"},\"image\":{\"@id\":\"https:\/\/patagoniabooking.com\/#\/schema\/logo\/image\/\"}}]}<\/script>\n<meta property=\"product:price:amount\" content=\"119400.00\" \/>\n<meta property=\"product:price:currency\" content=\"ARS\" \/>\n<meta property=\"og:availability\" content=\"instock\" \/>\n<meta property=\"product:availability\" content=\"instock\" \/>\n<meta property=\"product:retailer_item_id\" content=\"ADV2025CAPOELTVE7\" \/>\n<meta property=\"product:condition\" content=\"new\" \/>\n<!-- \/ Yoast SEO Premium plugin. -->","yoast_head_json":{"title":"Book a horseback ride to Cerro Lopez in Bariloche - Patagonia Booking","description":"Book your horseback ride to Cerro Lopez in Bariloche. Forests, viewpoints and views of the Circuito Chico. Expert guide, security and quotas. Immediate confirmation.","robots":{"index":"index","follow":"follow","max-snippet":"max-snippet:-1","max-image-preview":"max-image-preview:large","max-video-preview":"max-video-preview:-1"},"canonical":"https:\/\/patagoniabooking.com\/en\/product\/cerro-lopez-horseback-riding\/","og_locale":"en_US","og_type":"article","og_title":"Cabalgata con vista al Cerro L\u00f3pez \u2013 Experiencia ecuestre con vistas al Nahuel Huapi","og_description":"Reserv\u00e1 tu cabalgata al Cerro L\u00f3pez en Bariloche. Bosques, miradores y vistas del Circuito Chico. Gu\u00eda experto, seguridad y cupos. Confirmaci\u00f3n inmediata.","og_url":"https:\/\/patagoniabooking.com\/en\/product\/cerro-lopez-horseback-riding\/","og_site_name":"Patagonia Booking","article_modified_time":"2026-03-31T15:13:19+00:00","og_image":[{"width":992,"height":1323,"url":"https:\/\/patagoniabooking.com\/wp-content\/uploads\/sites\/2\/2025\/06\/4-D-9001-04Gr-copia.jpg","type":"image\/jpeg"}],"twitter_card":"summary_large_image","twitter_misc":{"Price":"&#36;119,400.00","Availability":"In stock"},"schema":{"@context":"https:\/\/schema.org","@graph":[{"@type":"WebPage","@id":"https:\/\/patagoniabooking.com\/product\/cabalgata-cerro-lopez\/","url":"https:\/\/patagoniabooking.com\/product\/cabalgata-cerro-lopez\/","name":"Book a horseback ride to Cerro Lopez in Bariloche - Patagonia Booking","isPartOf":{"@id":"https:\/\/patagoniabooking.com\/#website"},"primaryImageOfPage":{"@id":"https:\/\/patagoniabooking.com\/product\/cabalgata-cerro-lopez\/#primaryimage"},"image":{"@id":"https:\/\/patagoniabooking.com\/product\/cabalgata-cerro-lopez\/#primaryimage"},"thumbnailUrl":"https:\/\/patagoniabooking.com\/wp-content\/uploads\/sites\/2\/2025\/06\/Foto-Cabalgata-PB-2-1.png","datePublished":"2025-06-12T13:36:31+00:00","dateModified":"2026-03-31T15:13:19+00:00","description":"Book your horseback ride to Cerro Lopez in Bariloche. Forests, viewpoints and views of the Circuito Chico. Expert guide, security and quotas. Immediate confirmation.","breadcrumb":{"@id":"https:\/\/patagoniabooking.com\/product\/cabalgata-cerro-lopez\/#breadcrumb"},"inLanguage":"en-US","potentialAction":[{"@type":"ReadAction","target":["https:\/\/patagoniabooking.com\/product\/cabalgata-cerro-lopez\/"]}]},{"@type":"ImageObject","inLanguage":"en-US","@id":"https:\/\/patagoniabooking.com\/product\/cabalgata-cerro-lopez\/#primaryimage","url":"https:\/\/patagoniabooking.com\/wp-content\/uploads\/sites\/2\/2025\/06\/Foto-Cabalgata-PB-2-1.png","contentUrl":"https:\/\/patagoniabooking.com\/wp-content\/uploads\/sites\/2\/2025\/06\/Foto-Cabalgata-PB-2-1.png","width":850,"height":1133},{"@type":"BreadcrumbList","@id":"https:\/\/patagoniabooking.com\/product\/cabalgata-cerro-lopez\/#breadcrumb","itemListElement":[{"@type":"ListItem","position":1,"name":"Inicio","item":"https:\/\/patagoniabooking.com\/"},{"@type":"ListItem","position":2,"name":"Lista de excursiones","item":"https:\/\/patagoniabooking.com\/shop\/"},{"@type":"ListItem","position":3,"name":"Cabalgata con vista al Cerro L\u00f3pez \u2013 Experiencia ecuestre con vistas al Nahuel Huapi"}]},{"@type":"WebSite","@id":"https:\/\/patagoniabooking.com\/#website","url":"https:\/\/patagoniabooking.com\/","name":"Patagonia Booking","description":"","publisher":{"@id":"https:\/\/patagoniabooking.com\/#organization"},"potentialAction":[{"@type":"SearchAction","target":{"@type":"EntryPoint","urlTemplate":"https:\/\/patagoniabooking.com\/?s={search_term_string}"},"query-input":{"@type":"PropertyValueSpecification","valueRequired":true,"valueName":"search_term_string"}}],"inLanguage":"en-US"},{"@type":"Organization","@id":"https:\/\/patagoniabooking.com\/#organization","name":"Patagonia Booking","url":"https:\/\/patagoniabooking.com\/","logo":{"@type":"ImageObject","inLanguage":"en-US","@id":"https:\/\/patagoniabooking.com\/#\/schema\/logo\/image\/","url":"https:\/\/patagoniabooking.com\/wp-content\/uploads\/sites\/2\/2025\/06\/logo-patagonia-booking.png","contentUrl":"https:\/\/patagoniabooking.com\/wp-content\/uploads\/sites\/2\/2025\/06\/logo-patagonia-booking.png","width":80,"height":80,"caption":"Patagonia Booking"},"image":{"@id":"https:\/\/patagoniabooking.com\/#\/schema\/logo\/image\/"}}]},"product_price_amount":"119400.00","product_price_currency":"ARS","og_availability":"instock","product_availability":"instock","product_retailer_item_id":"ADV2025CAPOELTVE7","product_condition":"new"},"_links":{"self":[{"href":"https:\/\/patagoniabooking.com\/en\/wp-json\/wp\/v2\/product\/37","targetHints":{"allow":["GET"]}}],"collection":[{"href":"https:\/\/patagoniabooking.com\/en\/wp-json\/wp\/v2\/product"}],"about":[{"href":"https:\/\/patagoniabooking.com\/en\/wp-json\/wp\/v2\/types\/product"}],"replies":[{"embeddable":true,"href":"https:\/\/patagoniabooking.com\/en\/wp-json\/wp\/v2\/comments?post=37"}],"wp:featuredmedia":[{"embeddable":true,"href":"https:\/\/patagoniabooking.com\/en\/wp-json\/wp\/v2\/media\/378137"}],"wp:attachment":[{"href":"https:\/\/patagoniabooking.com\/en\/wp-json\/wp\/v2\/media?parent=37"}],"wp:term":[{"taxonomy":"product_brand","embeddable":true,"href":"https:\/\/patagoniabooking.com\/en\/wp-json\/wp\/v2\/product_brand?post=37"},{"taxonomy":"product_cat","embeddable":true,"href":"https:\/\/patagoniabooking.com\/en\/wp-json\/wp\/v2\/product_cat?post=37"},{"taxonomy":"product_tag","embeddable":true,"href":"https:\/\/patagoniabooking.com\/en\/wp-json\/wp\/v2\/product_tag?post=37"}],"curies":[{"name":"wp","href":"https:\/\/api.w.org\/{rel}","templated":true}]}}