{"id":33,"date":"2025-06-12T10:35:10","date_gmt":"2025-06-12T13:35:10","guid":{"rendered":"https:\/\/patagoniabooking.shop\/product\/rafting-al-limite-con-chile-sin-traslado\/"},"modified":"2026-03-31T12:13:19","modified_gmt":"2026-03-31T15:13:19","slug":"reserva-tu-aventura-hasta-chile-rapidos-del-manso-sin-traslado","status":"publish","type":"product","link":"https:\/\/patagoniabooking.com\/en\/product\/book-your-adventure-to-chile-manso-rapids-without-transfer\/","title":{"rendered":"Book your Adventure to Chile - Rapids of the Manso Without Transfer"},"content":{"rendered":"<h2 class=\"ai-optimize-6\">River Adventure at the Border with Chile<\/h2>\n<p class=\"ai-optimize-7 ai-optimize-introduction\">Dare to experience a <strong>vibrant day of rafting<\/strong> that will immerse you in the purest nature. This journey highlights the grandeur of the Manso River, where the dizzying class <strong>3 and 4<\/strong> rapids.<\/p>\n<h3 class=\"ai-optimize-8\">set the pace, guiding you to the very border with Chile.<\/h3>\n<p class=\"ai-optimize-9\">Start of the Adventure.<\/p>\n<h3 class=\"ai-optimize-10\">The day begins at our previously agreed meeting point. From there, we head to the base. Everything is included at no extra charge. Before setting off, our specialized guides will provide you with the essential gear\u2014wetsuit, helmet, and life jacket\u2014fully focused on your peace of mind and protection.<\/h3>\n<ul>\n<li class=\"ai-optimize-11\"><strong>Recorrido:<\/strong> Descent down the Manso River <strong>More than<\/strong> 10 km <strong>rowing along the Manso River, with an estimated duration of<\/strong>.<\/li>\n<li class=\"ai-optimize-12\"><strong>2 hours<\/strong> Adrenaline: <strong>Go through exciting grade<\/strong>.<\/li>\n<li class=\"ai-optimize-13\">III\/IV.<\/li>\n<\/ul>\n<h3 class=\"ai-optimize-14\">Food Options<\/h3>\n<p class=\"ai-optimize-15\">At the end of the experience, you can stay for lunch at the lodge. Lunch is optional and not included, but there are options for <strong>barbecue<\/strong>, <strong>pasta<\/strong> or salads, paying separately.<\/p>\n<h3 class=\"ai-optimize-16\">Recommendations to Make the Most of It<\/h3>\n<ul>\n<li class=\"ai-optimize-17\">Ideal for <strong>young people and adults<\/strong> from <strong>14 years old<\/strong> and up.<\/li>\n<li class=\"ai-optimize-18\">We suggest bringing <strong>a towel<\/strong> and extra dry clothes for after rafting.<\/li>\n<\/ul>\n<h3 class=\"ai-optimize-19\">Details for the No-Transfer Version<\/h3>\n<p class=\"ai-optimize-20\">If you prefer the no-transfer option, the meeting point is directly at our lodge at <strong data-start=\"372\" data-end=\"389\">Base Villegas<\/strong>, on <strong data-start=\"400\" data-end=\"417\">Route 83, Km 1, San Carlos de Bariloche, R\u00edo Negro.<\/strong>.<br data-start=\"418\" data-end=\"421\" \/>\ud83d\udccdSee map: <a class=\"\" href=\"https:\/\/maps.app.goo.gl\/NqbsUN6VB5Fnt7hVA\" target=\"_new\" rel=\"noopener\" data-start=\"449\" data-end=\"535\">https:\/\/maps.app.goo.gl\/NqbsUN6VB5Fnt7hVA<\/a><\/p>\n<h3 class=\"ai-optimize-21\">Everything You Need to Know<\/h3>\n<ul>\n<li class=\"ai-optimize-22\"><strong>Schedule:<\/strong> From <strong>9:00 a.m. to 6:00 p.m.<\/strong> approximately.<\/li>\n<li class=\"ai-optimize-23\"><strong>Includes:<\/strong> Rafting and provided equipment (wetsuit, life jacket, waterproof jacket, neoprene footwear, paddle, and helmet).<\/li>\n<li class=\"ai-optimize-24\"><strong>Does not include:<\/strong> Transportation, pick-up at accommodation, lunch, or breakfast.<\/li>\n<\/ul>\n<h2 class=\"ai-optimize-25\">Frequently Asked Questions<\/h2>\n<ul>\n<li class=\"ai-optimize-26\"><strong>What is the minimum required age?<\/strong><br \/>\nThe activity is suitable from age 14.<\/li>\n<li class=\"ai-optimize-27\"><strong>What items are included in the equipment?<\/strong><br \/>\nWe provide wetsuits, life jackets, helmets, boots, and paddles.<\/li>\n<li class=\"ai-optimize-28\"><strong>Is lunch included in the price?<\/strong><br \/>\nNo, lunch is extra; you\u2019ll be able to choose from several options at an additional cost.<\/li>\n<li class=\"ai-optimize-29\"><strong>Where is the meeting point located?<\/strong><br \/>\nBy choosing the option without transportation, we\u2019ll be waiting for you at the <strong data-start=\"372\" data-end=\"389\">Base Villegas<\/strong>, on <strong data-start=\"400\" data-end=\"417\">Route 83, Km 1, San Carlos de Bariloche, R\u00edo Negro.<br \/>\nView on Google Maps: <a class=\"\" href=\"https:\/\/maps.app.goo.gl\/NqbsUN6VB5Fnt7hVA\" target=\"_new\" rel=\"noopener\" data-start=\"449\" data-end=\"535\">https:\/\/maps.app.goo.gl\/NqbsUN6VB5Fnt7hVA<\/a><br \/>\n<\/strong><\/li>\n<\/ul>\n<p class=\"ai-optimize-22\">","protected":false},"excerpt":{"rendered":"<p class=\"ai-optimize-6\">Experience rafting on the Manso River without worrying about transfers. Go through Class III\/IV rapids. Recommended for ages 14 and up, this program combines action, nature, and incredible views.<\/p>","protected":false},"featured_media":377822,"comment_status":"open","ping_status":"closed","template":"","meta":[],"product_brand":[],"product_cat":[26,28,31,38,40,42,43,48],"product_tag":[],"class_list":{"0":"post-33","1":"product","2":"type-product","3":"status-publish","4":"has-post-thumbnail","6":"product_cat-adultos","7":"product_cat-aventura","8":"product_cat-familia","9":"product_cat-otono","10":"product_cat-primavera","11":"product_cat-sin-comida","12":"product_cat-sin-traslado","13":"product_cat-verano","15":"first","16":"instock","17":"virtual","18":"sold-individually","19":"purchasable","20":"product-type-booking"},"booking_location":"","booking_location_type":"","booking_duration":1,"booking_duration_unit":"hour","booking_buffer":0,"booking_cost":0,"booking_resources":[],"exclude_global_add_ons":false,"addons":[{"name":"ADU | Adult","type":"input_multiplier","position":0,"required":false,"title_format":"label","default":"","description_enable":false,"description":"","placeholder_enable":false,"placeholder":"","display":"select","restrictions_type":"any_text","adjust_price":true,"price":"140400","price_type":"quantity_based","restrictions":false,"min":"0","max":"0","options":[],"id":1773236380},{"name":"EXTRA | Companion","type":"input_multiplier","position":1,"required":false,"title_format":"label","default":"","description_enable":false,"description":"","placeholder_enable":false,"placeholder":"","display":"select","restrictions_type":"any_text","adjust_price":true,"price":"70200","price_type":"quantity_based","restrictions":false,"min":"0","max":"0","options":[],"id":1773236381},{"name":"MEN1418 | from 14 to 18","type":"input_multiplier","position":2,"required":false,"title_format":"label","default":"","description_enable":false,"description":"","placeholder_enable":false,"placeholder":"","display":"select","restrictions_type":"any_text","adjust_price":true,"price":"140400","price_type":"quantity_based","restrictions":false,"min":"0","max":"0","options":[],"id":1773236382}],"yoast_head":"<!-- This site is optimized with the Yoast SEO Premium plugin v25.2 (Yoast SEO v25.2) - https:\/\/yoast.com\/wordpress\/plugins\/seo\/ -->\n<title>Reserva tu Aventura hasta Chile \u2013 R\u00e1pidos del Manso Sin Traslado - Patagonia Booking<\/title>\n<meta name=\"description\" content=\"Explor\u00e1 el R\u00edo Manso hasta la frontera con Chile. Presentate en Base Villegas, equipo incluido, gu\u00edas expertos y confirmaci\u00f3n inmediata.\" \/>\n<meta name=\"robots\" content=\"index, follow, max-snippet:-1, max-image-preview:large, max-video-preview:-1\" \/>\n<link rel=\"canonical\" href=\"https:\/\/patagoniabooking.com\/en\/product\/book-your-adventure-to-chile-manso-rapids-without-transfer\/\" \/>\n<meta property=\"og:locale\" content=\"en_US\" \/>\n<meta property=\"og:type\" content=\"article\" \/>\n<meta property=\"og:title\" content=\"Reserva tu Aventura hasta Chile \u2013 R\u00e1pidos del Manso Sin Traslado\" \/>\n<meta property=\"og:description\" content=\"Explor\u00e1 el R\u00edo Manso hasta la frontera con Chile. Presentate en Base Villegas, equipo incluido, gu\u00edas expertos y confirmaci\u00f3n inmediata.\" \/>\n<meta property=\"og:url\" content=\"https:\/\/patagoniabooking.com\/en\/product\/book-your-adventure-to-chile-manso-rapids-without-transfer\/\" \/>\n<meta property=\"og:site_name\" content=\"Patagonia Booking\" \/>\n<meta property=\"article:modified_time\" content=\"2026-03-31T15:13:19+00:00\" \/>\n<meta property=\"og:image\" content=\"https:\/\/patagoniabooking.com\/wp-content\/uploads\/sites\/2\/2025\/06\/4-A-copia.jpg\" \/>\n\t<meta property=\"og:image:width\" content=\"992\" \/>\n\t<meta property=\"og:image:height\" content=\"1323\" \/>\n\t<meta property=\"og:image:type\" content=\"image\/jpeg\" \/>\n<meta name=\"twitter:card\" content=\"summary_large_image\" \/>\n<meta name=\"twitter:label1\" content=\"Price\" \/>\n\t<meta name=\"twitter:data1\" content=\"&#036;140,400.00\" \/>\n\t<meta name=\"twitter:label2\" content=\"Availability\" \/>\n\t<meta name=\"twitter:data2\" content=\"In stock\" \/>\n<script type=\"application\/ld+json\" class=\"yoast-schema-graph\">{\"@context\":\"https:\/\/schema.org\",\"@graph\":[{\"@type\":\"WebPage\",\"@id\":\"https:\/\/patagoniabooking.com\/product\/reserva-tu-aventura-hasta-chile-rapidos-del-manso-sin-traslado\/\",\"url\":\"https:\/\/patagoniabooking.com\/product\/reserva-tu-aventura-hasta-chile-rapidos-del-manso-sin-traslado\/\",\"name\":\"Reserva tu Aventura hasta Chile \u2013 R\u00e1pidos del Manso Sin Traslado - Patagonia Booking\",\"isPartOf\":{\"@id\":\"https:\/\/patagoniabooking.com\/#website\"},\"primaryImageOfPage\":{\"@id\":\"https:\/\/patagoniabooking.com\/product\/reserva-tu-aventura-hasta-chile-rapidos-del-manso-sin-traslado\/#primaryimage\"},\"image\":{\"@id\":\"https:\/\/patagoniabooking.com\/product\/reserva-tu-aventura-hasta-chile-rapidos-del-manso-sin-traslado\/#primaryimage\"},\"thumbnailUrl\":\"https:\/\/patagoniabooking.com\/wp-content\/uploads\/sites\/2\/2025\/06\/4-A-copia.jpg\",\"datePublished\":\"2025-06-12T13:35:10+00:00\",\"dateModified\":\"2026-03-31T15:13:19+00:00\",\"description\":\"Explor\u00e1 el R\u00edo Manso hasta la frontera con Chile. Presentate en Base Villegas, equipo incluido, gu\u00edas expertos y confirmaci\u00f3n inmediata.\",\"breadcrumb\":{\"@id\":\"https:\/\/patagoniabooking.com\/product\/reserva-tu-aventura-hasta-chile-rapidos-del-manso-sin-traslado\/#breadcrumb\"},\"inLanguage\":\"en-US\",\"potentialAction\":[{\"@type\":\"ReadAction\",\"target\":[\"https:\/\/patagoniabooking.com\/product\/reserva-tu-aventura-hasta-chile-rapidos-del-manso-sin-traslado\/\"]}]},{\"@type\":\"ImageObject\",\"inLanguage\":\"en-US\",\"@id\":\"https:\/\/patagoniabooking.com\/product\/reserva-tu-aventura-hasta-chile-rapidos-del-manso-sin-traslado\/#primaryimage\",\"url\":\"https:\/\/patagoniabooking.com\/wp-content\/uploads\/sites\/2\/2025\/06\/4-A-copia.jpg\",\"contentUrl\":\"https:\/\/patagoniabooking.com\/wp-content\/uploads\/sites\/2\/2025\/06\/4-A-copia.jpg\",\"width\":992,\"height\":1323},{\"@type\":\"BreadcrumbList\",\"@id\":\"https:\/\/patagoniabooking.com\/product\/reserva-tu-aventura-hasta-chile-rapidos-del-manso-sin-traslado\/#breadcrumb\",\"itemListElement\":[{\"@type\":\"ListItem\",\"position\":1,\"name\":\"Inicio\",\"item\":\"https:\/\/patagoniabooking.com\/\"},{\"@type\":\"ListItem\",\"position\":2,\"name\":\"Lista de excursiones\",\"item\":\"https:\/\/patagoniabooking.com\/shop\/\"},{\"@type\":\"ListItem\",\"position\":3,\"name\":\"Reserva tu Aventura hasta Chile \u2013 R\u00e1pidos del Manso Sin Traslado\"}]},{\"@type\":\"WebSite\",\"@id\":\"https:\/\/patagoniabooking.com\/#website\",\"url\":\"https:\/\/patagoniabooking.com\/\",\"name\":\"Patagonia Booking\",\"description\":\"\",\"publisher\":{\"@id\":\"https:\/\/patagoniabooking.com\/#organization\"},\"potentialAction\":[{\"@type\":\"SearchAction\",\"target\":{\"@type\":\"EntryPoint\",\"urlTemplate\":\"https:\/\/patagoniabooking.com\/?s={search_term_string}\"},\"query-input\":{\"@type\":\"PropertyValueSpecification\",\"valueRequired\":true,\"valueName\":\"search_term_string\"}}],\"inLanguage\":\"en-US\"},{\"@type\":\"Organization\",\"@id\":\"https:\/\/patagoniabooking.com\/#organization\",\"name\":\"Patagonia Booking\",\"url\":\"https:\/\/patagoniabooking.com\/\",\"logo\":{\"@type\":\"ImageObject\",\"inLanguage\":\"en-US\",\"@id\":\"https:\/\/patagoniabooking.com\/#\/schema\/logo\/image\/\",\"url\":\"https:\/\/patagoniabooking.com\/wp-content\/uploads\/sites\/2\/2025\/06\/logo-patagonia-booking.png\",\"contentUrl\":\"https:\/\/patagoniabooking.com\/wp-content\/uploads\/sites\/2\/2025\/06\/logo-patagonia-booking.png\",\"width\":80,\"height\":80,\"caption\":\"Patagonia Booking\"},\"image\":{\"@id\":\"https:\/\/patagoniabooking.com\/#\/schema\/logo\/image\/\"}}]}<\/script>\n<meta property=\"product:price:amount\" content=\"140400.00\" \/>\n<meta property=\"product:price:currency\" content=\"ARS\" \/>\n<meta property=\"og:availability\" content=\"instock\" \/>\n<meta property=\"product:availability\" content=\"instock\" \/>\n<meta property=\"product:retailer_item_id\" content=\"ADV2025RAALL\u00cd530P\" \/>\n<meta property=\"product:condition\" content=\"new\" \/>\n<!-- \/ Yoast SEO Premium plugin. -->","yoast_head_json":{"title":"Book Your Adventure to Chile \u2013 Manso Rapids Without Transfer - Patagonia Booking","description":"Explore the R\u00edo Manso up to the border with Chile. Check in at Base Villegas, equipment included, expert guides, and immediate confirmation.","robots":{"index":"index","follow":"follow","max-snippet":"max-snippet:-1","max-image-preview":"max-image-preview:large","max-video-preview":"max-video-preview:-1"},"canonical":"https:\/\/patagoniabooking.com\/en\/product\/book-your-adventure-to-chile-manso-rapids-without-transfer\/","og_locale":"en_US","og_type":"article","og_title":"Reserva tu Aventura hasta Chile \u2013 R\u00e1pidos del Manso Sin Traslado","og_description":"Explor\u00e1 el R\u00edo Manso hasta la frontera con Chile. Presentate en Base Villegas, equipo incluido, gu\u00edas expertos y confirmaci\u00f3n inmediata.","og_url":"https:\/\/patagoniabooking.com\/en\/product\/book-your-adventure-to-chile-manso-rapids-without-transfer\/","og_site_name":"Patagonia Booking","article_modified_time":"2026-03-31T15:13:19+00:00","og_image":[{"width":992,"height":1323,"url":"https:\/\/patagoniabooking.com\/wp-content\/uploads\/sites\/2\/2025\/06\/4-A-copia.jpg","type":"image\/jpeg"}],"twitter_card":"summary_large_image","twitter_misc":{"Price":"&#36;140,400.00","Availability":"In stock"},"schema":{"@context":"https:\/\/schema.org","@graph":[{"@type":"WebPage","@id":"https:\/\/patagoniabooking.com\/product\/reserva-tu-aventura-hasta-chile-rapidos-del-manso-sin-traslado\/","url":"https:\/\/patagoniabooking.com\/product\/reserva-tu-aventura-hasta-chile-rapidos-del-manso-sin-traslado\/","name":"Book Your Adventure to Chile \u2013 Manso Rapids Without Transfer - Patagonia Booking","isPartOf":{"@id":"https:\/\/patagoniabooking.com\/#website"},"primaryImageOfPage":{"@id":"https:\/\/patagoniabooking.com\/product\/reserva-tu-aventura-hasta-chile-rapidos-del-manso-sin-traslado\/#primaryimage"},"image":{"@id":"https:\/\/patagoniabooking.com\/product\/reserva-tu-aventura-hasta-chile-rapidos-del-manso-sin-traslado\/#primaryimage"},"thumbnailUrl":"https:\/\/patagoniabooking.com\/wp-content\/uploads\/sites\/2\/2025\/06\/4-A-copia.jpg","datePublished":"2025-06-12T13:35:10+00:00","dateModified":"2026-03-31T15:13:19+00:00","description":"Explore the R\u00edo Manso up to the border with Chile. Check in at Base Villegas, equipment included, expert guides, and immediate confirmation.","breadcrumb":{"@id":"https:\/\/patagoniabooking.com\/product\/reserva-tu-aventura-hasta-chile-rapidos-del-manso-sin-traslado\/#breadcrumb"},"inLanguage":"en-US","potentialAction":[{"@type":"ReadAction","target":["https:\/\/patagoniabooking.com\/product\/reserva-tu-aventura-hasta-chile-rapidos-del-manso-sin-traslado\/"]}]},{"@type":"ImageObject","inLanguage":"en-US","@id":"https:\/\/patagoniabooking.com\/product\/reserva-tu-aventura-hasta-chile-rapidos-del-manso-sin-traslado\/#primaryimage","url":"https:\/\/patagoniabooking.com\/wp-content\/uploads\/sites\/2\/2025\/06\/4-A-copia.jpg","contentUrl":"https:\/\/patagoniabooking.com\/wp-content\/uploads\/sites\/2\/2025\/06\/4-A-copia.jpg","width":992,"height":1323},{"@type":"BreadcrumbList","@id":"https:\/\/patagoniabooking.com\/product\/reserva-tu-aventura-hasta-chile-rapidos-del-manso-sin-traslado\/#breadcrumb","itemListElement":[{"@type":"ListItem","position":1,"name":"Inicio","item":"https:\/\/patagoniabooking.com\/"},{"@type":"ListItem","position":2,"name":"Lista de excursiones","item":"https:\/\/patagoniabooking.com\/shop\/"},{"@type":"ListItem","position":3,"name":"Reserva tu Aventura hasta Chile \u2013 R\u00e1pidos del Manso Sin Traslado"}]},{"@type":"WebSite","@id":"https:\/\/patagoniabooking.com\/#website","url":"https:\/\/patagoniabooking.com\/","name":"Patagonia Booking","description":"","publisher":{"@id":"https:\/\/patagoniabooking.com\/#organization"},"potentialAction":[{"@type":"SearchAction","target":{"@type":"EntryPoint","urlTemplate":"https:\/\/patagoniabooking.com\/?s={search_term_string}"},"query-input":{"@type":"PropertyValueSpecification","valueRequired":true,"valueName":"search_term_string"}}],"inLanguage":"en-US"},{"@type":"Organization","@id":"https:\/\/patagoniabooking.com\/#organization","name":"Patagonia Booking","url":"https:\/\/patagoniabooking.com\/","logo":{"@type":"ImageObject","inLanguage":"en-US","@id":"https:\/\/patagoniabooking.com\/#\/schema\/logo\/image\/","url":"https:\/\/patagoniabooking.com\/wp-content\/uploads\/sites\/2\/2025\/06\/logo-patagonia-booking.png","contentUrl":"https:\/\/patagoniabooking.com\/wp-content\/uploads\/sites\/2\/2025\/06\/logo-patagonia-booking.png","width":80,"height":80,"caption":"Patagonia Booking"},"image":{"@id":"https:\/\/patagoniabooking.com\/#\/schema\/logo\/image\/"}}]},"product_price_amount":"140400.00","product_price_currency":"ARS","og_availability":"instock","product_availability":"instock","product_retailer_item_id":"ADV2025RAALL\u00cd530P","product_condition":"new"},"_links":{"self":[{"href":"https:\/\/patagoniabooking.com\/en\/wp-json\/wp\/v2\/product\/33","targetHints":{"allow":["GET"]}}],"collection":[{"href":"https:\/\/patagoniabooking.com\/en\/wp-json\/wp\/v2\/product"}],"about":[{"href":"https:\/\/patagoniabooking.com\/en\/wp-json\/wp\/v2\/types\/product"}],"replies":[{"embeddable":true,"href":"https:\/\/patagoniabooking.com\/en\/wp-json\/wp\/v2\/comments?post=33"}],"wp:featuredmedia":[{"embeddable":true,"href":"https:\/\/patagoniabooking.com\/en\/wp-json\/wp\/v2\/media\/377822"}],"wp:attachment":[{"href":"https:\/\/patagoniabooking.com\/en\/wp-json\/wp\/v2\/media?parent=33"}],"wp:term":[{"taxonomy":"product_brand","embeddable":true,"href":"https:\/\/patagoniabooking.com\/en\/wp-json\/wp\/v2\/product_brand?post=33"},{"taxonomy":"product_cat","embeddable":true,"href":"https:\/\/patagoniabooking.com\/en\/wp-json\/wp\/v2\/product_cat?post=33"},{"taxonomy":"product_tag","embeddable":true,"href":"https:\/\/patagoniabooking.com\/en\/wp-json\/wp\/v2\/product_tag?post=33"}],"curies":[{"name":"wp","href":"https:\/\/api.w.org\/{rel}","templated":true}]}}