{"id":31,"date":"2025-06-12T10:34:25","date_gmt":"2025-06-12T13:34:25","guid":{"rendered":"https:\/\/patagoniabooking.shop\/product\/rafting-light-en-el-rio-manso-sin-traslado\/"},"modified":"2026-03-31T12:13:20","modified_gmt":"2026-03-31T15:13:20","slug":"rafting-rio-manso-sin-traslado-bariloche","status":"publish","type":"product","link":"https:\/\/patagoniabooking.com\/en\/product\/manso-river-rafting-without-transfer-bariloche\/","title":{"rendered":"Explore the Manso River - Easy Rafting with Immediate Online Reservation - No Transfer"},"content":{"rendered":"<h2 class=\"ai-optimize-6\">Live the Family Adventure on the Manso River<\/h2>\n<p class=\"ai-optimize-7 ai-optimize-introduction\">Join us for an unforgettable experience by choosing our <strong>gentle rafting on the Manso River<\/strong>, specially designed to share with the family. This aquatic journey was created to be simple and reliable, ideal for children as young as 5 years old. The calm rapids, level 1 and 2, ensure fun with total safety, being a great option for those who are new to rafting or looking to connect with nature and really relax.<\/p>\n<h3 class=\"ai-optimize-8\">Experience Data<\/h3>\n<ul>\n<li class=\"ai-optimize-9\"><strong>Duration:<\/strong> I lived 90 minutes of pure joy and adrenaline.<\/li>\n<li class=\"ai-optimize-10\"><strong>Recorrido:<\/strong> Discover 40 km of Patagonian landscapes and calm waters that create unique memories.<\/li>\n<li class=\"ai-optimize-11\"><strong>Equipment included:<\/strong> We provide you with all the safety equipment, such as wetsuits, helmets and life jackets.<\/li>\n<\/ul>\n<h3 class=\"ai-optimize-12\">Starting Point<\/h3>\n<p class=\"ai-optimize-13\">When you arrive at the meeting point, our team of experts will welcome you with the best vibes. Afterwards, you will listen to a short and simple talk about how to handle yourself on the raft. Everything is designed so that you only have to worry about enjoying yourself, no matter if you have previous experience or not.<\/p>\n<h3 class=\"ai-optimize-14\">Recommendations<\/h3>\n<p class=\"ai-optimize-15\"><strong>Don't forget to bring:<\/strong><\/p>\n<ul>\n<li class=\"ai-optimize-16\">A towel of your own.<\/li>\n<li class=\"ai-optimize-17\">Clothes to change into when you finish.<\/li>\n<li class=\"ai-optimize-18\">Comfortable footwear suitable for wet conditions.<\/li>\n<\/ul>\n<h3 class=\"ai-optimize-19\">How to Arrive on Your Own<\/h3>\n<p class=\"ai-optimize-20\">If you want to get there by your own means, the meeting point is the <strong>Base Villegas<\/strong> in the <strong>Route 83 Km 1.<\/strong> The day starts at 1:40 p.m., from where we leave in caravan towards the camp next to the Villegas River.<\/p>\n<h3 class=\"ai-optimize-21\">What's Included and What's Not<\/h3>\n<ul>\n<li class=\"ai-optimize-22\"><strong>Includes:<\/strong> All rafting with complete kit: wetsuit, vest, waterproof jacket, neoprene boots, paddles and helmet.<\/li>\n<li class=\"ai-optimize-23\"><strong>Not included:<\/strong> Transfers and meals (breakfast, snack or lunch).<\/li>\n<\/ul>\n<h2 class=\"ai-optimize-26\">Frequently Asked Questions<\/h2>\n<h3 class=\"ai-optimize-27\">What is the modality for those who do not hire a transfer?<\/h3>\n<p class=\"ai-optimize-28\" data-pm-slice=\"1 1 []\">If you prefer to come without a transfer, you just have to show up directly at our rafting stop, on the <strong>Villegas Base Ruta 83 Km 1.<\/strong><\/p>\n<h3 class=\"ai-optimize-29\">Is it possible to add a companion who does not participate in the rafting?<\/h3>\n<p class=\"ai-optimize-30\">Of course! You can bring someone else with you, paying <strong>only half of the value<\/strong> of the activity.<\/p>","protected":false},"excerpt":{"rendered":"<h2 class=\"ai-optimize-6\">Experience the Adventure of Rafting in the Manso River<\/h2>\n<p class=\"ai-optimize-7\">Spend a unique day with our proposal of soft rafting in the Manso River, perfect for family groups and children from 5 years old. Feel the calm and splendor of the natural environment while crossing class 1 and 2 rapids. If you prefer to arrive by your own means, we will meet you at the YPF-ACA station. Don't miss this experience!<\/p>","protected":false},"featured_media":377826,"comment_status":"open","ping_status":"closed","template":"","meta":[],"product_brand":[],"product_cat":[26,28,31,37,40,42,43,48],"product_tag":[],"class_list":{"0":"post-31","1":"product","2":"type-product","3":"status-publish","4":"has-post-thumbnail","6":"product_cat-adultos","7":"product_cat-aventura","8":"product_cat-familia","9":"product_cat-ninos","10":"product_cat-primavera","11":"product_cat-sin-comida","12":"product_cat-sin-traslado","13":"product_cat-verano","15":"first","16":"instock","17":"virtual","18":"sold-individually","19":"purchasable","20":"product-type-booking"},"booking_location":"","booking_location_type":"","booking_duration":1,"booking_duration_unit":"hour","booking_buffer":0,"booking_cost":0,"booking_resources":[],"exclude_global_add_ons":false,"addons":[{"name":"ADU | Adult","type":"input_multiplier","position":0,"required":false,"title_format":"label","default":"","description_enable":false,"description":"","placeholder_enable":false,"placeholder":"","display":"select","restrictions_type":"any_text","adjust_price":true,"price":"75000","price_type":"quantity_based","restrictions":false,"min":"0","max":"0","options":[],"id":1773079069},{"name":"EXTRA | Companion","type":"input_multiplier","position":1,"required":false,"title_format":"label","default":"","description_enable":false,"description":"","placeholder_enable":false,"placeholder":"","display":"select","restrictions_type":"any_text","adjust_price":true,"price":"37500","price_type":"quantity_based","restrictions":false,"min":"0","max":"0","options":[],"id":1773079070},{"name":"MEN512 | from 5 to 12","type":"input_multiplier","position":2,"required":false,"title_format":"label","default":"","description_enable":false,"description":"","placeholder_enable":false,"placeholder":"","display":"select","restrictions_type":"any_text","adjust_price":true,"price":"75000","price_type":"quantity_based","restrictions":false,"min":"0","max":"0","options":[],"id":1773079071}],"yoast_head":"<!-- This site is optimized with the Yoast SEO Premium plugin v25.2 (Yoast SEO v25.2) - https:\/\/yoast.com\/wordpress\/plugins\/seo\/ -->\n<title>Rafting Familiar en el R\u00edo Manso | Aventura Asegurada - Patagonia Booking<\/title>\n<meta name=\"description\" content=\"Viv\u00ed el rafting familiar en el R\u00edo Manso sin traslado. R\u00e1pidos suaves, equipo completo y gu\u00edas expertos. Ideal para todas las edades. Reserva f\u00e1cil online.\" \/>\n<meta name=\"robots\" content=\"index, follow, max-snippet:-1, max-image-preview:large, max-video-preview:-1\" \/>\n<link rel=\"canonical\" href=\"https:\/\/patagoniabooking.com\/en\/product\/manso-river-rafting-without-transfer-bariloche\/\" \/>\n<meta property=\"og:locale\" content=\"en_US\" \/>\n<meta property=\"og:type\" content=\"article\" \/>\n<meta property=\"og:title\" content=\"Explor\u00e1 el R\u00edo Manso \u2013 Rafting F\u00e1cil con Reserva Online Inmediata- Sin traslado\" \/>\n<meta property=\"og:description\" content=\"Viv\u00ed el rafting familiar en el R\u00edo Manso sin traslado. R\u00e1pidos suaves, equipo completo y gu\u00edas expertos. Ideal para todas las edades. Reserva f\u00e1cil online.\" \/>\n<meta property=\"og:url\" content=\"https:\/\/patagoniabooking.com\/en\/product\/manso-river-rafting-without-transfer-bariloche\/\" \/>\n<meta property=\"og:site_name\" content=\"Patagonia Booking\" \/>\n<meta property=\"article:modified_time\" content=\"2026-03-31T15:13:20+00:00\" \/>\n<meta property=\"og:image\" content=\"https:\/\/patagoniabooking.com\/wp-content\/uploads\/sites\/2\/2025\/06\/4-A-Rafting-light-rio-Manso-11-copia.jpg\" \/>\n\t<meta property=\"og:image:width\" content=\"992\" \/>\n\t<meta property=\"og:image:height\" content=\"1323\" \/>\n\t<meta property=\"og:image:type\" content=\"image\/jpeg\" \/>\n<meta name=\"twitter:card\" content=\"summary_large_image\" \/>\n<meta name=\"twitter:label1\" content=\"Price\" \/>\n\t<meta name=\"twitter:data1\" content=\"&#036;75,000.00\" \/>\n\t<meta name=\"twitter:label2\" content=\"Availability\" \/>\n\t<meta name=\"twitter:data2\" content=\"In stock\" \/>\n<script type=\"application\/ld+json\" class=\"yoast-schema-graph\">{\"@context\":\"https:\/\/schema.org\",\"@graph\":[{\"@type\":\"WebPage\",\"@id\":\"https:\/\/patagoniabooking.com\/product\/rafting-rio-manso-sin-traslado-bariloche\/\",\"url\":\"https:\/\/patagoniabooking.com\/product\/rafting-rio-manso-sin-traslado-bariloche\/\",\"name\":\"Rafting Familiar en el R\u00edo Manso | Aventura Asegurada - Patagonia Booking\",\"isPartOf\":{\"@id\":\"https:\/\/patagoniabooking.com\/#website\"},\"primaryImageOfPage\":{\"@id\":\"https:\/\/patagoniabooking.com\/product\/rafting-rio-manso-sin-traslado-bariloche\/#primaryimage\"},\"image\":{\"@id\":\"https:\/\/patagoniabooking.com\/product\/rafting-rio-manso-sin-traslado-bariloche\/#primaryimage\"},\"thumbnailUrl\":\"https:\/\/patagoniabooking.com\/wp-content\/uploads\/sites\/2\/2025\/06\/4-A-Rafting-light-rio-Manso-11-copia.jpg\",\"datePublished\":\"2025-06-12T13:34:25+00:00\",\"dateModified\":\"2026-03-31T15:13:20+00:00\",\"description\":\"Viv\u00ed el rafting familiar en el R\u00edo Manso sin traslado. R\u00e1pidos suaves, equipo completo y gu\u00edas expertos. Ideal para todas las edades. Reserva f\u00e1cil online.\",\"breadcrumb\":{\"@id\":\"https:\/\/patagoniabooking.com\/product\/rafting-rio-manso-sin-traslado-bariloche\/#breadcrumb\"},\"inLanguage\":\"en-US\",\"potentialAction\":[{\"@type\":\"ReadAction\",\"target\":[\"https:\/\/patagoniabooking.com\/product\/rafting-rio-manso-sin-traslado-bariloche\/\"]}]},{\"@type\":\"ImageObject\",\"inLanguage\":\"en-US\",\"@id\":\"https:\/\/patagoniabooking.com\/product\/rafting-rio-manso-sin-traslado-bariloche\/#primaryimage\",\"url\":\"https:\/\/patagoniabooking.com\/wp-content\/uploads\/sites\/2\/2025\/06\/4-A-Rafting-light-rio-Manso-11-copia.jpg\",\"contentUrl\":\"https:\/\/patagoniabooking.com\/wp-content\/uploads\/sites\/2\/2025\/06\/4-A-Rafting-light-rio-Manso-11-copia.jpg\",\"width\":992,\"height\":1323},{\"@type\":\"BreadcrumbList\",\"@id\":\"https:\/\/patagoniabooking.com\/product\/rafting-rio-manso-sin-traslado-bariloche\/#breadcrumb\",\"itemListElement\":[{\"@type\":\"ListItem\",\"position\":1,\"name\":\"Inicio\",\"item\":\"https:\/\/patagoniabooking.com\/\"},{\"@type\":\"ListItem\",\"position\":2,\"name\":\"Lista de excursiones\",\"item\":\"https:\/\/patagoniabooking.com\/shop\/\"},{\"@type\":\"ListItem\",\"position\":3,\"name\":\"Explor\u00e1 el R\u00edo Manso \u2013 Rafting F\u00e1cil con Reserva Online Inmediata- Sin traslado\"}]},{\"@type\":\"WebSite\",\"@id\":\"https:\/\/patagoniabooking.com\/#website\",\"url\":\"https:\/\/patagoniabooking.com\/\",\"name\":\"Patagonia Booking\",\"description\":\"\",\"publisher\":{\"@id\":\"https:\/\/patagoniabooking.com\/#organization\"},\"potentialAction\":[{\"@type\":\"SearchAction\",\"target\":{\"@type\":\"EntryPoint\",\"urlTemplate\":\"https:\/\/patagoniabooking.com\/?s={search_term_string}\"},\"query-input\":{\"@type\":\"PropertyValueSpecification\",\"valueRequired\":true,\"valueName\":\"search_term_string\"}}],\"inLanguage\":\"en-US\"},{\"@type\":\"Organization\",\"@id\":\"https:\/\/patagoniabooking.com\/#organization\",\"name\":\"Patagonia Booking\",\"url\":\"https:\/\/patagoniabooking.com\/\",\"logo\":{\"@type\":\"ImageObject\",\"inLanguage\":\"en-US\",\"@id\":\"https:\/\/patagoniabooking.com\/#\/schema\/logo\/image\/\",\"url\":\"https:\/\/patagoniabooking.com\/wp-content\/uploads\/sites\/2\/2025\/06\/logo-patagonia-booking.png\",\"contentUrl\":\"https:\/\/patagoniabooking.com\/wp-content\/uploads\/sites\/2\/2025\/06\/logo-patagonia-booking.png\",\"width\":80,\"height\":80,\"caption\":\"Patagonia Booking\"},\"image\":{\"@id\":\"https:\/\/patagoniabooking.com\/#\/schema\/logo\/image\/\"}}]}<\/script>\n<meta property=\"product:price:amount\" content=\"75000.00\" \/>\n<meta property=\"product:price:currency\" content=\"ARS\" \/>\n<meta property=\"og:availability\" content=\"instock\" \/>\n<meta property=\"product:availability\" content=\"instock\" \/>\n<meta property=\"product:retailer_item_id\" content=\"ADV2025RALIENTUFA\" \/>\n<meta property=\"product:condition\" content=\"new\" \/>\n<!-- \/ Yoast SEO Premium plugin. -->","yoast_head_json":{"title":"Family Rafting on the Manso River - Adventure Assured - Patagonia Booking","description":"Experience family rafting on the Manso River without transfer. Smooth rapids, full equipment and expert guides. Ideal for all ages. Easy online reservation.","robots":{"index":"index","follow":"follow","max-snippet":"max-snippet:-1","max-image-preview":"max-image-preview:large","max-video-preview":"max-video-preview:-1"},"canonical":"https:\/\/patagoniabooking.com\/en\/product\/manso-river-rafting-without-transfer-bariloche\/","og_locale":"en_US","og_type":"article","og_title":"Explor\u00e1 el R\u00edo Manso \u2013 Rafting F\u00e1cil con Reserva Online Inmediata- Sin traslado","og_description":"Viv\u00ed el rafting familiar en el R\u00edo Manso sin traslado. R\u00e1pidos suaves, equipo completo y gu\u00edas expertos. Ideal para todas las edades. Reserva f\u00e1cil online.","og_url":"https:\/\/patagoniabooking.com\/en\/product\/manso-river-rafting-without-transfer-bariloche\/","og_site_name":"Patagonia Booking","article_modified_time":"2026-03-31T15:13:20+00:00","og_image":[{"width":992,"height":1323,"url":"https:\/\/patagoniabooking.com\/wp-content\/uploads\/sites\/2\/2025\/06\/4-A-Rafting-light-rio-Manso-11-copia.jpg","type":"image\/jpeg"}],"twitter_card":"summary_large_image","twitter_misc":{"Price":"&#36;75,000.00","Availability":"In stock"},"schema":{"@context":"https:\/\/schema.org","@graph":[{"@type":"WebPage","@id":"https:\/\/patagoniabooking.com\/product\/rafting-rio-manso-sin-traslado-bariloche\/","url":"https:\/\/patagoniabooking.com\/product\/rafting-rio-manso-sin-traslado-bariloche\/","name":"Family Rafting on the Manso River - Adventure Assured - Patagonia Booking","isPartOf":{"@id":"https:\/\/patagoniabooking.com\/#website"},"primaryImageOfPage":{"@id":"https:\/\/patagoniabooking.com\/product\/rafting-rio-manso-sin-traslado-bariloche\/#primaryimage"},"image":{"@id":"https:\/\/patagoniabooking.com\/product\/rafting-rio-manso-sin-traslado-bariloche\/#primaryimage"},"thumbnailUrl":"https:\/\/patagoniabooking.com\/wp-content\/uploads\/sites\/2\/2025\/06\/4-A-Rafting-light-rio-Manso-11-copia.jpg","datePublished":"2025-06-12T13:34:25+00:00","dateModified":"2026-03-31T15:13:20+00:00","description":"Experience family rafting on the Manso River without transfer. Smooth rapids, full equipment and expert guides. Ideal for all ages. Easy online reservation.","breadcrumb":{"@id":"https:\/\/patagoniabooking.com\/product\/rafting-rio-manso-sin-traslado-bariloche\/#breadcrumb"},"inLanguage":"en-US","potentialAction":[{"@type":"ReadAction","target":["https:\/\/patagoniabooking.com\/product\/rafting-rio-manso-sin-traslado-bariloche\/"]}]},{"@type":"ImageObject","inLanguage":"en-US","@id":"https:\/\/patagoniabooking.com\/product\/rafting-rio-manso-sin-traslado-bariloche\/#primaryimage","url":"https:\/\/patagoniabooking.com\/wp-content\/uploads\/sites\/2\/2025\/06\/4-A-Rafting-light-rio-Manso-11-copia.jpg","contentUrl":"https:\/\/patagoniabooking.com\/wp-content\/uploads\/sites\/2\/2025\/06\/4-A-Rafting-light-rio-Manso-11-copia.jpg","width":992,"height":1323},{"@type":"BreadcrumbList","@id":"https:\/\/patagoniabooking.com\/product\/rafting-rio-manso-sin-traslado-bariloche\/#breadcrumb","itemListElement":[{"@type":"ListItem","position":1,"name":"Inicio","item":"https:\/\/patagoniabooking.com\/"},{"@type":"ListItem","position":2,"name":"Lista de excursiones","item":"https:\/\/patagoniabooking.com\/shop\/"},{"@type":"ListItem","position":3,"name":"Explor\u00e1 el R\u00edo Manso \u2013 Rafting F\u00e1cil con Reserva Online Inmediata- Sin traslado"}]},{"@type":"WebSite","@id":"https:\/\/patagoniabooking.com\/#website","url":"https:\/\/patagoniabooking.com\/","name":"Patagonia Booking","description":"","publisher":{"@id":"https:\/\/patagoniabooking.com\/#organization"},"potentialAction":[{"@type":"SearchAction","target":{"@type":"EntryPoint","urlTemplate":"https:\/\/patagoniabooking.com\/?s={search_term_string}"},"query-input":{"@type":"PropertyValueSpecification","valueRequired":true,"valueName":"search_term_string"}}],"inLanguage":"en-US"},{"@type":"Organization","@id":"https:\/\/patagoniabooking.com\/#organization","name":"Patagonia Booking","url":"https:\/\/patagoniabooking.com\/","logo":{"@type":"ImageObject","inLanguage":"en-US","@id":"https:\/\/patagoniabooking.com\/#\/schema\/logo\/image\/","url":"https:\/\/patagoniabooking.com\/wp-content\/uploads\/sites\/2\/2025\/06\/logo-patagonia-booking.png","contentUrl":"https:\/\/patagoniabooking.com\/wp-content\/uploads\/sites\/2\/2025\/06\/logo-patagonia-booking.png","width":80,"height":80,"caption":"Patagonia Booking"},"image":{"@id":"https:\/\/patagoniabooking.com\/#\/schema\/logo\/image\/"}}]},"product_price_amount":"75000.00","product_price_currency":"ARS","og_availability":"instock","product_availability":"instock","product_retailer_item_id":"ADV2025RALIENTUFA","product_condition":"new"},"_links":{"self":[{"href":"https:\/\/patagoniabooking.com\/en\/wp-json\/wp\/v2\/product\/31","targetHints":{"allow":["GET"]}}],"collection":[{"href":"https:\/\/patagoniabooking.com\/en\/wp-json\/wp\/v2\/product"}],"about":[{"href":"https:\/\/patagoniabooking.com\/en\/wp-json\/wp\/v2\/types\/product"}],"replies":[{"embeddable":true,"href":"https:\/\/patagoniabooking.com\/en\/wp-json\/wp\/v2\/comments?post=31"}],"wp:featuredmedia":[{"embeddable":true,"href":"https:\/\/patagoniabooking.com\/en\/wp-json\/wp\/v2\/media\/377826"}],"wp:attachment":[{"href":"https:\/\/patagoniabooking.com\/en\/wp-json\/wp\/v2\/media?parent=31"}],"wp:term":[{"taxonomy":"product_brand","embeddable":true,"href":"https:\/\/patagoniabooking.com\/en\/wp-json\/wp\/v2\/product_brand?post=31"},{"taxonomy":"product_cat","embeddable":true,"href":"https:\/\/patagoniabooking.com\/en\/wp-json\/wp\/v2\/product_cat?post=31"},{"taxonomy":"product_tag","embeddable":true,"href":"https:\/\/patagoniabooking.com\/en\/wp-json\/wp\/v2\/product_tag?post=31"}],"curies":[{"name":"wp","href":"https:\/\/api.w.org\/{rel}","templated":true}]}}