{"id":30,"date":"2025-06-12T10:34:04","date_gmt":"2025-06-12T13:34:04","guid":{"rendered":"https:\/\/patagoniabooking.shop\/product\/rafting-light-en-el-rio-manso-con-traslado\/"},"modified":"2026-03-31T12:13:20","modified_gmt":"2026-03-31T15:13:20","slug":"explora-el-rio-manso-rafting-facil-con-reserva-online-inmediata","status":"publish","type":"product","link":"https:\/\/patagoniabooking.com\/en\/product\/explora-el-rio-manso-rafting-facil-con-reserva-online-inmediata\/","title":{"rendered":"Explore the Manso River - Easy Rafting with Immediate Online Booking"},"content":{"rendered":"<h2 class=\"ai-optimize-6\">Feel the power of the Manso with total peace of mind<\/h2>\n<p class=\"ai-optimize-7 ai-optimize-introduction\">Live the <strong>rafting adventure<\/strong> in the spectacular <strong>r\u00edo Manso<\/strong>, where excitement and the Patagonian surroundings meet at their finest. This <strong>gentle rafting<\/strong> option is designed for family groups and kids from 5 years old, ensuring an accessible and careful way to share nature. Navigate <strong>6 kilometers<\/strong> on <strong>grade 1 and 2<\/strong>, waters, ideal for those who are just starting out or looking to relax while floating among unique landscapes.<\/p>\n<h3 class=\"ai-optimize-8\">Experience an unforgettable journey<\/h3>\n<p class=\"ai-optimize-9\">At the meeting point, the <strong>certified guides<\/strong> will be ready to accompany you every step of the way and share their passion for this transformative experience.<\/p>\n<ul>\n<li class=\"ai-optimize-10\"><strong>All equipment included:<\/strong> wetsuit, helmet, life jacket, and essential safety gear.<\/li>\n<li class=\"ai-optimize-11\"><strong>Instructive talk:<\/strong> before getting on the boat, you will receive a brief explanation so you can enjoy rafting without worries.<\/li>\n<\/ul>\n<p class=\"ai-optimize-12\">During the trip, you\u2019ll be amazed by incredible views and you\u2019ll feel the river like never before. The ride lasts <strong>an hour and a half<\/strong> approximately, immersing you in full contact with nature.<\/p>\n<h3 class=\"ai-optimize-13\">Starting point<\/h3>\n<p class=\"ai-optimize-14\" data-pm-slice=\"1 1 []\">If you book with transfer, we leave from downtown Bariloche or from the meeting point we coordinate together depending on where you\u2019re staying.<\/p>\n<h3 class=\"ai-optimize-15\">Relax and Good Vibes<\/h3>\n<p class=\"ai-optimize-16\">At the end, you return to the base, where you can relax, talk about the day with the rest of the group, and recharge your energy to keep enjoying yourself.<\/p>\n<h3 class=\"ai-optimize-17\">Tips for Your Experience<\/h3>\n<ul>\n<li class=\"ai-optimize-18\"><strong>You must bring:<\/strong> towel, extra clothes, and suitable footwear that can handle the water.<\/li>\n<li class=\"ai-optimize-19\"><strong>Important to know:<\/strong> you may get some splashes during the excursion.<\/li>\n<\/ul>\n<p class=\"ai-optimize-20\">Don\u2019t miss out: dare to discover Patagonia from another angle. Book your spot and join in!<\/p>","protected":false},"excerpt":{"rendered":"<p class=\"ai-optimize-6\">I lived a unique adventure with gentle rafting on the Manso River. Ideal for those who are just starting out or looking to share with the family, this experience guarantees a safe and fun 6-kilometer route, where you can enjoy incredible views and moments full of adrenaline.<\/p>","protected":false},"featured_media":377827,"comment_status":"open","ping_status":"closed","template":"","meta":[],"product_brand":[],"product_cat":[26,28,30,31,37,38,40,42,48],"product_tag":[],"class_list":{"0":"post-30","1":"product","2":"type-product","3":"status-publish","4":"has-post-thumbnail","6":"product_cat-adultos","7":"product_cat-aventura","8":"product_cat-con-traslado","9":"product_cat-familia","10":"product_cat-ninos","11":"product_cat-otono","12":"product_cat-primavera","13":"product_cat-sin-comida","14":"product_cat-verano","16":"first","17":"instock","18":"virtual","19":"sold-individually","20":"purchasable","21":"product-type-booking"},"booking_location":"","booking_location_type":"","booking_duration":1,"booking_duration_unit":"hour","booking_buffer":0,"booking_cost":0,"booking_resources":[],"exclude_global_add_ons":false,"addons":[{"name":"ADU | Adult","type":"input_multiplier","position":0,"required":false,"title_format":"label","default":"","description_enable":false,"description":"","placeholder_enable":false,"placeholder":"","display":"select","restrictions_type":"any_text","adjust_price":true,"price":"90000","price_type":"quantity_based","restrictions":false,"min":"0","max":"0","options":[],"id":1773236862},{"name":"EXTRA | Companion","type":"input_multiplier","position":1,"required":false,"title_format":"label","default":"","description_enable":false,"description":"","placeholder_enable":false,"placeholder":"","display":"select","restrictions_type":"any_text","adjust_price":true,"price":"45000","price_type":"quantity_based","restrictions":false,"min":"0","max":"0","options":[],"id":1773236863},{"name":"MEN512 | from 5 to 12","type":"input_multiplier","position":2,"required":false,"title_format":"label","default":"","description_enable":false,"description":"","placeholder_enable":false,"placeholder":"","display":"select","restrictions_type":"any_text","adjust_price":true,"price":"90000","price_type":"quantity_based","restrictions":false,"min":"0","max":"0","options":[],"id":1773236864}],"yoast_head":"<!-- This site is optimized with the Yoast SEO Premium plugin v25.2 (Yoast SEO v25.2) - https:\/\/yoast.com\/wordpress\/plugins\/seo\/ -->\n<title>Explor\u00e1 el R\u00edo Manso \u2013 Rafting F\u00e1cil con Reserva Online Inmediata - Patagonia Booking<\/title>\n<meta name=\"description\" content=\"Reserve su rafting en el R\u00edo Manso con Patagonia Booking. Actividad segura, confirmaci\u00f3n inmediata y gu\u00edas profesionales en Bariloche, Argentina.\" \/>\n<meta name=\"robots\" content=\"index, follow, max-snippet:-1, max-image-preview:large, max-video-preview:-1\" \/>\n<link rel=\"canonical\" href=\"https:\/\/patagoniabooking.com\/en\/product\/explora-el-rio-manso-rafting-facil-con-reserva-online-inmediata\/\" \/>\n<meta property=\"og:locale\" content=\"en_US\" \/>\n<meta property=\"og:type\" content=\"article\" \/>\n<meta property=\"og:title\" content=\"Explor\u00e1 el R\u00edo Manso \u2013 Rafting F\u00e1cil con Reserva Online Inmediata\" \/>\n<meta property=\"og:description\" content=\"Reserve su rafting en el R\u00edo Manso con Patagonia Booking. Actividad segura, confirmaci\u00f3n inmediata y gu\u00edas profesionales en Bariloche, Argentina.\" \/>\n<meta property=\"og:url\" content=\"https:\/\/patagoniabooking.com\/en\/product\/explora-el-rio-manso-rafting-facil-con-reserva-online-inmediata\/\" \/>\n<meta property=\"og:site_name\" content=\"Patagonia Booking\" \/>\n<meta property=\"article:modified_time\" content=\"2026-03-31T15:13:20+00:00\" \/>\n<meta property=\"og:image\" content=\"https:\/\/patagoniabooking.com\/wp-content\/uploads\/sites\/2\/2025\/06\/4-B-Rafting-light-rio-Manso-9-copia.jpg\" \/>\n\t<meta property=\"og:image:width\" content=\"992\" \/>\n\t<meta property=\"og:image:height\" content=\"1323\" \/>\n\t<meta property=\"og:image:type\" content=\"image\/jpeg\" \/>\n<meta name=\"twitter:card\" content=\"summary_large_image\" \/>\n<meta name=\"twitter:label1\" content=\"Price\" \/>\n\t<meta name=\"twitter:data1\" content=\"&#036;90,000.00\" \/>\n\t<meta name=\"twitter:label2\" content=\"Availability\" \/>\n\t<meta name=\"twitter:data2\" content=\"In stock\" \/>\n<script type=\"application\/ld+json\" class=\"yoast-schema-graph\">{\"@context\":\"https:\/\/schema.org\",\"@graph\":[{\"@type\":\"WebPage\",\"@id\":\"https:\/\/patagoniabooking.com\/product\/explora-el-rio-manso-rafting-facil-con-reserva-online-inmediata\/\",\"url\":\"https:\/\/patagoniabooking.com\/product\/explora-el-rio-manso-rafting-facil-con-reserva-online-inmediata\/\",\"name\":\"Explor\u00e1 el R\u00edo Manso \u2013 Rafting F\u00e1cil con Reserva Online Inmediata - Patagonia Booking\",\"isPartOf\":{\"@id\":\"https:\/\/patagoniabooking.com\/#website\"},\"primaryImageOfPage\":{\"@id\":\"https:\/\/patagoniabooking.com\/product\/explora-el-rio-manso-rafting-facil-con-reserva-online-inmediata\/#primaryimage\"},\"image\":{\"@id\":\"https:\/\/patagoniabooking.com\/product\/explora-el-rio-manso-rafting-facil-con-reserva-online-inmediata\/#primaryimage\"},\"thumbnailUrl\":\"https:\/\/patagoniabooking.com\/wp-content\/uploads\/sites\/2\/2025\/06\/4-B-Rafting-light-rio-Manso-9-copia.jpg\",\"datePublished\":\"2025-06-12T13:34:04+00:00\",\"dateModified\":\"2026-03-31T15:13:20+00:00\",\"description\":\"Reserve su rafting en el R\u00edo Manso con Patagonia Booking. Actividad segura, confirmaci\u00f3n inmediata y gu\u00edas profesionales en Bariloche, Argentina.\",\"breadcrumb\":{\"@id\":\"https:\/\/patagoniabooking.com\/product\/explora-el-rio-manso-rafting-facil-con-reserva-online-inmediata\/#breadcrumb\"},\"inLanguage\":\"en-US\",\"potentialAction\":[{\"@type\":\"ReadAction\",\"target\":[\"https:\/\/patagoniabooking.com\/product\/explora-el-rio-manso-rafting-facil-con-reserva-online-inmediata\/\"]}]},{\"@type\":\"ImageObject\",\"inLanguage\":\"en-US\",\"@id\":\"https:\/\/patagoniabooking.com\/product\/explora-el-rio-manso-rafting-facil-con-reserva-online-inmediata\/#primaryimage\",\"url\":\"https:\/\/patagoniabooking.com\/wp-content\/uploads\/sites\/2\/2025\/06\/4-B-Rafting-light-rio-Manso-9-copia.jpg\",\"contentUrl\":\"https:\/\/patagoniabooking.com\/wp-content\/uploads\/sites\/2\/2025\/06\/4-B-Rafting-light-rio-Manso-9-copia.jpg\",\"width\":992,\"height\":1323},{\"@type\":\"BreadcrumbList\",\"@id\":\"https:\/\/patagoniabooking.com\/product\/explora-el-rio-manso-rafting-facil-con-reserva-online-inmediata\/#breadcrumb\",\"itemListElement\":[{\"@type\":\"ListItem\",\"position\":1,\"name\":\"Inicio\",\"item\":\"https:\/\/patagoniabooking.com\/\"},{\"@type\":\"ListItem\",\"position\":2,\"name\":\"Lista de excursiones\",\"item\":\"https:\/\/patagoniabooking.com\/shop\/\"},{\"@type\":\"ListItem\",\"position\":3,\"name\":\"Explor\u00e1 el R\u00edo Manso \u2013 Rafting F\u00e1cil con Reserva Online Inmediata\"}]},{\"@type\":\"WebSite\",\"@id\":\"https:\/\/patagoniabooking.com\/#website\",\"url\":\"https:\/\/patagoniabooking.com\/\",\"name\":\"Patagonia Booking\",\"description\":\"\",\"publisher\":{\"@id\":\"https:\/\/patagoniabooking.com\/#organization\"},\"potentialAction\":[{\"@type\":\"SearchAction\",\"target\":{\"@type\":\"EntryPoint\",\"urlTemplate\":\"https:\/\/patagoniabooking.com\/?s={search_term_string}\"},\"query-input\":{\"@type\":\"PropertyValueSpecification\",\"valueRequired\":true,\"valueName\":\"search_term_string\"}}],\"inLanguage\":\"en-US\"},{\"@type\":\"Organization\",\"@id\":\"https:\/\/patagoniabooking.com\/#organization\",\"name\":\"Patagonia Booking\",\"url\":\"https:\/\/patagoniabooking.com\/\",\"logo\":{\"@type\":\"ImageObject\",\"inLanguage\":\"en-US\",\"@id\":\"https:\/\/patagoniabooking.com\/#\/schema\/logo\/image\/\",\"url\":\"https:\/\/patagoniabooking.com\/wp-content\/uploads\/sites\/2\/2025\/06\/logo-patagonia-booking.png\",\"contentUrl\":\"https:\/\/patagoniabooking.com\/wp-content\/uploads\/sites\/2\/2025\/06\/logo-patagonia-booking.png\",\"width\":80,\"height\":80,\"caption\":\"Patagonia Booking\"},\"image\":{\"@id\":\"https:\/\/patagoniabooking.com\/#\/schema\/logo\/image\/\"}}]}<\/script>\n<meta property=\"product:price:amount\" content=\"90000.00\" \/>\n<meta property=\"product:price:currency\" content=\"ARS\" \/>\n<meta property=\"og:availability\" content=\"instock\" \/>\n<meta property=\"product:availability\" content=\"instock\" \/>\n<meta property=\"product:retailer_item_id\" content=\"ADV2025RALIENP3DA\" \/>\n<meta property=\"product:condition\" content=\"new\" \/>\n<!-- \/ Yoast SEO Premium plugin. -->","yoast_head_json":{"title":"Explor\u00e1 el R\u00edo Manso \u2013 Rafting F\u00e1cil con Reserva Online Inmediata - Patagonia Booking","description":"Reserve su rafting en el R\u00edo Manso con Patagonia Booking. Actividad segura, confirmaci\u00f3n inmediata y gu\u00edas profesionales en Bariloche, Argentina.","robots":{"index":"index","follow":"follow","max-snippet":"max-snippet:-1","max-image-preview":"max-image-preview:large","max-video-preview":"max-video-preview:-1"},"canonical":"https:\/\/patagoniabooking.com\/en\/product\/explora-el-rio-manso-rafting-facil-con-reserva-online-inmediata\/","og_locale":"en_US","og_type":"article","og_title":"Explor\u00e1 el R\u00edo Manso \u2013 Rafting F\u00e1cil con Reserva Online Inmediata","og_description":"Reserve su rafting en el R\u00edo Manso con Patagonia Booking. Actividad segura, confirmaci\u00f3n inmediata y gu\u00edas profesionales en Bariloche, Argentina.","og_url":"https:\/\/patagoniabooking.com\/en\/product\/explora-el-rio-manso-rafting-facil-con-reserva-online-inmediata\/","og_site_name":"Patagonia Booking","article_modified_time":"2026-03-31T15:13:20+00:00","og_image":[{"width":992,"height":1323,"url":"https:\/\/patagoniabooking.com\/wp-content\/uploads\/sites\/2\/2025\/06\/4-B-Rafting-light-rio-Manso-9-copia.jpg","type":"image\/jpeg"}],"twitter_card":"summary_large_image","twitter_misc":{"Price":"&#36;90,000.00","Availability":"In stock"},"schema":{"@context":"https:\/\/schema.org","@graph":[{"@type":"WebPage","@id":"https:\/\/patagoniabooking.com\/product\/explora-el-rio-manso-rafting-facil-con-reserva-online-inmediata\/","url":"https:\/\/patagoniabooking.com\/product\/explora-el-rio-manso-rafting-facil-con-reserva-online-inmediata\/","name":"Explor\u00e1 el R\u00edo Manso \u2013 Rafting F\u00e1cil con Reserva Online Inmediata - Patagonia Booking","isPartOf":{"@id":"https:\/\/patagoniabooking.com\/#website"},"primaryImageOfPage":{"@id":"https:\/\/patagoniabooking.com\/product\/explora-el-rio-manso-rafting-facil-con-reserva-online-inmediata\/#primaryimage"},"image":{"@id":"https:\/\/patagoniabooking.com\/product\/explora-el-rio-manso-rafting-facil-con-reserva-online-inmediata\/#primaryimage"},"thumbnailUrl":"https:\/\/patagoniabooking.com\/wp-content\/uploads\/sites\/2\/2025\/06\/4-B-Rafting-light-rio-Manso-9-copia.jpg","datePublished":"2025-06-12T13:34:04+00:00","dateModified":"2026-03-31T15:13:20+00:00","description":"Reserve su rafting en el R\u00edo Manso con Patagonia Booking. Actividad segura, confirmaci\u00f3n inmediata y gu\u00edas profesionales en Bariloche, Argentina.","breadcrumb":{"@id":"https:\/\/patagoniabooking.com\/product\/explora-el-rio-manso-rafting-facil-con-reserva-online-inmediata\/#breadcrumb"},"inLanguage":"en-US","potentialAction":[{"@type":"ReadAction","target":["https:\/\/patagoniabooking.com\/product\/explora-el-rio-manso-rafting-facil-con-reserva-online-inmediata\/"]}]},{"@type":"ImageObject","inLanguage":"en-US","@id":"https:\/\/patagoniabooking.com\/product\/explora-el-rio-manso-rafting-facil-con-reserva-online-inmediata\/#primaryimage","url":"https:\/\/patagoniabooking.com\/wp-content\/uploads\/sites\/2\/2025\/06\/4-B-Rafting-light-rio-Manso-9-copia.jpg","contentUrl":"https:\/\/patagoniabooking.com\/wp-content\/uploads\/sites\/2\/2025\/06\/4-B-Rafting-light-rio-Manso-9-copia.jpg","width":992,"height":1323},{"@type":"BreadcrumbList","@id":"https:\/\/patagoniabooking.com\/product\/explora-el-rio-manso-rafting-facil-con-reserva-online-inmediata\/#breadcrumb","itemListElement":[{"@type":"ListItem","position":1,"name":"Inicio","item":"https:\/\/patagoniabooking.com\/"},{"@type":"ListItem","position":2,"name":"Lista de excursiones","item":"https:\/\/patagoniabooking.com\/shop\/"},{"@type":"ListItem","position":3,"name":"Explor\u00e1 el R\u00edo Manso \u2013 Rafting F\u00e1cil con Reserva Online Inmediata"}]},{"@type":"WebSite","@id":"https:\/\/patagoniabooking.com\/#website","url":"https:\/\/patagoniabooking.com\/","name":"Patagonia Booking","description":"","publisher":{"@id":"https:\/\/patagoniabooking.com\/#organization"},"potentialAction":[{"@type":"SearchAction","target":{"@type":"EntryPoint","urlTemplate":"https:\/\/patagoniabooking.com\/?s={search_term_string}"},"query-input":{"@type":"PropertyValueSpecification","valueRequired":true,"valueName":"search_term_string"}}],"inLanguage":"en-US"},{"@type":"Organization","@id":"https:\/\/patagoniabooking.com\/#organization","name":"Patagonia Booking","url":"https:\/\/patagoniabooking.com\/","logo":{"@type":"ImageObject","inLanguage":"en-US","@id":"https:\/\/patagoniabooking.com\/#\/schema\/logo\/image\/","url":"https:\/\/patagoniabooking.com\/wp-content\/uploads\/sites\/2\/2025\/06\/logo-patagonia-booking.png","contentUrl":"https:\/\/patagoniabooking.com\/wp-content\/uploads\/sites\/2\/2025\/06\/logo-patagonia-booking.png","width":80,"height":80,"caption":"Patagonia Booking"},"image":{"@id":"https:\/\/patagoniabooking.com\/#\/schema\/logo\/image\/"}}]},"product_price_amount":"90000.00","product_price_currency":"ARS","og_availability":"instock","product_availability":"instock","product_retailer_item_id":"ADV2025RALIENP3DA","product_condition":"new"},"_links":{"self":[{"href":"https:\/\/patagoniabooking.com\/en\/wp-json\/wp\/v2\/product\/30","targetHints":{"allow":["GET"]}}],"collection":[{"href":"https:\/\/patagoniabooking.com\/en\/wp-json\/wp\/v2\/product"}],"about":[{"href":"https:\/\/patagoniabooking.com\/en\/wp-json\/wp\/v2\/types\/product"}],"replies":[{"embeddable":true,"href":"https:\/\/patagoniabooking.com\/en\/wp-json\/wp\/v2\/comments?post=30"}],"wp:featuredmedia":[{"embeddable":true,"href":"https:\/\/patagoniabooking.com\/en\/wp-json\/wp\/v2\/media\/377827"}],"wp:attachment":[{"href":"https:\/\/patagoniabooking.com\/en\/wp-json\/wp\/v2\/media?parent=30"}],"wp:term":[{"taxonomy":"product_brand","embeddable":true,"href":"https:\/\/patagoniabooking.com\/en\/wp-json\/wp\/v2\/product_brand?post=30"},{"taxonomy":"product_cat","embeddable":true,"href":"https:\/\/patagoniabooking.com\/en\/wp-json\/wp\/v2\/product_cat?post=30"},{"taxonomy":"product_tag","embeddable":true,"href":"https:\/\/patagoniabooking.com\/en\/wp-json\/wp\/v2\/product_tag?post=30"}],"curies":[{"name":"wp","href":"https:\/\/api.w.org\/{rel}","templated":true}]}}