{"id":29,"date":"2025-06-12T10:33:44","date_gmt":"2025-06-12T13:33:44","guid":{"rendered":"https:\/\/patagoniabooking.shop\/product\/circuito-chico-y-cerro-campanario-explora-bariloche-como-nunca-antes\/"},"modified":"2026-03-31T12:13:18","modified_gmt":"2026-03-31T15:13:18","slug":"circuito-chico-cerro-campanario","status":"publish","type":"product","link":"https:\/\/patagoniabooking.com\/en\/product\/cerro-campanario-small-circuit\/","title":{"rendered":"Circuito Chico and Cerro Campanario: explore Bariloche like never before"},"content":{"rendered":"<h3 class=\"ai-optimize-6\" data-start=\"417\" data-end=\"500\"><strong data-start=\"421\" data-end=\"500\">Breathtaking scenery, famous trails and landscapes that will thrill you<\/strong><\/h3>\n<p class=\"ai-optimize-7 ai-optimize-introduction\" data-start=\"502\" data-end=\"756\">Come and discover the best of Bariloche in just half a day with this ideal experience for those who enjoy nature, local culture and memorable views. The <strong data-start=\"677\" data-end=\"695\">Circuito Chico<\/strong> is the most practical way to start your trip in the city.<\/p>\n<p class=\"ai-optimize-8\" data-start=\"758\" data-end=\"1088\">The adventure starts at the meeting points between downtown and km 8 of Bustillo Av. or Pioneros Av. During the journey, you will admire the <strong data-start=\"910\" data-end=\"931\">Nahuel Huapi Lake<\/strong>, to see up close the majestic <strong data-start=\"957\" data-end=\"976\">Hotel Llao Llao<\/strong>, the charming <strong data-start=\"993\" data-end=\"1016\">St. Edward's Chapel<\/strong> and the <strong data-start=\"1022\" data-end=\"1040\">Puerto Pa\u00f1uelo<\/strong>, A classic starting point for lake excursions.<\/p>\n<p class=\"ai-optimize-9\" data-start=\"1090\" data-end=\"1241\">Add to that stops at <strong data-start=\"1125\" data-end=\"1140\">Villa Tacul<\/strong>, the mysterious <strong data-start=\"1145\" data-end=\"1163\">Hidden Lake<\/strong> and the imposing <strong data-start=\"1169\" data-end=\"1184\">Cerro Lopez<\/strong>, with moments to take your best pictures and enjoy the Patagonian air without rushing.<\/p>\n<p class=\"ai-optimize-10\" data-start=\"1243\" data-end=\"1484\">The tour ends at the <strong data-start=\"1272\" data-end=\"1292\">Cerro Campanario<\/strong>, where you can choose to take a chairlift and enjoy one of the best views of the planet. At the summit, the panoramas of hills, water mirrors and forests will take your breath away.<\/p>\n<p class=\"ai-optimize-11\" data-start=\"1486\" data-end=\"1665\">The excursion is available from 8:30 am to 12:30 pm or from 3:00 pm to 7:00 pm. It includes transfers and a qualified guide in Spanish (optional in two languages). The chairlift ticket and meals are not included in the price.<\/p>\n<h3 class=\"ai-optimize-12\" data-start=\"1672\" data-end=\"1700\"><strong data-start=\"1676\" data-end=\"1700\">Common questions<\/strong><\/h3>\n<p class=\"ai-optimize-13\" data-start=\"1702\" data-end=\"1844\"><strong data-start=\"1702\" data-end=\"1746\">Can this output be combined with another output?<\/strong><br data-start=\"1746\" data-end=\"1749\" \/>Yes, it is perfect to round off the day with a trip to the <strong data-start=\"1787\" data-end=\"1805\">Cerro Catedral<\/strong> or the <strong data-start=\"1813\" data-end=\"1830\">Victoria Island<\/strong> in the afternoon.<\/p>\n<p class=\"ai-optimize-14\" data-start=\"1846\" data-end=\"1951\"><strong data-start=\"1846\" data-end=\"1878\">Does it include the chairlift?<\/strong><br data-start=\"1878\" data-end=\"1881\" \/>No, the climb to Cerro Campanario is optional and paid separately.<\/p>\n<p class=\"ai-optimize-15\" data-start=\"1953\" data-end=\"2056\"><strong data-start=\"1953\" data-end=\"1986\">How do I enter the Llao Llao Llao Hotel?<\/strong><br data-start=\"1986\" data-end=\"1989\" \/>No. The tour contemplates the exterior view and its incredible surroundings.<\/p>\n<p class=\"ai-optimize-16\" data-start=\"2058\" data-end=\"2192\"><strong data-start=\"2058\" data-end=\"2082\">Is physical effort required?<\/strong><br data-start=\"2082\" data-end=\"2085\" \/>You don't need to be in good shape. It is an accessible proposal and highly recommended for those who have just arrived in Bariloche.<\/p>","protected":false},"excerpt":{"rendered":"<p class=\"ai-optimize-6\">Experience Bariloche with the Circuito Chico and the ascent to Cerro Campanario. Stroll along the picturesque Bustillo Avenue, contemplate the emblematic Llao Llao Llao Hotel and climb the Cerro Campanario to enjoy an unbeatable panoramic view. A ride where nature, comfort and adventure combine in a unique way.<\/p>","protected":false},"featured_media":377831,"comment_status":"open","ping_status":"closed","template":"","meta":[],"product_brand":[],"product_cat":[26,30,31,37,42,45,47],"product_tag":[],"class_list":{"0":"post-29","1":"product","2":"type-product","3":"status-publish","4":"has-post-thumbnail","6":"product_cat-adultos","7":"product_cat-con-traslado","8":"product_cat-familia","9":"product_cat-ninos","10":"product_cat-sin-comida","11":"product_cat-terrestre","12":"product_cat-todo-el-ano","14":"first","15":"instock","16":"virtual","17":"sold-individually","18":"purchasable","19":"product-type-booking"},"booking_location":"","booking_location_type":"","booking_duration":1,"booking_duration_unit":"hour","booking_buffer":0,"booking_cost":0,"booking_resources":[],"exclude_global_add_ons":false,"addons":[{"name":"STD | Passengers","type":"input_multiplier","position":0,"required":false,"title_format":"label","default":"","description_enable":false,"description":"","placeholder_enable":false,"placeholder":"","display":"select","restrictions_type":"any_text","adjust_price":true,"price":"23400","price_type":"flat_fee","restrictions":false,"min":"0","max":"0","options":[],"id":1773236982}],"yoast_head":"<!-- This site is optimized with the Yoast SEO Premium plugin v25.2 (Yoast SEO v25.2) - https:\/\/yoast.com\/wordpress\/plugins\/seo\/ -->\n<title>Circuito Chico y Cerro Campanario - Patagonia Booking<\/title>\n<meta name=\"description\" content=\"Descubr\u00ed el Circuito Chico y el Cerro Campanario. Lagos, miradores y paisajes ic\u00f3nicos de Bariloche. Un cl\u00e1sico de la ciudad.\" \/>\n<meta name=\"robots\" content=\"index, follow, max-snippet:-1, max-image-preview:large, max-video-preview:-1\" \/>\n<link rel=\"canonical\" href=\"https:\/\/patagoniabooking.com\/en\/product\/cerro-campanario-small-circuit\/\" \/>\n<meta property=\"og:locale\" content=\"en_US\" \/>\n<meta property=\"og:type\" content=\"article\" \/>\n<meta property=\"og:title\" content=\"Circuito Chico y Cerro Campanario: explor\u00e1 Bariloche como nunca antes\" \/>\n<meta property=\"og:description\" content=\"Descubr\u00ed el Circuito Chico y el Cerro Campanario. Lagos, miradores y paisajes ic\u00f3nicos de Bariloche. Un cl\u00e1sico de la ciudad.\" \/>\n<meta property=\"og:url\" content=\"https:\/\/patagoniabooking.com\/en\/product\/cerro-campanario-small-circuit\/\" \/>\n<meta property=\"og:site_name\" content=\"Patagonia Booking\" \/>\n<meta property=\"article:modified_time\" content=\"2026-03-31T15:13:18+00:00\" \/>\n<meta property=\"og:image\" content=\"https:\/\/patagoniabooking.com\/wp-content\/uploads\/sites\/2\/2025\/06\/4-B-DSC_0137-copia.jpg\" \/>\n\t<meta property=\"og:image:width\" content=\"992\" \/>\n\t<meta property=\"og:image:height\" content=\"1323\" \/>\n\t<meta property=\"og:image:type\" content=\"image\/jpeg\" \/>\n<meta name=\"twitter:card\" content=\"summary_large_image\" \/>\n<meta name=\"twitter:label1\" content=\"Price\" \/>\n\t<meta name=\"twitter:data1\" content=\"&#036;23,400.00\" \/>\n\t<meta name=\"twitter:label2\" content=\"Availability\" \/>\n\t<meta name=\"twitter:data2\" content=\"In stock\" \/>\n<script type=\"application\/ld+json\" class=\"yoast-schema-graph\">{\"@context\":\"https:\/\/schema.org\",\"@graph\":[{\"@type\":\"WebPage\",\"@id\":\"https:\/\/patagoniabooking.com\/product\/circuito-chico-cerro-campanario\/\",\"url\":\"https:\/\/patagoniabooking.com\/product\/circuito-chico-cerro-campanario\/\",\"name\":\"Circuito Chico y Cerro Campanario - Patagonia Booking\",\"isPartOf\":{\"@id\":\"https:\/\/patagoniabooking.com\/#website\"},\"primaryImageOfPage\":{\"@id\":\"https:\/\/patagoniabooking.com\/product\/circuito-chico-cerro-campanario\/#primaryimage\"},\"image\":{\"@id\":\"https:\/\/patagoniabooking.com\/product\/circuito-chico-cerro-campanario\/#primaryimage\"},\"thumbnailUrl\":\"https:\/\/patagoniabooking.com\/wp-content\/uploads\/sites\/2\/2025\/06\/4-B-DSC_0137-copia.jpg\",\"datePublished\":\"2025-06-12T13:33:44+00:00\",\"dateModified\":\"2026-03-31T15:13:18+00:00\",\"description\":\"Descubr\u00ed el Circuito Chico y el Cerro Campanario. Lagos, miradores y paisajes ic\u00f3nicos de Bariloche. Un cl\u00e1sico de la ciudad.\",\"breadcrumb\":{\"@id\":\"https:\/\/patagoniabooking.com\/product\/circuito-chico-cerro-campanario\/#breadcrumb\"},\"inLanguage\":\"en-US\",\"potentialAction\":[{\"@type\":\"ReadAction\",\"target\":[\"https:\/\/patagoniabooking.com\/product\/circuito-chico-cerro-campanario\/\"]}]},{\"@type\":\"ImageObject\",\"inLanguage\":\"en-US\",\"@id\":\"https:\/\/patagoniabooking.com\/product\/circuito-chico-cerro-campanario\/#primaryimage\",\"url\":\"https:\/\/patagoniabooking.com\/wp-content\/uploads\/sites\/2\/2025\/06\/4-B-DSC_0137-copia.jpg\",\"contentUrl\":\"https:\/\/patagoniabooking.com\/wp-content\/uploads\/sites\/2\/2025\/06\/4-B-DSC_0137-copia.jpg\",\"width\":992,\"height\":1323},{\"@type\":\"BreadcrumbList\",\"@id\":\"https:\/\/patagoniabooking.com\/product\/circuito-chico-cerro-campanario\/#breadcrumb\",\"itemListElement\":[{\"@type\":\"ListItem\",\"position\":1,\"name\":\"Inicio\",\"item\":\"https:\/\/patagoniabooking.com\/\"},{\"@type\":\"ListItem\",\"position\":2,\"name\":\"Lista de excursiones\",\"item\":\"https:\/\/patagoniabooking.com\/shop\/\"},{\"@type\":\"ListItem\",\"position\":3,\"name\":\"Circuito Chico y Cerro Campanario: explor\u00e1 Bariloche como nunca antes\"}]},{\"@type\":\"WebSite\",\"@id\":\"https:\/\/patagoniabooking.com\/#website\",\"url\":\"https:\/\/patagoniabooking.com\/\",\"name\":\"Patagonia Booking\",\"description\":\"\",\"publisher\":{\"@id\":\"https:\/\/patagoniabooking.com\/#organization\"},\"potentialAction\":[{\"@type\":\"SearchAction\",\"target\":{\"@type\":\"EntryPoint\",\"urlTemplate\":\"https:\/\/patagoniabooking.com\/?s={search_term_string}\"},\"query-input\":{\"@type\":\"PropertyValueSpecification\",\"valueRequired\":true,\"valueName\":\"search_term_string\"}}],\"inLanguage\":\"en-US\"},{\"@type\":\"Organization\",\"@id\":\"https:\/\/patagoniabooking.com\/#organization\",\"name\":\"Patagonia Booking\",\"url\":\"https:\/\/patagoniabooking.com\/\",\"logo\":{\"@type\":\"ImageObject\",\"inLanguage\":\"en-US\",\"@id\":\"https:\/\/patagoniabooking.com\/#\/schema\/logo\/image\/\",\"url\":\"https:\/\/patagoniabooking.com\/wp-content\/uploads\/sites\/2\/2025\/06\/logo-patagonia-booking.png\",\"contentUrl\":\"https:\/\/patagoniabooking.com\/wp-content\/uploads\/sites\/2\/2025\/06\/logo-patagonia-booking.png\",\"width\":80,\"height\":80,\"caption\":\"Patagonia Booking\"},\"image\":{\"@id\":\"https:\/\/patagoniabooking.com\/#\/schema\/logo\/image\/\"}}]}<\/script>\n<meta property=\"product:price:amount\" content=\"23400.00\" \/>\n<meta property=\"product:price:currency\" content=\"ARS\" \/>\n<meta property=\"og:availability\" content=\"instock\" \/>\n<meta property=\"product:availability\" content=\"instock\" \/>\n<meta property=\"product:retailer_item_id\" content=\"ADV2025CICHYC1KOR\" \/>\n<meta property=\"product:condition\" content=\"new\" \/>\n<!-- \/ Yoast SEO Premium plugin. -->","yoast_head_json":{"title":"Circuito Chico and Cerro Campanario - Patagonia Booking","description":"Discover the Circuito Chico and Cerro Campanario. Lakes, viewpoints and iconic landscapes of Bariloche. A classic of the city.","robots":{"index":"index","follow":"follow","max-snippet":"max-snippet:-1","max-image-preview":"max-image-preview:large","max-video-preview":"max-video-preview:-1"},"canonical":"https:\/\/patagoniabooking.com\/en\/product\/cerro-campanario-small-circuit\/","og_locale":"en_US","og_type":"article","og_title":"Circuito Chico y Cerro Campanario: explor\u00e1 Bariloche como nunca antes","og_description":"Descubr\u00ed el Circuito Chico y el Cerro Campanario. Lagos, miradores y paisajes ic\u00f3nicos de Bariloche. Un cl\u00e1sico de la ciudad.","og_url":"https:\/\/patagoniabooking.com\/en\/product\/cerro-campanario-small-circuit\/","og_site_name":"Patagonia Booking","article_modified_time":"2026-03-31T15:13:18+00:00","og_image":[{"width":992,"height":1323,"url":"https:\/\/patagoniabooking.com\/wp-content\/uploads\/sites\/2\/2025\/06\/4-B-DSC_0137-copia.jpg","type":"image\/jpeg"}],"twitter_card":"summary_large_image","twitter_misc":{"Price":"&#36;23,400.00","Availability":"In stock"},"schema":{"@context":"https:\/\/schema.org","@graph":[{"@type":"WebPage","@id":"https:\/\/patagoniabooking.com\/product\/circuito-chico-cerro-campanario\/","url":"https:\/\/patagoniabooking.com\/product\/circuito-chico-cerro-campanario\/","name":"Circuito Chico and Cerro Campanario - Patagonia Booking","isPartOf":{"@id":"https:\/\/patagoniabooking.com\/#website"},"primaryImageOfPage":{"@id":"https:\/\/patagoniabooking.com\/product\/circuito-chico-cerro-campanario\/#primaryimage"},"image":{"@id":"https:\/\/patagoniabooking.com\/product\/circuito-chico-cerro-campanario\/#primaryimage"},"thumbnailUrl":"https:\/\/patagoniabooking.com\/wp-content\/uploads\/sites\/2\/2025\/06\/4-B-DSC_0137-copia.jpg","datePublished":"2025-06-12T13:33:44+00:00","dateModified":"2026-03-31T15:13:18+00:00","description":"Discover the Circuito Chico and Cerro Campanario. Lakes, viewpoints and iconic landscapes of Bariloche. A classic of the city.","breadcrumb":{"@id":"https:\/\/patagoniabooking.com\/product\/circuito-chico-cerro-campanario\/#breadcrumb"},"inLanguage":"en-US","potentialAction":[{"@type":"ReadAction","target":["https:\/\/patagoniabooking.com\/product\/circuito-chico-cerro-campanario\/"]}]},{"@type":"ImageObject","inLanguage":"en-US","@id":"https:\/\/patagoniabooking.com\/product\/circuito-chico-cerro-campanario\/#primaryimage","url":"https:\/\/patagoniabooking.com\/wp-content\/uploads\/sites\/2\/2025\/06\/4-B-DSC_0137-copia.jpg","contentUrl":"https:\/\/patagoniabooking.com\/wp-content\/uploads\/sites\/2\/2025\/06\/4-B-DSC_0137-copia.jpg","width":992,"height":1323},{"@type":"BreadcrumbList","@id":"https:\/\/patagoniabooking.com\/product\/circuito-chico-cerro-campanario\/#breadcrumb","itemListElement":[{"@type":"ListItem","position":1,"name":"Inicio","item":"https:\/\/patagoniabooking.com\/"},{"@type":"ListItem","position":2,"name":"Lista de excursiones","item":"https:\/\/patagoniabooking.com\/shop\/"},{"@type":"ListItem","position":3,"name":"Circuito Chico y Cerro Campanario: explor\u00e1 Bariloche como nunca antes"}]},{"@type":"WebSite","@id":"https:\/\/patagoniabooking.com\/#website","url":"https:\/\/patagoniabooking.com\/","name":"Patagonia Booking","description":"","publisher":{"@id":"https:\/\/patagoniabooking.com\/#organization"},"potentialAction":[{"@type":"SearchAction","target":{"@type":"EntryPoint","urlTemplate":"https:\/\/patagoniabooking.com\/?s={search_term_string}"},"query-input":{"@type":"PropertyValueSpecification","valueRequired":true,"valueName":"search_term_string"}}],"inLanguage":"en-US"},{"@type":"Organization","@id":"https:\/\/patagoniabooking.com\/#organization","name":"Patagonia Booking","url":"https:\/\/patagoniabooking.com\/","logo":{"@type":"ImageObject","inLanguage":"en-US","@id":"https:\/\/patagoniabooking.com\/#\/schema\/logo\/image\/","url":"https:\/\/patagoniabooking.com\/wp-content\/uploads\/sites\/2\/2025\/06\/logo-patagonia-booking.png","contentUrl":"https:\/\/patagoniabooking.com\/wp-content\/uploads\/sites\/2\/2025\/06\/logo-patagonia-booking.png","width":80,"height":80,"caption":"Patagonia Booking"},"image":{"@id":"https:\/\/patagoniabooking.com\/#\/schema\/logo\/image\/"}}]},"product_price_amount":"23400.00","product_price_currency":"ARS","og_availability":"instock","product_availability":"instock","product_retailer_item_id":"ADV2025CICHYC1KOR","product_condition":"new"},"_links":{"self":[{"href":"https:\/\/patagoniabooking.com\/en\/wp-json\/wp\/v2\/product\/29","targetHints":{"allow":["GET"]}}],"collection":[{"href":"https:\/\/patagoniabooking.com\/en\/wp-json\/wp\/v2\/product"}],"about":[{"href":"https:\/\/patagoniabooking.com\/en\/wp-json\/wp\/v2\/types\/product"}],"replies":[{"embeddable":true,"href":"https:\/\/patagoniabooking.com\/en\/wp-json\/wp\/v2\/comments?post=29"}],"wp:featuredmedia":[{"embeddable":true,"href":"https:\/\/patagoniabooking.com\/en\/wp-json\/wp\/v2\/media\/377831"}],"wp:attachment":[{"href":"https:\/\/patagoniabooking.com\/en\/wp-json\/wp\/v2\/media?parent=29"}],"wp:term":[{"taxonomy":"product_brand","embeddable":true,"href":"https:\/\/patagoniabooking.com\/en\/wp-json\/wp\/v2\/product_brand?post=29"},{"taxonomy":"product_cat","embeddable":true,"href":"https:\/\/patagoniabooking.com\/en\/wp-json\/wp\/v2\/product_cat?post=29"},{"taxonomy":"product_tag","embeddable":true,"href":"https:\/\/patagoniabooking.com\/en\/wp-json\/wp\/v2\/product_tag?post=29"}],"curies":[{"name":"wp","href":"https:\/\/api.w.org\/{rel}","templated":true}]}}