{"id":22,"date":"2025-06-12T10:31:06","date_gmt":"2025-06-12T13:31:06","guid":{"rendered":"https:\/\/patagoniabooking.shop\/product\/vivi-la-magia-de-la-cueva-after-ski\/"},"modified":"2026-04-10T10:34:25","modified_gmt":"2026-04-10T13:34:25","slug":"la-cueva-after-ski","status":"publish","type":"product","link":"https:\/\/patagoniabooking.com\/en\/product\/the-after-ski-cave\/","title":{"rendered":"Experience the magic of La Cueva - After Ski"},"content":{"rendered":"<h3 class=\"ai-optimize-23\" data-start=\"379\" data-end=\"469\">I lived the Patagonian winter, from Bariloche to the heart of the snowy forest.<\/h3>\n<p class=\"ai-optimize-24 ai-optimize-introduction\" data-start=\"470\" data-end=\"834\">Start the activity at <strong data-start=\"498\" data-end=\"510\">2:30 p.m.<\/strong>, with insured transfers from agreed places between downtown and km 8 of Bariloche. We take you directly to the <strong data-start=\"631\" data-end=\"649\">Cerro Catedral<\/strong> to start the best part: <strong data-start=\"688\" data-end=\"715\">7 km full of emotion<\/strong> on snowmobiles or ATVs, sliding down trails surrounded by white among Andean trees, always accompanied by expert guides who take care of every detail.<\/p>\n<p class=\"ai-optimize-25\" data-start=\"836\" data-end=\"1264\">Each lap of the trail connects you more with nature. When you arrive, you are greeted <strong data-start=\"925\" data-end=\"937\">The Cave<\/strong>, A warm mountain refuge where fire, fondue and local flavors await you to end the day with joy and relaxation. While the sun sets over the mountain, you will share a table with freshly baked breads, chocolates, sweets, craft beers and an irresistible fondue to live with all your senses.<\/p>\n<h3 class=\"ai-optimize-26\" data-start=\"1271\" data-end=\"1304\">What will you enjoy in this experience?<\/h3>\n<ul data-start=\"1305\" data-end=\"1678\">\n<li class=\"ai-optimize-27\" data-start=\"1305\" data-end=\"1370\">\n<p class=\"ai-optimize-28\" data-start=\"1307\" data-end=\"1370\">Round trip transfers from meeting points designed for you.<\/p>\n<\/li>\n<li class=\"ai-optimize-29\" data-start=\"1371\" data-end=\"1432\">\n<p class=\"ai-optimize-30\" data-start=\"1373\" data-end=\"1432\">Guided snowmobile or ATV ride (7 km).<\/p>\n<\/li>\n<li class=\"ai-optimize-31\" data-start=\"1433\" data-end=\"1493\">\n<p class=\"ai-optimize-32\" data-start=\"1435\" data-end=\"1493\">Full equipment: helmet, vehicle and professional guide at all times.<\/p>\n<\/li>\n<li class=\"ai-optimize-33\" data-start=\"1494\" data-end=\"1610\">\n<p class=\"ai-optimize-34\" data-start=\"1496\" data-end=\"1610\">Welcome at the lodge with Patagonian delicacies: homemade fondue, jams, dessert, chocolate, beer, coffee or tea.<\/p>\n<\/li>\n<li class=\"ai-optimize-35\" data-start=\"1611\" data-end=\"1678\">\n<p class=\"ai-optimize-36\" data-start=\"1613\" data-end=\"1678\">Sunset in front of Cerro Catedral from an incredible viewpoint.<\/p>\n<\/li>\n<\/ul>\n<h3 class=\"ai-optimize-37\" data-start=\"1685\" data-end=\"1713\">Before booking, keep in mind<\/h3>\n<ul data-start=\"1714\" data-end=\"1970\">\n<li class=\"ai-optimize-38\" data-start=\"1714\" data-end=\"1749\">\n<p class=\"ai-optimize-39\" data-start=\"1716\" data-end=\"1749\"><strong data-start=\"1716\" data-end=\"1729\">Duration:<\/strong> 14:30 to 18:30 hs.<\/p>\n<\/li>\n<li class=\"ai-optimize-40\" data-start=\"1750\" data-end=\"1826\">\n<p class=\"ai-optimize-41\" data-start=\"1752\" data-end=\"1826\"><strong data-start=\"1752\" data-end=\"1768\">Minimum age:<\/strong> 6 years old. To drive it is necessary to be over 18 years old.<\/p>\n<\/li>\n<li class=\"ai-optimize-42\" data-start=\"1827\" data-end=\"1883\">\n<p class=\"ai-optimize-43\" data-start=\"1829\" data-end=\"1883\"><strong data-start=\"1829\" data-end=\"1845\">Conditions:<\/strong> This activity is not suitable for pregnant women.<\/p>\n<\/li>\n<li class=\"ai-optimize-44\" data-start=\"1884\" data-end=\"1970\">\n<p class=\"ai-optimize-45\" data-start=\"1886\" data-end=\"1970\"><strong data-start=\"1886\" data-end=\"1913\">What to bring:<\/strong> waterproof clothing, warm clothing, gloves, hat and sturdy shoes.<\/p>\n<\/li>\n<\/ul>\n<h3 class=\"ai-optimize-46\" data-start=\"1977\" data-end=\"2003\">Most common inquiries<\/h3>\n<p class=\"ai-optimize-47\" data-start=\"2005\" data-end=\"2110\"><strong data-start=\"2005\" data-end=\"2043\">Do I need to know how to drive first?<\/strong><br data-start=\"2043\" data-end=\"2046\" \/>Not at all. The ride is 100% guided and the vehicles are automatic.<\/p>\n<p class=\"ai-optimize-48\" data-start=\"2112\" data-end=\"2206\"><strong data-start=\"2112\" data-end=\"2137\">Can I join alone?<\/strong><br data-start=\"2137\" data-end=\"2140\" \/>Of course. If you prefer not to drive, the guide will take you by motorcycle or ATV.<\/p>\n<p class=\"ai-optimize-49\" data-start=\"2208\" data-end=\"2290\"><strong data-start=\"2208\" data-end=\"2228\">Is lunch included?<\/strong><br data-start=\"2228\" data-end=\"2231\" \/>Yes, it offers full Patagonian tasting, regional products and fondue.<\/p>\n<p class=\"ai-optimize-50\" data-start=\"2292\" data-end=\"2399\"><strong data-start=\"2292\" data-end=\"2319\">Will you pick me up at the hotel?<\/strong><br data-start=\"2319\" data-end=\"2322\" \/>We pick you up at combined points between downtown and km 8. We do not go through hotels.<\/p>\n<p class=\"ai-optimize-51\" data-start=\"2292\" data-end=\"2399\"><strong>Important Notice<\/strong>This tour is now available for pre-booking. Departures operate from June 15 to August 20, subject to seasonal calendar.<\/p>","protected":false},"excerpt":{"rendered":"<p class=\"ai-optimize-6\">Departure at 2:30 pm from different places in Bariloche. The package includes transportation, snow crossing, guide accompaniment, appropriate clothing and accessories, and fondue at La Cueva shelter. The return is scheduled for 6:30 pm. Special for those looking for adventure experiences.<\/p>","protected":false},"featured_media":377855,"comment_status":"open","ping_status":"closed","template":"","meta":[],"product_brand":[],"product_cat":[26,28,29,30,31,33,37,45],"product_tag":[],"class_list":{"0":"post-22","1":"product","2":"type-product","3":"status-publish","4":"has-post-thumbnail","6":"product_cat-adultos","7":"product_cat-aventura","8":"product_cat-con-comida","9":"product_cat-con-traslado","10":"product_cat-familia","11":"product_cat-invierno","12":"product_cat-ninos","13":"product_cat-terrestre","15":"first","16":"instock","17":"virtual","18":"sold-individually","19":"purchasable","20":"product-type-booking"},"booking_location":"","booking_location_type":"","booking_duration":1,"booking_duration_unit":"hour","booking_buffer":0,"booking_cost":0,"booking_resources":[],"exclude_global_add_ons":false,"addons":[{"name":"ADU | Adult","type":"input_multiplier","position":0,"required":false,"title_format":"label","default":"","description_enable":false,"description":"","placeholder_enable":false,"placeholder":"","display":"select","restrictions_type":"any_text","adjust_price":true,"price":"414000","price_type":"quantity_based","restrictions":false,"min":"0","max":"0","options":[],"id":1775747758},{"name":"MEN612 | From 6 to 12","type":"input_multiplier","position":1,"required":false,"title_format":"label","default":"","description_enable":false,"description":"","placeholder_enable":false,"placeholder":"","display":"select","restrictions_type":"any_text","adjust_price":true,"price":"330000","price_type":"quantity_based","restrictions":false,"min":"0","max":"0","options":[],"id":1775747759},{"name":"MEN35 | 3 to 5","type":"input_multiplier","position":2,"required":false,"title_format":"label","default":"","description_enable":false,"description":"","placeholder_enable":false,"placeholder":"","display":"select","restrictions_type":"any_text","adjust_price":true,"price":"168000","price_type":"quantity_based","restrictions":false,"min":"0","max":"0","options":[],"id":1775747760}],"yoast_head":"<!-- This site is optimized with the Yoast SEO Premium plugin v25.2 (Yoast SEO v25.2) - https:\/\/yoast.com\/wordpress\/plugins\/seo\/ -->\n<title>Viv\u00ed la magia de La Cueva \u2013 After Ski - Patagonia Booking<\/title>\n<meta name=\"robots\" content=\"index, follow, max-snippet:-1, max-image-preview:large, max-video-preview:-1\" \/>\n<link rel=\"canonical\" href=\"https:\/\/patagoniabooking.com\/en\/product\/the-after-ski-cave\/\" \/>\n<meta property=\"og:locale\" content=\"en_US\" \/>\n<meta property=\"og:type\" content=\"article\" \/>\n<meta property=\"og:title\" content=\"Viv\u00ed la magia de La Cueva \u2013 After Ski\" \/>\n<meta property=\"og:description\" content=\"Salida a las 14:30 desde distintos lugares en Bariloche. El paquete contempla transporte, traves\u00eda sobre la nieve, acompa\u00f1amiento de gu\u00eda, indumentaria y accesorios adecuados, y fondue en el refugio La Cueva. El regreso est\u00e1 previsto para las 18:30 hs. Especial para quienes buscan experiencias de aventura.\" \/>\n<meta property=\"og:url\" content=\"https:\/\/patagoniabooking.com\/en\/product\/the-after-ski-cave\/\" \/>\n<meta property=\"og:site_name\" content=\"Patagonia Booking\" \/>\n<meta property=\"article:modified_time\" content=\"2026-04-10T13:34:25+00:00\" \/>\n<meta property=\"og:image\" content=\"https:\/\/patagoniabooking.com\/wp-content\/uploads\/sites\/2\/2025\/06\/4-B-la-cueva-m-copia.jpg\" \/>\n\t<meta property=\"og:image:width\" content=\"992\" \/>\n\t<meta property=\"og:image:height\" content=\"1323\" \/>\n\t<meta property=\"og:image:type\" content=\"image\/jpeg\" \/>\n<meta name=\"twitter:card\" content=\"summary_large_image\" \/>\n<meta name=\"twitter:label1\" content=\"Price\" \/>\n\t<meta name=\"twitter:data1\" content=\"&#036;414,000.00\" \/>\n\t<meta name=\"twitter:label2\" content=\"Availability\" \/>\n\t<meta name=\"twitter:data2\" content=\"In stock\" \/>\n<script type=\"application\/ld+json\" class=\"yoast-schema-graph\">{\"@context\":\"https:\/\/schema.org\",\"@graph\":[{\"@type\":\"WebPage\",\"@id\":\"https:\/\/patagoniabooking.com\/product\/la-cueva-after-ski\/\",\"url\":\"https:\/\/patagoniabooking.com\/product\/la-cueva-after-ski\/\",\"name\":\"Viv\u00ed la magia de La Cueva \u2013 After Ski - Patagonia Booking\",\"isPartOf\":{\"@id\":\"https:\/\/patagoniabooking.com\/#website\"},\"primaryImageOfPage\":{\"@id\":\"https:\/\/patagoniabooking.com\/product\/la-cueva-after-ski\/#primaryimage\"},\"image\":{\"@id\":\"https:\/\/patagoniabooking.com\/product\/la-cueva-after-ski\/#primaryimage\"},\"thumbnailUrl\":\"https:\/\/patagoniabooking.com\/wp-content\/uploads\/sites\/2\/2025\/06\/4-B-la-cueva-m-copia.jpg\",\"datePublished\":\"2025-06-12T13:31:06+00:00\",\"dateModified\":\"2026-04-10T13:34:25+00:00\",\"breadcrumb\":{\"@id\":\"https:\/\/patagoniabooking.com\/product\/la-cueva-after-ski\/#breadcrumb\"},\"inLanguage\":\"en-US\",\"potentialAction\":[{\"@type\":\"ReadAction\",\"target\":[\"https:\/\/patagoniabooking.com\/product\/la-cueva-after-ski\/\"]}]},{\"@type\":\"ImageObject\",\"inLanguage\":\"en-US\",\"@id\":\"https:\/\/patagoniabooking.com\/product\/la-cueva-after-ski\/#primaryimage\",\"url\":\"https:\/\/patagoniabooking.com\/wp-content\/uploads\/sites\/2\/2025\/06\/4-B-la-cueva-m-copia.jpg\",\"contentUrl\":\"https:\/\/patagoniabooking.com\/wp-content\/uploads\/sites\/2\/2025\/06\/4-B-la-cueva-m-copia.jpg\",\"width\":992,\"height\":1323},{\"@type\":\"BreadcrumbList\",\"@id\":\"https:\/\/patagoniabooking.com\/product\/la-cueva-after-ski\/#breadcrumb\",\"itemListElement\":[{\"@type\":\"ListItem\",\"position\":1,\"name\":\"Inicio\",\"item\":\"https:\/\/patagoniabooking.com\/\"},{\"@type\":\"ListItem\",\"position\":2,\"name\":\"Lista de excursiones\",\"item\":\"https:\/\/patagoniabooking.com\/shop\/\"},{\"@type\":\"ListItem\",\"position\":3,\"name\":\"Viv\u00ed la magia de La Cueva \u2013 After Ski\"}]},{\"@type\":\"WebSite\",\"@id\":\"https:\/\/patagoniabooking.com\/#website\",\"url\":\"https:\/\/patagoniabooking.com\/\",\"name\":\"Patagonia Booking\",\"description\":\"\",\"publisher\":{\"@id\":\"https:\/\/patagoniabooking.com\/#organization\"},\"potentialAction\":[{\"@type\":\"SearchAction\",\"target\":{\"@type\":\"EntryPoint\",\"urlTemplate\":\"https:\/\/patagoniabooking.com\/?s={search_term_string}\"},\"query-input\":{\"@type\":\"PropertyValueSpecification\",\"valueRequired\":true,\"valueName\":\"search_term_string\"}}],\"inLanguage\":\"en-US\"},{\"@type\":\"Organization\",\"@id\":\"https:\/\/patagoniabooking.com\/#organization\",\"name\":\"Patagonia Booking\",\"url\":\"https:\/\/patagoniabooking.com\/\",\"logo\":{\"@type\":\"ImageObject\",\"inLanguage\":\"en-US\",\"@id\":\"https:\/\/patagoniabooking.com\/#\/schema\/logo\/image\/\",\"url\":\"https:\/\/patagoniabooking.com\/wp-content\/uploads\/sites\/2\/2025\/06\/logo-patagonia-booking.png\",\"contentUrl\":\"https:\/\/patagoniabooking.com\/wp-content\/uploads\/sites\/2\/2025\/06\/logo-patagonia-booking.png\",\"width\":80,\"height\":80,\"caption\":\"Patagonia Booking\"},\"image\":{\"@id\":\"https:\/\/patagoniabooking.com\/#\/schema\/logo\/image\/\"}}]}<\/script>\n<meta property=\"product:price:amount\" content=\"414000.00\" \/>\n<meta property=\"product:price:currency\" content=\"ARS\" \/>\n<meta property=\"og:availability\" content=\"instock\" \/>\n<meta property=\"product:availability\" content=\"instock\" \/>\n<meta property=\"product:retailer_item_id\" content=\"ADV2025LACUAHE69\" \/>\n<meta property=\"product:condition\" content=\"new\" \/>\n<!-- \/ Yoast SEO Premium plugin. -->","yoast_head_json":{"title":"Experience the magic of La Cueva - After Ski - Patagonia Booking","robots":{"index":"index","follow":"follow","max-snippet":"max-snippet:-1","max-image-preview":"max-image-preview:large","max-video-preview":"max-video-preview:-1"},"canonical":"https:\/\/patagoniabooking.com\/en\/product\/the-after-ski-cave\/","og_locale":"en_US","og_type":"article","og_title":"Viv\u00ed la magia de La Cueva \u2013 After Ski","og_description":"Salida a las 14:30 desde distintos lugares en Bariloche. El paquete contempla transporte, traves\u00eda sobre la nieve, acompa\u00f1amiento de gu\u00eda, indumentaria y accesorios adecuados, y fondue en el refugio La Cueva. El regreso est\u00e1 previsto para las 18:30 hs. Especial para quienes buscan experiencias de aventura.","og_url":"https:\/\/patagoniabooking.com\/en\/product\/the-after-ski-cave\/","og_site_name":"Patagonia Booking","article_modified_time":"2026-04-10T13:34:25+00:00","og_image":[{"width":992,"height":1323,"url":"https:\/\/patagoniabooking.com\/wp-content\/uploads\/sites\/2\/2025\/06\/4-B-la-cueva-m-copia.jpg","type":"image\/jpeg"}],"twitter_card":"summary_large_image","twitter_misc":{"Price":"&#36;414,000.00","Availability":"In stock"},"schema":{"@context":"https:\/\/schema.org","@graph":[{"@type":"WebPage","@id":"https:\/\/patagoniabooking.com\/product\/la-cueva-after-ski\/","url":"https:\/\/patagoniabooking.com\/product\/la-cueva-after-ski\/","name":"Experience the magic of La Cueva - After Ski - Patagonia Booking","isPartOf":{"@id":"https:\/\/patagoniabooking.com\/#website"},"primaryImageOfPage":{"@id":"https:\/\/patagoniabooking.com\/product\/la-cueva-after-ski\/#primaryimage"},"image":{"@id":"https:\/\/patagoniabooking.com\/product\/la-cueva-after-ski\/#primaryimage"},"thumbnailUrl":"https:\/\/patagoniabooking.com\/wp-content\/uploads\/sites\/2\/2025\/06\/4-B-la-cueva-m-copia.jpg","datePublished":"2025-06-12T13:31:06+00:00","dateModified":"2026-04-10T13:34:25+00:00","breadcrumb":{"@id":"https:\/\/patagoniabooking.com\/product\/la-cueva-after-ski\/#breadcrumb"},"inLanguage":"en-US","potentialAction":[{"@type":"ReadAction","target":["https:\/\/patagoniabooking.com\/product\/la-cueva-after-ski\/"]}]},{"@type":"ImageObject","inLanguage":"en-US","@id":"https:\/\/patagoniabooking.com\/product\/la-cueva-after-ski\/#primaryimage","url":"https:\/\/patagoniabooking.com\/wp-content\/uploads\/sites\/2\/2025\/06\/4-B-la-cueva-m-copia.jpg","contentUrl":"https:\/\/patagoniabooking.com\/wp-content\/uploads\/sites\/2\/2025\/06\/4-B-la-cueva-m-copia.jpg","width":992,"height":1323},{"@type":"BreadcrumbList","@id":"https:\/\/patagoniabooking.com\/product\/la-cueva-after-ski\/#breadcrumb","itemListElement":[{"@type":"ListItem","position":1,"name":"Inicio","item":"https:\/\/patagoniabooking.com\/"},{"@type":"ListItem","position":2,"name":"Lista de excursiones","item":"https:\/\/patagoniabooking.com\/shop\/"},{"@type":"ListItem","position":3,"name":"Viv\u00ed la magia de La Cueva \u2013 After Ski"}]},{"@type":"WebSite","@id":"https:\/\/patagoniabooking.com\/#website","url":"https:\/\/patagoniabooking.com\/","name":"Patagonia Booking","description":"","publisher":{"@id":"https:\/\/patagoniabooking.com\/#organization"},"potentialAction":[{"@type":"SearchAction","target":{"@type":"EntryPoint","urlTemplate":"https:\/\/patagoniabooking.com\/?s={search_term_string}"},"query-input":{"@type":"PropertyValueSpecification","valueRequired":true,"valueName":"search_term_string"}}],"inLanguage":"en-US"},{"@type":"Organization","@id":"https:\/\/patagoniabooking.com\/#organization","name":"Patagonia Booking","url":"https:\/\/patagoniabooking.com\/","logo":{"@type":"ImageObject","inLanguage":"en-US","@id":"https:\/\/patagoniabooking.com\/#\/schema\/logo\/image\/","url":"https:\/\/patagoniabooking.com\/wp-content\/uploads\/sites\/2\/2025\/06\/logo-patagonia-booking.png","contentUrl":"https:\/\/patagoniabooking.com\/wp-content\/uploads\/sites\/2\/2025\/06\/logo-patagonia-booking.png","width":80,"height":80,"caption":"Patagonia Booking"},"image":{"@id":"https:\/\/patagoniabooking.com\/#\/schema\/logo\/image\/"}}]},"product_price_amount":"414000.00","product_price_currency":"ARS","og_availability":"instock","product_availability":"instock","product_retailer_item_id":"ADV2025LACUAHE69","product_condition":"new"},"_links":{"self":[{"href":"https:\/\/patagoniabooking.com\/en\/wp-json\/wp\/v2\/product\/22","targetHints":{"allow":["GET"]}}],"collection":[{"href":"https:\/\/patagoniabooking.com\/en\/wp-json\/wp\/v2\/product"}],"about":[{"href":"https:\/\/patagoniabooking.com\/en\/wp-json\/wp\/v2\/types\/product"}],"replies":[{"embeddable":true,"href":"https:\/\/patagoniabooking.com\/en\/wp-json\/wp\/v2\/comments?post=22"}],"wp:featuredmedia":[{"embeddable":true,"href":"https:\/\/patagoniabooking.com\/en\/wp-json\/wp\/v2\/media\/377855"}],"wp:attachment":[{"href":"https:\/\/patagoniabooking.com\/en\/wp-json\/wp\/v2\/media?parent=22"}],"wp:term":[{"taxonomy":"product_brand","embeddable":true,"href":"https:\/\/patagoniabooking.com\/en\/wp-json\/wp\/v2\/product_brand?post=22"},{"taxonomy":"product_cat","embeddable":true,"href":"https:\/\/patagoniabooking.com\/en\/wp-json\/wp\/v2\/product_cat?post=22"},{"taxonomy":"product_tag","embeddable":true,"href":"https:\/\/patagoniabooking.com\/en\/wp-json\/wp\/v2\/product_tag?post=22"}],"curies":[{"name":"wp","href":"https:\/\/api.w.org\/{rel}","templated":true}]}}