{"id":18,"date":"2025-06-12T10:30:37","date_gmt":"2025-06-12T13:30:37","guid":{"rendered":"https:\/\/patagoniabooking.shop\/product\/seguro-de-cancelacion\/"},"modified":"2026-02-02T16:46:38","modified_gmt":"2026-02-02T19:46:38","slug":"seguro-de-cancelacion","status":"publish","type":"product","link":"https:\/\/patagoniabooking.com\/en\/product\/cancellation-insurance\/","title":{"rendered":"Cancellation Insurance"},"content":{"rendered":"<p class=\"ai-optimize-22 ai-optimize-introduction\">Do you have a change of plans? With the Cancellation Insurance you will recover the 80% of your payment if you give notice up to 7 pm the day before.<br \/>\n\u2705 Perfect to cover you for any unforeseen event.<br \/>\n\u2705 Fast, simple, no-nonsense management.<\/p>\n<p class=\"ai-optimize-23\">Contract it up to 30 minutes after generating your voucher. If you do not add this insurance, the company does not refund in case of cancellation.<\/p>","protected":false},"excerpt":{"rendered":"<p class=\"ai-optimize-6 ai-optimize-introduction\">Cancel your tour in time and get a partial refund of your payment.<\/p>","protected":false},"featured_media":378244,"comment_status":"open","ping_status":"closed","template":"","meta":[],"product_brand":[],"product_cat":[39],"product_tag":[],"class_list":{"0":"post-18","1":"product","2":"type-product","3":"status-publish","4":"has-post-thumbnail","6":"product_cat-otros","8":"first","9":"instock","10":"purchasable","11":"product-type-simple"},"booking_location":null,"booking_location_type":null,"booking_duration":null,"booking_duration_unit":null,"booking_buffer":null,"booking_cost":null,"booking_resources":null,"exclude_global_add_ons":[],"addons":[],"yoast_head":"<!-- This site is optimized with the Yoast SEO Premium plugin v25.2 (Yoast SEO v25.2) - https:\/\/yoast.com\/wordpress\/plugins\/seo\/ -->\n<title>Seguro de Cancelaci\u00f3n - Patagonia Booking<\/title>\n<meta name=\"robots\" content=\"index, follow, max-snippet:-1, max-image-preview:large, max-video-preview:-1\" \/>\n<link rel=\"canonical\" href=\"https:\/\/patagoniabooking.com\/en\/product\/cancellation-insurance\/\" \/>\n<meta property=\"og:locale\" content=\"en_US\" \/>\n<meta property=\"og:type\" content=\"article\" \/>\n<meta property=\"og:title\" content=\"Seguro de Cancelaci\u00f3n\" \/>\n<meta property=\"og:description\" content=\"Anul\u00e1 tu tour con tiempo y obten\u00e9 un reembolso parcial del pago realizado.\" \/>\n<meta property=\"og:url\" content=\"https:\/\/patagoniabooking.com\/en\/product\/cancellation-insurance\/\" \/>\n<meta property=\"og:site_name\" content=\"Patagonia Booking\" \/>\n<meta property=\"article:modified_time\" content=\"2026-02-02T19:46:38+00:00\" \/>\n<meta property=\"og:image\" content=\"https:\/\/patagoniabooking.com\/wp-content\/uploads\/sites\/2\/2025\/06\/4-cerro-catedral_37639097302_o-copia.jpg\" \/>\n\t<meta property=\"og:image:width\" content=\"992\" \/>\n\t<meta property=\"og:image:height\" content=\"1323\" \/>\n\t<meta property=\"og:image:type\" content=\"image\/jpeg\" \/>\n<meta name=\"twitter:card\" content=\"summary_large_image\" \/>\n<meta name=\"twitter:label1\" content=\"Price\" \/>\n\t<meta name=\"twitter:data1\" content=\"&#036;15,000.00\" \/>\n\t<meta name=\"twitter:label2\" content=\"Availability\" \/>\n\t<meta name=\"twitter:data2\" content=\"In stock\" \/>\n<script type=\"application\/ld+json\" class=\"yoast-schema-graph\">{\"@context\":\"https:\/\/schema.org\",\"@graph\":[{\"@type\":\"WebPage\",\"@id\":\"https:\/\/patagoniabooking.com\/product\/seguro-de-cancelacion\/\",\"url\":\"https:\/\/patagoniabooking.com\/product\/seguro-de-cancelacion\/\",\"name\":\"Seguro de Cancelaci\u00f3n - Patagonia Booking\",\"isPartOf\":{\"@id\":\"https:\/\/patagoniabooking.com\/#website\"},\"primaryImageOfPage\":{\"@id\":\"https:\/\/patagoniabooking.com\/product\/seguro-de-cancelacion\/#primaryimage\"},\"image\":{\"@id\":\"https:\/\/patagoniabooking.com\/product\/seguro-de-cancelacion\/#primaryimage\"},\"thumbnailUrl\":\"https:\/\/patagoniabooking.com\/wp-content\/uploads\/sites\/2\/2025\/06\/Sin-titulo-223-scaled.jpg\",\"datePublished\":\"2025-06-12T13:30:37+00:00\",\"dateModified\":\"2026-02-02T19:46:38+00:00\",\"breadcrumb\":{\"@id\":\"https:\/\/patagoniabooking.com\/product\/seguro-de-cancelacion\/#breadcrumb\"},\"inLanguage\":\"en-US\",\"potentialAction\":[{\"@type\":\"ReadAction\",\"target\":[\"https:\/\/patagoniabooking.com\/product\/seguro-de-cancelacion\/\"]}]},{\"@type\":\"ImageObject\",\"inLanguage\":\"en-US\",\"@id\":\"https:\/\/patagoniabooking.com\/product\/seguro-de-cancelacion\/#primaryimage\",\"url\":\"https:\/\/patagoniabooking.com\/wp-content\/uploads\/sites\/2\/2025\/06\/Sin-titulo-223-scaled.jpg\",\"contentUrl\":\"https:\/\/patagoniabooking.com\/wp-content\/uploads\/sites\/2\/2025\/06\/Sin-titulo-223-scaled.jpg\",\"width\":1920,\"height\":2560},{\"@type\":\"BreadcrumbList\",\"@id\":\"https:\/\/patagoniabooking.com\/product\/seguro-de-cancelacion\/#breadcrumb\",\"itemListElement\":[{\"@type\":\"ListItem\",\"position\":1,\"name\":\"Inicio\",\"item\":\"https:\/\/patagoniabooking.com\/\"},{\"@type\":\"ListItem\",\"position\":2,\"name\":\"Lista de excursiones\",\"item\":\"https:\/\/patagoniabooking.com\/shop\/\"},{\"@type\":\"ListItem\",\"position\":3,\"name\":\"Seguro de Cancelaci\u00f3n\"}]},{\"@type\":\"WebSite\",\"@id\":\"https:\/\/patagoniabooking.com\/#website\",\"url\":\"https:\/\/patagoniabooking.com\/\",\"name\":\"Patagonia Booking\",\"description\":\"\",\"publisher\":{\"@id\":\"https:\/\/patagoniabooking.com\/#organization\"},\"potentialAction\":[{\"@type\":\"SearchAction\",\"target\":{\"@type\":\"EntryPoint\",\"urlTemplate\":\"https:\/\/patagoniabooking.com\/?s={search_term_string}\"},\"query-input\":{\"@type\":\"PropertyValueSpecification\",\"valueRequired\":true,\"valueName\":\"search_term_string\"}}],\"inLanguage\":\"en-US\"},{\"@type\":\"Organization\",\"@id\":\"https:\/\/patagoniabooking.com\/#organization\",\"name\":\"Patagonia Booking\",\"url\":\"https:\/\/patagoniabooking.com\/\",\"logo\":{\"@type\":\"ImageObject\",\"inLanguage\":\"en-US\",\"@id\":\"https:\/\/patagoniabooking.com\/#\/schema\/logo\/image\/\",\"url\":\"https:\/\/patagoniabooking.com\/wp-content\/uploads\/sites\/2\/2025\/06\/logo-patagonia-booking.png\",\"contentUrl\":\"https:\/\/patagoniabooking.com\/wp-content\/uploads\/sites\/2\/2025\/06\/logo-patagonia-booking.png\",\"width\":80,\"height\":80,\"caption\":\"Patagonia Booking\"},\"image\":{\"@id\":\"https:\/\/patagoniabooking.com\/#\/schema\/logo\/image\/\"}}]}<\/script>\n<meta property=\"product:price:amount\" content=\"15000.00\" \/>\n<meta property=\"product:price:currency\" content=\"ARS\" \/>\n<meta property=\"og:availability\" content=\"instock\" \/>\n<meta property=\"product:availability\" content=\"instock\" \/>\n<meta property=\"product:condition\" content=\"new\" \/>\n<!-- \/ Yoast SEO Premium plugin. -->","yoast_head_json":{"title":"Cancellation Insurance - Patagonia Booking","robots":{"index":"index","follow":"follow","max-snippet":"max-snippet:-1","max-image-preview":"max-image-preview:large","max-video-preview":"max-video-preview:-1"},"canonical":"https:\/\/patagoniabooking.com\/en\/product\/cancellation-insurance\/","og_locale":"en_US","og_type":"article","og_title":"Seguro de Cancelaci\u00f3n","og_description":"Anul\u00e1 tu tour con tiempo y obten\u00e9 un reembolso parcial del pago realizado.","og_url":"https:\/\/patagoniabooking.com\/en\/product\/cancellation-insurance\/","og_site_name":"Patagonia Booking","article_modified_time":"2026-02-02T19:46:38+00:00","og_image":[{"width":992,"height":1323,"url":"https:\/\/patagoniabooking.com\/wp-content\/uploads\/sites\/2\/2025\/06\/4-cerro-catedral_37639097302_o-copia.jpg","type":"image\/jpeg"}],"twitter_card":"summary_large_image","twitter_misc":{"Price":"&#36;15,000.00","Availability":"In stock"},"schema":{"@context":"https:\/\/schema.org","@graph":[{"@type":"WebPage","@id":"https:\/\/patagoniabooking.com\/product\/seguro-de-cancelacion\/","url":"https:\/\/patagoniabooking.com\/product\/seguro-de-cancelacion\/","name":"Cancellation Insurance - Patagonia Booking","isPartOf":{"@id":"https:\/\/patagoniabooking.com\/#website"},"primaryImageOfPage":{"@id":"https:\/\/patagoniabooking.com\/product\/seguro-de-cancelacion\/#primaryimage"},"image":{"@id":"https:\/\/patagoniabooking.com\/product\/seguro-de-cancelacion\/#primaryimage"},"thumbnailUrl":"https:\/\/patagoniabooking.com\/wp-content\/uploads\/sites\/2\/2025\/06\/Sin-titulo-223-scaled.jpg","datePublished":"2025-06-12T13:30:37+00:00","dateModified":"2026-02-02T19:46:38+00:00","breadcrumb":{"@id":"https:\/\/patagoniabooking.com\/product\/seguro-de-cancelacion\/#breadcrumb"},"inLanguage":"en-US","potentialAction":[{"@type":"ReadAction","target":["https:\/\/patagoniabooking.com\/product\/seguro-de-cancelacion\/"]}]},{"@type":"ImageObject","inLanguage":"en-US","@id":"https:\/\/patagoniabooking.com\/product\/seguro-de-cancelacion\/#primaryimage","url":"https:\/\/patagoniabooking.com\/wp-content\/uploads\/sites\/2\/2025\/06\/Sin-titulo-223-scaled.jpg","contentUrl":"https:\/\/patagoniabooking.com\/wp-content\/uploads\/sites\/2\/2025\/06\/Sin-titulo-223-scaled.jpg","width":1920,"height":2560},{"@type":"BreadcrumbList","@id":"https:\/\/patagoniabooking.com\/product\/seguro-de-cancelacion\/#breadcrumb","itemListElement":[{"@type":"ListItem","position":1,"name":"Inicio","item":"https:\/\/patagoniabooking.com\/"},{"@type":"ListItem","position":2,"name":"Lista de excursiones","item":"https:\/\/patagoniabooking.com\/shop\/"},{"@type":"ListItem","position":3,"name":"Seguro de Cancelaci\u00f3n"}]},{"@type":"WebSite","@id":"https:\/\/patagoniabooking.com\/#website","url":"https:\/\/patagoniabooking.com\/","name":"Patagonia Booking","description":"","publisher":{"@id":"https:\/\/patagoniabooking.com\/#organization"},"potentialAction":[{"@type":"SearchAction","target":{"@type":"EntryPoint","urlTemplate":"https:\/\/patagoniabooking.com\/?s={search_term_string}"},"query-input":{"@type":"PropertyValueSpecification","valueRequired":true,"valueName":"search_term_string"}}],"inLanguage":"en-US"},{"@type":"Organization","@id":"https:\/\/patagoniabooking.com\/#organization","name":"Patagonia Booking","url":"https:\/\/patagoniabooking.com\/","logo":{"@type":"ImageObject","inLanguage":"en-US","@id":"https:\/\/patagoniabooking.com\/#\/schema\/logo\/image\/","url":"https:\/\/patagoniabooking.com\/wp-content\/uploads\/sites\/2\/2025\/06\/logo-patagonia-booking.png","contentUrl":"https:\/\/patagoniabooking.com\/wp-content\/uploads\/sites\/2\/2025\/06\/logo-patagonia-booking.png","width":80,"height":80,"caption":"Patagonia Booking"},"image":{"@id":"https:\/\/patagoniabooking.com\/#\/schema\/logo\/image\/"}}]},"product_price_amount":"15000.00","product_price_currency":"ARS","og_availability":"instock","product_availability":"instock","product_condition":"new"},"_links":{"self":[{"href":"https:\/\/patagoniabooking.com\/en\/wp-json\/wp\/v2\/product\/18","targetHints":{"allow":["GET"]}}],"collection":[{"href":"https:\/\/patagoniabooking.com\/en\/wp-json\/wp\/v2\/product"}],"about":[{"href":"https:\/\/patagoniabooking.com\/en\/wp-json\/wp\/v2\/types\/product"}],"replies":[{"embeddable":true,"href":"https:\/\/patagoniabooking.com\/en\/wp-json\/wp\/v2\/comments?post=18"}],"wp:featuredmedia":[{"embeddable":true,"href":"https:\/\/patagoniabooking.com\/en\/wp-json\/wp\/v2\/media\/378244"}],"wp:attachment":[{"href":"https:\/\/patagoniabooking.com\/en\/wp-json\/wp\/v2\/media?parent=18"}],"wp:term":[{"taxonomy":"product_brand","embeddable":true,"href":"https:\/\/patagoniabooking.com\/en\/wp-json\/wp\/v2\/product_brand?post=18"},{"taxonomy":"product_cat","embeddable":true,"href":"https:\/\/patagoniabooking.com\/en\/wp-json\/wp\/v2\/product_cat?post=18"},{"taxonomy":"product_tag","embeddable":true,"href":"https:\/\/patagoniabooking.com\/en\/wp-json\/wp\/v2\/product_tag?post=18"}],"curies":[{"name":"wp","href":"https:\/\/api.w.org\/{rel}","templated":true}]}}