{"id":12,"date":"2025-06-12T10:29:17","date_gmt":"2025-06-12T13:29:17","guid":{"rendered":"https:\/\/patagoniabooking.shop\/product\/vivencias-caminata-con-raquetas-y-sabores-regionales-refugio-neumeyer\/"},"modified":"2026-04-10T10:36:41","modified_gmt":"2026-04-10T13:36:41","slug":"vivencias-caminata-con-raquetas-y-sabores-regionales-refugio-neumeyer","status":"publish","type":"product","link":"https:\/\/patagoniabooking.com\/en\/product\/experiences-snowshoeing-and-regional-flavors-neumeyer-refuge\/","title":{"rendered":"Experiences: Hiking With Snowshoes And Regional Flavors - Neumeyer Refuge"},"content":{"rendered":"<h3 class=\"ai-optimize-7\" data-start=\"741\" data-end=\"771\">Outstanding Features<\/h3>\n<p class=\"ai-optimize-8 ai-optimize-introduction\" data-start=\"773\" data-end=\"1275\"><strong data-start=\"773\" data-end=\"803\">Proposal for the whole family:<\/strong> A pleasant hike with snowshoes on virgin snow, designed to be enjoyed by both adults and children.<br data-start=\"884\" data-end=\"887\" \/><strong data-start=\"887\" data-end=\"914\">Well Patagonian Flavors:<\/strong> Taste regional delicacies at the warm Refugio Neumeyer, the coziest corner of the valley.<br data-start=\"983\" data-end=\"986\" \/><strong data-start=\"986\" data-end=\"1012\">Snow Games Guaranteed:<\/strong> Go for a ride on a culipat\u00edn through safe circuits prepared for fun.<br data-start=\"1074\" data-end=\"1077\" \/><strong data-start=\"1077\" data-end=\"1102\">All Inclusive, No Worries:<\/strong> The package includes transfers from Bariloche, professional guides and all the necessary equipment.<br data-start=\"1173\" data-end=\"1176\" \/><strong data-start=\"1176\" data-end=\"1202\">Sights to fall in love with:<\/strong> Unique panoramic views of the Andes Mountains and the immense Patagonian steppe.<\/p>\n<h2 class=\"ai-optimize-9\" data-start=\"1282\" data-end=\"1327\">Connection with Nature, Relaxation and Joyful Moments<\/h2>\n<p class=\"ai-optimize-10\" data-start=\"1329\" data-end=\"1711\">The day starts with a comfortable transfer from your lodging in Bariloche to Refugio Neumeyer, just 20 km away in the Challhuaco Valley. There, the guides will take care of everything for your experience: get equipped and start the snowshoeing trip through the lenga forest, taking advantage of every break to savor the fresh air and take unforgettable pictures.<\/p>\n<p class=\"ai-optimize-11\" data-start=\"1713\" data-end=\"2088\">The hike ends at the Mirador del Valle, from where you can take the best Patagonian postcards of mountain and steppe. When you return to the refuge, a table with typical dishes awaits you, to relax in a comforting environment. The classic culipat\u00edn is the finishing touch: soft adrenaline, lots of laughs and memories that last, ideal for the whole family.<\/p>\n<h3 class=\"ai-optimize-12\" data-start=\"2095\" data-end=\"2125\">Frequently Asked Questions (FAQ)<\/h3>\n<p class=\"ai-optimize-13\" data-start=\"2127\" data-end=\"2328\"><strong data-start=\"2127\" data-end=\"2159\">What is contemplated in the proposal?<\/strong><br data-start=\"2159\" data-end=\"2162\" \/>Includes roundtrip transfers from Bariloche, guided snowshoe hike, full use of the lodge, regional menu with drinks, culipatines and free access to the slopes.<\/p>\n<p class=\"ai-optimize-14\" data-start=\"2330\" data-end=\"2492\"><strong data-start=\"2330\" data-end=\"2358\">Is it an activity designed for children?<\/strong><br data-start=\"2358\" data-end=\"2361\" \/>Of course: the tour is light and prepared to be enjoyed by children and grandparents.<\/p>\n<p class=\"ai-optimize-15\" data-start=\"2494\" data-end=\"2639\"><strong data-start=\"2494\" data-end=\"2558\">Is previous experience or physical training required?<\/strong><br data-start=\"2558\" data-end=\"2561\" \/>Nothing of the sort: it is an outlet designed for anyone in normal health.<\/p>\n<p class=\"ai-optimize-16\" data-start=\"2641\" data-end=\"2749\"><strong data-start=\"2641\" data-end=\"2662\">What to bring?<\/strong><br data-start=\"2662\" data-end=\"2665\" \/>Warm clothing, waterproof footwear, hat, gloves and snow gear.<\/p>\n<p class=\"ai-optimize-23\" data-start=\"2641\" data-end=\"2749\"><strong>Important Notice<\/strong>This tour is now available for pre-booking. Departures operate from June 15 to August 20, subject to seasonal calendar.<\/p>","protected":false},"excerpt":{"rendered":"<p class=\"ai-optimize-6\">Experience the charm of the Challhuaco Valley in a proposal designed for those who want to connect with nature, enjoy the adventure at a calm pace and share unique moments. Walk through trails among snow-covered trees using snowshoes, taste typical products of the area in a cozy shelter and have fun sliding on a skateboard on the snow. Perfect for families, couples or friends who want to enjoy the winter without great physical challenges.<\/p>","protected":false},"featured_media":377873,"comment_status":"open","ping_status":"closed","template":"","meta":[],"product_brand":[],"product_cat":[26,28,29,30,31,33,37,45],"product_tag":[],"class_list":{"0":"post-12","1":"product","2":"type-product","3":"status-publish","4":"has-post-thumbnail","6":"product_cat-adultos","7":"product_cat-aventura","8":"product_cat-con-comida","9":"product_cat-con-traslado","10":"product_cat-familia","11":"product_cat-invierno","12":"product_cat-ninos","13":"product_cat-terrestre","15":"first","16":"instock","17":"virtual","18":"sold-individually","19":"purchasable","20":"product-type-booking"},"booking_location":"","booking_location_type":"","booking_duration":1,"booking_duration_unit":"hour","booking_buffer":0,"booking_cost":0,"booking_resources":[],"exclude_global_add_ons":false,"addons":[{"name":"ADU | Adult","type":"input_multiplier","position":0,"required":false,"title_format":"label","default":"","description_enable":false,"description":"","placeholder_enable":false,"placeholder":"","display":"select","restrictions_type":"any_text","adjust_price":true,"price":"264000","price_type":"quantity_based","restrictions":false,"min":"0","max":"0","options":[],"id":1775749018},{"name":"MEN412 | From 4 to 12","type":"input_multiplier","position":1,"required":false,"title_format":"label","default":"","description_enable":false,"description":"","placeholder_enable":false,"placeholder":"","display":"select","restrictions_type":"any_text","adjust_price":true,"price":"222000","price_type":"quantity_based","restrictions":false,"min":"0","max":"0","options":[],"id":1775749019}],"yoast_head":"<!-- This site is optimized with the Yoast SEO Premium plugin v25.2 (Yoast SEO v25.2) - https:\/\/yoast.com\/wordpress\/plugins\/seo\/ -->\n<title>Vivencias: Caminata Con Raquetas Y Sabores Regionales-Refugio Neumeyer - Patagonia Booking<\/title>\n<meta name=\"robots\" content=\"index, follow, max-snippet:-1, max-image-preview:large, max-video-preview:-1\" \/>\n<link rel=\"canonical\" href=\"https:\/\/patagoniabooking.com\/en\/product\/experiences-snowshoeing-and-regional-flavors-neumeyer-refuge\/\" \/>\n<meta property=\"og:locale\" content=\"en_US\" \/>\n<meta property=\"og:type\" content=\"article\" \/>\n<meta property=\"og:title\" content=\"Vivencias: Caminata Con Raquetas Y Sabores Regionales-Refugio Neumeyer\" \/>\n<meta property=\"og:description\" content=\"Viv\u00ed el encanto del Valle del Challhuaco en una propuesta dise\u00f1ada para quienes desean conectar con la naturaleza, disfrutar de la aventura a ritmo tranquilo y compartir instantes \u00fanicos. Recorr\u00e9 senderos entre \u00e1rboles cubiertos de nieve usando raquetas, sabore\u00e1 productos t\u00edpicos de la zona en un refugio acogedor y divertite desliz\u00e1ndote en culipat\u00edn sobre la nieve. Perfecto para familias, parejas o amigos que quieren aprovechar el invierno sin grandes desaf\u00edos f\u00edsicos.\" \/>\n<meta property=\"og:url\" content=\"https:\/\/patagoniabooking.com\/en\/product\/experiences-snowshoeing-and-regional-flavors-neumeyer-refuge\/\" \/>\n<meta property=\"og:site_name\" content=\"Patagonia Booking\" \/>\n<meta property=\"article:modified_time\" content=\"2026-04-10T13:36:41+00:00\" \/>\n<meta property=\"og:image\" content=\"https:\/\/patagoniabooking.com\/wp-content\/uploads\/sites\/2\/2025\/06\/4-A-Screen-Shot-2018-08-22-at-3-copia-2.jpg\" \/>\n\t<meta property=\"og:image:width\" content=\"992\" \/>\n\t<meta property=\"og:image:height\" content=\"1323\" \/>\n\t<meta property=\"og:image:type\" content=\"image\/jpeg\" \/>\n<meta name=\"twitter:card\" content=\"summary_large_image\" \/>\n<meta name=\"twitter:label1\" content=\"Price\" \/>\n\t<meta name=\"twitter:data1\" content=\"&#036;264,000.00\" \/>\n\t<meta name=\"twitter:label2\" content=\"Availability\" \/>\n\t<meta name=\"twitter:data2\" content=\"In stock\" \/>\n<script type=\"application\/ld+json\" class=\"yoast-schema-graph\">{\"@context\":\"https:\/\/schema.org\",\"@graph\":[{\"@type\":\"WebPage\",\"@id\":\"https:\/\/patagoniabooking.com\/product\/vivencias-caminata-con-raquetas-y-sabores-regionales-refugio-neumeyer\/\",\"url\":\"https:\/\/patagoniabooking.com\/product\/vivencias-caminata-con-raquetas-y-sabores-regionales-refugio-neumeyer\/\",\"name\":\"Vivencias: Caminata Con Raquetas Y Sabores Regionales-Refugio Neumeyer - Patagonia Booking\",\"isPartOf\":{\"@id\":\"https:\/\/patagoniabooking.com\/#website\"},\"primaryImageOfPage\":{\"@id\":\"https:\/\/patagoniabooking.com\/product\/vivencias-caminata-con-raquetas-y-sabores-regionales-refugio-neumeyer\/#primaryimage\"},\"image\":{\"@id\":\"https:\/\/patagoniabooking.com\/product\/vivencias-caminata-con-raquetas-y-sabores-regionales-refugio-neumeyer\/#primaryimage\"},\"thumbnailUrl\":\"https:\/\/patagoniabooking.com\/wp-content\/uploads\/sites\/2\/2025\/06\/4-A-Screen-Shot-2018-08-22-at-3-copia-2.jpg\",\"datePublished\":\"2025-06-12T13:29:17+00:00\",\"dateModified\":\"2026-04-10T13:36:41+00:00\",\"breadcrumb\":{\"@id\":\"https:\/\/patagoniabooking.com\/product\/vivencias-caminata-con-raquetas-y-sabores-regionales-refugio-neumeyer\/#breadcrumb\"},\"inLanguage\":\"en-US\",\"potentialAction\":[{\"@type\":\"ReadAction\",\"target\":[\"https:\/\/patagoniabooking.com\/product\/vivencias-caminata-con-raquetas-y-sabores-regionales-refugio-neumeyer\/\"]}]},{\"@type\":\"ImageObject\",\"inLanguage\":\"en-US\",\"@id\":\"https:\/\/patagoniabooking.com\/product\/vivencias-caminata-con-raquetas-y-sabores-regionales-refugio-neumeyer\/#primaryimage\",\"url\":\"https:\/\/patagoniabooking.com\/wp-content\/uploads\/sites\/2\/2025\/06\/4-A-Screen-Shot-2018-08-22-at-3-copia-2.jpg\",\"contentUrl\":\"https:\/\/patagoniabooking.com\/wp-content\/uploads\/sites\/2\/2025\/06\/4-A-Screen-Shot-2018-08-22-at-3-copia-2.jpg\",\"width\":992,\"height\":1323},{\"@type\":\"BreadcrumbList\",\"@id\":\"https:\/\/patagoniabooking.com\/product\/vivencias-caminata-con-raquetas-y-sabores-regionales-refugio-neumeyer\/#breadcrumb\",\"itemListElement\":[{\"@type\":\"ListItem\",\"position\":1,\"name\":\"Inicio\",\"item\":\"https:\/\/patagoniabooking.com\/\"},{\"@type\":\"ListItem\",\"position\":2,\"name\":\"Lista de excursiones\",\"item\":\"https:\/\/patagoniabooking.com\/shop\/\"},{\"@type\":\"ListItem\",\"position\":3,\"name\":\"Vivencias: Caminata Con Raquetas Y Sabores Regionales-Refugio Neumeyer\"}]},{\"@type\":\"WebSite\",\"@id\":\"https:\/\/patagoniabooking.com\/#website\",\"url\":\"https:\/\/patagoniabooking.com\/\",\"name\":\"Patagonia Booking\",\"description\":\"\",\"publisher\":{\"@id\":\"https:\/\/patagoniabooking.com\/#organization\"},\"potentialAction\":[{\"@type\":\"SearchAction\",\"target\":{\"@type\":\"EntryPoint\",\"urlTemplate\":\"https:\/\/patagoniabooking.com\/?s={search_term_string}\"},\"query-input\":{\"@type\":\"PropertyValueSpecification\",\"valueRequired\":true,\"valueName\":\"search_term_string\"}}],\"inLanguage\":\"en-US\"},{\"@type\":\"Organization\",\"@id\":\"https:\/\/patagoniabooking.com\/#organization\",\"name\":\"Patagonia Booking\",\"url\":\"https:\/\/patagoniabooking.com\/\",\"logo\":{\"@type\":\"ImageObject\",\"inLanguage\":\"en-US\",\"@id\":\"https:\/\/patagoniabooking.com\/#\/schema\/logo\/image\/\",\"url\":\"https:\/\/patagoniabooking.com\/wp-content\/uploads\/sites\/2\/2025\/06\/logo-patagonia-booking.png\",\"contentUrl\":\"https:\/\/patagoniabooking.com\/wp-content\/uploads\/sites\/2\/2025\/06\/logo-patagonia-booking.png\",\"width\":80,\"height\":80,\"caption\":\"Patagonia Booking\"},\"image\":{\"@id\":\"https:\/\/patagoniabooking.com\/#\/schema\/logo\/image\/\"}}]}<\/script>\n<meta property=\"product:price:amount\" content=\"264000.00\" \/>\n<meta property=\"product:price:currency\" content=\"ARS\" \/>\n<meta property=\"og:availability\" content=\"instock\" \/>\n<meta property=\"product:availability\" content=\"instock\" \/>\n<meta property=\"product:retailer_item_id\" content=\"ADV2025VIENREK3Z9\" \/>\n<meta property=\"product:condition\" content=\"new\" \/>\n<!-- \/ Yoast SEO Premium plugin. -->","yoast_head_json":{"title":"Experiences: Snowshoeing and Regional Flavors-Refugio Neumeyer - Patagonia Booking","robots":{"index":"index","follow":"follow","max-snippet":"max-snippet:-1","max-image-preview":"max-image-preview:large","max-video-preview":"max-video-preview:-1"},"canonical":"https:\/\/patagoniabooking.com\/en\/product\/experiences-snowshoeing-and-regional-flavors-neumeyer-refuge\/","og_locale":"en_US","og_type":"article","og_title":"Vivencias: Caminata Con Raquetas Y Sabores Regionales-Refugio Neumeyer","og_description":"Viv\u00ed el encanto del Valle del Challhuaco en una propuesta dise\u00f1ada para quienes desean conectar con la naturaleza, disfrutar de la aventura a ritmo tranquilo y compartir instantes \u00fanicos. Recorr\u00e9 senderos entre \u00e1rboles cubiertos de nieve usando raquetas, sabore\u00e1 productos t\u00edpicos de la zona en un refugio acogedor y divertite desliz\u00e1ndote en culipat\u00edn sobre la nieve. Perfecto para familias, parejas o amigos que quieren aprovechar el invierno sin grandes desaf\u00edos f\u00edsicos.","og_url":"https:\/\/patagoniabooking.com\/en\/product\/experiences-snowshoeing-and-regional-flavors-neumeyer-refuge\/","og_site_name":"Patagonia Booking","article_modified_time":"2026-04-10T13:36:41+00:00","og_image":[{"width":992,"height":1323,"url":"https:\/\/patagoniabooking.com\/wp-content\/uploads\/sites\/2\/2025\/06\/4-A-Screen-Shot-2018-08-22-at-3-copia-2.jpg","type":"image\/jpeg"}],"twitter_card":"summary_large_image","twitter_misc":{"Price":"&#36;264,000.00","Availability":"In stock"},"schema":{"@context":"https:\/\/schema.org","@graph":[{"@type":"WebPage","@id":"https:\/\/patagoniabooking.com\/product\/vivencias-caminata-con-raquetas-y-sabores-regionales-refugio-neumeyer\/","url":"https:\/\/patagoniabooking.com\/product\/vivencias-caminata-con-raquetas-y-sabores-regionales-refugio-neumeyer\/","name":"Experiences: Snowshoeing and Regional Flavors-Refugio Neumeyer - Patagonia Booking","isPartOf":{"@id":"https:\/\/patagoniabooking.com\/#website"},"primaryImageOfPage":{"@id":"https:\/\/patagoniabooking.com\/product\/vivencias-caminata-con-raquetas-y-sabores-regionales-refugio-neumeyer\/#primaryimage"},"image":{"@id":"https:\/\/patagoniabooking.com\/product\/vivencias-caminata-con-raquetas-y-sabores-regionales-refugio-neumeyer\/#primaryimage"},"thumbnailUrl":"https:\/\/patagoniabooking.com\/wp-content\/uploads\/sites\/2\/2025\/06\/4-A-Screen-Shot-2018-08-22-at-3-copia-2.jpg","datePublished":"2025-06-12T13:29:17+00:00","dateModified":"2026-04-10T13:36:41+00:00","breadcrumb":{"@id":"https:\/\/patagoniabooking.com\/product\/vivencias-caminata-con-raquetas-y-sabores-regionales-refugio-neumeyer\/#breadcrumb"},"inLanguage":"en-US","potentialAction":[{"@type":"ReadAction","target":["https:\/\/patagoniabooking.com\/product\/vivencias-caminata-con-raquetas-y-sabores-regionales-refugio-neumeyer\/"]}]},{"@type":"ImageObject","inLanguage":"en-US","@id":"https:\/\/patagoniabooking.com\/product\/vivencias-caminata-con-raquetas-y-sabores-regionales-refugio-neumeyer\/#primaryimage","url":"https:\/\/patagoniabooking.com\/wp-content\/uploads\/sites\/2\/2025\/06\/4-A-Screen-Shot-2018-08-22-at-3-copia-2.jpg","contentUrl":"https:\/\/patagoniabooking.com\/wp-content\/uploads\/sites\/2\/2025\/06\/4-A-Screen-Shot-2018-08-22-at-3-copia-2.jpg","width":992,"height":1323},{"@type":"BreadcrumbList","@id":"https:\/\/patagoniabooking.com\/product\/vivencias-caminata-con-raquetas-y-sabores-regionales-refugio-neumeyer\/#breadcrumb","itemListElement":[{"@type":"ListItem","position":1,"name":"Inicio","item":"https:\/\/patagoniabooking.com\/"},{"@type":"ListItem","position":2,"name":"Lista de excursiones","item":"https:\/\/patagoniabooking.com\/shop\/"},{"@type":"ListItem","position":3,"name":"Vivencias: Caminata Con Raquetas Y Sabores Regionales-Refugio Neumeyer"}]},{"@type":"WebSite","@id":"https:\/\/patagoniabooking.com\/#website","url":"https:\/\/patagoniabooking.com\/","name":"Patagonia Booking","description":"","publisher":{"@id":"https:\/\/patagoniabooking.com\/#organization"},"potentialAction":[{"@type":"SearchAction","target":{"@type":"EntryPoint","urlTemplate":"https:\/\/patagoniabooking.com\/?s={search_term_string}"},"query-input":{"@type":"PropertyValueSpecification","valueRequired":true,"valueName":"search_term_string"}}],"inLanguage":"en-US"},{"@type":"Organization","@id":"https:\/\/patagoniabooking.com\/#organization","name":"Patagonia Booking","url":"https:\/\/patagoniabooking.com\/","logo":{"@type":"ImageObject","inLanguage":"en-US","@id":"https:\/\/patagoniabooking.com\/#\/schema\/logo\/image\/","url":"https:\/\/patagoniabooking.com\/wp-content\/uploads\/sites\/2\/2025\/06\/logo-patagonia-booking.png","contentUrl":"https:\/\/patagoniabooking.com\/wp-content\/uploads\/sites\/2\/2025\/06\/logo-patagonia-booking.png","width":80,"height":80,"caption":"Patagonia Booking"},"image":{"@id":"https:\/\/patagoniabooking.com\/#\/schema\/logo\/image\/"}}]},"product_price_amount":"264000.00","product_price_currency":"ARS","og_availability":"instock","product_availability":"instock","product_retailer_item_id":"ADV2025VIENREK3Z9","product_condition":"new"},"_links":{"self":[{"href":"https:\/\/patagoniabooking.com\/en\/wp-json\/wp\/v2\/product\/12","targetHints":{"allow":["GET"]}}],"collection":[{"href":"https:\/\/patagoniabooking.com\/en\/wp-json\/wp\/v2\/product"}],"about":[{"href":"https:\/\/patagoniabooking.com\/en\/wp-json\/wp\/v2\/types\/product"}],"replies":[{"embeddable":true,"href":"https:\/\/patagoniabooking.com\/en\/wp-json\/wp\/v2\/comments?post=12"}],"wp:featuredmedia":[{"embeddable":true,"href":"https:\/\/patagoniabooking.com\/en\/wp-json\/wp\/v2\/media\/377873"}],"wp:attachment":[{"href":"https:\/\/patagoniabooking.com\/en\/wp-json\/wp\/v2\/media?parent=12"}],"wp:term":[{"taxonomy":"product_brand","embeddable":true,"href":"https:\/\/patagoniabooking.com\/en\/wp-json\/wp\/v2\/product_brand?post=12"},{"taxonomy":"product_cat","embeddable":true,"href":"https:\/\/patagoniabooking.com\/en\/wp-json\/wp\/v2\/product_cat?post=12"},{"taxonomy":"product_tag","embeddable":true,"href":"https:\/\/patagoniabooking.com\/en\/wp-json\/wp\/v2\/product_tag?post=12"}],"curies":[{"name":"wp","href":"https:\/\/api.w.org\/{rel}","templated":true}]}}